{"id":1356,"date":"2019-08-23T13:29:40","date_gmt":"2019-08-23T11:29:40","guid":{"rendered":"https:\/\/labarraca1912.es\/?page_id=1356"},"modified":"2026-02-23T18:29:36","modified_gmt":"2026-02-23T17:29:36","slug":"catalogos-2","status":"publish","type":"page","link":"https:\/\/labarraca1912.es\/en\/catalogos-2\/","title":{"rendered":"Catalogs"},"content":{"rendered":"<p>[et_pb_section fb_built=\u00bb1&#8243; theme_builder_area=\u00bbpost_content\u00bb _builder_version=\u00bb4.27.5&#8243; _module_preset=\u00bbdefault\u00bb title_text=\u00bbPORTADACAT\u00c1LOGOS\u00bb background_image=\u00bbhttps:\/\/labarraca1912.es\/wp-content\/uploads\/PORTADACATALOGOS-scaled.jpg\u00bb hover_enabled=\u00bb0&#8243; sticky_enabled=\u00bb0&#8243; width=\u00bb100%\u00bb max_width=\u00bb100%\u00bb min_height=\u00bb534px\u00bb][\/et_pb_section][et_pb_section fb_built=\u00bb1&#8243; theme_builder_area=\u00bbpost_content\u00bb _builder_version=\u00bb4.27.5&#8243; _module_preset=\u00bbdefault\u00bb min_height=\u00bb296px\u00bb][et_pb_row _builder_version=\u00bb4.16&#8243; background_image=\u00bbhttps:\/\/labarraca1912.es\/wp-content\/uploads\/2021\/01\/CatalogoSpanish.jpg\u00bb background_position=\u00bbbottom_right\u00bb module_alignment=\u00bbcenter\u00bb min_height=\u00bb151px\u00bb custom_margin=\u00bb|392px|44px|392px||true\u00bb custom_padding=\u00bb25px||27px|25px||\u00bb animation_style=\u00bbslide\u00bb animation_direction=\u00bbbottom\u00bb animation_duration=\u00bb1500ms\u00bb box_shadow_style=\u00bbpreset3&#8243; saved_tabs=\u00bball\u00bb global_colors_info=\u00bb{}\u00bb theme_builder_area=\u00bbpost_content\u00bb][et_pb_column type=\u00bb4_4&#8243; _builder_version=\u00bb4.16&#8243; global_colors_info=\u00bb{}\u00bb theme_builder_area=\u00bbpost_content\u00bb][et_pb_text _builder_version=\u00bb4.16&#8243; width=\u00bb64.1%\u00bb min_height=\u00bb57px\u00bb custom_margin=\u00bb|75px|-20px|||\u00bb animation_style=\u00bbfade\u00bb animation_duration=\u00bb1500ms\u00bb global_colors_info=\u00bb{}\u00bb theme_builder_area=\u00bbpost_content\u00bb]<\/p>\n<h1><strong>Cat\u00e1logo\u00a0<\/strong><strong>de Productos<\/strong><\/h1>\n<p>[\/et_pb_text][et_pb_button button_url=\u00bbhttps:\/\/labarraca1912.es\/wp-content\/uploads\/Catalogo-2026-La-Barraca-Alimentacion.pdf\u00bb button_text=\u00bbDESCARGAR\u00bb _builder_version=\u00bb4.27.5&#8243; _module_preset=\u00bbdefault\u00bb custom_button=\u00bbon\u00bb button_text_color=\u00bb#ffffff\u00bb button_bg_color=\u00bb#252525&#8243; background_layout=\u00bbdark\u00bb custom_margin=\u00bb17px||-3px|||\u00bb custom_padding=\u00bb6px|||||\u00bb hover_enabled=\u00bb0&#8243; box_shadow_style=\u00bbpreset1&#8243; global_colors_info=\u00bb{}\u00bb theme_builder_area=\u00bbpost_content\u00bb sticky_enabled=\u00bb0&#8243;][\/et_pb_button][et_pb_image src=\u00bbhttps:\/\/labarraca1912.es\/wp-content\/uploads\/2021\/01\/Espana.png\u00bb title_text=\u00bbEspa\u00f1a\u00bb _builder_version=\u00bb4.16&#8243; _module_preset=\u00bbdefault\u00bb width=\u00bb100%\u00bb min_height=\u00bb62px\u00bb height=\u00bb100px\u00bb max_height=\u00bb1000px\u00bb custom_margin=\u00bb||2px|||\u00bb custom_padding=\u00bb5px|||||\u00bb global_colors_info=\u00bb{}\u00bb theme_builder_area=\u00bbpost_content\u00bb][\/et_pb_image][\/et_pb_column][\/et_pb_row][et_pb_row _builder_version=\u00bb4.16&#8243; background_image=\u00bbhttps:\/\/labarraca1912.es\/wp-content\/uploads\/2021\/01\/CatalogoSpanish.jpg\u00bb background_position=\u00bbbottom_right\u00bb module_alignment=\u00bbcenter\u00bb min_height=\u00bb151px\u00bb custom_margin=\u00bb|392px|44px|392px||true\u00bb custom_padding=\u00bb25px||27px|25px||\u00bb animation_style=\u00bbslide\u00bb animation_direction=\u00bbbottom\u00bb animation_duration=\u00bb1500ms\u00bb box_shadow_style=\u00bbpreset3&#8243; saved_tabs=\u00bball\u00bb global_colors_info=\u00bb{}\u00bb theme_builder_area=\u00bbpost_content\u00bb][et_pb_column type=\u00bb4_4&#8243; _builder_version=\u00bb4.16&#8243; global_colors_info=\u00bb{}\u00bb theme_builder_area=\u00bbpost_content\u00bb][et_pb_text _builder_version=\u00bb4.27.5&#8243; width=\u00bb64.1%\u00bb min_height=\u00bb57px\u00bb custom_margin=\u00bb|75px|-20px|||\u00bb animation_style=\u00bbfade\u00bb animation_duration=\u00bb1500ms\u00bb hover_enabled=\u00bb0&#8243; global_colors_info=\u00bb{}\u00bb theme_builder_area=\u00bbpost_content\u00bb sticky_enabled=\u00bb0&#8243;]<\/p>\n<h1><strong>Cat\u00e1logo\u00a0<\/strong><strong>de Produtos<\/strong><\/h1>\n<p>[\/et_pb_text][et_pb_button button_url=\u00bbhttps:\/\/labarraca1912.es\/wp-content\/uploads\/Catalogo-2026-La-Barraca-Alimentacion-PORTUGUES.pdf\u00bb button_text=\u00bbDESCARGA\u00bb _builder_version=\u00bb4.27.5&#8243; _module_preset=\u00bbdefault\u00bb custom_button=\u00bbon\u00bb button_text_color=\u00bb#ffffff\u00bb button_bg_color=\u00bb#252525&#8243; background_layout=\u00bbdark\u00bb custom_margin=\u00bb17px||-3px|||\u00bb custom_padding=\u00bb6px|||||\u00bb hover_enabled=\u00bb0&#8243; box_shadow_style=\u00bbpreset1&#8243; global_colors_info=\u00bb{}\u00bb theme_builder_area=\u00bbpost_content\u00bb sticky_enabled=\u00bb0&#8243;][\/et_pb_button][et_pb_image src=\u00bbhttps:\/\/labarraca1912.es\/wp-content\/uploads\/2021\/01\/Portugal.png\u00bb title_text=\u00bbPortugal\u00bb _builder_version=\u00bb4.27.5&#8243; _module_preset=\u00bbdefault\u00bb width=\u00bb100%\u00bb min_height=\u00bb62px\u00bb height=\u00bb100px\u00bb max_height=\u00bb1000px\u00bb custom_margin=\u00bb||2px|||\u00bb custom_padding=\u00bb5px|||||\u00bb hover_enabled=\u00bb0&#8243; global_colors_info=\u00bb{}\u00bb theme_builder_area=\u00bbpost_content\u00bb sticky_enabled=\u00bb0&#8243;][\/et_pb_image][\/et_pb_column][\/et_pb_row][et_pb_row _builder_version=\u00bb4.16&#8243; background_image=\u00bbhttps:\/\/labarraca1912.es\/wp-content\/uploads\/2021\/01\/CatalogoSpanish.jpg\u00bb background_position=\u00bbbottom_right\u00bb module_alignment=\u00bbcenter\u00bb min_height=\u00bb151px\u00bb custom_margin=\u00bb|392px|44px|392px||true\u00bb custom_padding=\u00bb25px||27px|25px||\u00bb animation_style=\u00bbslide\u00bb animation_direction=\u00bbbottom\u00bb animation_duration=\u00bb1500ms\u00bb box_shadow_style=\u00bbpreset3&#8243; saved_tabs=\u00bball\u00bb global_colors_info=\u00bb{}\u00bb theme_builder_area=\u00bbpost_content\u00bb][et_pb_column type=\u00bb4_4&#8243; _builder_version=\u00bb4.16&#8243; global_colors_info=\u00bb{}\u00bb theme_builder_area=\u00bbpost_content\u00bb][et_pb_text _builder_version=\u00bb4.27.5&#8243; width=\u00bb64.1%\u00bb min_height=\u00bb57px\u00bb custom_margin=\u00bb|75px|-20px|||\u00bb animation_style=\u00bbfade\u00bb animation_duration=\u00bb1500ms\u00bb hover_enabled=\u00bb0&#8243; global_colors_info=\u00bb{}\u00bb theme_builder_area=\u00bbpost_content\u00bb sticky_enabled=\u00bb0&#8243;]<\/p>\n<h1><strong>Product Catalog<\/strong><\/h1>\n<p>[\/et_pb_text][et_pb_button button_url=\u00bbhttps:\/\/labarraca1912.es\/wp-content\/uploads\/Catalogo-2026-La-Barraca-Alimentacion-INGLES.pdf\u00bb button_text=\u00bbDOWNLOAD\u00bb _builder_version=\u00bb4.27.5&#8243; _module_preset=\u00bbdefault\u00bb custom_button=\u00bbon\u00bb button_text_color=\u00bb#ffffff\u00bb button_bg_color=\u00bb#252525&#8243; background_layout=\u00bbdark\u00bb custom_margin=\u00bb17px||-3px|||\u00bb custom_padding=\u00bb6px|||||\u00bb hover_enabled=\u00bb0&#8243; box_shadow_style=\u00bbpreset1&#8243; global_colors_info=\u00bb{}\u00bb theme_builder_area=\u00bbpost_content\u00bb sticky_enabled=\u00bb0&#8243;][\/et_pb_button][et_pb_image src=\u00bbhttps:\/\/labarraca1912.es\/wp-content\/uploads\/2021\/01\/UK.png\u00bb title_text=\u00bbUK\u00bb _builder_version=\u00bb4.27.5&#8243; _module_preset=\u00bbdefault\u00bb width=\u00bb100%\u00bb min_height=\u00bb62px\u00bb height=\u00bb100px\u00bb max_height=\u00bb1000px\u00bb custom_margin=\u00bb||2px|||\u00bb custom_padding=\u00bb5px|||||\u00bb hover_enabled=\u00bb0&#8243; global_colors_info=\u00bb{}\u00bb theme_builder_area=\u00bbpost_content\u00bb sticky_enabled=\u00bb0&#8243;][\/et_pb_image][\/et_pb_column][\/et_pb_row][et_pb_row _builder_version=\u00bb4.16&#8243; background_image=\u00bbhttps:\/\/labarraca1912.es\/wp-content\/uploads\/2021\/01\/CatalogoSpanish.jpg\u00bb background_position=\u00bbbottom_right\u00bb module_alignment=\u00bbcenter\u00bb min_height=\u00bb151px\u00bb custom_margin=\u00bb|392px|44px|392px||true\u00bb custom_padding=\u00bb25px||27px|25px||\u00bb animation_style=\u00bbslide\u00bb animation_direction=\u00bbbottom\u00bb animation_duration=\u00bb1500ms\u00bb box_shadow_style=\u00bbpreset3&#8243; saved_tabs=\u00bball\u00bb global_colors_info=\u00bb{}\u00bb theme_builder_area=\u00bbpost_content\u00bb][et_pb_column type=\u00bb4_4&#8243; _builder_version=\u00bb4.16&#8243; global_colors_info=\u00bb{}\u00bb theme_builder_area=\u00bbpost_content\u00bb][et_pb_text _builder_version=\u00bb4.27.5&#8243; width=\u00bb64.1%\u00bb min_height=\u00bb57px\u00bb custom_margin=\u00bb|75px|-20px|||\u00bb animation_style=\u00bbfade\u00bb animation_duration=\u00bb1500ms\u00bb hover_enabled=\u00bb0&#8243; global_colors_info=\u00bb{}\u00bb theme_builder_area=\u00bbpost_content\u00bb sticky_enabled=\u00bb0&#8243;]<\/p>\n<h1><strong>Catalogue de Produits<\/strong><\/h1>\n<p>[\/et_pb_text][et_pb_button button_url=\u00bbhttps:\/\/labarraca1912.es\/wp-content\/uploads\/Catalogo-2026-La-Barraca-Alimentacion-FRANCES.pdf\u00bb button_text=\u00bbT\u00c9L\u00c9CHARGER\u00bb _builder_version=\u00bb4.27.5&#8243; _module_preset=\u00bbdefault\u00bb custom_button=\u00bbon\u00bb button_text_color=\u00bb#ffffff\u00bb button_bg_color=\u00bb#252525&#8243; background_layout=\u00bbdark\u00bb custom_margin=\u00bb17px||-3px|||\u00bb custom_padding=\u00bb6px|||||\u00bb hover_enabled=\u00bb0&#8243; box_shadow_style=\u00bbpreset1&#8243; global_colors_info=\u00bb{}\u00bb theme_builder_area=\u00bbpost_content\u00bb sticky_enabled=\u00bb0&#8243;][\/et_pb_button][et_pb_image src=\u00bbhttps:\/\/labarraca1912.es\/wp-content\/uploads\/2021\/01\/France.png\u00bb title_text=\u00bbFrance\u00bb _builder_version=\u00bb4.27.5&#8243; _module_preset=\u00bbdefault\u00bb width=\u00bb100%\u00bb min_height=\u00bb62px\u00bb height=\u00bb100px\u00bb max_height=\u00bb1000px\u00bb custom_margin=\u00bb||2px|||\u00bb custom_padding=\u00bb5px|||||\u00bb hover_enabled=\u00bb0&#8243; global_colors_info=\u00bb{}\u00bb theme_builder_area=\u00bbpost_content\u00bb sticky_enabled=\u00bb0&#8243;][\/et_pb_image][\/et_pb_column][\/et_pb_row][et_pb_row _builder_version=\u00bb4.16&#8243; background_image=\u00bbhttps:\/\/labarraca1912.es\/wp-content\/uploads\/2021\/01\/CatalogoSpanish.jpg\u00bb background_position=\u00bbbottom_right\u00bb module_alignment=\u00bbcenter\u00bb min_height=\u00bb151px\u00bb custom_margin=\u00bb|392px|44px|392px||true\u00bb custom_padding=\u00bb25px||27px|25px||\u00bb animation_style=\u00bbslide\u00bb animation_direction=\u00bbbottom\u00bb animation_duration=\u00bb1500ms\u00bb box_shadow_style=\u00bbpreset3&#8243; saved_tabs=\u00bball\u00bb global_colors_info=\u00bb{}\u00bb theme_builder_area=\u00bbpost_content\u00bb][et_pb_column type=\u00bb4_4&#8243; _builder_version=\u00bb4.16&#8243; global_colors_info=\u00bb{}\u00bb theme_builder_area=\u00bbpost_content\u00bb][et_pb_text _builder_version=\u00bb4.27.5&#8243; width=\u00bb64.1%\u00bb min_height=\u00bb57px\u00bb custom_margin=\u00bb|75px|-20px|||\u00bb animation_style=\u00bbfade\u00bb animation_duration=\u00bb1500ms\u00bb hover_enabled=\u00bb0&#8243; global_colors_info=\u00bb{}\u00bb theme_builder_area=\u00bbpost_content\u00bb sticky_enabled=\u00bb0&#8243;]<\/p>\n<h1><strong>Produktkatalog<\/strong><\/h1>\n<p>[\/et_pb_text][et_pb_button button_url=\u00bbhttps:\/\/labarraca1912.es\/wp-content\/uploads\/Catalogo-2026-La-Barraca-Alimentacion-ALEMAN.pdf\u00bb button_text=\u00bbHERUNTERLADEN\u00bb _builder_version=\u00bb4.27.5&#8243; _module_preset=\u00bbdefault\u00bb custom_button=\u00bbon\u00bb button_text_color=\u00bb#ffffff\u00bb button_bg_color=\u00bb#252525&#8243; background_layout=\u00bbdark\u00bb custom_margin=\u00bb17px||-3px|||\u00bb custom_padding=\u00bb6px|||||\u00bb hover_enabled=\u00bb0&#8243; box_shadow_style=\u00bbpreset1&#8243; global_colors_info=\u00bb{}\u00bb theme_builder_area=\u00bbpost_content\u00bb sticky_enabled=\u00bb0&#8243;][\/et_pb_button][et_pb_image src=\u00bbhttps:\/\/labarraca1912.es\/wp-content\/uploads\/2021\/01\/Germany.png\u00bb title_text=\u00bbGermany\u00bb _builder_version=\u00bb4.27.5&#8243; _module_preset=\u00bbdefault\u00bb width=\u00bb100%\u00bb min_height=\u00bb62px\u00bb height=\u00bb100px\u00bb max_height=\u00bb1000px\u00bb custom_margin=\u00bb||2px|||\u00bb custom_padding=\u00bb5px|||||\u00bb hover_enabled=\u00bb0&#8243; global_colors_info=\u00bb{}\u00bb theme_builder_area=\u00bbpost_content\u00bb sticky_enabled=\u00bb0&#8243;][\/et_pb_image][\/et_pb_column][\/et_pb_row][\/et_pb_section]<\/p>\n","protected":false},"excerpt":{"rendered":"<p>Cat\u00e1logo\u00a0de ProductosCat\u00e1logo\u00a0de ProdutosProduct CatalogCatalogue de ProduitsProduktkatalog<\/p>","protected":false},"author":2,"featured_media":0,"parent":0,"menu_order":0,"comment_status":"closed","ping_status":"closed","template":"","meta":{"_et_pb_use_builder":"on","_et_pb_old_content":"<!-- wp:divi\/placeholder \/-->","_et_gb_content_width":"","footnotes":""},"class_list":["post-1356","page","type-page","status-publish","hentry"],"yoast_head":"<!-- This site is optimized with the Yoast SEO plugin v27.4 - https:\/\/yoast.com\/product\/yoast-seo-wordpress\/ -->\n<title>Cat\u00e1logos La Barraca Alimentaci\u00f3n<\/title>\n<meta name=\"description\" content=\"Descarga los cat\u00e1logos de productos de La Barraca disponibles en varios idiomas y descubre nuestra amplia gama de especias y condimentos.\" \/>\n<meta name=\"robots\" content=\"index, follow, max-snippet:-1, max-image-preview:large, max-video-preview:-1\" \/>\n<link rel=\"canonical\" href=\"https:\/\/labarraca1912.es\/en\/catalogos-2\/\" \/>\n<meta property=\"og:locale\" content=\"en_GB\" \/>\n<meta property=\"og:type\" content=\"article\" \/>\n<meta property=\"og:title\" content=\"Cat\u00e1logos La Barraca Alimentaci\u00f3n\" \/>\n<meta property=\"og:description\" content=\"Descarga los cat\u00e1logos de productos de La Barraca disponibles en varios idiomas y descubre nuestra amplia gama de especias y condimentos.\" \/>\n<meta property=\"og:url\" content=\"https:\/\/labarraca1912.es\/en\/catalogos-2\/\" \/>\n<meta property=\"og:site_name\" content=\"La Barraca\" \/>\n<meta property=\"article:modified_time\" content=\"2026-02-23T17:29:36+00:00\" \/>\n<meta name=\"twitter:card\" content=\"summary_large_image\" \/>\n<meta name=\"twitter:label1\" content=\"Estimated reading time\" \/>\n\t<meta name=\"twitter:data1\" content=\"2 minutes\" \/>\n<script type=\"application\/ld+json\" class=\"yoast-schema-graph\">{\"@context\":\"https:\\\/\\\/schema.org\",\"@graph\":[{\"@type\":\"WebPage\",\"@id\":\"https:\\\/\\\/labarraca1912.es\\\/catalogos-2\\\/\",\"url\":\"https:\\\/\\\/labarraca1912.es\\\/catalogos-2\\\/\",\"name\":\"Cat\u00e1logos La Barraca Alimentaci\u00f3n\",\"isPartOf\":{\"@id\":\"https:\\\/\\\/labarraca1912.es\\\/#website\"},\"datePublished\":\"2019-08-23T11:29:40+00:00\",\"dateModified\":\"2026-02-23T17:29:36+00:00\",\"description\":\"Descarga los cat\u00e1logos de productos de La Barraca disponibles en varios idiomas y descubre nuestra amplia gama de especias y condimentos.\",\"breadcrumb\":{\"@id\":\"https:\\\/\\\/labarraca1912.es\\\/catalogos-2\\\/#breadcrumb\"},\"inLanguage\":\"en-GB\",\"potentialAction\":[{\"@type\":\"ReadAction\",\"target\":[\"https:\\\/\\\/labarraca1912.es\\\/catalogos-2\\\/\"]}]},{\"@type\":\"BreadcrumbList\",\"@id\":\"https:\\\/\\\/labarraca1912.es\\\/catalogos-2\\\/#breadcrumb\",\"itemListElement\":[{\"@type\":\"ListItem\",\"position\":1,\"name\":\"La Barraca\",\"item\":\"https:\\\/\\\/labarraca1912.es\\\/\"},{\"@type\":\"ListItem\",\"position\":2,\"name\":\"Cat\u00e1logos\"}]},{\"@type\":\"WebSite\",\"@id\":\"https:\\\/\\\/labarraca1912.es\\\/#website\",\"url\":\"https:\\\/\\\/labarraca1912.es\\\/\",\"name\":\"La Barraca\",\"description\":\"La Casa del Sabor\",\"publisher\":{\"@id\":\"https:\\\/\\\/labarraca1912.es\\\/#organization\"},\"potentialAction\":[{\"@type\":\"SearchAction\",\"target\":{\"@type\":\"EntryPoint\",\"urlTemplate\":\"https:\\\/\\\/labarraca1912.es\\\/?s={search_term_string}\"},\"query-input\":{\"@type\":\"PropertyValueSpecification\",\"valueRequired\":true,\"valueName\":\"search_term_string\"}}],\"inLanguage\":\"en-GB\"},{\"@type\":\"Organization\",\"@id\":\"https:\\\/\\\/labarraca1912.es\\\/#organization\",\"name\":\"La Barraca 1912 Alimentacion\",\"url\":\"https:\\\/\\\/labarraca1912.es\\\/\",\"logo\":{\"@type\":\"ImageObject\",\"inLanguage\":\"en-GB\",\"@id\":\"https:\\\/\\\/labarraca1912.es\\\/#\\\/schema\\\/logo\\\/image\\\/\",\"url\":\"https:\\\/\\\/labarraca1912.es\\\/wp-content\\\/uploads\\\/2019\\\/06\\\/logo-labarraca.png\",\"contentUrl\":\"https:\\\/\\\/labarraca1912.es\\\/wp-content\\\/uploads\\\/2019\\\/06\\\/logo-labarraca.png\",\"width\":2917,\"height\":1809,\"caption\":\"La Barraca 1912 Alimentacion\"},\"image\":{\"@id\":\"https:\\\/\\\/labarraca1912.es\\\/#\\\/schema\\\/logo\\\/image\\\/\"}}]}<\/script>\n<!-- \/ Yoast SEO plugin. -->","yoast_head_json":{"title":"Catalogs of La Barraca Alimentaci\u00f3n","description":"Descarga los cat\u00e1logos de productos de La Barraca disponibles en varios idiomas y descubre nuestra amplia gama de especias y condimentos.","robots":{"index":"index","follow":"follow","max-snippet":"max-snippet:-1","max-image-preview":"max-image-preview:large","max-video-preview":"max-video-preview:-1"},"canonical":"https:\/\/labarraca1912.es\/en\/catalogos-2\/","og_locale":"en_GB","og_type":"article","og_title":"Cat\u00e1logos La Barraca Alimentaci\u00f3n","og_description":"Descarga los cat\u00e1logos de productos de La Barraca disponibles en varios idiomas y descubre nuestra amplia gama de especias y condimentos.","og_url":"https:\/\/labarraca1912.es\/en\/catalogos-2\/","og_site_name":"La Barraca","article_modified_time":"2026-02-23T17:29:36+00:00","twitter_card":"summary_large_image","twitter_misc":{"Estimated reading time":"2 minutes"},"schema":{"@context":"https:\/\/schema.org","@graph":[{"@type":"WebPage","@id":"https:\/\/labarraca1912.es\/catalogos-2\/","url":"https:\/\/labarraca1912.es\/catalogos-2\/","name":"Catalogs of La Barraca Alimentaci\u00f3n","isPartOf":{"@id":"https:\/\/labarraca1912.es\/#website"},"datePublished":"2019-08-23T11:29:40+00:00","dateModified":"2026-02-23T17:29:36+00:00","description":"Descarga los cat\u00e1logos de productos de La Barraca disponibles en varios idiomas y descubre nuestra amplia gama de especias y condimentos.","breadcrumb":{"@id":"https:\/\/labarraca1912.es\/catalogos-2\/#breadcrumb"},"inLanguage":"en-GB","potentialAction":[{"@type":"ReadAction","target":["https:\/\/labarraca1912.es\/catalogos-2\/"]}]},{"@type":"BreadcrumbList","@id":"https:\/\/labarraca1912.es\/catalogos-2\/#breadcrumb","itemListElement":[{"@type":"ListItem","position":1,"name":"La Barraca","item":"https:\/\/labarraca1912.es\/"},{"@type":"ListItem","position":2,"name":"Cat\u00e1logos"}]},{"@type":"WebSite","@id":"https:\/\/labarraca1912.es\/#website","url":"https:\/\/labarraca1912.es\/","name":"La Barraca","description":"La Casa del Sabor","publisher":{"@id":"https:\/\/labarraca1912.es\/#organization"},"potentialAction":[{"@type":"SearchAction","target":{"@type":"EntryPoint","urlTemplate":"https:\/\/labarraca1912.es\/?s={search_term_string}"},"query-input":{"@type":"PropertyValueSpecification","valueRequired":true,"valueName":"search_term_string"}}],"inLanguage":"en-GB"},{"@type":"Organization","@id":"https:\/\/labarraca1912.es\/#organization","name":"La Barraca 1912 Alimentacion","url":"https:\/\/labarraca1912.es\/","logo":{"@type":"ImageObject","inLanguage":"en-GB","@id":"https:\/\/labarraca1912.es\/#\/schema\/logo\/image\/","url":"https:\/\/labarraca1912.es\/wp-content\/uploads\/2019\/06\/logo-labarraca.png","contentUrl":"https:\/\/labarraca1912.es\/wp-content\/uploads\/2019\/06\/logo-labarraca.png","width":2917,"height":1809,"caption":"La Barraca 1912 Alimentacion"},"image":{"@id":"https:\/\/labarraca1912.es\/#\/schema\/logo\/image\/"}}]}},"_links":{"self":[{"href":"https:\/\/labarraca1912.es\/en\/wp-json\/wp\/v2\/pages\/1356","targetHints":{"allow":["GET"]}}],"collection":[{"href":"https:\/\/labarraca1912.es\/en\/wp-json\/wp\/v2\/pages"}],"about":[{"href":"https:\/\/labarraca1912.es\/en\/wp-json\/wp\/v2\/types\/page"}],"author":[{"embeddable":true,"href":"https:\/\/labarraca1912.es\/en\/wp-json\/wp\/v2\/users\/2"}],"replies":[{"embeddable":true,"href":"https:\/\/labarraca1912.es\/en\/wp-json\/wp\/v2\/comments?post=1356"}],"version-history":[{"count":0,"href":"https:\/\/labarraca1912.es\/en\/wp-json\/wp\/v2\/pages\/1356\/revisions"}],"wp:attachment":[{"href":"https:\/\/labarraca1912.es\/en\/wp-json\/wp\/v2\/media?parent=1356"}],"curies":[{"name":"wp","href":"https:\/\/api.w.org\/{rel}","templated":true}]}}