{"id":3,"date":"2019-06-11T18:04:58","date_gmt":"2019-06-11T16:04:58","guid":{"rendered":"https:\/\/labarraca1912.es\/?page_id=3"},"modified":"2025-09-23T11:43:51","modified_gmt":"2025-09-23T09:43:51","slug":"politica-privacidad","status":"publish","type":"page","link":"https:\/\/labarraca1912.es\/en\/politica-privacidad\/","title":{"rendered":"Pol\u00edtica de privacidad"},"content":{"rendered":"\n[et_pb_section fb_built=\u00bb1&#8243; admin_label=\u00bbsection\u00bb _builder_version=\u00bb3.22&#8243;][et_pb_row admin_label=\u00bbrow\u00bb _builder_version=\u00bb3.25&#8243; background_size=\u00bbinitial\u00bb background_position=\u00bbtop_left\u00bb background_repeat=\u00bbrepeat\u00bb][et_pb_column type=\u00bb4_4&#8243; _builder_version=\u00bb3.25&#8243; custom_padding=\u00bb|||\u00bb custom_padding__hover=\u00bb|||\u00bb][et_pb_text admin_label=\u00bbText\u00bb _builder_version=\u00bb3.26.3&#8243; background_size=\u00bbinitial\u00bb background_position=\u00bbtop_left\u00bb background_repeat=\u00bbrepeat\u00bb text_font_size=\u00bb15px\u00bb]<p><!-- divi:heading --><\/p>\n<h3><strong>POL\u00cdTICA DE PRIVACIDAD DE PROTECCION DE DATOS DE CAR\u00c1CTER PERSONAL<\/strong><\/h3>\n<p>&nbsp;<\/p>\n<p>LA BARRACA ALIMENTACI\u00d3N S.L. desea poner en conocimiento de los usuarios de la web, como responsable del Tratamiento de la pol\u00edtica llevada a cabo respecto al tratamiento de todos los datos de car\u00e1cter personal que se faciliten a trav\u00e9s de los formularios de la web, redes sociales u otros medios tanto electr\u00f3nicos como en papel.<\/p>\n<h4><\/h4>\n<h4>DERECHO DE INFORMACION DE PROTECCION DE DATOS PERSONALES<\/h4>\n<p>LA BARRACA ALIMENTACI\u00d3N S.L., como responsable de tratamiento, en cumplimiento de la Ley Org\u00e1nica de protecci\u00f3n de datos de car\u00e1cter personal (en adelante LOPD), reglamentos de desarrollo de la Ley y del Reglamento (UE) 2016\/679, pone en conocimiento de los usuarios y personas relacionadas con la entidad, la pol\u00edtica llevada a cabo respecto al tratamiento de todos los datos de car\u00e1cter personal que se faciliten al Responsable de Tratamiento en los t\u00e9rminos indicados a continuaci\u00f3n.<\/p>\n<p><u><\/u><\/p>\n<h4>TIPO DE INFORMACI\u00d3N QUE RECOPILAMOS<\/h4>\n<p>Recopilamos informaci\u00f3n a trav\u00e9s de los formularios de la web, redes sociales, etc, para brindar mejores servicios a todos nuestros usuarios<strong>. Generalmente le<\/strong> solicitamos informaci\u00f3n personal, como su nombre, NIF, direcci\u00f3n postal, direcci\u00f3n de correo electr\u00f3nico, n\u00famero de tel\u00e9fono para almacenarla en nuestros ficheros.<\/p>\n<p>Categor\u00edas de datos: Datos de identificaci\u00f3n personal, datos de actividades comerciales, datos de transacciones y contables.<\/p>\n<p>&nbsp;<\/p>\n<h4>FINALIDAD DEL FICHERO<\/h4>\n<p>Todos los datos que se solicitan ser\u00e1n tratados en los ficheros del Responsable y ser\u00e1n necesarios para<\/p>\n<ol>\n<li>Ofrecer la posibilidad de registrar los servicios\/productos prestados.<\/li>\n<li>Prestar los servicios contratados y atender las peticiones realizadas por nuestros clientes.<\/li>\n<li>Ofrecer la oportunidad de participar en sorteos y concursos, y acceder a innumerables ventajas exclusivas de nuestros clientes<\/li>\n<li>Realizar la gesti\u00f3n de clientes, administrativa, contable y fiscal.<\/li>\n<li>Informarle de aquellas novedades en productos y servicios que sean de su inter\u00e9s<\/li>\n<li>Aquellos otros fines necesarios para el desarrollo, cumplimiento y control de la relaci\u00f3n contractual que el cliente mantenga con la Responsable de Tratamiento<\/li>\n<\/ol>\n<p>&nbsp;<\/p>\n<p>De esta forma, y previo al env\u00edo de cualquier formulario, el usuario es informado para expresar su consentimiento al tratamiento de datos personales y aceptar nuestra pol\u00edtica de protecci\u00f3n de datos y privacidad, de qu\u00e9 datos personales son los que se recogen y se tratan, y su finalidad espec\u00edfica, y el usuario podr\u00e1 expresar su consentimiento libre con la opci\u00f3n de \u201cAcepto\u201d la pol\u00edtica de protecci\u00f3n de datos y el tratamiento de sus datos de car\u00e1cter personal.<\/p>\n<p><u>\u00a0<\/u><\/p>\n<h4>SEGURIDAD<\/h4>\n<p>En el tratamiento de los datos de car\u00e1cter personal, el Responsable de Tratamiento se compromete a garantizar y proteger las libertades p\u00fablicas y los derechos fundamentales de las personas f\u00edsicas de los ficheros y, especialmente, su honor y su intimidad familiar y personal, oblig\u00e1ndose en este sentido, a efectuar el correspondiente tratamiento de datos de acuerdo con la normativa vigente en cada momento y a guardar el m\u00e1s absoluto secreto en relaci\u00f3n con la informaci\u00f3n de los usuarios.<\/p>\n<p>Los datos de car\u00e1cter personal objeto de tratamiento no se utilizar\u00e1n para otras finalidades que no se encuentren aqu\u00ed recogidas o, en su caso, por otro documento o contrato que vinculase a ambas partes con condiciones particulares.<\/p>\n<p>Salvo consentimiento expreso por parte de los usuarios, no realizar\u00e1 cesiones ni comunicaciones de datos a terceros que no est\u00e9n previstos en la LOPD.<\/p>\n<p>El responsable tomar\u00e1 medidas para garantizar que cualquier persona que act\u00fae bajo su autoridad y tenga acceso a datos personales solo pueda tratar dichos datos siguiendo instrucciones del responsable, salvo que est\u00e9 obligada a ello en virtud del Derecho de la Uni\u00f3n o de los Estados miembros.<\/p>\n<p>El Responsable de Tratamiento informa a los usuarios que, de conformidad con lo dispuesto en la LOPD y el Reglamento de Medidas de Seguridad, ha adoptado las medidas de \u00edndole t\u00e9cnica y organizativas necesarias para garantizar la seguridad de los datos de car\u00e1cter personal y evitar la alteraci\u00f3n, p\u00e9rdida, tratamiento o acceso no autorizado o il\u00edcito y contra la destrucci\u00f3n o da\u00f1o accidental, habida cuenta del estado de la tecnolog\u00eda, la naturaleza de los datos almacenados y los riesgos a que est\u00e1n expuestos. Igualmente, el Responsable de Tratamiento garantiza al usuario el cumplimiento del deber de secreto profesional respecto de los datos personales de los usuarios y del deber de guardarlos.<\/p>\n<p>&nbsp;<\/p>\n<h4>CALIDAD DE LOS DATOS<\/h4>\n<p>Los datos que se comuniquen a trav\u00e9s de la web o un formulario tendr\u00e1n que ser exactos y puestos al d\u00eda siendo de exclusiva responsabilidad de los usuarios la actualizaci\u00f3n de los datos.<\/p>\n<p>&nbsp;<\/p>\n<h4>EJERCICIO DE LOS DERECHOS DE ACCESO, RECTIFICACI\u00d3N, CANCELACI\u00d3N Y OPOSICI\u00d3N<\/h4>\n<p>El Responsable de Tratamiento le informa de que los usuarios podr\u00e1n ejercitar los derechos de acceso, rectificaci\u00f3n, cancelaci\u00f3n, oposici\u00f3n, limitaci\u00f3n al tratamiento de datos y a la portabilidad de los datos, mediante cualquiera de los siguientes medios:<\/p>\n<ol>\n<li>Enviando un escrito a LA BARRACA ALIMENTACI\u00d3N S.L., sita enI. El Fondonet, calle La Serreta, n\u00ba 49, Novelda (03660), Alicante, y adjuntando una copia de su DNI.<\/li>\n<li>el env\u00edo de un correo electr\u00f3nico desde la cuenta de correo que se dio de alta en nuestros servicios, a la direcci\u00f3n: info@labarraca1912.com<\/li>\n<\/ol>\n<p>El usuario tambi\u00e9n tiene derecho a presentar una reclamaci\u00f3n ante la Agencia Espa\u00f1ola de Protecci\u00f3n de Datos<\/p>\n<p>&nbsp;<\/p>\n<h4>MODIFICACI\u00d3N DE LA POL\u00cdTICA DE PRIVACIDAD<\/h4>\n<p>El Responsable de Tratamiento se reserva el derecho a modificar su Pol\u00edtica de Privacidad, de acuerdo con su propio criterio, o motivado por un cambio legislativo, dichos cambios ser\u00e1n actualizados en nuestra web y comunicados al usuario.<\/p>\n<p>&nbsp;<\/p>\n<h4>MENORES DE EDAD y DATOS ESPECIALMENTE PROTEGIDOS<\/h4>\n<p>Los formularios no almacenan datos de edad ni datos de categor\u00eda especial como ideolog\u00eda, afiliaci\u00f3n sindical, religi\u00f3n, creencias, origen racial o \u00e9tnico, o vida sexual, o salud\u201d.<\/p>\n<p>En aquellos Servicios en los que expresamente se se\u00f1ale el dato de la edad, el acceso quedar\u00e1 restringido \u00fanica y exclusivamente a mayores de 13 a\u00f1os.<\/p>\n<p>&nbsp;<\/p>\n<h4>TIEMPO DE CONSERVACION<\/h4>\n<p>Los datos personales identificativos son conservados mientras se mantenga relaci\u00f3n contractual con el cliente, permanezca de alta en el servicio y no ha solicitado expresamente la baja y cancelaci\u00f3n de datos, y en el plazo m\u00ednimo establecido por la legislaci\u00f3n. Se proceder\u00e1 a la eliminaci\u00f3n de los datos recogidos cuando dejen de ser necesarios o pertinentes para la finalidad para la que hubiesen sido recogidos o registrados. En el caso de que los datos recogidos se pretendan utilizar para una finalidad distinta a la que hubiesen sido recogidos se requerir\u00e1 el consentimiento previo de los interesados.<\/p>\n<p>&nbsp;<\/p>\n<h4>LEGITIMACION<\/h4>\n<p>La legitimaci\u00f3n del tratamiento de datos personales est\u00e1 basada en el consentimiento del usuario, la relaci\u00f3n contractual con el cliente o proveedor, y el inter\u00e9s leg\u00edtimo. El usuario puede revocar su consentimiento en cualquier momento ejerciendo sus derechos a trav\u00e9s de la direcci\u00f3n electr\u00f3nica <a href=\"mailto:info@labarraca1912.com\">info@labarraca1912.com<\/a><\/p>\n<p>&nbsp;<\/p>\n<h4>CONT\u00c1CTENOS<\/h4>\n<p>Si usted tiene alguna pregunta respecto a la privacidad durante el uso de la aplicaci\u00f3n, o si tiene preguntas sobre nuestras pr\u00e1cticas, por favor p\u00f3ngase en contacto con nosotros por correo electr\u00f3nico a info@labarraca1912.com<\/p>\n<p><!-- \/divi:heading --><\/p>\n[\/et_pb_text][\/et_pb_column][\/et_pb_row][\/et_pb_section]\n","protected":false},"excerpt":{"rendered":"<p>POL\u00cdTICA DE PRIVACIDAD DE PROTECCION DE DATOS DE CAR\u00c1CTER PERSONAL &nbsp; LA BARRACA ALIMENTACI\u00d3N S.L. desea poner en conocimiento de los usuarios de la web, como responsable del Tratamiento de la pol\u00edtica llevada a cabo respecto al tratamiento de todos los datos de car\u00e1cter personal que se faciliten a trav\u00e9s de los formularios de la [&hellip;]<\/p>\n","protected":false},"author":1,"featured_media":0,"parent":0,"menu_order":0,"comment_status":"closed","ping_status":"open","template":"","meta":{"_et_pb_use_builder":"on","_et_pb_old_content":"<!-- wp:heading --><h2>Qui\u00e9nes somos<\/h2><!-- \/wp:heading --><!-- wp:paragraph --><p>La direcci\u00f3n de nuestra web es: https:\/\/labarraca1912.es.<\/p><!-- \/wp:paragraph --><!-- wp:heading --><h2>Qu\u00e9 datos personales recogemos y por qu\u00e9 los recogemos<\/h2><!-- \/wp:heading --><!-- wp:heading {\"level\":3} --><h3>Comentarios<\/h3><!-- \/wp:heading --><!-- wp:paragraph --><p>Cuando los visitantes dejan comentarios en la web, recopilamos los datos que se muestran en el formulario de comentarios, as\u00ed como la direcci\u00f3n IP del visitante y la cadena de agentes de usuario del navegador para ayudar a la detecci\u00f3n de spam.<\/p><!-- \/wp:paragraph --><!-- wp:paragraph --><p>Una cadena an\u00f3nima creada a partir de tu direcci\u00f3n de correo electr\u00f3nico (tambi\u00e9n llamada hash) puede ser proporcionada al servicio de Gravatar para ver si la est\u00e1s usando. La pol\u00edtica de privacidad del servicio Gravatar est\u00e1 disponible aqu\u00ed: https:\/\/automattic.com\/privacy\/. Despu\u00e9s de la aprobaci\u00f3n de tu comentario, la imagen de tu perfil es visible para el p\u00fablico en el contexto de su comentario.<\/p><!-- \/wp:paragraph --><!-- wp:heading {\"level\":3} --><h3>Medios<\/h3><!-- \/wp:heading --><!-- wp:paragraph --><p>Si subes im\u00e1genes a la web deber\u00edas evitar subir im\u00e1genes con datos de ubicaci\u00f3n (GPS EXIF) incluidos. Los visitantes de la web pueden descargar y extraer cualquier dato de localizaci\u00f3n de las im\u00e1genes de la web.<\/p><!-- \/wp:paragraph --><!-- wp:heading {\"level\":3} --><h3>Formularios de contacto<\/h3><!-- \/wp:heading --><!-- wp:heading {\"level\":3} --><h3>Cookies<\/h3><!-- \/wp:heading --><!-- wp:paragraph --><p>Si dejas un comentario en nuestro sitio puedes elegir guardar tu nombre, direcci\u00f3n de correo electr\u00f3nico y web en cookies. Esto es para tu comodidad, para que no tengas que volver a rellenar tus datos cuando dejes otro comentario. Estas cookies tendr\u00e1n una duraci\u00f3n de un a\u00f1o.<\/p><!-- \/wp:paragraph --><!-- wp:paragraph --><p>Si tienes una cuenta y te conectas a este sitio, instalaremos una cookie temporal para determinar si tu navegador acepta cookies. Esta cookie no contiene datos personales y se elimina al cerrar el navegador.<\/p><!-- \/wp:paragraph --><!-- wp:paragraph --><p>Cuando inicias sesi\u00f3n, tambi\u00e9n instalaremos varias cookies para guardar tu informaci\u00f3n de inicio de sesi\u00f3n y tus opciones de visualizaci\u00f3n de pantalla. Las cookies de inicio de sesi\u00f3n duran dos d\u00edas, y las cookies de opciones de pantalla duran un a\u00f1o. Si seleccionas &quot;Recordarme&quot;, tu inicio de sesi\u00f3n perdurar\u00e1 durante dos semanas. Si sales de tu cuenta, las cookies de inicio de sesi\u00f3n se eliminar\u00e1n.<\/p><!-- \/wp:paragraph --><!-- wp:paragraph --><p>Si editas o publicas un art\u00edculo se guardar\u00e1 una cookie adicional en tu navegador. Esta cookie no incluye datos personales y simplemente indica el ID del art\u00edculo que acabas de editar. Caduca despu\u00e9s de 1 d\u00eda.<\/p><!-- \/wp:paragraph --><!-- wp:heading {\"level\":3} --><h3>Contenido incrustado de otros sitios web<\/h3><!-- \/wp:heading --><!-- wp:paragraph --><p>Los art\u00edculos de este sitio pueden incluir contenido incrustado (por ejemplo, v\u00eddeos, im\u00e1genes, art\u00edculos, etc.). El contenido incrustado de otras web se comporta exactamente de la misma manera que si el visitante hubiera visitado la otra web.<\/p><!-- \/wp:paragraph --><!-- wp:paragraph --><p>Estas web pueden recopilar datos sobre ti, utilizar cookies, incrustar un seguimiento adicional de terceros, y supervisar tu interacci\u00f3n con ese contenido incrustado, incluido el seguimiento de tu interacci\u00f3n con el contenido incrustado si tienes una cuenta y est\u00e1s conectado a esa web.<\/p><!-- \/wp:paragraph --><!-- wp:heading {\"level\":3} --><h3>Anal\u00edtica<\/h3><!-- \/wp:heading --><!-- wp:heading --><h2>Con qui\u00e9n compartimos tus datos<\/h2><!-- \/wp:heading --><!-- wp:heading --><h2>Cu\u00e1nto tiempo conservamos tus datos<\/h2><!-- \/wp:heading --><!-- wp:paragraph --><p>Si dejas un comentario, el comentario y sus metadatos se conservan indefinidamente. Esto es para que podamos reconocer y aprobar comentarios sucesivos autom\u00e1ticamente en lugar de mantenerlos en una cola de moderaci\u00f3n.<\/p><!-- \/wp:paragraph --><!-- wp:paragraph --><p>De los usuarios que se registran en nuestra web (si los hay), tambi\u00e9n almacenamos la informaci\u00f3n personal que proporcionan en su perfil de usuario. Todos los usuarios pueden ver, editar o eliminar su informaci\u00f3n personal en cualquier momento (excepto que no pueden cambiar su nombre de usuario). Los administradores de la web tambi\u00e9n pueden ver y editar esa informaci\u00f3n.<\/p><!-- \/wp:paragraph --><!-- wp:heading --><h2>Qu\u00e9 derechos tienes sobre tus datos<\/h2><!-- \/wp:heading --><!-- wp:paragraph --><p>Si tienes una cuenta o has dejado comentarios en esta web, puedes solicitar recibir un archivo de exportaci\u00f3n de los datos personales que tenemos sobre ti, incluyendo cualquier dato que nos hayas proporcionado. Tambi\u00e9n puedes solicitar que eliminemos cualquier dato personal que tengamos sobre ti. Esto no incluye ning\u00fan dato que estemos obligados a conservar con fines administrativos, legales o de seguridad.<\/p><!-- \/wp:paragraph --><!-- wp:heading --><h2>D\u00f3nde enviamos tus datos<\/h2><!-- \/wp:heading --><!-- wp:paragraph --><p>Los comentarios de los visitantes puede que los revise un servicio de detecci\u00f3n autom\u00e1tica de spam.<\/p><!-- \/wp:paragraph --><!-- wp:heading --><h2>Tu informaci\u00f3n de contacto<\/h2><!-- \/wp:heading --><!-- wp:heading --><h2>Informaci\u00f3n adicional<\/h2><!-- \/wp:heading --><!-- wp:heading {\"level\":3} --><h3>C\u00f3mo protegemos tus datos<\/h3><!-- \/wp:heading --><!-- wp:heading {\"level\":3} --><h3>Qu\u00e9 procedimientos utilizamos contra las brechas de datos<\/h3><!-- \/wp:heading --><!-- wp:heading {\"level\":3} --><h3>De qu\u00e9 terceros recibimos datos<\/h3><!-- \/wp:heading --><!-- wp:heading {\"level\":3} --><h3>Qu\u00e9 tipo de toma de decisiones automatizada y\/o perfilado hacemos con los datos del usuario<\/h3><!-- \/wp:heading --><!-- wp:heading {\"level\":3} --><h3>Requerimientos regulatorios de revelaci\u00f3n de informaci\u00f3n del sector<\/h3><!-- \/wp:heading -->","_et_gb_content_width":"","footnotes":""},"class_list":["post-3","page","type-page","status-publish","hentry"],"yoast_head":"<!-- This site is optimized with the Yoast SEO plugin v27.4 - https:\/\/yoast.com\/product\/yoast-seo-wordpress\/ -->\n<title>Pol\u00edtica de privacidad - La Barraca<\/title>\n<meta name=\"robots\" content=\"noindex, nofollow\" \/>\n<meta property=\"og:locale\" content=\"en_GB\" \/>\n<meta property=\"og:type\" content=\"article\" \/>\n<meta property=\"og:title\" content=\"Pol\u00edtica de privacidad - La Barraca\" \/>\n<meta property=\"og:description\" content=\"POL\u00cdTICA DE PRIVACIDAD DE PROTECCION DE DATOS DE CAR\u00c1CTER PERSONAL &nbsp; LA BARRACA ALIMENTACI\u00d3N S.L. desea poner en conocimiento de los usuarios de la web, como responsable del Tratamiento de la pol\u00edtica llevada a cabo respecto al tratamiento de todos los datos de car\u00e1cter personal que se faciliten a trav\u00e9s de los formularios de la [&hellip;]\" \/>\n<meta property=\"og:url\" content=\"https:\/\/labarraca1912.es\/en\/politica-privacidad\/\" \/>\n<meta property=\"og:site_name\" content=\"La Barraca\" \/>\n<meta property=\"article:modified_time\" content=\"2025-09-23T09:43:51+00:00\" \/>\n<meta name=\"twitter:card\" content=\"summary_large_image\" \/>\n<meta name=\"twitter:label1\" content=\"Estimated reading time\" \/>\n\t<meta name=\"twitter:data1\" content=\"6 minutes\" \/>\n<script type=\"application\/ld+json\" class=\"yoast-schema-graph\">{\"@context\":\"https:\\\/\\\/schema.org\",\"@graph\":[{\"@type\":\"WebPage\",\"@id\":\"https:\\\/\\\/labarraca1912.es\\\/politica-privacidad\\\/\",\"url\":\"https:\\\/\\\/labarraca1912.es\\\/politica-privacidad\\\/\",\"name\":\"Pol\u00edtica de privacidad - La Barraca\",\"isPartOf\":{\"@id\":\"https:\\\/\\\/labarraca1912.es\\\/#website\"},\"datePublished\":\"2019-06-11T16:04:58+00:00\",\"dateModified\":\"2025-09-23T09:43:51+00:00\",\"breadcrumb\":{\"@id\":\"https:\\\/\\\/labarraca1912.es\\\/politica-privacidad\\\/#breadcrumb\"},\"inLanguage\":\"en-GB\",\"potentialAction\":[{\"@type\":\"ReadAction\",\"target\":[\"https:\\\/\\\/labarraca1912.es\\\/politica-privacidad\\\/\"]}]},{\"@type\":\"BreadcrumbList\",\"@id\":\"https:\\\/\\\/labarraca1912.es\\\/politica-privacidad\\\/#breadcrumb\",\"itemListElement\":[{\"@type\":\"ListItem\",\"position\":1,\"name\":\"La Barraca\",\"item\":\"https:\\\/\\\/labarraca1912.es\\\/\"},{\"@type\":\"ListItem\",\"position\":2,\"name\":\"Pol\u00edtica de privacidad\"}]},{\"@type\":\"WebSite\",\"@id\":\"https:\\\/\\\/labarraca1912.es\\\/#website\",\"url\":\"https:\\\/\\\/labarraca1912.es\\\/\",\"name\":\"La Barraca\",\"description\":\"La Casa del Sabor\",\"publisher\":{\"@id\":\"https:\\\/\\\/labarraca1912.es\\\/#organization\"},\"potentialAction\":[{\"@type\":\"SearchAction\",\"target\":{\"@type\":\"EntryPoint\",\"urlTemplate\":\"https:\\\/\\\/labarraca1912.es\\\/?s={search_term_string}\"},\"query-input\":{\"@type\":\"PropertyValueSpecification\",\"valueRequired\":true,\"valueName\":\"search_term_string\"}}],\"inLanguage\":\"en-GB\"},{\"@type\":\"Organization\",\"@id\":\"https:\\\/\\\/labarraca1912.es\\\/#organization\",\"name\":\"La Barraca 1912 Alimentacion\",\"url\":\"https:\\\/\\\/labarraca1912.es\\\/\",\"logo\":{\"@type\":\"ImageObject\",\"inLanguage\":\"en-GB\",\"@id\":\"https:\\\/\\\/labarraca1912.es\\\/#\\\/schema\\\/logo\\\/image\\\/\",\"url\":\"https:\\\/\\\/labarraca1912.es\\\/wp-content\\\/uploads\\\/2019\\\/06\\\/logo-labarraca.png\",\"contentUrl\":\"https:\\\/\\\/labarraca1912.es\\\/wp-content\\\/uploads\\\/2019\\\/06\\\/logo-labarraca.png\",\"width\":2917,\"height\":1809,\"caption\":\"La Barraca 1912 Alimentacion\"},\"image\":{\"@id\":\"https:\\\/\\\/labarraca1912.es\\\/#\\\/schema\\\/logo\\\/image\\\/\"}}]}<\/script>\n<!-- \/ Yoast SEO plugin. -->","yoast_head_json":{"title":"Pol\u00edtica de privacidad - La Barraca","robots":{"index":"noindex","follow":"nofollow"},"og_locale":"en_GB","og_type":"article","og_title":"Pol\u00edtica de privacidad - La Barraca","og_description":"POL\u00cdTICA DE PRIVACIDAD DE PROTECCION DE DATOS DE CAR\u00c1CTER PERSONAL &nbsp; LA BARRACA ALIMENTACI\u00d3N S.L. desea poner en conocimiento de los usuarios de la web, como responsable del Tratamiento de la pol\u00edtica llevada a cabo respecto al tratamiento de todos los datos de car\u00e1cter personal que se faciliten a trav\u00e9s de los formularios de la [&hellip;]","og_url":"https:\/\/labarraca1912.es\/en\/politica-privacidad\/","og_site_name":"La Barraca","article_modified_time":"2025-09-23T09:43:51+00:00","twitter_card":"summary_large_image","twitter_misc":{"Estimated reading time":"6 minutes"},"schema":{"@context":"https:\/\/schema.org","@graph":[{"@type":"WebPage","@id":"https:\/\/labarraca1912.es\/politica-privacidad\/","url":"https:\/\/labarraca1912.es\/politica-privacidad\/","name":"Pol\u00edtica de privacidad - La Barraca","isPartOf":{"@id":"https:\/\/labarraca1912.es\/#website"},"datePublished":"2019-06-11T16:04:58+00:00","dateModified":"2025-09-23T09:43:51+00:00","breadcrumb":{"@id":"https:\/\/labarraca1912.es\/politica-privacidad\/#breadcrumb"},"inLanguage":"en-GB","potentialAction":[{"@type":"ReadAction","target":["https:\/\/labarraca1912.es\/politica-privacidad\/"]}]},{"@type":"BreadcrumbList","@id":"https:\/\/labarraca1912.es\/politica-privacidad\/#breadcrumb","itemListElement":[{"@type":"ListItem","position":1,"name":"La Barraca","item":"https:\/\/labarraca1912.es\/"},{"@type":"ListItem","position":2,"name":"Pol\u00edtica de privacidad"}]},{"@type":"WebSite","@id":"https:\/\/labarraca1912.es\/#website","url":"https:\/\/labarraca1912.es\/","name":"La Barraca","description":"La Casa del Sabor","publisher":{"@id":"https:\/\/labarraca1912.es\/#organization"},"potentialAction":[{"@type":"SearchAction","target":{"@type":"EntryPoint","urlTemplate":"https:\/\/labarraca1912.es\/?s={search_term_string}"},"query-input":{"@type":"PropertyValueSpecification","valueRequired":true,"valueName":"search_term_string"}}],"inLanguage":"en-GB"},{"@type":"Organization","@id":"https:\/\/labarraca1912.es\/#organization","name":"La Barraca 1912 Alimentacion","url":"https:\/\/labarraca1912.es\/","logo":{"@type":"ImageObject","inLanguage":"en-GB","@id":"https:\/\/labarraca1912.es\/#\/schema\/logo\/image\/","url":"https:\/\/labarraca1912.es\/wp-content\/uploads\/2019\/06\/logo-labarraca.png","contentUrl":"https:\/\/labarraca1912.es\/wp-content\/uploads\/2019\/06\/logo-labarraca.png","width":2917,"height":1809,"caption":"La Barraca 1912 Alimentacion"},"image":{"@id":"https:\/\/labarraca1912.es\/#\/schema\/logo\/image\/"}}]}},"_links":{"self":[{"href":"https:\/\/labarraca1912.es\/en\/wp-json\/wp\/v2\/pages\/3","targetHints":{"allow":["GET"]}}],"collection":[{"href":"https:\/\/labarraca1912.es\/en\/wp-json\/wp\/v2\/pages"}],"about":[{"href":"https:\/\/labarraca1912.es\/en\/wp-json\/wp\/v2\/types\/page"}],"author":[{"embeddable":true,"href":"https:\/\/labarraca1912.es\/en\/wp-json\/wp\/v2\/users\/1"}],"replies":[{"embeddable":true,"href":"https:\/\/labarraca1912.es\/en\/wp-json\/wp\/v2\/comments?post=3"}],"version-history":[{"count":0,"href":"https:\/\/labarraca1912.es\/en\/wp-json\/wp\/v2\/pages\/3\/revisions"}],"wp:attachment":[{"href":"https:\/\/labarraca1912.es\/en\/wp-json\/wp\/v2\/media?parent=3"}],"curies":[{"name":"wp","href":"https:\/\/api.w.org\/{rel}","templated":true}]}}