{"id":5585,"date":"2020-10-06T10:53:02","date_gmt":"2020-10-06T08:53:02","guid":{"rendered":"https:\/\/labarraca1912.es\/?page_id=5585"},"modified":"2021-02-05T10:53:54","modified_gmt":"2021-02-05T09:53:54","slug":"ajo-negro","status":"publish","type":"page","link":"https:\/\/labarraca1912.es\/en\/ajo-negro\/","title":{"rendered":"Black Garlic"},"content":{"rendered":"<p>[et_pb_section fb_built=\u00bb1&#8243; _builder_version=\u00bb4.6.5&#8243; use_background_color_gradient=\u00bbon\u00bb background_color_gradient_start=\u00bbrgba(255,255,255,0.51)\u00bb background_color_gradient_end=\u00bbrgba(255,255,255,0.51)\u00bb background_color_gradient_overlays_image=\u00bbon\u00bb background_image=\u00bbhttps:\/\/labarraca1912.es\/wp-content\/uploads\/2020\/10\/PANTALLA_AjoNegro-1024&#215;305-1.jpg\u00bb background_blend=\u00bbsoft-light\u00bb custom_padding=\u00bb14em||14em||true|false\u00bb background_last_edited=\u00bbon|phone\u00bb background_position_phone=\u00bbcenter_left\u00bb][et_pb_row _builder_version=\u00bb3.26.3&#8243;][et_pb_column type=\u00bb4_4&#8243; _builder_version=\u00bb3.26.3&#8243;][et_pb_text _builder_version=\u00bb3.27.4&#8243; header_font_size=\u00bb60px\u00bb]<\/p>\n<h1>Ajo Negro<\/h1>\n<p>[\/et_pb_text][\/et_pb_column][\/et_pb_row][\/et_pb_section][et_pb_section fb_built=\u00bb1&#8243; _builder_version=\u00bb3.26.3&#8243; background_color=\u00bb#f9f9f9&#8243;][et_pb_row column_structure=\u00bb2_5,3_5&#8243; _builder_version=\u00bb3.26.3&#8243; width=\u00bb60%\u00bb max_width=\u00bb100%\u00bb custom_padding=\u00bb||0px|||\u00bb][et_pb_column type=\u00bb2_5&#8243; _builder_version=\u00bb3.26.3&#8243;][et_pb_image src=\u00bbhttps:\/\/labarraca1912.es\/wp-content\/uploads\/2020\/10\/ajonegro.jpg\u00bb title_text=\u00bbajonegro\u00bb _builder_version=\u00bb4.6.5&#8243; box_shadow_style=\u00bbpreset2&#8243;][\/et_pb_image][\/et_pb_column][et_pb_column type=\u00bb3_5&#8243; _builder_version=\u00bb3.26.3&#8243; custom_padding=\u00bb5em|10em|||false|false\u00bb][et_pb_text _builder_version=\u00bb3.27.4&#8243; text_font_size=\u00bb16px\u00bb text_line_height=\u00bb2em\u00bb custom_margin=\u00bb-73px|-164px|-33px|||\u00bb custom_padding=\u00bb0px|0px||||\u00bb]<\/p>\n<p>El Ajo Negro es un tipo de ajo caramelizado, que se obtiene a trav\u00e9s del ajo com\u00fan mediante un lento proceso. Se elabora sometiendo los bulbos de ajo a calor y humedad durante semanas, transformando los dientes de ajo en un color negro intenso. Tiene un sabor dulce, con ligeros toques a vinagre bals\u00e1mico y a regaliz, as\u00ed como un olor m\u00e1s suave al del ajo com\u00fan, tambi\u00e9n tiene una textura peculiar. Tiene su origen culinario en las cocinas coreanas y tailandesas.<\/p>\n<p>Puede ser consumido directamente, sin necesidad de incluirlo en ninguna receta ni cocinarlo. Tambi\u00e9n puede ser utilizado untado sobre unas tostadas con aceite. En recetas de mayor elaboraci\u00f3n tambi\u00e9n puede ser utilizado para condimentar carnes, preparar sofritos, se puede elaborar mantequilla para untar. En los pescados blancos junto con la sal tambi\u00e9n puede ser utilizado.<\/p>\n<p>&nbsp;<\/p>\n<p>[\/et_pb_text][et_pb_button button_url=\u00bbhttps:\/\/labarraca1912.es\/wp-content\/uploads\/2020\/10\/FT-AJO-NEGRO.pdf\u00bb url_new_window=\u00bbon\u00bb button_text=\u00bbFICHA T\u00c9CNICA\u00bb _builder_version=\u00bb4.6.5&#8243; custom_button=\u00bbon\u00bb button_text_size=\u00bb14px\u00bb button_text_color=\u00bb#b28d10&#8243; button_border_width=\u00bb2px\u00bb button_border_radius=\u00bb3px\u00bb button_letter_spacing=\u00bb0px\u00bb button_use_icon=\u00bboff\u00bb button_text_color__hover_enabled=\u00bbon\u00bb button_text_color__hover=\u00bb#ffffff\u00bb][\/et_pb_button][\/et_pb_column][\/et_pb_row][et_pb_row _builder_version=\u00bb3.26.3&#8243; width=\u00bb60%\u00bb max_width=\u00bb100%\u00bb min_height=\u00bb63px\u00bb custom_padding=\u00bb||0px|||\u00bb][et_pb_column type=\u00bb4_4&#8243; _builder_version=\u00bb3.26.3&#8243;][et_pb_button button_url=\u00bbhttps:\/\/labarraca1912.es\/producto\/ajo-negro\/\u00bb url_new_window=\u00bbon\u00bb button_text=\u00bbCOMPRAR\u00bb button_alignment=\u00bbcenter\u00bb _builder_version=\u00bb4.7.3&#8243; custom_button=\u00bbon\u00bb button_text_size=\u00bb22px\u00bb button_text_color=\u00bb#ffffff\u00bb button_bg_color=\u00bb#b28d10&#8243; button_border_width=\u00bb4px\u00bb button_border_color=\u00bb#ffffff\u00bb button_border_radius=\u00bb3px\u00bb button_letter_spacing=\u00bb3px\u00bb button_font=\u00bbNunito|700|||||||\u00bb button_use_icon=\u00bboff\u00bb animation_style=\u00bbzoom\u00bb box_shadow_style=\u00bbpreset1&#8243; button_text_color__hover_enabled=\u00bbon\u00bb button_text_color__hover=\u00bb#ffffff\u00bb][\/et_pb_button][\/et_pb_column][\/et_pb_row][\/et_pb_section][et_pb_section fb_built=\u00bb1&#8243; _builder_version=\u00bb3.26.3&#8243;][et_pb_row _builder_version=\u00bb3.26.3&#8243; width=\u00bb60%\u00bb max_width=\u00bb100%\u00bb][et_pb_column type=\u00bb4_4&#8243; _builder_version=\u00bb3.26.3&#8243;][et_pb_tabs _builder_version=\u00bb4.8.2&#8243; hover_enabled=\u00bb0&#8243; sticky_enabled=\u00bb0&#8243;][et_pb_tab title=\u00bbEstuche Ajo Negro\u00bb content_last_edited=\u00bboff|phone\u00bb _builder_version=\u00bb4.8.2&#8243; tab_line_height=\u00bb2.5em\u00bb custom_padding=\u00bb2em||2em||true|false\u00bb hover_enabled=\u00bb0&#8243; sticky_enabled=\u00bb0&#8243;]<\/p>\n<table height=\"31\" style=\"width: 100%; height: 31px;\">\n<tbody>\n<tr>\n<td style=\"width: 41.2451%;\"><img decoding=\"async\" src=\"https:\/\/labarraca1912.es\/wp-content\/uploads\/2020\/10\/Pack2AjoNegro-300x300.jpg\" width=\"300\" height=\"300\" alt=\"\" class=\"wp-image-5583 alignnone size-medium\" \/><\/td>\n<td style=\"width: 56.0311%; text-align: left;\">\n<h3><strong>Ajo Negro<\/strong><\/h3>\n<p>Peso Neto: 85g<\/p>\n<p>EAN: 8412666026096<\/p>\n<p>Bandeja: 10 Packs<\/p>\n<\/td>\n<\/tr>\n<\/tbody>\n<\/table>\n<p>&nbsp;<\/p>\n<p>[\/et_pb_tab][\/et_pb_tabs][\/et_pb_column][\/et_pb_row][\/et_pb_section][et_pb_section fb_built=\u00bb1&#8243; _builder_version=\u00bb3.29.3&#8243; background_color=\u00bb#f7f7f7&#8243; background_image=\u00bbhttps:\/\/labarraca1912.es\/wp-content\/uploads\/2019\/07\/tea_shop_42.jpg\u00bb custom_margin=\u00bb||||true|false\u00bb custom_padding=\u00bb8em||8em||true|false\u00bb global_module=\u00bb884&#8243; saved_tabs=\u00bball\u00bb][et_pb_row _builder_version=\u00bb3.26.3&#8243; width=\u00bb60%\u00bb width_tablet=\u00bb\u00bb width_phone=\u00bb80%\u00bb width_last_edited=\u00bbon|phone\u00bb max_width=\u00bb100%\u00bb][et_pb_column type=\u00bb4_4&#8243; _builder_version=\u00bb3.26.3&#8243;][et_pb_text _builder_version=\u00bb3.27.4&#8243;]<\/p>\n<h3><strong>Tambi\u00e9n te puede interesar:<\/strong><\/h3>\n<p>[\/et_pb_text][\/et_pb_column][\/et_pb_row][et_pb_row column_structure=\u00bb1_6,1_6,1_6,1_6,1_6,1_6&#8243; use_custom_gutter=\u00bbon\u00bb _builder_version=\u00bb3.26.3&#8243; width=\u00bb60%\u00bb width_tablet=\u00bb\u00bb width_phone=\u00bb80%\u00bb width_last_edited=\u00bbon|desktop\u00bb max_width=\u00bb100%\u00bb custom_margin=\u00bb||||false|false\u00bb custom_padding=\u00bb||3px|||\u00bb][et_pb_column type=\u00bb1_6&#8243; _builder_version=\u00bb3.26.3&#8243;][et_pb_blurb title=\u00bbBIO\u00bb url=\u00bbhttps:\/\/labarraca1912.es\/bio\/\u00bb image=\u00bbhttps:\/\/labarraca1912.es\/wp-content\/uploads\/2019\/08\/icon-bio.png\u00bb icon_placement=\u00bbleft\u00bb image_max_width=\u00bb60px\u00bb _builder_version=\u00bb3.26.3&#8243; custom_margin=\u00bb|-102px||||\u00bb link_option_url=\u00bbhttps:\/\/labarraca1912.es\/bio\/\u00bb]<\/p>\n<p>Certificaci\u00f3n Bio para envasar productos ecol\u00f3gicos.<\/p>\n<p>[\/et_pb_blurb][\/et_pb_column][et_pb_column type=\u00bb1_6&#8243; _builder_version=\u00bb3.26.3&#8243;][\/et_pb_column][et_pb_column type=\u00bb1_6&#8243; _builder_version=\u00bb3.26.3&#8243;][et_pb_blurb title=\u00bbAl\u00e9rgenos\u00bb url=\u00bbhttps:\/\/labarraca1912.es\/alergenos\/\u00bb image=\u00bbhttps:\/\/labarraca1912.es\/wp-content\/uploads\/2019\/08\/icon-alergenos.png\u00bb icon_placement=\u00bbleft\u00bb image_max_width=\u00bb60px\u00bb _builder_version=\u00bb3.26.3&#8243; custom_margin=\u00bb|-102px||||\u00bb link_option_url=\u00bbhttps:\/\/labarraca1912.es\/alergenos\/\u00bb]<\/p>\n<p>Lista de al\u00e9rgenos y trazas en nuestros productos.\u00a0<\/p>\n<p>[\/et_pb_blurb][\/et_pb_column][et_pb_column type=\u00bb1_6&#8243; _builder_version=\u00bb3.26.3&#8243;][\/et_pb_column][et_pb_column type=\u00bb1_6&#8243; _builder_version=\u00bb3.26.3&#8243;][et_pb_blurb title=\u00bbFichas t\u00e9cnicas\u00bb url=\u00bbhttps:\/\/labarraca1912.es\/ficha-tecnica\/\u00bb image=\u00bbhttps:\/\/labarraca1912.es\/wp-content\/uploads\/2019\/08\/icon-folder.png\u00bb icon_placement=\u00bbleft\u00bb image_max_width=\u00bb60px\u00bb content_max_width=\u00bb100%\u00bb _builder_version=\u00bb4.4.5&#8243; custom_margin=\u00bb|-229px||||\u00bb custom_padding=\u00bb|0px||||\u00bb link_option_url=\u00bbhttps:\/\/labarraca1912.es\/ficha-tecnica\/\u00bb]<\/p>\n<p>Descarga las fichas t\u00e9cnicas de nuestros productos, y conoce su composici\u00f3n al detalle.\u00a0<\/p>\n<p>[\/et_pb_blurb][\/et_pb_column][et_pb_column type=\u00bb1_6&#8243; _builder_version=\u00bb3.26.3&#8243;][\/et_pb_column][\/et_pb_row][\/et_pb_section][et_pb_section fb_built=\u00bb1&#8243; custom_padding_last_edited=\u00bbon|desktop\u00bb admin_label=\u00bbFooter Section\u00bb _builder_version=\u00bb3.26.3&#8243; use_background_color_gradient=\u00bbon\u00bb background_color_gradient_start=\u00bb#ffffff\u00bb background_color_gradient_end=\u00bbrgba(255,255,255,0.66)\u00bb background_color_gradient_overlays_image=\u00bbon\u00bb background_image=\u00bbhttps:\/\/labarraca1912.es\/wp-content\/uploads\/2019\/07\/tea_shop_48.jpg\u00bb custom_padding=\u00bb120px|||\u00bb custom_padding_tablet=\u00bb\u00bb custom_padding_phone=\u00bb3em||\u00bb global_module=\u00bb796&#8243; saved_tabs=\u00bball\u00bb][et_pb_row column_structure=\u00bb1_3,1_3,1_3&#8243; _builder_version=\u00bb3.25&#8243; custom_margin=\u00bb70px|||\u00bb][et_pb_column type=\u00bb1_3&#8243; _builder_version=\u00bb3.25&#8243; custom_padding=\u00bb|||\u00bb custom_padding__hover=\u00bb|||\u00bb][et_pb_blurb title=\u00bbVis\u00edtanos\u00bb use_icon=\u00bbon\u00bb font_icon=\u00bb%%236%%\u00bb use_circle=\u00bbon\u00bb circle_color=\u00bbrgba(0,0,0,0)\u00bb use_circle_border=\u00bbon\u00bb use_icon_font_size=\u00bbon\u00bb icon_font_size=\u00bb30px\u00bb _builder_version=\u00bb3.26.3&#8243; header_font=\u00bb||||||||\u00bb header_text_align=\u00bbcenter\u00bb header_text_color=\u00bb#b28d10&#8243; header_font_size=\u00bb30px\u00bb body_font=\u00bb||||||||\u00bb body_text_color=\u00bb#252525&#8243; body_font_size=\u00bb18px\u00bb body_line_height=\u00bb2em\u00bb text_orientation=\u00bbcenter\u00bb]<span style=\"color: #252525;\"><a href=\"https:\/\/goo.gl\/maps\/MgPdmDg4oGswx87N6\" style=\"color: #252525;\" target=\"_blank\" rel=\"noopener\">Pol\u00edgono Industrial \u00abEl Fondonet\u00bb \u00b7 c\/La Serreta, 49, Novelda (Alicante)<\/a><\/span>[\/et_pb_blurb][\/et_pb_column][et_pb_column type=\u00bb1_3&#8243; _builder_version=\u00bb3.25&#8243; custom_padding=\u00bb|||\u00bb custom_padding__hover=\u00bb|||\u00bb][et_pb_blurb title=\u00bbContacto\u00bb use_icon=\u00bbon\u00bb font_icon=\u00bb%%264%%\u00bb use_circle=\u00bbon\u00bb circle_color=\u00bbrgba(0,0,0,0)\u00bb use_circle_border=\u00bbon\u00bb use_icon_font_size=\u00bbon\u00bb icon_font_size=\u00bb30px\u00bb _builder_version=\u00bb3.26.3&#8243; header_font=\u00bb||||||||\u00bb header_text_align=\u00bbcenter\u00bb header_text_color=\u00bb#b28d10&#8243; header_font_size=\u00bb30px\u00bb body_font=\u00bb||||||||\u00bb body_font_size=\u00bb18px\u00bb body_line_height=\u00bb2em\u00bb text_orientation=\u00bbcenter\u00bb]<\/p>\n<p><span style=\"color: #252525;\"><a href=\"tel:+34965600092\" style=\"color: #252525;\">(+34) 96 560 00 92<br \/> <\/a><a href=\"tel:+34965600019\" style=\"color: #252525;\">(+34) 96 560 00 19<\/a><\/span><\/p>\n<p>[\/et_pb_blurb][\/et_pb_column][et_pb_column type=\u00bb1_3&#8243; _builder_version=\u00bb3.25&#8243; custom_padding=\u00bb|||\u00bb custom_padding__hover=\u00bb|||\u00bb][et_pb_blurb title=\u00bbEscr\u00edbenos\u00bb use_icon=\u00bbon\u00bb font_icon=\u00bb%%238%%\u00bb use_circle=\u00bbon\u00bb circle_color=\u00bbrgba(0,0,0,0)\u00bb use_circle_border=\u00bbon\u00bb use_icon_font_size=\u00bbon\u00bb icon_font_size=\u00bb30px\u00bb _builder_version=\u00bb3.26.3&#8243; header_font=\u00bb||||||||\u00bb header_text_align=\u00bbcenter\u00bb header_text_color=\u00bb#b28d10&#8243; header_font_size=\u00bb30px\u00bb body_font=\u00bb||||||||\u00bb body_font_size=\u00bb18px\u00bb body_line_height=\u00bb2em\u00bb text_orientation=\u00bbcenter\u00bb]<\/p>\n<p><span style=\"color: #252525;\"><a href=\"mailto:info@labarraca1912.com\" style=\"color: #252525;\">info@labarraca1912.com<\/a><\/span><br \/> <span style=\"color: #252525;\"> <a href=\"mailto:marketing@labarraca1912.com\" style=\"color: #252525;\">marketing@labarraca1912.com<\/a><\/span><\/p>\n<p>[\/et_pb_blurb][\/et_pb_column][\/et_pb_row][et_pb_row _builder_version=\u00bb3.25.4&#8243;][et_pb_column type=\u00bb4_4&#8243; _builder_version=\u00bb3.25.4&#8243;][et_pb_button button_url=\u00bbhttps:\/\/labarraca1912.es\/contacto\/\u00bb button_text=\u00bbIr a contacto\u00bb button_alignment=\u00bbcenter\u00bb _builder_version=\u00bb4.8.2&#8243; custom_button=\u00bbon\u00bb button_text_size=\u00bb16px\u00bb button_text_color=\u00bb#ffffff\u00bb button_bg_color=\u00bb#252525&#8243; button_border_width=\u00bb5px\u00bb button_border_color=\u00bb#252525&#8243; button_font=\u00bb||||||||\u00bb button_border_color__hover_enabled=\u00bbon|hover\u00bb button_border_color__hover=\u00bb#252525&#8243;][\/et_pb_button][\/et_pb_column][\/et_pb_row][et_pb_row _builder_version=\u00bb3.25.4&#8243; custom_margin=\u00bb6em|auto||auto||\u00bb][et_pb_column type=\u00bb4_4&#8243; _builder_version=\u00bb3.25&#8243; custom_padding=\u00bb|||\u00bb custom_padding__hover=\u00bb|||\u00bb][et_pb_social_media_follow _builder_version=\u00bb3.29.3&#8243; text_orientation=\u00bbcenter\u00bb locked=\u00bboff\u00bb][et_pb_social_media_follow_network social_network=\u00bbfacebook\u00bb url=\u00bbhttps:\/\/www.facebook.com\/labarraca1912&#8243; _builder_version=\u00bb3.25.4&#8243; background_color=\u00bbrgba(0,0,0,0.26)\u00bb custom_margin=\u00bb8px|8px|8px|8px\u00bb custom_padding=\u00bb6px|6px|6px|6px\u00bb border_radii=\u00bbon||||\u00bb follow_button=\u00bboff\u00bb url_new_window=\u00bbon\u00bb]facebook[\/et_pb_social_media_follow_network][et_pb_social_media_follow_network social_network=\u00bbinstagram\u00bb url=\u00bbhttps:\/\/www.instagram.com\/labarraca1912\/\u00bb _builder_version=\u00bb3.29.3&#8243; background_color=\u00bbrgba(0,0,0,0.26)\u00bb custom_margin=\u00bb8px|8px|8px|8px\u00bb custom_padding=\u00bb6px|6px|6px|6px\u00bb border_radii=\u00bbon||||\u00bb follow_button=\u00bboff\u00bb url_new_window=\u00bbon\u00bb]instagram[\/et_pb_social_media_follow_network][et_pb_social_media_follow_network social_network=\u00bblinkedin\u00bb url=\u00bbhttps:\/\/www.linkedin.com\/company\/la-barraca-alimentacion\/\u00bb _builder_version=\u00bb3.29.3&#8243; background_color=\u00bb#8f8f8f\u00bb background_enable_color=\u00bbon\u00bb custom_margin=\u00bb8px|8px|8px|8px\u00bb custom_padding=\u00bb6px|6px|6px|6px\u00bb border_radii=\u00bbon||||\u00bb follow_button=\u00bboff\u00bb url_new_window=\u00bbon\u00bb]linkedin[\/et_pb_social_media_follow_network][\/et_pb_social_media_follow][\/et_pb_column][\/et_pb_row][\/et_pb_section]<\/p>\n","protected":false},"excerpt":{"rendered":"<p>Ajo NegroEl Ajo Negro es un tipo de ajo caramelizado, que se obtiene a trav\u00e9s del ajo com\u00fan mediante un lento proceso. Se elabora sometiendo los bulbos de ajo a calor y humedad durante semanas, transformando los dientes de ajo en un color negro intenso. Tiene un sabor dulce, con ligeros toques a vinagre bals\u00e1mico [&hellip;]<\/p>\n","protected":false},"author":2,"featured_media":0,"parent":0,"menu_order":0,"comment_status":"closed","ping_status":"closed","template":"","meta":{"_et_pb_use_builder":"on","_et_pb_old_content":"","_et_gb_content_width":"","footnotes":""},"class_list":["post-5585","page","type-page","status-publish","hentry"],"yoast_head":"<!-- This site is optimized with the Yoast SEO plugin v27.4 - https:\/\/yoast.com\/product\/yoast-seo-wordpress\/ -->\n<title>Ajo Negro - La Barraca<\/title>\n<meta name=\"robots\" content=\"index, follow, max-snippet:-1, max-image-preview:large, max-video-preview:-1\" \/>\n<link rel=\"canonical\" href=\"https:\/\/labarraca1912.es\/en\/ajo-negro\/\" \/>\n<meta property=\"og:locale\" content=\"en_GB\" \/>\n<meta property=\"og:type\" content=\"article\" \/>\n<meta property=\"og:title\" content=\"Ajo Negro - La Barraca\" \/>\n<meta property=\"og:description\" content=\"Ajo NegroEl Ajo Negro es un tipo de ajo caramelizado, que se obtiene a trav\u00e9s del ajo com\u00fan mediante un lento proceso. Se elabora sometiendo los bulbos de ajo a calor y humedad durante semanas, transformando los dientes de ajo en un color negro intenso. Tiene un sabor dulce, con ligeros toques a vinagre bals\u00e1mico [&hellip;]\" \/>\n<meta property=\"og:url\" content=\"https:\/\/labarraca1912.es\/en\/ajo-negro\/\" \/>\n<meta property=\"og:site_name\" content=\"La Barraca\" \/>\n<meta property=\"article:modified_time\" content=\"2021-02-05T09:53:54+00:00\" \/>\n<meta property=\"og:image\" content=\"https:\/\/labarraca1912.es\/wp-content\/uploads\/2020\/10\/Pack2AjoNegro-300x300.jpg\" \/>\n<meta name=\"twitter:card\" content=\"summary_large_image\" \/>\n<meta name=\"twitter:label1\" content=\"Estimated reading time\" \/>\n\t<meta name=\"twitter:data1\" content=\"3 minutes\" \/>\n<script type=\"application\/ld+json\" class=\"yoast-schema-graph\">{\"@context\":\"https:\\\/\\\/schema.org\",\"@graph\":[{\"@type\":\"WebPage\",\"@id\":\"https:\\\/\\\/labarraca1912.es\\\/ajo-negro\\\/\",\"url\":\"https:\\\/\\\/labarraca1912.es\\\/ajo-negro\\\/\",\"name\":\"Ajo Negro - La Barraca\",\"isPartOf\":{\"@id\":\"https:\\\/\\\/labarraca1912.es\\\/#website\"},\"primaryImageOfPage\":{\"@id\":\"https:\\\/\\\/labarraca1912.es\\\/ajo-negro\\\/#primaryimage\"},\"image\":{\"@id\":\"https:\\\/\\\/labarraca1912.es\\\/ajo-negro\\\/#primaryimage\"},\"thumbnailUrl\":\"https:\\\/\\\/labarraca1912.es\\\/wp-content\\\/uploads\\\/2020\\\/10\\\/Pack2AjoNegro-300x300.jpg\",\"datePublished\":\"2020-10-06T08:53:02+00:00\",\"dateModified\":\"2021-02-05T09:53:54+00:00\",\"breadcrumb\":{\"@id\":\"https:\\\/\\\/labarraca1912.es\\\/ajo-negro\\\/#breadcrumb\"},\"inLanguage\":\"en-GB\",\"potentialAction\":[{\"@type\":\"ReadAction\",\"target\":[\"https:\\\/\\\/labarraca1912.es\\\/ajo-negro\\\/\"]}]},{\"@type\":\"ImageObject\",\"inLanguage\":\"en-GB\",\"@id\":\"https:\\\/\\\/labarraca1912.es\\\/ajo-negro\\\/#primaryimage\",\"url\":\"https:\\\/\\\/labarraca1912.es\\\/wp-content\\\/uploads\\\/2020\\\/10\\\/Pack2AjoNegro-300x300.jpg\",\"contentUrl\":\"https:\\\/\\\/labarraca1912.es\\\/wp-content\\\/uploads\\\/2020\\\/10\\\/Pack2AjoNegro-300x300.jpg\"},{\"@type\":\"BreadcrumbList\",\"@id\":\"https:\\\/\\\/labarraca1912.es\\\/ajo-negro\\\/#breadcrumb\",\"itemListElement\":[{\"@type\":\"ListItem\",\"position\":1,\"name\":\"La Barraca\",\"item\":\"https:\\\/\\\/labarraca1912.es\\\/\"},{\"@type\":\"ListItem\",\"position\":2,\"name\":\"Ajo Negro\"}]},{\"@type\":\"WebSite\",\"@id\":\"https:\\\/\\\/labarraca1912.es\\\/#website\",\"url\":\"https:\\\/\\\/labarraca1912.es\\\/\",\"name\":\"La Barraca\",\"description\":\"La Casa del Sabor\",\"publisher\":{\"@id\":\"https:\\\/\\\/labarraca1912.es\\\/#organization\"},\"potentialAction\":[{\"@type\":\"SearchAction\",\"target\":{\"@type\":\"EntryPoint\",\"urlTemplate\":\"https:\\\/\\\/labarraca1912.es\\\/?s={search_term_string}\"},\"query-input\":{\"@type\":\"PropertyValueSpecification\",\"valueRequired\":true,\"valueName\":\"search_term_string\"}}],\"inLanguage\":\"en-GB\"},{\"@type\":\"Organization\",\"@id\":\"https:\\\/\\\/labarraca1912.es\\\/#organization\",\"name\":\"La Barraca 1912 Alimentacion\",\"url\":\"https:\\\/\\\/labarraca1912.es\\\/\",\"logo\":{\"@type\":\"ImageObject\",\"inLanguage\":\"en-GB\",\"@id\":\"https:\\\/\\\/labarraca1912.es\\\/#\\\/schema\\\/logo\\\/image\\\/\",\"url\":\"https:\\\/\\\/labarraca1912.es\\\/wp-content\\\/uploads\\\/2019\\\/06\\\/logo-labarraca.png\",\"contentUrl\":\"https:\\\/\\\/labarraca1912.es\\\/wp-content\\\/uploads\\\/2019\\\/06\\\/logo-labarraca.png\",\"width\":2917,\"height\":1809,\"caption\":\"La Barraca 1912 Alimentacion\"},\"image\":{\"@id\":\"https:\\\/\\\/labarraca1912.es\\\/#\\\/schema\\\/logo\\\/image\\\/\"}}]}<\/script>\n<!-- \/ Yoast SEO plugin. -->","yoast_head_json":{"title":"Ajo Negro - La Barraca","robots":{"index":"index","follow":"follow","max-snippet":"max-snippet:-1","max-image-preview":"max-image-preview:large","max-video-preview":"max-video-preview:-1"},"canonical":"https:\/\/labarraca1912.es\/en\/ajo-negro\/","og_locale":"en_GB","og_type":"article","og_title":"Ajo Negro - La Barraca","og_description":"Ajo NegroEl Ajo Negro es un tipo de ajo caramelizado, que se obtiene a trav\u00e9s del ajo com\u00fan mediante un lento proceso. Se elabora sometiendo los bulbos de ajo a calor y humedad durante semanas, transformando los dientes de ajo en un color negro intenso. Tiene un sabor dulce, con ligeros toques a vinagre bals\u00e1mico [&hellip;]","og_url":"https:\/\/labarraca1912.es\/en\/ajo-negro\/","og_site_name":"La Barraca","article_modified_time":"2021-02-05T09:53:54+00:00","og_image":[{"url":"https:\/\/labarraca1912.es\/wp-content\/uploads\/2020\/10\/Pack2AjoNegro-300x300.jpg","type":"","width":"","height":""}],"twitter_card":"summary_large_image","twitter_misc":{"Estimated reading time":"3 minutes"},"schema":{"@context":"https:\/\/schema.org","@graph":[{"@type":"WebPage","@id":"https:\/\/labarraca1912.es\/ajo-negro\/","url":"https:\/\/labarraca1912.es\/ajo-negro\/","name":"Ajo Negro - La Barraca","isPartOf":{"@id":"https:\/\/labarraca1912.es\/#website"},"primaryImageOfPage":{"@id":"https:\/\/labarraca1912.es\/ajo-negro\/#primaryimage"},"image":{"@id":"https:\/\/labarraca1912.es\/ajo-negro\/#primaryimage"},"thumbnailUrl":"https:\/\/labarraca1912.es\/wp-content\/uploads\/2020\/10\/Pack2AjoNegro-300x300.jpg","datePublished":"2020-10-06T08:53:02+00:00","dateModified":"2021-02-05T09:53:54+00:00","breadcrumb":{"@id":"https:\/\/labarraca1912.es\/ajo-negro\/#breadcrumb"},"inLanguage":"en-GB","potentialAction":[{"@type":"ReadAction","target":["https:\/\/labarraca1912.es\/ajo-negro\/"]}]},{"@type":"ImageObject","inLanguage":"en-GB","@id":"https:\/\/labarraca1912.es\/ajo-negro\/#primaryimage","url":"https:\/\/labarraca1912.es\/wp-content\/uploads\/2020\/10\/Pack2AjoNegro-300x300.jpg","contentUrl":"https:\/\/labarraca1912.es\/wp-content\/uploads\/2020\/10\/Pack2AjoNegro-300x300.jpg"},{"@type":"BreadcrumbList","@id":"https:\/\/labarraca1912.es\/ajo-negro\/#breadcrumb","itemListElement":[{"@type":"ListItem","position":1,"name":"La Barraca","item":"https:\/\/labarraca1912.es\/"},{"@type":"ListItem","position":2,"name":"Ajo Negro"}]},{"@type":"WebSite","@id":"https:\/\/labarraca1912.es\/#website","url":"https:\/\/labarraca1912.es\/","name":"La Barraca","description":"La Casa del Sabor","publisher":{"@id":"https:\/\/labarraca1912.es\/#organization"},"potentialAction":[{"@type":"SearchAction","target":{"@type":"EntryPoint","urlTemplate":"https:\/\/labarraca1912.es\/?s={search_term_string}"},"query-input":{"@type":"PropertyValueSpecification","valueRequired":true,"valueName":"search_term_string"}}],"inLanguage":"en-GB"},{"@type":"Organization","@id":"https:\/\/labarraca1912.es\/#organization","name":"La Barraca 1912 Alimentacion","url":"https:\/\/labarraca1912.es\/","logo":{"@type":"ImageObject","inLanguage":"en-GB","@id":"https:\/\/labarraca1912.es\/#\/schema\/logo\/image\/","url":"https:\/\/labarraca1912.es\/wp-content\/uploads\/2019\/06\/logo-labarraca.png","contentUrl":"https:\/\/labarraca1912.es\/wp-content\/uploads\/2019\/06\/logo-labarraca.png","width":2917,"height":1809,"caption":"La Barraca 1912 Alimentacion"},"image":{"@id":"https:\/\/labarraca1912.es\/#\/schema\/logo\/image\/"}}]}},"_links":{"self":[{"href":"https:\/\/labarraca1912.es\/en\/wp-json\/wp\/v2\/pages\/5585","targetHints":{"allow":["GET"]}}],"collection":[{"href":"https:\/\/labarraca1912.es\/en\/wp-json\/wp\/v2\/pages"}],"about":[{"href":"https:\/\/labarraca1912.es\/en\/wp-json\/wp\/v2\/types\/page"}],"author":[{"embeddable":true,"href":"https:\/\/labarraca1912.es\/en\/wp-json\/wp\/v2\/users\/2"}],"replies":[{"embeddable":true,"href":"https:\/\/labarraca1912.es\/en\/wp-json\/wp\/v2\/comments?post=5585"}],"version-history":[{"count":0,"href":"https:\/\/labarraca1912.es\/en\/wp-json\/wp\/v2\/pages\/5585\/revisions"}],"wp:attachment":[{"href":"https:\/\/labarraca1912.es\/en\/wp-json\/wp\/v2\/media?parent=5585"}],"curies":[{"name":"wp","href":"https:\/\/api.w.org\/{rel}","templated":true}]}}