{"id":6752,"date":"2021-03-04T10:54:35","date_gmt":"2021-03-04T09:54:35","guid":{"rendered":"https:\/\/labarraca1912.es\/?page_id=6752"},"modified":"2021-03-04T11:17:28","modified_gmt":"2021-03-04T10:17:28","slug":"sazonador-paella-marinera-con-azafran","status":"publish","type":"page","link":"https:\/\/labarraca1912.es\/en\/sazonador-paella-marinera-con-azafran\/","title":{"rendered":"Seafood Paella Seasoning with Saffron"},"content":{"rendered":"<p>[et_pb_section fb_built=\u00bb1&#8243; _builder_version=\u00bb3.22&#8243;][et_pb_row _builder_version=\u00bb3.25&#8243; background_size=\u00bbinitial\u00bb background_position=\u00bbtop_left\u00bb background_repeat=\u00bbrepeat\u00bb][et_pb_column type=\u00bb4_4&#8243; _builder_version=\u00bb3.25&#8243; custom_padding=\u00bb|||\u00bb custom_padding__hover=\u00bb|||\u00bb][et_pb_image src=\u00bbhttps:\/\/labarraca1912.es\/wp-content\/uploads\/2021\/03\/Sazonador-Paella-Marinera-scaled.jpg\u00bb _builder_version=\u00bb4.9.0&#8243; _module_preset=\u00bbdefault\u00bb title_text=\u00bbSeafood paella in the fry pan with prawns, shrimps, octopus and\u00bb hover_enabled=\u00bb0&#8243; sticky_enabled=\u00bb0&#8243;][\/et_pb_image][\/et_pb_column][\/et_pb_row][et_pb_row _builder_version=\u00bb3.25&#8243; background_size=\u00bbinitial\u00bb background_position=\u00bbtop_left\u00bb background_repeat=\u00bbrepeat\u00bb][et_pb_column type=\u00bb4_4&#8243; _builder_version=\u00bb3.25&#8243; custom_padding=\u00bb|||\u00bb custom_padding__hover=\u00bb|||\u00bb][et_pb_text _builder_version=\u00bb3.27.4&#8243; background_size=\u00bbinitial\u00bb background_position=\u00bbtop_left\u00bb background_repeat=\u00bbrepeat\u00bb]<!-- divi:paragraph --><\/p>\n<p><strong>PROXIMAMENTE DISPONIBLE<\/strong><\/p>\n<p><!-- \/divi:paragraph --><\/p>\n<p><!-- divi:separator {\"className\":\"is-style-wide\"} --><\/p>\n<hr class=\"wp-block-separator is-style-wide\"\/>\n<!-- \/divi:separator --><\/p>\n<p><!-- divi:paragraph --><\/p>\n<p>El <em>Sazonador Paella Marinera con Azafr\u00e1n<\/em> est\u00e1 compuesto de una mezcla de diferentes tipos de especias y hierbas que combinadas junto con el  con el <a href=\"https:\/\/labarraca1912.es\/azafran-hebra\/\">Azafr\u00e1n<\/a> hacen de este producto indispensable en la creaci\u00f3n de paellas o guisos de pescado, y tambi\u00e9n puede ser utilizado en la Fideu\u00e1.<\/p>\n<p><!-- \/divi:paragraph --><\/p>\n<p><!-- divi:image {\"align\":\"center\",\"id\":6748,\"width\":372,\"height\":462,\"sizeSlug\":\"large\",\"linkDestination\":\"none\"} --><\/p>\n<div class=\"wp-block-image\">\n<figure class=\"aligncenter size-large is-resized\"><img decoding=\"async\" src=\"https:\/\/labarraca1912.es\/wp-content\/uploads\/2021\/03\/Estuche-3-sobres-Sazonador-Paella-Marinera-2020.jpg\" alt=\"\" class=\"wp-image-6748\" width=\"372\" height=\"462\"\/><figcaption>Sazonador Paella Marinera con Azafr\u00e1n (3x3g) 9g<\/figcaption><\/figure>\n<\/div>\n<p><!-- \/divi:image --><\/p>\n<p><!-- divi:paragraph --><\/p>\n<p>\u00a1Muy pronto disponible en nuestra <a href=\"https:\/\/labarraca1912.es\/tienda\/\">Tienda Online<\/a>!<\/p>\n<p><!-- \/divi:paragraph -->[\/et_pb_text][\/et_pb_column][\/et_pb_row][\/et_pb_section]<\/p>\n","protected":false},"excerpt":{"rendered":"<p>PROXIMAMENTE DISPONIBLE El Sazonador Paella Marinera con Azafr\u00e1n est\u00e1 compuesto de una mezcla de diferentes tipos de especias y hierbas que combinadas junto con el con el Azafr\u00e1n hacen de este producto indispensable en la creaci\u00f3n de paellas o guisos de pescado, y tambi\u00e9n puede ser utilizado en la Fideu\u00e1. Sazonador Paella Marinera con Azafr\u00e1n [&hellip;]<\/p>\n","protected":false},"author":2,"featured_media":0,"parent":0,"menu_order":0,"comment_status":"closed","ping_status":"closed","template":"","meta":{"_et_pb_use_builder":"on","_et_pb_old_content":"","_et_gb_content_width":"","footnotes":""},"class_list":["post-6752","page","type-page","status-publish","hentry"],"yoast_head":"<!-- This site is optimized with the Yoast SEO plugin v27.4 - https:\/\/yoast.com\/product\/yoast-seo-wordpress\/ -->\n<title>Sazonador Paella Marinera con Azafr\u00e1n - La Barraca<\/title>\n<meta name=\"robots\" content=\"index, follow, max-snippet:-1, max-image-preview:large, max-video-preview:-1\" \/>\n<link rel=\"canonical\" href=\"https:\/\/labarraca1912.es\/en\/sazonador-paella-marinera-con-azafran\/\" \/>\n<meta property=\"og:locale\" content=\"en_GB\" \/>\n<meta property=\"og:type\" content=\"article\" \/>\n<meta property=\"og:title\" content=\"Sazonador Paella Marinera con Azafr\u00e1n - La Barraca\" \/>\n<meta property=\"og:description\" content=\"PROXIMAMENTE DISPONIBLE El Sazonador Paella Marinera con Azafr\u00e1n est\u00e1 compuesto de una mezcla de diferentes tipos de especias y hierbas que combinadas junto con el con el Azafr\u00e1n hacen de este producto indispensable en la creaci\u00f3n de paellas o guisos de pescado, y tambi\u00e9n puede ser utilizado en la Fideu\u00e1. Sazonador Paella Marinera con Azafr\u00e1n [&hellip;]\" \/>\n<meta property=\"og:url\" content=\"https:\/\/labarraca1912.es\/en\/sazonador-paella-marinera-con-azafran\/\" \/>\n<meta property=\"og:site_name\" content=\"La Barraca\" \/>\n<meta property=\"article:modified_time\" content=\"2021-03-04T10:17:28+00:00\" \/>\n<meta property=\"og:image\" content=\"https:\/\/labarraca1912.es\/wp-content\/uploads\/2021\/03\/Estuche-3-sobres-Sazonador-Paella-Marinera-2020.jpg\" \/>\n<meta name=\"twitter:card\" content=\"summary_large_image\" \/>\n<meta name=\"twitter:label1\" content=\"Estimated reading time\" \/>\n\t<meta name=\"twitter:data1\" content=\"1 minute\" \/>\n<script type=\"application\/ld+json\" class=\"yoast-schema-graph\">{\"@context\":\"https:\\\/\\\/schema.org\",\"@graph\":[{\"@type\":\"WebPage\",\"@id\":\"https:\\\/\\\/labarraca1912.es\\\/sazonador-paella-marinera-con-azafran\\\/\",\"url\":\"https:\\\/\\\/labarraca1912.es\\\/sazonador-paella-marinera-con-azafran\\\/\",\"name\":\"Sazonador Paella Marinera con Azafr\u00e1n - La Barraca\",\"isPartOf\":{\"@id\":\"https:\\\/\\\/labarraca1912.es\\\/#website\"},\"primaryImageOfPage\":{\"@id\":\"https:\\\/\\\/labarraca1912.es\\\/sazonador-paella-marinera-con-azafran\\\/#primaryimage\"},\"image\":{\"@id\":\"https:\\\/\\\/labarraca1912.es\\\/sazonador-paella-marinera-con-azafran\\\/#primaryimage\"},\"thumbnailUrl\":\"https:\\\/\\\/labarraca1912.es\\\/wp-content\\\/uploads\\\/2021\\\/03\\\/Estuche-3-sobres-Sazonador-Paella-Marinera-2020.jpg\",\"datePublished\":\"2021-03-04T09:54:35+00:00\",\"dateModified\":\"2021-03-04T10:17:28+00:00\",\"breadcrumb\":{\"@id\":\"https:\\\/\\\/labarraca1912.es\\\/sazonador-paella-marinera-con-azafran\\\/#breadcrumb\"},\"inLanguage\":\"en-GB\",\"potentialAction\":[{\"@type\":\"ReadAction\",\"target\":[\"https:\\\/\\\/labarraca1912.es\\\/sazonador-paella-marinera-con-azafran\\\/\"]}]},{\"@type\":\"ImageObject\",\"inLanguage\":\"en-GB\",\"@id\":\"https:\\\/\\\/labarraca1912.es\\\/sazonador-paella-marinera-con-azafran\\\/#primaryimage\",\"url\":\"https:\\\/\\\/labarraca1912.es\\\/wp-content\\\/uploads\\\/2021\\\/03\\\/Estuche-3-sobres-Sazonador-Paella-Marinera-2020.jpg\",\"contentUrl\":\"https:\\\/\\\/labarraca1912.es\\\/wp-content\\\/uploads\\\/2021\\\/03\\\/Estuche-3-sobres-Sazonador-Paella-Marinera-2020.jpg\"},{\"@type\":\"BreadcrumbList\",\"@id\":\"https:\\\/\\\/labarraca1912.es\\\/sazonador-paella-marinera-con-azafran\\\/#breadcrumb\",\"itemListElement\":[{\"@type\":\"ListItem\",\"position\":1,\"name\":\"La Barraca\",\"item\":\"https:\\\/\\\/labarraca1912.es\\\/\"},{\"@type\":\"ListItem\",\"position\":2,\"name\":\"Sazonador Paella Marinera con Azafr\u00e1n\"}]},{\"@type\":\"WebSite\",\"@id\":\"https:\\\/\\\/labarraca1912.es\\\/#website\",\"url\":\"https:\\\/\\\/labarraca1912.es\\\/\",\"name\":\"La Barraca\",\"description\":\"La Casa del Sabor\",\"publisher\":{\"@id\":\"https:\\\/\\\/labarraca1912.es\\\/#organization\"},\"potentialAction\":[{\"@type\":\"SearchAction\",\"target\":{\"@type\":\"EntryPoint\",\"urlTemplate\":\"https:\\\/\\\/labarraca1912.es\\\/?s={search_term_string}\"},\"query-input\":{\"@type\":\"PropertyValueSpecification\",\"valueRequired\":true,\"valueName\":\"search_term_string\"}}],\"inLanguage\":\"en-GB\"},{\"@type\":\"Organization\",\"@id\":\"https:\\\/\\\/labarraca1912.es\\\/#organization\",\"name\":\"La Barraca 1912 Alimentacion\",\"url\":\"https:\\\/\\\/labarraca1912.es\\\/\",\"logo\":{\"@type\":\"ImageObject\",\"inLanguage\":\"en-GB\",\"@id\":\"https:\\\/\\\/labarraca1912.es\\\/#\\\/schema\\\/logo\\\/image\\\/\",\"url\":\"https:\\\/\\\/labarraca1912.es\\\/wp-content\\\/uploads\\\/2019\\\/06\\\/logo-labarraca.png\",\"contentUrl\":\"https:\\\/\\\/labarraca1912.es\\\/wp-content\\\/uploads\\\/2019\\\/06\\\/logo-labarraca.png\",\"width\":2917,\"height\":1809,\"caption\":\"La Barraca 1912 Alimentacion\"},\"image\":{\"@id\":\"https:\\\/\\\/labarraca1912.es\\\/#\\\/schema\\\/logo\\\/image\\\/\"}}]}<\/script>\n<!-- \/ Yoast SEO plugin. -->","yoast_head_json":{"title":"Sazonador Paella Marinera con Azafr\u00e1n - La Barraca","robots":{"index":"index","follow":"follow","max-snippet":"max-snippet:-1","max-image-preview":"max-image-preview:large","max-video-preview":"max-video-preview:-1"},"canonical":"https:\/\/labarraca1912.es\/en\/sazonador-paella-marinera-con-azafran\/","og_locale":"en_GB","og_type":"article","og_title":"Sazonador Paella Marinera con Azafr\u00e1n - La Barraca","og_description":"PROXIMAMENTE DISPONIBLE El Sazonador Paella Marinera con Azafr\u00e1n est\u00e1 compuesto de una mezcla de diferentes tipos de especias y hierbas que combinadas junto con el con el Azafr\u00e1n hacen de este producto indispensable en la creaci\u00f3n de paellas o guisos de pescado, y tambi\u00e9n puede ser utilizado en la Fideu\u00e1. Sazonador Paella Marinera con Azafr\u00e1n [&hellip;]","og_url":"https:\/\/labarraca1912.es\/en\/sazonador-paella-marinera-con-azafran\/","og_site_name":"La Barraca","article_modified_time":"2021-03-04T10:17:28+00:00","og_image":[{"url":"https:\/\/labarraca1912.es\/wp-content\/uploads\/2021\/03\/Estuche-3-sobres-Sazonador-Paella-Marinera-2020.jpg","type":"","width":"","height":""}],"twitter_card":"summary_large_image","twitter_misc":{"Estimated reading time":"1 minute"},"schema":{"@context":"https:\/\/schema.org","@graph":[{"@type":"WebPage","@id":"https:\/\/labarraca1912.es\/sazonador-paella-marinera-con-azafran\/","url":"https:\/\/labarraca1912.es\/sazonador-paella-marinera-con-azafran\/","name":"Sazonador Paella Marinera con Azafr\u00e1n - La Barraca","isPartOf":{"@id":"https:\/\/labarraca1912.es\/#website"},"primaryImageOfPage":{"@id":"https:\/\/labarraca1912.es\/sazonador-paella-marinera-con-azafran\/#primaryimage"},"image":{"@id":"https:\/\/labarraca1912.es\/sazonador-paella-marinera-con-azafran\/#primaryimage"},"thumbnailUrl":"https:\/\/labarraca1912.es\/wp-content\/uploads\/2021\/03\/Estuche-3-sobres-Sazonador-Paella-Marinera-2020.jpg","datePublished":"2021-03-04T09:54:35+00:00","dateModified":"2021-03-04T10:17:28+00:00","breadcrumb":{"@id":"https:\/\/labarraca1912.es\/sazonador-paella-marinera-con-azafran\/#breadcrumb"},"inLanguage":"en-GB","potentialAction":[{"@type":"ReadAction","target":["https:\/\/labarraca1912.es\/sazonador-paella-marinera-con-azafran\/"]}]},{"@type":"ImageObject","inLanguage":"en-GB","@id":"https:\/\/labarraca1912.es\/sazonador-paella-marinera-con-azafran\/#primaryimage","url":"https:\/\/labarraca1912.es\/wp-content\/uploads\/2021\/03\/Estuche-3-sobres-Sazonador-Paella-Marinera-2020.jpg","contentUrl":"https:\/\/labarraca1912.es\/wp-content\/uploads\/2021\/03\/Estuche-3-sobres-Sazonador-Paella-Marinera-2020.jpg"},{"@type":"BreadcrumbList","@id":"https:\/\/labarraca1912.es\/sazonador-paella-marinera-con-azafran\/#breadcrumb","itemListElement":[{"@type":"ListItem","position":1,"name":"La Barraca","item":"https:\/\/labarraca1912.es\/"},{"@type":"ListItem","position":2,"name":"Sazonador Paella Marinera con Azafr\u00e1n"}]},{"@type":"WebSite","@id":"https:\/\/labarraca1912.es\/#website","url":"https:\/\/labarraca1912.es\/","name":"La Barraca","description":"La Casa del Sabor","publisher":{"@id":"https:\/\/labarraca1912.es\/#organization"},"potentialAction":[{"@type":"SearchAction","target":{"@type":"EntryPoint","urlTemplate":"https:\/\/labarraca1912.es\/?s={search_term_string}"},"query-input":{"@type":"PropertyValueSpecification","valueRequired":true,"valueName":"search_term_string"}}],"inLanguage":"en-GB"},{"@type":"Organization","@id":"https:\/\/labarraca1912.es\/#organization","name":"La Barraca 1912 Alimentacion","url":"https:\/\/labarraca1912.es\/","logo":{"@type":"ImageObject","inLanguage":"en-GB","@id":"https:\/\/labarraca1912.es\/#\/schema\/logo\/image\/","url":"https:\/\/labarraca1912.es\/wp-content\/uploads\/2019\/06\/logo-labarraca.png","contentUrl":"https:\/\/labarraca1912.es\/wp-content\/uploads\/2019\/06\/logo-labarraca.png","width":2917,"height":1809,"caption":"La Barraca 1912 Alimentacion"},"image":{"@id":"https:\/\/labarraca1912.es\/#\/schema\/logo\/image\/"}}]}},"_links":{"self":[{"href":"https:\/\/labarraca1912.es\/en\/wp-json\/wp\/v2\/pages\/6752","targetHints":{"allow":["GET"]}}],"collection":[{"href":"https:\/\/labarraca1912.es\/en\/wp-json\/wp\/v2\/pages"}],"about":[{"href":"https:\/\/labarraca1912.es\/en\/wp-json\/wp\/v2\/types\/page"}],"author":[{"embeddable":true,"href":"https:\/\/labarraca1912.es\/en\/wp-json\/wp\/v2\/users\/2"}],"replies":[{"embeddable":true,"href":"https:\/\/labarraca1912.es\/en\/wp-json\/wp\/v2\/comments?post=6752"}],"version-history":[{"count":0,"href":"https:\/\/labarraca1912.es\/en\/wp-json\/wp\/v2\/pages\/6752\/revisions"}],"wp:attachment":[{"href":"https:\/\/labarraca1912.es\/en\/wp-json\/wp\/v2\/media?parent=6752"}],"curies":[{"name":"wp","href":"https:\/\/api.w.org\/{rel}","templated":true}]}}