{"id":850,"date":"2019-08-21T13:08:34","date_gmt":"2019-08-21T11:08:34","guid":{"rendered":"https:\/\/labarraca1912.es\/?page_id=850"},"modified":"2024-10-04T12:43:42","modified_gmt":"2024-10-04T10:43:42","slug":"condiciones-de-compra","status":"publish","type":"page","link":"https:\/\/labarraca1912.es\/en\/condiciones-de-compra\/","title":{"rendered":"Purchase Conditions"},"content":{"rendered":"<p>[et_pb_section fb_built=\u00bb1&#8243; admin_label=\u00bbsection\u00bb _builder_version=\u00bb4.16&#8243; global_colors_info=\u00bb{}\u00bb][et_pb_row admin_label=\u00bbrow\u00bb _builder_version=\u00bb4.16&#8243; background_size=\u00bbinitial\u00bb background_position=\u00bbtop_left\u00bb background_repeat=\u00bbrepeat\u00bb global_colors_info=\u00bb{}\u00bb][et_pb_column type=\u00bb4_4&#8243; _builder_version=\u00bb4.16&#8243; custom_padding=\u00bb|||\u00bb global_colors_info=\u00bb{}\u00bb custom_padding__hover=\u00bb|||\u00bb][et_pb_text admin_label=\u00bbText\u00bb _builder_version=\u00bb4.16&#8243; background_size=\u00bbinitial\u00bb background_position=\u00bbtop_left\u00bb background_repeat=\u00bbrepeat\u00bb global_colors_info=\u00bb{}\u00bb]<!-- divi:heading --><\/p>\n<p>&nbsp;<\/p>\n<h1><strong>\u00a0Condiciones generales de contrataci\u00f3n.<\/strong><\/h1>\n<p><strong><\/strong><\/p>\n<p><strong><\/strong><\/p>\n<h4>RECOMENDACI\u00d3N PREVIA:<\/h4>\n<p>Las presentes Condiciones Generales de Contrataci\u00f3n, o condiciones de compra, se encuentran actualizadas a 21\/08\/2019 y regula el uso del servicio \u00a0de venta del portal de Internet\u00a0<span><a href=\"https:\/\/labarraca1912.es\">https:\/\/labarraca1912.es<\/a><\/span> inform\u00e1ndole en cumplimiento de la Ley 34\/2002, de 11 de julio, de servicios de la sociedad de la informaci\u00f3n y de comercio electr\u00f3nico, que su responsable es LA BARRACA ALIMENTACI\u00d3N, S.L.U. (con NIF n\u00famero B42549881 y domicilio en Pol\u00edgono Industrial \u201cEl Fondonet\u201d \u00b7 c\/ La Serreta, 49 \u00b7 03660 Novelda (Alicante).<\/p>\n<p>Las condiciones de compra podr\u00e1n ser modificadas en un futuro, en cuyo caso ser\u00e1n debidamente actualizadas en la presente secci\u00f3n de \u201cCondiciones Generales de Contrataci\u00f3n\u201d, en adelante CGC.<\/p>\n<p>Por favor, si tiene alguna duda antes de utilizar este servicio, le emplazamos a que lea tambi\u00e9n los apartados del aviso legal y nuestra pol\u00edtica de privacidad.<\/p>\n<p>&nbsp;<\/p>\n<h4>RESPONSABILIDAD DE LA BARRACA ALIMENTACI\u00d3N, S.L.U.<\/h4>\n<p>LA BARRACA ALIMENTACI\u00d3N, S.L.U. garantiza la calidad del servicio contratado a trav\u00e9s de la presente p\u00e1gina web, al igual que todos los derechos que las Leyes en vigor garanticen a los consumidores y usuarios. Su incumplimiento dar\u00e1 derecho al Cliente a la devoluci\u00f3n de los productos adquiridos por el Cliente.<\/p>\n<p>&nbsp;<\/p>\n<h4>RESPONSABILIDADES DEL CLIENTE.<\/h4>\n<p>El Cliente est\u00e1 obligado a hacer un uso l\u00edcito de los servicios, sin contravenir la legislaci\u00f3n vigente, ni lesionar los derechos e intereses de terceras personas, garantizando la veracidad y exactitud de los datos personales facilitados en el proceso de contrataci\u00f3n. El incumplimiento de la presentes Condiciones podr\u00e1 dar lugar a la retirada o cancelaci\u00f3n de los productos por parte de LA BARRACA ALIMENTACI\u00d3N, S.L.U., sin necesidad de preaviso al Cliente y sin que ello d\u00e9 derecho a indemnizaci\u00f3n alguna.<\/p>\n<p>Al realizar tu pedido aseguras que tienes m\u00e1s de 18 a\u00f1os.<\/p>\n<p>&nbsp;<\/p>\n<h4>PROCEDIMIENTO DE COMPRA.<\/h4>\n<p>El usuario o comprador debe estar registrado, necesitamos saber tus datos para poder gestionar tu pedido. Puedes registrarte en el apartado mi cuenta de nuestra p\u00e1gina web.<\/p>\n<p>Una vez est\u00e9s registrado, s\u00f3lo tienes que seguir el siguiente proceso:<\/p>\n<ul>\n<li>Selecciona los productos que quieras comprar.<\/li>\n<li>A\u00f1\u00e1delos al carrito de compra.<\/li>\n<li>Hacer click en terminar compra.<\/li>\n<li>Confirma la direcci\u00f3n de facturaci\u00f3n y env\u00edo.<\/li>\n<li>Selecciona la forma de pago, env\u00edo.<\/li>\n<li>Realizar el pedido.<\/li>\n<\/ul>\n<p>Si comienzas haciendo la selecci\u00f3n de productos directamente, cuando vayas a comenzar el proceso de la compra deber\u00e1s registrarte.<\/p>\n<p>&nbsp;<\/p>\n<h4>PRECIOS Y FORMAS DE PAGO.<\/h4>\n<p>Los precios que aparecen en nuestra tienda online, no tienen el IVA incluido y son v\u00e1lidos \u00fanicamente para pedidos realizados a trav\u00e9s del mismo, pudiendo diferir en ocasiones con los precios y promociones aplicables en nuestro establecimiento.<\/p>\n<p>LA BARRACA ALIMENTACI\u00d3N, S.L.U. podr\u00e1 realizar las modificaciones oportunas que considere en los precios y promociones, en cualquier momento y sin previo aviso. En todo caso, siempre regir\u00e1 para el Usuario el precio y condiciones que vengan determinadas en el momento de realizar su compra.<\/p>\n<p>Los gastos de env\u00edo correspondientes a cada transacci\u00f3n no est\u00e1n incluidos en el precio y se indican en el momento de realizar cada pedido.<\/p>\n<p>LA BARRACA ALIMENTACI\u00d3N, S.L.U. le propone dos medios de pago para que elija aquel que m\u00e1s le convenga o que mejor se adapte a sus necesidades:<\/p>\n<ul>\n<li>\u201cTarjeta\u201d. La transacci\u00f3n bancaria no se realizar\u00e1 hasta que no hayamos comprobado las existencias del producto(s) y posteriormente la validaci\u00f3n de la tarjeta bancaria que nos ha facilitado. Para el pago del pedido mediante tarjeta de cr\u00e9dito se solicitar\u00e1 el n\u00famero de la tarjeta, su fecha de caducidad y el c\u00f3digo de seguridad. Se garantiza la seguridad de los datos mediante protocolos de encriptaci\u00f3n SSL homologados. Recuerda que todos los datos que env\u00ede a trav\u00e9s de este formulario est\u00e1n protegidos por el sistema de encriptaci\u00f3n Secure Socket Layer (SSL). Este sistema encripta los datos de manera que si alguna persona en el proceso de transmisi\u00f3n de datos consiguiera apropiarse de \u00e9stos, no podr\u00e1 leerlos ya que no dispone de la clave necesaria. Nosotros no almacenamos los datos de la tarjeta.<\/li>\n<li>\u201cPaypal\u201d. Al elegir este m\u00e9todo ser\u00e1 redireccionado a la p\u00e1gina web del prestador de servicio, donde aceptar\u00e1 las condiciones y pol\u00edticas que \u00e9ste establezca en cada momento.<\/li>\n<\/ul>\n<p>Cuando el importe de una compra hubiese sido cargado fraudulenta o indebidamente utilizando el n\u00famero de una tarjeta de pago, el consumidor y usuario titular de ella podr\u00e1 exigir la inmediata anulaci\u00f3n del cargo. En tal caso, las correspondientes anotaciones de adeudo y reabono en las cuentas del empresario y del consumidor y usuario titular de la tarjeta se efectuar\u00e1n a la mayor brevedad.<\/p>\n<ol>\n<li>Sin embargo, si la compra hubiese sido efectivamente realizada por el consumidor y usuario titular de la tarjeta y la exigencia de devoluci\u00f3n no fuera consecuencia de haberse ejercido el derecho de desistimiento o de resoluci\u00f3n, aqu\u00e9l quedar\u00e1 obligado frente al empresario al resarcimiento de los da\u00f1os y perjuicios ocasionados como consecuencia de dicha anulaci\u00f3n.<\/li>\n<\/ol>\n<p>&nbsp;<\/p>\n<h4>FORMAS DE ENV\u00cdO.<\/h4>\n<p>LA BARRACA ALIMENTACI\u00d3N, S.L.U. le env\u00eda sus productos por la empresa de mensajer\u00eda que considere oportuna, con cargo al cliente. Recibiendo el pedido en la direcci\u00f3n que nos facilite.<\/p>\n<p>Los pedidos se env\u00edan a la direcci\u00f3n que nos haya indicado en el pedido, a trav\u00e9s de varias empresas de transporte urgente de reconocido prestigio.<\/p>\n<p><strong>Env\u00edos nacionales:<\/strong><\/p>\n<p><strong><br \/><\/strong>\u00danicamente env\u00edos peninsulares.<\/p>\n<p>No hacemos env\u00edos a Islas Baleares, Islas Canarias, Ceuta y Melilla.<br \/>Env\u00edo est\u00e1ndar 1 a 3 d\u00edas laborables.<\/p>\n<p>Env\u00edos entre 5,62\u20ac y 21,32\u20ac (dependiendo del peso del pedido).<\/p>\n<p>Env\u00edo gratuito en pedidos superiores a 40\u20ac.<\/p>\n<p><strong>Env\u00edos internacionales:<\/strong><\/p>\n<p><strong>A Europa:\u00a0<\/strong><\/p>\n<p>Zona 1:<\/p>\n<p>Alemania, Austria, B\u00e9lgica, Dinamarca, Francia, Holanda, Italia, Luxemburgo, Polonia, Reino Unido, Rep\u00fablica Checa y Suiza.<\/p>\n<p>Env\u00edos entre 18\u20ac y 54\u20ac (dependiendo del peso del pedido).<\/p>\n<p>Env\u00edo est\u00e1ndar\u00a0 3 a 7 d\u00edas laborables<\/p>\n<p>Zona 2:<\/p>\n<p>Bulgaria, Eslovenia, Estonia, Finlandia, Grecia, Hungr\u00eda, Irlanda, Letonia, Lituania, Noruega, Rep\u00fablica Eslovaca, Ruman\u00eda y Suecia.<\/p>\n<p>Env\u00edos entre 28\u20ac y 77\u20ac (dependiendo del peso del pedido).<\/p>\n<p>Env\u00edo est\u00e1ndar\u00a0 3 a 7 d\u00edas laborables<\/p>\n<p>De haber un retraso mayor o problemas en la consecuci\u00f3n del pedido, se contactar\u00e1 con el cliente para informarle y en su caso posibilitar la anulaci\u00f3n del pedido con el reembolso \u00edntegro del importe. No obstante si no recibiera el pedido en el plazo indicado puede ponerse en contacto con nosotros a trav\u00e9s de la siguiente direcci\u00f3n:\u00a0<span><a href=\"mailto:marketging@labarraca1912.com\">marketging@labarraca1912.com<\/a><\/span> o ll\u00e1menos al 965600092.<\/p>\n<p>&nbsp;<\/p>\n<h4>ACEPTACI\u00d3N DE LA COMPRA.<\/h4>\n<p>No existir\u00e1 ning\u00fan contrato entre el comprador y LA BARRACA ALIMENTACI\u00d3N, S.L.U. hasta que su pedido haya sido expresamente aceptado por nuestra parte. Si su oferta no es aceptada y se hubiese cargado alg\u00fan pago en su cuenta, le ser\u00e1 devuelto en su totalidad.<\/p>\n<p>Cuando el Usuario haya elegido la forma de pago, cumplimentado sus datos de facturaci\u00f3n, realice la confirmaci\u00f3n de datos, acepte las condiciones generales de contrataci\u00f3n y pulse el bot\u00f3n COMPRAR, adquirir\u00e1 desde ese momento la condici\u00f3n de Cliente, sin que le sean de aplicaci\u00f3n las novedades que puedan producirse en el clausulado de las Condiciones Generales con posterioridad a la compra efectuada. Tras la confirmaci\u00f3n de la compra, le enviaremos un correo electr\u00f3nico con el contrato realizado.<\/p>\n<p>&nbsp;<\/p>\n<h4>DESISTIMIENTO.<\/h4>\n<p>Derecho de desistimiento. Si no queda satisfecho, el comprador puede acogerse al derecho de desistimiento, consistente en la devoluci\u00f3n del producto comprado en un plazo de catorce d\u00edas h\u00e1biles desde la recepci\u00f3n de la mercanc\u00eda. Para ello el comprador tendr\u00e1 que enviar un correo electr\u00f3nico a <span><a href=\"mailto:marketing@labarraca1912.com\">marketing@labarraca1912.com<\/a><\/span>.<\/p>\n<p>Los gastos de devoluci\u00f3n del producto correr\u00e1n por parte del cliente.<\/p>\n<p>No podr\u00e1 ejercitar el derecho de desistimiento en los siguientes supuestos:<\/p>\n<ul>\n<li>Si el comprador no tiene la condici\u00f3n de consumidor o usuario conforme a la legislaci\u00f3n en materia de consumidores y usuarios, es decir como consumidor final, y no para dedicarlo para la reventa. Es el supuesto de empresas que se dediquen a la venta posterior de esos productos, es decir compra al mayor.<\/li>\n<li>La prestaci\u00f3n de servicios, una vez que el servicio haya sido completamente ejecutado, cuando la ejecuci\u00f3n haya comenzado, con previo consentimiento expreso del consumidor y usuario y con el reconocimiento por su parte de que es consciente de que, una vez que el contrato haya sido completamente ejecutado por el empresario, habr\u00e1 perdido su derecho de desistimiento.<\/li>\n<li>El suministro de bienes confeccionados conforme a las especificaciones del consumidor y usuario o claramente personalizados.<\/li>\n<li>El suministro de bienes que puedan deteriorarse o caducar con rapidez.<\/li>\n<li>El suministro de bienes precintados que no sean aptos para ser devueltos por razones de protecci\u00f3n de la salud o de higiene y que hayan sido desprecintados tras la entrega.<\/li>\n<li>El suministro de bienes que despu\u00e9s de su entrega y teniendo en cuenta su naturaleza se hayan mezclado de forma indisociable con otros bienes.<\/li>\n<li>El suministro de bebidas alcoh\u00f3licas cuyo precio haya sido acordado en el momento de celebrar el contrato de venta y que no puedan ser entregadas antes de 30 d\u00edas, y cuyo valor real dependa de fluctuaciones del mercado que el empresario no pueda controlar.<\/li>\n<\/ul>\n<p>Si se entregase un pedido distinto al solicitado por un error imputable a LA BARRACA ALIMENTACI\u00d3N, S.L.U., se proceder\u00e1 a sustituir por el correcto sin que esto suponga gasto adicional. LA BARRACA ALIMENTACI\u00d3N, S.L.U. proceder\u00e1 a la sustituci\u00f3n de aquellos productos que hubieran llegado en malas condiciones o da\u00f1ados, sin suponer gasto adicional alguna al comprador.<\/p>\n<p>Para la devoluci\u00f3n debe enviarnos un e-mail, a trav\u00e9s de la siguiente direcci\u00f3n:\u00a0<span><a href=\"mailto:marketing@labarraca1912.com\">marketing@labarraca1912.com<\/a><\/span> o ll\u00e1menos al 96560009. En caso que desee anular un pedido, puede hacerlo siempre que no hayamos procedido a su env\u00edo y en caso contrario, deber\u00e1 esperar a recibirlo y proceder a su devoluci\u00f3n siempre que se cumplan las condiciones anteriormente se\u00f1aladas.<\/p>\n<p>Este derecho es adicional al derecho de garant\u00eda reconocido en el RDL 1\/2007 de 16 noviembre sobre la defensa de los consumidores y usuarios.<\/p>\n<p>Reembolso de los importes pagados. El reembolso se efectuar\u00e1 a trav\u00e9s del medio de pago que utiliz\u00f3 en la compra. LA BARRACA ALIMENTACI\u00d3N, S.L.U. no devolver\u00e1 el importe o realizar\u00e1 ning\u00fan reenv\u00edo de mercanc\u00eda mientras no se haya verificado la recepci\u00f3n y estado de embalaje y del art\u00edculo objeto de la devoluci\u00f3n o cambios. El precio a devolver es el que originalmente figuraba en el pedido, excepto los gastos de transporte. LA BARRACA ALIMENTACI\u00d3N, S.L.U. se har\u00e1 cargo de los gastos de env\u00edo en la devoluci\u00f3n de pedidos defectuosos, en malas condiciones y env\u00edos err\u00f3neos, siempre que el cliente comunique esta circunstancia. Una vez verificado el correcto estado del producto devuelto, LA BARRACA ALIMENTACI\u00d3N, S.L.U. proceder\u00e1 al reembolso del importe en el plazo m\u00e1ximo de 14 d\u00edas.<\/p>\n<p>&nbsp;<\/p>\n<h4>ARCHIVO DEL CONTRATO.<\/h4>\n<p>El contrato celebrado de forma electr\u00f3nica, ser\u00e1 archivado por LA BARRACA ALIMENTACI\u00d3N, S.L.U. en sus servidores y Usted podr\u00e1 acceder al mismo, siempre que se haya registrado como Usuario.<\/p>\n<p>&nbsp;<\/p>\n<h4>LEGISLACI\u00d3N APLICABLE Y JURISDICCI\u00d3N.<\/h4>\n<p>Las presentes Condiciones Generales se regir\u00e1n por la legislaci\u00f3n Espa\u00f1ola, ante cualquier controversia derivada de las mismas.<\/p>\n<h4><\/h4>\n<h4>RESOLUCI\u00d3N DE LITIGIOS EN LINEA<\/h4>\n<p>Resoluci\u00f3n de litigios en l\u00ednea en materia de consumo conforme al Art. 14.1 del Reglamento (UE) 524\/2013: La Comisi\u00f3n Europea facilita una plataforma de resoluci\u00f3n de litigios en l\u00ednea que se encuentra disponible en el siguiente enlace: <a href=\"http:\/\/ec.europa.eu\/consumers\/odr\/\" target=\"_blank\" rel=\"noopener\">http:\/\/ec.europa.eu\/consumers\/odr\/<\/a>\u201c. Los consumidores podr\u00e1n someter sus reclamaciones a trav\u00e9s de la plataforma de resoluci\u00f3n de litigios en l\u00ednea.<\/p>\n<p>&nbsp;<\/p>\n<p>&nbsp;<\/p>\n<p>&nbsp;<\/p>\n<p>&nbsp;<\/p>\n<p>&nbsp;<\/p>\n<p>&nbsp;<\/p>\n<p>&nbsp;<\/p>\n<p>&nbsp;<\/p>\n<p>&nbsp;<\/p>\n<p>&nbsp;<\/p>\n<p>&nbsp;<\/p>\n<p>&nbsp;<\/p>\n<p>&nbsp;<\/p>\n<p>&nbsp;<\/p>\n<p>&nbsp;<\/p>\n<p>&nbsp;<\/p>\n<p>&nbsp;<\/p>\n<p>&nbsp;<\/p>\n<p>&nbsp;<\/p>\n<p>&nbsp;<\/p>\n<p>&nbsp;<\/p>\n<p>&nbsp;<\/p>\n<p>&nbsp;<\/p>\n<p>&nbsp;<\/p>\n<p><!-- \/divi:heading -->[\/et_pb_text][\/et_pb_column][\/et_pb_row][\/et_pb_section]<\/p>\n","protected":false},"excerpt":{"rendered":"<p>&nbsp; \u00a0Condiciones generales de contrataci\u00f3n. RECOMENDACI\u00d3N PREVIA: Las presentes Condiciones Generales de Contrataci\u00f3n, o condiciones de compra, se encuentran actualizadas a 21\/08\/2019 y regula el uso del servicio \u00a0de venta del portal de Internet\u00a0https:\/\/labarraca1912.es inform\u00e1ndole en cumplimiento de la Ley 34\/2002, de 11 de julio, de servicios de la sociedad de la informaci\u00f3n y de [&hellip;]<\/p>\n","protected":false},"author":1,"featured_media":0,"parent":0,"menu_order":0,"comment_status":"closed","ping_status":"closed","template":"","meta":{"_et_pb_use_builder":"on","_et_pb_old_content":"<!-- wp:divi\/placeholder \/-->","_et_gb_content_width":"","footnotes":""},"class_list":["post-850","page","type-page","status-publish","hentry"],"yoast_head":"<!-- This site is optimized with the Yoast SEO plugin v27.4 - https:\/\/yoast.com\/product\/yoast-seo-wordpress\/ -->\n<title>Condiciones de Compra - La Barraca<\/title>\n<meta name=\"robots\" content=\"index, follow, max-snippet:-1, max-image-preview:large, max-video-preview:-1\" \/>\n<link rel=\"canonical\" href=\"https:\/\/labarraca1912.es\/en\/condiciones-de-compra\/\" \/>\n<meta property=\"og:locale\" content=\"en_GB\" \/>\n<meta property=\"og:type\" content=\"article\" \/>\n<meta property=\"og:title\" content=\"Condiciones de Compra - La Barraca\" \/>\n<meta property=\"og:description\" content=\"&nbsp; \u00a0Condiciones generales de contrataci\u00f3n. RECOMENDACI\u00d3N PREVIA: Las presentes Condiciones Generales de Contrataci\u00f3n, o condiciones de compra, se encuentran actualizadas a 21\/08\/2019 y regula el uso del servicio \u00a0de venta del portal de Internet\u00a0https:\/\/labarraca1912.es inform\u00e1ndole en cumplimiento de la Ley 34\/2002, de 11 de julio, de servicios de la sociedad de la informaci\u00f3n y de [&hellip;]\" \/>\n<meta property=\"og:url\" content=\"https:\/\/labarraca1912.es\/en\/condiciones-de-compra\/\" \/>\n<meta property=\"og:site_name\" content=\"La Barraca\" \/>\n<meta property=\"article:modified_time\" content=\"2024-10-04T10:43:42+00:00\" \/>\n<meta name=\"twitter:card\" content=\"summary_large_image\" \/>\n<meta name=\"twitter:label1\" content=\"Estimated reading time\" \/>\n\t<meta name=\"twitter:data1\" content=\"11 minutes\" \/>\n<script type=\"application\/ld+json\" class=\"yoast-schema-graph\">{\"@context\":\"https:\\\/\\\/schema.org\",\"@graph\":[{\"@type\":\"WebPage\",\"@id\":\"https:\\\/\\\/labarraca1912.es\\\/condiciones-de-compra\\\/\",\"url\":\"https:\\\/\\\/labarraca1912.es\\\/condiciones-de-compra\\\/\",\"name\":\"Condiciones de Compra - La Barraca\",\"isPartOf\":{\"@id\":\"https:\\\/\\\/labarraca1912.es\\\/#website\"},\"datePublished\":\"2019-08-21T11:08:34+00:00\",\"dateModified\":\"2024-10-04T10:43:42+00:00\",\"breadcrumb\":{\"@id\":\"https:\\\/\\\/labarraca1912.es\\\/condiciones-de-compra\\\/#breadcrumb\"},\"inLanguage\":\"en-GB\",\"potentialAction\":[{\"@type\":\"ReadAction\",\"target\":[\"https:\\\/\\\/labarraca1912.es\\\/condiciones-de-compra\\\/\"]}]},{\"@type\":\"BreadcrumbList\",\"@id\":\"https:\\\/\\\/labarraca1912.es\\\/condiciones-de-compra\\\/#breadcrumb\",\"itemListElement\":[{\"@type\":\"ListItem\",\"position\":1,\"name\":\"La Barraca\",\"item\":\"https:\\\/\\\/labarraca1912.es\\\/\"},{\"@type\":\"ListItem\",\"position\":2,\"name\":\"Condiciones de Compra\"}]},{\"@type\":\"WebSite\",\"@id\":\"https:\\\/\\\/labarraca1912.es\\\/#website\",\"url\":\"https:\\\/\\\/labarraca1912.es\\\/\",\"name\":\"La Barraca\",\"description\":\"La Casa del Sabor\",\"publisher\":{\"@id\":\"https:\\\/\\\/labarraca1912.es\\\/#organization\"},\"potentialAction\":[{\"@type\":\"SearchAction\",\"target\":{\"@type\":\"EntryPoint\",\"urlTemplate\":\"https:\\\/\\\/labarraca1912.es\\\/?s={search_term_string}\"},\"query-input\":{\"@type\":\"PropertyValueSpecification\",\"valueRequired\":true,\"valueName\":\"search_term_string\"}}],\"inLanguage\":\"en-GB\"},{\"@type\":\"Organization\",\"@id\":\"https:\\\/\\\/labarraca1912.es\\\/#organization\",\"name\":\"La Barraca 1912 Alimentacion\",\"url\":\"https:\\\/\\\/labarraca1912.es\\\/\",\"logo\":{\"@type\":\"ImageObject\",\"inLanguage\":\"en-GB\",\"@id\":\"https:\\\/\\\/labarraca1912.es\\\/#\\\/schema\\\/logo\\\/image\\\/\",\"url\":\"https:\\\/\\\/labarraca1912.es\\\/wp-content\\\/uploads\\\/2019\\\/06\\\/logo-labarraca.png\",\"contentUrl\":\"https:\\\/\\\/labarraca1912.es\\\/wp-content\\\/uploads\\\/2019\\\/06\\\/logo-labarraca.png\",\"width\":2917,\"height\":1809,\"caption\":\"La Barraca 1912 Alimentacion\"},\"image\":{\"@id\":\"https:\\\/\\\/labarraca1912.es\\\/#\\\/schema\\\/logo\\\/image\\\/\"}}]}<\/script>\n<!-- \/ Yoast SEO plugin. -->","yoast_head_json":{"title":"Condiciones de Compra - La Barraca","robots":{"index":"index","follow":"follow","max-snippet":"max-snippet:-1","max-image-preview":"max-image-preview:large","max-video-preview":"max-video-preview:-1"},"canonical":"https:\/\/labarraca1912.es\/en\/condiciones-de-compra\/","og_locale":"en_GB","og_type":"article","og_title":"Condiciones de Compra - La Barraca","og_description":"&nbsp; \u00a0Condiciones generales de contrataci\u00f3n. RECOMENDACI\u00d3N PREVIA: Las presentes Condiciones Generales de Contrataci\u00f3n, o condiciones de compra, se encuentran actualizadas a 21\/08\/2019 y regula el uso del servicio \u00a0de venta del portal de Internet\u00a0https:\/\/labarraca1912.es inform\u00e1ndole en cumplimiento de la Ley 34\/2002, de 11 de julio, de servicios de la sociedad de la informaci\u00f3n y de [&hellip;]","og_url":"https:\/\/labarraca1912.es\/en\/condiciones-de-compra\/","og_site_name":"La Barraca","article_modified_time":"2024-10-04T10:43:42+00:00","twitter_card":"summary_large_image","twitter_misc":{"Estimated reading time":"11 minutes"},"schema":{"@context":"https:\/\/schema.org","@graph":[{"@type":"WebPage","@id":"https:\/\/labarraca1912.es\/condiciones-de-compra\/","url":"https:\/\/labarraca1912.es\/condiciones-de-compra\/","name":"Condiciones de Compra - La Barraca","isPartOf":{"@id":"https:\/\/labarraca1912.es\/#website"},"datePublished":"2019-08-21T11:08:34+00:00","dateModified":"2024-10-04T10:43:42+00:00","breadcrumb":{"@id":"https:\/\/labarraca1912.es\/condiciones-de-compra\/#breadcrumb"},"inLanguage":"en-GB","potentialAction":[{"@type":"ReadAction","target":["https:\/\/labarraca1912.es\/condiciones-de-compra\/"]}]},{"@type":"BreadcrumbList","@id":"https:\/\/labarraca1912.es\/condiciones-de-compra\/#breadcrumb","itemListElement":[{"@type":"ListItem","position":1,"name":"La Barraca","item":"https:\/\/labarraca1912.es\/"},{"@type":"ListItem","position":2,"name":"Condiciones de Compra"}]},{"@type":"WebSite","@id":"https:\/\/labarraca1912.es\/#website","url":"https:\/\/labarraca1912.es\/","name":"La Barraca","description":"La Casa del Sabor","publisher":{"@id":"https:\/\/labarraca1912.es\/#organization"},"potentialAction":[{"@type":"SearchAction","target":{"@type":"EntryPoint","urlTemplate":"https:\/\/labarraca1912.es\/?s={search_term_string}"},"query-input":{"@type":"PropertyValueSpecification","valueRequired":true,"valueName":"search_term_string"}}],"inLanguage":"en-GB"},{"@type":"Organization","@id":"https:\/\/labarraca1912.es\/#organization","name":"La Barraca 1912 Alimentacion","url":"https:\/\/labarraca1912.es\/","logo":{"@type":"ImageObject","inLanguage":"en-GB","@id":"https:\/\/labarraca1912.es\/#\/schema\/logo\/image\/","url":"https:\/\/labarraca1912.es\/wp-content\/uploads\/2019\/06\/logo-labarraca.png","contentUrl":"https:\/\/labarraca1912.es\/wp-content\/uploads\/2019\/06\/logo-labarraca.png","width":2917,"height":1809,"caption":"La Barraca 1912 Alimentacion"},"image":{"@id":"https:\/\/labarraca1912.es\/#\/schema\/logo\/image\/"}}]}},"_links":{"self":[{"href":"https:\/\/labarraca1912.es\/en\/wp-json\/wp\/v2\/pages\/850","targetHints":{"allow":["GET"]}}],"collection":[{"href":"https:\/\/labarraca1912.es\/en\/wp-json\/wp\/v2\/pages"}],"about":[{"href":"https:\/\/labarraca1912.es\/en\/wp-json\/wp\/v2\/types\/page"}],"author":[{"embeddable":true,"href":"https:\/\/labarraca1912.es\/en\/wp-json\/wp\/v2\/users\/1"}],"replies":[{"embeddable":true,"href":"https:\/\/labarraca1912.es\/en\/wp-json\/wp\/v2\/comments?post=850"}],"version-history":[{"count":0,"href":"https:\/\/labarraca1912.es\/en\/wp-json\/wp\/v2\/pages\/850\/revisions"}],"wp:attachment":[{"href":"https:\/\/labarraca1912.es\/en\/wp-json\/wp\/v2\/media?parent=850"}],"curies":[{"name":"wp","href":"https:\/\/api.w.org\/{rel}","templated":true}]}}