{"id":10817,"date":"2024-05-15T12:25:32","date_gmt":"2024-05-15T10:25:32","guid":{"rendered":"https:\/\/labarraca1912.es\/?post_type=product&#038;p=10817"},"modified":"2026-04-08T15:53:23","modified_gmt":"2026-04-08T13:53:23","slug":"sazonador-churrasco","status":"publish","type":"product","link":"https:\/\/labarraca1912.es\/en\/tienda\/bbq-spices-of-the-world\/sazonador-churrasco\/","title":{"rendered":"Churrasco Seasoning 300g"},"content":{"rendered":"<p><strong>Churrasco Seasoning:<\/strong> South American style mixture of herbs, spices and seasonings to be used in roast chicken, pork and beef.<\/p>\n<p><em><strong>HOW TO USE:<\/strong> Mix the seasoning with olive oil, and stir until everything is combined. Once fused, apply to the meat until it is all covered by the mixture. Let it marinate for 30 minutes so that the meat absorbs all the flavor. After 30 minutes, put the meat on the grill or pan and cook until ready.<\/em><\/p>","protected":false},"excerpt":{"rendered":"<p><img decoding=\"async\" class=\"alignnone size-full wp-image-10799\" src=\"https:\/\/labarraca1912.es\/wp-content\/uploads\/BBQSPICESOFTHEWORLD.jpg\" alt=\"\" width=\"1742\" height=\"182\" srcset=\"https:\/\/labarraca1912.es\/wp-content\/uploads\/BBQSPICESOFTHEWORLD.jpg 1742w, https:\/\/labarraca1912.es\/wp-content\/uploads\/BBQSPICESOFTHEWORLD-1280x134.jpg 1280w, https:\/\/labarraca1912.es\/wp-content\/uploads\/BBQSPICESOFTHEWORLD-980x102.jpg 980w, https:\/\/labarraca1912.es\/wp-content\/uploads\/BBQSPICESOFTHEWORLD-480x50.jpg 480w\" sizes=\"(min-width: 0px) and (max-width: 480px) 480px, (min-width: 481px) and (max-width: 980px) 980px, (min-width: 981px) and (max-width: 1280px) 1280px, (min-width: 1281px) 1742px, 100vw\" \/><\/p>\n<h3><span style=\"color: #b89c00;\"><em><strong>Special seasonings from around the world that will make you travel without leaving home.<\/strong><\/em><\/span><\/h3>\n<p>La Barraca Alimentaci\u00f3n presents its new family to you <span style=\"color: #b89c00;\"><strong>BBQ SPICES OF THE WORLD<\/strong><\/span>, a range of special seasonings from around the world with the best combinations of herbs, spices and seasonings that will make you enjoy a unique experience.<\/p>\n<p><strong>CHURRASCO SEASONING:<\/strong> South American style mixture of herbs, spices and seasonings to be used in roast chicken, pork and beef.<\/p>\n<p><img decoding=\"async\" class=\"alignnone wp-image-10813\" src=\"https:\/\/labarraca1912.es\/wp-content\/uploads\/estilosudamerica.jpg\" alt=\"\" width=\"803\" height=\"117\" srcset=\"https:\/\/labarraca1912.es\/wp-content\/uploads\/estilosudamerica.jpg 803w, https:\/\/labarraca1912.es\/wp-content\/uploads\/estilosudamerica-480x70.jpg 480w\" sizes=\"(min-width: 0px) and (max-width: 480px) 480px, (min-width: 481px) 803px, 100vw\" \/><\/p>\n<p><em><strong>HOW TO USE:<\/strong> Mix the seasoning with olive oil, and stir until everything is combined. Once fused, apply to the meat until it is all covered by the mixture. Let it marinate for 30 minutes so that the meat absorbs all the flavor. After 30 minutes, put the meat on the grill or pan and cook until ready.<\/em><\/p>\n<p><em><strong>Ingredients: <\/strong><\/em>Salt, spices (rosemary, thyme, garlic, nutmeg, pepper, paprika, savory), sugar and aromas.<\/p>\n<p>May contain traces of <strong>SULPHITES, PEANUTS and CELERY.<\/strong><strong>.<\/strong><\/p>\n<p><strong><em>Nutritional information. Average values per 100g of product:<\/em><\/strong><\/p>\n<p>Energy: 335 kJ\/80 kcal. Fats: 2g. Of which saturates: &lt;0,2g. Carbohydrate: 12g. Of which sugars: 9,5g. Proteins: 3,2g. Salt: 76g.<\/p>","protected":false},"featured_media":10802,"comment_status":"open","ping_status":"closed","template":"","meta":{"_et_pb_use_builder":"","_et_pb_old_content":"","_et_gb_content_width":""},"product_brand":[],"product_cat":[281],"product_tag":[265,290,289,47,93,119,287],"class_list":{"0":"post-10817","1":"product","2":"type-product","3":"status-publish","4":"has-post-thumbnail","6":"product_cat-bbq-spices-of-the-world","7":"product_tag-argentina","8":"product_tag-asado","9":"product_tag-churrasco","10":"product_tag-especias","11":"product_tag-pollo","12":"product_tag-sazonador","13":"product_tag-ternera","15":"first","16":"instock","17":"taxable","18":"shipping-taxable","19":"purchasable","20":"product-type-simple"},"yoast_head":"<!-- This site is optimized with the Yoast SEO plugin v27.5 - https:\/\/yoast.com\/product\/yoast-seo-wordpress\/ -->\n<title>Sazonador Churrasco 300g - La Barraca<\/title>\n<meta name=\"robots\" content=\"index, follow, max-snippet:-1, max-image-preview:large, max-video-preview:-1\" \/>\n<link rel=\"canonical\" href=\"https:\/\/labarraca1912.es\/en\/tienda\/bbq-spices-of-the-world\/sazonador-churrasco\/\" \/>\n<meta property=\"og:locale\" content=\"en_GB\" \/>\n<meta property=\"og:type\" content=\"article\" \/>\n<meta property=\"og:title\" content=\"Sazonador Churrasco 300g - La Barraca\" \/>\n<meta property=\"og:description\" content=\"Sazonadores especiales del mundo, que te har\u00e1n viajar sin moverte de casa. La Barraca Alimentaci\u00f3n te presenta su nueva familia BBQ SPICES OF THE WORLD, una gama de sazonadores especiales del mundo con las mejores combinaciones de hierbas, especias y condimentos que te har\u00e1n disfrutar de una experiencia \u00fanica.  SAZONADOR CHURRASCO: Mezcla de hierbas, especias y condimentos de estilo sudamericano para ser utilizados en asados de carnes de pollo, cerdo y ternera.    MODO DE EMPLEO: Mezclar el sazonador con aceite de oliva, y remover hasta fusionar todo. Una vez fusionado aplicar sobre la carne hasta que qued\u00e9 toda cubierta por la mezcla. Dejar macerar durante 30 minutos para que la carne absorba todo el sabor. Pasados los 30 minutos, poner la carne sobre la parrilla o sart\u00e9n y cocinar hasta que est\u00e9 lista.  Ingredientes: Sal, especias (romero, tomillo, ajo, nuez moscada, pimienta, piment\u00f3n, ajedrea), az\u00facar y aromas.  Puede contener trazas de SULFITOS, CACAHUETES y APIO.  Informaci\u00f3n Nutricional. An\u00e1lisis medio por 100g de producto:  Valor Energ\u00e9tico: 335 kJ\/80 kcal. Grasas: 2g. De las cuales saturadas: &lt;0,2g. Hidratos de Carbono: 12g. De los cuales az\u00facares: 9,5g. Prote\u00ednas: 3,2g. Sal: 76g.\" \/>\n<meta property=\"og:url\" content=\"https:\/\/labarraca1912.es\/en\/tienda\/bbq-spices-of-the-world\/sazonador-churrasco\/\" \/>\n<meta property=\"og:site_name\" content=\"La Barraca\" \/>\n<meta property=\"article:modified_time\" content=\"2026-04-08T13:53:23+00:00\" \/>\n<meta property=\"og:image\" content=\"https:\/\/labarraca1912.es\/wp-content\/uploads\/sazonadorchurrasco.jpg\" \/>\n\t<meta property=\"og:image:width\" content=\"800\" \/>\n\t<meta property=\"og:image:height\" content=\"800\" \/>\n\t<meta property=\"og:image:type\" content=\"image\/jpeg\" \/>\n<meta name=\"twitter:card\" content=\"summary_large_image\" \/>\n<meta name=\"twitter:label1\" content=\"Estimated reading time\" \/>\n\t<meta name=\"twitter:data1\" content=\"1 minute\" \/>\n<script type=\"application\/ld+json\" class=\"yoast-schema-graph\">{\"@context\":\"https:\\\/\\\/schema.org\",\"@graph\":[{\"@type\":\"WebPage\",\"@id\":\"https:\\\/\\\/labarraca1912.es\\\/tienda\\\/bbq-spices-of-the-world\\\/sazonador-churrasco\\\/\",\"url\":\"https:\\\/\\\/labarraca1912.es\\\/tienda\\\/bbq-spices-of-the-world\\\/sazonador-churrasco\\\/\",\"name\":\"Sazonador Churrasco 300g - La Barraca\",\"isPartOf\":{\"@id\":\"https:\\\/\\\/labarraca1912.es\\\/#website\"},\"primaryImageOfPage\":{\"@id\":\"https:\\\/\\\/labarraca1912.es\\\/tienda\\\/bbq-spices-of-the-world\\\/sazonador-churrasco\\\/#primaryimage\"},\"image\":{\"@id\":\"https:\\\/\\\/labarraca1912.es\\\/tienda\\\/bbq-spices-of-the-world\\\/sazonador-churrasco\\\/#primaryimage\"},\"thumbnailUrl\":\"https:\\\/\\\/labarraca1912.es\\\/wp-content\\\/uploads\\\/sazonadorchurrasco.jpg\",\"datePublished\":\"2024-05-15T10:25:32+00:00\",\"dateModified\":\"2026-04-08T13:53:23+00:00\",\"breadcrumb\":{\"@id\":\"https:\\\/\\\/labarraca1912.es\\\/tienda\\\/bbq-spices-of-the-world\\\/sazonador-churrasco\\\/#breadcrumb\"},\"inLanguage\":\"en-GB\",\"potentialAction\":[{\"@type\":\"ReadAction\",\"target\":[\"https:\\\/\\\/labarraca1912.es\\\/tienda\\\/bbq-spices-of-the-world\\\/sazonador-churrasco\\\/\"]}]},{\"@type\":\"ImageObject\",\"inLanguage\":\"en-GB\",\"@id\":\"https:\\\/\\\/labarraca1912.es\\\/tienda\\\/bbq-spices-of-the-world\\\/sazonador-churrasco\\\/#primaryimage\",\"url\":\"https:\\\/\\\/labarraca1912.es\\\/wp-content\\\/uploads\\\/sazonadorchurrasco.jpg\",\"contentUrl\":\"https:\\\/\\\/labarraca1912.es\\\/wp-content\\\/uploads\\\/sazonadorchurrasco.jpg\",\"width\":800,\"height\":800,\"caption\":\"Saz. Churrasco\"},{\"@type\":\"BreadcrumbList\",\"@id\":\"https:\\\/\\\/labarraca1912.es\\\/tienda\\\/bbq-spices-of-the-world\\\/sazonador-churrasco\\\/#breadcrumb\",\"itemListElement\":[{\"@type\":\"ListItem\",\"position\":1,\"name\":\"La Barraca\",\"item\":\"https:\\\/\\\/labarraca1912.es\\\/\"},{\"@type\":\"ListItem\",\"position\":2,\"name\":\"Tienda\",\"item\":\"https:\\\/\\\/labarraca1912.es\\\/tienda\\\/\"},{\"@type\":\"ListItem\",\"position\":3,\"name\":\"Sazonador Churrasco 300g\"}]},{\"@type\":\"WebSite\",\"@id\":\"https:\\\/\\\/labarraca1912.es\\\/#website\",\"url\":\"https:\\\/\\\/labarraca1912.es\\\/\",\"name\":\"La Barraca\",\"description\":\"La Casa del Sabor\",\"publisher\":{\"@id\":\"https:\\\/\\\/labarraca1912.es\\\/#organization\"},\"potentialAction\":[{\"@type\":\"SearchAction\",\"target\":{\"@type\":\"EntryPoint\",\"urlTemplate\":\"https:\\\/\\\/labarraca1912.es\\\/?s={search_term_string}\"},\"query-input\":{\"@type\":\"PropertyValueSpecification\",\"valueRequired\":true,\"valueName\":\"search_term_string\"}}],\"inLanguage\":\"en-GB\"},{\"@type\":\"Organization\",\"@id\":\"https:\\\/\\\/labarraca1912.es\\\/#organization\",\"name\":\"La Barraca 1912 Alimentacion\",\"url\":\"https:\\\/\\\/labarraca1912.es\\\/\",\"logo\":{\"@type\":\"ImageObject\",\"inLanguage\":\"en-GB\",\"@id\":\"https:\\\/\\\/labarraca1912.es\\\/#\\\/schema\\\/logo\\\/image\\\/\",\"url\":\"https:\\\/\\\/labarraca1912.es\\\/wp-content\\\/uploads\\\/2019\\\/06\\\/logo-labarraca.png\",\"contentUrl\":\"https:\\\/\\\/labarraca1912.es\\\/wp-content\\\/uploads\\\/2019\\\/06\\\/logo-labarraca.png\",\"width\":2917,\"height\":1809,\"caption\":\"La Barraca 1912 Alimentacion\"},\"image\":{\"@id\":\"https:\\\/\\\/labarraca1912.es\\\/#\\\/schema\\\/logo\\\/image\\\/\"}}]}<\/script>\n<!-- \/ Yoast SEO plugin. -->","yoast_head_json":{"title":"Sazonador Churrasco 300g - La Barraca","robots":{"index":"index","follow":"follow","max-snippet":"max-snippet:-1","max-image-preview":"max-image-preview:large","max-video-preview":"max-video-preview:-1"},"canonical":"https:\/\/labarraca1912.es\/en\/tienda\/bbq-spices-of-the-world\/sazonador-churrasco\/","og_locale":"en_GB","og_type":"article","og_title":"Sazonador Churrasco 300g - La Barraca","og_description":"Sazonadores especiales del mundo, que te har\u00e1n viajar sin moverte de casa. La Barraca Alimentaci\u00f3n te presenta su nueva familia BBQ SPICES OF THE WORLD, una gama de sazonadores especiales del mundo con las mejores combinaciones de hierbas, especias y condimentos que te har\u00e1n disfrutar de una experiencia \u00fanica.  SAZONADOR CHURRASCO: Mezcla de hierbas, especias y condimentos de estilo sudamericano para ser utilizados en asados de carnes de pollo, cerdo y ternera.    MODO DE EMPLEO: Mezclar el sazonador con aceite de oliva, y remover hasta fusionar todo. Una vez fusionado aplicar sobre la carne hasta que qued\u00e9 toda cubierta por la mezcla. Dejar macerar durante 30 minutos para que la carne absorba todo el sabor. Pasados los 30 minutos, poner la carne sobre la parrilla o sart\u00e9n y cocinar hasta que est\u00e9 lista.  Ingredientes: Sal, especias (romero, tomillo, ajo, nuez moscada, pimienta, piment\u00f3n, ajedrea), az\u00facar y aromas.  Puede contener trazas de SULFITOS, CACAHUETES y APIO.  Informaci\u00f3n Nutricional. An\u00e1lisis medio por 100g de producto:  Valor Energ\u00e9tico: 335 kJ\/80 kcal. Grasas: 2g. De las cuales saturadas: &lt;0,2g. Hidratos de Carbono: 12g. De los cuales az\u00facares: 9,5g. Prote\u00ednas: 3,2g. Sal: 76g.","og_url":"https:\/\/labarraca1912.es\/en\/tienda\/bbq-spices-of-the-world\/sazonador-churrasco\/","og_site_name":"La Barraca","article_modified_time":"2026-04-08T13:53:23+00:00","og_image":[{"width":800,"height":800,"url":"https:\/\/labarraca1912.es\/wp-content\/uploads\/sazonadorchurrasco.jpg","type":"image\/jpeg"}],"twitter_card":"summary_large_image","twitter_misc":{"Estimated reading time":"1 minute"},"schema":{"@context":"https:\/\/schema.org","@graph":[{"@type":"WebPage","@id":"https:\/\/labarraca1912.es\/tienda\/bbq-spices-of-the-world\/sazonador-churrasco\/","url":"https:\/\/labarraca1912.es\/tienda\/bbq-spices-of-the-world\/sazonador-churrasco\/","name":"Sazonador Churrasco 300g - La Barraca","isPartOf":{"@id":"https:\/\/labarraca1912.es\/#website"},"primaryImageOfPage":{"@id":"https:\/\/labarraca1912.es\/tienda\/bbq-spices-of-the-world\/sazonador-churrasco\/#primaryimage"},"image":{"@id":"https:\/\/labarraca1912.es\/tienda\/bbq-spices-of-the-world\/sazonador-churrasco\/#primaryimage"},"thumbnailUrl":"https:\/\/labarraca1912.es\/wp-content\/uploads\/sazonadorchurrasco.jpg","datePublished":"2024-05-15T10:25:32+00:00","dateModified":"2026-04-08T13:53:23+00:00","breadcrumb":{"@id":"https:\/\/labarraca1912.es\/tienda\/bbq-spices-of-the-world\/sazonador-churrasco\/#breadcrumb"},"inLanguage":"en-GB","potentialAction":[{"@type":"ReadAction","target":["https:\/\/labarraca1912.es\/tienda\/bbq-spices-of-the-world\/sazonador-churrasco\/"]}]},{"@type":"ImageObject","inLanguage":"en-GB","@id":"https:\/\/labarraca1912.es\/tienda\/bbq-spices-of-the-world\/sazonador-churrasco\/#primaryimage","url":"https:\/\/labarraca1912.es\/wp-content\/uploads\/sazonadorchurrasco.jpg","contentUrl":"https:\/\/labarraca1912.es\/wp-content\/uploads\/sazonadorchurrasco.jpg","width":800,"height":800,"caption":"Saz. Churrasco"},{"@type":"BreadcrumbList","@id":"https:\/\/labarraca1912.es\/tienda\/bbq-spices-of-the-world\/sazonador-churrasco\/#breadcrumb","itemListElement":[{"@type":"ListItem","position":1,"name":"La Barraca","item":"https:\/\/labarraca1912.es\/"},{"@type":"ListItem","position":2,"name":"Tienda","item":"https:\/\/labarraca1912.es\/tienda\/"},{"@type":"ListItem","position":3,"name":"Sazonador Churrasco 300g"}]},{"@type":"WebSite","@id":"https:\/\/labarraca1912.es\/#website","url":"https:\/\/labarraca1912.es\/","name":"La Barraca","description":"La Casa del Sabor","publisher":{"@id":"https:\/\/labarraca1912.es\/#organization"},"potentialAction":[{"@type":"SearchAction","target":{"@type":"EntryPoint","urlTemplate":"https:\/\/labarraca1912.es\/?s={search_term_string}"},"query-input":{"@type":"PropertyValueSpecification","valueRequired":true,"valueName":"search_term_string"}}],"inLanguage":"en-GB"},{"@type":"Organization","@id":"https:\/\/labarraca1912.es\/#organization","name":"La Barraca 1912 Alimentacion","url":"https:\/\/labarraca1912.es\/","logo":{"@type":"ImageObject","inLanguage":"en-GB","@id":"https:\/\/labarraca1912.es\/#\/schema\/logo\/image\/","url":"https:\/\/labarraca1912.es\/wp-content\/uploads\/2019\/06\/logo-labarraca.png","contentUrl":"https:\/\/labarraca1912.es\/wp-content\/uploads\/2019\/06\/logo-labarraca.png","width":2917,"height":1809,"caption":"La Barraca 1912 Alimentacion"},"image":{"@id":"https:\/\/labarraca1912.es\/#\/schema\/logo\/image\/"}}]}},"_links":{"self":[{"href":"https:\/\/labarraca1912.es\/en\/wp-json\/wp\/v2\/product\/10817","targetHints":{"allow":["GET"]}}],"collection":[{"href":"https:\/\/labarraca1912.es\/en\/wp-json\/wp\/v2\/product"}],"about":[{"href":"https:\/\/labarraca1912.es\/en\/wp-json\/wp\/v2\/types\/product"}],"replies":[{"embeddable":true,"href":"https:\/\/labarraca1912.es\/en\/wp-json\/wp\/v2\/comments?post=10817"}],"wp:featuredmedia":[{"embeddable":true,"href":"https:\/\/labarraca1912.es\/en\/wp-json\/wp\/v2\/media\/10802"}],"wp:attachment":[{"href":"https:\/\/labarraca1912.es\/en\/wp-json\/wp\/v2\/media?parent=10817"}],"wp:term":[{"taxonomy":"product_brand","embeddable":true,"href":"https:\/\/labarraca1912.es\/en\/wp-json\/wp\/v2\/product_brand?post=10817"},{"taxonomy":"product_cat","embeddable":true,"href":"https:\/\/labarraca1912.es\/en\/wp-json\/wp\/v2\/product_cat?post=10817"},{"taxonomy":"product_tag","embeddable":true,"href":"https:\/\/labarraca1912.es\/en\/wp-json\/wp\/v2\/product_tag?post=10817"}],"curies":[{"name":"wp","href":"https:\/\/api.w.org\/{rel}","templated":true}]}}