{"id":11827,"date":"2025-01-28T09:04:08","date_gmt":"2025-01-28T08:04:08","guid":{"rendered":"https:\/\/labarraca1912.es\/?post_type=product&#038;p=11827"},"modified":"2026-03-15T17:33:28","modified_gmt":"2026-03-15T16:33:28","slug":"especiero-6-tc","status":"publish","type":"product","link":"https:\/\/labarraca1912.es\/en\/tienda\/productos-complementarios\/especiero-6-tc\/","title":{"rendered":"Spice Rack 6 Glass Jars"},"content":{"rendered":"<p>SPICE RACK 6 GLASS JARS: Spice Rack made up of 6 glass jars with the most used herbs, spices and condiments in Spanish cuisine. It is a perfect product to give as gifts or to have in any kitchen, since its wide variety of products is applicable for multiple meals, as well as your wooden spice rack to have perfectly arranged jars.<\/p>\n<p><strong>Garlic Granules:<\/strong>\u00a0An easy and clean way to use garlic in your meals. Powdered, granulated, chipped ... as best suits your recipe.<\/p>\n<p><strong>Food Coloring:<\/strong>\u00a0Gives colour and flavour to meals, it is used in rices, soups and stews.<\/p>\n<p><strong>Oregano:<\/strong>\u00a0Appropriate dressing for pizzas, pasta, grilled meat, olives marinade. Moderate use is recommended due to its intense aroma.<\/p>\n<p><strong>Mild Paprika:<\/strong>\u00a0Grinding of the red pepper. It gives a reddish colour, flavour and aroma characteristic of food.<\/p>\n<p><strong>Parsley:<\/strong>\u00a0Is the most herb used in the world, for his flavour and aroma. It is used in rices, soups, seafood, roasts, sauces and juices.<\/p>\n<p><strong>Black Pepper Powder:<\/strong>\u00a0It is the ripe grain of pepper. Used in a multitude of stews, as well as roasted or grilled meats, soups, marinated ...<\/p>","protected":false},"excerpt":{"rendered":"<blockquote>\n<h2><strong>Spice Rack<\/strong> 6 Glass Jars<\/h2>\n<\/blockquote>\n<p>Spice Rack made up of 6 glass jars with the most used herbs, spices and condiments in Spanish cuisine. It is a perfect product to give as gifts or to have in any kitchen, since its wide variety of products is applicable for multiple meals, as well as your wooden spice rack to have perfectly arranged jars.<\/p>\n<p><em><strong>THIS KIT CONTAINS:<\/strong><\/em><\/p>\n<ul>\n<li><strong>Garlic Granules 50g.<\/strong>\n<ul>\n<li><em><strong>Ingredients:<\/strong><\/em>\u00a0Garlic granules. May contain traces of\u00a0<strong>SULPHITES and PEANUTS.<\/strong>\u00a0Close the container tightly to prevent it from caking.<\/li>\n<\/ul>\n<\/li>\n<li><strong>Food Colouring 50g<\/strong>\n<ul>\n<li><em><strong>Ingredients:<\/strong>\u00a0<\/em>Corn flour, salt and coloring: Tartrazine E-102. May contain traces of\u00a0<strong>SOY<\/strong>. \u201cColorante E-102: puede tener efectos negativos sobre la actividad y la atenci\u00f3n de los ni\u00f1os\u201d.<\/li>\n<\/ul>\n<\/li>\n<li><strong>Oregano 8g<\/strong>\n<ul>\n<li><em><strong>Ingredients:<\/strong><\/em>\u00a0Oregano leaves.<\/li>\n<\/ul>\n<\/li>\n<\/ul>\n<ul>\n<li><strong>Mild Paprika 40g<\/strong>\n<ul>\n<li><em><strong>Ingredients:<\/strong><\/em>\u00a0Mild paprika.<\/li>\n<\/ul>\n<\/li>\n<li><strong>Parsley 10g<\/strong>\n<ul>\n<li><em><strong>Ingredients:<\/strong><\/em>\u00a0Parsley leaves. May contain traces of\u00a0<strong>CELERY, GLUTEN and MUSTARD.<\/strong><\/li>\n<\/ul>\n<\/li>\n<li><strong>Black Pepper Powder 40g<\/strong>\n<ul>\n<li><em><strong>Ingredients:<\/strong><\/em>\u00a0Black pepper powder.<\/li>\n<\/ul>\n<\/li>\n<\/ul>","protected":false},"featured_media":11837,"comment_status":"open","ping_status":"closed","template":"","meta":{"_et_pb_use_builder":"","_et_pb_old_content":"","_et_gb_content_width":""},"product_brand":[],"product_cat":[215,15],"product_tag":[67,66,68,50,69],"class_list":{"0":"post-11827","1":"product","2":"type-product","3":"status-publish","4":"has-post-thumbnail","6":"product_cat-packs-regalo","7":"product_cat-productos-complementarios","8":"product_tag-carne","9":"product_tag-molinillos","10":"product_tag-pescado","11":"product_tag-pimienta","12":"product_tag-pimientas","14":"first","15":"instock","16":"sale","17":"taxable","18":"shipping-taxable","19":"purchasable","20":"product-type-simple"},"yoast_head":"<!-- This site is optimized with the Yoast SEO plugin v27.5 - https:\/\/yoast.com\/product\/yoast-seo-wordpress\/ -->\n<title>Especiero 6 Tarros de Cristal - La Barraca<\/title>\n<meta name=\"robots\" content=\"index, follow, max-snippet:-1, max-image-preview:large, max-video-preview:-1\" \/>\n<link rel=\"canonical\" href=\"https:\/\/labarraca1912.es\/en\/tienda\/productos-complementarios\/especiero-6-tc\/\" \/>\n<meta property=\"og:locale\" content=\"en_GB\" \/>\n<meta property=\"og:type\" content=\"article\" \/>\n<meta property=\"og:title\" content=\"Especiero 6 Tarros de Cristal - La Barraca\" \/>\n<meta property=\"og:description\" content=\"Especiero 6 Tarros de Cristal  Especiero de cart\u00f3n compuesto por 6 tarros de cristal con las hierbas, especias y condimentos m\u00e1s usados en la cocina espa\u00f1ola. Se trata de un producto perfecto para regalar o para tener en cualquier cocina, puesto que a su gran variedad de productos es aplicable para m\u00faltiples comidas, as\u00ed como su especiero para tener los tarros perfectamente ordenados.  PACK COMPUESTO DE:   Ajo Granulado 50g   Ingredientes:\u00a0Ajo granulado. Puede contener trazas de\u00a0SULFITOS y CACAHUETES.\u00a0Cerrar bien el envase para evitar que se apelmace.    Colorante Alimentario 50g   Ingredientes:\u00a0Harina de ma\u00edz, sal y colorante: Tartrazina E-102. Puede contener trazas de\u00a0SOJA. \u201cColorante E-102: puede tener efectos negativos sobre la actividad y la atenci\u00f3n de los ni\u00f1os\u201d.    Or\u00e9gano 8g   Ingredientes:\u00a0Or\u00e9gano hoja.      Piment\u00f3n Dulce 40g   Ingredientes:\u00a0Piment\u00f3n dulce.    Perejil 10g   Ingredientes:\u00a0Perejil hoja. Puede contener trazas de\u00a0APIO, GLUTEN y MOSTAZA.    Pimienta Negra Molida 40g   Ingredientes:\u00a0Pimienta negra molida.\" \/>\n<meta property=\"og:url\" content=\"https:\/\/labarraca1912.es\/en\/tienda\/productos-complementarios\/especiero-6-tc\/\" \/>\n<meta property=\"og:site_name\" content=\"La Barraca\" \/>\n<meta property=\"article:modified_time\" content=\"2026-03-15T16:33:28+00:00\" \/>\n<meta property=\"og:image\" content=\"https:\/\/labarraca1912.es\/wp-content\/uploads\/especiero6tc.jpg\" \/>\n\t<meta property=\"og:image:width\" content=\"800\" \/>\n\t<meta property=\"og:image:height\" content=\"800\" \/>\n\t<meta property=\"og:image:type\" content=\"image\/jpeg\" \/>\n<meta name=\"twitter:card\" content=\"summary_large_image\" \/>\n<meta name=\"twitter:label1\" content=\"Estimated reading time\" \/>\n\t<meta name=\"twitter:data1\" content=\"2 minutes\" \/>\n<script type=\"application\/ld+json\" class=\"yoast-schema-graph\">{\"@context\":\"https:\\\/\\\/schema.org\",\"@graph\":[{\"@type\":\"WebPage\",\"@id\":\"https:\\\/\\\/labarraca1912.es\\\/tienda\\\/productos-complementarios\\\/especiero-6-tc\\\/\",\"url\":\"https:\\\/\\\/labarraca1912.es\\\/tienda\\\/productos-complementarios\\\/especiero-6-tc\\\/\",\"name\":\"Especiero 6 Tarros de Cristal - La Barraca\",\"isPartOf\":{\"@id\":\"https:\\\/\\\/labarraca1912.es\\\/#website\"},\"primaryImageOfPage\":{\"@id\":\"https:\\\/\\\/labarraca1912.es\\\/tienda\\\/productos-complementarios\\\/especiero-6-tc\\\/#primaryimage\"},\"image\":{\"@id\":\"https:\\\/\\\/labarraca1912.es\\\/tienda\\\/productos-complementarios\\\/especiero-6-tc\\\/#primaryimage\"},\"thumbnailUrl\":\"https:\\\/\\\/labarraca1912.es\\\/wp-content\\\/uploads\\\/especiero6tc.jpg\",\"datePublished\":\"2025-01-28T08:04:08+00:00\",\"dateModified\":\"2026-03-15T16:33:28+00:00\",\"breadcrumb\":{\"@id\":\"https:\\\/\\\/labarraca1912.es\\\/tienda\\\/productos-complementarios\\\/especiero-6-tc\\\/#breadcrumb\"},\"inLanguage\":\"en-GB\",\"potentialAction\":[{\"@type\":\"ReadAction\",\"target\":[\"https:\\\/\\\/labarraca1912.es\\\/tienda\\\/productos-complementarios\\\/especiero-6-tc\\\/\"]}]},{\"@type\":\"ImageObject\",\"inLanguage\":\"en-GB\",\"@id\":\"https:\\\/\\\/labarraca1912.es\\\/tienda\\\/productos-complementarios\\\/especiero-6-tc\\\/#primaryimage\",\"url\":\"https:\\\/\\\/labarraca1912.es\\\/wp-content\\\/uploads\\\/especiero6tc.jpg\",\"contentUrl\":\"https:\\\/\\\/labarraca1912.es\\\/wp-content\\\/uploads\\\/especiero6tc.jpg\",\"width\":800,\"height\":800},{\"@type\":\"BreadcrumbList\",\"@id\":\"https:\\\/\\\/labarraca1912.es\\\/tienda\\\/productos-complementarios\\\/especiero-6-tc\\\/#breadcrumb\",\"itemListElement\":[{\"@type\":\"ListItem\",\"position\":1,\"name\":\"La Barraca\",\"item\":\"https:\\\/\\\/labarraca1912.es\\\/\"},{\"@type\":\"ListItem\",\"position\":2,\"name\":\"Tienda\",\"item\":\"https:\\\/\\\/labarraca1912.es\\\/tienda\\\/\"},{\"@type\":\"ListItem\",\"position\":3,\"name\":\"Especiero 6 Tarros de Cristal\"}]},{\"@type\":\"WebSite\",\"@id\":\"https:\\\/\\\/labarraca1912.es\\\/#website\",\"url\":\"https:\\\/\\\/labarraca1912.es\\\/\",\"name\":\"La Barraca\",\"description\":\"La Casa del Sabor\",\"publisher\":{\"@id\":\"https:\\\/\\\/labarraca1912.es\\\/#organization\"},\"potentialAction\":[{\"@type\":\"SearchAction\",\"target\":{\"@type\":\"EntryPoint\",\"urlTemplate\":\"https:\\\/\\\/labarraca1912.es\\\/?s={search_term_string}\"},\"query-input\":{\"@type\":\"PropertyValueSpecification\",\"valueRequired\":true,\"valueName\":\"search_term_string\"}}],\"inLanguage\":\"en-GB\"},{\"@type\":\"Organization\",\"@id\":\"https:\\\/\\\/labarraca1912.es\\\/#organization\",\"name\":\"La Barraca 1912 Alimentacion\",\"url\":\"https:\\\/\\\/labarraca1912.es\\\/\",\"logo\":{\"@type\":\"ImageObject\",\"inLanguage\":\"en-GB\",\"@id\":\"https:\\\/\\\/labarraca1912.es\\\/#\\\/schema\\\/logo\\\/image\\\/\",\"url\":\"https:\\\/\\\/labarraca1912.es\\\/wp-content\\\/uploads\\\/2019\\\/06\\\/logo-labarraca.png\",\"contentUrl\":\"https:\\\/\\\/labarraca1912.es\\\/wp-content\\\/uploads\\\/2019\\\/06\\\/logo-labarraca.png\",\"width\":2917,\"height\":1809,\"caption\":\"La Barraca 1912 Alimentacion\"},\"image\":{\"@id\":\"https:\\\/\\\/labarraca1912.es\\\/#\\\/schema\\\/logo\\\/image\\\/\"}}]}<\/script>\n<!-- \/ Yoast SEO plugin. -->","yoast_head_json":{"title":"Especiero 6 Tarros de Cristal - La Barraca","robots":{"index":"index","follow":"follow","max-snippet":"max-snippet:-1","max-image-preview":"max-image-preview:large","max-video-preview":"max-video-preview:-1"},"canonical":"https:\/\/labarraca1912.es\/en\/tienda\/productos-complementarios\/especiero-6-tc\/","og_locale":"en_GB","og_type":"article","og_title":"Especiero 6 Tarros de Cristal - La Barraca","og_description":"Especiero 6 Tarros de Cristal  Especiero de cart\u00f3n compuesto por 6 tarros de cristal con las hierbas, especias y condimentos m\u00e1s usados en la cocina espa\u00f1ola. Se trata de un producto perfecto para regalar o para tener en cualquier cocina, puesto que a su gran variedad de productos es aplicable para m\u00faltiples comidas, as\u00ed como su especiero para tener los tarros perfectamente ordenados.  PACK COMPUESTO DE:   Ajo Granulado 50g   Ingredientes:\u00a0Ajo granulado. Puede contener trazas de\u00a0SULFITOS y CACAHUETES.\u00a0Cerrar bien el envase para evitar que se apelmace.    Colorante Alimentario 50g   Ingredientes:\u00a0Harina de ma\u00edz, sal y colorante: Tartrazina E-102. Puede contener trazas de\u00a0SOJA. \u201cColorante E-102: puede tener efectos negativos sobre la actividad y la atenci\u00f3n de los ni\u00f1os\u201d.    Or\u00e9gano 8g   Ingredientes:\u00a0Or\u00e9gano hoja.      Piment\u00f3n Dulce 40g   Ingredientes:\u00a0Piment\u00f3n dulce.    Perejil 10g   Ingredientes:\u00a0Perejil hoja. Puede contener trazas de\u00a0APIO, GLUTEN y MOSTAZA.    Pimienta Negra Molida 40g   Ingredientes:\u00a0Pimienta negra molida.","og_url":"https:\/\/labarraca1912.es\/en\/tienda\/productos-complementarios\/especiero-6-tc\/","og_site_name":"La Barraca","article_modified_time":"2026-03-15T16:33:28+00:00","og_image":[{"width":800,"height":800,"url":"https:\/\/labarraca1912.es\/wp-content\/uploads\/especiero6tc.jpg","type":"image\/jpeg"}],"twitter_card":"summary_large_image","twitter_misc":{"Estimated reading time":"2 minutes"},"schema":{"@context":"https:\/\/schema.org","@graph":[{"@type":"WebPage","@id":"https:\/\/labarraca1912.es\/tienda\/productos-complementarios\/especiero-6-tc\/","url":"https:\/\/labarraca1912.es\/tienda\/productos-complementarios\/especiero-6-tc\/","name":"Especiero 6 Tarros de Cristal - La Barraca","isPartOf":{"@id":"https:\/\/labarraca1912.es\/#website"},"primaryImageOfPage":{"@id":"https:\/\/labarraca1912.es\/tienda\/productos-complementarios\/especiero-6-tc\/#primaryimage"},"image":{"@id":"https:\/\/labarraca1912.es\/tienda\/productos-complementarios\/especiero-6-tc\/#primaryimage"},"thumbnailUrl":"https:\/\/labarraca1912.es\/wp-content\/uploads\/especiero6tc.jpg","datePublished":"2025-01-28T08:04:08+00:00","dateModified":"2026-03-15T16:33:28+00:00","breadcrumb":{"@id":"https:\/\/labarraca1912.es\/tienda\/productos-complementarios\/especiero-6-tc\/#breadcrumb"},"inLanguage":"en-GB","potentialAction":[{"@type":"ReadAction","target":["https:\/\/labarraca1912.es\/tienda\/productos-complementarios\/especiero-6-tc\/"]}]},{"@type":"ImageObject","inLanguage":"en-GB","@id":"https:\/\/labarraca1912.es\/tienda\/productos-complementarios\/especiero-6-tc\/#primaryimage","url":"https:\/\/labarraca1912.es\/wp-content\/uploads\/especiero6tc.jpg","contentUrl":"https:\/\/labarraca1912.es\/wp-content\/uploads\/especiero6tc.jpg","width":800,"height":800},{"@type":"BreadcrumbList","@id":"https:\/\/labarraca1912.es\/tienda\/productos-complementarios\/especiero-6-tc\/#breadcrumb","itemListElement":[{"@type":"ListItem","position":1,"name":"La Barraca","item":"https:\/\/labarraca1912.es\/"},{"@type":"ListItem","position":2,"name":"Tienda","item":"https:\/\/labarraca1912.es\/tienda\/"},{"@type":"ListItem","position":3,"name":"Especiero 6 Tarros de Cristal"}]},{"@type":"WebSite","@id":"https:\/\/labarraca1912.es\/#website","url":"https:\/\/labarraca1912.es\/","name":"La Barraca","description":"La Casa del Sabor","publisher":{"@id":"https:\/\/labarraca1912.es\/#organization"},"potentialAction":[{"@type":"SearchAction","target":{"@type":"EntryPoint","urlTemplate":"https:\/\/labarraca1912.es\/?s={search_term_string}"},"query-input":{"@type":"PropertyValueSpecification","valueRequired":true,"valueName":"search_term_string"}}],"inLanguage":"en-GB"},{"@type":"Organization","@id":"https:\/\/labarraca1912.es\/#organization","name":"La Barraca 1912 Alimentacion","url":"https:\/\/labarraca1912.es\/","logo":{"@type":"ImageObject","inLanguage":"en-GB","@id":"https:\/\/labarraca1912.es\/#\/schema\/logo\/image\/","url":"https:\/\/labarraca1912.es\/wp-content\/uploads\/2019\/06\/logo-labarraca.png","contentUrl":"https:\/\/labarraca1912.es\/wp-content\/uploads\/2019\/06\/logo-labarraca.png","width":2917,"height":1809,"caption":"La Barraca 1912 Alimentacion"},"image":{"@id":"https:\/\/labarraca1912.es\/#\/schema\/logo\/image\/"}}]}},"_links":{"self":[{"href":"https:\/\/labarraca1912.es\/en\/wp-json\/wp\/v2\/product\/11827","targetHints":{"allow":["GET"]}}],"collection":[{"href":"https:\/\/labarraca1912.es\/en\/wp-json\/wp\/v2\/product"}],"about":[{"href":"https:\/\/labarraca1912.es\/en\/wp-json\/wp\/v2\/types\/product"}],"replies":[{"embeddable":true,"href":"https:\/\/labarraca1912.es\/en\/wp-json\/wp\/v2\/comments?post=11827"}],"wp:featuredmedia":[{"embeddable":true,"href":"https:\/\/labarraca1912.es\/en\/wp-json\/wp\/v2\/media\/11837"}],"wp:attachment":[{"href":"https:\/\/labarraca1912.es\/en\/wp-json\/wp\/v2\/media?parent=11827"}],"wp:term":[{"taxonomy":"product_brand","embeddable":true,"href":"https:\/\/labarraca1912.es\/en\/wp-json\/wp\/v2\/product_brand?post=11827"},{"taxonomy":"product_cat","embeddable":true,"href":"https:\/\/labarraca1912.es\/en\/wp-json\/wp\/v2\/product_cat?post=11827"},{"taxonomy":"product_tag","embeddable":true,"href":"https:\/\/labarraca1912.es\/en\/wp-json\/wp\/v2\/product_tag?post=11827"}],"curies":[{"name":"wp","href":"https:\/\/api.w.org\/{rel}","templated":true}]}}