{"id":12259,"date":"2025-05-13T09:55:50","date_gmt":"2025-05-13T07:55:50","guid":{"rendered":"https:\/\/labarraca1912.es\/?post_type=product&#038;p=12259"},"modified":"2026-03-09T08:37:11","modified_gmt":"2026-03-09T07:37:11","slug":"sal-de-frutas-sabor-limon","status":"publish","type":"product","link":"https:\/\/labarraca1912.es\/en\/tienda\/productos-complementarios\/sal-de-frutas-sabor-limon\/","title":{"rendered":"Sal De Frutas \u00abSabor Lim\u00f3n\u00bb 160g"},"content":{"rendered":"<p><strong>Sal de Frutas \u00abSabor Lim\u00f3n\u00bb: <\/strong>Fruit Salt is a solid powder product for preparing a refreshing lemon-flavored beverage with sweetener. It combats heartburn and discomfort.<\/p>","protected":false},"excerpt":{"rendered":"<blockquote>\n<h2><strong>Sal de Frutas \u00abSabor Lim\u00f3n\u00bb<\/strong> 160g<\/h2>\n<\/blockquote>\n<p>Fruit Salt is a solid powder product for preparing a refreshing lemon-flavored beverage with sweetener. It combats heartburn and discomfort.<\/p>\n<p><strong><em>Ingredients:<\/em><\/strong>\u00a0Raising agent: sodium bicarbonate E-500ii, acidulant: tartaric acid E-334, anti-caking agent: calcium phosphate E-341i, lemon flavor and sweetener: sucralose E-955.<\/p>\n<p><strong>How to Use:<\/strong>\u00a0Pour one teaspoon into half a glass of water, stir, and drink once the product has dissolved.<\/p>\n<p><strong>Nutritional information. <\/strong>Average analysis per 100g of product: Energy: 794 kJ\/190 kcal. Fats: 0g. Of which saturates: 0g. Carbohydrate: 0,2g. Of which sugars: 0,1g. Proteins: 0g. Salt: 47g.<\/p>","protected":false},"featured_media":12261,"comment_status":"open","ping_status":"closed","template":"","meta":{"_et_pb_use_builder":"off","_et_pb_old_content":"La Sal de Frutas es un producto s\u00f3lido en polvo para la preparaci\u00f3n de bebida refrescante aromatizada sabor lim\u00f3n, con edulcorante.\r\n\r\n<strong>Bicarbonato S\u00f3dico:<\/strong> Combate la acidez, as\u00ed como el malestar.\r\n\r\n<strong>Modo de Empleo:<\/strong> Verter una cucharadita de postre en medio vaso de agua, remover y beber una vez se disuelva todo el producto.","_et_gb_content_width":""},"product_brand":[],"product_cat":[15],"product_tag":[309,308],"class_list":{"0":"post-12259","1":"product","2":"type-product","3":"status-publish","4":"has-post-thumbnail","6":"product_cat-productos-complementarios","7":"product_tag-bote-dosificador","8":"product_tag-sal-de-frutas","10":"first","11":"instock","12":"taxable","13":"shipping-taxable","14":"purchasable","15":"product-type-simple"},"yoast_head":"<!-- This site is optimized with the Yoast SEO plugin v27.4 - https:\/\/yoast.com\/product\/yoast-seo-wordpress\/ -->\n<title>Sal De Frutas &quot;Sabor Lim\u00f3n&quot; 160g - La Barraca<\/title>\n<meta name=\"description\" content=\"La Sal de Frutas es un producto s\u00f3lido en polvo para la preparaci\u00f3n de bebida refrescante aromatizada sabor lim\u00f3n, con edulcorante. Combate la acidez, as\u00ed como el malestar.\" \/>\n<meta name=\"robots\" content=\"index, follow, max-snippet:-1, max-image-preview:large, max-video-preview:-1\" \/>\n<link rel=\"canonical\" href=\"https:\/\/labarraca1912.es\/en\/tienda\/productos-complementarios\/sal-de-frutas-sabor-limon\/\" \/>\n<meta property=\"og:locale\" content=\"en_GB\" \/>\n<meta property=\"og:type\" content=\"article\" \/>\n<meta property=\"og:title\" content=\"Sal De Frutas &quot;Sabor Lim\u00f3n&quot; 160g - La Barraca\" \/>\n<meta property=\"og:description\" content=\"La Sal de Frutas es un producto s\u00f3lido en polvo para la preparaci\u00f3n de bebida refrescante aromatizada sabor lim\u00f3n, con edulcorante. Combate la acidez, as\u00ed como el malestar.\" \/>\n<meta property=\"og:url\" content=\"https:\/\/labarraca1912.es\/en\/tienda\/productos-complementarios\/sal-de-frutas-sabor-limon\/\" \/>\n<meta property=\"og:site_name\" content=\"La Barraca\" \/>\n<meta property=\"article:modified_time\" content=\"2026-03-09T07:37:11+00:00\" \/>\n<meta property=\"og:image\" content=\"https:\/\/labarraca1912.es\/wp-content\/uploads\/Sal-de-Frutas-1.jpg\" \/>\n\t<meta property=\"og:image:width\" content=\"800\" \/>\n\t<meta property=\"og:image:height\" content=\"800\" \/>\n\t<meta property=\"og:image:type\" content=\"image\/jpeg\" \/>\n<meta name=\"twitter:card\" content=\"summary_large_image\" \/>\n<meta name=\"twitter:label1\" content=\"Estimated reading time\" \/>\n\t<meta name=\"twitter:data1\" content=\"1 minute\" \/>\n<script type=\"application\/ld+json\" class=\"yoast-schema-graph\">{\"@context\":\"https:\\\/\\\/schema.org\",\"@graph\":[{\"@type\":\"WebPage\",\"@id\":\"https:\\\/\\\/labarraca1912.es\\\/tienda\\\/productos-complementarios\\\/sal-de-frutas-sabor-limon\\\/\",\"url\":\"https:\\\/\\\/labarraca1912.es\\\/tienda\\\/productos-complementarios\\\/sal-de-frutas-sabor-limon\\\/\",\"name\":\"Sal De Frutas \\\"Sabor Lim\u00f3n\\\" 160g - La Barraca\",\"isPartOf\":{\"@id\":\"https:\\\/\\\/labarraca1912.es\\\/#website\"},\"primaryImageOfPage\":{\"@id\":\"https:\\\/\\\/labarraca1912.es\\\/tienda\\\/productos-complementarios\\\/sal-de-frutas-sabor-limon\\\/#primaryimage\"},\"image\":{\"@id\":\"https:\\\/\\\/labarraca1912.es\\\/tienda\\\/productos-complementarios\\\/sal-de-frutas-sabor-limon\\\/#primaryimage\"},\"thumbnailUrl\":\"https:\\\/\\\/labarraca1912.es\\\/wp-content\\\/uploads\\\/Sal-de-Frutas-1.jpg\",\"datePublished\":\"2025-05-13T07:55:50+00:00\",\"dateModified\":\"2026-03-09T07:37:11+00:00\",\"description\":\"La Sal de Frutas es un producto s\u00f3lido en polvo para la preparaci\u00f3n de bebida refrescante aromatizada sabor lim\u00f3n, con edulcorante. Combate la acidez, as\u00ed como el malestar.\",\"breadcrumb\":{\"@id\":\"https:\\\/\\\/labarraca1912.es\\\/tienda\\\/productos-complementarios\\\/sal-de-frutas-sabor-limon\\\/#breadcrumb\"},\"inLanguage\":\"en-GB\",\"potentialAction\":[{\"@type\":\"ReadAction\",\"target\":[\"https:\\\/\\\/labarraca1912.es\\\/tienda\\\/productos-complementarios\\\/sal-de-frutas-sabor-limon\\\/\"]}]},{\"@type\":\"ImageObject\",\"inLanguage\":\"en-GB\",\"@id\":\"https:\\\/\\\/labarraca1912.es\\\/tienda\\\/productos-complementarios\\\/sal-de-frutas-sabor-limon\\\/#primaryimage\",\"url\":\"https:\\\/\\\/labarraca1912.es\\\/wp-content\\\/uploads\\\/Sal-de-Frutas-1.jpg\",\"contentUrl\":\"https:\\\/\\\/labarraca1912.es\\\/wp-content\\\/uploads\\\/Sal-de-Frutas-1.jpg\",\"width\":800,\"height\":800},{\"@type\":\"BreadcrumbList\",\"@id\":\"https:\\\/\\\/labarraca1912.es\\\/tienda\\\/productos-complementarios\\\/sal-de-frutas-sabor-limon\\\/#breadcrumb\",\"itemListElement\":[{\"@type\":\"ListItem\",\"position\":1,\"name\":\"La Barraca\",\"item\":\"https:\\\/\\\/labarraca1912.es\\\/\"},{\"@type\":\"ListItem\",\"position\":2,\"name\":\"Tienda\",\"item\":\"https:\\\/\\\/labarraca1912.es\\\/tienda\\\/\"},{\"@type\":\"ListItem\",\"position\":3,\"name\":\"Sal De Frutas \u00abSabor Lim\u00f3n\u00bb 160g\"}]},{\"@type\":\"WebSite\",\"@id\":\"https:\\\/\\\/labarraca1912.es\\\/#website\",\"url\":\"https:\\\/\\\/labarraca1912.es\\\/\",\"name\":\"La Barraca\",\"description\":\"La Casa del Sabor\",\"publisher\":{\"@id\":\"https:\\\/\\\/labarraca1912.es\\\/#organization\"},\"potentialAction\":[{\"@type\":\"SearchAction\",\"target\":{\"@type\":\"EntryPoint\",\"urlTemplate\":\"https:\\\/\\\/labarraca1912.es\\\/?s={search_term_string}\"},\"query-input\":{\"@type\":\"PropertyValueSpecification\",\"valueRequired\":true,\"valueName\":\"search_term_string\"}}],\"inLanguage\":\"en-GB\"},{\"@type\":\"Organization\",\"@id\":\"https:\\\/\\\/labarraca1912.es\\\/#organization\",\"name\":\"La Barraca 1912 Alimentacion\",\"url\":\"https:\\\/\\\/labarraca1912.es\\\/\",\"logo\":{\"@type\":\"ImageObject\",\"inLanguage\":\"en-GB\",\"@id\":\"https:\\\/\\\/labarraca1912.es\\\/#\\\/schema\\\/logo\\\/image\\\/\",\"url\":\"https:\\\/\\\/labarraca1912.es\\\/wp-content\\\/uploads\\\/2019\\\/06\\\/logo-labarraca.png\",\"contentUrl\":\"https:\\\/\\\/labarraca1912.es\\\/wp-content\\\/uploads\\\/2019\\\/06\\\/logo-labarraca.png\",\"width\":2917,\"height\":1809,\"caption\":\"La Barraca 1912 Alimentacion\"},\"image\":{\"@id\":\"https:\\\/\\\/labarraca1912.es\\\/#\\\/schema\\\/logo\\\/image\\\/\"}}]}<\/script>\n<!-- \/ Yoast SEO plugin. -->","yoast_head_json":{"title":"Sal De Frutas \"Sabor Lim\u00f3n\" 160g - La Barraca","description":"Fruit Salt is a solid powder product for preparing a refreshing lemon-flavored beverage with sweetener. It combats heartburn and discomfort.","robots":{"index":"index","follow":"follow","max-snippet":"max-snippet:-1","max-image-preview":"max-image-preview:large","max-video-preview":"max-video-preview:-1"},"canonical":"https:\/\/labarraca1912.es\/en\/tienda\/productos-complementarios\/sal-de-frutas-sabor-limon\/","og_locale":"en_GB","og_type":"article","og_title":"Sal De Frutas \"Sabor Lim\u00f3n\" 160g - La Barraca","og_description":"La Sal de Frutas es un producto s\u00f3lido en polvo para la preparaci\u00f3n de bebida refrescante aromatizada sabor lim\u00f3n, con edulcorante. Combate la acidez, as\u00ed como el malestar.","og_url":"https:\/\/labarraca1912.es\/en\/tienda\/productos-complementarios\/sal-de-frutas-sabor-limon\/","og_site_name":"La Barraca","article_modified_time":"2026-03-09T07:37:11+00:00","og_image":[{"width":800,"height":800,"url":"https:\/\/labarraca1912.es\/wp-content\/uploads\/Sal-de-Frutas-1.jpg","type":"image\/jpeg"}],"twitter_card":"summary_large_image","twitter_misc":{"Estimated reading time":"1 minute"},"schema":{"@context":"https:\/\/schema.org","@graph":[{"@type":"WebPage","@id":"https:\/\/labarraca1912.es\/tienda\/productos-complementarios\/sal-de-frutas-sabor-limon\/","url":"https:\/\/labarraca1912.es\/tienda\/productos-complementarios\/sal-de-frutas-sabor-limon\/","name":"Sal De Frutas \"Sabor Lim\u00f3n\" 160g - La Barraca","isPartOf":{"@id":"https:\/\/labarraca1912.es\/#website"},"primaryImageOfPage":{"@id":"https:\/\/labarraca1912.es\/tienda\/productos-complementarios\/sal-de-frutas-sabor-limon\/#primaryimage"},"image":{"@id":"https:\/\/labarraca1912.es\/tienda\/productos-complementarios\/sal-de-frutas-sabor-limon\/#primaryimage"},"thumbnailUrl":"https:\/\/labarraca1912.es\/wp-content\/uploads\/Sal-de-Frutas-1.jpg","datePublished":"2025-05-13T07:55:50+00:00","dateModified":"2026-03-09T07:37:11+00:00","description":"Fruit Salt is a solid powder product for preparing a refreshing lemon-flavored beverage with sweetener. It combats heartburn and discomfort.","breadcrumb":{"@id":"https:\/\/labarraca1912.es\/tienda\/productos-complementarios\/sal-de-frutas-sabor-limon\/#breadcrumb"},"inLanguage":"en-GB","potentialAction":[{"@type":"ReadAction","target":["https:\/\/labarraca1912.es\/tienda\/productos-complementarios\/sal-de-frutas-sabor-limon\/"]}]},{"@type":"ImageObject","inLanguage":"en-GB","@id":"https:\/\/labarraca1912.es\/tienda\/productos-complementarios\/sal-de-frutas-sabor-limon\/#primaryimage","url":"https:\/\/labarraca1912.es\/wp-content\/uploads\/Sal-de-Frutas-1.jpg","contentUrl":"https:\/\/labarraca1912.es\/wp-content\/uploads\/Sal-de-Frutas-1.jpg","width":800,"height":800},{"@type":"BreadcrumbList","@id":"https:\/\/labarraca1912.es\/tienda\/productos-complementarios\/sal-de-frutas-sabor-limon\/#breadcrumb","itemListElement":[{"@type":"ListItem","position":1,"name":"La Barraca","item":"https:\/\/labarraca1912.es\/"},{"@type":"ListItem","position":2,"name":"Tienda","item":"https:\/\/labarraca1912.es\/tienda\/"},{"@type":"ListItem","position":3,"name":"Sal De Frutas \u00abSabor Lim\u00f3n\u00bb 160g"}]},{"@type":"WebSite","@id":"https:\/\/labarraca1912.es\/#website","url":"https:\/\/labarraca1912.es\/","name":"La Barraca","description":"La Casa del Sabor","publisher":{"@id":"https:\/\/labarraca1912.es\/#organization"},"potentialAction":[{"@type":"SearchAction","target":{"@type":"EntryPoint","urlTemplate":"https:\/\/labarraca1912.es\/?s={search_term_string}"},"query-input":{"@type":"PropertyValueSpecification","valueRequired":true,"valueName":"search_term_string"}}],"inLanguage":"en-GB"},{"@type":"Organization","@id":"https:\/\/labarraca1912.es\/#organization","name":"La Barraca 1912 Alimentacion","url":"https:\/\/labarraca1912.es\/","logo":{"@type":"ImageObject","inLanguage":"en-GB","@id":"https:\/\/labarraca1912.es\/#\/schema\/logo\/image\/","url":"https:\/\/labarraca1912.es\/wp-content\/uploads\/2019\/06\/logo-labarraca.png","contentUrl":"https:\/\/labarraca1912.es\/wp-content\/uploads\/2019\/06\/logo-labarraca.png","width":2917,"height":1809,"caption":"La Barraca 1912 Alimentacion"},"image":{"@id":"https:\/\/labarraca1912.es\/#\/schema\/logo\/image\/"}}]}},"_links":{"self":[{"href":"https:\/\/labarraca1912.es\/en\/wp-json\/wp\/v2\/product\/12259","targetHints":{"allow":["GET"]}}],"collection":[{"href":"https:\/\/labarraca1912.es\/en\/wp-json\/wp\/v2\/product"}],"about":[{"href":"https:\/\/labarraca1912.es\/en\/wp-json\/wp\/v2\/types\/product"}],"replies":[{"embeddable":true,"href":"https:\/\/labarraca1912.es\/en\/wp-json\/wp\/v2\/comments?post=12259"}],"wp:featuredmedia":[{"embeddable":true,"href":"https:\/\/labarraca1912.es\/en\/wp-json\/wp\/v2\/media\/12261"}],"wp:attachment":[{"href":"https:\/\/labarraca1912.es\/en\/wp-json\/wp\/v2\/media?parent=12259"}],"wp:term":[{"taxonomy":"product_brand","embeddable":true,"href":"https:\/\/labarraca1912.es\/en\/wp-json\/wp\/v2\/product_brand?post=12259"},{"taxonomy":"product_cat","embeddable":true,"href":"https:\/\/labarraca1912.es\/en\/wp-json\/wp\/v2\/product_cat?post=12259"},{"taxonomy":"product_tag","embeddable":true,"href":"https:\/\/labarraca1912.es\/en\/wp-json\/wp\/v2\/product_tag?post=12259"}],"curies":[{"name":"wp","href":"https:\/\/api.w.org\/{rel}","templated":true}]}}