{"id":140,"date":"2019-06-28T13:15:37","date_gmt":"2019-06-28T11:15:37","guid":{"rendered":"https:\/\/labarraca1912.es\/?post_type=product&#038;p=140"},"modified":"2026-04-14T21:12:00","modified_gmt":"2026-04-14T19:12:00","slug":"flor-de-manzanilla-piramite","status":"publish","type":"product","link":"https:\/\/labarraca1912.es\/en\/tienda\/infusiones\/flor-de-manzanilla-piramite\/","title":{"rendered":"PiramiT\u00e9 Chamomile Flower"},"content":{"rendered":"<p>PIRAMIT\u00c9 - CHAMOMILE FLOWER: Natural flavour and aroma in an exclusive collection of infusions, packaged in pyramidal sachets so you can enjoy a sip of the authentic flavour of La Barraca infusions. A range of infusions like you've never seen.<\/p>\n<p><strong>Chamomile Flower:<\/strong>\u00a0The Chamomile Flower is an aromatic herb with a small flower with white petals and a yellow center.<\/p>\n<p>&nbsp;<\/p>","protected":false},"excerpt":{"rendered":"<blockquote>\n<h2><strong>PiramiT\u00e9<\/strong>\u00a0Chamomile Flower<\/h2>\n<\/blockquote>\n<p>Natural flavour and aroma in an exclusive collection of infusions, packaged in pyramidal sachets so you can enjoy a sip of the authentic flavour of La Barraca infusions. A range of infusions like you've never seen.<\/p>\n<p>The Chamomile Flower is an aromatic herb with a small flower with white petals and a yellow center.<\/p>\n<p><em><strong>Ingredients:<\/strong><\/em> Chamomile 100%.<\/p>","protected":false},"featured_media":141,"comment_status":"open","ping_status":"closed","template":"","meta":{"_et_pb_use_builder":"","_et_pb_old_content":"","_et_gb_content_width":""},"product_brand":[],"product_cat":[20],"product_tag":[42,56,52,57,54,53,55],"class_list":{"0":"post-140","1":"product","2":"type-product","3":"status-publish","4":"has-post-thumbnail","6":"product_cat-infusiones","7":"product_tag-edulcorante","8":"product_tag-frutosrojos","9":"product_tag-infusiones","10":"product_tag-manzanilla","11":"product_tag-rooibos","12":"product_tag-te","13":"product_tag-teverde","15":"first","16":"instock","17":"taxable","18":"shipping-taxable","19":"purchasable","20":"product-type-simple"},"yoast_head":"<!-- This site is optimized with the Yoast SEO plugin v27.4 - https:\/\/yoast.com\/product\/yoast-seo-wordpress\/ -->\n<title>Comprar PiramiT\u00e9 Flor de Manzanilla | La Barraca<\/title>\n<meta name=\"description\" content=\"Comprar PiramiT\u00e9 Flor de Manzanilla en bolsitas piramidales de alta calidad. Disfruta del aut\u00e9ntico sabor natural en cada sorbo con La Barraca.\" \/>\n<meta name=\"robots\" content=\"index, follow, max-snippet:-1, max-image-preview:large, max-video-preview:-1\" \/>\n<link rel=\"canonical\" href=\"https:\/\/labarraca1912.es\/en\/tienda\/infusiones\/flor-de-manzanilla-piramite\/\" \/>\n<meta property=\"og:locale\" content=\"en_GB\" \/>\n<meta property=\"og:type\" content=\"article\" \/>\n<meta property=\"og:title\" content=\"Comprar PiramiT\u00e9 Flor de Manzanilla | La Barraca\" \/>\n<meta property=\"og:description\" content=\"Comprar PiramiT\u00e9 Flor de Manzanilla en bolsitas piramidales de alta calidad. Disfruta del aut\u00e9ntico sabor natural en cada sorbo con La Barraca.\" \/>\n<meta property=\"og:url\" content=\"https:\/\/labarraca1912.es\/en\/tienda\/infusiones\/flor-de-manzanilla-piramite\/\" \/>\n<meta property=\"og:site_name\" content=\"La Barraca\" \/>\n<meta property=\"article:modified_time\" content=\"2026-04-14T19:12:00+00:00\" \/>\n<meta property=\"og:image\" content=\"https:\/\/labarraca1912.es\/wp-content\/uploads\/2019\/06\/FlordeManzanilla.jpg\" \/>\n\t<meta property=\"og:image:width\" content=\"800\" \/>\n\t<meta property=\"og:image:height\" content=\"800\" \/>\n\t<meta property=\"og:image:type\" content=\"image\/jpeg\" \/>\n<meta name=\"twitter:card\" content=\"summary_large_image\" \/>\n<meta name=\"twitter:label1\" content=\"Estimated reading time\" \/>\n\t<meta name=\"twitter:data1\" content=\"1 minute\" \/>\n<script type=\"application\/ld+json\" class=\"yoast-schema-graph\">{\"@context\":\"https:\\\/\\\/schema.org\",\"@graph\":[{\"@type\":\"WebPage\",\"@id\":\"https:\\\/\\\/labarraca1912.es\\\/tienda\\\/infusiones\\\/flor-de-manzanilla-piramite\\\/\",\"url\":\"https:\\\/\\\/labarraca1912.es\\\/tienda\\\/infusiones\\\/flor-de-manzanilla-piramite\\\/\",\"name\":\"Comprar PiramiT\u00e9 Flor de Manzanilla | La Barraca\",\"isPartOf\":{\"@id\":\"https:\\\/\\\/labarraca1912.es\\\/#website\"},\"primaryImageOfPage\":{\"@id\":\"https:\\\/\\\/labarraca1912.es\\\/tienda\\\/infusiones\\\/flor-de-manzanilla-piramite\\\/#primaryimage\"},\"image\":{\"@id\":\"https:\\\/\\\/labarraca1912.es\\\/tienda\\\/infusiones\\\/flor-de-manzanilla-piramite\\\/#primaryimage\"},\"thumbnailUrl\":\"https:\\\/\\\/labarraca1912.es\\\/wp-content\\\/uploads\\\/2019\\\/06\\\/FlordeManzanilla.jpg\",\"datePublished\":\"2019-06-28T11:15:37+00:00\",\"dateModified\":\"2026-04-14T19:12:00+00:00\",\"description\":\"Comprar PiramiT\u00e9 Flor de Manzanilla en bolsitas piramidales de alta calidad. Disfruta del aut\u00e9ntico sabor natural en cada sorbo con La Barraca.\",\"breadcrumb\":{\"@id\":\"https:\\\/\\\/labarraca1912.es\\\/tienda\\\/infusiones\\\/flor-de-manzanilla-piramite\\\/#breadcrumb\"},\"inLanguage\":\"en-GB\",\"potentialAction\":[{\"@type\":\"ReadAction\",\"target\":[\"https:\\\/\\\/labarraca1912.es\\\/tienda\\\/infusiones\\\/flor-de-manzanilla-piramite\\\/\"]}]},{\"@type\":\"ImageObject\",\"inLanguage\":\"en-GB\",\"@id\":\"https:\\\/\\\/labarraca1912.es\\\/tienda\\\/infusiones\\\/flor-de-manzanilla-piramite\\\/#primaryimage\",\"url\":\"https:\\\/\\\/labarraca1912.es\\\/wp-content\\\/uploads\\\/2019\\\/06\\\/FlordeManzanilla.jpg\",\"contentUrl\":\"https:\\\/\\\/labarraca1912.es\\\/wp-content\\\/uploads\\\/2019\\\/06\\\/FlordeManzanilla.jpg\",\"width\":800,\"height\":800},{\"@type\":\"BreadcrumbList\",\"@id\":\"https:\\\/\\\/labarraca1912.es\\\/tienda\\\/infusiones\\\/flor-de-manzanilla-piramite\\\/#breadcrumb\",\"itemListElement\":[{\"@type\":\"ListItem\",\"position\":1,\"name\":\"La Barraca\",\"item\":\"https:\\\/\\\/labarraca1912.es\\\/\"},{\"@type\":\"ListItem\",\"position\":2,\"name\":\"Tienda\",\"item\":\"https:\\\/\\\/labarraca1912.es\\\/tienda\\\/\"},{\"@type\":\"ListItem\",\"position\":3,\"name\":\"PiramiT\u00e9 Flor de Manzanilla\"}]},{\"@type\":\"WebSite\",\"@id\":\"https:\\\/\\\/labarraca1912.es\\\/#website\",\"url\":\"https:\\\/\\\/labarraca1912.es\\\/\",\"name\":\"La Barraca\",\"description\":\"La Casa del Sabor\",\"publisher\":{\"@id\":\"https:\\\/\\\/labarraca1912.es\\\/#organization\"},\"potentialAction\":[{\"@type\":\"SearchAction\",\"target\":{\"@type\":\"EntryPoint\",\"urlTemplate\":\"https:\\\/\\\/labarraca1912.es\\\/?s={search_term_string}\"},\"query-input\":{\"@type\":\"PropertyValueSpecification\",\"valueRequired\":true,\"valueName\":\"search_term_string\"}}],\"inLanguage\":\"en-GB\"},{\"@type\":\"Organization\",\"@id\":\"https:\\\/\\\/labarraca1912.es\\\/#organization\",\"name\":\"La Barraca 1912 Alimentacion\",\"url\":\"https:\\\/\\\/labarraca1912.es\\\/\",\"logo\":{\"@type\":\"ImageObject\",\"inLanguage\":\"en-GB\",\"@id\":\"https:\\\/\\\/labarraca1912.es\\\/#\\\/schema\\\/logo\\\/image\\\/\",\"url\":\"https:\\\/\\\/labarraca1912.es\\\/wp-content\\\/uploads\\\/2019\\\/06\\\/logo-labarraca.png\",\"contentUrl\":\"https:\\\/\\\/labarraca1912.es\\\/wp-content\\\/uploads\\\/2019\\\/06\\\/logo-labarraca.png\",\"width\":2917,\"height\":1809,\"caption\":\"La Barraca 1912 Alimentacion\"},\"image\":{\"@id\":\"https:\\\/\\\/labarraca1912.es\\\/#\\\/schema\\\/logo\\\/image\\\/\"}}]}<\/script>\n<!-- \/ Yoast SEO plugin. -->","yoast_head_json":{"title":"Comprar PiramiT\u00e9 Flor de Manzanilla | La Barraca","description":"Comprar PiramiT\u00e9 Flor de Manzanilla en bolsitas piramidales de alta calidad. Disfruta del aut\u00e9ntico sabor natural en cada sorbo con La Barraca.","robots":{"index":"index","follow":"follow","max-snippet":"max-snippet:-1","max-image-preview":"max-image-preview:large","max-video-preview":"max-video-preview:-1"},"canonical":"https:\/\/labarraca1912.es\/en\/tienda\/infusiones\/flor-de-manzanilla-piramite\/","og_locale":"en_GB","og_type":"article","og_title":"Comprar PiramiT\u00e9 Flor de Manzanilla | La Barraca","og_description":"Comprar PiramiT\u00e9 Flor de Manzanilla en bolsitas piramidales de alta calidad. Disfruta del aut\u00e9ntico sabor natural en cada sorbo con La Barraca.","og_url":"https:\/\/labarraca1912.es\/en\/tienda\/infusiones\/flor-de-manzanilla-piramite\/","og_site_name":"La Barraca","article_modified_time":"2026-04-14T19:12:00+00:00","og_image":[{"width":800,"height":800,"url":"https:\/\/labarraca1912.es\/wp-content\/uploads\/2019\/06\/FlordeManzanilla.jpg","type":"image\/jpeg"}],"twitter_card":"summary_large_image","twitter_misc":{"Estimated reading time":"1 minute"},"schema":{"@context":"https:\/\/schema.org","@graph":[{"@type":"WebPage","@id":"https:\/\/labarraca1912.es\/tienda\/infusiones\/flor-de-manzanilla-piramite\/","url":"https:\/\/labarraca1912.es\/tienda\/infusiones\/flor-de-manzanilla-piramite\/","name":"Comprar PiramiT\u00e9 Flor de Manzanilla | La Barraca","isPartOf":{"@id":"https:\/\/labarraca1912.es\/#website"},"primaryImageOfPage":{"@id":"https:\/\/labarraca1912.es\/tienda\/infusiones\/flor-de-manzanilla-piramite\/#primaryimage"},"image":{"@id":"https:\/\/labarraca1912.es\/tienda\/infusiones\/flor-de-manzanilla-piramite\/#primaryimage"},"thumbnailUrl":"https:\/\/labarraca1912.es\/wp-content\/uploads\/2019\/06\/FlordeManzanilla.jpg","datePublished":"2019-06-28T11:15:37+00:00","dateModified":"2026-04-14T19:12:00+00:00","description":"Comprar PiramiT\u00e9 Flor de Manzanilla en bolsitas piramidales de alta calidad. Disfruta del aut\u00e9ntico sabor natural en cada sorbo con La Barraca.","breadcrumb":{"@id":"https:\/\/labarraca1912.es\/tienda\/infusiones\/flor-de-manzanilla-piramite\/#breadcrumb"},"inLanguage":"en-GB","potentialAction":[{"@type":"ReadAction","target":["https:\/\/labarraca1912.es\/tienda\/infusiones\/flor-de-manzanilla-piramite\/"]}]},{"@type":"ImageObject","inLanguage":"en-GB","@id":"https:\/\/labarraca1912.es\/tienda\/infusiones\/flor-de-manzanilla-piramite\/#primaryimage","url":"https:\/\/labarraca1912.es\/wp-content\/uploads\/2019\/06\/FlordeManzanilla.jpg","contentUrl":"https:\/\/labarraca1912.es\/wp-content\/uploads\/2019\/06\/FlordeManzanilla.jpg","width":800,"height":800},{"@type":"BreadcrumbList","@id":"https:\/\/labarraca1912.es\/tienda\/infusiones\/flor-de-manzanilla-piramite\/#breadcrumb","itemListElement":[{"@type":"ListItem","position":1,"name":"La Barraca","item":"https:\/\/labarraca1912.es\/"},{"@type":"ListItem","position":2,"name":"Tienda","item":"https:\/\/labarraca1912.es\/tienda\/"},{"@type":"ListItem","position":3,"name":"PiramiT\u00e9 Flor de Manzanilla"}]},{"@type":"WebSite","@id":"https:\/\/labarraca1912.es\/#website","url":"https:\/\/labarraca1912.es\/","name":"La Barraca","description":"La Casa del Sabor","publisher":{"@id":"https:\/\/labarraca1912.es\/#organization"},"potentialAction":[{"@type":"SearchAction","target":{"@type":"EntryPoint","urlTemplate":"https:\/\/labarraca1912.es\/?s={search_term_string}"},"query-input":{"@type":"PropertyValueSpecification","valueRequired":true,"valueName":"search_term_string"}}],"inLanguage":"en-GB"},{"@type":"Organization","@id":"https:\/\/labarraca1912.es\/#organization","name":"La Barraca 1912 Alimentacion","url":"https:\/\/labarraca1912.es\/","logo":{"@type":"ImageObject","inLanguage":"en-GB","@id":"https:\/\/labarraca1912.es\/#\/schema\/logo\/image\/","url":"https:\/\/labarraca1912.es\/wp-content\/uploads\/2019\/06\/logo-labarraca.png","contentUrl":"https:\/\/labarraca1912.es\/wp-content\/uploads\/2019\/06\/logo-labarraca.png","width":2917,"height":1809,"caption":"La Barraca 1912 Alimentacion"},"image":{"@id":"https:\/\/labarraca1912.es\/#\/schema\/logo\/image\/"}}]}},"_links":{"self":[{"href":"https:\/\/labarraca1912.es\/en\/wp-json\/wp\/v2\/product\/140","targetHints":{"allow":["GET"]}}],"collection":[{"href":"https:\/\/labarraca1912.es\/en\/wp-json\/wp\/v2\/product"}],"about":[{"href":"https:\/\/labarraca1912.es\/en\/wp-json\/wp\/v2\/types\/product"}],"replies":[{"embeddable":true,"href":"https:\/\/labarraca1912.es\/en\/wp-json\/wp\/v2\/comments?post=140"}],"wp:featuredmedia":[{"embeddable":true,"href":"https:\/\/labarraca1912.es\/en\/wp-json\/wp\/v2\/media\/141"}],"wp:attachment":[{"href":"https:\/\/labarraca1912.es\/en\/wp-json\/wp\/v2\/media?parent=140"}],"wp:term":[{"taxonomy":"product_brand","embeddable":true,"href":"https:\/\/labarraca1912.es\/en\/wp-json\/wp\/v2\/product_brand?post=140"},{"taxonomy":"product_cat","embeddable":true,"href":"https:\/\/labarraca1912.es\/en\/wp-json\/wp\/v2\/product_cat?post=140"},{"taxonomy":"product_tag","embeddable":true,"href":"https:\/\/labarraca1912.es\/en\/wp-json\/wp\/v2\/product_tag?post=140"}],"curies":[{"name":"wp","href":"https:\/\/api.w.org\/{rel}","templated":true}]}}