{"id":14130,"date":"2026-03-17T08:27:41","date_gmt":"2026-03-17T07:27:41","guid":{"rendered":"https:\/\/labarraca1912.es\/?post_type=product&#038;p=14130"},"modified":"2026-03-17T11:24:24","modified_gmt":"2026-03-17T10:24:24","slug":"set-pimenton","status":"publish","type":"product","link":"https:\/\/labarraca1912.es\/en\/tienda\/pimenton\/set-pimenton\/","title":{"rendered":"Paprika Set"},"content":{"rendered":"<p data-start=\"104\" data-end=\"374\">Discover all the character and tradition of the authentic pepper with this <strong data-start=\"177\" data-end=\"205\">exclusive set of 4 tins<\/strong>, thought for lovers of good cooking. A complete selection that you have <strong data-start=\"285\" data-end=\"317\">four essential varieties<\/strong> to give personality, colour and flavour to any recipe.<\/p>\n<p data-start=\"376\" data-end=\"508\">Each tin preserves the intensity and freshness of the paprika, allowing you to enjoy different nuances depending on the dish you prepare.<\/p>\n<p data-start=\"1100\" data-end=\"1257\">Presented in practical and elegant tins, this set is perfect both for everyday use in the kitchen and as a gift for food lovers.<\/p>\n<p data-start=\"1100\" data-end=\"1257\"><strong data-start=\"1261\" data-end=\"1347\">A must-have for any kitchen seeking authentic flavour and versatility.<\/strong><\/p>","protected":false},"excerpt":{"rendered":"<blockquote>\n<h2><strong>Paprika Set <\/strong>4 Tins 75g<\/h2>\n<\/blockquote>\n<p><img decoding=\"async\" class=\"alignnone wp-image-10937\" src=\"https:\/\/labarraca1912.es\/wp-content\/uploads\/glutenfree.jpg\" alt=\"\" width=\"203\" height=\"35\" \/><\/p>\n<p data-start=\"104\" data-end=\"374\">Discover all the character and tradition of the authentic pepper with this <strong data-start=\"177\" data-end=\"205\">exclusive set of 4 tins<\/strong>, thought for lovers of good cooking. A complete selection that you have <strong data-start=\"285\" data-end=\"317\">four essential varieties<\/strong> to give personality, colour and flavour to any recipe.<\/p>\n<ul>\n<li data-start=\"104\" data-end=\"374\">Mild Paprika <strong>\u00abGOLD Quality\u00bb.<\/strong><\/li>\n<li data-start=\"104\" data-end=\"374\">Hot Paprika. <strong>\u00abGOLD Quality\u00bb.<\/strong><\/li>\n<li data-start=\"104\" data-end=\"374\">Smoked mild paprika.<\/li>\n<li data-start=\"104\" data-end=\"374\">Smoked hot paprika.<\/li>\n<\/ul>\n<p data-start=\"376\" data-end=\"508\">Each tin preserves the intensity and freshness of the paprika, allowing you to enjoy different nuances depending on the dish you prepare.<\/p>\n<p data-start=\"1100\" data-end=\"1257\">Presented in practical and elegant tins, this set is perfect both for everyday use in the kitchen and as a gift for food lovers.<\/p>\n<p data-start=\"1100\" data-end=\"1257\"><strong data-start=\"1261\" data-end=\"1347\">A must-have for any kitchen seeking authentic flavour and versatility.<\/strong><\/p>","protected":false},"featured_media":14128,"comment_status":"open","ping_status":"closed","template":"","meta":{"_et_pb_use_builder":"","_et_pb_old_content":"","_et_gb_content_width":""},"product_brand":[],"product_cat":[23,215],"product_tag":[155,36,40,145],"class_list":{"0":"post-14130","1":"product","2":"type-product","3":"status-publish","4":"has-post-thumbnail","6":"product_cat-pimenton","7":"product_cat-packs-regalo","8":"product_tag-ahumado","9":"product_tag-paella","10":"product_tag-pimenton","11":"product_tag-pulpo","13":"first","14":"instock","15":"taxable","16":"shipping-taxable","17":"purchasable","18":"product-type-simple"},"yoast_head":"<!-- This site is optimized with the Yoast SEO plugin v27.5 - https:\/\/yoast.com\/product\/yoast-seo-wordpress\/ -->\n<title>Comprar Set Piment\u00f3n 4 Latas 75g | La Barraca<\/title>\n<meta name=\"description\" content=\"Exclusivo Set Piment\u00f3n para los amantes de la cocina. Una selecci\u00f3n que re\u00fane cuatro variedades de piment\u00f3n para dar color y sabor a tus platos.\" \/>\n<meta name=\"robots\" content=\"index, follow, max-snippet:-1, max-image-preview:large, max-video-preview:-1\" \/>\n<link rel=\"canonical\" href=\"https:\/\/labarraca1912.es\/en\/tienda\/pimenton\/set-pimenton\/\" \/>\n<meta property=\"og:locale\" content=\"en_GB\" \/>\n<meta property=\"og:type\" content=\"article\" \/>\n<meta property=\"og:title\" content=\"Comprar Set Piment\u00f3n 4 Latas 75g | La Barraca\" \/>\n<meta property=\"og:description\" content=\"Exclusivo Set Piment\u00f3n para los amantes de la cocina. Una selecci\u00f3n que re\u00fane cuatro variedades de piment\u00f3n para dar color y sabor a tus platos.\" \/>\n<meta property=\"og:url\" content=\"https:\/\/labarraca1912.es\/en\/tienda\/pimenton\/set-pimenton\/\" \/>\n<meta property=\"og:site_name\" content=\"La Barraca\" \/>\n<meta property=\"article:modified_time\" content=\"2026-03-17T10:24:24+00:00\" \/>\n<meta property=\"og:image\" content=\"https:\/\/labarraca1912.es\/wp-content\/uploads\/set4lataspimenton.jpg\" \/>\n\t<meta property=\"og:image:width\" content=\"800\" \/>\n\t<meta property=\"og:image:height\" content=\"800\" \/>\n\t<meta property=\"og:image:type\" content=\"image\/jpeg\" \/>\n<meta name=\"twitter:card\" content=\"summary_large_image\" \/>\n<meta name=\"twitter:label1\" content=\"Estimated reading time\" \/>\n\t<meta name=\"twitter:data1\" content=\"1 minute\" \/>\n<script type=\"application\/ld+json\" class=\"yoast-schema-graph\">{\"@context\":\"https:\\\/\\\/schema.org\",\"@graph\":[{\"@type\":\"WebPage\",\"@id\":\"https:\\\/\\\/labarraca1912.es\\\/tienda\\\/pimenton\\\/set-pimenton\\\/\",\"url\":\"https:\\\/\\\/labarraca1912.es\\\/tienda\\\/pimenton\\\/set-pimenton\\\/\",\"name\":\"Comprar Set Piment\u00f3n 4 Latas 75g | La Barraca\",\"isPartOf\":{\"@id\":\"https:\\\/\\\/labarraca1912.es\\\/#website\"},\"primaryImageOfPage\":{\"@id\":\"https:\\\/\\\/labarraca1912.es\\\/tienda\\\/pimenton\\\/set-pimenton\\\/#primaryimage\"},\"image\":{\"@id\":\"https:\\\/\\\/labarraca1912.es\\\/tienda\\\/pimenton\\\/set-pimenton\\\/#primaryimage\"},\"thumbnailUrl\":\"https:\\\/\\\/labarraca1912.es\\\/wp-content\\\/uploads\\\/set4lataspimenton.jpg\",\"datePublished\":\"2026-03-17T07:27:41+00:00\",\"dateModified\":\"2026-03-17T10:24:24+00:00\",\"description\":\"Exclusivo Set Piment\u00f3n para los amantes de la cocina. Una selecci\u00f3n que re\u00fane cuatro variedades de piment\u00f3n para dar color y sabor a tus platos.\",\"breadcrumb\":{\"@id\":\"https:\\\/\\\/labarraca1912.es\\\/tienda\\\/pimenton\\\/set-pimenton\\\/#breadcrumb\"},\"inLanguage\":\"en-GB\",\"potentialAction\":[{\"@type\":\"ReadAction\",\"target\":[\"https:\\\/\\\/labarraca1912.es\\\/tienda\\\/pimenton\\\/set-pimenton\\\/\"]}]},{\"@type\":\"ImageObject\",\"inLanguage\":\"en-GB\",\"@id\":\"https:\\\/\\\/labarraca1912.es\\\/tienda\\\/pimenton\\\/set-pimenton\\\/#primaryimage\",\"url\":\"https:\\\/\\\/labarraca1912.es\\\/wp-content\\\/uploads\\\/set4lataspimenton.jpg\",\"contentUrl\":\"https:\\\/\\\/labarraca1912.es\\\/wp-content\\\/uploads\\\/set4lataspimenton.jpg\",\"width\":800,\"height\":800},{\"@type\":\"BreadcrumbList\",\"@id\":\"https:\\\/\\\/labarraca1912.es\\\/tienda\\\/pimenton\\\/set-pimenton\\\/#breadcrumb\",\"itemListElement\":[{\"@type\":\"ListItem\",\"position\":1,\"name\":\"La Barraca\",\"item\":\"https:\\\/\\\/labarraca1912.es\\\/\"},{\"@type\":\"ListItem\",\"position\":2,\"name\":\"Tienda\",\"item\":\"https:\\\/\\\/labarraca1912.es\\\/tienda\\\/\"},{\"@type\":\"ListItem\",\"position\":3,\"name\":\"Set Piment\u00f3n\"}]},{\"@type\":\"WebSite\",\"@id\":\"https:\\\/\\\/labarraca1912.es\\\/#website\",\"url\":\"https:\\\/\\\/labarraca1912.es\\\/\",\"name\":\"La Barraca\",\"description\":\"La Casa del Sabor\",\"publisher\":{\"@id\":\"https:\\\/\\\/labarraca1912.es\\\/#organization\"},\"potentialAction\":[{\"@type\":\"SearchAction\",\"target\":{\"@type\":\"EntryPoint\",\"urlTemplate\":\"https:\\\/\\\/labarraca1912.es\\\/?s={search_term_string}\"},\"query-input\":{\"@type\":\"PropertyValueSpecification\",\"valueRequired\":true,\"valueName\":\"search_term_string\"}}],\"inLanguage\":\"en-GB\"},{\"@type\":\"Organization\",\"@id\":\"https:\\\/\\\/labarraca1912.es\\\/#organization\",\"name\":\"La Barraca 1912 Alimentacion\",\"url\":\"https:\\\/\\\/labarraca1912.es\\\/\",\"logo\":{\"@type\":\"ImageObject\",\"inLanguage\":\"en-GB\",\"@id\":\"https:\\\/\\\/labarraca1912.es\\\/#\\\/schema\\\/logo\\\/image\\\/\",\"url\":\"https:\\\/\\\/labarraca1912.es\\\/wp-content\\\/uploads\\\/2019\\\/06\\\/logo-labarraca.png\",\"contentUrl\":\"https:\\\/\\\/labarraca1912.es\\\/wp-content\\\/uploads\\\/2019\\\/06\\\/logo-labarraca.png\",\"width\":2917,\"height\":1809,\"caption\":\"La Barraca 1912 Alimentacion\"},\"image\":{\"@id\":\"https:\\\/\\\/labarraca1912.es\\\/#\\\/schema\\\/logo\\\/image\\\/\"}}]}<\/script>\n<!-- \/ Yoast SEO plugin. -->","yoast_head_json":{"title":"Comprar Set Piment\u00f3n 4 Latas 75g | La Barraca","description":"Exclusivo Set Piment\u00f3n para los amantes de la cocina. Una selecci\u00f3n que re\u00fane cuatro variedades de piment\u00f3n para dar color y sabor a tus platos.","robots":{"index":"index","follow":"follow","max-snippet":"max-snippet:-1","max-image-preview":"max-image-preview:large","max-video-preview":"max-video-preview:-1"},"canonical":"https:\/\/labarraca1912.es\/en\/tienda\/pimenton\/set-pimenton\/","og_locale":"en_GB","og_type":"article","og_title":"Comprar Set Piment\u00f3n 4 Latas 75g | La Barraca","og_description":"Exclusivo Set Piment\u00f3n para los amantes de la cocina. Una selecci\u00f3n que re\u00fane cuatro variedades de piment\u00f3n para dar color y sabor a tus platos.","og_url":"https:\/\/labarraca1912.es\/en\/tienda\/pimenton\/set-pimenton\/","og_site_name":"La Barraca","article_modified_time":"2026-03-17T10:24:24+00:00","og_image":[{"width":800,"height":800,"url":"https:\/\/labarraca1912.es\/wp-content\/uploads\/set4lataspimenton.jpg","type":"image\/jpeg"}],"twitter_card":"summary_large_image","twitter_misc":{"Estimated reading time":"1 minute"},"schema":{"@context":"https:\/\/schema.org","@graph":[{"@type":"WebPage","@id":"https:\/\/labarraca1912.es\/tienda\/pimenton\/set-pimenton\/","url":"https:\/\/labarraca1912.es\/tienda\/pimenton\/set-pimenton\/","name":"Comprar Set Piment\u00f3n 4 Latas 75g | La Barraca","isPartOf":{"@id":"https:\/\/labarraca1912.es\/#website"},"primaryImageOfPage":{"@id":"https:\/\/labarraca1912.es\/tienda\/pimenton\/set-pimenton\/#primaryimage"},"image":{"@id":"https:\/\/labarraca1912.es\/tienda\/pimenton\/set-pimenton\/#primaryimage"},"thumbnailUrl":"https:\/\/labarraca1912.es\/wp-content\/uploads\/set4lataspimenton.jpg","datePublished":"2026-03-17T07:27:41+00:00","dateModified":"2026-03-17T10:24:24+00:00","description":"Exclusivo Set Piment\u00f3n para los amantes de la cocina. Una selecci\u00f3n que re\u00fane cuatro variedades de piment\u00f3n para dar color y sabor a tus platos.","breadcrumb":{"@id":"https:\/\/labarraca1912.es\/tienda\/pimenton\/set-pimenton\/#breadcrumb"},"inLanguage":"en-GB","potentialAction":[{"@type":"ReadAction","target":["https:\/\/labarraca1912.es\/tienda\/pimenton\/set-pimenton\/"]}]},{"@type":"ImageObject","inLanguage":"en-GB","@id":"https:\/\/labarraca1912.es\/tienda\/pimenton\/set-pimenton\/#primaryimage","url":"https:\/\/labarraca1912.es\/wp-content\/uploads\/set4lataspimenton.jpg","contentUrl":"https:\/\/labarraca1912.es\/wp-content\/uploads\/set4lataspimenton.jpg","width":800,"height":800},{"@type":"BreadcrumbList","@id":"https:\/\/labarraca1912.es\/tienda\/pimenton\/set-pimenton\/#breadcrumb","itemListElement":[{"@type":"ListItem","position":1,"name":"La Barraca","item":"https:\/\/labarraca1912.es\/"},{"@type":"ListItem","position":2,"name":"Tienda","item":"https:\/\/labarraca1912.es\/tienda\/"},{"@type":"ListItem","position":3,"name":"Set Piment\u00f3n"}]},{"@type":"WebSite","@id":"https:\/\/labarraca1912.es\/#website","url":"https:\/\/labarraca1912.es\/","name":"La Barraca","description":"La Casa del Sabor","publisher":{"@id":"https:\/\/labarraca1912.es\/#organization"},"potentialAction":[{"@type":"SearchAction","target":{"@type":"EntryPoint","urlTemplate":"https:\/\/labarraca1912.es\/?s={search_term_string}"},"query-input":{"@type":"PropertyValueSpecification","valueRequired":true,"valueName":"search_term_string"}}],"inLanguage":"en-GB"},{"@type":"Organization","@id":"https:\/\/labarraca1912.es\/#organization","name":"La Barraca 1912 Alimentacion","url":"https:\/\/labarraca1912.es\/","logo":{"@type":"ImageObject","inLanguage":"en-GB","@id":"https:\/\/labarraca1912.es\/#\/schema\/logo\/image\/","url":"https:\/\/labarraca1912.es\/wp-content\/uploads\/2019\/06\/logo-labarraca.png","contentUrl":"https:\/\/labarraca1912.es\/wp-content\/uploads\/2019\/06\/logo-labarraca.png","width":2917,"height":1809,"caption":"La Barraca 1912 Alimentacion"},"image":{"@id":"https:\/\/labarraca1912.es\/#\/schema\/logo\/image\/"}}]}},"_links":{"self":[{"href":"https:\/\/labarraca1912.es\/en\/wp-json\/wp\/v2\/product\/14130","targetHints":{"allow":["GET"]}}],"collection":[{"href":"https:\/\/labarraca1912.es\/en\/wp-json\/wp\/v2\/product"}],"about":[{"href":"https:\/\/labarraca1912.es\/en\/wp-json\/wp\/v2\/types\/product"}],"replies":[{"embeddable":true,"href":"https:\/\/labarraca1912.es\/en\/wp-json\/wp\/v2\/comments?post=14130"}],"wp:featuredmedia":[{"embeddable":true,"href":"https:\/\/labarraca1912.es\/en\/wp-json\/wp\/v2\/media\/14128"}],"wp:attachment":[{"href":"https:\/\/labarraca1912.es\/en\/wp-json\/wp\/v2\/media?parent=14130"}],"wp:term":[{"taxonomy":"product_brand","embeddable":true,"href":"https:\/\/labarraca1912.es\/en\/wp-json\/wp\/v2\/product_brand?post=14130"},{"taxonomy":"product_cat","embeddable":true,"href":"https:\/\/labarraca1912.es\/en\/wp-json\/wp\/v2\/product_cat?post=14130"},{"taxonomy":"product_tag","embeddable":true,"href":"https:\/\/labarraca1912.es\/en\/wp-json\/wp\/v2\/product_tag?post=14130"}],"curies":[{"name":"wp","href":"https:\/\/api.w.org\/{rel}","templated":true}]}}