{"id":169,"date":"2019-07-02T08:53:25","date_gmt":"2019-07-02T06:53:25","guid":{"rendered":"https:\/\/labarraca1912.es\/?post_type=product&#038;p=169"},"modified":"2026-04-13T16:25:01","modified_gmt":"2026-04-13T14:25:01","slug":"rooibos","status":"publish","type":"product","link":"https:\/\/labarraca1912.es\/en\/tienda\/infusiones\/rooibos\/","title":{"rendered":"Rooibos"},"content":{"rendered":"<p>HERBAL TEAS - ROOIBOS: Natural flavour and aroma in an exclusive collection of infusions, packaged in a practical format of 10 teabags per box to enjoy sip by sip of the authentic flavour of La Barraca Herbal Teas. A range of infusions like you've never seen.<\/p>\n<p><strong>Rooibos:<\/strong>\u00a0Rooibos comes from a bush of South African origin. Its infusion is reddish in colour and has a very pleasant taste and reminiscent of the taste of nuts. It is slightly sweet although it does not contain sugar. La Barraca offers you its Rooibos today so you can enjoy its infusion.<\/p>","protected":false},"excerpt":{"rendered":"<blockquote>\n<h2><strong>Herbal Teas<\/strong>\u00a0Rooibos<\/h2>\n<\/blockquote>\n<p>Natural flavour and aroma in an exclusive collection of infusions, packaged in a practical format of 10 teabags per box to enjoy sip by sip of the authentic flavour of La Barraca Herbal Teas. A range of infusions like you've never seen.<\/p>\n<p>Box of 10 teabags of Rooibos.<\/p>\n<p><em><strong>Ingredients:<\/strong><\/em> Rooibos 100%.<\/p>","protected":false},"featured_media":170,"comment_status":"open","ping_status":"closed","template":"","meta":{"_et_pb_use_builder":"","_et_pb_old_content":"","_et_gb_content_width":""},"product_brand":[],"product_cat":[20],"product_tag":[52,57,65,64,54,53],"class_list":{"0":"post-169","1":"product","2":"type-product","3":"status-publish","4":"has-post-thumbnail","6":"product_cat-infusiones","7":"product_tag-infusiones","8":"product_tag-manzanilla","9":"product_tag-menta","10":"product_tag-poleo","11":"product_tag-rooibos","12":"product_tag-te","14":"first","15":"instock","16":"taxable","17":"shipping-taxable","18":"purchasable","19":"product-type-simple"},"yoast_head":"<!-- This site is optimized with the Yoast SEO plugin v27.4 - https:\/\/yoast.com\/product\/yoast-seo-wordpress\/ -->\n<title>Comprar Rooibos marca de la Barraca | La Casa del Sabor<\/title>\n<meta name=\"description\" content=\"Comprar Rooibos de La Barraca en caja de 10 bolsitas. Infusi\u00f3n natural, suave y sin cafe\u00edna, ideal para disfrutar en cualquier momento del d\u00eda.\" \/>\n<meta name=\"robots\" content=\"index, follow, max-snippet:-1, max-image-preview:large, max-video-preview:-1\" \/>\n<link rel=\"canonical\" href=\"https:\/\/labarraca1912.es\/en\/tienda\/infusiones\/rooibos\/\" \/>\n<meta property=\"og:locale\" content=\"en_GB\" \/>\n<meta property=\"og:type\" content=\"article\" \/>\n<meta property=\"og:title\" content=\"Comprar Rooibos marca de la Barraca | La Casa del Sabor\" \/>\n<meta property=\"og:description\" content=\"Comprar Rooibos de La Barraca en caja de 10 bolsitas. Infusi\u00f3n natural, suave y sin cafe\u00edna, ideal para disfrutar en cualquier momento del d\u00eda.\" \/>\n<meta property=\"og:url\" content=\"https:\/\/labarraca1912.es\/en\/tienda\/infusiones\/rooibos\/\" \/>\n<meta property=\"og:site_name\" content=\"La Barraca\" \/>\n<meta property=\"article:modified_time\" content=\"2026-04-13T14:25:01+00:00\" \/>\n<meta property=\"og:image\" content=\"https:\/\/labarraca1912.es\/wp-content\/uploads\/2019\/07\/Rooibos.jpg\" \/>\n\t<meta property=\"og:image:width\" content=\"800\" \/>\n\t<meta property=\"og:image:height\" content=\"800\" \/>\n\t<meta property=\"og:image:type\" content=\"image\/jpeg\" \/>\n<meta name=\"twitter:card\" content=\"summary_large_image\" \/>\n<meta name=\"twitter:label1\" content=\"Estimated reading time\" \/>\n\t<meta name=\"twitter:data1\" content=\"1 minute\" \/>\n<script type=\"application\/ld+json\" class=\"yoast-schema-graph\">{\"@context\":\"https:\\\/\\\/schema.org\",\"@graph\":[{\"@type\":\"WebPage\",\"@id\":\"https:\\\/\\\/labarraca1912.es\\\/tienda\\\/infusiones\\\/rooibos\\\/\",\"url\":\"https:\\\/\\\/labarraca1912.es\\\/tienda\\\/infusiones\\\/rooibos\\\/\",\"name\":\"Comprar Rooibos marca de la Barraca | La Casa del Sabor\",\"isPartOf\":{\"@id\":\"https:\\\/\\\/labarraca1912.es\\\/#website\"},\"primaryImageOfPage\":{\"@id\":\"https:\\\/\\\/labarraca1912.es\\\/tienda\\\/infusiones\\\/rooibos\\\/#primaryimage\"},\"image\":{\"@id\":\"https:\\\/\\\/labarraca1912.es\\\/tienda\\\/infusiones\\\/rooibos\\\/#primaryimage\"},\"thumbnailUrl\":\"https:\\\/\\\/labarraca1912.es\\\/wp-content\\\/uploads\\\/2019\\\/07\\\/Rooibos.jpg\",\"datePublished\":\"2019-07-02T06:53:25+00:00\",\"dateModified\":\"2026-04-13T14:25:01+00:00\",\"description\":\"Comprar Rooibos de La Barraca en caja de 10 bolsitas. Infusi\u00f3n natural, suave y sin cafe\u00edna, ideal para disfrutar en cualquier momento del d\u00eda.\",\"breadcrumb\":{\"@id\":\"https:\\\/\\\/labarraca1912.es\\\/tienda\\\/infusiones\\\/rooibos\\\/#breadcrumb\"},\"inLanguage\":\"en-GB\",\"potentialAction\":[{\"@type\":\"ReadAction\",\"target\":[\"https:\\\/\\\/labarraca1912.es\\\/tienda\\\/infusiones\\\/rooibos\\\/\"]}]},{\"@type\":\"ImageObject\",\"inLanguage\":\"en-GB\",\"@id\":\"https:\\\/\\\/labarraca1912.es\\\/tienda\\\/infusiones\\\/rooibos\\\/#primaryimage\",\"url\":\"https:\\\/\\\/labarraca1912.es\\\/wp-content\\\/uploads\\\/2019\\\/07\\\/Rooibos.jpg\",\"contentUrl\":\"https:\\\/\\\/labarraca1912.es\\\/wp-content\\\/uploads\\\/2019\\\/07\\\/Rooibos.jpg\",\"width\":800,\"height\":800},{\"@type\":\"BreadcrumbList\",\"@id\":\"https:\\\/\\\/labarraca1912.es\\\/tienda\\\/infusiones\\\/rooibos\\\/#breadcrumb\",\"itemListElement\":[{\"@type\":\"ListItem\",\"position\":1,\"name\":\"La Barraca\",\"item\":\"https:\\\/\\\/labarraca1912.es\\\/\"},{\"@type\":\"ListItem\",\"position\":2,\"name\":\"Tienda\",\"item\":\"https:\\\/\\\/labarraca1912.es\\\/tienda\\\/\"},{\"@type\":\"ListItem\",\"position\":3,\"name\":\"Rooibos\"}]},{\"@type\":\"WebSite\",\"@id\":\"https:\\\/\\\/labarraca1912.es\\\/#website\",\"url\":\"https:\\\/\\\/labarraca1912.es\\\/\",\"name\":\"La Barraca\",\"description\":\"La Casa del Sabor\",\"publisher\":{\"@id\":\"https:\\\/\\\/labarraca1912.es\\\/#organization\"},\"potentialAction\":[{\"@type\":\"SearchAction\",\"target\":{\"@type\":\"EntryPoint\",\"urlTemplate\":\"https:\\\/\\\/labarraca1912.es\\\/?s={search_term_string}\"},\"query-input\":{\"@type\":\"PropertyValueSpecification\",\"valueRequired\":true,\"valueName\":\"search_term_string\"}}],\"inLanguage\":\"en-GB\"},{\"@type\":\"Organization\",\"@id\":\"https:\\\/\\\/labarraca1912.es\\\/#organization\",\"name\":\"La Barraca 1912 Alimentacion\",\"url\":\"https:\\\/\\\/labarraca1912.es\\\/\",\"logo\":{\"@type\":\"ImageObject\",\"inLanguage\":\"en-GB\",\"@id\":\"https:\\\/\\\/labarraca1912.es\\\/#\\\/schema\\\/logo\\\/image\\\/\",\"url\":\"https:\\\/\\\/labarraca1912.es\\\/wp-content\\\/uploads\\\/2019\\\/06\\\/logo-labarraca.png\",\"contentUrl\":\"https:\\\/\\\/labarraca1912.es\\\/wp-content\\\/uploads\\\/2019\\\/06\\\/logo-labarraca.png\",\"width\":2917,\"height\":1809,\"caption\":\"La Barraca 1912 Alimentacion\"},\"image\":{\"@id\":\"https:\\\/\\\/labarraca1912.es\\\/#\\\/schema\\\/logo\\\/image\\\/\"}}]}<\/script>\n<!-- \/ Yoast SEO plugin. -->","yoast_head_json":{"title":"Comprar Rooibos marca de la Barraca | La Casa del Sabor","description":"Comprar Rooibos de La Barraca en caja de 10 bolsitas. Infusi\u00f3n natural, suave y sin cafe\u00edna, ideal para disfrutar en cualquier momento del d\u00eda.","robots":{"index":"index","follow":"follow","max-snippet":"max-snippet:-1","max-image-preview":"max-image-preview:large","max-video-preview":"max-video-preview:-1"},"canonical":"https:\/\/labarraca1912.es\/en\/tienda\/infusiones\/rooibos\/","og_locale":"en_GB","og_type":"article","og_title":"Comprar Rooibos marca de la Barraca | La Casa del Sabor","og_description":"Comprar Rooibos de La Barraca en caja de 10 bolsitas. Infusi\u00f3n natural, suave y sin cafe\u00edna, ideal para disfrutar en cualquier momento del d\u00eda.","og_url":"https:\/\/labarraca1912.es\/en\/tienda\/infusiones\/rooibos\/","og_site_name":"La Barraca","article_modified_time":"2026-04-13T14:25:01+00:00","og_image":[{"width":800,"height":800,"url":"https:\/\/labarraca1912.es\/wp-content\/uploads\/2019\/07\/Rooibos.jpg","type":"image\/jpeg"}],"twitter_card":"summary_large_image","twitter_misc":{"Estimated reading time":"1 minute"},"schema":{"@context":"https:\/\/schema.org","@graph":[{"@type":"WebPage","@id":"https:\/\/labarraca1912.es\/tienda\/infusiones\/rooibos\/","url":"https:\/\/labarraca1912.es\/tienda\/infusiones\/rooibos\/","name":"Comprar Rooibos marca de la Barraca | La Casa del Sabor","isPartOf":{"@id":"https:\/\/labarraca1912.es\/#website"},"primaryImageOfPage":{"@id":"https:\/\/labarraca1912.es\/tienda\/infusiones\/rooibos\/#primaryimage"},"image":{"@id":"https:\/\/labarraca1912.es\/tienda\/infusiones\/rooibos\/#primaryimage"},"thumbnailUrl":"https:\/\/labarraca1912.es\/wp-content\/uploads\/2019\/07\/Rooibos.jpg","datePublished":"2019-07-02T06:53:25+00:00","dateModified":"2026-04-13T14:25:01+00:00","description":"Comprar Rooibos de La Barraca en caja de 10 bolsitas. Infusi\u00f3n natural, suave y sin cafe\u00edna, ideal para disfrutar en cualquier momento del d\u00eda.","breadcrumb":{"@id":"https:\/\/labarraca1912.es\/tienda\/infusiones\/rooibos\/#breadcrumb"},"inLanguage":"en-GB","potentialAction":[{"@type":"ReadAction","target":["https:\/\/labarraca1912.es\/tienda\/infusiones\/rooibos\/"]}]},{"@type":"ImageObject","inLanguage":"en-GB","@id":"https:\/\/labarraca1912.es\/tienda\/infusiones\/rooibos\/#primaryimage","url":"https:\/\/labarraca1912.es\/wp-content\/uploads\/2019\/07\/Rooibos.jpg","contentUrl":"https:\/\/labarraca1912.es\/wp-content\/uploads\/2019\/07\/Rooibos.jpg","width":800,"height":800},{"@type":"BreadcrumbList","@id":"https:\/\/labarraca1912.es\/tienda\/infusiones\/rooibos\/#breadcrumb","itemListElement":[{"@type":"ListItem","position":1,"name":"La Barraca","item":"https:\/\/labarraca1912.es\/"},{"@type":"ListItem","position":2,"name":"Tienda","item":"https:\/\/labarraca1912.es\/tienda\/"},{"@type":"ListItem","position":3,"name":"Rooibos"}]},{"@type":"WebSite","@id":"https:\/\/labarraca1912.es\/#website","url":"https:\/\/labarraca1912.es\/","name":"La Barraca","description":"La Casa del Sabor","publisher":{"@id":"https:\/\/labarraca1912.es\/#organization"},"potentialAction":[{"@type":"SearchAction","target":{"@type":"EntryPoint","urlTemplate":"https:\/\/labarraca1912.es\/?s={search_term_string}"},"query-input":{"@type":"PropertyValueSpecification","valueRequired":true,"valueName":"search_term_string"}}],"inLanguage":"en-GB"},{"@type":"Organization","@id":"https:\/\/labarraca1912.es\/#organization","name":"La Barraca 1912 Alimentacion","url":"https:\/\/labarraca1912.es\/","logo":{"@type":"ImageObject","inLanguage":"en-GB","@id":"https:\/\/labarraca1912.es\/#\/schema\/logo\/image\/","url":"https:\/\/labarraca1912.es\/wp-content\/uploads\/2019\/06\/logo-labarraca.png","contentUrl":"https:\/\/labarraca1912.es\/wp-content\/uploads\/2019\/06\/logo-labarraca.png","width":2917,"height":1809,"caption":"La Barraca 1912 Alimentacion"},"image":{"@id":"https:\/\/labarraca1912.es\/#\/schema\/logo\/image\/"}}]}},"_links":{"self":[{"href":"https:\/\/labarraca1912.es\/en\/wp-json\/wp\/v2\/product\/169","targetHints":{"allow":["GET"]}}],"collection":[{"href":"https:\/\/labarraca1912.es\/en\/wp-json\/wp\/v2\/product"}],"about":[{"href":"https:\/\/labarraca1912.es\/en\/wp-json\/wp\/v2\/types\/product"}],"replies":[{"embeddable":true,"href":"https:\/\/labarraca1912.es\/en\/wp-json\/wp\/v2\/comments?post=169"}],"wp:featuredmedia":[{"embeddable":true,"href":"https:\/\/labarraca1912.es\/en\/wp-json\/wp\/v2\/media\/170"}],"wp:attachment":[{"href":"https:\/\/labarraca1912.es\/en\/wp-json\/wp\/v2\/media?parent=169"}],"wp:term":[{"taxonomy":"product_brand","embeddable":true,"href":"https:\/\/labarraca1912.es\/en\/wp-json\/wp\/v2\/product_brand?post=169"},{"taxonomy":"product_cat","embeddable":true,"href":"https:\/\/labarraca1912.es\/en\/wp-json\/wp\/v2\/product_cat?post=169"},{"taxonomy":"product_tag","embeddable":true,"href":"https:\/\/labarraca1912.es\/en\/wp-json\/wp\/v2\/product_tag?post=169"}],"curies":[{"name":"wp","href":"https:\/\/api.w.org\/{rel}","templated":true}]}}