{"id":1983,"date":"2019-09-09T13:19:07","date_gmt":"2019-09-09T11:19:07","guid":{"rendered":"https:\/\/labarraca1912.es\/?post_type=product&#038;p=1983"},"modified":"2026-04-07T11:49:20","modified_gmt":"2026-04-07T09:49:20","slug":"pinones","status":"publish","type":"product","link":"https:\/\/labarraca1912.es\/en\/tienda\/productos-complementarios\/pinones\/","title":{"rendered":"Pine Kernels - Spain"},"content":{"rendered":"<p>PINE KERNELS (ORIGIN SPAIN): The pine kernels is a seed from pineapples, which are covered by a hard shell. Once peeled, they are cleaned and dehydrated. They have a yellowish white colour.<\/p>\n<p><strong>Pine Kernels:<\/strong> Pine kernels are used to make sauces and meat fillings, also for marinades and pastry. Slightly roasted give off a very peculiar flavour. It is also one of the essential ingredients of Pesto sauce.<\/p>","protected":false},"excerpt":{"rendered":"<blockquote>\n<h2><strong>Pine Kernels (Origin: Spain)<\/strong><\/h2>\n<\/blockquote>\n<p>The pine kernels is a seed from pineapples, which are covered by a hard shell. Once peeled, they are cleaned and dehydrated. They have a yellowish white colour. Pine nuts are used to make sauces and meat fillings, also for marinades and pastry. Slightly roasted give off a very peculiar flavour. It is also one of the essential ingredients of Pesto sauce.<\/p>\n<p><img decoding=\"async\" class=\"alignnone wp-image-11657\" src=\"https:\/\/labarraca1912.es\/wp-content\/uploads\/origenespana-scaled.jpg\" alt=\"\" width=\"739\" height=\"118\" \/><\/p>\n<p><em><strong>Ingredients:<\/strong> <\/em>Pine kernels.<\/p>","protected":false},"featured_media":11655,"comment_status":"open","ping_status":"closed","template":"","meta":{"_et_pb_use_builder":"","_et_pb_old_content":"","_et_gb_content_width":""},"product_brand":[],"product_cat":[19,15],"product_tag":[100,67,99,98,93],"class_list":{"0":"post-1983","1":"product","2":"type-product","3":"status-publish","4":"has-post-thumbnail","6":"product_cat-especias-y-condimentos","7":"product_cat-productos-complementarios","8":"product_tag-adobo","9":"product_tag-carne","10":"product_tag-pesto","11":"product_tag-pinones","12":"product_tag-pollo","14":"first","15":"instock","16":"taxable","17":"shipping-taxable","18":"purchasable","19":"product-type-simple"},"yoast_head":"<!-- This site is optimized with the Yoast SEO plugin v27.4 - https:\/\/yoast.com\/product\/yoast-seo-wordpress\/ -->\n<title>Comprar Pi\u00f1ones Origen Espa\u00f1a para Cocina | La Barraca<\/title>\n<meta name=\"description\" content=\"Pi\u00f1ones deshidratados de origen espa\u00f1ol, ideales para salsas, rellenos y adobos. Perfectos para dar un toque especial a tus recetas.\" \/>\n<meta name=\"robots\" content=\"index, follow, max-snippet:-1, max-image-preview:large, max-video-preview:-1\" \/>\n<link rel=\"canonical\" href=\"https:\/\/labarraca1912.es\/en\/tienda\/productos-complementarios\/pinones\/\" \/>\n<meta property=\"og:locale\" content=\"en_GB\" \/>\n<meta property=\"og:type\" content=\"article\" \/>\n<meta property=\"og:title\" content=\"Comprar Pi\u00f1ones Origen Espa\u00f1a para Cocina | La Barraca\" \/>\n<meta property=\"og:description\" content=\"Pi\u00f1ones deshidratados de origen espa\u00f1ol, ideales para salsas, rellenos y adobos. Perfectos para dar un toque especial a tus recetas.\" \/>\n<meta property=\"og:url\" content=\"https:\/\/labarraca1912.es\/en\/tienda\/productos-complementarios\/pinones\/\" \/>\n<meta property=\"og:site_name\" content=\"La Barraca\" \/>\n<meta property=\"article:modified_time\" content=\"2026-04-07T09:49:20+00:00\" \/>\n<meta property=\"og:image\" content=\"https:\/\/labarraca1912.es\/wp-content\/uploads\/bmpinonesespana.jpg\" \/>\n\t<meta property=\"og:image:width\" content=\"800\" \/>\n\t<meta property=\"og:image:height\" content=\"800\" \/>\n\t<meta property=\"og:image:type\" content=\"image\/jpeg\" \/>\n<meta name=\"twitter:card\" content=\"summary_large_image\" \/>\n<meta name=\"twitter:label1\" content=\"Estimated reading time\" \/>\n\t<meta name=\"twitter:data1\" content=\"1 minute\" \/>\n<script type=\"application\/ld+json\" class=\"yoast-schema-graph\">{\"@context\":\"https:\\\/\\\/schema.org\",\"@graph\":[{\"@type\":\"WebPage\",\"@id\":\"https:\\\/\\\/labarraca1912.es\\\/tienda\\\/productos-complementarios\\\/pinones\\\/\",\"url\":\"https:\\\/\\\/labarraca1912.es\\\/tienda\\\/productos-complementarios\\\/pinones\\\/\",\"name\":\"Comprar Pi\u00f1ones Origen Espa\u00f1a para Cocina | La Barraca\",\"isPartOf\":{\"@id\":\"https:\\\/\\\/labarraca1912.es\\\/#website\"},\"primaryImageOfPage\":{\"@id\":\"https:\\\/\\\/labarraca1912.es\\\/tienda\\\/productos-complementarios\\\/pinones\\\/#primaryimage\"},\"image\":{\"@id\":\"https:\\\/\\\/labarraca1912.es\\\/tienda\\\/productos-complementarios\\\/pinones\\\/#primaryimage\"},\"thumbnailUrl\":\"https:\\\/\\\/labarraca1912.es\\\/wp-content\\\/uploads\\\/bmpinonesespana.jpg\",\"datePublished\":\"2019-09-09T11:19:07+00:00\",\"dateModified\":\"2026-04-07T09:49:20+00:00\",\"description\":\"Pi\u00f1ones deshidratados de origen espa\u00f1ol, ideales para salsas, rellenos y adobos. Perfectos para dar un toque especial a tus recetas.\",\"breadcrumb\":{\"@id\":\"https:\\\/\\\/labarraca1912.es\\\/tienda\\\/productos-complementarios\\\/pinones\\\/#breadcrumb\"},\"inLanguage\":\"en-GB\",\"potentialAction\":[{\"@type\":\"ReadAction\",\"target\":[\"https:\\\/\\\/labarraca1912.es\\\/tienda\\\/productos-complementarios\\\/pinones\\\/\"]}]},{\"@type\":\"ImageObject\",\"inLanguage\":\"en-GB\",\"@id\":\"https:\\\/\\\/labarraca1912.es\\\/tienda\\\/productos-complementarios\\\/pinones\\\/#primaryimage\",\"url\":\"https:\\\/\\\/labarraca1912.es\\\/wp-content\\\/uploads\\\/bmpinonesespana.jpg\",\"contentUrl\":\"https:\\\/\\\/labarraca1912.es\\\/wp-content\\\/uploads\\\/bmpinonesespana.jpg\",\"width\":800,\"height\":800},{\"@type\":\"BreadcrumbList\",\"@id\":\"https:\\\/\\\/labarraca1912.es\\\/tienda\\\/productos-complementarios\\\/pinones\\\/#breadcrumb\",\"itemListElement\":[{\"@type\":\"ListItem\",\"position\":1,\"name\":\"La Barraca\",\"item\":\"https:\\\/\\\/labarraca1912.es\\\/\"},{\"@type\":\"ListItem\",\"position\":2,\"name\":\"Tienda\",\"item\":\"https:\\\/\\\/labarraca1912.es\\\/tienda\\\/\"},{\"@type\":\"ListItem\",\"position\":3,\"name\":\"Pi\u00f1ones &#8211; Espa\u00f1a\"}]},{\"@type\":\"WebSite\",\"@id\":\"https:\\\/\\\/labarraca1912.es\\\/#website\",\"url\":\"https:\\\/\\\/labarraca1912.es\\\/\",\"name\":\"La Barraca\",\"description\":\"La Casa del Sabor\",\"publisher\":{\"@id\":\"https:\\\/\\\/labarraca1912.es\\\/#organization\"},\"potentialAction\":[{\"@type\":\"SearchAction\",\"target\":{\"@type\":\"EntryPoint\",\"urlTemplate\":\"https:\\\/\\\/labarraca1912.es\\\/?s={search_term_string}\"},\"query-input\":{\"@type\":\"PropertyValueSpecification\",\"valueRequired\":true,\"valueName\":\"search_term_string\"}}],\"inLanguage\":\"en-GB\"},{\"@type\":\"Organization\",\"@id\":\"https:\\\/\\\/labarraca1912.es\\\/#organization\",\"name\":\"La Barraca 1912 Alimentacion\",\"url\":\"https:\\\/\\\/labarraca1912.es\\\/\",\"logo\":{\"@type\":\"ImageObject\",\"inLanguage\":\"en-GB\",\"@id\":\"https:\\\/\\\/labarraca1912.es\\\/#\\\/schema\\\/logo\\\/image\\\/\",\"url\":\"https:\\\/\\\/labarraca1912.es\\\/wp-content\\\/uploads\\\/2019\\\/06\\\/logo-labarraca.png\",\"contentUrl\":\"https:\\\/\\\/labarraca1912.es\\\/wp-content\\\/uploads\\\/2019\\\/06\\\/logo-labarraca.png\",\"width\":2917,\"height\":1809,\"caption\":\"La Barraca 1912 Alimentacion\"},\"image\":{\"@id\":\"https:\\\/\\\/labarraca1912.es\\\/#\\\/schema\\\/logo\\\/image\\\/\"}}]}<\/script>\n<!-- \/ Yoast SEO plugin. -->","yoast_head_json":{"title":"Comprar Pi\u00f1ones Origen Espa\u00f1a para Cocina | La Barraca","description":"Pi\u00f1ones deshidratados de origen espa\u00f1ol, ideales para salsas, rellenos y adobos. Perfectos para dar un toque especial a tus recetas.","robots":{"index":"index","follow":"follow","max-snippet":"max-snippet:-1","max-image-preview":"max-image-preview:large","max-video-preview":"max-video-preview:-1"},"canonical":"https:\/\/labarraca1912.es\/en\/tienda\/productos-complementarios\/pinones\/","og_locale":"en_GB","og_type":"article","og_title":"Comprar Pi\u00f1ones Origen Espa\u00f1a para Cocina | La Barraca","og_description":"Pi\u00f1ones deshidratados de origen espa\u00f1ol, ideales para salsas, rellenos y adobos. Perfectos para dar un toque especial a tus recetas.","og_url":"https:\/\/labarraca1912.es\/en\/tienda\/productos-complementarios\/pinones\/","og_site_name":"La Barraca","article_modified_time":"2026-04-07T09:49:20+00:00","og_image":[{"width":800,"height":800,"url":"https:\/\/labarraca1912.es\/wp-content\/uploads\/bmpinonesespana.jpg","type":"image\/jpeg"}],"twitter_card":"summary_large_image","twitter_misc":{"Estimated reading time":"1 minute"},"schema":{"@context":"https:\/\/schema.org","@graph":[{"@type":"WebPage","@id":"https:\/\/labarraca1912.es\/tienda\/productos-complementarios\/pinones\/","url":"https:\/\/labarraca1912.es\/tienda\/productos-complementarios\/pinones\/","name":"Comprar Pi\u00f1ones Origen Espa\u00f1a para Cocina | La Barraca","isPartOf":{"@id":"https:\/\/labarraca1912.es\/#website"},"primaryImageOfPage":{"@id":"https:\/\/labarraca1912.es\/tienda\/productos-complementarios\/pinones\/#primaryimage"},"image":{"@id":"https:\/\/labarraca1912.es\/tienda\/productos-complementarios\/pinones\/#primaryimage"},"thumbnailUrl":"https:\/\/labarraca1912.es\/wp-content\/uploads\/bmpinonesespana.jpg","datePublished":"2019-09-09T11:19:07+00:00","dateModified":"2026-04-07T09:49:20+00:00","description":"Pi\u00f1ones deshidratados de origen espa\u00f1ol, ideales para salsas, rellenos y adobos. Perfectos para dar un toque especial a tus recetas.","breadcrumb":{"@id":"https:\/\/labarraca1912.es\/tienda\/productos-complementarios\/pinones\/#breadcrumb"},"inLanguage":"en-GB","potentialAction":[{"@type":"ReadAction","target":["https:\/\/labarraca1912.es\/tienda\/productos-complementarios\/pinones\/"]}]},{"@type":"ImageObject","inLanguage":"en-GB","@id":"https:\/\/labarraca1912.es\/tienda\/productos-complementarios\/pinones\/#primaryimage","url":"https:\/\/labarraca1912.es\/wp-content\/uploads\/bmpinonesespana.jpg","contentUrl":"https:\/\/labarraca1912.es\/wp-content\/uploads\/bmpinonesespana.jpg","width":800,"height":800},{"@type":"BreadcrumbList","@id":"https:\/\/labarraca1912.es\/tienda\/productos-complementarios\/pinones\/#breadcrumb","itemListElement":[{"@type":"ListItem","position":1,"name":"La Barraca","item":"https:\/\/labarraca1912.es\/"},{"@type":"ListItem","position":2,"name":"Tienda","item":"https:\/\/labarraca1912.es\/tienda\/"},{"@type":"ListItem","position":3,"name":"Pi\u00f1ones &#8211; Espa\u00f1a"}]},{"@type":"WebSite","@id":"https:\/\/labarraca1912.es\/#website","url":"https:\/\/labarraca1912.es\/","name":"La Barraca","description":"La Casa del Sabor","publisher":{"@id":"https:\/\/labarraca1912.es\/#organization"},"potentialAction":[{"@type":"SearchAction","target":{"@type":"EntryPoint","urlTemplate":"https:\/\/labarraca1912.es\/?s={search_term_string}"},"query-input":{"@type":"PropertyValueSpecification","valueRequired":true,"valueName":"search_term_string"}}],"inLanguage":"en-GB"},{"@type":"Organization","@id":"https:\/\/labarraca1912.es\/#organization","name":"La Barraca 1912 Alimentacion","url":"https:\/\/labarraca1912.es\/","logo":{"@type":"ImageObject","inLanguage":"en-GB","@id":"https:\/\/labarraca1912.es\/#\/schema\/logo\/image\/","url":"https:\/\/labarraca1912.es\/wp-content\/uploads\/2019\/06\/logo-labarraca.png","contentUrl":"https:\/\/labarraca1912.es\/wp-content\/uploads\/2019\/06\/logo-labarraca.png","width":2917,"height":1809,"caption":"La Barraca 1912 Alimentacion"},"image":{"@id":"https:\/\/labarraca1912.es\/#\/schema\/logo\/image\/"}}]}},"_links":{"self":[{"href":"https:\/\/labarraca1912.es\/en\/wp-json\/wp\/v2\/product\/1983","targetHints":{"allow":["GET"]}}],"collection":[{"href":"https:\/\/labarraca1912.es\/en\/wp-json\/wp\/v2\/product"}],"about":[{"href":"https:\/\/labarraca1912.es\/en\/wp-json\/wp\/v2\/types\/product"}],"replies":[{"embeddable":true,"href":"https:\/\/labarraca1912.es\/en\/wp-json\/wp\/v2\/comments?post=1983"}],"wp:featuredmedia":[{"embeddable":true,"href":"https:\/\/labarraca1912.es\/en\/wp-json\/wp\/v2\/media\/11655"}],"wp:attachment":[{"href":"https:\/\/labarraca1912.es\/en\/wp-json\/wp\/v2\/media?parent=1983"}],"wp:term":[{"taxonomy":"product_brand","embeddable":true,"href":"https:\/\/labarraca1912.es\/en\/wp-json\/wp\/v2\/product_brand?post=1983"},{"taxonomy":"product_cat","embeddable":true,"href":"https:\/\/labarraca1912.es\/en\/wp-json\/wp\/v2\/product_cat?post=1983"},{"taxonomy":"product_tag","embeddable":true,"href":"https:\/\/labarraca1912.es\/en\/wp-json\/wp\/v2\/product_tag?post=1983"}],"curies":[{"name":"wp","href":"https:\/\/api.w.org\/{rel}","templated":true}]}}