{"id":4165,"date":"2020-01-31T08:45:39","date_gmt":"2020-01-31T07:45:39","guid":{"rendered":"https:\/\/labarraca1912.es\/?post_type=product&#038;p=4165"},"modified":"2026-03-09T10:49:30","modified_gmt":"2026-03-09T09:49:30","slug":"molinillo-xl-fusion-de-pimientas-170g","status":"publish","type":"product","link":"https:\/\/labarraca1912.es\/en\/tienda\/molinillos\/molinillo-xl-fusion-de-pimientas-170g\/","title":{"rendered":"XL Grinder Peppers Fusion 170g"},"content":{"rendered":"<p>MOLINILLO XL FUSI\u00d3N DE PIMIENTAS &#8211; 170G: Es una mezcla que combina el sabor especial de cinco tipos de pimientas en grano que, al molerlas instantes antes del consumo, ofrece un sabor especialmente indicado para carnes, pescados y guisos.<\/p>\n<p><strong>Peppers Fusion:<\/strong> Used to dress sauces of all kinds, meats, fish and stews. It is a widely used spice in roast chicken.<\/p>","protected":false},"excerpt":{"rendered":"<blockquote>\n<h2><strong>XL Grinder Peppers Fusion<\/strong> 170g<\/h2>\n<\/blockquote>\n<p>It is a mixture that combines the special flavor of five types of peppercorns that, when ground just before consumption, offers a flavor specially indicated for meat, fish and stews. It is in the middle of its maturation, and is one of the most used in antiquity. The spicy flavor of pepper is obtained from the piperine compound, which is found in the shell and seed of the pepper. Used to dress sauces of all kinds, meats, fish and stews. It is a widely used spice in roast chicken.<\/p>\n<p><em><strong>Ingredients:<\/strong><\/em> Black pepper, white pepper, allspice, pink pepper and green pepper.<\/p>","protected":false},"featured_media":11906,"comment_status":"open","ping_status":"closed","template":"","meta":{"_et_pb_use_builder":"","_et_pb_old_content":"","_et_gb_content_width":""},"product_brand":[],"product_cat":[164],"product_tag":[153,148,151,150,147,50,136,152],"class_list":{"0":"post-4165","1":"product","2":"type-product","3":"status-publish","4":"has-post-thumbnail","6":"product_cat-molinillos","7":"product_tag-blanca","8":"product_tag-grano","9":"product_tag-molido","10":"product_tag-molinillo","11":"product_tag-negra","12":"product_tag-pimienta","13":"product_tag-rosa","14":"product_tag-verde","16":"first","17":"instock","18":"taxable","19":"shipping-taxable","20":"purchasable","21":"product-type-simple"},"yoast_head":"<!-- This site is optimized with the Yoast SEO plugin v27.4 - https:\/\/yoast.com\/product\/yoast-seo-wordpress\/ -->\n<title>Comprar Molinillo XL Fusi\u00f3n de Pimientas 170g | La Barraca<\/title>\n<meta name=\"description\" content=\"A\u00f1ade sabor y aroma a tus platos al comprar un molinillo XL con fusi\u00f3n de cinco pimientas en grano, ideal para carnes, pescados y guisos.\" \/>\n<meta name=\"robots\" content=\"index, follow, max-snippet:-1, max-image-preview:large, max-video-preview:-1\" \/>\n<link rel=\"canonical\" href=\"https:\/\/labarraca1912.es\/en\/tienda\/molinillos\/molinillo-xl-fusion-de-pimientas-170g\/\" \/>\n<meta property=\"og:locale\" content=\"en_GB\" \/>\n<meta property=\"og:type\" content=\"article\" \/>\n<meta property=\"og:title\" content=\"Comprar Molinillo XL Fusi\u00f3n de Pimientas 170g | La Barraca\" \/>\n<meta property=\"og:description\" content=\"A\u00f1ade sabor y aroma a tus platos al comprar un molinillo XL con fusi\u00f3n de cinco pimientas en grano, ideal para carnes, pescados y guisos.\" \/>\n<meta property=\"og:url\" content=\"https:\/\/labarraca1912.es\/en\/tienda\/molinillos\/molinillo-xl-fusion-de-pimientas-170g\/\" \/>\n<meta property=\"og:site_name\" content=\"La Barraca\" \/>\n<meta property=\"article:modified_time\" content=\"2026-03-09T09:49:30+00:00\" \/>\n<meta property=\"og:image\" content=\"https:\/\/labarraca1912.es\/wp-content\/uploads\/molxlfusionpimientas2025.jpg\" \/>\n\t<meta property=\"og:image:width\" content=\"800\" \/>\n\t<meta property=\"og:image:height\" content=\"800\" \/>\n\t<meta property=\"og:image:type\" content=\"image\/jpeg\" \/>\n<meta name=\"twitter:card\" content=\"summary_large_image\" \/>\n<meta name=\"twitter:label1\" content=\"Estimated reading time\" \/>\n\t<meta name=\"twitter:data1\" content=\"1 minute\" \/>\n<script type=\"application\/ld+json\" class=\"yoast-schema-graph\">{\"@context\":\"https:\\\/\\\/schema.org\",\"@graph\":[{\"@type\":\"WebPage\",\"@id\":\"https:\\\/\\\/labarraca1912.es\\\/tienda\\\/molinillos\\\/molinillo-xl-fusion-de-pimientas-170g\\\/\",\"url\":\"https:\\\/\\\/labarraca1912.es\\\/tienda\\\/molinillos\\\/molinillo-xl-fusion-de-pimientas-170g\\\/\",\"name\":\"Comprar Molinillo XL Fusi\u00f3n de Pimientas 170g | La Barraca\",\"isPartOf\":{\"@id\":\"https:\\\/\\\/labarraca1912.es\\\/#website\"},\"primaryImageOfPage\":{\"@id\":\"https:\\\/\\\/labarraca1912.es\\\/tienda\\\/molinillos\\\/molinillo-xl-fusion-de-pimientas-170g\\\/#primaryimage\"},\"image\":{\"@id\":\"https:\\\/\\\/labarraca1912.es\\\/tienda\\\/molinillos\\\/molinillo-xl-fusion-de-pimientas-170g\\\/#primaryimage\"},\"thumbnailUrl\":\"https:\\\/\\\/labarraca1912.es\\\/wp-content\\\/uploads\\\/molxlfusionpimientas2025.jpg\",\"datePublished\":\"2020-01-31T07:45:39+00:00\",\"dateModified\":\"2026-03-09T09:49:30+00:00\",\"description\":\"A\u00f1ade sabor y aroma a tus platos al comprar un molinillo XL con fusi\u00f3n de cinco pimientas en grano, ideal para carnes, pescados y guisos.\",\"breadcrumb\":{\"@id\":\"https:\\\/\\\/labarraca1912.es\\\/tienda\\\/molinillos\\\/molinillo-xl-fusion-de-pimientas-170g\\\/#breadcrumb\"},\"inLanguage\":\"en-GB\",\"potentialAction\":[{\"@type\":\"ReadAction\",\"target\":[\"https:\\\/\\\/labarraca1912.es\\\/tienda\\\/molinillos\\\/molinillo-xl-fusion-de-pimientas-170g\\\/\"]}]},{\"@type\":\"ImageObject\",\"inLanguage\":\"en-GB\",\"@id\":\"https:\\\/\\\/labarraca1912.es\\\/tienda\\\/molinillos\\\/molinillo-xl-fusion-de-pimientas-170g\\\/#primaryimage\",\"url\":\"https:\\\/\\\/labarraca1912.es\\\/wp-content\\\/uploads\\\/molxlfusionpimientas2025.jpg\",\"contentUrl\":\"https:\\\/\\\/labarraca1912.es\\\/wp-content\\\/uploads\\\/molxlfusionpimientas2025.jpg\",\"width\":800,\"height\":800},{\"@type\":\"BreadcrumbList\",\"@id\":\"https:\\\/\\\/labarraca1912.es\\\/tienda\\\/molinillos\\\/molinillo-xl-fusion-de-pimientas-170g\\\/#breadcrumb\",\"itemListElement\":[{\"@type\":\"ListItem\",\"position\":1,\"name\":\"La Barraca\",\"item\":\"https:\\\/\\\/labarraca1912.es\\\/\"},{\"@type\":\"ListItem\",\"position\":2,\"name\":\"Tienda\",\"item\":\"https:\\\/\\\/labarraca1912.es\\\/tienda\\\/\"},{\"@type\":\"ListItem\",\"position\":3,\"name\":\"Molinillo XL Fusi\u00f3n de Pimientas 170g\"}]},{\"@type\":\"WebSite\",\"@id\":\"https:\\\/\\\/labarraca1912.es\\\/#website\",\"url\":\"https:\\\/\\\/labarraca1912.es\\\/\",\"name\":\"La Barraca\",\"description\":\"La Casa del Sabor\",\"publisher\":{\"@id\":\"https:\\\/\\\/labarraca1912.es\\\/#organization\"},\"potentialAction\":[{\"@type\":\"SearchAction\",\"target\":{\"@type\":\"EntryPoint\",\"urlTemplate\":\"https:\\\/\\\/labarraca1912.es\\\/?s={search_term_string}\"},\"query-input\":{\"@type\":\"PropertyValueSpecification\",\"valueRequired\":true,\"valueName\":\"search_term_string\"}}],\"inLanguage\":\"en-GB\"},{\"@type\":\"Organization\",\"@id\":\"https:\\\/\\\/labarraca1912.es\\\/#organization\",\"name\":\"La Barraca 1912 Alimentacion\",\"url\":\"https:\\\/\\\/labarraca1912.es\\\/\",\"logo\":{\"@type\":\"ImageObject\",\"inLanguage\":\"en-GB\",\"@id\":\"https:\\\/\\\/labarraca1912.es\\\/#\\\/schema\\\/logo\\\/image\\\/\",\"url\":\"https:\\\/\\\/labarraca1912.es\\\/wp-content\\\/uploads\\\/2019\\\/06\\\/logo-labarraca.png\",\"contentUrl\":\"https:\\\/\\\/labarraca1912.es\\\/wp-content\\\/uploads\\\/2019\\\/06\\\/logo-labarraca.png\",\"width\":2917,\"height\":1809,\"caption\":\"La Barraca 1912 Alimentacion\"},\"image\":{\"@id\":\"https:\\\/\\\/labarraca1912.es\\\/#\\\/schema\\\/logo\\\/image\\\/\"}}]}<\/script>\n<!-- \/ Yoast SEO plugin. -->","yoast_head_json":{"title":"Comprar Molinillo XL Fusi\u00f3n de Pimientas 170g | La Barraca","description":"A\u00f1ade sabor y aroma a tus platos al comprar un molinillo XL con fusi\u00f3n de cinco pimientas en grano, ideal para carnes, pescados y guisos.","robots":{"index":"index","follow":"follow","max-snippet":"max-snippet:-1","max-image-preview":"max-image-preview:large","max-video-preview":"max-video-preview:-1"},"canonical":"https:\/\/labarraca1912.es\/en\/tienda\/molinillos\/molinillo-xl-fusion-de-pimientas-170g\/","og_locale":"en_GB","og_type":"article","og_title":"Comprar Molinillo XL Fusi\u00f3n de Pimientas 170g | La Barraca","og_description":"A\u00f1ade sabor y aroma a tus platos al comprar un molinillo XL con fusi\u00f3n de cinco pimientas en grano, ideal para carnes, pescados y guisos.","og_url":"https:\/\/labarraca1912.es\/en\/tienda\/molinillos\/molinillo-xl-fusion-de-pimientas-170g\/","og_site_name":"La Barraca","article_modified_time":"2026-03-09T09:49:30+00:00","og_image":[{"width":800,"height":800,"url":"https:\/\/labarraca1912.es\/wp-content\/uploads\/molxlfusionpimientas2025.jpg","type":"image\/jpeg"}],"twitter_card":"summary_large_image","twitter_misc":{"Estimated reading time":"1 minute"},"schema":{"@context":"https:\/\/schema.org","@graph":[{"@type":"WebPage","@id":"https:\/\/labarraca1912.es\/tienda\/molinillos\/molinillo-xl-fusion-de-pimientas-170g\/","url":"https:\/\/labarraca1912.es\/tienda\/molinillos\/molinillo-xl-fusion-de-pimientas-170g\/","name":"Comprar Molinillo XL Fusi\u00f3n de Pimientas 170g | La Barraca","isPartOf":{"@id":"https:\/\/labarraca1912.es\/#website"},"primaryImageOfPage":{"@id":"https:\/\/labarraca1912.es\/tienda\/molinillos\/molinillo-xl-fusion-de-pimientas-170g\/#primaryimage"},"image":{"@id":"https:\/\/labarraca1912.es\/tienda\/molinillos\/molinillo-xl-fusion-de-pimientas-170g\/#primaryimage"},"thumbnailUrl":"https:\/\/labarraca1912.es\/wp-content\/uploads\/molxlfusionpimientas2025.jpg","datePublished":"2020-01-31T07:45:39+00:00","dateModified":"2026-03-09T09:49:30+00:00","description":"A\u00f1ade sabor y aroma a tus platos al comprar un molinillo XL con fusi\u00f3n de cinco pimientas en grano, ideal para carnes, pescados y guisos.","breadcrumb":{"@id":"https:\/\/labarraca1912.es\/tienda\/molinillos\/molinillo-xl-fusion-de-pimientas-170g\/#breadcrumb"},"inLanguage":"en-GB","potentialAction":[{"@type":"ReadAction","target":["https:\/\/labarraca1912.es\/tienda\/molinillos\/molinillo-xl-fusion-de-pimientas-170g\/"]}]},{"@type":"ImageObject","inLanguage":"en-GB","@id":"https:\/\/labarraca1912.es\/tienda\/molinillos\/molinillo-xl-fusion-de-pimientas-170g\/#primaryimage","url":"https:\/\/labarraca1912.es\/wp-content\/uploads\/molxlfusionpimientas2025.jpg","contentUrl":"https:\/\/labarraca1912.es\/wp-content\/uploads\/molxlfusionpimientas2025.jpg","width":800,"height":800},{"@type":"BreadcrumbList","@id":"https:\/\/labarraca1912.es\/tienda\/molinillos\/molinillo-xl-fusion-de-pimientas-170g\/#breadcrumb","itemListElement":[{"@type":"ListItem","position":1,"name":"La Barraca","item":"https:\/\/labarraca1912.es\/"},{"@type":"ListItem","position":2,"name":"Tienda","item":"https:\/\/labarraca1912.es\/tienda\/"},{"@type":"ListItem","position":3,"name":"Molinillo XL Fusi\u00f3n de Pimientas 170g"}]},{"@type":"WebSite","@id":"https:\/\/labarraca1912.es\/#website","url":"https:\/\/labarraca1912.es\/","name":"La Barraca","description":"La Casa del Sabor","publisher":{"@id":"https:\/\/labarraca1912.es\/#organization"},"potentialAction":[{"@type":"SearchAction","target":{"@type":"EntryPoint","urlTemplate":"https:\/\/labarraca1912.es\/?s={search_term_string}"},"query-input":{"@type":"PropertyValueSpecification","valueRequired":true,"valueName":"search_term_string"}}],"inLanguage":"en-GB"},{"@type":"Organization","@id":"https:\/\/labarraca1912.es\/#organization","name":"La Barraca 1912 Alimentacion","url":"https:\/\/labarraca1912.es\/","logo":{"@type":"ImageObject","inLanguage":"en-GB","@id":"https:\/\/labarraca1912.es\/#\/schema\/logo\/image\/","url":"https:\/\/labarraca1912.es\/wp-content\/uploads\/2019\/06\/logo-labarraca.png","contentUrl":"https:\/\/labarraca1912.es\/wp-content\/uploads\/2019\/06\/logo-labarraca.png","width":2917,"height":1809,"caption":"La Barraca 1912 Alimentacion"},"image":{"@id":"https:\/\/labarraca1912.es\/#\/schema\/logo\/image\/"}}]}},"_links":{"self":[{"href":"https:\/\/labarraca1912.es\/en\/wp-json\/wp\/v2\/product\/4165","targetHints":{"allow":["GET"]}}],"collection":[{"href":"https:\/\/labarraca1912.es\/en\/wp-json\/wp\/v2\/product"}],"about":[{"href":"https:\/\/labarraca1912.es\/en\/wp-json\/wp\/v2\/types\/product"}],"replies":[{"embeddable":true,"href":"https:\/\/labarraca1912.es\/en\/wp-json\/wp\/v2\/comments?post=4165"}],"wp:featuredmedia":[{"embeddable":true,"href":"https:\/\/labarraca1912.es\/en\/wp-json\/wp\/v2\/media\/11906"}],"wp:attachment":[{"href":"https:\/\/labarraca1912.es\/en\/wp-json\/wp\/v2\/media?parent=4165"}],"wp:term":[{"taxonomy":"product_brand","embeddable":true,"href":"https:\/\/labarraca1912.es\/en\/wp-json\/wp\/v2\/product_brand?post=4165"},{"taxonomy":"product_cat","embeddable":true,"href":"https:\/\/labarraca1912.es\/en\/wp-json\/wp\/v2\/product_cat?post=4165"},{"taxonomy":"product_tag","embeddable":true,"href":"https:\/\/labarraca1912.es\/en\/wp-json\/wp\/v2\/product_tag?post=4165"}],"curies":[{"name":"wp","href":"https:\/\/api.w.org\/{rel}","templated":true}]}}