{"id":44,"date":"2019-06-25T17:00:58","date_gmt":"2019-06-25T15:00:58","guid":{"rendered":"https:\/\/labarraca1912.es\/?post_type=product&#038;p=44"},"modified":"2026-03-09T11:16:09","modified_gmt":"2026-03-09T10:16:09","slug":"gin-sweet-floral","status":"publish","type":"product","link":"https:\/\/labarraca1912.es\/en\/tienda\/botanicos-cocteles\/gin-sweet-floral\/","title":{"rendered":"Gin Sweet Floral"},"content":{"rendered":"<p>BOTANICAL COLLECTION \u2013 SWEET FLORAL: La Barraca has created <strong>Botanical Collection<\/strong> to enjoy your drink like never before. A selection of botanicals created to bring unique sensations to your cocktail. You can combine our botanicals as you wish and savor every drink of your glass. This magnificent case is composed of 8 botanicals, spoon and dispenser, which will help you prepare your combinations in a more professional way.<\/p>\n<p><strong>Liquorice<\/strong>: Notes of balsamic and earthy aromas. One small stick in your glass will slightly sweeten your taste.<\/p>\n<p><strong>Rose Petals<\/strong>: There are several ways to prepare your Gin Tonic, but one of the most colorful and creative is adding some rose petals.<\/p>\n<p><strong>Cinnamon Sticks<\/strong>: Cinnamon give to your Gin Tonic a mild-citric flavour, add a stick and enjoy your cocktail.<\/p>","protected":false},"excerpt":{"rendered":"<blockquote>\n<h2><strong>Botanical Collection<\/strong> Gin Tonic<\/h2>\n<\/blockquote>\n<p>La Barraca Alimentaci\u00f3n has created Botanical Collection, specifically intended for those who do not conform and want to make their cocktail a new world of flavors thanks to botanicals. It is a perfect gift or an acquisition for own consumption that will surprise everyone.<\/p>\n<p>A meticulous selection of botanicals, which will provide unique sensations never experienced in your glass. Be your own mixologist, using our botanicals, combining them however you want and surprise your guests with your creations.<\/p>\n<p><em><strong>THIS KIT CONTAINS:<\/strong><\/em><\/p>\n<ul>\n<li><strong>Liquorice 20g<\/strong>\n<ul>\n<li><em><strong>Ingredients:<\/strong><\/em> Liquorice.<\/li>\n<\/ul>\n<\/li>\n<li><strong>Rose Petals 4g<\/strong>\n<ul>\n<li><em><strong>Ingredients:<\/strong><\/em> Rose Petals.<\/li>\n<\/ul>\n<\/li>\n<li><strong>Cinnamon Sticks 24g<\/strong>\n<ul>\n<li><em><strong>Ingredients:<\/strong><\/em> Cinnamon sticks.<\/li>\n<\/ul>\n<\/li>\n<\/ul>","protected":false},"featured_media":13589,"comment_status":"open","ping_status":"closed","template":"","meta":{"_et_pb_use_builder":"","_et_pb_old_content":"","_et_gb_content_width":""},"product_brand":[],"product_cat":[24],"product_tag":[27,28,29,30],"class_list":{"0":"post-44","1":"product","2":"type-product","3":"status-publish","4":"has-post-thumbnail","6":"product_cat-botanicos-cocteles","7":"product_tag-botanicos","8":"product_tag-cocteles","9":"product_tag-ginebra","10":"product_tag-gintonic","12":"first","13":"instock","14":"taxable","15":"shipping-taxable","16":"purchasable","17":"product-type-simple"},"yoast_head":"<!-- This site is optimized with the Yoast SEO plugin v27.4 - https:\/\/yoast.com\/product\/yoast-seo-wordpress\/ -->\n<title>Gin Sweet Floral - La Barraca<\/title>\n<meta name=\"description\" content=\"Una selecci\u00f3n de bot\u00e1nicos, que aportar\u00e1n unas sensaciones \u00fanicas a tu copa. S\u00e9 tu propio coctelero, utilizando nuestros bot\u00e1nicos.\" \/>\n<meta name=\"robots\" content=\"index, follow, max-snippet:-1, max-image-preview:large, max-video-preview:-1\" \/>\n<link rel=\"canonical\" href=\"https:\/\/labarraca1912.es\/en\/tienda\/botanicos-cocteles\/gin-sweet-floral\/\" \/>\n<meta property=\"og:locale\" content=\"en_GB\" \/>\n<meta property=\"og:type\" content=\"article\" \/>\n<meta property=\"og:title\" content=\"Gin Sweet Floral - La Barraca\" \/>\n<meta property=\"og:description\" content=\"Una selecci\u00f3n de bot\u00e1nicos, que aportar\u00e1n unas sensaciones \u00fanicas a tu copa. S\u00e9 tu propio coctelero, utilizando nuestros bot\u00e1nicos.\" \/>\n<meta property=\"og:url\" content=\"https:\/\/labarraca1912.es\/en\/tienda\/botanicos-cocteles\/gin-sweet-floral\/\" \/>\n<meta property=\"og:site_name\" content=\"La Barraca\" \/>\n<meta property=\"article:modified_time\" content=\"2026-03-09T10:16:09+00:00\" \/>\n<meta property=\"og:image\" content=\"https:\/\/labarraca1912.es\/wp-content\/uploads\/sweetfloral2025.jpg\" \/>\n\t<meta property=\"og:image:width\" content=\"800\" \/>\n\t<meta property=\"og:image:height\" content=\"800\" \/>\n\t<meta property=\"og:image:type\" content=\"image\/jpeg\" \/>\n<meta name=\"twitter:card\" content=\"summary_large_image\" \/>\n<meta name=\"twitter:label1\" content=\"Estimated reading time\" \/>\n\t<meta name=\"twitter:data1\" content=\"1 minute\" \/>\n<script type=\"application\/ld+json\" class=\"yoast-schema-graph\">{\"@context\":\"https:\\\/\\\/schema.org\",\"@graph\":[{\"@type\":\"WebPage\",\"@id\":\"https:\\\/\\\/labarraca1912.es\\\/tienda\\\/botanicos-cocteles\\\/gin-sweet-floral\\\/\",\"url\":\"https:\\\/\\\/labarraca1912.es\\\/tienda\\\/botanicos-cocteles\\\/gin-sweet-floral\\\/\",\"name\":\"Gin Sweet Floral - La Barraca\",\"isPartOf\":{\"@id\":\"https:\\\/\\\/labarraca1912.es\\\/#website\"},\"primaryImageOfPage\":{\"@id\":\"https:\\\/\\\/labarraca1912.es\\\/tienda\\\/botanicos-cocteles\\\/gin-sweet-floral\\\/#primaryimage\"},\"image\":{\"@id\":\"https:\\\/\\\/labarraca1912.es\\\/tienda\\\/botanicos-cocteles\\\/gin-sweet-floral\\\/#primaryimage\"},\"thumbnailUrl\":\"https:\\\/\\\/labarraca1912.es\\\/wp-content\\\/uploads\\\/sweetfloral2025.jpg\",\"datePublished\":\"2019-06-25T15:00:58+00:00\",\"dateModified\":\"2026-03-09T10:16:09+00:00\",\"description\":\"Una selecci\u00f3n de bot\u00e1nicos, que aportar\u00e1n unas sensaciones \u00fanicas a tu copa. S\u00e9 tu propio coctelero, utilizando nuestros bot\u00e1nicos.\",\"breadcrumb\":{\"@id\":\"https:\\\/\\\/labarraca1912.es\\\/tienda\\\/botanicos-cocteles\\\/gin-sweet-floral\\\/#breadcrumb\"},\"inLanguage\":\"en-GB\",\"potentialAction\":[{\"@type\":\"ReadAction\",\"target\":[\"https:\\\/\\\/labarraca1912.es\\\/tienda\\\/botanicos-cocteles\\\/gin-sweet-floral\\\/\"]}]},{\"@type\":\"ImageObject\",\"inLanguage\":\"en-GB\",\"@id\":\"https:\\\/\\\/labarraca1912.es\\\/tienda\\\/botanicos-cocteles\\\/gin-sweet-floral\\\/#primaryimage\",\"url\":\"https:\\\/\\\/labarraca1912.es\\\/wp-content\\\/uploads\\\/sweetfloral2025.jpg\",\"contentUrl\":\"https:\\\/\\\/labarraca1912.es\\\/wp-content\\\/uploads\\\/sweetfloral2025.jpg\",\"width\":800,\"height\":800},{\"@type\":\"BreadcrumbList\",\"@id\":\"https:\\\/\\\/labarraca1912.es\\\/tienda\\\/botanicos-cocteles\\\/gin-sweet-floral\\\/#breadcrumb\",\"itemListElement\":[{\"@type\":\"ListItem\",\"position\":1,\"name\":\"La Barraca\",\"item\":\"https:\\\/\\\/labarraca1912.es\\\/\"},{\"@type\":\"ListItem\",\"position\":2,\"name\":\"Tienda\",\"item\":\"https:\\\/\\\/labarraca1912.es\\\/tienda\\\/\"},{\"@type\":\"ListItem\",\"position\":3,\"name\":\"Gin Sweet Floral\"}]},{\"@type\":\"WebSite\",\"@id\":\"https:\\\/\\\/labarraca1912.es\\\/#website\",\"url\":\"https:\\\/\\\/labarraca1912.es\\\/\",\"name\":\"La Barraca\",\"description\":\"La Casa del Sabor\",\"publisher\":{\"@id\":\"https:\\\/\\\/labarraca1912.es\\\/#organization\"},\"potentialAction\":[{\"@type\":\"SearchAction\",\"target\":{\"@type\":\"EntryPoint\",\"urlTemplate\":\"https:\\\/\\\/labarraca1912.es\\\/?s={search_term_string}\"},\"query-input\":{\"@type\":\"PropertyValueSpecification\",\"valueRequired\":true,\"valueName\":\"search_term_string\"}}],\"inLanguage\":\"en-GB\"},{\"@type\":\"Organization\",\"@id\":\"https:\\\/\\\/labarraca1912.es\\\/#organization\",\"name\":\"La Barraca 1912 Alimentacion\",\"url\":\"https:\\\/\\\/labarraca1912.es\\\/\",\"logo\":{\"@type\":\"ImageObject\",\"inLanguage\":\"en-GB\",\"@id\":\"https:\\\/\\\/labarraca1912.es\\\/#\\\/schema\\\/logo\\\/image\\\/\",\"url\":\"https:\\\/\\\/labarraca1912.es\\\/wp-content\\\/uploads\\\/2019\\\/06\\\/logo-labarraca.png\",\"contentUrl\":\"https:\\\/\\\/labarraca1912.es\\\/wp-content\\\/uploads\\\/2019\\\/06\\\/logo-labarraca.png\",\"width\":2917,\"height\":1809,\"caption\":\"La Barraca 1912 Alimentacion\"},\"image\":{\"@id\":\"https:\\\/\\\/labarraca1912.es\\\/#\\\/schema\\\/logo\\\/image\\\/\"}}]}<\/script>\n<!-- \/ Yoast SEO plugin. -->","yoast_head_json":{"title":"Gin Sweet Floral - La Barraca","description":"Una selecci\u00f3n de bot\u00e1nicos, que aportar\u00e1n unas sensaciones \u00fanicas a tu copa. S\u00e9 tu propio coctelero, utilizando nuestros bot\u00e1nicos.","robots":{"index":"index","follow":"follow","max-snippet":"max-snippet:-1","max-image-preview":"max-image-preview:large","max-video-preview":"max-video-preview:-1"},"canonical":"https:\/\/labarraca1912.es\/en\/tienda\/botanicos-cocteles\/gin-sweet-floral\/","og_locale":"en_GB","og_type":"article","og_title":"Gin Sweet Floral - La Barraca","og_description":"Una selecci\u00f3n de bot\u00e1nicos, que aportar\u00e1n unas sensaciones \u00fanicas a tu copa. S\u00e9 tu propio coctelero, utilizando nuestros bot\u00e1nicos.","og_url":"https:\/\/labarraca1912.es\/en\/tienda\/botanicos-cocteles\/gin-sweet-floral\/","og_site_name":"La Barraca","article_modified_time":"2026-03-09T10:16:09+00:00","og_image":[{"width":800,"height":800,"url":"https:\/\/labarraca1912.es\/wp-content\/uploads\/sweetfloral2025.jpg","type":"image\/jpeg"}],"twitter_card":"summary_large_image","twitter_misc":{"Estimated reading time":"1 minute"},"schema":{"@context":"https:\/\/schema.org","@graph":[{"@type":"WebPage","@id":"https:\/\/labarraca1912.es\/tienda\/botanicos-cocteles\/gin-sweet-floral\/","url":"https:\/\/labarraca1912.es\/tienda\/botanicos-cocteles\/gin-sweet-floral\/","name":"Gin Sweet Floral - La Barraca","isPartOf":{"@id":"https:\/\/labarraca1912.es\/#website"},"primaryImageOfPage":{"@id":"https:\/\/labarraca1912.es\/tienda\/botanicos-cocteles\/gin-sweet-floral\/#primaryimage"},"image":{"@id":"https:\/\/labarraca1912.es\/tienda\/botanicos-cocteles\/gin-sweet-floral\/#primaryimage"},"thumbnailUrl":"https:\/\/labarraca1912.es\/wp-content\/uploads\/sweetfloral2025.jpg","datePublished":"2019-06-25T15:00:58+00:00","dateModified":"2026-03-09T10:16:09+00:00","description":"Una selecci\u00f3n de bot\u00e1nicos, que aportar\u00e1n unas sensaciones \u00fanicas a tu copa. S\u00e9 tu propio coctelero, utilizando nuestros bot\u00e1nicos.","breadcrumb":{"@id":"https:\/\/labarraca1912.es\/tienda\/botanicos-cocteles\/gin-sweet-floral\/#breadcrumb"},"inLanguage":"en-GB","potentialAction":[{"@type":"ReadAction","target":["https:\/\/labarraca1912.es\/tienda\/botanicos-cocteles\/gin-sweet-floral\/"]}]},{"@type":"ImageObject","inLanguage":"en-GB","@id":"https:\/\/labarraca1912.es\/tienda\/botanicos-cocteles\/gin-sweet-floral\/#primaryimage","url":"https:\/\/labarraca1912.es\/wp-content\/uploads\/sweetfloral2025.jpg","contentUrl":"https:\/\/labarraca1912.es\/wp-content\/uploads\/sweetfloral2025.jpg","width":800,"height":800},{"@type":"BreadcrumbList","@id":"https:\/\/labarraca1912.es\/tienda\/botanicos-cocteles\/gin-sweet-floral\/#breadcrumb","itemListElement":[{"@type":"ListItem","position":1,"name":"La Barraca","item":"https:\/\/labarraca1912.es\/"},{"@type":"ListItem","position":2,"name":"Tienda","item":"https:\/\/labarraca1912.es\/tienda\/"},{"@type":"ListItem","position":3,"name":"Gin Sweet Floral"}]},{"@type":"WebSite","@id":"https:\/\/labarraca1912.es\/#website","url":"https:\/\/labarraca1912.es\/","name":"La Barraca","description":"La Casa del Sabor","publisher":{"@id":"https:\/\/labarraca1912.es\/#organization"},"potentialAction":[{"@type":"SearchAction","target":{"@type":"EntryPoint","urlTemplate":"https:\/\/labarraca1912.es\/?s={search_term_string}"},"query-input":{"@type":"PropertyValueSpecification","valueRequired":true,"valueName":"search_term_string"}}],"inLanguage":"en-GB"},{"@type":"Organization","@id":"https:\/\/labarraca1912.es\/#organization","name":"La Barraca 1912 Alimentacion","url":"https:\/\/labarraca1912.es\/","logo":{"@type":"ImageObject","inLanguage":"en-GB","@id":"https:\/\/labarraca1912.es\/#\/schema\/logo\/image\/","url":"https:\/\/labarraca1912.es\/wp-content\/uploads\/2019\/06\/logo-labarraca.png","contentUrl":"https:\/\/labarraca1912.es\/wp-content\/uploads\/2019\/06\/logo-labarraca.png","width":2917,"height":1809,"caption":"La Barraca 1912 Alimentacion"},"image":{"@id":"https:\/\/labarraca1912.es\/#\/schema\/logo\/image\/"}}]}},"_links":{"self":[{"href":"https:\/\/labarraca1912.es\/en\/wp-json\/wp\/v2\/product\/44","targetHints":{"allow":["GET"]}}],"collection":[{"href":"https:\/\/labarraca1912.es\/en\/wp-json\/wp\/v2\/product"}],"about":[{"href":"https:\/\/labarraca1912.es\/en\/wp-json\/wp\/v2\/types\/product"}],"replies":[{"embeddable":true,"href":"https:\/\/labarraca1912.es\/en\/wp-json\/wp\/v2\/comments?post=44"}],"wp:featuredmedia":[{"embeddable":true,"href":"https:\/\/labarraca1912.es\/en\/wp-json\/wp\/v2\/media\/13589"}],"wp:attachment":[{"href":"https:\/\/labarraca1912.es\/en\/wp-json\/wp\/v2\/media?parent=44"}],"wp:term":[{"taxonomy":"product_brand","embeddable":true,"href":"https:\/\/labarraca1912.es\/en\/wp-json\/wp\/v2\/product_brand?post=44"},{"taxonomy":"product_cat","embeddable":true,"href":"https:\/\/labarraca1912.es\/en\/wp-json\/wp\/v2\/product_cat?post=44"},{"taxonomy":"product_tag","embeddable":true,"href":"https:\/\/labarraca1912.es\/en\/wp-json\/wp\/v2\/product_tag?post=44"}],"curies":[{"name":"wp","href":"https:\/\/api.w.org\/{rel}","templated":true}]}}