{"id":4610,"date":"2020-02-26T14:05:02","date_gmt":"2020-02-26T13:05:02","guid":{"rendered":"https:\/\/labarraca1912.es\/?post_type=product&#038;p=4610"},"modified":"2022-07-04T11:34:23","modified_gmt":"2022-07-04T09:34:23","slug":"azafran-hebra-tarro-cristal-1g","status":"publish","type":"product","link":"https:\/\/labarraca1912.es\/en\/tienda\/azafran\/azafran-hebra-tarro-cristal-1g\/","title":{"rendered":"Saffron Strands Glass Jar 1g"},"content":{"rendered":"<p>AZAFR\u00c1N HEBRA &#8211; TARRO CRISTAL 1G: El Azafr\u00e1n es una de las especias m\u00e1s apreciadas y utilizadas desde tiempos remotos, tanto por su sabor como por su aroma. Procedente de oriente, su cultivo y recolecci\u00f3n necesita de un esmerado cuidado. Las partes de la planta utilizadas para la elaboraci\u00f3n del azafr\u00e1n son los estigmas de la flor, que se secan y se tuestan. En cuanto a su uso gastron\u00f3mico est\u00e1 especialmente destinado para arroces, paellas, arroz a banda, risotos, pastas, sopas, pescados, mariscos, salsas a los que el azafr\u00e1n aportar\u00e1 aroma, sabor y un color dorado.<\/p>\n<p><strong>Saffron Strands:<\/strong>\u00a0Spice very appreciated for his aroma, flavour and golden colour.<\/p>","protected":false},"excerpt":{"rendered":"<h2><\/h2>\n<blockquote>\n<h2><strong>Saffron Strands<\/strong> Glass Jar 1g<\/h2>\n<\/blockquote>\n<p>Saffron is one of the most appreciated and used spices since ancient times, both for its flavor and its aroma. Coming from the east, its cultivation and harvesting needs careful care. The parts of the plant used to make saffron are the stigmas of the flower, which are dried and roasted. As for its gastronomic use, it is specially destined for rice, paella, brown rice, risotos, pasta, soups, fish, seafood, sauces to which saffron will provide aroma, flavor and a golden color.<\/p>\n<h3><a href=\"https:\/\/labarraca1912.es\/en\/fichas%20t%C3%A9cnicas\/FT%20AZAFRAN%20HEBRA.pdf\/\"><img decoding=\"async\" class=\"alignnone wp-image-875\" src=\"https:\/\/labarraca1912.es\/wp-content\/uploads\/2019\/08\/icon-folder-300x300.png\" alt=\"\" width=\"21\" height=\"21\" srcset=\"https:\/\/labarraca1912.es\/wp-content\/uploads\/2019\/08\/icon-folder-300x300.png 300w, https:\/\/labarraca1912.es\/wp-content\/uploads\/2019\/08\/icon-folder-150x150.png 150w, https:\/\/labarraca1912.es\/wp-content\/uploads\/2019\/08\/icon-folder-100x100.png 100w, https:\/\/labarraca1912.es\/wp-content\/uploads\/2019\/08\/icon-folder.png 739w\" sizes=\"(max-width: 21px) 100vw, 21px\" \/>\u00a0<span style=\"color: #ad9115;\"><strong>Technical Sheet<\/strong><\/span><\/a><\/h3>\n<h3><\/h3>\n<p>&nbsp;<\/p>\n<p>&nbsp;<\/p>","protected":false},"featured_media":4366,"comment_status":"open","ping_status":"closed","template":"","meta":{"_et_pb_use_builder":"","_et_pb_old_content":"","_et_gb_content_width":""},"product_brand":[],"product_cat":[17,122],"product_tag":[39,35,38,36,37],"class_list":{"0":"post-4610","1":"product","2":"type-product","3":"status-publish","4":"has-post-thumbnail","6":"product_cat-azafran","7":"product_cat-productos-paella","8":"product_tag-arroz","9":"product_tag-azafran","10":"product_tag-colorante","11":"product_tag-paella","12":"product_tag-saffron","14":"first","15":"outofstock","16":"taxable","17":"shipping-taxable","18":"purchasable","19":"product-type-simple"},"yoast_head":"<!-- This site is optimized with the Yoast SEO plugin v27.4 - https:\/\/yoast.com\/product\/yoast-seo-wordpress\/ -->\n<title>Azafr\u00e1n Hebra Tarro Cristal 1g - La Barraca<\/title>\n<meta name=\"robots\" content=\"index, follow, max-snippet:-1, max-image-preview:large, max-video-preview:-1\" \/>\n<link rel=\"canonical\" href=\"https:\/\/labarraca1912.es\/en\/tienda\/azafran\/azafran-hebra-tarro-cristal-1g\/\" \/>\n<meta property=\"og:locale\" content=\"en_GB\" \/>\n<meta property=\"og:type\" content=\"article\" \/>\n<meta property=\"og:title\" content=\"Azafr\u00e1n Hebra Tarro Cristal 1g - La Barraca\" \/>\n<meta property=\"og:description\" content=\"Azafr\u00e1n Hebra Tarro Cristal 1g  El Azafr\u00e1n es una de las especias m\u00e1s apreciadas y utilizadas desde tiempos remotos, tanto por su sabor como por su aroma. Procedente de oriente, su cultivo y recolecci\u00f3n necesita de un esmerado cuidado. Las partes de la planta utilizadas para la elaboraci\u00f3n del azafr\u00e1n son los estigmas de la flor, que se secan y se tuestan. En cuanto a su uso gastron\u00f3mico est\u00e1 especialmente destinado para arroces, paellas, arroz a banda, risotos, pastas, sopas, pescados, mariscos, salsas a los que el azafr\u00e1n aportar\u00e1 aroma, sabor y un color dorado. \u00a0Ficha T\u00e9cnica  &nbsp;  &nbsp;\" \/>\n<meta property=\"og:url\" content=\"https:\/\/labarraca1912.es\/en\/tienda\/azafran\/azafran-hebra-tarro-cristal-1g\/\" \/>\n<meta property=\"og:site_name\" content=\"La Barraca\" \/>\n<meta property=\"article:modified_time\" content=\"2022-07-04T09:34:23+00:00\" \/>\n<meta property=\"og:image\" content=\"https:\/\/labarraca1912.es\/wp-content\/uploads\/2020\/02\/azafranhebracristal1g.jpg\" \/>\n\t<meta property=\"og:image:width\" content=\"800\" \/>\n\t<meta property=\"og:image:height\" content=\"800\" \/>\n\t<meta property=\"og:image:type\" content=\"image\/jpeg\" \/>\n<meta name=\"twitter:card\" content=\"summary_large_image\" \/>\n<meta name=\"twitter:label1\" content=\"Estimated reading time\" \/>\n\t<meta name=\"twitter:data1\" content=\"1 minute\" \/>\n<script type=\"application\/ld+json\" class=\"yoast-schema-graph\">{\"@context\":\"https:\\\/\\\/schema.org\",\"@graph\":[{\"@type\":\"WebPage\",\"@id\":\"https:\\\/\\\/labarraca1912.es\\\/tienda\\\/azafran\\\/azafran-hebra-tarro-cristal-1g\\\/\",\"url\":\"https:\\\/\\\/labarraca1912.es\\\/tienda\\\/azafran\\\/azafran-hebra-tarro-cristal-1g\\\/\",\"name\":\"Azafr\u00e1n Hebra Tarro Cristal 1g - La Barraca\",\"isPartOf\":{\"@id\":\"https:\\\/\\\/labarraca1912.es\\\/#website\"},\"primaryImageOfPage\":{\"@id\":\"https:\\\/\\\/labarraca1912.es\\\/tienda\\\/azafran\\\/azafran-hebra-tarro-cristal-1g\\\/#primaryimage\"},\"image\":{\"@id\":\"https:\\\/\\\/labarraca1912.es\\\/tienda\\\/azafran\\\/azafran-hebra-tarro-cristal-1g\\\/#primaryimage\"},\"thumbnailUrl\":\"https:\\\/\\\/labarraca1912.es\\\/wp-content\\\/uploads\\\/2020\\\/02\\\/azafranhebracristal1g.jpg\",\"datePublished\":\"2020-02-26T13:05:02+00:00\",\"dateModified\":\"2022-07-04T09:34:23+00:00\",\"breadcrumb\":{\"@id\":\"https:\\\/\\\/labarraca1912.es\\\/tienda\\\/azafran\\\/azafran-hebra-tarro-cristal-1g\\\/#breadcrumb\"},\"inLanguage\":\"en-GB\",\"potentialAction\":[{\"@type\":\"ReadAction\",\"target\":[\"https:\\\/\\\/labarraca1912.es\\\/tienda\\\/azafran\\\/azafran-hebra-tarro-cristal-1g\\\/\"]}]},{\"@type\":\"ImageObject\",\"inLanguage\":\"en-GB\",\"@id\":\"https:\\\/\\\/labarraca1912.es\\\/tienda\\\/azafran\\\/azafran-hebra-tarro-cristal-1g\\\/#primaryimage\",\"url\":\"https:\\\/\\\/labarraca1912.es\\\/wp-content\\\/uploads\\\/2020\\\/02\\\/azafranhebracristal1g.jpg\",\"contentUrl\":\"https:\\\/\\\/labarraca1912.es\\\/wp-content\\\/uploads\\\/2020\\\/02\\\/azafranhebracristal1g.jpg\",\"width\":800,\"height\":800},{\"@type\":\"BreadcrumbList\",\"@id\":\"https:\\\/\\\/labarraca1912.es\\\/tienda\\\/azafran\\\/azafran-hebra-tarro-cristal-1g\\\/#breadcrumb\",\"itemListElement\":[{\"@type\":\"ListItem\",\"position\":1,\"name\":\"La Barraca\",\"item\":\"https:\\\/\\\/labarraca1912.es\\\/\"},{\"@type\":\"ListItem\",\"position\":2,\"name\":\"Tienda\",\"item\":\"https:\\\/\\\/labarraca1912.es\\\/tienda\\\/\"},{\"@type\":\"ListItem\",\"position\":3,\"name\":\"Azafr\u00e1n Hebra Tarro Cristal 1g\"}]},{\"@type\":\"WebSite\",\"@id\":\"https:\\\/\\\/labarraca1912.es\\\/#website\",\"url\":\"https:\\\/\\\/labarraca1912.es\\\/\",\"name\":\"La Barraca\",\"description\":\"La Casa del Sabor\",\"publisher\":{\"@id\":\"https:\\\/\\\/labarraca1912.es\\\/#organization\"},\"potentialAction\":[{\"@type\":\"SearchAction\",\"target\":{\"@type\":\"EntryPoint\",\"urlTemplate\":\"https:\\\/\\\/labarraca1912.es\\\/?s={search_term_string}\"},\"query-input\":{\"@type\":\"PropertyValueSpecification\",\"valueRequired\":true,\"valueName\":\"search_term_string\"}}],\"inLanguage\":\"en-GB\"},{\"@type\":\"Organization\",\"@id\":\"https:\\\/\\\/labarraca1912.es\\\/#organization\",\"name\":\"La Barraca 1912 Alimentacion\",\"url\":\"https:\\\/\\\/labarraca1912.es\\\/\",\"logo\":{\"@type\":\"ImageObject\",\"inLanguage\":\"en-GB\",\"@id\":\"https:\\\/\\\/labarraca1912.es\\\/#\\\/schema\\\/logo\\\/image\\\/\",\"url\":\"https:\\\/\\\/labarraca1912.es\\\/wp-content\\\/uploads\\\/2019\\\/06\\\/logo-labarraca.png\",\"contentUrl\":\"https:\\\/\\\/labarraca1912.es\\\/wp-content\\\/uploads\\\/2019\\\/06\\\/logo-labarraca.png\",\"width\":2917,\"height\":1809,\"caption\":\"La Barraca 1912 Alimentacion\"},\"image\":{\"@id\":\"https:\\\/\\\/labarraca1912.es\\\/#\\\/schema\\\/logo\\\/image\\\/\"}}]}<\/script>\n<!-- \/ Yoast SEO plugin. -->","yoast_head_json":{"title":"Azafr\u00e1n Hebra Tarro Cristal 1g - La Barraca","robots":{"index":"index","follow":"follow","max-snippet":"max-snippet:-1","max-image-preview":"max-image-preview:large","max-video-preview":"max-video-preview:-1"},"canonical":"https:\/\/labarraca1912.es\/en\/tienda\/azafran\/azafran-hebra-tarro-cristal-1g\/","og_locale":"en_GB","og_type":"article","og_title":"Azafr\u00e1n Hebra Tarro Cristal 1g - La Barraca","og_description":"Azafr\u00e1n Hebra Tarro Cristal 1g  El Azafr\u00e1n es una de las especias m\u00e1s apreciadas y utilizadas desde tiempos remotos, tanto por su sabor como por su aroma. Procedente de oriente, su cultivo y recolecci\u00f3n necesita de un esmerado cuidado. Las partes de la planta utilizadas para la elaboraci\u00f3n del azafr\u00e1n son los estigmas de la flor, que se secan y se tuestan. En cuanto a su uso gastron\u00f3mico est\u00e1 especialmente destinado para arroces, paellas, arroz a banda, risotos, pastas, sopas, pescados, mariscos, salsas a los que el azafr\u00e1n aportar\u00e1 aroma, sabor y un color dorado. \u00a0Ficha T\u00e9cnica  &nbsp;  &nbsp;","og_url":"https:\/\/labarraca1912.es\/en\/tienda\/azafran\/azafran-hebra-tarro-cristal-1g\/","og_site_name":"La Barraca","article_modified_time":"2022-07-04T09:34:23+00:00","og_image":[{"width":800,"height":800,"url":"https:\/\/labarraca1912.es\/wp-content\/uploads\/2020\/02\/azafranhebracristal1g.jpg","type":"image\/jpeg"}],"twitter_card":"summary_large_image","twitter_misc":{"Estimated reading time":"1 minute"},"schema":{"@context":"https:\/\/schema.org","@graph":[{"@type":"WebPage","@id":"https:\/\/labarraca1912.es\/tienda\/azafran\/azafran-hebra-tarro-cristal-1g\/","url":"https:\/\/labarraca1912.es\/tienda\/azafran\/azafran-hebra-tarro-cristal-1g\/","name":"Azafr\u00e1n Hebra Tarro Cristal 1g - La Barraca","isPartOf":{"@id":"https:\/\/labarraca1912.es\/#website"},"primaryImageOfPage":{"@id":"https:\/\/labarraca1912.es\/tienda\/azafran\/azafran-hebra-tarro-cristal-1g\/#primaryimage"},"image":{"@id":"https:\/\/labarraca1912.es\/tienda\/azafran\/azafran-hebra-tarro-cristal-1g\/#primaryimage"},"thumbnailUrl":"https:\/\/labarraca1912.es\/wp-content\/uploads\/2020\/02\/azafranhebracristal1g.jpg","datePublished":"2020-02-26T13:05:02+00:00","dateModified":"2022-07-04T09:34:23+00:00","breadcrumb":{"@id":"https:\/\/labarraca1912.es\/tienda\/azafran\/azafran-hebra-tarro-cristal-1g\/#breadcrumb"},"inLanguage":"en-GB","potentialAction":[{"@type":"ReadAction","target":["https:\/\/labarraca1912.es\/tienda\/azafran\/azafran-hebra-tarro-cristal-1g\/"]}]},{"@type":"ImageObject","inLanguage":"en-GB","@id":"https:\/\/labarraca1912.es\/tienda\/azafran\/azafran-hebra-tarro-cristal-1g\/#primaryimage","url":"https:\/\/labarraca1912.es\/wp-content\/uploads\/2020\/02\/azafranhebracristal1g.jpg","contentUrl":"https:\/\/labarraca1912.es\/wp-content\/uploads\/2020\/02\/azafranhebracristal1g.jpg","width":800,"height":800},{"@type":"BreadcrumbList","@id":"https:\/\/labarraca1912.es\/tienda\/azafran\/azafran-hebra-tarro-cristal-1g\/#breadcrumb","itemListElement":[{"@type":"ListItem","position":1,"name":"La Barraca","item":"https:\/\/labarraca1912.es\/"},{"@type":"ListItem","position":2,"name":"Tienda","item":"https:\/\/labarraca1912.es\/tienda\/"},{"@type":"ListItem","position":3,"name":"Azafr\u00e1n Hebra Tarro Cristal 1g"}]},{"@type":"WebSite","@id":"https:\/\/labarraca1912.es\/#website","url":"https:\/\/labarraca1912.es\/","name":"La Barraca","description":"La Casa del Sabor","publisher":{"@id":"https:\/\/labarraca1912.es\/#organization"},"potentialAction":[{"@type":"SearchAction","target":{"@type":"EntryPoint","urlTemplate":"https:\/\/labarraca1912.es\/?s={search_term_string}"},"query-input":{"@type":"PropertyValueSpecification","valueRequired":true,"valueName":"search_term_string"}}],"inLanguage":"en-GB"},{"@type":"Organization","@id":"https:\/\/labarraca1912.es\/#organization","name":"La Barraca 1912 Alimentacion","url":"https:\/\/labarraca1912.es\/","logo":{"@type":"ImageObject","inLanguage":"en-GB","@id":"https:\/\/labarraca1912.es\/#\/schema\/logo\/image\/","url":"https:\/\/labarraca1912.es\/wp-content\/uploads\/2019\/06\/logo-labarraca.png","contentUrl":"https:\/\/labarraca1912.es\/wp-content\/uploads\/2019\/06\/logo-labarraca.png","width":2917,"height":1809,"caption":"La Barraca 1912 Alimentacion"},"image":{"@id":"https:\/\/labarraca1912.es\/#\/schema\/logo\/image\/"}}]}},"_links":{"self":[{"href":"https:\/\/labarraca1912.es\/en\/wp-json\/wp\/v2\/product\/4610","targetHints":{"allow":["GET"]}}],"collection":[{"href":"https:\/\/labarraca1912.es\/en\/wp-json\/wp\/v2\/product"}],"about":[{"href":"https:\/\/labarraca1912.es\/en\/wp-json\/wp\/v2\/types\/product"}],"replies":[{"embeddable":true,"href":"https:\/\/labarraca1912.es\/en\/wp-json\/wp\/v2\/comments?post=4610"}],"wp:featuredmedia":[{"embeddable":true,"href":"https:\/\/labarraca1912.es\/en\/wp-json\/wp\/v2\/media\/4366"}],"wp:attachment":[{"href":"https:\/\/labarraca1912.es\/en\/wp-json\/wp\/v2\/media?parent=4610"}],"wp:term":[{"taxonomy":"product_brand","embeddable":true,"href":"https:\/\/labarraca1912.es\/en\/wp-json\/wp\/v2\/product_brand?post=4610"},{"taxonomy":"product_cat","embeddable":true,"href":"https:\/\/labarraca1912.es\/en\/wp-json\/wp\/v2\/product_cat?post=4610"},{"taxonomy":"product_tag","embeddable":true,"href":"https:\/\/labarraca1912.es\/en\/wp-json\/wp\/v2\/product_tag?post=4610"}],"curies":[{"name":"wp","href":"https:\/\/api.w.org\/{rel}","templated":true}]}}