{"id":4727,"date":"2020-03-31T10:24:14","date_gmt":"2020-03-31T08:24:14","guid":{"rendered":"https:\/\/labarraca1912.es\/?post_type=product&#038;p=4727"},"modified":"2026-03-09T10:43:10","modified_gmt":"2026-03-09T09:43:10","slug":"te-rojo-20-infusiones","status":"publish","type":"product","link":"https:\/\/labarraca1912.es\/en\/tienda\/infusiones\/te-rojo-20-infusiones\/","title":{"rendered":"Red Tea"},"content":{"rendered":"<p>HERBAL TEAS - RED TEA: Natural flavour and aroma in an exclusive collection of infusions, packaged in a practical format of 10 teabags per box to enjoy sip by sip of the authentic flavour of La Barraca Herbal Teas. A range of infusions like you've never seen.<\/p>\n<p><strong>Red Tea: <\/strong>It is an aged tea with a long fermentation process. It is used to stimulate metabolism, help lose weight, or aid in digestion.<\/p>","protected":false},"excerpt":{"rendered":"<blockquote>\n<h2><strong>Herbal Teas<\/strong>\u00a0Red Tea<\/h2>\n<\/blockquote>\n<p>Natural flavour and aroma in an exclusive collection of infusions, packaged in a practical format of 10 teabags per box to enjoy sip by sip of the authentic flavour of La Barraca Herbal Teas. A range of infusions like you've never seen.<\/p>\n<p>It is an aged tea with a long fermentation process. It is used to stimulate metabolism, help lose weight, or aid in digestion.<\/p>\n<p>Box with 10 teabags of Red Tea.<\/p>\n<p><em><strong>Ingredients:<\/strong> <\/em>Red tea 100%.<\/p>","protected":false},"featured_media":5894,"comment_status":"open","ping_status":"closed","template":"","meta":{"_et_pb_use_builder":"","_et_pb_old_content":"","_et_gb_content_width":""},"product_brand":[],"product_cat":[20],"product_tag":[52,57,168,53,167],"class_list":{"0":"post-4727","1":"product","2":"type-product","3":"status-publish","4":"has-post-thumbnail","6":"product_cat-infusiones","7":"product_tag-infusiones","8":"product_tag-manzanilla","9":"product_tag-rojo","10":"product_tag-te","11":"product_tag-tila","13":"first","14":"instock","15":"taxable","16":"shipping-taxable","17":"purchasable","18":"product-type-simple"},"yoast_head":"<!-- This site is optimized with the Yoast SEO plugin v27.4 - https:\/\/yoast.com\/product\/yoast-seo-wordpress\/ -->\n<title>Comprar T\u00e9 Rojo natural | La Barraca<\/title>\n<meta name=\"description\" content=\"Comprar T\u00e9 Rojo de La Barraca en caja de 10 bolsitas. T\u00e9 a\u00f1ejo fermentado que ayuda a estimular el metabolismo y mejorar la digesti\u00f3n.\" \/>\n<meta name=\"robots\" content=\"index, follow, max-snippet:-1, max-image-preview:large, max-video-preview:-1\" \/>\n<link rel=\"canonical\" href=\"https:\/\/labarraca1912.es\/en\/tienda\/infusiones\/te-rojo-20-infusiones\/\" \/>\n<meta property=\"og:locale\" content=\"en_GB\" \/>\n<meta property=\"og:type\" content=\"article\" \/>\n<meta property=\"og:title\" content=\"Comprar T\u00e9 Rojo natural | La Barraca\" \/>\n<meta property=\"og:description\" content=\"Comprar T\u00e9 Rojo de La Barraca en caja de 10 bolsitas. T\u00e9 a\u00f1ejo fermentado que ayuda a estimular el metabolismo y mejorar la digesti\u00f3n.\" \/>\n<meta property=\"og:url\" content=\"https:\/\/labarraca1912.es\/en\/tienda\/infusiones\/te-rojo-20-infusiones\/\" \/>\n<meta property=\"og:site_name\" content=\"La Barraca\" \/>\n<meta property=\"article:modified_time\" content=\"2026-03-09T09:43:10+00:00\" \/>\n<meta property=\"og:image\" content=\"https:\/\/labarraca1912.es\/wp-content\/uploads\/2020\/03\/terojocajita10.jpg\" \/>\n\t<meta property=\"og:image:width\" content=\"800\" \/>\n\t<meta property=\"og:image:height\" content=\"800\" \/>\n\t<meta property=\"og:image:type\" content=\"image\/jpeg\" \/>\n<meta name=\"twitter:card\" content=\"summary_large_image\" \/>\n<meta name=\"twitter:label1\" content=\"Estimated reading time\" \/>\n\t<meta name=\"twitter:data1\" content=\"1 minute\" \/>\n<script type=\"application\/ld+json\" class=\"yoast-schema-graph\">{\"@context\":\"https:\\\/\\\/schema.org\",\"@graph\":[{\"@type\":\"WebPage\",\"@id\":\"https:\\\/\\\/labarraca1912.es\\\/tienda\\\/infusiones\\\/te-rojo-20-infusiones\\\/\",\"url\":\"https:\\\/\\\/labarraca1912.es\\\/tienda\\\/infusiones\\\/te-rojo-20-infusiones\\\/\",\"name\":\"Comprar T\u00e9 Rojo natural | La Barraca\",\"isPartOf\":{\"@id\":\"https:\\\/\\\/labarraca1912.es\\\/#website\"},\"primaryImageOfPage\":{\"@id\":\"https:\\\/\\\/labarraca1912.es\\\/tienda\\\/infusiones\\\/te-rojo-20-infusiones\\\/#primaryimage\"},\"image\":{\"@id\":\"https:\\\/\\\/labarraca1912.es\\\/tienda\\\/infusiones\\\/te-rojo-20-infusiones\\\/#primaryimage\"},\"thumbnailUrl\":\"https:\\\/\\\/labarraca1912.es\\\/wp-content\\\/uploads\\\/2020\\\/03\\\/terojocajita10.jpg\",\"datePublished\":\"2020-03-31T08:24:14+00:00\",\"dateModified\":\"2026-03-09T09:43:10+00:00\",\"description\":\"Comprar T\u00e9 Rojo de La Barraca en caja de 10 bolsitas. T\u00e9 a\u00f1ejo fermentado que ayuda a estimular el metabolismo y mejorar la digesti\u00f3n.\",\"breadcrumb\":{\"@id\":\"https:\\\/\\\/labarraca1912.es\\\/tienda\\\/infusiones\\\/te-rojo-20-infusiones\\\/#breadcrumb\"},\"inLanguage\":\"en-GB\",\"potentialAction\":[{\"@type\":\"ReadAction\",\"target\":[\"https:\\\/\\\/labarraca1912.es\\\/tienda\\\/infusiones\\\/te-rojo-20-infusiones\\\/\"]}]},{\"@type\":\"ImageObject\",\"inLanguage\":\"en-GB\",\"@id\":\"https:\\\/\\\/labarraca1912.es\\\/tienda\\\/infusiones\\\/te-rojo-20-infusiones\\\/#primaryimage\",\"url\":\"https:\\\/\\\/labarraca1912.es\\\/wp-content\\\/uploads\\\/2020\\\/03\\\/terojocajita10.jpg\",\"contentUrl\":\"https:\\\/\\\/labarraca1912.es\\\/wp-content\\\/uploads\\\/2020\\\/03\\\/terojocajita10.jpg\",\"width\":800,\"height\":800},{\"@type\":\"BreadcrumbList\",\"@id\":\"https:\\\/\\\/labarraca1912.es\\\/tienda\\\/infusiones\\\/te-rojo-20-infusiones\\\/#breadcrumb\",\"itemListElement\":[{\"@type\":\"ListItem\",\"position\":1,\"name\":\"La Barraca\",\"item\":\"https:\\\/\\\/labarraca1912.es\\\/\"},{\"@type\":\"ListItem\",\"position\":2,\"name\":\"Tienda\",\"item\":\"https:\\\/\\\/labarraca1912.es\\\/tienda\\\/\"},{\"@type\":\"ListItem\",\"position\":3,\"name\":\"T\u00e9 Rojo\"}]},{\"@type\":\"WebSite\",\"@id\":\"https:\\\/\\\/labarraca1912.es\\\/#website\",\"url\":\"https:\\\/\\\/labarraca1912.es\\\/\",\"name\":\"La Barraca\",\"description\":\"La Casa del Sabor\",\"publisher\":{\"@id\":\"https:\\\/\\\/labarraca1912.es\\\/#organization\"},\"potentialAction\":[{\"@type\":\"SearchAction\",\"target\":{\"@type\":\"EntryPoint\",\"urlTemplate\":\"https:\\\/\\\/labarraca1912.es\\\/?s={search_term_string}\"},\"query-input\":{\"@type\":\"PropertyValueSpecification\",\"valueRequired\":true,\"valueName\":\"search_term_string\"}}],\"inLanguage\":\"en-GB\"},{\"@type\":\"Organization\",\"@id\":\"https:\\\/\\\/labarraca1912.es\\\/#organization\",\"name\":\"La Barraca 1912 Alimentacion\",\"url\":\"https:\\\/\\\/labarraca1912.es\\\/\",\"logo\":{\"@type\":\"ImageObject\",\"inLanguage\":\"en-GB\",\"@id\":\"https:\\\/\\\/labarraca1912.es\\\/#\\\/schema\\\/logo\\\/image\\\/\",\"url\":\"https:\\\/\\\/labarraca1912.es\\\/wp-content\\\/uploads\\\/2019\\\/06\\\/logo-labarraca.png\",\"contentUrl\":\"https:\\\/\\\/labarraca1912.es\\\/wp-content\\\/uploads\\\/2019\\\/06\\\/logo-labarraca.png\",\"width\":2917,\"height\":1809,\"caption\":\"La Barraca 1912 Alimentacion\"},\"image\":{\"@id\":\"https:\\\/\\\/labarraca1912.es\\\/#\\\/schema\\\/logo\\\/image\\\/\"}}]}<\/script>\n<!-- \/ Yoast SEO plugin. -->","yoast_head_json":{"title":"Comprar T\u00e9 Rojo natural | La Barraca","description":"Comprar T\u00e9 Rojo de La Barraca en caja de 10 bolsitas. T\u00e9 a\u00f1ejo fermentado que ayuda a estimular el metabolismo y mejorar la digesti\u00f3n.","robots":{"index":"index","follow":"follow","max-snippet":"max-snippet:-1","max-image-preview":"max-image-preview:large","max-video-preview":"max-video-preview:-1"},"canonical":"https:\/\/labarraca1912.es\/en\/tienda\/infusiones\/te-rojo-20-infusiones\/","og_locale":"en_GB","og_type":"article","og_title":"Comprar T\u00e9 Rojo natural | La Barraca","og_description":"Comprar T\u00e9 Rojo de La Barraca en caja de 10 bolsitas. T\u00e9 a\u00f1ejo fermentado que ayuda a estimular el metabolismo y mejorar la digesti\u00f3n.","og_url":"https:\/\/labarraca1912.es\/en\/tienda\/infusiones\/te-rojo-20-infusiones\/","og_site_name":"La Barraca","article_modified_time":"2026-03-09T09:43:10+00:00","og_image":[{"width":800,"height":800,"url":"https:\/\/labarraca1912.es\/wp-content\/uploads\/2020\/03\/terojocajita10.jpg","type":"image\/jpeg"}],"twitter_card":"summary_large_image","twitter_misc":{"Estimated reading time":"1 minute"},"schema":{"@context":"https:\/\/schema.org","@graph":[{"@type":"WebPage","@id":"https:\/\/labarraca1912.es\/tienda\/infusiones\/te-rojo-20-infusiones\/","url":"https:\/\/labarraca1912.es\/tienda\/infusiones\/te-rojo-20-infusiones\/","name":"Comprar T\u00e9 Rojo natural | La Barraca","isPartOf":{"@id":"https:\/\/labarraca1912.es\/#website"},"primaryImageOfPage":{"@id":"https:\/\/labarraca1912.es\/tienda\/infusiones\/te-rojo-20-infusiones\/#primaryimage"},"image":{"@id":"https:\/\/labarraca1912.es\/tienda\/infusiones\/te-rojo-20-infusiones\/#primaryimage"},"thumbnailUrl":"https:\/\/labarraca1912.es\/wp-content\/uploads\/2020\/03\/terojocajita10.jpg","datePublished":"2020-03-31T08:24:14+00:00","dateModified":"2026-03-09T09:43:10+00:00","description":"Comprar T\u00e9 Rojo de La Barraca en caja de 10 bolsitas. T\u00e9 a\u00f1ejo fermentado que ayuda a estimular el metabolismo y mejorar la digesti\u00f3n.","breadcrumb":{"@id":"https:\/\/labarraca1912.es\/tienda\/infusiones\/te-rojo-20-infusiones\/#breadcrumb"},"inLanguage":"en-GB","potentialAction":[{"@type":"ReadAction","target":["https:\/\/labarraca1912.es\/tienda\/infusiones\/te-rojo-20-infusiones\/"]}]},{"@type":"ImageObject","inLanguage":"en-GB","@id":"https:\/\/labarraca1912.es\/tienda\/infusiones\/te-rojo-20-infusiones\/#primaryimage","url":"https:\/\/labarraca1912.es\/wp-content\/uploads\/2020\/03\/terojocajita10.jpg","contentUrl":"https:\/\/labarraca1912.es\/wp-content\/uploads\/2020\/03\/terojocajita10.jpg","width":800,"height":800},{"@type":"BreadcrumbList","@id":"https:\/\/labarraca1912.es\/tienda\/infusiones\/te-rojo-20-infusiones\/#breadcrumb","itemListElement":[{"@type":"ListItem","position":1,"name":"La Barraca","item":"https:\/\/labarraca1912.es\/"},{"@type":"ListItem","position":2,"name":"Tienda","item":"https:\/\/labarraca1912.es\/tienda\/"},{"@type":"ListItem","position":3,"name":"T\u00e9 Rojo"}]},{"@type":"WebSite","@id":"https:\/\/labarraca1912.es\/#website","url":"https:\/\/labarraca1912.es\/","name":"La Barraca","description":"La Casa del Sabor","publisher":{"@id":"https:\/\/labarraca1912.es\/#organization"},"potentialAction":[{"@type":"SearchAction","target":{"@type":"EntryPoint","urlTemplate":"https:\/\/labarraca1912.es\/?s={search_term_string}"},"query-input":{"@type":"PropertyValueSpecification","valueRequired":true,"valueName":"search_term_string"}}],"inLanguage":"en-GB"},{"@type":"Organization","@id":"https:\/\/labarraca1912.es\/#organization","name":"La Barraca 1912 Alimentacion","url":"https:\/\/labarraca1912.es\/","logo":{"@type":"ImageObject","inLanguage":"en-GB","@id":"https:\/\/labarraca1912.es\/#\/schema\/logo\/image\/","url":"https:\/\/labarraca1912.es\/wp-content\/uploads\/2019\/06\/logo-labarraca.png","contentUrl":"https:\/\/labarraca1912.es\/wp-content\/uploads\/2019\/06\/logo-labarraca.png","width":2917,"height":1809,"caption":"La Barraca 1912 Alimentacion"},"image":{"@id":"https:\/\/labarraca1912.es\/#\/schema\/logo\/image\/"}}]}},"_links":{"self":[{"href":"https:\/\/labarraca1912.es\/en\/wp-json\/wp\/v2\/product\/4727","targetHints":{"allow":["GET"]}}],"collection":[{"href":"https:\/\/labarraca1912.es\/en\/wp-json\/wp\/v2\/product"}],"about":[{"href":"https:\/\/labarraca1912.es\/en\/wp-json\/wp\/v2\/types\/product"}],"replies":[{"embeddable":true,"href":"https:\/\/labarraca1912.es\/en\/wp-json\/wp\/v2\/comments?post=4727"}],"wp:featuredmedia":[{"embeddable":true,"href":"https:\/\/labarraca1912.es\/en\/wp-json\/wp\/v2\/media\/5894"}],"wp:attachment":[{"href":"https:\/\/labarraca1912.es\/en\/wp-json\/wp\/v2\/media?parent=4727"}],"wp:term":[{"taxonomy":"product_brand","embeddable":true,"href":"https:\/\/labarraca1912.es\/en\/wp-json\/wp\/v2\/product_brand?post=4727"},{"taxonomy":"product_cat","embeddable":true,"href":"https:\/\/labarraca1912.es\/en\/wp-json\/wp\/v2\/product_cat?post=4727"},{"taxonomy":"product_tag","embeddable":true,"href":"https:\/\/labarraca1912.es\/en\/wp-json\/wp\/v2\/product_tag?post=4727"}],"curies":[{"name":"wp","href":"https:\/\/api.w.org\/{rel}","templated":true}]}}