{"id":4856,"date":"2020-04-16T10:08:17","date_gmt":"2020-04-16T08:08:17","guid":{"rendered":"https:\/\/labarraca1912.es\/?post_type=product&#038;p=4856"},"modified":"2026-03-09T10:38:21","modified_gmt":"2026-03-09T09:38:21","slug":"fideos-con-cacao","status":"publish","type":"product","link":"https:\/\/labarraca1912.es\/en\/tienda\/pasteleria\/fideos-con-cacao\/","title":{"rendered":"Cocoa Strands"},"content":{"rendered":"<p>COCOA STRANDS: Confectionery product based on sugar. Ideal for decoration in confectionery, patisserie and ice cream parlor.<\/p>\n<p><strong>Cocoa Strands:<\/strong> It is applied directly on the dessert to decorate, giving it a touch of color and improving its presentation.<\/p>","protected":false},"excerpt":{"rendered":"<blockquote>\n<h2><strong>Cocoa Strands<\/strong><\/h2>\n<\/blockquote>\n<p><img decoding=\"async\" class=\"alignnone wp-image-10937\" src=\"https:\/\/labarraca1912.es\/wp-content\/uploads\/glutenfree.jpg\" alt=\"\" width=\"203\" height=\"35\" \/><\/p>\n<p>Confectionery product based on sugar. Ideal for decoration in confectionery, patisserie and ice cream parlor. It is applied directly on the dessert to decorate, giving it a touch of color and improving its presentation.<\/p>\n<p><strong><em>Ingredients:<\/em> <\/strong>Sugar, natural defatted cocoa powder (6.5%), water, high oleic sunflower oil, potato starch and rice flour.<\/p>\n<p><strong><em>Nutritional information. Average values per 100g of product: <\/em><\/strong>Energy: 1756 kJ\/414 kcal. Fats: 4g. Of which saturates: 0,31g. Carbohydrate: 95g. Of which sugars: 87g. Proteins: &lt;0,5g. Salt: 0,011g.<\/p>","protected":false},"featured_media":11945,"comment_status":"open","ping_status":"closed","template":"","meta":{"_et_pb_use_builder":"","_et_pb_old_content":"","_et_gb_content_width":""},"product_brand":[],"product_cat":[21],"product_tag":[172,175,180,179,46,171],"class_list":{"0":"post-4856","1":"product","2":"type-product","3":"status-publish","4":"has-post-thumbnail","6":"product_cat-pasteleria","7":"product_tag-azucar","8":"product_tag-bizcocho","9":"product_tag-chocolate","10":"product_tag-fideos","11":"product_tag-pasteleria","12":"product_tag-reposteria","14":"first","15":"instock","16":"taxable","17":"shipping-taxable","18":"purchasable","19":"product-type-variable"},"yoast_head":"<!-- This site is optimized with the Yoast SEO plugin v27.4 - https:\/\/yoast.com\/product\/yoast-seo-wordpress\/ -->\n<title>Fideos con Cacao - La Barraca<\/title>\n<meta name=\"robots\" content=\"index, follow, max-snippet:-1, max-image-preview:large, max-video-preview:-1\" \/>\n<link rel=\"canonical\" href=\"https:\/\/labarraca1912.es\/en\/tienda\/pasteleria\/fideos-con-cacao\/\" \/>\n<meta property=\"og:locale\" content=\"en_GB\" \/>\n<meta property=\"og:type\" content=\"article\" \/>\n<meta property=\"og:title\" content=\"Fideos con Cacao - La Barraca\" \/>\n<meta property=\"og:description\" content=\"Fideos con Cacao    Producto de confiter\u00eda a base de az\u00facar. Ideal para la decoraci\u00f3n en reposter\u00eda, pasteler\u00eda y helader\u00eda. Se aplica directamente\u00a0 sobre el postre a decorar, d\u00e1ndole un toque de color y mejorando su presentaci\u00f3n.  Ingredientes: Az\u00facar, cacao natural desgrasado en polvo (6,5%), agua, aceite de girasol alto oleico, almid\u00f3n de patata y harina de arroz.  Informaci\u00f3n Nutricional. An\u00e1lisis medio por 100g de producto: Valor Energ\u00e9tico: 1756 kJ\/414 kcal. Grasas: 4g. De las cuales saturadas: 0,31g. Hidratos de Carbono: 95g. De los cuales az\u00facares: 87g. Prote\u00ednas: &lt;0,5g. Sal: 0,011g.\" \/>\n<meta property=\"og:url\" content=\"https:\/\/labarraca1912.es\/en\/tienda\/pasteleria\/fideos-con-cacao\/\" \/>\n<meta property=\"og:site_name\" content=\"La Barraca\" \/>\n<meta property=\"article:modified_time\" content=\"2026-03-09T09:38:21+00:00\" \/>\n<meta property=\"og:image\" content=\"https:\/\/labarraca1912.es\/wp-content\/uploads\/fideoscacaocristal20252.jpg\" \/>\n\t<meta property=\"og:image:width\" content=\"800\" \/>\n\t<meta property=\"og:image:height\" content=\"800\" \/>\n\t<meta property=\"og:image:type\" content=\"image\/jpeg\" \/>\n<meta name=\"twitter:card\" content=\"summary_large_image\" \/>\n<meta name=\"twitter:label1\" content=\"Estimated reading time\" \/>\n\t<meta name=\"twitter:data1\" content=\"1 minute\" \/>\n<script type=\"application\/ld+json\" class=\"yoast-schema-graph\">{\"@context\":\"https:\\\/\\\/schema.org\",\"@graph\":[{\"@type\":\"WebPage\",\"@id\":\"https:\\\/\\\/labarraca1912.es\\\/tienda\\\/pasteleria\\\/fideos-con-cacao\\\/\",\"url\":\"https:\\\/\\\/labarraca1912.es\\\/tienda\\\/pasteleria\\\/fideos-con-cacao\\\/\",\"name\":\"Fideos con Cacao - La Barraca\",\"isPartOf\":{\"@id\":\"https:\\\/\\\/labarraca1912.es\\\/#website\"},\"primaryImageOfPage\":{\"@id\":\"https:\\\/\\\/labarraca1912.es\\\/tienda\\\/pasteleria\\\/fideos-con-cacao\\\/#primaryimage\"},\"image\":{\"@id\":\"https:\\\/\\\/labarraca1912.es\\\/tienda\\\/pasteleria\\\/fideos-con-cacao\\\/#primaryimage\"},\"thumbnailUrl\":\"https:\\\/\\\/labarraca1912.es\\\/wp-content\\\/uploads\\\/fideoscacaocristal20252.jpg\",\"datePublished\":\"2020-04-16T08:08:17+00:00\",\"dateModified\":\"2026-03-09T09:38:21+00:00\",\"breadcrumb\":{\"@id\":\"https:\\\/\\\/labarraca1912.es\\\/tienda\\\/pasteleria\\\/fideos-con-cacao\\\/#breadcrumb\"},\"inLanguage\":\"en-GB\",\"potentialAction\":[{\"@type\":\"ReadAction\",\"target\":[\"https:\\\/\\\/labarraca1912.es\\\/tienda\\\/pasteleria\\\/fideos-con-cacao\\\/\"]}]},{\"@type\":\"ImageObject\",\"inLanguage\":\"en-GB\",\"@id\":\"https:\\\/\\\/labarraca1912.es\\\/tienda\\\/pasteleria\\\/fideos-con-cacao\\\/#primaryimage\",\"url\":\"https:\\\/\\\/labarraca1912.es\\\/wp-content\\\/uploads\\\/fideoscacaocristal20252.jpg\",\"contentUrl\":\"https:\\\/\\\/labarraca1912.es\\\/wp-content\\\/uploads\\\/fideoscacaocristal20252.jpg\",\"width\":800,\"height\":800},{\"@type\":\"BreadcrumbList\",\"@id\":\"https:\\\/\\\/labarraca1912.es\\\/tienda\\\/pasteleria\\\/fideos-con-cacao\\\/#breadcrumb\",\"itemListElement\":[{\"@type\":\"ListItem\",\"position\":1,\"name\":\"La Barraca\",\"item\":\"https:\\\/\\\/labarraca1912.es\\\/\"},{\"@type\":\"ListItem\",\"position\":2,\"name\":\"Tienda\",\"item\":\"https:\\\/\\\/labarraca1912.es\\\/tienda\\\/\"},{\"@type\":\"ListItem\",\"position\":3,\"name\":\"Fideos con Cacao\"}]},{\"@type\":\"WebSite\",\"@id\":\"https:\\\/\\\/labarraca1912.es\\\/#website\",\"url\":\"https:\\\/\\\/labarraca1912.es\\\/\",\"name\":\"La Barraca\",\"description\":\"La Casa del Sabor\",\"publisher\":{\"@id\":\"https:\\\/\\\/labarraca1912.es\\\/#organization\"},\"potentialAction\":[{\"@type\":\"SearchAction\",\"target\":{\"@type\":\"EntryPoint\",\"urlTemplate\":\"https:\\\/\\\/labarraca1912.es\\\/?s={search_term_string}\"},\"query-input\":{\"@type\":\"PropertyValueSpecification\",\"valueRequired\":true,\"valueName\":\"search_term_string\"}}],\"inLanguage\":\"en-GB\"},{\"@type\":\"Organization\",\"@id\":\"https:\\\/\\\/labarraca1912.es\\\/#organization\",\"name\":\"La Barraca 1912 Alimentacion\",\"url\":\"https:\\\/\\\/labarraca1912.es\\\/\",\"logo\":{\"@type\":\"ImageObject\",\"inLanguage\":\"en-GB\",\"@id\":\"https:\\\/\\\/labarraca1912.es\\\/#\\\/schema\\\/logo\\\/image\\\/\",\"url\":\"https:\\\/\\\/labarraca1912.es\\\/wp-content\\\/uploads\\\/2019\\\/06\\\/logo-labarraca.png\",\"contentUrl\":\"https:\\\/\\\/labarraca1912.es\\\/wp-content\\\/uploads\\\/2019\\\/06\\\/logo-labarraca.png\",\"width\":2917,\"height\":1809,\"caption\":\"La Barraca 1912 Alimentacion\"},\"image\":{\"@id\":\"https:\\\/\\\/labarraca1912.es\\\/#\\\/schema\\\/logo\\\/image\\\/\"}}]}<\/script>\n<!-- \/ Yoast SEO plugin. -->","yoast_head_json":{"title":"Fideos con Cacao - La Barraca","robots":{"index":"index","follow":"follow","max-snippet":"max-snippet:-1","max-image-preview":"max-image-preview:large","max-video-preview":"max-video-preview:-1"},"canonical":"https:\/\/labarraca1912.es\/en\/tienda\/pasteleria\/fideos-con-cacao\/","og_locale":"en_GB","og_type":"article","og_title":"Fideos con Cacao - La Barraca","og_description":"Fideos con Cacao    Producto de confiter\u00eda a base de az\u00facar. Ideal para la decoraci\u00f3n en reposter\u00eda, pasteler\u00eda y helader\u00eda. Se aplica directamente\u00a0 sobre el postre a decorar, d\u00e1ndole un toque de color y mejorando su presentaci\u00f3n.  Ingredientes: Az\u00facar, cacao natural desgrasado en polvo (6,5%), agua, aceite de girasol alto oleico, almid\u00f3n de patata y harina de arroz.  Informaci\u00f3n Nutricional. An\u00e1lisis medio por 100g de producto: Valor Energ\u00e9tico: 1756 kJ\/414 kcal. Grasas: 4g. De las cuales saturadas: 0,31g. Hidratos de Carbono: 95g. De los cuales az\u00facares: 87g. Prote\u00ednas: &lt;0,5g. Sal: 0,011g.","og_url":"https:\/\/labarraca1912.es\/en\/tienda\/pasteleria\/fideos-con-cacao\/","og_site_name":"La Barraca","article_modified_time":"2026-03-09T09:38:21+00:00","og_image":[{"width":800,"height":800,"url":"https:\/\/labarraca1912.es\/wp-content\/uploads\/fideoscacaocristal20252.jpg","type":"image\/jpeg"}],"twitter_card":"summary_large_image","twitter_misc":{"Estimated reading time":"1 minute"},"schema":{"@context":"https:\/\/schema.org","@graph":[{"@type":"WebPage","@id":"https:\/\/labarraca1912.es\/tienda\/pasteleria\/fideos-con-cacao\/","url":"https:\/\/labarraca1912.es\/tienda\/pasteleria\/fideos-con-cacao\/","name":"Fideos con Cacao - La Barraca","isPartOf":{"@id":"https:\/\/labarraca1912.es\/#website"},"primaryImageOfPage":{"@id":"https:\/\/labarraca1912.es\/tienda\/pasteleria\/fideos-con-cacao\/#primaryimage"},"image":{"@id":"https:\/\/labarraca1912.es\/tienda\/pasteleria\/fideos-con-cacao\/#primaryimage"},"thumbnailUrl":"https:\/\/labarraca1912.es\/wp-content\/uploads\/fideoscacaocristal20252.jpg","datePublished":"2020-04-16T08:08:17+00:00","dateModified":"2026-03-09T09:38:21+00:00","breadcrumb":{"@id":"https:\/\/labarraca1912.es\/tienda\/pasteleria\/fideos-con-cacao\/#breadcrumb"},"inLanguage":"en-GB","potentialAction":[{"@type":"ReadAction","target":["https:\/\/labarraca1912.es\/tienda\/pasteleria\/fideos-con-cacao\/"]}]},{"@type":"ImageObject","inLanguage":"en-GB","@id":"https:\/\/labarraca1912.es\/tienda\/pasteleria\/fideos-con-cacao\/#primaryimage","url":"https:\/\/labarraca1912.es\/wp-content\/uploads\/fideoscacaocristal20252.jpg","contentUrl":"https:\/\/labarraca1912.es\/wp-content\/uploads\/fideoscacaocristal20252.jpg","width":800,"height":800},{"@type":"BreadcrumbList","@id":"https:\/\/labarraca1912.es\/tienda\/pasteleria\/fideos-con-cacao\/#breadcrumb","itemListElement":[{"@type":"ListItem","position":1,"name":"La Barraca","item":"https:\/\/labarraca1912.es\/"},{"@type":"ListItem","position":2,"name":"Tienda","item":"https:\/\/labarraca1912.es\/tienda\/"},{"@type":"ListItem","position":3,"name":"Fideos con Cacao"}]},{"@type":"WebSite","@id":"https:\/\/labarraca1912.es\/#website","url":"https:\/\/labarraca1912.es\/","name":"La Barraca","description":"La Casa del Sabor","publisher":{"@id":"https:\/\/labarraca1912.es\/#organization"},"potentialAction":[{"@type":"SearchAction","target":{"@type":"EntryPoint","urlTemplate":"https:\/\/labarraca1912.es\/?s={search_term_string}"},"query-input":{"@type":"PropertyValueSpecification","valueRequired":true,"valueName":"search_term_string"}}],"inLanguage":"en-GB"},{"@type":"Organization","@id":"https:\/\/labarraca1912.es\/#organization","name":"La Barraca 1912 Alimentacion","url":"https:\/\/labarraca1912.es\/","logo":{"@type":"ImageObject","inLanguage":"en-GB","@id":"https:\/\/labarraca1912.es\/#\/schema\/logo\/image\/","url":"https:\/\/labarraca1912.es\/wp-content\/uploads\/2019\/06\/logo-labarraca.png","contentUrl":"https:\/\/labarraca1912.es\/wp-content\/uploads\/2019\/06\/logo-labarraca.png","width":2917,"height":1809,"caption":"La Barraca 1912 Alimentacion"},"image":{"@id":"https:\/\/labarraca1912.es\/#\/schema\/logo\/image\/"}}]}},"_links":{"self":[{"href":"https:\/\/labarraca1912.es\/en\/wp-json\/wp\/v2\/product\/4856","targetHints":{"allow":["GET"]}}],"collection":[{"href":"https:\/\/labarraca1912.es\/en\/wp-json\/wp\/v2\/product"}],"about":[{"href":"https:\/\/labarraca1912.es\/en\/wp-json\/wp\/v2\/types\/product"}],"replies":[{"embeddable":true,"href":"https:\/\/labarraca1912.es\/en\/wp-json\/wp\/v2\/comments?post=4856"}],"wp:featuredmedia":[{"embeddable":true,"href":"https:\/\/labarraca1912.es\/en\/wp-json\/wp\/v2\/media\/11945"}],"wp:attachment":[{"href":"https:\/\/labarraca1912.es\/en\/wp-json\/wp\/v2\/media?parent=4856"}],"wp:term":[{"taxonomy":"product_brand","embeddable":true,"href":"https:\/\/labarraca1912.es\/en\/wp-json\/wp\/v2\/product_brand?post=4856"},{"taxonomy":"product_cat","embeddable":true,"href":"https:\/\/labarraca1912.es\/en\/wp-json\/wp\/v2\/product_cat?post=4856"},{"taxonomy":"product_tag","embeddable":true,"href":"https:\/\/labarraca1912.es\/en\/wp-json\/wp\/v2\/product_tag?post=4856"}],"curies":[{"name":"wp","href":"https:\/\/api.w.org\/{rel}","templated":true}]}}