{"id":5975,"date":"2020-11-19T10:51:01","date_gmt":"2020-11-19T09:51:01","guid":{"rendered":"https:\/\/labarraca1912.es\/?post_type=product&#038;p=5975"},"modified":"2026-03-09T09:47:00","modified_gmt":"2026-03-09T08:47:00","slug":"pack-6-piramites","status":"publish","type":"product","link":"https:\/\/labarraca1912.es\/en\/tienda\/infusiones\/pack-6-piramites\/","title":{"rendered":"Pack 6 PiramiT\u00e9s"},"content":{"rendered":"<p>PIRAMIT\u00c9S - PACK 6 ASSORTMENT: Natural flavour and aroma in an exclusive collection of infusions, packaged in pyramidal sachets so you can enjoy a sip of the authentic flavour of La Barraca infusions. A range of infusions like you've never seen.<\/p>\n<p><strong>PiramiT\u00e9 Pakistani Black Tea:<\/strong> Pakistani Black Tea is a delicious mixture with different spices such as cinnamon or cloves, which makes you transport to Pakistan.<\/p>\n<p><strong>PiramiT\u00e9 Moorish Green Tea:<\/strong> Moorish Green Tea is the most popular infusion in Arab countries. This tea combined with peppermint leaves make this infusion one of the most consumed.<\/p>\n<p><strong>PiramiT\u00e9 Black Tea with Cinnamon:<\/strong> Black Tea with Cinnamon are a powerful combination of flavours. An infusion of powerful and sweet flavour.<\/p>\n<p><strong>PiramiT\u00e9 Forest Fruits:<\/strong> The Forest Fruits are a mixture of aromatic fruits and berries, combined until this balanced infusion is achieved.<\/p>\n<p><strong>PiramiT\u00e9 Green Tea, Ginger and Lemon:<\/strong> This combination of green tea, ginger and lemon makes this infusion help you improve your digestion.<\/p>\n<p><strong>PiramiT\u00e9 Red Tea with Fruits:<\/strong> Made with a mixture of different teas with fruits such as strawberry, kiwi or pineapple, which combined make this infusion have a special flavour and aroma.<\/p>","protected":false},"excerpt":{"rendered":"<blockquote>\n<h2><strong>Pack 6 PiramiT\u00e9s<\/strong><\/h2>\n<\/blockquote>\n<p>Natural flavour and aroma in an exclusive collection of infusions, packaged in pyramidal sachets so you can enjoy a sip of the authentic flavour of La Barraca infusions. A range of infusions like you've never seen.<\/p>\n<p><em><strong>THIS PACK CONTAINS:<\/strong><\/em><\/p>\n<ul>\n<li><strong>PiramiT\u00e9 Pakistani Black Tea 20g <\/strong>\n<ul>\n<li><em><strong>Ingredients:<\/strong><\/em> Black tea (82%), cardamom, cinnamon, vanilla aroma, orange zest, ginger, pepper and cloves aroma.<\/li>\n<\/ul>\n<\/li>\n<li><strong>PiramiT\u00e9 Moorish Green Tea 20g <\/strong>\n<ul>\n<li><em><strong>Ingredients:<\/strong><\/em> Green tea gunpowder (90%), mint (10%) and aroma.<\/li>\n<\/ul>\n<\/li>\n<li><strong>PiramiT\u00e9 Black Tea with Cinnamon 22,5g<\/strong>\n<ul>\n<li><em><strong>Ingredients:<\/strong><\/em> Black tea (90%), cinnamon (8,5%) and aroma.<\/li>\n<\/ul>\n<\/li>\n<li><strong>PiramiT\u00e9 Forest Fruits 20g<\/strong>\n<ul>\n<li><em><strong>Ingredients:<\/strong><\/em> Hibiscus (30%), apple pieces, elderberries, rose hips, blueberry, raspberry, blackberries, strawberries and aroma.<\/li>\n<\/ul>\n<\/li>\n<li><strong>PiramiT\u00e9 Green Tea, Ginger and Lemon 20g<\/strong>\n<ul>\n<li><em><strong>Ingredients:<\/strong><\/em> Sencha green tea (87%), ginger pieces (7%), lemon zest (6%) and aroma.<\/li>\n<\/ul>\n<\/li>\n<li><strong>PiramiT\u00e9 Red Tea with Fruits 20g<\/strong>\n<ul>\n<li><em><strong>Ingredients:<\/strong> <\/em>Red tea (80%), green tea, kiwi, strawberry, hibiscus, pineapple, rose hip and aroma.<\/li>\n<\/ul>\n<\/li>\n<\/ul>","protected":false},"featured_media":5977,"comment_status":"open","ping_status":"closed","template":"","meta":{"_et_pb_use_builder":"","_et_pb_old_content":"","_et_gb_content_width":""},"product_brand":[],"product_cat":[215,20],"product_tag":[58,220,59,222,219,221,218,55],"class_list":{"0":"post-5975","1":"product","2":"type-product","3":"status-publish","4":"has-post-thumbnail","6":"product_cat-packs-regalo","7":"product_cat-infusiones","8":"product_tag-canela","9":"product_tag-frutas","10":"product_tag-jengibre","11":"product_tag-moruno","12":"product_tag-pakistan","13":"product_tag-tenegro","14":"product_tag-terojo","15":"product_tag-teverde","17":"first","18":"instock","19":"taxable","20":"shipping-taxable","21":"purchasable","22":"product-type-simple"},"yoast_head":"<!-- This site is optimized with the Yoast SEO plugin v27.4 - https:\/\/yoast.com\/product\/yoast-seo-wordpress\/ -->\n<title>Comprar Pack 6 PiramiT\u00e9s | La Barraca<\/title>\n<meta name=\"description\" content=\"Comprar Pack 6 de PiramiT\u00e9s de La Barraca. Disfruta sorbo a sorbo de sabores naturales como t\u00e9 negro, verde, frutas y especias en una selecci\u00f3n exclusiva.\" \/>\n<meta name=\"robots\" content=\"index, follow, max-snippet:-1, max-image-preview:large, max-video-preview:-1\" \/>\n<link rel=\"canonical\" href=\"https:\/\/labarraca1912.es\/en\/tienda\/infusiones\/pack-6-piramites\/\" \/>\n<meta property=\"og:locale\" content=\"en_GB\" \/>\n<meta property=\"og:type\" content=\"article\" \/>\n<meta property=\"og:title\" content=\"Comprar Pack 6 PiramiT\u00e9s | La Barraca\" \/>\n<meta property=\"og:description\" content=\"Comprar Pack 6 de PiramiT\u00e9s de La Barraca. Disfruta sorbo a sorbo de sabores naturales como t\u00e9 negro, verde, frutas y especias en una selecci\u00f3n exclusiva.\" \/>\n<meta property=\"og:url\" content=\"https:\/\/labarraca1912.es\/en\/tienda\/infusiones\/pack-6-piramites\/\" \/>\n<meta property=\"og:site_name\" content=\"La Barraca\" \/>\n<meta property=\"article:modified_time\" content=\"2026-03-09T08:47:00+00:00\" \/>\n<meta property=\"og:image\" content=\"https:\/\/labarraca1912.es\/wp-content\/uploads\/2020\/11\/pack6piramite.jpg\" \/>\n\t<meta property=\"og:image:width\" content=\"800\" \/>\n\t<meta property=\"og:image:height\" content=\"800\" \/>\n\t<meta property=\"og:image:type\" content=\"image\/jpeg\" \/>\n<meta name=\"twitter:card\" content=\"summary_large_image\" \/>\n<meta name=\"twitter:label1\" content=\"Estimated reading time\" \/>\n\t<meta name=\"twitter:data1\" content=\"2 minutes\" \/>\n<script type=\"application\/ld+json\" class=\"yoast-schema-graph\">{\"@context\":\"https:\\\/\\\/schema.org\",\"@graph\":[{\"@type\":\"WebPage\",\"@id\":\"https:\\\/\\\/labarraca1912.es\\\/tienda\\\/infusiones\\\/pack-6-piramites\\\/\",\"url\":\"https:\\\/\\\/labarraca1912.es\\\/tienda\\\/infusiones\\\/pack-6-piramites\\\/\",\"name\":\"Comprar Pack 6 PiramiT\u00e9s | La Barraca\",\"isPartOf\":{\"@id\":\"https:\\\/\\\/labarraca1912.es\\\/#website\"},\"primaryImageOfPage\":{\"@id\":\"https:\\\/\\\/labarraca1912.es\\\/tienda\\\/infusiones\\\/pack-6-piramites\\\/#primaryimage\"},\"image\":{\"@id\":\"https:\\\/\\\/labarraca1912.es\\\/tienda\\\/infusiones\\\/pack-6-piramites\\\/#primaryimage\"},\"thumbnailUrl\":\"https:\\\/\\\/labarraca1912.es\\\/wp-content\\\/uploads\\\/2020\\\/11\\\/pack6piramite.jpg\",\"datePublished\":\"2020-11-19T09:51:01+00:00\",\"dateModified\":\"2026-03-09T08:47:00+00:00\",\"description\":\"Comprar Pack 6 de PiramiT\u00e9s de La Barraca. Disfruta sorbo a sorbo de sabores naturales como t\u00e9 negro, verde, frutas y especias en una selecci\u00f3n exclusiva.\",\"breadcrumb\":{\"@id\":\"https:\\\/\\\/labarraca1912.es\\\/tienda\\\/infusiones\\\/pack-6-piramites\\\/#breadcrumb\"},\"inLanguage\":\"en-GB\",\"potentialAction\":[{\"@type\":\"ReadAction\",\"target\":[\"https:\\\/\\\/labarraca1912.es\\\/tienda\\\/infusiones\\\/pack-6-piramites\\\/\"]}]},{\"@type\":\"ImageObject\",\"inLanguage\":\"en-GB\",\"@id\":\"https:\\\/\\\/labarraca1912.es\\\/tienda\\\/infusiones\\\/pack-6-piramites\\\/#primaryimage\",\"url\":\"https:\\\/\\\/labarraca1912.es\\\/wp-content\\\/uploads\\\/2020\\\/11\\\/pack6piramite.jpg\",\"contentUrl\":\"https:\\\/\\\/labarraca1912.es\\\/wp-content\\\/uploads\\\/2020\\\/11\\\/pack6piramite.jpg\",\"width\":800,\"height\":800},{\"@type\":\"BreadcrumbList\",\"@id\":\"https:\\\/\\\/labarraca1912.es\\\/tienda\\\/infusiones\\\/pack-6-piramites\\\/#breadcrumb\",\"itemListElement\":[{\"@type\":\"ListItem\",\"position\":1,\"name\":\"La Barraca\",\"item\":\"https:\\\/\\\/labarraca1912.es\\\/\"},{\"@type\":\"ListItem\",\"position\":2,\"name\":\"Tienda\",\"item\":\"https:\\\/\\\/labarraca1912.es\\\/tienda\\\/\"},{\"@type\":\"ListItem\",\"position\":3,\"name\":\"Pack 6 PiramiT\u00e9s\"}]},{\"@type\":\"WebSite\",\"@id\":\"https:\\\/\\\/labarraca1912.es\\\/#website\",\"url\":\"https:\\\/\\\/labarraca1912.es\\\/\",\"name\":\"La Barraca\",\"description\":\"La Casa del Sabor\",\"publisher\":{\"@id\":\"https:\\\/\\\/labarraca1912.es\\\/#organization\"},\"potentialAction\":[{\"@type\":\"SearchAction\",\"target\":{\"@type\":\"EntryPoint\",\"urlTemplate\":\"https:\\\/\\\/labarraca1912.es\\\/?s={search_term_string}\"},\"query-input\":{\"@type\":\"PropertyValueSpecification\",\"valueRequired\":true,\"valueName\":\"search_term_string\"}}],\"inLanguage\":\"en-GB\"},{\"@type\":\"Organization\",\"@id\":\"https:\\\/\\\/labarraca1912.es\\\/#organization\",\"name\":\"La Barraca 1912 Alimentacion\",\"url\":\"https:\\\/\\\/labarraca1912.es\\\/\",\"logo\":{\"@type\":\"ImageObject\",\"inLanguage\":\"en-GB\",\"@id\":\"https:\\\/\\\/labarraca1912.es\\\/#\\\/schema\\\/logo\\\/image\\\/\",\"url\":\"https:\\\/\\\/labarraca1912.es\\\/wp-content\\\/uploads\\\/2019\\\/06\\\/logo-labarraca.png\",\"contentUrl\":\"https:\\\/\\\/labarraca1912.es\\\/wp-content\\\/uploads\\\/2019\\\/06\\\/logo-labarraca.png\",\"width\":2917,\"height\":1809,\"caption\":\"La Barraca 1912 Alimentacion\"},\"image\":{\"@id\":\"https:\\\/\\\/labarraca1912.es\\\/#\\\/schema\\\/logo\\\/image\\\/\"}}]}<\/script>\n<!-- \/ Yoast SEO plugin. -->","yoast_head_json":{"title":"Comprar Pack 6 PiramiT\u00e9s | La Barraca","description":"Comprar Pack 6 de PiramiT\u00e9s de La Barraca. Disfruta sorbo a sorbo de sabores naturales como t\u00e9 negro, verde, frutas y especias en una selecci\u00f3n exclusiva.","robots":{"index":"index","follow":"follow","max-snippet":"max-snippet:-1","max-image-preview":"max-image-preview:large","max-video-preview":"max-video-preview:-1"},"canonical":"https:\/\/labarraca1912.es\/en\/tienda\/infusiones\/pack-6-piramites\/","og_locale":"en_GB","og_type":"article","og_title":"Comprar Pack 6 PiramiT\u00e9s | La Barraca","og_description":"Comprar Pack 6 de PiramiT\u00e9s de La Barraca. Disfruta sorbo a sorbo de sabores naturales como t\u00e9 negro, verde, frutas y especias en una selecci\u00f3n exclusiva.","og_url":"https:\/\/labarraca1912.es\/en\/tienda\/infusiones\/pack-6-piramites\/","og_site_name":"La Barraca","article_modified_time":"2026-03-09T08:47:00+00:00","og_image":[{"width":800,"height":800,"url":"https:\/\/labarraca1912.es\/wp-content\/uploads\/2020\/11\/pack6piramite.jpg","type":"image\/jpeg"}],"twitter_card":"summary_large_image","twitter_misc":{"Estimated reading time":"2 minutes"},"schema":{"@context":"https:\/\/schema.org","@graph":[{"@type":"WebPage","@id":"https:\/\/labarraca1912.es\/tienda\/infusiones\/pack-6-piramites\/","url":"https:\/\/labarraca1912.es\/tienda\/infusiones\/pack-6-piramites\/","name":"Comprar Pack 6 PiramiT\u00e9s | La Barraca","isPartOf":{"@id":"https:\/\/labarraca1912.es\/#website"},"primaryImageOfPage":{"@id":"https:\/\/labarraca1912.es\/tienda\/infusiones\/pack-6-piramites\/#primaryimage"},"image":{"@id":"https:\/\/labarraca1912.es\/tienda\/infusiones\/pack-6-piramites\/#primaryimage"},"thumbnailUrl":"https:\/\/labarraca1912.es\/wp-content\/uploads\/2020\/11\/pack6piramite.jpg","datePublished":"2020-11-19T09:51:01+00:00","dateModified":"2026-03-09T08:47:00+00:00","description":"Comprar Pack 6 de PiramiT\u00e9s de La Barraca. Disfruta sorbo a sorbo de sabores naturales como t\u00e9 negro, verde, frutas y especias en una selecci\u00f3n exclusiva.","breadcrumb":{"@id":"https:\/\/labarraca1912.es\/tienda\/infusiones\/pack-6-piramites\/#breadcrumb"},"inLanguage":"en-GB","potentialAction":[{"@type":"ReadAction","target":["https:\/\/labarraca1912.es\/tienda\/infusiones\/pack-6-piramites\/"]}]},{"@type":"ImageObject","inLanguage":"en-GB","@id":"https:\/\/labarraca1912.es\/tienda\/infusiones\/pack-6-piramites\/#primaryimage","url":"https:\/\/labarraca1912.es\/wp-content\/uploads\/2020\/11\/pack6piramite.jpg","contentUrl":"https:\/\/labarraca1912.es\/wp-content\/uploads\/2020\/11\/pack6piramite.jpg","width":800,"height":800},{"@type":"BreadcrumbList","@id":"https:\/\/labarraca1912.es\/tienda\/infusiones\/pack-6-piramites\/#breadcrumb","itemListElement":[{"@type":"ListItem","position":1,"name":"La Barraca","item":"https:\/\/labarraca1912.es\/"},{"@type":"ListItem","position":2,"name":"Tienda","item":"https:\/\/labarraca1912.es\/tienda\/"},{"@type":"ListItem","position":3,"name":"Pack 6 PiramiT\u00e9s"}]},{"@type":"WebSite","@id":"https:\/\/labarraca1912.es\/#website","url":"https:\/\/labarraca1912.es\/","name":"La Barraca","description":"La Casa del Sabor","publisher":{"@id":"https:\/\/labarraca1912.es\/#organization"},"potentialAction":[{"@type":"SearchAction","target":{"@type":"EntryPoint","urlTemplate":"https:\/\/labarraca1912.es\/?s={search_term_string}"},"query-input":{"@type":"PropertyValueSpecification","valueRequired":true,"valueName":"search_term_string"}}],"inLanguage":"en-GB"},{"@type":"Organization","@id":"https:\/\/labarraca1912.es\/#organization","name":"La Barraca 1912 Alimentacion","url":"https:\/\/labarraca1912.es\/","logo":{"@type":"ImageObject","inLanguage":"en-GB","@id":"https:\/\/labarraca1912.es\/#\/schema\/logo\/image\/","url":"https:\/\/labarraca1912.es\/wp-content\/uploads\/2019\/06\/logo-labarraca.png","contentUrl":"https:\/\/labarraca1912.es\/wp-content\/uploads\/2019\/06\/logo-labarraca.png","width":2917,"height":1809,"caption":"La Barraca 1912 Alimentacion"},"image":{"@id":"https:\/\/labarraca1912.es\/#\/schema\/logo\/image\/"}}]}},"_links":{"self":[{"href":"https:\/\/labarraca1912.es\/en\/wp-json\/wp\/v2\/product\/5975","targetHints":{"allow":["GET"]}}],"collection":[{"href":"https:\/\/labarraca1912.es\/en\/wp-json\/wp\/v2\/product"}],"about":[{"href":"https:\/\/labarraca1912.es\/en\/wp-json\/wp\/v2\/types\/product"}],"replies":[{"embeddable":true,"href":"https:\/\/labarraca1912.es\/en\/wp-json\/wp\/v2\/comments?post=5975"}],"wp:featuredmedia":[{"embeddable":true,"href":"https:\/\/labarraca1912.es\/en\/wp-json\/wp\/v2\/media\/5977"}],"wp:attachment":[{"href":"https:\/\/labarraca1912.es\/en\/wp-json\/wp\/v2\/media?parent=5975"}],"wp:term":[{"taxonomy":"product_brand","embeddable":true,"href":"https:\/\/labarraca1912.es\/en\/wp-json\/wp\/v2\/product_brand?post=5975"},{"taxonomy":"product_cat","embeddable":true,"href":"https:\/\/labarraca1912.es\/en\/wp-json\/wp\/v2\/product_cat?post=5975"},{"taxonomy":"product_tag","embeddable":true,"href":"https:\/\/labarraca1912.es\/en\/wp-json\/wp\/v2\/product_tag?post=5975"}],"curies":[{"name":"wp","href":"https:\/\/api.w.org\/{rel}","templated":true}]}}