{"id":6729,"date":"2021-03-01T12:11:24","date_gmt":"2021-03-01T11:11:24","guid":{"rendered":"https:\/\/labarraca1912.es\/?post_type=product&#038;p=6729"},"modified":"2026-03-09T09:32:08","modified_gmt":"2026-03-09T08:32:08","slug":"azafran-hebra-estuche-100-carteritas-85g","status":"publish","type":"product","link":"https:\/\/labarraca1912.es\/en\/tienda\/azafran\/azafran-hebra-estuche-100-carteritas-85g\/","title":{"rendered":"Saffron Strands Box 100 Sachets 8,5g"},"content":{"rendered":"<p>SAFFRON STRANDS - BOX 4 ENVELOPES 0,400G: Saffron is one of the most appreciated and used spices since ancient times, both for its flavor and its aroma. Coming from the east, its cultivation and harvesting needs careful care. The parts of the plant used to make saffron are the stigmas of the flower, which are dried and roasted. As for its gastronomic use, it is specially destined for rice, paella, brown rice, risotos, pasta, soups, fish, seafood, sauces to which saffron will provide aroma, flavor and a golden color.<\/p>\n<p><strong>Saffron Strands:<\/strong>\u00a0Spice very appreciated for his aroma, flavour and golden colour.<\/p>","protected":false},"excerpt":{"rendered":"<blockquote>\n<h2><strong>Saffron Strands<\/strong> Box 100 Sachets<\/h2>\n<\/blockquote>\n<p>Saffron is one of the most appreciated and used spices since ancient times, both for its flavor and its aroma. Coming from the east, its cultivation and harvesting needs careful care. The parts of the plant used to make saffron are the stigmas of the flower, which are dried and roasted. As for its gastronomic use, it is specially destined for rice, paella, brown rice, risotos, pasta, soups, fish, seafood, sauces to which saffron will provide aroma, flavor and a golden color.<\/p>\n<p><em><strong>Ingredients:<\/strong><\/em> Saffron strands.<\/p>","protected":false},"featured_media":267,"comment_status":"open","ping_status":"closed","template":"","meta":{"_et_pb_use_builder":"","_et_pb_old_content":"","_et_gb_content_width":""},"product_brand":[],"product_cat":[17,122],"product_tag":[39,35,38,36,37],"class_list":{"0":"post-6729","1":"product","2":"type-product","3":"status-publish","4":"has-post-thumbnail","6":"product_cat-azafran","7":"product_cat-productos-paella","8":"product_tag-arroz","9":"product_tag-azafran","10":"product_tag-colorante","11":"product_tag-paella","12":"product_tag-saffron","14":"first","15":"instock","16":"taxable","17":"shipping-taxable","18":"purchasable","19":"product-type-simple"},"yoast_head":"<!-- This site is optimized with the Yoast SEO plugin v27.4 - https:\/\/yoast.com\/product\/yoast-seo-wordpress\/ -->\n<title>Comprar azafr\u00e1n hebra estuche 100 carteritas 8,5g | La Barraca<\/title>\n<meta name=\"description\" content=\"Azafr\u00e1n hebra en estuche con 100 carteritas de 8,5g. Sabor y aroma \u00fanicos para arroces, paellas y m\u00e1s. Calidad y tradici\u00f3n en La Barraca.\" \/>\n<meta name=\"robots\" content=\"index, follow, max-snippet:-1, max-image-preview:large, max-video-preview:-1\" \/>\n<link rel=\"canonical\" href=\"https:\/\/labarraca1912.es\/en\/tienda\/azafran\/azafran-hebra-estuche-100-carteritas-85g\/\" \/>\n<meta property=\"og:locale\" content=\"en_GB\" \/>\n<meta property=\"og:type\" content=\"article\" \/>\n<meta property=\"og:title\" content=\"Comprar azafr\u00e1n hebra estuche 100 carteritas 8,5g | La Barraca\" \/>\n<meta property=\"og:description\" content=\"Azafr\u00e1n hebra en estuche con 100 carteritas de 8,5g. Sabor y aroma \u00fanicos para arroces, paellas y m\u00e1s. Calidad y tradici\u00f3n en La Barraca.\" \/>\n<meta property=\"og:url\" content=\"https:\/\/labarraca1912.es\/en\/tienda\/azafran\/azafran-hebra-estuche-100-carteritas-85g\/\" \/>\n<meta property=\"og:site_name\" content=\"La Barraca\" \/>\n<meta property=\"article:modified_time\" content=\"2026-03-09T08:32:08+00:00\" \/>\n<meta property=\"og:image\" content=\"https:\/\/labarraca1912.es\/wp-content\/uploads\/2019\/07\/Azafr\u00e1n.jpg\" \/>\n\t<meta property=\"og:image:width\" content=\"800\" \/>\n\t<meta property=\"og:image:height\" content=\"800\" \/>\n\t<meta property=\"og:image:type\" content=\"image\/jpeg\" \/>\n<meta name=\"twitter:card\" content=\"summary_large_image\" \/>\n<meta name=\"twitter:label1\" content=\"Estimated reading time\" \/>\n\t<meta name=\"twitter:data1\" content=\"1 minute\" \/>\n<script type=\"application\/ld+json\" class=\"yoast-schema-graph\">{\"@context\":\"https:\\\/\\\/schema.org\",\"@graph\":[{\"@type\":\"WebPage\",\"@id\":\"https:\\\/\\\/labarraca1912.es\\\/tienda\\\/azafran\\\/azafran-hebra-estuche-100-carteritas-85g\\\/\",\"url\":\"https:\\\/\\\/labarraca1912.es\\\/tienda\\\/azafran\\\/azafran-hebra-estuche-100-carteritas-85g\\\/\",\"name\":\"Comprar azafr\u00e1n hebra estuche 100 carteritas 8,5g | La Barraca\",\"isPartOf\":{\"@id\":\"https:\\\/\\\/labarraca1912.es\\\/#website\"},\"primaryImageOfPage\":{\"@id\":\"https:\\\/\\\/labarraca1912.es\\\/tienda\\\/azafran\\\/azafran-hebra-estuche-100-carteritas-85g\\\/#primaryimage\"},\"image\":{\"@id\":\"https:\\\/\\\/labarraca1912.es\\\/tienda\\\/azafran\\\/azafran-hebra-estuche-100-carteritas-85g\\\/#primaryimage\"},\"thumbnailUrl\":\"https:\\\/\\\/labarraca1912.es\\\/wp-content\\\/uploads\\\/2019\\\/07\\\/Azafr\u00e1n.jpg\",\"datePublished\":\"2021-03-01T11:11:24+00:00\",\"dateModified\":\"2026-03-09T08:32:08+00:00\",\"description\":\"Azafr\u00e1n hebra en estuche con 100 carteritas de 8,5g. Sabor y aroma \u00fanicos para arroces, paellas y m\u00e1s. Calidad y tradici\u00f3n en La Barraca.\",\"breadcrumb\":{\"@id\":\"https:\\\/\\\/labarraca1912.es\\\/tienda\\\/azafran\\\/azafran-hebra-estuche-100-carteritas-85g\\\/#breadcrumb\"},\"inLanguage\":\"en-GB\",\"potentialAction\":[{\"@type\":\"ReadAction\",\"target\":[\"https:\\\/\\\/labarraca1912.es\\\/tienda\\\/azafran\\\/azafran-hebra-estuche-100-carteritas-85g\\\/\"]}]},{\"@type\":\"ImageObject\",\"inLanguage\":\"en-GB\",\"@id\":\"https:\\\/\\\/labarraca1912.es\\\/tienda\\\/azafran\\\/azafran-hebra-estuche-100-carteritas-85g\\\/#primaryimage\",\"url\":\"https:\\\/\\\/labarraca1912.es\\\/wp-content\\\/uploads\\\/2019\\\/07\\\/Azafr\u00e1n.jpg\",\"contentUrl\":\"https:\\\/\\\/labarraca1912.es\\\/wp-content\\\/uploads\\\/2019\\\/07\\\/Azafr\u00e1n.jpg\",\"width\":800,\"height\":800},{\"@type\":\"BreadcrumbList\",\"@id\":\"https:\\\/\\\/labarraca1912.es\\\/tienda\\\/azafran\\\/azafran-hebra-estuche-100-carteritas-85g\\\/#breadcrumb\",\"itemListElement\":[{\"@type\":\"ListItem\",\"position\":1,\"name\":\"La Barraca\",\"item\":\"https:\\\/\\\/labarraca1912.es\\\/\"},{\"@type\":\"ListItem\",\"position\":2,\"name\":\"Tienda\",\"item\":\"https:\\\/\\\/labarraca1912.es\\\/tienda\\\/\"},{\"@type\":\"ListItem\",\"position\":3,\"name\":\"Azafr\u00e1n Hebra Estuche 100 Carteritas 8,5g\"}]},{\"@type\":\"WebSite\",\"@id\":\"https:\\\/\\\/labarraca1912.es\\\/#website\",\"url\":\"https:\\\/\\\/labarraca1912.es\\\/\",\"name\":\"La Barraca\",\"description\":\"La Casa del Sabor\",\"publisher\":{\"@id\":\"https:\\\/\\\/labarraca1912.es\\\/#organization\"},\"potentialAction\":[{\"@type\":\"SearchAction\",\"target\":{\"@type\":\"EntryPoint\",\"urlTemplate\":\"https:\\\/\\\/labarraca1912.es\\\/?s={search_term_string}\"},\"query-input\":{\"@type\":\"PropertyValueSpecification\",\"valueRequired\":true,\"valueName\":\"search_term_string\"}}],\"inLanguage\":\"en-GB\"},{\"@type\":\"Organization\",\"@id\":\"https:\\\/\\\/labarraca1912.es\\\/#organization\",\"name\":\"La Barraca 1912 Alimentacion\",\"url\":\"https:\\\/\\\/labarraca1912.es\\\/\",\"logo\":{\"@type\":\"ImageObject\",\"inLanguage\":\"en-GB\",\"@id\":\"https:\\\/\\\/labarraca1912.es\\\/#\\\/schema\\\/logo\\\/image\\\/\",\"url\":\"https:\\\/\\\/labarraca1912.es\\\/wp-content\\\/uploads\\\/2019\\\/06\\\/logo-labarraca.png\",\"contentUrl\":\"https:\\\/\\\/labarraca1912.es\\\/wp-content\\\/uploads\\\/2019\\\/06\\\/logo-labarraca.png\",\"width\":2917,\"height\":1809,\"caption\":\"La Barraca 1912 Alimentacion\"},\"image\":{\"@id\":\"https:\\\/\\\/labarraca1912.es\\\/#\\\/schema\\\/logo\\\/image\\\/\"}}]}<\/script>\n<!-- \/ Yoast SEO plugin. -->","yoast_head_json":{"title":"Comprar azafr\u00e1n hebra estuche 100 carteritas 8,5g | La Barraca","description":"Azafr\u00e1n hebra en estuche con 100 carteritas de 8,5g. Sabor y aroma \u00fanicos para arroces, paellas y m\u00e1s. Calidad y tradici\u00f3n en La Barraca.","robots":{"index":"index","follow":"follow","max-snippet":"max-snippet:-1","max-image-preview":"max-image-preview:large","max-video-preview":"max-video-preview:-1"},"canonical":"https:\/\/labarraca1912.es\/en\/tienda\/azafran\/azafran-hebra-estuche-100-carteritas-85g\/","og_locale":"en_GB","og_type":"article","og_title":"Comprar azafr\u00e1n hebra estuche 100 carteritas 8,5g | La Barraca","og_description":"Azafr\u00e1n hebra en estuche con 100 carteritas de 8,5g. Sabor y aroma \u00fanicos para arroces, paellas y m\u00e1s. Calidad y tradici\u00f3n en La Barraca.","og_url":"https:\/\/labarraca1912.es\/en\/tienda\/azafran\/azafran-hebra-estuche-100-carteritas-85g\/","og_site_name":"La Barraca","article_modified_time":"2026-03-09T08:32:08+00:00","og_image":[{"width":800,"height":800,"url":"https:\/\/labarraca1912.es\/wp-content\/uploads\/2019\/07\/Azafr\u00e1n.jpg","type":"image\/jpeg"}],"twitter_card":"summary_large_image","twitter_misc":{"Estimated reading time":"1 minute"},"schema":{"@context":"https:\/\/schema.org","@graph":[{"@type":"WebPage","@id":"https:\/\/labarraca1912.es\/tienda\/azafran\/azafran-hebra-estuche-100-carteritas-85g\/","url":"https:\/\/labarraca1912.es\/tienda\/azafran\/azafran-hebra-estuche-100-carteritas-85g\/","name":"Comprar azafr\u00e1n hebra estuche 100 carteritas 8,5g | La Barraca","isPartOf":{"@id":"https:\/\/labarraca1912.es\/#website"},"primaryImageOfPage":{"@id":"https:\/\/labarraca1912.es\/tienda\/azafran\/azafran-hebra-estuche-100-carteritas-85g\/#primaryimage"},"image":{"@id":"https:\/\/labarraca1912.es\/tienda\/azafran\/azafran-hebra-estuche-100-carteritas-85g\/#primaryimage"},"thumbnailUrl":"https:\/\/labarraca1912.es\/wp-content\/uploads\/2019\/07\/Azafr\u00e1n.jpg","datePublished":"2021-03-01T11:11:24+00:00","dateModified":"2026-03-09T08:32:08+00:00","description":"Azafr\u00e1n hebra en estuche con 100 carteritas de 8,5g. Sabor y aroma \u00fanicos para arroces, paellas y m\u00e1s. Calidad y tradici\u00f3n en La Barraca.","breadcrumb":{"@id":"https:\/\/labarraca1912.es\/tienda\/azafran\/azafran-hebra-estuche-100-carteritas-85g\/#breadcrumb"},"inLanguage":"en-GB","potentialAction":[{"@type":"ReadAction","target":["https:\/\/labarraca1912.es\/tienda\/azafran\/azafran-hebra-estuche-100-carteritas-85g\/"]}]},{"@type":"ImageObject","inLanguage":"en-GB","@id":"https:\/\/labarraca1912.es\/tienda\/azafran\/azafran-hebra-estuche-100-carteritas-85g\/#primaryimage","url":"https:\/\/labarraca1912.es\/wp-content\/uploads\/2019\/07\/Azafr\u00e1n.jpg","contentUrl":"https:\/\/labarraca1912.es\/wp-content\/uploads\/2019\/07\/Azafr\u00e1n.jpg","width":800,"height":800},{"@type":"BreadcrumbList","@id":"https:\/\/labarraca1912.es\/tienda\/azafran\/azafran-hebra-estuche-100-carteritas-85g\/#breadcrumb","itemListElement":[{"@type":"ListItem","position":1,"name":"La Barraca","item":"https:\/\/labarraca1912.es\/"},{"@type":"ListItem","position":2,"name":"Tienda","item":"https:\/\/labarraca1912.es\/tienda\/"},{"@type":"ListItem","position":3,"name":"Azafr\u00e1n Hebra Estuche 100 Carteritas 8,5g"}]},{"@type":"WebSite","@id":"https:\/\/labarraca1912.es\/#website","url":"https:\/\/labarraca1912.es\/","name":"La Barraca","description":"La Casa del Sabor","publisher":{"@id":"https:\/\/labarraca1912.es\/#organization"},"potentialAction":[{"@type":"SearchAction","target":{"@type":"EntryPoint","urlTemplate":"https:\/\/labarraca1912.es\/?s={search_term_string}"},"query-input":{"@type":"PropertyValueSpecification","valueRequired":true,"valueName":"search_term_string"}}],"inLanguage":"en-GB"},{"@type":"Organization","@id":"https:\/\/labarraca1912.es\/#organization","name":"La Barraca 1912 Alimentacion","url":"https:\/\/labarraca1912.es\/","logo":{"@type":"ImageObject","inLanguage":"en-GB","@id":"https:\/\/labarraca1912.es\/#\/schema\/logo\/image\/","url":"https:\/\/labarraca1912.es\/wp-content\/uploads\/2019\/06\/logo-labarraca.png","contentUrl":"https:\/\/labarraca1912.es\/wp-content\/uploads\/2019\/06\/logo-labarraca.png","width":2917,"height":1809,"caption":"La Barraca 1912 Alimentacion"},"image":{"@id":"https:\/\/labarraca1912.es\/#\/schema\/logo\/image\/"}}]}},"_links":{"self":[{"href":"https:\/\/labarraca1912.es\/en\/wp-json\/wp\/v2\/product\/6729","targetHints":{"allow":["GET"]}}],"collection":[{"href":"https:\/\/labarraca1912.es\/en\/wp-json\/wp\/v2\/product"}],"about":[{"href":"https:\/\/labarraca1912.es\/en\/wp-json\/wp\/v2\/types\/product"}],"replies":[{"embeddable":true,"href":"https:\/\/labarraca1912.es\/en\/wp-json\/wp\/v2\/comments?post=6729"}],"wp:featuredmedia":[{"embeddable":true,"href":"https:\/\/labarraca1912.es\/en\/wp-json\/wp\/v2\/media\/267"}],"wp:attachment":[{"href":"https:\/\/labarraca1912.es\/en\/wp-json\/wp\/v2\/media?parent=6729"}],"wp:term":[{"taxonomy":"product_brand","embeddable":true,"href":"https:\/\/labarraca1912.es\/en\/wp-json\/wp\/v2\/product_brand?post=6729"},{"taxonomy":"product_cat","embeddable":true,"href":"https:\/\/labarraca1912.es\/en\/wp-json\/wp\/v2\/product_cat?post=6729"},{"taxonomy":"product_tag","embeddable":true,"href":"https:\/\/labarraca1912.es\/en\/wp-json\/wp\/v2\/product_tag?post=6729"}],"curies":[{"name":"wp","href":"https:\/\/api.w.org\/{rel}","templated":true}]}}