{"id":7155,"date":"2021-09-20T11:28:14","date_gmt":"2021-09-20T09:28:14","guid":{"rendered":"https:\/\/labarraca1912.es\/?post_type=product&#038;p=7155"},"modified":"2026-03-09T09:15:03","modified_gmt":"2026-03-09T08:15:03","slug":"kit-paella-marinera","status":"publish","type":"product","link":"https:\/\/labarraca1912.es\/en\/tienda\/productos-paella\/kit-paella-marinera\/","title":{"rendered":"Seafood Paella Kit"},"content":{"rendered":"<p>KIT PAELLA MARINERA: Pack compuesto por una paellera esmaltada, 100ml de aceite de oliva virgen extra, estuche 3 sobres Sazonador Paella Marinera con Azafr\u00e1n y 500g de arroz. Con este magn\u00edfico pack podr\u00e1s realizar una paella de una manera sencilla y c\u00f3moda, ya que ponemos a tu alcance la base para hacer una paella.<\/p>\n<p><strong>Seafood Paella Seasoning with Saffron:<\/strong> Seasoning composed of a mixture of ground spices and saffron, expressly formulated for the production of seafood paellas and fish rices.<\/p>\n<p><strong>Oil:<\/strong> Extra virgin olive oil.<\/p>\n<p><strong>Rice:<\/strong> Rice made expressly for the preparation of paellas.<\/p>\n<h5><strong>HOW TO USE:<\/strong><\/h5>\n<p><strong>Ingredients:<\/strong> 500g of fish \/ shellfish, 1 gorse pepper, 3 cloves of garlic, parsley leaves, 1 tomato, 400g of rice, 1.2 liters of water, 100g of legumes and vegetables, 100ml of extra virgin olive oil and 1 sachet of LA BARRACA Seafood Paella Seasoning with Saffron.<\/p>\n<p><strong>Preparation:<\/strong> Heat the extra virgin olive oil in the pan, add the strips of pepper and fry until they start to soften. Remove and reserve for garnish. Fry the fish portions at medium heat until they are brown and add the tomato, garlic and parsley already crushed. Add also the legumes and vegetables and mix everything properly. Add the water and it starts boiling just add the rice, distributing it evenly over the pan and add also one envelope of LA BARRACA Seafood Paella Seasoning with Saffron, season to taste with salt and garnish the paella with the strips of red pepper before reserved. Cook for around 20 minutes, turn off the heat, cover the pan and let it rest for 5 minutes before serving.<\/p>\n<p><em>One part of rice and 3 parts of water - 25 ml extra virgin olive oil per 100g rice. - The heat should be evenly distributed under the entire base of the paella pan. <strong>Preparation time:<\/strong> 15 minutes. <strong>Cook time:<\/strong> 30 minutes.<\/em><\/p>\n<p>&nbsp;<\/p>","protected":false},"excerpt":{"rendered":"<blockquote>\n<h2><strong>Seafood Paella Kit<\/strong><\/h2>\n<\/blockquote>\n<p>Pack compuesto por una paellera esmaltada, 100ml de aceite de oliva virgen extra, estuche 3 sobres Sazonador Paella Marinera con Azafr\u00e1n y 500g de arroz \u00abLa Fallera\u00bb. Con este magn\u00edfico pack podr\u00e1s realizar una paella de una manera sencilla y c\u00f3moda, ya que ponemos a tu alcance la base para hacer una paella.<\/p>\n<p><strong><em>*Paella not valid for use on ceramic or induction hobs, only use with a flame, whether wood or gas.<\/em><\/strong><\/p>\n<p><em><strong>THIS PACK CONTAINS:<\/strong><\/em><\/p>\n<ul>\n<li><strong>Paellera Esmaltada 32cm<\/strong><\/li>\n<li><strong>Recipe Book<\/strong><\/li>\n<li><strong>Estuche 3 sobres Saz. Paella Marinera con Azafr\u00e1n 9g (3x3g)<\/strong><\/li>\n<li><strong>Rice 500g<\/strong><\/li>\n<li><strong>Extra Virgin Olive Oil 100ml<\/strong><\/li>\n<\/ul>","protected":false},"featured_media":12646,"comment_status":"open","ping_status":"closed","template":"","meta":{"_et_pb_use_builder":"","_et_pb_old_content":"","_et_gb_content_width":""},"product_brand":[],"product_cat":[122],"product_tag":[39,35,38,244,116,36,68,40,37],"class_list":{"0":"post-7155","1":"product","2":"type-product","3":"status-publish","4":"has-post-thumbnail","6":"product_cat-productos-paella","7":"product_tag-arroz","8":"product_tag-azafran","9":"product_tag-colorante","10":"product_tag-marinero","11":"product_tag-marisco","12":"product_tag-paella","13":"product_tag-pescado","14":"product_tag-pimenton","15":"product_tag-saffron","17":"first","18":"instock","19":"taxable","20":"shipping-taxable","21":"purchasable","22":"product-type-simple"},"yoast_head":"<!-- This site is optimized with the Yoast SEO plugin v27.4 - https:\/\/yoast.com\/product\/yoast-seo-wordpress\/ -->\n<title>Comprar Kit Paella Marinera | La Barraca<\/title>\n<meta name=\"description\" content=\"Compra el Kit Paella Marinera con paellera, aceite de oliva virgen extra, arroz y sazonador con azafr\u00e1n para preparar paellas marineras f\u00e1cilmente.\" \/>\n<meta name=\"robots\" content=\"index, follow, max-snippet:-1, max-image-preview:large, max-video-preview:-1\" \/>\n<link rel=\"canonical\" href=\"https:\/\/labarraca1912.es\/en\/tienda\/productos-paella\/kit-paella-marinera\/\" \/>\n<meta property=\"og:locale\" content=\"en_GB\" \/>\n<meta property=\"og:type\" content=\"article\" \/>\n<meta property=\"og:title\" content=\"Comprar Kit Paella Marinera | La Barraca\" \/>\n<meta property=\"og:description\" content=\"Compra el Kit Paella Marinera con paellera, aceite de oliva virgen extra, arroz y sazonador con azafr\u00e1n para preparar paellas marineras f\u00e1cilmente.\" \/>\n<meta property=\"og:url\" content=\"https:\/\/labarraca1912.es\/en\/tienda\/productos-paella\/kit-paella-marinera\/\" \/>\n<meta property=\"og:site_name\" content=\"La Barraca\" \/>\n<meta property=\"article:modified_time\" content=\"2026-03-09T08:15:03+00:00\" \/>\n<meta property=\"og:image\" content=\"https:\/\/labarraca1912.es\/wp-content\/uploads\/kitpaellamarinera2025.jpg\" \/>\n\t<meta property=\"og:image:width\" content=\"800\" \/>\n\t<meta property=\"og:image:height\" content=\"800\" \/>\n\t<meta property=\"og:image:type\" content=\"image\/jpeg\" \/>\n<meta name=\"twitter:card\" content=\"summary_large_image\" \/>\n<meta name=\"twitter:label1\" content=\"Estimated reading time\" \/>\n\t<meta name=\"twitter:data1\" content=\"2 minutes\" \/>\n<script type=\"application\/ld+json\" class=\"yoast-schema-graph\">{\"@context\":\"https:\\\/\\\/schema.org\",\"@graph\":[{\"@type\":\"WebPage\",\"@id\":\"https:\\\/\\\/labarraca1912.es\\\/tienda\\\/productos-paella\\\/kit-paella-marinera\\\/\",\"url\":\"https:\\\/\\\/labarraca1912.es\\\/tienda\\\/productos-paella\\\/kit-paella-marinera\\\/\",\"name\":\"Comprar Kit Paella Marinera | La Barraca\",\"isPartOf\":{\"@id\":\"https:\\\/\\\/labarraca1912.es\\\/#website\"},\"primaryImageOfPage\":{\"@id\":\"https:\\\/\\\/labarraca1912.es\\\/tienda\\\/productos-paella\\\/kit-paella-marinera\\\/#primaryimage\"},\"image\":{\"@id\":\"https:\\\/\\\/labarraca1912.es\\\/tienda\\\/productos-paella\\\/kit-paella-marinera\\\/#primaryimage\"},\"thumbnailUrl\":\"https:\\\/\\\/labarraca1912.es\\\/wp-content\\\/uploads\\\/kitpaellamarinera2025.jpg\",\"datePublished\":\"2021-09-20T09:28:14+00:00\",\"dateModified\":\"2026-03-09T08:15:03+00:00\",\"description\":\"Compra el Kit Paella Marinera con paellera, aceite de oliva virgen extra, arroz y sazonador con azafr\u00e1n para preparar paellas marineras f\u00e1cilmente.\",\"breadcrumb\":{\"@id\":\"https:\\\/\\\/labarraca1912.es\\\/tienda\\\/productos-paella\\\/kit-paella-marinera\\\/#breadcrumb\"},\"inLanguage\":\"en-GB\",\"potentialAction\":[{\"@type\":\"ReadAction\",\"target\":[\"https:\\\/\\\/labarraca1912.es\\\/tienda\\\/productos-paella\\\/kit-paella-marinera\\\/\"]}]},{\"@type\":\"ImageObject\",\"inLanguage\":\"en-GB\",\"@id\":\"https:\\\/\\\/labarraca1912.es\\\/tienda\\\/productos-paella\\\/kit-paella-marinera\\\/#primaryimage\",\"url\":\"https:\\\/\\\/labarraca1912.es\\\/wp-content\\\/uploads\\\/kitpaellamarinera2025.jpg\",\"contentUrl\":\"https:\\\/\\\/labarraca1912.es\\\/wp-content\\\/uploads\\\/kitpaellamarinera2025.jpg\",\"width\":800,\"height\":800},{\"@type\":\"BreadcrumbList\",\"@id\":\"https:\\\/\\\/labarraca1912.es\\\/tienda\\\/productos-paella\\\/kit-paella-marinera\\\/#breadcrumb\",\"itemListElement\":[{\"@type\":\"ListItem\",\"position\":1,\"name\":\"La Barraca\",\"item\":\"https:\\\/\\\/labarraca1912.es\\\/\"},{\"@type\":\"ListItem\",\"position\":2,\"name\":\"Tienda\",\"item\":\"https:\\\/\\\/labarraca1912.es\\\/tienda\\\/\"},{\"@type\":\"ListItem\",\"position\":3,\"name\":\"Kit Paella Marinera\"}]},{\"@type\":\"WebSite\",\"@id\":\"https:\\\/\\\/labarraca1912.es\\\/#website\",\"url\":\"https:\\\/\\\/labarraca1912.es\\\/\",\"name\":\"La Barraca\",\"description\":\"La Casa del Sabor\",\"publisher\":{\"@id\":\"https:\\\/\\\/labarraca1912.es\\\/#organization\"},\"potentialAction\":[{\"@type\":\"SearchAction\",\"target\":{\"@type\":\"EntryPoint\",\"urlTemplate\":\"https:\\\/\\\/labarraca1912.es\\\/?s={search_term_string}\"},\"query-input\":{\"@type\":\"PropertyValueSpecification\",\"valueRequired\":true,\"valueName\":\"search_term_string\"}}],\"inLanguage\":\"en-GB\"},{\"@type\":\"Organization\",\"@id\":\"https:\\\/\\\/labarraca1912.es\\\/#organization\",\"name\":\"La Barraca 1912 Alimentacion\",\"url\":\"https:\\\/\\\/labarraca1912.es\\\/\",\"logo\":{\"@type\":\"ImageObject\",\"inLanguage\":\"en-GB\",\"@id\":\"https:\\\/\\\/labarraca1912.es\\\/#\\\/schema\\\/logo\\\/image\\\/\",\"url\":\"https:\\\/\\\/labarraca1912.es\\\/wp-content\\\/uploads\\\/2019\\\/06\\\/logo-labarraca.png\",\"contentUrl\":\"https:\\\/\\\/labarraca1912.es\\\/wp-content\\\/uploads\\\/2019\\\/06\\\/logo-labarraca.png\",\"width\":2917,\"height\":1809,\"caption\":\"La Barraca 1912 Alimentacion\"},\"image\":{\"@id\":\"https:\\\/\\\/labarraca1912.es\\\/#\\\/schema\\\/logo\\\/image\\\/\"}}]}<\/script>\n<!-- \/ Yoast SEO plugin. -->","yoast_head_json":{"title":"Comprar Kit Paella Marinera | La Barraca","description":"Compra el Kit Paella Marinera con paellera, aceite de oliva virgen extra, arroz y sazonador con azafr\u00e1n para preparar paellas marineras f\u00e1cilmente.","robots":{"index":"index","follow":"follow","max-snippet":"max-snippet:-1","max-image-preview":"max-image-preview:large","max-video-preview":"max-video-preview:-1"},"canonical":"https:\/\/labarraca1912.es\/en\/tienda\/productos-paella\/kit-paella-marinera\/","og_locale":"en_GB","og_type":"article","og_title":"Comprar Kit Paella Marinera | La Barraca","og_description":"Compra el Kit Paella Marinera con paellera, aceite de oliva virgen extra, arroz y sazonador con azafr\u00e1n para preparar paellas marineras f\u00e1cilmente.","og_url":"https:\/\/labarraca1912.es\/en\/tienda\/productos-paella\/kit-paella-marinera\/","og_site_name":"La Barraca","article_modified_time":"2026-03-09T08:15:03+00:00","og_image":[{"width":800,"height":800,"url":"https:\/\/labarraca1912.es\/wp-content\/uploads\/kitpaellamarinera2025.jpg","type":"image\/jpeg"}],"twitter_card":"summary_large_image","twitter_misc":{"Estimated reading time":"2 minutes"},"schema":{"@context":"https:\/\/schema.org","@graph":[{"@type":"WebPage","@id":"https:\/\/labarraca1912.es\/tienda\/productos-paella\/kit-paella-marinera\/","url":"https:\/\/labarraca1912.es\/tienda\/productos-paella\/kit-paella-marinera\/","name":"Comprar Kit Paella Marinera | La Barraca","isPartOf":{"@id":"https:\/\/labarraca1912.es\/#website"},"primaryImageOfPage":{"@id":"https:\/\/labarraca1912.es\/tienda\/productos-paella\/kit-paella-marinera\/#primaryimage"},"image":{"@id":"https:\/\/labarraca1912.es\/tienda\/productos-paella\/kit-paella-marinera\/#primaryimage"},"thumbnailUrl":"https:\/\/labarraca1912.es\/wp-content\/uploads\/kitpaellamarinera2025.jpg","datePublished":"2021-09-20T09:28:14+00:00","dateModified":"2026-03-09T08:15:03+00:00","description":"Compra el Kit Paella Marinera con paellera, aceite de oliva virgen extra, arroz y sazonador con azafr\u00e1n para preparar paellas marineras f\u00e1cilmente.","breadcrumb":{"@id":"https:\/\/labarraca1912.es\/tienda\/productos-paella\/kit-paella-marinera\/#breadcrumb"},"inLanguage":"en-GB","potentialAction":[{"@type":"ReadAction","target":["https:\/\/labarraca1912.es\/tienda\/productos-paella\/kit-paella-marinera\/"]}]},{"@type":"ImageObject","inLanguage":"en-GB","@id":"https:\/\/labarraca1912.es\/tienda\/productos-paella\/kit-paella-marinera\/#primaryimage","url":"https:\/\/labarraca1912.es\/wp-content\/uploads\/kitpaellamarinera2025.jpg","contentUrl":"https:\/\/labarraca1912.es\/wp-content\/uploads\/kitpaellamarinera2025.jpg","width":800,"height":800},{"@type":"BreadcrumbList","@id":"https:\/\/labarraca1912.es\/tienda\/productos-paella\/kit-paella-marinera\/#breadcrumb","itemListElement":[{"@type":"ListItem","position":1,"name":"La Barraca","item":"https:\/\/labarraca1912.es\/"},{"@type":"ListItem","position":2,"name":"Tienda","item":"https:\/\/labarraca1912.es\/tienda\/"},{"@type":"ListItem","position":3,"name":"Kit Paella Marinera"}]},{"@type":"WebSite","@id":"https:\/\/labarraca1912.es\/#website","url":"https:\/\/labarraca1912.es\/","name":"La Barraca","description":"La Casa del Sabor","publisher":{"@id":"https:\/\/labarraca1912.es\/#organization"},"potentialAction":[{"@type":"SearchAction","target":{"@type":"EntryPoint","urlTemplate":"https:\/\/labarraca1912.es\/?s={search_term_string}"},"query-input":{"@type":"PropertyValueSpecification","valueRequired":true,"valueName":"search_term_string"}}],"inLanguage":"en-GB"},{"@type":"Organization","@id":"https:\/\/labarraca1912.es\/#organization","name":"La Barraca 1912 Alimentacion","url":"https:\/\/labarraca1912.es\/","logo":{"@type":"ImageObject","inLanguage":"en-GB","@id":"https:\/\/labarraca1912.es\/#\/schema\/logo\/image\/","url":"https:\/\/labarraca1912.es\/wp-content\/uploads\/2019\/06\/logo-labarraca.png","contentUrl":"https:\/\/labarraca1912.es\/wp-content\/uploads\/2019\/06\/logo-labarraca.png","width":2917,"height":1809,"caption":"La Barraca 1912 Alimentacion"},"image":{"@id":"https:\/\/labarraca1912.es\/#\/schema\/logo\/image\/"}}]}},"_links":{"self":[{"href":"https:\/\/labarraca1912.es\/en\/wp-json\/wp\/v2\/product\/7155","targetHints":{"allow":["GET"]}}],"collection":[{"href":"https:\/\/labarraca1912.es\/en\/wp-json\/wp\/v2\/product"}],"about":[{"href":"https:\/\/labarraca1912.es\/en\/wp-json\/wp\/v2\/types\/product"}],"replies":[{"embeddable":true,"href":"https:\/\/labarraca1912.es\/en\/wp-json\/wp\/v2\/comments?post=7155"}],"wp:featuredmedia":[{"embeddable":true,"href":"https:\/\/labarraca1912.es\/en\/wp-json\/wp\/v2\/media\/12646"}],"wp:attachment":[{"href":"https:\/\/labarraca1912.es\/en\/wp-json\/wp\/v2\/media?parent=7155"}],"wp:term":[{"taxonomy":"product_brand","embeddable":true,"href":"https:\/\/labarraca1912.es\/en\/wp-json\/wp\/v2\/product_brand?post=7155"},{"taxonomy":"product_cat","embeddable":true,"href":"https:\/\/labarraca1912.es\/en\/wp-json\/wp\/v2\/product_cat?post=7155"},{"taxonomy":"product_tag","embeddable":true,"href":"https:\/\/labarraca1912.es\/en\/wp-json\/wp\/v2\/product_tag?post=7155"}],"curies":[{"name":"wp","href":"https:\/\/api.w.org\/{rel}","templated":true}]}}