{"id":78,"date":"2019-06-26T14:13:56","date_gmt":"2019-06-26T12:13:56","guid":{"rendered":"https:\/\/labarraca1912.es\/?post_type=product&#038;p=78"},"modified":"2026-03-09T11:15:47","modified_gmt":"2026-03-09T10:15:47","slug":"gin-spicy-citric","status":"publish","type":"product","link":"https:\/\/labarraca1912.es\/en\/tienda\/botanicos-cocteles\/gin-spicy-citric\/","title":{"rendered":"Gin Spicy Citric"},"content":{"rendered":"<p>BOTANICAL COLLECTION \u2013 SPICY CITRIC: La Barraca has created <strong>Botanical Collection<\/strong> to enjoy your drink like never before. A selection of botanicals created to bring unique sensations to your cocktail. You can combine our botanicals as you wish and savor every drink of your glass. This magnificent case is composed of 8 botanicals, spoon and dispenser, which will help you prepare your combinations in a more professional way.<\/p>\n<p><strong>Star Anise<\/strong>: Decorative, with digestive properties. The perfect botanical which brings a very slightly acid flavour, aniseed scent and soft aroma.<\/p>\n<p><strong>Orange Zest<\/strong>: Source of essential oils, flavour and decorate your Gin Tonic in an unique way.<\/p>\n<p><strong>Pink Pepper<\/strong>: Pink Pepper blend of flavors between fruity and sweet tastes, a bit spicy, giving a pinkish colour when pressing the berries.<\/p>","protected":false},"excerpt":{"rendered":"<blockquote>\n<h2><strong>Botanical Collection<\/strong> Gin Tonic<\/h2>\n<\/blockquote>\n<p>La Barraca Alimentaci\u00f3n has created Botanical Collection, specifically intended for those who do not conform and want to make their cocktail a new world of flavors thanks to botanicals. It is a perfect gift or an acquisition for own consumption that will surprise everyone.<\/p>\n<p>A meticulous selection of botanicals, which will provide unique sensations never experienced in your glass. Be your own mixologist, using our botanicals, combining them however you want and surprise your guests with your creations.<\/p>\n<p><em><strong>THIS KIT CONTAINS:<\/strong><\/em><\/p>\n<ul>\n<li><strong>Star Anise 10g<\/strong>\n<ul>\n<li><em><strong>Ingredients:<\/strong><\/em> Star anise.<a href=\"https:\/\/labarraca1912.es\/wp-content\/uploads\/FT-ANIS-ESTRELLADO.pdf\">\u00a0<\/a><\/li>\n<\/ul>\n<\/li>\n<li><strong>Orange Zest 18g<\/strong>\n<ul>\n<li><em><strong>Ingredients:<\/strong><\/em> Orange zest.<\/li>\n<\/ul>\n<\/li>\n<li><strong>Pink pepper 20g<\/strong>\n<ul>\n<li><em><strong>Ingredients:<\/strong><\/em> Pink pepper.<\/li>\n<\/ul>\n<\/li>\n<\/ul>","protected":false},"featured_media":79,"comment_status":"open","ping_status":"closed","template":"","meta":{"_et_pb_use_builder":"off","_et_pb_old_content":"BOTANICAL COLLECTION - SPICY CITRIC: La Barraca ha creado <strong>Botanical Collection<\/strong> para que disfrutes de tu copa como nunca lo hab\u00edas hecho. Una selecci\u00f3n de bot\u00e1nicos creada para aportar sensaciones \u00fanicas a tu combinado. Podr\u00e1s combinar nuestros bot\u00e1nicos como desees y saborear cada trago de tu copa.\r\n\r\n<strong>An\u00eds Estrellado<\/strong>: El An\u00eds Estrellado aportar\u00e1 a tu copa un toque decorativo, gracias a su forma de estrella y tiene propiedades digestivas. El bot\u00e1nico perfecto que aporta un sabor ligeramente \u00e1cido, aroma de an\u00eds y una suave fragancia.\r\n\r\n<strong>Corteza de Naranja<\/strong>: La Corteza de Naranja aportar\u00e1 aceites esenciales a tu Gin-Tonic, por lo que gracias a su sabor disfrutar\u00e1s de cada sorbo de tu copa, a la vez que utilizado como elemento decorativo.\r\n\r\n<strong>Pimienta Rosa<\/strong>: La Pimienta Rosa proporciona una mezcla de sabores entre afrentados y dulces, con un toque ligeramente picante. Tambi\u00e9n aportar\u00e1 un color rosado al presionar las bayas de pimienta.","_et_gb_content_width":""},"product_brand":[],"product_cat":[24],"product_tag":[27,28,29,30],"class_list":{"0":"post-78","1":"product","2":"type-product","3":"status-publish","4":"has-post-thumbnail","6":"product_cat-botanicos-cocteles","7":"product_tag-botanicos","8":"product_tag-cocteles","9":"product_tag-ginebra","10":"product_tag-gintonic","12":"first","13":"instock","14":"taxable","15":"shipping-taxable","16":"purchasable","17":"product-type-simple"},"yoast_head":"<!-- This site is optimized with the Yoast SEO plugin v27.4 - https:\/\/yoast.com\/product\/yoast-seo-wordpress\/ -->\n<title>Gin Spicy Citric - La Barraca<\/title>\n<meta name=\"robots\" content=\"index, follow, max-snippet:-1, max-image-preview:large, max-video-preview:-1\" \/>\n<link rel=\"canonical\" href=\"https:\/\/labarraca1912.es\/en\/tienda\/botanicos-cocteles\/gin-spicy-citric\/\" \/>\n<meta property=\"og:locale\" content=\"en_GB\" \/>\n<meta property=\"og:type\" content=\"article\" \/>\n<meta property=\"og:title\" content=\"Gin Spicy Citric - La Barraca\" \/>\n<meta property=\"og:description\" content=\"Botanical Collection Gin Tonic  La Barraca Alimentaci\u00f3n ha creado Botanical Collection, destinada expresamente para aquellos que no se conforman y quieren hacer de su copa un nuevo mundo de sabores gracias a los bot\u00e1nicos. Se trata de un regalo perfecto o una adquisici\u00f3n para propio consumo que sorprender\u00e1 a todos.  Una selecci\u00f3n minuciosa de bot\u00e1nicos, que aportar\u00e1n unas sensaciones \u00fanicas jam\u00e1s experimentadas en tu copa. S\u00e9 tu propio coctelero, utilizando nuestros bot\u00e1nicos, combin\u00e1ndolos como quieras y sorprende a tus invitados con tus creaciones.  PACK COMPUESTO DE:   An\u00eds Estrellado 10g   Ingredientes: An\u00eds estrellado.\u00a0    Corteza de Naranja 18g   Ingredientes: Corteza de naranja.    Pimienta Rosa 20g   Ingredientes: Pimienta rosa.\" \/>\n<meta property=\"og:url\" content=\"https:\/\/labarraca1912.es\/en\/tienda\/botanicos-cocteles\/gin-spicy-citric\/\" \/>\n<meta property=\"og:site_name\" content=\"La Barraca\" \/>\n<meta property=\"article:modified_time\" content=\"2026-03-09T10:15:47+00:00\" \/>\n<meta property=\"og:image\" content=\"https:\/\/labarraca1912.es\/wp-content\/uploads\/2019\/06\/SpicyCitric.jpg\" \/>\n\t<meta property=\"og:image:width\" content=\"800\" \/>\n\t<meta property=\"og:image:height\" content=\"800\" \/>\n\t<meta property=\"og:image:type\" content=\"image\/jpeg\" \/>\n<meta name=\"twitter:card\" content=\"summary_large_image\" \/>\n<meta name=\"twitter:label1\" content=\"Estimated reading time\" \/>\n\t<meta name=\"twitter:data1\" content=\"1 minute\" \/>\n<script type=\"application\/ld+json\" class=\"yoast-schema-graph\">{\"@context\":\"https:\\\/\\\/schema.org\",\"@graph\":[{\"@type\":\"WebPage\",\"@id\":\"https:\\\/\\\/labarraca1912.es\\\/tienda\\\/botanicos-cocteles\\\/gin-spicy-citric\\\/\",\"url\":\"https:\\\/\\\/labarraca1912.es\\\/tienda\\\/botanicos-cocteles\\\/gin-spicy-citric\\\/\",\"name\":\"Gin Spicy Citric - La Barraca\",\"isPartOf\":{\"@id\":\"https:\\\/\\\/labarraca1912.es\\\/#website\"},\"primaryImageOfPage\":{\"@id\":\"https:\\\/\\\/labarraca1912.es\\\/tienda\\\/botanicos-cocteles\\\/gin-spicy-citric\\\/#primaryimage\"},\"image\":{\"@id\":\"https:\\\/\\\/labarraca1912.es\\\/tienda\\\/botanicos-cocteles\\\/gin-spicy-citric\\\/#primaryimage\"},\"thumbnailUrl\":\"https:\\\/\\\/labarraca1912.es\\\/wp-content\\\/uploads\\\/2019\\\/06\\\/SpicyCitric.jpg\",\"datePublished\":\"2019-06-26T12:13:56+00:00\",\"dateModified\":\"2026-03-09T10:15:47+00:00\",\"breadcrumb\":{\"@id\":\"https:\\\/\\\/labarraca1912.es\\\/tienda\\\/botanicos-cocteles\\\/gin-spicy-citric\\\/#breadcrumb\"},\"inLanguage\":\"en-GB\",\"potentialAction\":[{\"@type\":\"ReadAction\",\"target\":[\"https:\\\/\\\/labarraca1912.es\\\/tienda\\\/botanicos-cocteles\\\/gin-spicy-citric\\\/\"]}]},{\"@type\":\"ImageObject\",\"inLanguage\":\"en-GB\",\"@id\":\"https:\\\/\\\/labarraca1912.es\\\/tienda\\\/botanicos-cocteles\\\/gin-spicy-citric\\\/#primaryimage\",\"url\":\"https:\\\/\\\/labarraca1912.es\\\/wp-content\\\/uploads\\\/2019\\\/06\\\/SpicyCitric.jpg\",\"contentUrl\":\"https:\\\/\\\/labarraca1912.es\\\/wp-content\\\/uploads\\\/2019\\\/06\\\/SpicyCitric.jpg\",\"width\":800,\"height\":800},{\"@type\":\"BreadcrumbList\",\"@id\":\"https:\\\/\\\/labarraca1912.es\\\/tienda\\\/botanicos-cocteles\\\/gin-spicy-citric\\\/#breadcrumb\",\"itemListElement\":[{\"@type\":\"ListItem\",\"position\":1,\"name\":\"La Barraca\",\"item\":\"https:\\\/\\\/labarraca1912.es\\\/\"},{\"@type\":\"ListItem\",\"position\":2,\"name\":\"Tienda\",\"item\":\"https:\\\/\\\/labarraca1912.es\\\/tienda\\\/\"},{\"@type\":\"ListItem\",\"position\":3,\"name\":\"Gin Spicy Citric\"}]},{\"@type\":\"WebSite\",\"@id\":\"https:\\\/\\\/labarraca1912.es\\\/#website\",\"url\":\"https:\\\/\\\/labarraca1912.es\\\/\",\"name\":\"La Barraca\",\"description\":\"La Casa del Sabor\",\"publisher\":{\"@id\":\"https:\\\/\\\/labarraca1912.es\\\/#organization\"},\"potentialAction\":[{\"@type\":\"SearchAction\",\"target\":{\"@type\":\"EntryPoint\",\"urlTemplate\":\"https:\\\/\\\/labarraca1912.es\\\/?s={search_term_string}\"},\"query-input\":{\"@type\":\"PropertyValueSpecification\",\"valueRequired\":true,\"valueName\":\"search_term_string\"}}],\"inLanguage\":\"en-GB\"},{\"@type\":\"Organization\",\"@id\":\"https:\\\/\\\/labarraca1912.es\\\/#organization\",\"name\":\"La Barraca 1912 Alimentacion\",\"url\":\"https:\\\/\\\/labarraca1912.es\\\/\",\"logo\":{\"@type\":\"ImageObject\",\"inLanguage\":\"en-GB\",\"@id\":\"https:\\\/\\\/labarraca1912.es\\\/#\\\/schema\\\/logo\\\/image\\\/\",\"url\":\"https:\\\/\\\/labarraca1912.es\\\/wp-content\\\/uploads\\\/2019\\\/06\\\/logo-labarraca.png\",\"contentUrl\":\"https:\\\/\\\/labarraca1912.es\\\/wp-content\\\/uploads\\\/2019\\\/06\\\/logo-labarraca.png\",\"width\":2917,\"height\":1809,\"caption\":\"La Barraca 1912 Alimentacion\"},\"image\":{\"@id\":\"https:\\\/\\\/labarraca1912.es\\\/#\\\/schema\\\/logo\\\/image\\\/\"}}]}<\/script>\n<!-- \/ Yoast SEO plugin. -->","yoast_head_json":{"title":"Gin Spicy Citric - La Barraca","robots":{"index":"index","follow":"follow","max-snippet":"max-snippet:-1","max-image-preview":"max-image-preview:large","max-video-preview":"max-video-preview:-1"},"canonical":"https:\/\/labarraca1912.es\/en\/tienda\/botanicos-cocteles\/gin-spicy-citric\/","og_locale":"en_GB","og_type":"article","og_title":"Gin Spicy Citric - La Barraca","og_description":"Botanical Collection Gin Tonic  La Barraca Alimentaci\u00f3n ha creado Botanical Collection, destinada expresamente para aquellos que no se conforman y quieren hacer de su copa un nuevo mundo de sabores gracias a los bot\u00e1nicos. Se trata de un regalo perfecto o una adquisici\u00f3n para propio consumo que sorprender\u00e1 a todos.  Una selecci\u00f3n minuciosa de bot\u00e1nicos, que aportar\u00e1n unas sensaciones \u00fanicas jam\u00e1s experimentadas en tu copa. S\u00e9 tu propio coctelero, utilizando nuestros bot\u00e1nicos, combin\u00e1ndolos como quieras y sorprende a tus invitados con tus creaciones.  PACK COMPUESTO DE:   An\u00eds Estrellado 10g   Ingredientes: An\u00eds estrellado.\u00a0    Corteza de Naranja 18g   Ingredientes: Corteza de naranja.    Pimienta Rosa 20g   Ingredientes: Pimienta rosa.","og_url":"https:\/\/labarraca1912.es\/en\/tienda\/botanicos-cocteles\/gin-spicy-citric\/","og_site_name":"La Barraca","article_modified_time":"2026-03-09T10:15:47+00:00","og_image":[{"width":800,"height":800,"url":"https:\/\/labarraca1912.es\/wp-content\/uploads\/2019\/06\/SpicyCitric.jpg","type":"image\/jpeg"}],"twitter_card":"summary_large_image","twitter_misc":{"Estimated reading time":"1 minute"},"schema":{"@context":"https:\/\/schema.org","@graph":[{"@type":"WebPage","@id":"https:\/\/labarraca1912.es\/tienda\/botanicos-cocteles\/gin-spicy-citric\/","url":"https:\/\/labarraca1912.es\/tienda\/botanicos-cocteles\/gin-spicy-citric\/","name":"Gin Spicy Citric - La Barraca","isPartOf":{"@id":"https:\/\/labarraca1912.es\/#website"},"primaryImageOfPage":{"@id":"https:\/\/labarraca1912.es\/tienda\/botanicos-cocteles\/gin-spicy-citric\/#primaryimage"},"image":{"@id":"https:\/\/labarraca1912.es\/tienda\/botanicos-cocteles\/gin-spicy-citric\/#primaryimage"},"thumbnailUrl":"https:\/\/labarraca1912.es\/wp-content\/uploads\/2019\/06\/SpicyCitric.jpg","datePublished":"2019-06-26T12:13:56+00:00","dateModified":"2026-03-09T10:15:47+00:00","breadcrumb":{"@id":"https:\/\/labarraca1912.es\/tienda\/botanicos-cocteles\/gin-spicy-citric\/#breadcrumb"},"inLanguage":"en-GB","potentialAction":[{"@type":"ReadAction","target":["https:\/\/labarraca1912.es\/tienda\/botanicos-cocteles\/gin-spicy-citric\/"]}]},{"@type":"ImageObject","inLanguage":"en-GB","@id":"https:\/\/labarraca1912.es\/tienda\/botanicos-cocteles\/gin-spicy-citric\/#primaryimage","url":"https:\/\/labarraca1912.es\/wp-content\/uploads\/2019\/06\/SpicyCitric.jpg","contentUrl":"https:\/\/labarraca1912.es\/wp-content\/uploads\/2019\/06\/SpicyCitric.jpg","width":800,"height":800},{"@type":"BreadcrumbList","@id":"https:\/\/labarraca1912.es\/tienda\/botanicos-cocteles\/gin-spicy-citric\/#breadcrumb","itemListElement":[{"@type":"ListItem","position":1,"name":"La Barraca","item":"https:\/\/labarraca1912.es\/"},{"@type":"ListItem","position":2,"name":"Tienda","item":"https:\/\/labarraca1912.es\/tienda\/"},{"@type":"ListItem","position":3,"name":"Gin Spicy Citric"}]},{"@type":"WebSite","@id":"https:\/\/labarraca1912.es\/#website","url":"https:\/\/labarraca1912.es\/","name":"La Barraca","description":"La Casa del Sabor","publisher":{"@id":"https:\/\/labarraca1912.es\/#organization"},"potentialAction":[{"@type":"SearchAction","target":{"@type":"EntryPoint","urlTemplate":"https:\/\/labarraca1912.es\/?s={search_term_string}"},"query-input":{"@type":"PropertyValueSpecification","valueRequired":true,"valueName":"search_term_string"}}],"inLanguage":"en-GB"},{"@type":"Organization","@id":"https:\/\/labarraca1912.es\/#organization","name":"La Barraca 1912 Alimentacion","url":"https:\/\/labarraca1912.es\/","logo":{"@type":"ImageObject","inLanguage":"en-GB","@id":"https:\/\/labarraca1912.es\/#\/schema\/logo\/image\/","url":"https:\/\/labarraca1912.es\/wp-content\/uploads\/2019\/06\/logo-labarraca.png","contentUrl":"https:\/\/labarraca1912.es\/wp-content\/uploads\/2019\/06\/logo-labarraca.png","width":2917,"height":1809,"caption":"La Barraca 1912 Alimentacion"},"image":{"@id":"https:\/\/labarraca1912.es\/#\/schema\/logo\/image\/"}}]}},"_links":{"self":[{"href":"https:\/\/labarraca1912.es\/en\/wp-json\/wp\/v2\/product\/78","targetHints":{"allow":["GET"]}}],"collection":[{"href":"https:\/\/labarraca1912.es\/en\/wp-json\/wp\/v2\/product"}],"about":[{"href":"https:\/\/labarraca1912.es\/en\/wp-json\/wp\/v2\/types\/product"}],"replies":[{"embeddable":true,"href":"https:\/\/labarraca1912.es\/en\/wp-json\/wp\/v2\/comments?post=78"}],"wp:featuredmedia":[{"embeddable":true,"href":"https:\/\/labarraca1912.es\/en\/wp-json\/wp\/v2\/media\/79"}],"wp:attachment":[{"href":"https:\/\/labarraca1912.es\/en\/wp-json\/wp\/v2\/media?parent=78"}],"wp:term":[{"taxonomy":"product_brand","embeddable":true,"href":"https:\/\/labarraca1912.es\/en\/wp-json\/wp\/v2\/product_brand?post=78"},{"taxonomy":"product_cat","embeddable":true,"href":"https:\/\/labarraca1912.es\/en\/wp-json\/wp\/v2\/product_cat?post=78"},{"taxonomy":"product_tag","embeddable":true,"href":"https:\/\/labarraca1912.es\/en\/wp-json\/wp\/v2\/product_tag?post=78"}],"curies":[{"name":"wp","href":"https:\/\/api.w.org\/{rel}","templated":true}]}}