{"id":8499,"date":"2022-12-19T08:58:40","date_gmt":"2022-12-19T07:58:40","guid":{"rendered":"https:\/\/labarraca1912.es\/?post_type=product&#038;p=8499"},"modified":"2026-04-23T12:23:52","modified_gmt":"2026-04-23T10:23:52","slug":"caja-1000-monodosis-sal-yodada-1g","status":"publish","type":"product","link":"https:\/\/labarraca1912.es\/en\/tienda\/productos-complementarios\/caja-1000-monodosis-sal-yodada-1g\/","title":{"rendered":"Box 1000 Iodized Salt One Dose (1g)"},"content":{"rendered":"<p>IODIZED SALT: Packaged in individual sachets of 1g each. Its origin is from crystallization by thermo compression called Sal Vacuum and subsequent addition of iodine in the form of potassium iodide.<\/p>\n<p><strong>Iodized Salt:<\/strong> It gives a salty flavour to the food it is incorporated.<\/p>","protected":false},"excerpt":{"rendered":"<blockquote>\n<h2><strong>Iodized Salt<\/strong> Box 1000 One Dose<\/h2>\n<\/blockquote>\n<p>Box of 1000 One Dose of Iodized Salt. Packaged in individual sachets of 1g each. Its origin is from crystallization by thermo compression called Sal Vacuum and subsequent addition of iodine in the form of potassium iodide. It gives a salty flavor to the foods it is incorporated.<\/p>\n<p><em><strong>Ingredients:<\/strong> <\/em>Refined salt, iodine (60mg\/kg) and Anti-caking Agent: Sodium ferrocyanide E-535.<\/p>","protected":false},"featured_media":12266,"comment_status":"open","ping_status":"closed","template":"","meta":{"_et_pb_use_builder":"","_et_pb_old_content":"","_et_gb_content_width":""},"product_brand":[],"product_cat":[15],"product_tag":[269,79],"class_list":{"0":"post-8499","1":"product","2":"type-product","3":"status-publish","4":"has-post-thumbnail","6":"product_cat-productos-complementarios","7":"product_tag-monodosis","8":"product_tag-sal","10":"first","11":"instock","12":"taxable","13":"shipping-taxable","14":"purchasable","15":"product-type-simple"},"yoast_head":"<!-- This site is optimized with the Yoast SEO plugin v27.5 - https:\/\/yoast.com\/product\/yoast-seo-wordpress\/ -->\n<title>Caja 1000 Monodosis Sal Yodada (1g) - La Barraca<\/title>\n<meta name=\"robots\" content=\"index, follow, max-snippet:-1, max-image-preview:large, max-video-preview:-1\" \/>\n<link rel=\"canonical\" href=\"https:\/\/labarraca1912.es\/en\/tienda\/productos-complementarios\/caja-1000-monodosis-sal-yodada-1g\/\" \/>\n<meta property=\"og:locale\" content=\"en_GB\" \/>\n<meta property=\"og:type\" content=\"article\" \/>\n<meta property=\"og:title\" content=\"Caja 1000 Monodosis Sal Yodada (1g) - La Barraca\" \/>\n<meta property=\"og:description\" content=\"Sal Yodada Caja 1000 Monodosis  Caja de 1000 Monodosis de Sal Yodada. Envasado en sobres individuales de 1g cada uno. Su origen es de cristalizaci\u00f3n por termo compresi\u00f3n denominada Sal Vacuum y posterior adici\u00f3n de yodo en forma de yoduro pot\u00e1sico. Da un sabor salado a los alimentos que se incorpora.  Ingredientes: Sal refinada, yodo (60mg\/kg) y Antiaglomerante: Ferrocianuro s\u00f3dico E-535.\" \/>\n<meta property=\"og:url\" content=\"https:\/\/labarraca1912.es\/en\/tienda\/productos-complementarios\/caja-1000-monodosis-sal-yodada-1g\/\" \/>\n<meta property=\"og:site_name\" content=\"La Barraca\" \/>\n<meta property=\"article:modified_time\" content=\"2026-04-23T10:23:52+00:00\" \/>\n<meta property=\"og:image\" content=\"https:\/\/labarraca1912.es\/wp-content\/uploads\/Monodosis-Sal.jpg\" \/>\n\t<meta property=\"og:image:width\" content=\"800\" \/>\n\t<meta property=\"og:image:height\" content=\"800\" \/>\n\t<meta property=\"og:image:type\" content=\"image\/jpeg\" \/>\n<meta name=\"twitter:card\" content=\"summary_large_image\" \/>\n<meta name=\"twitter:label1\" content=\"Estimated reading time\" \/>\n\t<meta name=\"twitter:data1\" content=\"1 minute\" \/>\n<script type=\"application\/ld+json\" class=\"yoast-schema-graph\">{\"@context\":\"https:\\\/\\\/schema.org\",\"@graph\":[{\"@type\":\"WebPage\",\"@id\":\"https:\\\/\\\/labarraca1912.es\\\/tienda\\\/productos-complementarios\\\/caja-1000-monodosis-sal-yodada-1g\\\/\",\"url\":\"https:\\\/\\\/labarraca1912.es\\\/tienda\\\/productos-complementarios\\\/caja-1000-monodosis-sal-yodada-1g\\\/\",\"name\":\"Caja 1000 Monodosis Sal Yodada (1g) - La Barraca\",\"isPartOf\":{\"@id\":\"https:\\\/\\\/labarraca1912.es\\\/#website\"},\"primaryImageOfPage\":{\"@id\":\"https:\\\/\\\/labarraca1912.es\\\/tienda\\\/productos-complementarios\\\/caja-1000-monodosis-sal-yodada-1g\\\/#primaryimage\"},\"image\":{\"@id\":\"https:\\\/\\\/labarraca1912.es\\\/tienda\\\/productos-complementarios\\\/caja-1000-monodosis-sal-yodada-1g\\\/#primaryimage\"},\"thumbnailUrl\":\"https:\\\/\\\/labarraca1912.es\\\/wp-content\\\/uploads\\\/Monodosis-Sal.jpg\",\"datePublished\":\"2022-12-19T07:58:40+00:00\",\"dateModified\":\"2026-04-23T10:23:52+00:00\",\"breadcrumb\":{\"@id\":\"https:\\\/\\\/labarraca1912.es\\\/tienda\\\/productos-complementarios\\\/caja-1000-monodosis-sal-yodada-1g\\\/#breadcrumb\"},\"inLanguage\":\"en-GB\",\"potentialAction\":[{\"@type\":\"ReadAction\",\"target\":[\"https:\\\/\\\/labarraca1912.es\\\/tienda\\\/productos-complementarios\\\/caja-1000-monodosis-sal-yodada-1g\\\/\"]}]},{\"@type\":\"ImageObject\",\"inLanguage\":\"en-GB\",\"@id\":\"https:\\\/\\\/labarraca1912.es\\\/tienda\\\/productos-complementarios\\\/caja-1000-monodosis-sal-yodada-1g\\\/#primaryimage\",\"url\":\"https:\\\/\\\/labarraca1912.es\\\/wp-content\\\/uploads\\\/Monodosis-Sal.jpg\",\"contentUrl\":\"https:\\\/\\\/labarraca1912.es\\\/wp-content\\\/uploads\\\/Monodosis-Sal.jpg\",\"width\":800,\"height\":800},{\"@type\":\"BreadcrumbList\",\"@id\":\"https:\\\/\\\/labarraca1912.es\\\/tienda\\\/productos-complementarios\\\/caja-1000-monodosis-sal-yodada-1g\\\/#breadcrumb\",\"itemListElement\":[{\"@type\":\"ListItem\",\"position\":1,\"name\":\"La Barraca\",\"item\":\"https:\\\/\\\/labarraca1912.es\\\/\"},{\"@type\":\"ListItem\",\"position\":2,\"name\":\"Tienda\",\"item\":\"https:\\\/\\\/labarraca1912.es\\\/tienda\\\/\"},{\"@type\":\"ListItem\",\"position\":3,\"name\":\"Caja 1000 Monodosis Sal Yodada (1g)\"}]},{\"@type\":\"WebSite\",\"@id\":\"https:\\\/\\\/labarraca1912.es\\\/#website\",\"url\":\"https:\\\/\\\/labarraca1912.es\\\/\",\"name\":\"La Barraca\",\"description\":\"La Casa del Sabor\",\"publisher\":{\"@id\":\"https:\\\/\\\/labarraca1912.es\\\/#organization\"},\"potentialAction\":[{\"@type\":\"SearchAction\",\"target\":{\"@type\":\"EntryPoint\",\"urlTemplate\":\"https:\\\/\\\/labarraca1912.es\\\/?s={search_term_string}\"},\"query-input\":{\"@type\":\"PropertyValueSpecification\",\"valueRequired\":true,\"valueName\":\"search_term_string\"}}],\"inLanguage\":\"en-GB\"},{\"@type\":\"Organization\",\"@id\":\"https:\\\/\\\/labarraca1912.es\\\/#organization\",\"name\":\"La Barraca 1912 Alimentacion\",\"url\":\"https:\\\/\\\/labarraca1912.es\\\/\",\"logo\":{\"@type\":\"ImageObject\",\"inLanguage\":\"en-GB\",\"@id\":\"https:\\\/\\\/labarraca1912.es\\\/#\\\/schema\\\/logo\\\/image\\\/\",\"url\":\"https:\\\/\\\/labarraca1912.es\\\/wp-content\\\/uploads\\\/2019\\\/06\\\/logo-labarraca.png\",\"contentUrl\":\"https:\\\/\\\/labarraca1912.es\\\/wp-content\\\/uploads\\\/2019\\\/06\\\/logo-labarraca.png\",\"width\":2917,\"height\":1809,\"caption\":\"La Barraca 1912 Alimentacion\"},\"image\":{\"@id\":\"https:\\\/\\\/labarraca1912.es\\\/#\\\/schema\\\/logo\\\/image\\\/\"}}]}<\/script>\n<!-- \/ Yoast SEO plugin. -->","yoast_head_json":{"title":"Caja 1000 Monodosis Sal Yodada (1g) - La Barraca","robots":{"index":"index","follow":"follow","max-snippet":"max-snippet:-1","max-image-preview":"max-image-preview:large","max-video-preview":"max-video-preview:-1"},"canonical":"https:\/\/labarraca1912.es\/en\/tienda\/productos-complementarios\/caja-1000-monodosis-sal-yodada-1g\/","og_locale":"en_GB","og_type":"article","og_title":"Caja 1000 Monodosis Sal Yodada (1g) - La Barraca","og_description":"Sal Yodada Caja 1000 Monodosis  Caja de 1000 Monodosis de Sal Yodada. Envasado en sobres individuales de 1g cada uno. Su origen es de cristalizaci\u00f3n por termo compresi\u00f3n denominada Sal Vacuum y posterior adici\u00f3n de yodo en forma de yoduro pot\u00e1sico. Da un sabor salado a los alimentos que se incorpora.  Ingredientes: Sal refinada, yodo (60mg\/kg) y Antiaglomerante: Ferrocianuro s\u00f3dico E-535.","og_url":"https:\/\/labarraca1912.es\/en\/tienda\/productos-complementarios\/caja-1000-monodosis-sal-yodada-1g\/","og_site_name":"La Barraca","article_modified_time":"2026-04-23T10:23:52+00:00","og_image":[{"width":800,"height":800,"url":"https:\/\/labarraca1912.es\/wp-content\/uploads\/Monodosis-Sal.jpg","type":"image\/jpeg"}],"twitter_card":"summary_large_image","twitter_misc":{"Estimated reading time":"1 minute"},"schema":{"@context":"https:\/\/schema.org","@graph":[{"@type":"WebPage","@id":"https:\/\/labarraca1912.es\/tienda\/productos-complementarios\/caja-1000-monodosis-sal-yodada-1g\/","url":"https:\/\/labarraca1912.es\/tienda\/productos-complementarios\/caja-1000-monodosis-sal-yodada-1g\/","name":"Caja 1000 Monodosis Sal Yodada (1g) - La Barraca","isPartOf":{"@id":"https:\/\/labarraca1912.es\/#website"},"primaryImageOfPage":{"@id":"https:\/\/labarraca1912.es\/tienda\/productos-complementarios\/caja-1000-monodosis-sal-yodada-1g\/#primaryimage"},"image":{"@id":"https:\/\/labarraca1912.es\/tienda\/productos-complementarios\/caja-1000-monodosis-sal-yodada-1g\/#primaryimage"},"thumbnailUrl":"https:\/\/labarraca1912.es\/wp-content\/uploads\/Monodosis-Sal.jpg","datePublished":"2022-12-19T07:58:40+00:00","dateModified":"2026-04-23T10:23:52+00:00","breadcrumb":{"@id":"https:\/\/labarraca1912.es\/tienda\/productos-complementarios\/caja-1000-monodosis-sal-yodada-1g\/#breadcrumb"},"inLanguage":"en-GB","potentialAction":[{"@type":"ReadAction","target":["https:\/\/labarraca1912.es\/tienda\/productos-complementarios\/caja-1000-monodosis-sal-yodada-1g\/"]}]},{"@type":"ImageObject","inLanguage":"en-GB","@id":"https:\/\/labarraca1912.es\/tienda\/productos-complementarios\/caja-1000-monodosis-sal-yodada-1g\/#primaryimage","url":"https:\/\/labarraca1912.es\/wp-content\/uploads\/Monodosis-Sal.jpg","contentUrl":"https:\/\/labarraca1912.es\/wp-content\/uploads\/Monodosis-Sal.jpg","width":800,"height":800},{"@type":"BreadcrumbList","@id":"https:\/\/labarraca1912.es\/tienda\/productos-complementarios\/caja-1000-monodosis-sal-yodada-1g\/#breadcrumb","itemListElement":[{"@type":"ListItem","position":1,"name":"La Barraca","item":"https:\/\/labarraca1912.es\/"},{"@type":"ListItem","position":2,"name":"Tienda","item":"https:\/\/labarraca1912.es\/tienda\/"},{"@type":"ListItem","position":3,"name":"Caja 1000 Monodosis Sal Yodada (1g)"}]},{"@type":"WebSite","@id":"https:\/\/labarraca1912.es\/#website","url":"https:\/\/labarraca1912.es\/","name":"La Barraca","description":"La Casa del Sabor","publisher":{"@id":"https:\/\/labarraca1912.es\/#organization"},"potentialAction":[{"@type":"SearchAction","target":{"@type":"EntryPoint","urlTemplate":"https:\/\/labarraca1912.es\/?s={search_term_string}"},"query-input":{"@type":"PropertyValueSpecification","valueRequired":true,"valueName":"search_term_string"}}],"inLanguage":"en-GB"},{"@type":"Organization","@id":"https:\/\/labarraca1912.es\/#organization","name":"La Barraca 1912 Alimentacion","url":"https:\/\/labarraca1912.es\/","logo":{"@type":"ImageObject","inLanguage":"en-GB","@id":"https:\/\/labarraca1912.es\/#\/schema\/logo\/image\/","url":"https:\/\/labarraca1912.es\/wp-content\/uploads\/2019\/06\/logo-labarraca.png","contentUrl":"https:\/\/labarraca1912.es\/wp-content\/uploads\/2019\/06\/logo-labarraca.png","width":2917,"height":1809,"caption":"La Barraca 1912 Alimentacion"},"image":{"@id":"https:\/\/labarraca1912.es\/#\/schema\/logo\/image\/"}}]}},"_links":{"self":[{"href":"https:\/\/labarraca1912.es\/en\/wp-json\/wp\/v2\/product\/8499","targetHints":{"allow":["GET"]}}],"collection":[{"href":"https:\/\/labarraca1912.es\/en\/wp-json\/wp\/v2\/product"}],"about":[{"href":"https:\/\/labarraca1912.es\/en\/wp-json\/wp\/v2\/types\/product"}],"replies":[{"embeddable":true,"href":"https:\/\/labarraca1912.es\/en\/wp-json\/wp\/v2\/comments?post=8499"}],"wp:featuredmedia":[{"embeddable":true,"href":"https:\/\/labarraca1912.es\/en\/wp-json\/wp\/v2\/media\/12266"}],"wp:attachment":[{"href":"https:\/\/labarraca1912.es\/en\/wp-json\/wp\/v2\/media?parent=8499"}],"wp:term":[{"taxonomy":"product_brand","embeddable":true,"href":"https:\/\/labarraca1912.es\/en\/wp-json\/wp\/v2\/product_brand?post=8499"},{"taxonomy":"product_cat","embeddable":true,"href":"https:\/\/labarraca1912.es\/en\/wp-json\/wp\/v2\/product_cat?post=8499"},{"taxonomy":"product_tag","embeddable":true,"href":"https:\/\/labarraca1912.es\/en\/wp-json\/wp\/v2\/product_tag?post=8499"}],"curies":[{"name":"wp","href":"https:\/\/api.w.org\/{rel}","templated":true}]}}