{"id":87,"date":"2019-06-26T15:06:10","date_gmt":"2019-06-26T13:06:10","guid":{"rendered":"https:\/\/labarraca1912.es\/?post_type=product&#038;p=87"},"modified":"2026-03-22T19:15:40","modified_gmt":"2026-03-22T18:15:40","slug":"rum-mixer","status":"publish","type":"product","link":"https:\/\/labarraca1912.es\/en\/tienda\/botanicos-cocteles\/rum-mixer\/","title":{"rendered":"Rum Mixer"},"content":{"rendered":"<p>BOTANICAL COLLECTION \u2013 RUM MIXER: La Barraca has created <strong>Botanical Collection<\/strong> to enjoy your drink like never before. A selection of botanicals created to bring unique sensations to your cocktail. You can combine our botanicals as you wish and savor every drink of your glass. This magnificent case is composed of 8 botanicals, spoon and dispenser, which will help you prepare your combinations in a more professional way.<\/p>\n<p><strong>Nutmeg<\/strong>: The Nutmeg has a subtle flavour with a pleasant scent which perfectly combines with all sorts of Rum. Grate a bit the nurmeg and season lightly your glass.<\/p>\n<p><strong>Orange Zest<\/strong>: The Orange Zest brings to your Rum cocktail essential oils, flavour and decorate your drink in an unique way.<\/p>\n<p><strong>Allspice<\/strong>: La Pimienta de Jamaica proporciona una mezcla de sabores a tu copa como la canela, nuez moscada, clavo, enebro, pimienta&#8230; Por algo es conocida como \u00abAllspice\u00bb.<\/p>","protected":false},"excerpt":{"rendered":"<blockquote>\n<h2><strong>Botanical Collection<\/strong>\u00a0Rum Mixer<\/h2>\n<\/blockquote>\n<p>La Barraca Alimentaci\u00f3n has created Botanical Collection, specifically intended for those who do not conform and want to make their cocktail a new world of flavors thanks to botanicals. It is a perfect gift or an acquisition for own consumption that will surprise everyone.<\/p>\n<p>A meticulous selection of botanicals, which will provide unique sensations never experienced in your glass. Be your own mixologist, using our botanicals, combining them however you want and surprise your guests with your creations.<\/p>\n<p><em><strong>THIS KIT CONTAINS:<\/strong><\/em><\/p>\n<ul>\n<li><strong>Whole Nutmeg 16g<\/strong>\n<ul>\n<li><em><strong>Ingredients:<\/strong><\/em> Whole nutmeg.<a href=\"https:\/\/labarraca1912.es\/wp-content\/uploads\/FT-NUEZ-MOSCADA-GRANO.pdf\">\u00a0<\/a><\/li>\n<\/ul>\n<\/li>\n<li><strong>Orange Zest 18g<\/strong>\n<ul>\n<li><em><strong>Ingredients:<\/strong><\/em> Orange zest.<\/li>\n<\/ul>\n<\/li>\n<li><strong>Allspice 25g<\/strong>\n<ul>\n<li><em><strong>Ingredients:<\/strong><\/em> Allspice.<\/li>\n<\/ul>\n<\/li>\n<\/ul>","protected":false},"featured_media":88,"comment_status":"open","ping_status":"closed","template":"","meta":{"_et_pb_use_builder":"","_et_pb_old_content":"","_et_gb_content_width":""},"product_brand":[],"product_cat":[24],"product_tag":[27,28,29,30,33,32],"class_list":{"0":"post-87","1":"product","2":"type-product","3":"status-publish","4":"has-post-thumbnail","6":"product_cat-botanicos-cocteles","7":"product_tag-botanicos","8":"product_tag-cocteles","9":"product_tag-ginebra","10":"product_tag-gintonic","11":"product_tag-jamaica","12":"product_tag-ron","14":"first","15":"instock","16":"taxable","17":"shipping-taxable","18":"purchasable","19":"product-type-simple"},"yoast_head":"<!-- This site is optimized with the Yoast SEO plugin v27.5 - https:\/\/yoast.com\/product\/yoast-seo-wordpress\/ -->\n<title>Rum Mixer - La Barraca<\/title>\n<meta name=\"robots\" content=\"index, follow, max-snippet:-1, max-image-preview:large, max-video-preview:-1\" \/>\n<link rel=\"canonical\" href=\"https:\/\/labarraca1912.es\/en\/tienda\/botanicos-cocteles\/rum-mixer\/\" \/>\n<meta property=\"og:locale\" content=\"en_GB\" \/>\n<meta property=\"og:type\" content=\"article\" \/>\n<meta property=\"og:title\" content=\"Rum Mixer - La Barraca\" \/>\n<meta property=\"og:description\" content=\"Botanical Collection\u00a0Rum Mixer  La Barraca Alimentaci\u00f3n ha creado Botanical Collection, destinada expresamente para aquellos que no se conforman y quieren hacer de su copa un nuevo mundo de sabores gracias a los bot\u00e1nicos. Se trata de un regalo perfecto o una adquisici\u00f3n para propio consumo que sorprender\u00e1 a todos.  Una selecci\u00f3n minuciosa de bot\u00e1nicos, que aportar\u00e1n unas sensaciones \u00fanicas jam\u00e1s experimentadas en tu copa. S\u00e9 tu propio coctelero, utilizando nuestros bot\u00e1nicos, combin\u00e1ndolos como quieras y sorprende a tus invitados con tus creaciones.  PACK COMPUESTO DE:   Nuez Moscada Grano 16g   Ingredientes: Nuez moscada grano.\u00a0    Corteza de Naranja 18g   Ingredientes: Corteza de naranja.    Pimienta de Jamaica 25g   Ingredientes: Pimienta de Jamaica.\" \/>\n<meta property=\"og:url\" content=\"https:\/\/labarraca1912.es\/en\/tienda\/botanicos-cocteles\/rum-mixer\/\" \/>\n<meta property=\"og:site_name\" content=\"La Barraca\" \/>\n<meta property=\"article:modified_time\" content=\"2026-03-22T18:15:40+00:00\" \/>\n<meta property=\"og:image\" content=\"https:\/\/labarraca1912.es\/wp-content\/uploads\/2019\/06\/RonMixer.jpg\" \/>\n\t<meta property=\"og:image:width\" content=\"800\" \/>\n\t<meta property=\"og:image:height\" content=\"800\" \/>\n\t<meta property=\"og:image:type\" content=\"image\/jpeg\" \/>\n<meta name=\"twitter:card\" content=\"summary_large_image\" \/>\n<meta name=\"twitter:label1\" content=\"Estimated reading time\" \/>\n\t<meta name=\"twitter:data1\" content=\"1 minute\" \/>\n<script type=\"application\/ld+json\" class=\"yoast-schema-graph\">{\"@context\":\"https:\\\/\\\/schema.org\",\"@graph\":[{\"@type\":\"WebPage\",\"@id\":\"https:\\\/\\\/labarraca1912.es\\\/tienda\\\/botanicos-cocteles\\\/rum-mixer\\\/\",\"url\":\"https:\\\/\\\/labarraca1912.es\\\/tienda\\\/botanicos-cocteles\\\/rum-mixer\\\/\",\"name\":\"Rum Mixer - La Barraca\",\"isPartOf\":{\"@id\":\"https:\\\/\\\/labarraca1912.es\\\/#website\"},\"primaryImageOfPage\":{\"@id\":\"https:\\\/\\\/labarraca1912.es\\\/tienda\\\/botanicos-cocteles\\\/rum-mixer\\\/#primaryimage\"},\"image\":{\"@id\":\"https:\\\/\\\/labarraca1912.es\\\/tienda\\\/botanicos-cocteles\\\/rum-mixer\\\/#primaryimage\"},\"thumbnailUrl\":\"https:\\\/\\\/labarraca1912.es\\\/wp-content\\\/uploads\\\/2019\\\/06\\\/RonMixer.jpg\",\"datePublished\":\"2019-06-26T13:06:10+00:00\",\"dateModified\":\"2026-03-22T18:15:40+00:00\",\"breadcrumb\":{\"@id\":\"https:\\\/\\\/labarraca1912.es\\\/tienda\\\/botanicos-cocteles\\\/rum-mixer\\\/#breadcrumb\"},\"inLanguage\":\"en-GB\",\"potentialAction\":[{\"@type\":\"ReadAction\",\"target\":[\"https:\\\/\\\/labarraca1912.es\\\/tienda\\\/botanicos-cocteles\\\/rum-mixer\\\/\"]}]},{\"@type\":\"ImageObject\",\"inLanguage\":\"en-GB\",\"@id\":\"https:\\\/\\\/labarraca1912.es\\\/tienda\\\/botanicos-cocteles\\\/rum-mixer\\\/#primaryimage\",\"url\":\"https:\\\/\\\/labarraca1912.es\\\/wp-content\\\/uploads\\\/2019\\\/06\\\/RonMixer.jpg\",\"contentUrl\":\"https:\\\/\\\/labarraca1912.es\\\/wp-content\\\/uploads\\\/2019\\\/06\\\/RonMixer.jpg\",\"width\":800,\"height\":800},{\"@type\":\"BreadcrumbList\",\"@id\":\"https:\\\/\\\/labarraca1912.es\\\/tienda\\\/botanicos-cocteles\\\/rum-mixer\\\/#breadcrumb\",\"itemListElement\":[{\"@type\":\"ListItem\",\"position\":1,\"name\":\"La Barraca\",\"item\":\"https:\\\/\\\/labarraca1912.es\\\/\"},{\"@type\":\"ListItem\",\"position\":2,\"name\":\"Tienda\",\"item\":\"https:\\\/\\\/labarraca1912.es\\\/tienda\\\/\"},{\"@type\":\"ListItem\",\"position\":3,\"name\":\"Rum Mixer\"}]},{\"@type\":\"WebSite\",\"@id\":\"https:\\\/\\\/labarraca1912.es\\\/#website\",\"url\":\"https:\\\/\\\/labarraca1912.es\\\/\",\"name\":\"La Barraca\",\"description\":\"La Casa del Sabor\",\"publisher\":{\"@id\":\"https:\\\/\\\/labarraca1912.es\\\/#organization\"},\"potentialAction\":[{\"@type\":\"SearchAction\",\"target\":{\"@type\":\"EntryPoint\",\"urlTemplate\":\"https:\\\/\\\/labarraca1912.es\\\/?s={search_term_string}\"},\"query-input\":{\"@type\":\"PropertyValueSpecification\",\"valueRequired\":true,\"valueName\":\"search_term_string\"}}],\"inLanguage\":\"en-GB\"},{\"@type\":\"Organization\",\"@id\":\"https:\\\/\\\/labarraca1912.es\\\/#organization\",\"name\":\"La Barraca 1912 Alimentacion\",\"url\":\"https:\\\/\\\/labarraca1912.es\\\/\",\"logo\":{\"@type\":\"ImageObject\",\"inLanguage\":\"en-GB\",\"@id\":\"https:\\\/\\\/labarraca1912.es\\\/#\\\/schema\\\/logo\\\/image\\\/\",\"url\":\"https:\\\/\\\/labarraca1912.es\\\/wp-content\\\/uploads\\\/2019\\\/06\\\/logo-labarraca.png\",\"contentUrl\":\"https:\\\/\\\/labarraca1912.es\\\/wp-content\\\/uploads\\\/2019\\\/06\\\/logo-labarraca.png\",\"width\":2917,\"height\":1809,\"caption\":\"La Barraca 1912 Alimentacion\"},\"image\":{\"@id\":\"https:\\\/\\\/labarraca1912.es\\\/#\\\/schema\\\/logo\\\/image\\\/\"}}]}<\/script>\n<!-- \/ Yoast SEO plugin. -->","yoast_head_json":{"title":"Rum Mixer - La Barraca","robots":{"index":"index","follow":"follow","max-snippet":"max-snippet:-1","max-image-preview":"max-image-preview:large","max-video-preview":"max-video-preview:-1"},"canonical":"https:\/\/labarraca1912.es\/en\/tienda\/botanicos-cocteles\/rum-mixer\/","og_locale":"en_GB","og_type":"article","og_title":"Rum Mixer - La Barraca","og_description":"Botanical Collection\u00a0Rum Mixer  La Barraca Alimentaci\u00f3n ha creado Botanical Collection, destinada expresamente para aquellos que no se conforman y quieren hacer de su copa un nuevo mundo de sabores gracias a los bot\u00e1nicos. Se trata de un regalo perfecto o una adquisici\u00f3n para propio consumo que sorprender\u00e1 a todos.  Una selecci\u00f3n minuciosa de bot\u00e1nicos, que aportar\u00e1n unas sensaciones \u00fanicas jam\u00e1s experimentadas en tu copa. S\u00e9 tu propio coctelero, utilizando nuestros bot\u00e1nicos, combin\u00e1ndolos como quieras y sorprende a tus invitados con tus creaciones.  PACK COMPUESTO DE:   Nuez Moscada Grano 16g   Ingredientes: Nuez moscada grano.\u00a0    Corteza de Naranja 18g   Ingredientes: Corteza de naranja.    Pimienta de Jamaica 25g   Ingredientes: Pimienta de Jamaica.","og_url":"https:\/\/labarraca1912.es\/en\/tienda\/botanicos-cocteles\/rum-mixer\/","og_site_name":"La Barraca","article_modified_time":"2026-03-22T18:15:40+00:00","og_image":[{"width":800,"height":800,"url":"https:\/\/labarraca1912.es\/wp-content\/uploads\/2019\/06\/RonMixer.jpg","type":"image\/jpeg"}],"twitter_card":"summary_large_image","twitter_misc":{"Estimated reading time":"1 minute"},"schema":{"@context":"https:\/\/schema.org","@graph":[{"@type":"WebPage","@id":"https:\/\/labarraca1912.es\/tienda\/botanicos-cocteles\/rum-mixer\/","url":"https:\/\/labarraca1912.es\/tienda\/botanicos-cocteles\/rum-mixer\/","name":"Rum Mixer - La Barraca","isPartOf":{"@id":"https:\/\/labarraca1912.es\/#website"},"primaryImageOfPage":{"@id":"https:\/\/labarraca1912.es\/tienda\/botanicos-cocteles\/rum-mixer\/#primaryimage"},"image":{"@id":"https:\/\/labarraca1912.es\/tienda\/botanicos-cocteles\/rum-mixer\/#primaryimage"},"thumbnailUrl":"https:\/\/labarraca1912.es\/wp-content\/uploads\/2019\/06\/RonMixer.jpg","datePublished":"2019-06-26T13:06:10+00:00","dateModified":"2026-03-22T18:15:40+00:00","breadcrumb":{"@id":"https:\/\/labarraca1912.es\/tienda\/botanicos-cocteles\/rum-mixer\/#breadcrumb"},"inLanguage":"en-GB","potentialAction":[{"@type":"ReadAction","target":["https:\/\/labarraca1912.es\/tienda\/botanicos-cocteles\/rum-mixer\/"]}]},{"@type":"ImageObject","inLanguage":"en-GB","@id":"https:\/\/labarraca1912.es\/tienda\/botanicos-cocteles\/rum-mixer\/#primaryimage","url":"https:\/\/labarraca1912.es\/wp-content\/uploads\/2019\/06\/RonMixer.jpg","contentUrl":"https:\/\/labarraca1912.es\/wp-content\/uploads\/2019\/06\/RonMixer.jpg","width":800,"height":800},{"@type":"BreadcrumbList","@id":"https:\/\/labarraca1912.es\/tienda\/botanicos-cocteles\/rum-mixer\/#breadcrumb","itemListElement":[{"@type":"ListItem","position":1,"name":"La Barraca","item":"https:\/\/labarraca1912.es\/"},{"@type":"ListItem","position":2,"name":"Tienda","item":"https:\/\/labarraca1912.es\/tienda\/"},{"@type":"ListItem","position":3,"name":"Rum Mixer"}]},{"@type":"WebSite","@id":"https:\/\/labarraca1912.es\/#website","url":"https:\/\/labarraca1912.es\/","name":"La Barraca","description":"La Casa del Sabor","publisher":{"@id":"https:\/\/labarraca1912.es\/#organization"},"potentialAction":[{"@type":"SearchAction","target":{"@type":"EntryPoint","urlTemplate":"https:\/\/labarraca1912.es\/?s={search_term_string}"},"query-input":{"@type":"PropertyValueSpecification","valueRequired":true,"valueName":"search_term_string"}}],"inLanguage":"en-GB"},{"@type":"Organization","@id":"https:\/\/labarraca1912.es\/#organization","name":"La Barraca 1912 Alimentacion","url":"https:\/\/labarraca1912.es\/","logo":{"@type":"ImageObject","inLanguage":"en-GB","@id":"https:\/\/labarraca1912.es\/#\/schema\/logo\/image\/","url":"https:\/\/labarraca1912.es\/wp-content\/uploads\/2019\/06\/logo-labarraca.png","contentUrl":"https:\/\/labarraca1912.es\/wp-content\/uploads\/2019\/06\/logo-labarraca.png","width":2917,"height":1809,"caption":"La Barraca 1912 Alimentacion"},"image":{"@id":"https:\/\/labarraca1912.es\/#\/schema\/logo\/image\/"}}]}},"_links":{"self":[{"href":"https:\/\/labarraca1912.es\/en\/wp-json\/wp\/v2\/product\/87","targetHints":{"allow":["GET"]}}],"collection":[{"href":"https:\/\/labarraca1912.es\/en\/wp-json\/wp\/v2\/product"}],"about":[{"href":"https:\/\/labarraca1912.es\/en\/wp-json\/wp\/v2\/types\/product"}],"replies":[{"embeddable":true,"href":"https:\/\/labarraca1912.es\/en\/wp-json\/wp\/v2\/comments?post=87"}],"wp:featuredmedia":[{"embeddable":true,"href":"https:\/\/labarraca1912.es\/en\/wp-json\/wp\/v2\/media\/88"}],"wp:attachment":[{"href":"https:\/\/labarraca1912.es\/en\/wp-json\/wp\/v2\/media?parent=87"}],"wp:term":[{"taxonomy":"product_brand","embeddable":true,"href":"https:\/\/labarraca1912.es\/en\/wp-json\/wp\/v2\/product_brand?post=87"},{"taxonomy":"product_cat","embeddable":true,"href":"https:\/\/labarraca1912.es\/en\/wp-json\/wp\/v2\/product_cat?post=87"},{"taxonomy":"product_tag","embeddable":true,"href":"https:\/\/labarraca1912.es\/en\/wp-json\/wp\/v2\/product_tag?post=87"}],"curies":[{"name":"wp","href":"https:\/\/api.w.org\/{rel}","templated":true}]}}