{"id":95,"date":"2019-06-27T12:43:16","date_gmt":"2019-06-27T10:43:16","guid":{"rendered":"https:\/\/labarraca1912.es\/?post_type=product&#038;p=95"},"modified":"2025-09-09T08:11:21","modified_gmt":"2025-09-09T06:11:21","slug":"botanical-collection-estuche-premium","status":"publish","type":"product","link":"https:\/\/labarraca1912.es\/en\/tienda\/botanicos-cocteles\/botanical-collection-estuche-premium\/","title":{"rendered":"Botanical Collection Premium Box"},"content":{"rendered":"<p>BOTANICAL COLLECTION \u2013 PREMIUM BOX: La Barraca has created <strong>Botanical Collection<\/strong> to enjoy your drink like never before. A selection of botanicals created to bring unique sensations to your cocktail. You can combine our botanicals as you wish and savor every drink of your glass. This magnificent case is composed of 8 botanicals, spoon and dispenser, which will help you prepare your combinations in a more professional way.<\/p>\n<p><strong>Juniper Berries:<\/strong> Slightly bitter taste with citric and sweet nuances. Use between 4 and 6 berries with every drink, pressing the berries gently with your fingers allowing them to release their oils.<\/p>\n<p><strong>Cardamom<\/strong>: Its enhance aroma and green colour is ideal for your Gin Tonic. Cardamom powder gives more flavour.<\/p>\n<p><strong>Hibiscus Flower<\/strong>: Its main purpose is to give a reddish colour to your Gin Tonic. The Hibiscus Flower has a light taste of red fruits and has a strong floral aroma.<\/p>\n<p><strong>Liquorice<\/strong>: Notes of balsamic and earthy aromas. One small stick in your glass will slightly sweeten your taste.<\/p>\n<p><strong>Rose Petals<\/strong>: There are several ways to prepare your Gin Tonic, but one of the most colorful and creative is adding some rose petals.<\/p>\n<p><strong>Cinnamon Sticks<\/strong>: Cinnamon give to your Gin Tonic a mild-citric flavour, add a stick and enjoy your cocktail.<\/p>\n<p><strong>Pink Pepper<\/strong>: Pink Pepper blend of flavors between fruity and sweet tastes, a bit spicy, giving a pinkish colour when pressing the berries.<\/p>\n<p><strong>Lemon Zest<\/strong>: Lemon Zest, is a classic in your Gin Tonic, giving its unmistakable citric acid taste.<\/p>\n<p><strong>Spoon:<\/strong> Use this magnificent spoon to put the botanicals in your glass, as well as to pour the gin on it.<\/p>\n<p><strong>Dispenser:<\/strong> With this practical tool you will get the exact measure of gin for your cocktail.<\/p>","protected":false},"excerpt":{"rendered":"<blockquote>\n<h2><strong>Botanical Collection<\/strong>\u00a0Premium Box<\/h2>\n<\/blockquote>\n<p>La Barraca Alimentaci\u00f3n has created Botanical Collection, specifically intended for those who do not conform and want to make their cocktail a new world of flavors thanks to botanicals. It is a perfect gift or an acquisition for own consumption that will surprise everyone.<\/p>\n<p>A meticulous selection of botanicals, which will provide unique sensations never experienced in your glass. Be your own mixologist, using our botanicals, combining them however you want and surprise your guests with your creations.<\/p>\n<p><em><strong>THIS KIT CONTAINS:<\/strong><\/em><\/p>\n<ul>\n<li><strong>Spoon + Dispenser<\/strong><\/li>\n<li><strong>Juniper Berries 24g<\/strong>\n<ul>\n<li><em><strong>Ingredients:<\/strong><\/em> Juniper berries.<a href=\"https:\/\/labarraca1912.es\/wp-content\/uploads\/FT-BAYAS-DE-ENEBRO.pdf\">\u00a0<\/a><\/li>\n<\/ul>\n<\/li>\n<li><strong>Cardamom 24g<\/strong>\n<ul>\n<li><em><strong>Ingredients:<\/strong><\/em> Cardamom.<\/li>\n<\/ul>\n<\/li>\n<li><strong>Hibiscus Flower 8g<\/strong>\n<ul>\n<li><strong><em>Ingredients:<\/em><\/strong> Hibiscus flower. May contain traces of <strong>PEANUTS.<\/strong>.<\/li>\n<\/ul>\n<\/li>\n<li><strong>Liquorice 20g<\/strong>\n<ul>\n<li><em><strong>Ingredients:<\/strong><\/em> Liquorice.<\/li>\n<\/ul>\n<\/li>\n<li><strong>Rose Petals 4g<\/strong>\n<ul>\n<li><em><strong>Ingredients:<\/strong> <\/em>Rose petals.<\/li>\n<\/ul>\n<\/li>\n<li><strong>Cinnamon Sticks 24g<\/strong>\n<ul>\n<li><em><strong>Ingredients:<\/strong><\/em> Cinnamon sticks.<\/li>\n<\/ul>\n<\/li>\n<li><strong>Pink pepper 20g<\/strong>\n<ul>\n<li><em><strong>Ingredients:<\/strong><\/em> Pink pepper.<\/li>\n<\/ul>\n<\/li>\n<li><strong>Lemon Zest 18g<\/strong>\n<ul>\n<li><em><strong>Ingredients:<\/strong><\/em> Lemon zest.<\/li>\n<\/ul>\n<\/li>\n<\/ul>","protected":false},"featured_media":97,"comment_status":"open","ping_status":"closed","template":"","meta":{"_et_pb_use_builder":"","_et_pb_old_content":"","_et_gb_content_width":""},"product_brand":[],"product_cat":[24,215],"product_tag":[27,28,29,30,33,34],"class_list":{"0":"post-95","1":"product","2":"type-product","3":"status-publish","4":"has-post-thumbnail","6":"product_cat-botanicos-cocteles","7":"product_cat-packs-regalo","8":"product_tag-botanicos","9":"product_tag-cocteles","10":"product_tag-ginebra","11":"product_tag-gintonic","12":"product_tag-jamaica","13":"product_tag-vermouth","15":"first","16":"outofstock","17":"taxable","18":"shipping-taxable","19":"purchasable","20":"product-type-simple"},"yoast_head":"<!-- This site is optimized with the Yoast SEO plugin v27.4 - https:\/\/yoast.com\/product\/yoast-seo-wordpress\/ -->\n<title>Botanical Collection Estuche Premium - La Barraca<\/title>\n<meta name=\"robots\" content=\"index, follow, max-snippet:-1, max-image-preview:large, max-video-preview:-1\" \/>\n<link rel=\"canonical\" href=\"https:\/\/labarraca1912.es\/en\/tienda\/botanicos-cocteles\/botanical-collection-estuche-premium\/\" \/>\n<meta property=\"og:locale\" content=\"en_GB\" \/>\n<meta property=\"og:type\" content=\"article\" \/>\n<meta property=\"og:title\" content=\"Botanical Collection Estuche Premium - La Barraca\" \/>\n<meta property=\"og:description\" content=\"Botanical Collection\u00a0Estuche Premium  La Barraca Alimentaci\u00f3n ha creado Botanical Collection, destinada expresamente para aquellos que no se conforman y quieren hacer de su copa un nuevo mundo de sabores gracias a los bot\u00e1nicos. Se trata de un regalo perfecto o una adquisici\u00f3n para propio consumo que sorprender\u00e1 a todos.  Una selecci\u00f3n minuciosa de bot\u00e1nicos, que aportar\u00e1n unas sensaciones \u00fanicas jam\u00e1s experimentadas en tu copa. S\u00e9 tu propio coctelero, utilizando nuestros bot\u00e1nicos, combin\u00e1ndolos como quieras y sorprende a tus invitados con tus creaciones.  PACK COMPUESTO DE:   Cuchara + Dosificador  Bayas de Enebro 24g   Ingredientes: Bayas de enebro.\u00a0    Cardamomo Grano 24g   Ingredientes: Cardamomo grano.    Flor de Hibisco 8g   Ingredientes: Flor de hibisco. Puede contener trazas de CACAHUETES.    Regaliz 20g   Ingredientes: Regaliz.    P\u00e9talos de Rosa 4g   Ingredientes: P\u00e9talos de rosa.    Canela en Rama 24g   Ingredientes: Canela en rama.    Pimienta Rosa 20g   Ingredientes: Pimienta rosa.    Corteza de Lim\u00f3n 18g   Ingredientes: Corteza de lim\u00f3n.\" \/>\n<meta property=\"og:url\" content=\"https:\/\/labarraca1912.es\/en\/tienda\/botanicos-cocteles\/botanical-collection-estuche-premium\/\" \/>\n<meta property=\"og:site_name\" content=\"La Barraca\" \/>\n<meta property=\"article:modified_time\" content=\"2025-09-09T06:11:21+00:00\" \/>\n<meta property=\"og:image\" content=\"https:\/\/labarraca1912.es\/wp-content\/uploads\/2019\/06\/CajaPremium1.jpg\" \/>\n\t<meta property=\"og:image:width\" content=\"800\" \/>\n\t<meta property=\"og:image:height\" content=\"800\" \/>\n\t<meta property=\"og:image:type\" content=\"image\/jpeg\" \/>\n<meta name=\"twitter:card\" content=\"summary_large_image\" \/>\n<meta name=\"twitter:label1\" content=\"Estimated reading time\" \/>\n\t<meta name=\"twitter:data1\" content=\"2 minutes\" \/>\n<script type=\"application\/ld+json\" class=\"yoast-schema-graph\">{\"@context\":\"https:\\\/\\\/schema.org\",\"@graph\":[{\"@type\":\"WebPage\",\"@id\":\"https:\\\/\\\/labarraca1912.es\\\/tienda\\\/botanicos-cocteles\\\/botanical-collection-estuche-premium\\\/\",\"url\":\"https:\\\/\\\/labarraca1912.es\\\/tienda\\\/botanicos-cocteles\\\/botanical-collection-estuche-premium\\\/\",\"name\":\"Botanical Collection Estuche Premium - La Barraca\",\"isPartOf\":{\"@id\":\"https:\\\/\\\/labarraca1912.es\\\/#website\"},\"primaryImageOfPage\":{\"@id\":\"https:\\\/\\\/labarraca1912.es\\\/tienda\\\/botanicos-cocteles\\\/botanical-collection-estuche-premium\\\/#primaryimage\"},\"image\":{\"@id\":\"https:\\\/\\\/labarraca1912.es\\\/tienda\\\/botanicos-cocteles\\\/botanical-collection-estuche-premium\\\/#primaryimage\"},\"thumbnailUrl\":\"https:\\\/\\\/labarraca1912.es\\\/wp-content\\\/uploads\\\/2019\\\/06\\\/CajaPremium1.jpg\",\"datePublished\":\"2019-06-27T10:43:16+00:00\",\"dateModified\":\"2025-09-09T06:11:21+00:00\",\"breadcrumb\":{\"@id\":\"https:\\\/\\\/labarraca1912.es\\\/tienda\\\/botanicos-cocteles\\\/botanical-collection-estuche-premium\\\/#breadcrumb\"},\"inLanguage\":\"en-GB\",\"potentialAction\":[{\"@type\":\"ReadAction\",\"target\":[\"https:\\\/\\\/labarraca1912.es\\\/tienda\\\/botanicos-cocteles\\\/botanical-collection-estuche-premium\\\/\"]}]},{\"@type\":\"ImageObject\",\"inLanguage\":\"en-GB\",\"@id\":\"https:\\\/\\\/labarraca1912.es\\\/tienda\\\/botanicos-cocteles\\\/botanical-collection-estuche-premium\\\/#primaryimage\",\"url\":\"https:\\\/\\\/labarraca1912.es\\\/wp-content\\\/uploads\\\/2019\\\/06\\\/CajaPremium1.jpg\",\"contentUrl\":\"https:\\\/\\\/labarraca1912.es\\\/wp-content\\\/uploads\\\/2019\\\/06\\\/CajaPremium1.jpg\",\"width\":800,\"height\":800},{\"@type\":\"BreadcrumbList\",\"@id\":\"https:\\\/\\\/labarraca1912.es\\\/tienda\\\/botanicos-cocteles\\\/botanical-collection-estuche-premium\\\/#breadcrumb\",\"itemListElement\":[{\"@type\":\"ListItem\",\"position\":1,\"name\":\"La Barraca\",\"item\":\"https:\\\/\\\/labarraca1912.es\\\/\"},{\"@type\":\"ListItem\",\"position\":2,\"name\":\"Tienda\",\"item\":\"https:\\\/\\\/labarraca1912.es\\\/tienda\\\/\"},{\"@type\":\"ListItem\",\"position\":3,\"name\":\"Botanical Collection Estuche Premium\"}]},{\"@type\":\"WebSite\",\"@id\":\"https:\\\/\\\/labarraca1912.es\\\/#website\",\"url\":\"https:\\\/\\\/labarraca1912.es\\\/\",\"name\":\"La Barraca\",\"description\":\"La Casa del Sabor\",\"publisher\":{\"@id\":\"https:\\\/\\\/labarraca1912.es\\\/#organization\"},\"potentialAction\":[{\"@type\":\"SearchAction\",\"target\":{\"@type\":\"EntryPoint\",\"urlTemplate\":\"https:\\\/\\\/labarraca1912.es\\\/?s={search_term_string}\"},\"query-input\":{\"@type\":\"PropertyValueSpecification\",\"valueRequired\":true,\"valueName\":\"search_term_string\"}}],\"inLanguage\":\"en-GB\"},{\"@type\":\"Organization\",\"@id\":\"https:\\\/\\\/labarraca1912.es\\\/#organization\",\"name\":\"La Barraca 1912 Alimentacion\",\"url\":\"https:\\\/\\\/labarraca1912.es\\\/\",\"logo\":{\"@type\":\"ImageObject\",\"inLanguage\":\"en-GB\",\"@id\":\"https:\\\/\\\/labarraca1912.es\\\/#\\\/schema\\\/logo\\\/image\\\/\",\"url\":\"https:\\\/\\\/labarraca1912.es\\\/wp-content\\\/uploads\\\/2019\\\/06\\\/logo-labarraca.png\",\"contentUrl\":\"https:\\\/\\\/labarraca1912.es\\\/wp-content\\\/uploads\\\/2019\\\/06\\\/logo-labarraca.png\",\"width\":2917,\"height\":1809,\"caption\":\"La Barraca 1912 Alimentacion\"},\"image\":{\"@id\":\"https:\\\/\\\/labarraca1912.es\\\/#\\\/schema\\\/logo\\\/image\\\/\"}}]}<\/script>\n<!-- \/ Yoast SEO plugin. -->","yoast_head_json":{"title":"Botanical Collection Estuche Premium - La Barraca","robots":{"index":"index","follow":"follow","max-snippet":"max-snippet:-1","max-image-preview":"max-image-preview:large","max-video-preview":"max-video-preview:-1"},"canonical":"https:\/\/labarraca1912.es\/en\/tienda\/botanicos-cocteles\/botanical-collection-estuche-premium\/","og_locale":"en_GB","og_type":"article","og_title":"Botanical Collection Estuche Premium - La Barraca","og_description":"Botanical Collection\u00a0Estuche Premium  La Barraca Alimentaci\u00f3n ha creado Botanical Collection, destinada expresamente para aquellos que no se conforman y quieren hacer de su copa un nuevo mundo de sabores gracias a los bot\u00e1nicos. Se trata de un regalo perfecto o una adquisici\u00f3n para propio consumo que sorprender\u00e1 a todos.  Una selecci\u00f3n minuciosa de bot\u00e1nicos, que aportar\u00e1n unas sensaciones \u00fanicas jam\u00e1s experimentadas en tu copa. S\u00e9 tu propio coctelero, utilizando nuestros bot\u00e1nicos, combin\u00e1ndolos como quieras y sorprende a tus invitados con tus creaciones.  PACK COMPUESTO DE:   Cuchara + Dosificador  Bayas de Enebro 24g   Ingredientes: Bayas de enebro.\u00a0    Cardamomo Grano 24g   Ingredientes: Cardamomo grano.    Flor de Hibisco 8g   Ingredientes: Flor de hibisco. Puede contener trazas de CACAHUETES.    Regaliz 20g   Ingredientes: Regaliz.    P\u00e9talos de Rosa 4g   Ingredientes: P\u00e9talos de rosa.    Canela en Rama 24g   Ingredientes: Canela en rama.    Pimienta Rosa 20g   Ingredientes: Pimienta rosa.    Corteza de Lim\u00f3n 18g   Ingredientes: Corteza de lim\u00f3n.","og_url":"https:\/\/labarraca1912.es\/en\/tienda\/botanicos-cocteles\/botanical-collection-estuche-premium\/","og_site_name":"La Barraca","article_modified_time":"2025-09-09T06:11:21+00:00","og_image":[{"width":800,"height":800,"url":"https:\/\/labarraca1912.es\/wp-content\/uploads\/2019\/06\/CajaPremium1.jpg","type":"image\/jpeg"}],"twitter_card":"summary_large_image","twitter_misc":{"Estimated reading time":"2 minutes"},"schema":{"@context":"https:\/\/schema.org","@graph":[{"@type":"WebPage","@id":"https:\/\/labarraca1912.es\/tienda\/botanicos-cocteles\/botanical-collection-estuche-premium\/","url":"https:\/\/labarraca1912.es\/tienda\/botanicos-cocteles\/botanical-collection-estuche-premium\/","name":"Botanical Collection Estuche Premium - La Barraca","isPartOf":{"@id":"https:\/\/labarraca1912.es\/#website"},"primaryImageOfPage":{"@id":"https:\/\/labarraca1912.es\/tienda\/botanicos-cocteles\/botanical-collection-estuche-premium\/#primaryimage"},"image":{"@id":"https:\/\/labarraca1912.es\/tienda\/botanicos-cocteles\/botanical-collection-estuche-premium\/#primaryimage"},"thumbnailUrl":"https:\/\/labarraca1912.es\/wp-content\/uploads\/2019\/06\/CajaPremium1.jpg","datePublished":"2019-06-27T10:43:16+00:00","dateModified":"2025-09-09T06:11:21+00:00","breadcrumb":{"@id":"https:\/\/labarraca1912.es\/tienda\/botanicos-cocteles\/botanical-collection-estuche-premium\/#breadcrumb"},"inLanguage":"en-GB","potentialAction":[{"@type":"ReadAction","target":["https:\/\/labarraca1912.es\/tienda\/botanicos-cocteles\/botanical-collection-estuche-premium\/"]}]},{"@type":"ImageObject","inLanguage":"en-GB","@id":"https:\/\/labarraca1912.es\/tienda\/botanicos-cocteles\/botanical-collection-estuche-premium\/#primaryimage","url":"https:\/\/labarraca1912.es\/wp-content\/uploads\/2019\/06\/CajaPremium1.jpg","contentUrl":"https:\/\/labarraca1912.es\/wp-content\/uploads\/2019\/06\/CajaPremium1.jpg","width":800,"height":800},{"@type":"BreadcrumbList","@id":"https:\/\/labarraca1912.es\/tienda\/botanicos-cocteles\/botanical-collection-estuche-premium\/#breadcrumb","itemListElement":[{"@type":"ListItem","position":1,"name":"La Barraca","item":"https:\/\/labarraca1912.es\/"},{"@type":"ListItem","position":2,"name":"Tienda","item":"https:\/\/labarraca1912.es\/tienda\/"},{"@type":"ListItem","position":3,"name":"Botanical Collection Estuche Premium"}]},{"@type":"WebSite","@id":"https:\/\/labarraca1912.es\/#website","url":"https:\/\/labarraca1912.es\/","name":"La Barraca","description":"La Casa del Sabor","publisher":{"@id":"https:\/\/labarraca1912.es\/#organization"},"potentialAction":[{"@type":"SearchAction","target":{"@type":"EntryPoint","urlTemplate":"https:\/\/labarraca1912.es\/?s={search_term_string}"},"query-input":{"@type":"PropertyValueSpecification","valueRequired":true,"valueName":"search_term_string"}}],"inLanguage":"en-GB"},{"@type":"Organization","@id":"https:\/\/labarraca1912.es\/#organization","name":"La Barraca 1912 Alimentacion","url":"https:\/\/labarraca1912.es\/","logo":{"@type":"ImageObject","inLanguage":"en-GB","@id":"https:\/\/labarraca1912.es\/#\/schema\/logo\/image\/","url":"https:\/\/labarraca1912.es\/wp-content\/uploads\/2019\/06\/logo-labarraca.png","contentUrl":"https:\/\/labarraca1912.es\/wp-content\/uploads\/2019\/06\/logo-labarraca.png","width":2917,"height":1809,"caption":"La Barraca 1912 Alimentacion"},"image":{"@id":"https:\/\/labarraca1912.es\/#\/schema\/logo\/image\/"}}]}},"_links":{"self":[{"href":"https:\/\/labarraca1912.es\/en\/wp-json\/wp\/v2\/product\/95","targetHints":{"allow":["GET"]}}],"collection":[{"href":"https:\/\/labarraca1912.es\/en\/wp-json\/wp\/v2\/product"}],"about":[{"href":"https:\/\/labarraca1912.es\/en\/wp-json\/wp\/v2\/types\/product"}],"replies":[{"embeddable":true,"href":"https:\/\/labarraca1912.es\/en\/wp-json\/wp\/v2\/comments?post=95"}],"wp:featuredmedia":[{"embeddable":true,"href":"https:\/\/labarraca1912.es\/en\/wp-json\/wp\/v2\/media\/97"}],"wp:attachment":[{"href":"https:\/\/labarraca1912.es\/en\/wp-json\/wp\/v2\/media?parent=95"}],"wp:term":[{"taxonomy":"product_brand","embeddable":true,"href":"https:\/\/labarraca1912.es\/en\/wp-json\/wp\/v2\/product_brand?post=95"},{"taxonomy":"product_cat","embeddable":true,"href":"https:\/\/labarraca1912.es\/en\/wp-json\/wp\/v2\/product_cat?post=95"},{"taxonomy":"product_tag","embeddable":true,"href":"https:\/\/labarraca1912.es\/en\/wp-json\/wp\/v2\/product_tag?post=95"}],"curies":[{"name":"wp","href":"https:\/\/api.w.org\/{rel}","templated":true}]}}