{"id":99,"date":"2019-06-27T13:13:57","date_gmt":"2019-06-27T11:13:57","guid":{"rendered":"https:\/\/labarraca1912.es\/?post_type=product&#038;p=99"},"modified":"2026-03-22T19:15:40","modified_gmt":"2026-03-22T18:15:40","slug":"lata-10g-azafran-hebra","status":"publish","type":"product","link":"https:\/\/labarraca1912.es\/en\/tienda\/azafran\/lata-10g-azafran-hebra\/","title":{"rendered":"Saffron Strands Tin 10g"},"content":{"rendered":"<p>SAFFRON STRANDS - TIN 10G: Saffron is one of the most appreciated and used spices since ancient times, both for its flavor and its aroma. Coming from the east, its cultivation and harvesting needs careful care. The parts of the plant used to make saffron are the stigmas of the flower, which are dried and roasted. As for its gastronomic use, it is specially destined for rice, paella, brown rice, risotos, pasta, soups, fish, seafood, sauces to which saffron will provide aroma, flavor and a golden color.<\/p>\n<p><strong>Saffron Strands:<\/strong>\u00a0Spice very appreciated for his aroma, flavour and golden colour.<\/p>","protected":false},"excerpt":{"rendered":"<blockquote>\n<h2><strong>Saffron Strands<\/strong>\u00a0Tin 10g<\/h2>\n<\/blockquote>\n<p>Saffron is one of the most appreciated and used spices since ancient times, both for its flavor and its aroma. Coming from the east, its cultivation and harvesting needs careful care. The parts of the plant used to make saffron are the stigmas of the flower, which are dried and roasted. As for its gastronomic use, it is specially destined for rice, paella, brown rice, risotos, pasta, soups, fish, seafood, sauces to which saffron will provide aroma, flavor and a golden color.<\/p>\n<p>The 10g Tin is based on the traditional format in which saffron was once packaged, a tin with the image of La Barraca, representative of the company.<\/p>\n<p><em><strong>Ingredients:<\/strong><\/em> Saffron strands.<\/p>","protected":false},"featured_media":100,"comment_status":"open","ping_status":"closed","template":"","meta":{"_et_pb_use_builder":"off","_et_pb_old_content":"AZAFR\u00c1N HEBRA - LATA 10G: El Azafr\u00e1n es una de las especias m\u00e1s apreciadas y utilizadas desde tiempos remotos, tanto por su sabor como por su aroma. Procedente de oriente, su cultivo y recolecci\u00f3n necesita de un esmerado cuidado. Las partes de la planta utilizadas para la elaboraci\u00f3n del azafr\u00e1n son los estigmas de la flor, que se secan y se tuestan. En cuanto a su uso gastron\u00f3mico est\u00e1 especialmente destinado para arroces, paellas, arroz a banda, risotos, pastas, sopas, pescados, mariscos, salsas a los que el azafr\u00e1n aportar\u00e1 aroma, sabor y un color dorado.\r\n\r\n<strong>Azafr\u00e1n Hebra:<\/strong>\u00a0Especia muy apreciada por su aroma, sabor y color dorado que aporta a las comidas.","_et_gb_content_width":""},"product_brand":[],"product_cat":[17,122],"product_tag":[39,35,38,36,37],"class_list":{"0":"post-99","1":"product","2":"type-product","3":"status-publish","4":"has-post-thumbnail","6":"product_cat-azafran","7":"product_cat-productos-paella","8":"product_tag-arroz","9":"product_tag-azafran","10":"product_tag-colorante","11":"product_tag-paella","12":"product_tag-saffron","14":"first","15":"instock","16":"featured","17":"taxable","18":"shipping-taxable","19":"purchasable","20":"product-type-simple"},"yoast_head":"<!-- This site is optimized with the Yoast SEO plugin v27.4 - https:\/\/yoast.com\/product\/yoast-seo-wordpress\/ -->\n<title>Comprar lara de 10g Azafr\u00e1n en hebras | La Barraca<\/title>\n<meta name=\"description\" content=\"Comprar lata de 10g de azafr\u00e1n en hebras de alta calidad al mejor precio. Descubre el precio del azafr\u00e1n en hebras y disfruta de un sabor \u00fanico en tus recetas.\" \/>\n<meta name=\"robots\" content=\"index, follow, max-snippet:-1, max-image-preview:large, max-video-preview:-1\" \/>\n<link rel=\"canonical\" href=\"https:\/\/labarraca1912.es\/en\/tienda\/azafran\/lata-10g-azafran-hebra\/\" \/>\n<meta property=\"og:locale\" content=\"en_GB\" \/>\n<meta property=\"og:type\" content=\"article\" \/>\n<meta property=\"og:title\" content=\"Comprar lara de 10g Azafr\u00e1n en hebras | La Barraca\" \/>\n<meta property=\"og:description\" content=\"Comprar lata de 10g de azafr\u00e1n en hebras de alta calidad al mejor precio. Descubre el precio del azafr\u00e1n en hebras y disfruta de un sabor \u00fanico en tus recetas.\" \/>\n<meta property=\"og:url\" content=\"https:\/\/labarraca1912.es\/en\/tienda\/azafran\/lata-10g-azafran-hebra\/\" \/>\n<meta property=\"og:site_name\" content=\"La Barraca\" \/>\n<meta property=\"article:modified_time\" content=\"2026-03-22T18:15:40+00:00\" \/>\n<meta property=\"og:image\" content=\"https:\/\/labarraca1912.es\/wp-content\/uploads\/2019\/06\/Lata10.jpg\" \/>\n\t<meta property=\"og:image:width\" content=\"800\" \/>\n\t<meta property=\"og:image:height\" content=\"800\" \/>\n\t<meta property=\"og:image:type\" content=\"image\/jpeg\" \/>\n<meta name=\"twitter:card\" content=\"summary_large_image\" \/>\n<meta name=\"twitter:label1\" content=\"Estimated reading time\" \/>\n\t<meta name=\"twitter:data1\" content=\"1 minute\" \/>\n<script type=\"application\/ld+json\" class=\"yoast-schema-graph\">{\"@context\":\"https:\\\/\\\/schema.org\",\"@graph\":[{\"@type\":\"WebPage\",\"@id\":\"https:\\\/\\\/labarraca1912.es\\\/tienda\\\/azafran\\\/lata-10g-azafran-hebra\\\/\",\"url\":\"https:\\\/\\\/labarraca1912.es\\\/tienda\\\/azafran\\\/lata-10g-azafran-hebra\\\/\",\"name\":\"Comprar lara de 10g Azafr\u00e1n en hebras | La Barraca\",\"isPartOf\":{\"@id\":\"https:\\\/\\\/labarraca1912.es\\\/#website\"},\"primaryImageOfPage\":{\"@id\":\"https:\\\/\\\/labarraca1912.es\\\/tienda\\\/azafran\\\/lata-10g-azafran-hebra\\\/#primaryimage\"},\"image\":{\"@id\":\"https:\\\/\\\/labarraca1912.es\\\/tienda\\\/azafran\\\/lata-10g-azafran-hebra\\\/#primaryimage\"},\"thumbnailUrl\":\"https:\\\/\\\/labarraca1912.es\\\/wp-content\\\/uploads\\\/2019\\\/06\\\/Lata10.jpg\",\"datePublished\":\"2019-06-27T11:13:57+00:00\",\"dateModified\":\"2026-03-22T18:15:40+00:00\",\"description\":\"Comprar lata de 10g de azafr\u00e1n en hebras de alta calidad al mejor precio. Descubre el precio del azafr\u00e1n en hebras y disfruta de un sabor \u00fanico en tus recetas.\",\"breadcrumb\":{\"@id\":\"https:\\\/\\\/labarraca1912.es\\\/tienda\\\/azafran\\\/lata-10g-azafran-hebra\\\/#breadcrumb\"},\"inLanguage\":\"en-GB\",\"potentialAction\":[{\"@type\":\"ReadAction\",\"target\":[\"https:\\\/\\\/labarraca1912.es\\\/tienda\\\/azafran\\\/lata-10g-azafran-hebra\\\/\"]}]},{\"@type\":\"ImageObject\",\"inLanguage\":\"en-GB\",\"@id\":\"https:\\\/\\\/labarraca1912.es\\\/tienda\\\/azafran\\\/lata-10g-azafran-hebra\\\/#primaryimage\",\"url\":\"https:\\\/\\\/labarraca1912.es\\\/wp-content\\\/uploads\\\/2019\\\/06\\\/Lata10.jpg\",\"contentUrl\":\"https:\\\/\\\/labarraca1912.es\\\/wp-content\\\/uploads\\\/2019\\\/06\\\/Lata10.jpg\",\"width\":800,\"height\":800},{\"@type\":\"BreadcrumbList\",\"@id\":\"https:\\\/\\\/labarraca1912.es\\\/tienda\\\/azafran\\\/lata-10g-azafran-hebra\\\/#breadcrumb\",\"itemListElement\":[{\"@type\":\"ListItem\",\"position\":1,\"name\":\"La Barraca\",\"item\":\"https:\\\/\\\/labarraca1912.es\\\/\"},{\"@type\":\"ListItem\",\"position\":2,\"name\":\"Tienda\",\"item\":\"https:\\\/\\\/labarraca1912.es\\\/tienda\\\/\"},{\"@type\":\"ListItem\",\"position\":3,\"name\":\"Azafr\u00e1n Hebra Lata 10g\"}]},{\"@type\":\"WebSite\",\"@id\":\"https:\\\/\\\/labarraca1912.es\\\/#website\",\"url\":\"https:\\\/\\\/labarraca1912.es\\\/\",\"name\":\"La Barraca\",\"description\":\"La Casa del Sabor\",\"publisher\":{\"@id\":\"https:\\\/\\\/labarraca1912.es\\\/#organization\"},\"potentialAction\":[{\"@type\":\"SearchAction\",\"target\":{\"@type\":\"EntryPoint\",\"urlTemplate\":\"https:\\\/\\\/labarraca1912.es\\\/?s={search_term_string}\"},\"query-input\":{\"@type\":\"PropertyValueSpecification\",\"valueRequired\":true,\"valueName\":\"search_term_string\"}}],\"inLanguage\":\"en-GB\"},{\"@type\":\"Organization\",\"@id\":\"https:\\\/\\\/labarraca1912.es\\\/#organization\",\"name\":\"La Barraca 1912 Alimentacion\",\"url\":\"https:\\\/\\\/labarraca1912.es\\\/\",\"logo\":{\"@type\":\"ImageObject\",\"inLanguage\":\"en-GB\",\"@id\":\"https:\\\/\\\/labarraca1912.es\\\/#\\\/schema\\\/logo\\\/image\\\/\",\"url\":\"https:\\\/\\\/labarraca1912.es\\\/wp-content\\\/uploads\\\/2019\\\/06\\\/logo-labarraca.png\",\"contentUrl\":\"https:\\\/\\\/labarraca1912.es\\\/wp-content\\\/uploads\\\/2019\\\/06\\\/logo-labarraca.png\",\"width\":2917,\"height\":1809,\"caption\":\"La Barraca 1912 Alimentacion\"},\"image\":{\"@id\":\"https:\\\/\\\/labarraca1912.es\\\/#\\\/schema\\\/logo\\\/image\\\/\"}}]}<\/script>\n<!-- \/ Yoast SEO plugin. -->","yoast_head_json":{"title":"Comprar lara de 10g Azafr\u00e1n en hebras | La Barraca","description":"Comprar lata de 10g de azafr\u00e1n en hebras de alta calidad al mejor precio. Descubre el precio del azafr\u00e1n en hebras y disfruta de un sabor \u00fanico en tus recetas.","robots":{"index":"index","follow":"follow","max-snippet":"max-snippet:-1","max-image-preview":"max-image-preview:large","max-video-preview":"max-video-preview:-1"},"canonical":"https:\/\/labarraca1912.es\/en\/tienda\/azafran\/lata-10g-azafran-hebra\/","og_locale":"en_GB","og_type":"article","og_title":"Comprar lara de 10g Azafr\u00e1n en hebras | La Barraca","og_description":"Comprar lata de 10g de azafr\u00e1n en hebras de alta calidad al mejor precio. Descubre el precio del azafr\u00e1n en hebras y disfruta de un sabor \u00fanico en tus recetas.","og_url":"https:\/\/labarraca1912.es\/en\/tienda\/azafran\/lata-10g-azafran-hebra\/","og_site_name":"La Barraca","article_modified_time":"2026-03-22T18:15:40+00:00","og_image":[{"width":800,"height":800,"url":"https:\/\/labarraca1912.es\/wp-content\/uploads\/2019\/06\/Lata10.jpg","type":"image\/jpeg"}],"twitter_card":"summary_large_image","twitter_misc":{"Estimated reading time":"1 minute"},"schema":{"@context":"https:\/\/schema.org","@graph":[{"@type":"WebPage","@id":"https:\/\/labarraca1912.es\/tienda\/azafran\/lata-10g-azafran-hebra\/","url":"https:\/\/labarraca1912.es\/tienda\/azafran\/lata-10g-azafran-hebra\/","name":"Comprar lara de 10g Azafr\u00e1n en hebras | La Barraca","isPartOf":{"@id":"https:\/\/labarraca1912.es\/#website"},"primaryImageOfPage":{"@id":"https:\/\/labarraca1912.es\/tienda\/azafran\/lata-10g-azafran-hebra\/#primaryimage"},"image":{"@id":"https:\/\/labarraca1912.es\/tienda\/azafran\/lata-10g-azafran-hebra\/#primaryimage"},"thumbnailUrl":"https:\/\/labarraca1912.es\/wp-content\/uploads\/2019\/06\/Lata10.jpg","datePublished":"2019-06-27T11:13:57+00:00","dateModified":"2026-03-22T18:15:40+00:00","description":"Comprar lata de 10g de azafr\u00e1n en hebras de alta calidad al mejor precio. Descubre el precio del azafr\u00e1n en hebras y disfruta de un sabor \u00fanico en tus recetas.","breadcrumb":{"@id":"https:\/\/labarraca1912.es\/tienda\/azafran\/lata-10g-azafran-hebra\/#breadcrumb"},"inLanguage":"en-GB","potentialAction":[{"@type":"ReadAction","target":["https:\/\/labarraca1912.es\/tienda\/azafran\/lata-10g-azafran-hebra\/"]}]},{"@type":"ImageObject","inLanguage":"en-GB","@id":"https:\/\/labarraca1912.es\/tienda\/azafran\/lata-10g-azafran-hebra\/#primaryimage","url":"https:\/\/labarraca1912.es\/wp-content\/uploads\/2019\/06\/Lata10.jpg","contentUrl":"https:\/\/labarraca1912.es\/wp-content\/uploads\/2019\/06\/Lata10.jpg","width":800,"height":800},{"@type":"BreadcrumbList","@id":"https:\/\/labarraca1912.es\/tienda\/azafran\/lata-10g-azafran-hebra\/#breadcrumb","itemListElement":[{"@type":"ListItem","position":1,"name":"La Barraca","item":"https:\/\/labarraca1912.es\/"},{"@type":"ListItem","position":2,"name":"Tienda","item":"https:\/\/labarraca1912.es\/tienda\/"},{"@type":"ListItem","position":3,"name":"Azafr\u00e1n Hebra Lata 10g"}]},{"@type":"WebSite","@id":"https:\/\/labarraca1912.es\/#website","url":"https:\/\/labarraca1912.es\/","name":"La Barraca","description":"La Casa del Sabor","publisher":{"@id":"https:\/\/labarraca1912.es\/#organization"},"potentialAction":[{"@type":"SearchAction","target":{"@type":"EntryPoint","urlTemplate":"https:\/\/labarraca1912.es\/?s={search_term_string}"},"query-input":{"@type":"PropertyValueSpecification","valueRequired":true,"valueName":"search_term_string"}}],"inLanguage":"en-GB"},{"@type":"Organization","@id":"https:\/\/labarraca1912.es\/#organization","name":"La Barraca 1912 Alimentacion","url":"https:\/\/labarraca1912.es\/","logo":{"@type":"ImageObject","inLanguage":"en-GB","@id":"https:\/\/labarraca1912.es\/#\/schema\/logo\/image\/","url":"https:\/\/labarraca1912.es\/wp-content\/uploads\/2019\/06\/logo-labarraca.png","contentUrl":"https:\/\/labarraca1912.es\/wp-content\/uploads\/2019\/06\/logo-labarraca.png","width":2917,"height":1809,"caption":"La Barraca 1912 Alimentacion"},"image":{"@id":"https:\/\/labarraca1912.es\/#\/schema\/logo\/image\/"}}]}},"_links":{"self":[{"href":"https:\/\/labarraca1912.es\/en\/wp-json\/wp\/v2\/product\/99","targetHints":{"allow":["GET"]}}],"collection":[{"href":"https:\/\/labarraca1912.es\/en\/wp-json\/wp\/v2\/product"}],"about":[{"href":"https:\/\/labarraca1912.es\/en\/wp-json\/wp\/v2\/types\/product"}],"replies":[{"embeddable":true,"href":"https:\/\/labarraca1912.es\/en\/wp-json\/wp\/v2\/comments?post=99"}],"wp:featuredmedia":[{"embeddable":true,"href":"https:\/\/labarraca1912.es\/en\/wp-json\/wp\/v2\/media\/100"}],"wp:attachment":[{"href":"https:\/\/labarraca1912.es\/en\/wp-json\/wp\/v2\/media?parent=99"}],"wp:term":[{"taxonomy":"product_brand","embeddable":true,"href":"https:\/\/labarraca1912.es\/en\/wp-json\/wp\/v2\/product_brand?post=99"},{"taxonomy":"product_cat","embeddable":true,"href":"https:\/\/labarraca1912.es\/en\/wp-json\/wp\/v2\/product_cat?post=99"},{"taxonomy":"product_tag","embeddable":true,"href":"https:\/\/labarraca1912.es\/en\/wp-json\/wp\/v2\/product_tag?post=99"}],"curies":[{"name":"wp","href":"https:\/\/api.w.org\/{rel}","templated":true}]}}