{"id":3697,"date":"2020-01-20T13:35:56","date_gmt":"2020-01-20T12:35:56","guid":{"rendered":"https:\/\/labarraca1912.es\/?page_id=3697"},"modified":"2020-01-20T13:39:38","modified_gmt":"2020-01-20T12:39:38","slug":"tomillo-hoja-bio","status":"publish","type":"page","link":"https:\/\/labarraca1912.es\/fr\/tomillo-hoja-bio\/","title":{"rendered":"Tomillo Hoja BIO"},"content":{"rendered":"<p>[et_pb_section fb_built=\u00bb1&#8243; _builder_version=\u00bb3.29.3&#8243; use_background_color_gradient=\u00bbon\u00bb background_color_gradient_start=\u00bbrgba(255,255,255,0.51)\u00bb background_color_gradient_end=\u00bbrgba(255,255,255,0.51)\u00bb background_color_gradient_overlays_image=\u00bbon\u00bb background_image=\u00bbhttps:\/\/labarraca1912.es\/wp-content\/uploads\/2020\/01\/PantallaBioEspecias-scaled.jpg\u00bb background_position=\u00bbbottom_left\u00bb background_blend=\u00bbmultiply\u00bb custom_padding=\u00bb14em|1px|14em|46px|true|false\u00bb fb_built=\u00bb1&#8243; _i=\u00bb0&#8243; _address=\u00bb0&#8243;][et_pb_row _builder_version=\u00bb3.29.3&#8243; min_height=\u00bb103px\u00bb custom_margin=\u00bb|252px|-8px|auto||\u00bb _i=\u00bb0&#8243; _address=\u00bb0.0&#8243;][et_pb_column type=\u00bb4_4&#8243; _builder_version=\u00bb3.26.3&#8243; _i=\u00bb0&#8243; _address=\u00bb0.0.0&#8243;][et_pb_text _builder_version=\u00bb3.27.4&#8243; header_font_size=\u00bb60px\u00bb _i=\u00bb0&#8243; _address=\u00bb0.0.0.0&#8243;]<\/p>\n<h1><\/h1>\n<p>[\/et_pb_text][\/et_pb_column][\/et_pb_row][et_pb_row _builder_version=\u00bb3.29.3&#8243; custom_margin=\u00bb|331px||auto||\u00bb custom_padding=\u00bb|||0px||\u00bb _i=\u00bb1&#8243; _address=\u00bb0.1&#8243;][et_pb_column type=\u00bb4_4&#8243; _builder_version=\u00bb3.29.3&#8243; _i=\u00bb0&#8243; _address=\u00bb0.1.0&#8243;][et_pb_text _builder_version=\u00bb3.29.3&#8243; text_text_color=\u00bb#252525&#8243; text_font_size=\u00bb43px\u00bb header_text_color=\u00bb#252525&#8243; header_font_size=\u00bb59px\u00bb _i=\u00bb0&#8243; _address=\u00bb0.1.0.0&#8243;]<\/p>\n<h1 style=\"text-align: center; padding-left: 360px;\">Tomillo Hoja<\/h1>\n<p>[\/et_pb_text][\/et_pb_column][\/et_pb_row][\/et_pb_section][et_pb_section fb_built=\u00bb1&#8243; _builder_version=\u00bb3.29.3&#8243; background_enable_color=\u00bboff\u00bb fb_built=\u00bb1&#8243; _i=\u00bb1&#8243; _address=\u00bb1&#8243;][et_pb_row column_structure=\u00bb2_5,3_5&#8243; _builder_version=\u00bb3.29.3&#8243; width=\u00bb60%\u00bb max_width=\u00bb100%\u00bb animation_style=\u00bbslide\u00bb animation_direction=\u00bbbottom\u00bb _i=\u00bb0&#8243; _address=\u00bb1.0&#8243;][et_pb_column type=\u00bb2_5&#8243; _builder_version=\u00bb3.26.3&#8243; _i=\u00bb0&#8243; _address=\u00bb1.0.0&#8243;][et_pb_image src=\u00bbhttps:\/\/labarraca1912.es\/wp-content\/uploads\/2020\/01\/tomillo.jpg\u00bb _builder_version=\u00bb3.29.3&#8243; hover_enabled=\u00bb0&#8243; box_shadow_style=\u00bbpreset2&#8243; _i=\u00bb0&#8243; _address=\u00bb1.0.0.0&#8243;][\/et_pb_image][\/et_pb_column][et_pb_column type=\u00bb3_5&#8243; _builder_version=\u00bb3.26.3&#8243; custom_padding=\u00bb5em|10em|||false|false\u00bb _i=\u00bb1&#8243; _address=\u00bb1.0.1&#8243;][et_pb_text _builder_version=\u00bb3.29.3&#8243; text_font_size=\u00bb16px\u00bb text_line_height=\u00bb2em\u00bb custom_margin=\u00bb-27px|||||\u00bb hover_enabled=\u00bb0&#8243; _i=\u00bb0&#8243; _address=\u00bb1.0.1.0&#8243;]<\/p>\n<p>Hojas sanas, limpias y desecadas de color verde gris\u00e1ceo de olor y sabor caracter\u00edstico.<br \/>Se usa para elaborar pur\u00e9s, guisos con legumbres, verduras, salsas, sopas y para condimentar carnes preparadas a la barbacoa.<\/p>\n<p>[\/et_pb_text][et_pb_button button_url=\u00bbhttps:\/\/labarraca1912.es\/\/fichas-bio\/FT%20TOMILLO%20HOJA%20BIO.pdf\u00bb url_new_window=\u00bbon\u00bb button_text=\u00bbFICHA T\u00c9CNICA\u00bb _builder_version=\u00bb3.29.3&#8243; custom_button=\u00bbon\u00bb button_text_size=\u00bb14px\u00bb button_text_color=\u00bb#ffffff\u00bb button_bg_color=\u00bb#7cda24&#8243; button_border_width=\u00bb2px\u00bb button_border_radius=\u00bb3px\u00bb button_letter_spacing=\u00bb0px\u00bb button_use_icon=\u00bboff\u00bb hover_enabled=\u00bb0&#8243; box_shadow_style=\u00bbpreset2&#8243; button_text_color__hover_enabled=\u00bbon\u00bb button_text_color__hover=\u00bb#ffffff\u00bb _i=\u00bb1&#8243; _address=\u00bb1.0.1.1&#8243; button_bg_enable_color=\u00bbon\u00bb][\/et_pb_button][\/et_pb_column][\/et_pb_row][\/et_pb_section][et_pb_section fb_built=\u00bb1&#8243; _builder_version=\u00bb3.26.3&#8243; fb_built=\u00bb1&#8243; _i=\u00bb2&#8243; _address=\u00bb2&#8243;][et_pb_row _builder_version=\u00bb3.26.3&#8243; width=\u00bb60%\u00bb max_width=\u00bb100%\u00bb _i=\u00bb0&#8243; _address=\u00bb2.0&#8243;][et_pb_column type=\u00bb4_4&#8243; _builder_version=\u00bb3.26.3&#8243; _i=\u00bb0&#8243; _address=\u00bb2.0.0&#8243;][et_pb_tabs active_tab_background_color=\u00bb#ffffff\u00bb inactive_tab_background_color=\u00bb#7cda24&#8243; active_tab_text_color=\u00bb#252525&#8243; _builder_version=\u00bb3.29.3&#8243; tab_text_color=\u00bb#252525&#8243; body_text_color=\u00bb#252525&#8243; animation_style=\u00bbslide\u00bb animation_direction=\u00bbbottom\u00bb hover_enabled=\u00bb0&#8243; border_width_all=\u00bb2px\u00bb border_color_all=\u00bb#7cda24&#8243; box_shadow_style=\u00bbpreset2&#8243; _i=\u00bb0&#8243; _address=\u00bb2.0.0.0&#8243;][et_pb_tab title=\u00bbTarro Cristal\u00bb _builder_version=\u00bb3.29.3&#8243; tab_line_height=\u00bb2.5em\u00bb custom_padding=\u00bb2em||2em||true|false\u00bb hover_enabled=\u00bb0&#8243; _i=\u00bb0&#8243; _address=\u00bb2.0.0.0.0&#8243;]<\/p>\n<table height=\"31\" style=\"width: 100%; height: 31px;\">\n<tbody>\n<tr>\n<td style=\"width: 41.2451%;\"><img decoding=\"async\" src=\"https:\/\/labarraca1912.es\/wp-content\/uploads\/2020\/01\/tomillobio-300x300.jpg\" width=\"300\" height=\"300\" alt=\"\" class=\"wp-image-3703 alignnone size-medium\" \/><\/td>\n<td style=\"width: 56.0311%; text-align: left;\">\n<h3><strong>Tarro Cristal Bio Tomillo Hoja<\/strong><\/h3>\n<p>Peso Neto: 15g<\/p>\n<p>EAN: 8412666025785<\/p>\n<p>Bandeja: 10 Tarros de Cristal<\/p>\n<p>Embalaje: 120 Tarros de Cristal<\/p>\n<\/td>\n<\/tr>\n<\/tbody>\n<\/table>\n<p>&nbsp;<\/p>\n<p>[\/et_pb_tab][\/et_pb_tabs][\/et_pb_column][\/et_pb_row][\/et_pb_section][et_pb_section fb_built=\u00bb1&#8243; _builder_version=\u00bb3.29.3&#8243; background_color=\u00bb#f7f7f7&#8243; background_image=\u00bbhttps:\/\/labarraca1912.es\/wp-content\/uploads\/2019\/07\/tea_shop_42.jpg\u00bb custom_margin=\u00bb||||true|false\u00bb custom_padding=\u00bb8em||8em||true|false\u00bb global_module=\u00bb884&#8243; saved_tabs=\u00bball\u00bb fb_built=\u00bb1&#8243; _i=\u00bb2&#8243; _address=\u00bb2&#8243;][et_pb_row _builder_version=\u00bb3.26.3&#8243; width=\u00bb60%\u00bb width_phone=\u00bb80%\u00bb width_last_edited=\u00bbon|phone\u00bb max_width=\u00bb100%\u00bb _i=\u00bb0&#8243; _address=\u00bb3.0&#8243;][et_pb_column type=\u00bb4_4&#8243; _builder_version=\u00bb3.26.3&#8243; _i=\u00bb0&#8243; _address=\u00bb3.0.0&#8243;][et_pb_text _builder_version=\u00bb3.27.4&#8243; _i=\u00bb0&#8243; _address=\u00bb3.0.0.0&#8243;]<\/p>\n<h3><strong>Tambi\u00e9n te puede interesar:<\/strong><\/h3>\n<p>[\/et_pb_text][\/et_pb_column][\/et_pb_row][et_pb_row column_structure=\u00bb1_6,1_6,1_6,1_6,1_6,1_6&#8243; use_custom_gutter=\u00bbon\u00bb _builder_version=\u00bb3.26.3&#8243; width=\u00bb60%\u00bb width_phone=\u00bb80%\u00bb width_last_edited=\u00bbon|desktop\u00bb max_width=\u00bb100%\u00bb custom_margin=\u00bb||||false|false\u00bb custom_padding=\u00bb||3px|||\u00bb _i=\u00bb1&#8243; _address=\u00bb3.1&#8243;][et_pb_column type=\u00bb1_6&#8243; _builder_version=\u00bb3.26.3&#8243; _i=\u00bb0&#8243; _address=\u00bb3.1.0&#8243;][et_pb_blurb title=\u00bbBIO\u00bb url=\u00bbhttps:\/\/labarraca1912.es\/bio\/\u00bb image=\u00bbhttps:\/\/labarraca1912.es\/wp-content\/uploads\/2019\/08\/icon-bio.png\u00bb icon_placement=\u00bbleft\u00bb image_max_width=\u00bb60px\u00bb _builder_version=\u00bb3.26.3&#8243; custom_margin=\u00bb|-102px||||\u00bb link_option_url=\u00bbhttps:\/\/labarraca1912.es\/bio\/\u00bb _i=\u00bb0&#8243; _address=\u00bb3.1.0.0&#8243;]<\/p>\n<p>Certificaci\u00f3n Bio para envasar productos ecol\u00f3gicos.<\/p>\n<p>[\/et_pb_blurb][\/et_pb_column][et_pb_column type=\u00bb1_6&#8243; _builder_version=\u00bb3.26.3&#8243; _i=\u00bb1&#8243; _address=\u00bb3.1.1&#8243;][\/et_pb_column][et_pb_column type=\u00bb1_6&#8243; _builder_version=\u00bb3.26.3&#8243; _i=\u00bb2&#8243; _address=\u00bb3.1.2&#8243;][et_pb_blurb title=\u00bbAl\u00e9rgenos\u00bb url=\u00bbhttps:\/\/labarraca1912.es\/alergenos\/\u00bb image=\u00bbhttps:\/\/labarraca1912.es\/wp-content\/uploads\/2019\/08\/icon-alergenos.png\u00bb icon_placement=\u00bbleft\u00bb image_max_width=\u00bb60px\u00bb _builder_version=\u00bb3.26.3&#8243; custom_margin=\u00bb|-102px||||\u00bb link_option_url=\u00bbhttps:\/\/labarraca1912.es\/alergenos\/\u00bb _i=\u00bb0&#8243; _address=\u00bb3.1.2.0&#8243;]<\/p>\n<p>Lista de al\u00e9rgenos y trazas en nuestros productos.\u00a0<\/p>\n<p>[\/et_pb_blurb][\/et_pb_column][et_pb_column type=\u00bb1_6&#8243; _builder_version=\u00bb3.26.3&#8243; _i=\u00bb3&#8243; _address=\u00bb3.1.3&#8243;][\/et_pb_column][et_pb_column type=\u00bb1_6&#8243; _builder_version=\u00bb3.26.3&#8243; _i=\u00bb4&#8243; _address=\u00bb3.1.4&#8243;][et_pb_blurb title=\u00bbFichas t\u00e9cnicas\u00bb url=\u00bbhttps:\/\/labarraca1912.es\/fichas-tecnicas\/\u00bb image=\u00bbhttps:\/\/labarraca1912.es\/wp-content\/uploads\/2019\/08\/icon-folder.png\u00bb icon_placement=\u00bbleft\u00bb image_max_width=\u00bb60px\u00bb content_max_width=\u00bb100%\u00bb _builder_version=\u00bb3.26.3&#8243; custom_margin=\u00bb|-229px||||\u00bb custom_padding=\u00bb|0px||||\u00bb link_option_url=\u00bbhttps:\/\/labarraca1912.es\/fichas-tecnicas\/\u00bb _i=\u00bb0&#8243; _address=\u00bb3.1.4.0&#8243;]<\/p>\n<p>Descarga las fichas t\u00e9cnicas de nuestros productos, y conoce su composici\u00f3n al detalle.\u00a0<\/p>\n<p>[\/et_pb_blurb][\/et_pb_column][et_pb_column type=\u00bb1_6&#8243; _builder_version=\u00bb3.26.3&#8243; _i=\u00bb5&#8243; _address=\u00bb3.1.5&#8243;][\/et_pb_column][\/et_pb_row][\/et_pb_section][et_pb_section fb_built=\u00bb1&#8243; custom_padding_last_edited=\u00bbon|desktop\u00bb admin_label=\u00bbFooter Section\u00bb _builder_version=\u00bb3.26.3&#8243; use_background_color_gradient=\u00bbon\u00bb background_color_gradient_start=\u00bb#ffffff\u00bb background_color_gradient_end=\u00bbrgba(255,255,255,0.66)\u00bb background_color_gradient_overlays_image=\u00bbon\u00bb background_image=\u00bbhttps:\/\/labarraca1912.es\/wp-content\/uploads\/2019\/07\/tea_shop_48.jpg\u00bb custom_padding=\u00bb120px|||\u00bb custom_padding_phone=\u00bb3em||\u00bb global_module=\u00bb796&#8243; saved_tabs=\u00bball\u00bb fb_built=\u00bb1&#8243; _i=\u00bb4&#8243; _address=\u00bb4&#8243;][et_pb_row column_structure=\u00bb1_3,1_3,1_3&#8243; _builder_version=\u00bb3.25&#8243; custom_margin=\u00bb70px|||\u00bb _i=\u00bb0&#8243; _address=\u00bb4.0&#8243;][et_pb_column type=\u00bb1_3&#8243; _builder_version=\u00bb3.25&#8243; custom_padding=\u00bb|||\u00bb custom_padding__hover=\u00bb|||\u00bb _i=\u00bb0&#8243; _address=\u00bb4.0.0&#8243;][et_pb_blurb title=\u00bbVis\u00edtanos\u00bb use_icon=\u00bbon\u00bb font_icon=\u00bb%%236%%\u00bb use_circle=\u00bbon\u00bb circle_color=\u00bbrgba(0,0,0,0)\u00bb use_circle_border=\u00bbon\u00bb use_icon_font_size=\u00bbon\u00bb icon_font_size=\u00bb30px\u00bb _builder_version=\u00bb3.26.3&#8243; header_font=\u00bb||||||||\u00bb header_text_align=\u00bbcenter\u00bb header_text_color=\u00bb#b28d10&#8243; header_font_size=\u00bb30px\u00bb body_font=\u00bb||||||||\u00bb body_text_color=\u00bb#252525&#8243; body_font_size=\u00bb18px\u00bb body_line_height=\u00bb2em\u00bb text_orientation=\u00bbcenter\u00bb _i=\u00bb0&#8243; _address=\u00bb4.0.0.0&#8243;]<span style=\"color: #252525;\"><a href=\"https:\/\/goo.gl\/maps\/MgPdmDg4oGswx87N6\" style=\"color: #252525;\" target=\"_blank\" rel=\"noopener\">Pol\u00edgono Industrial \u00abEl Fondonet\u00bb \u00b7 c\/La Serreta, 49, Novelda (Alicante)<\/a><\/span>[\/et_pb_blurb][\/et_pb_column][et_pb_column type=\u00bb1_3&#8243; _builder_version=\u00bb3.25&#8243; custom_padding=\u00bb|||\u00bb custom_padding__hover=\u00bb|||\u00bb _i=\u00bb1&#8243; _address=\u00bb4.0.1&#8243;][et_pb_blurb title=\u00bbContacto\u00bb use_icon=\u00bbon\u00bb font_icon=\u00bb%%264%%\u00bb use_circle=\u00bbon\u00bb circle_color=\u00bbrgba(0,0,0,0)\u00bb use_circle_border=\u00bbon\u00bb use_icon_font_size=\u00bbon\u00bb icon_font_size=\u00bb30px\u00bb _builder_version=\u00bb3.26.3&#8243; header_font=\u00bb||||||||\u00bb header_text_align=\u00bbcenter\u00bb header_text_color=\u00bb#b28d10&#8243; header_font_size=\u00bb30px\u00bb body_font=\u00bb||||||||\u00bb body_font_size=\u00bb18px\u00bb body_line_height=\u00bb2em\u00bb text_orientation=\u00bbcenter\u00bb _i=\u00bb0&#8243; _address=\u00bb4.0.1.0&#8243;]<\/p>\n<p><span style=\"color: #252525;\"><a href=\"tel:+34965600092\" style=\"color: #252525;\">(+34) 96 560 00 92<br \/> <\/a><a href=\"tel:+34965600019\" style=\"color: #252525;\">(+34) 96 560 00 19<\/a><\/span><\/p>\n<p>[\/et_pb_blurb][\/et_pb_column][et_pb_column type=\u00bb1_3&#8243; _builder_version=\u00bb3.25&#8243; custom_padding=\u00bb|||\u00bb custom_padding__hover=\u00bb|||\u00bb _i=\u00bb2&#8243; _address=\u00bb4.0.2&#8243;][et_pb_blurb title=\u00bbEscr\u00edbenos\u00bb use_icon=\u00bbon\u00bb font_icon=\u00bb%%238%%\u00bb use_circle=\u00bbon\u00bb circle_color=\u00bbrgba(0,0,0,0)\u00bb use_circle_border=\u00bbon\u00bb use_icon_font_size=\u00bbon\u00bb icon_font_size=\u00bb30px\u00bb _builder_version=\u00bb3.26.3&#8243; header_font=\u00bb||||||||\u00bb header_text_align=\u00bbcenter\u00bb header_text_color=\u00bb#b28d10&#8243; header_font_size=\u00bb30px\u00bb body_font=\u00bb||||||||\u00bb body_font_size=\u00bb18px\u00bb body_line_height=\u00bb2em\u00bb text_orientation=\u00bbcenter\u00bb _i=\u00bb0&#8243; _address=\u00bb4.0.2.0&#8243;]<\/p>\n<p><span style=\"color: #252525;\"><a href=\"mailto:info@labarraca1912.com\" style=\"color: #252525;\">info@labarraca1912.com<\/a><\/span><br \/> <span style=\"color: #252525;\"> <a href=\"mailto:marketing@labarraca1912.com\" style=\"color: #252525;\">marketing@labarraca1912.com<\/a><\/span><\/p>\n<p>[\/et_pb_blurb][\/et_pb_column][\/et_pb_row][et_pb_row _builder_version=\u00bb3.25.4&#8243; _i=\u00bb1&#8243; _address=\u00bb4.1&#8243;][et_pb_column type=\u00bb4_4&#8243; _builder_version=\u00bb3.25.4&#8243; _i=\u00bb0&#8243; _address=\u00bb4.1.0&#8243;][et_pb_button button_url=\u00bbhttps:\/\/labarraca1912.es\/contacto\/\u00bb button_text=\u00bbir a contacto\u00bb button_alignment=\u00bbcenter\u00bb _builder_version=\u00bb3.25.4&#8243; custom_button=\u00bbon\u00bb button_text_size=\u00bb16px\u00bb button_text_color=\u00bb#ffffff\u00bb button_bg_color=\u00bb#252525&#8243; button_border_width=\u00bb5px\u00bb button_border_color=\u00bb#252525&#8243; button_font=\u00bb||||||||\u00bb _i=\u00bb0&#8243; _address=\u00bb4.1.0.0&#8243;][\/et_pb_button][\/et_pb_column][\/et_pb_row][et_pb_row _builder_version=\u00bb3.25.4&#8243; custom_margin=\u00bb6em|auto||auto||\u00bb _i=\u00bb2&#8243; _address=\u00bb4.2&#8243;][et_pb_column type=\u00bb4_4&#8243; _builder_version=\u00bb3.25&#8243; custom_padding=\u00bb|||\u00bb custom_padding__hover=\u00bb|||\u00bb _i=\u00bb0&#8243; _address=\u00bb4.2.0&#8243;][et_pb_social_media_follow _builder_version=\u00bb3.25.4&#8243; text_orientation=\u00bbcenter\u00bb locked=\u00bboff\u00bb _i=\u00bb0&#8243; _address=\u00bb4.2.0.0&#8243;][et_pb_social_media_follow_network social_network=\u00bbfacebook\u00bb url=\u00bbhttps:\/\/www.facebook.com\/labarraca1912&#8243; _builder_version=\u00bb3.25.4&#8243; background_color=\u00bbrgba(0,0,0,0.26)\u00bb custom_margin=\u00bb8px|8px|8px|8px\u00bb custom_padding=\u00bb6px|6px|6px|6px\u00bb border_radii=\u00bbon||||\u00bb follow_button=\u00bboff\u00bb url_new_window=\u00bbon\u00bb _i=\u00bb0&#8243; _address=\u00bb4.2.0.0.0&#8243;]facebook[\/et_pb_social_media_follow_network][et_pb_social_media_follow_network social_network=\u00bbinstagram\u00bb url=\u00bbhttps:\/\/www.instagram.com\/labarraca1912\/\u00bb _builder_version=\u00bb3.25.4&#8243; background_color=\u00bbrgba(0,0,0,0.26)\u00bb custom_margin=\u00bb8px|8px|8px|8px\u00bb custom_padding=\u00bb6px|6px|6px|6px\u00bb border_radii=\u00bbon||||\u00bb follow_button=\u00bboff\u00bb url_new_window=\u00bbon\u00bb _i=\u00bb1&#8243; _address=\u00bb4.2.0.0.1&#8243;]instagram[\/et_pb_social_media_follow_network][\/et_pb_social_media_follow][\/et_pb_column][\/et_pb_row][\/et_pb_section]<\/p>\n","protected":false},"excerpt":{"rendered":"<p>Tomillo HojaHojas sanas, limpias y desecadas de color verde gris\u00e1ceo de olor y sabor caracter\u00edstico.Se usa para elaborar pur\u00e9s, guisos con legumbres, verduras, salsas, sopas y para condimentar carnes preparadas a la barbacoa. Tarro Cristal Bio Tomillo Hoja Peso Neto: 15g EAN: 8412666025785 Bandeja: 10 Tarros de Cristal Embalaje: 120 Tarros de Cristal &nbsp; Tambi\u00e9n [&hellip;]<\/p>\n","protected":false},"author":2,"featured_media":0,"parent":0,"menu_order":0,"comment_status":"closed","ping_status":"closed","template":"","meta":{"_et_pb_use_builder":"on","_et_pb_old_content":"","_et_gb_content_width":"","footnotes":""},"class_list":["post-3697","page","type-page","status-publish","hentry"],"yoast_head":"<!-- This site is optimized with the Yoast SEO plugin v27.4 - https:\/\/yoast.com\/product\/yoast-seo-wordpress\/ -->\n<title>Tomillo Hoja BIO - La Barraca<\/title>\n<meta name=\"robots\" content=\"index, follow, max-snippet:-1, max-image-preview:large, max-video-preview:-1\" \/>\n<link rel=\"canonical\" href=\"https:\/\/labarraca1912.es\/fr\/tomillo-hoja-bio\/\" \/>\n<meta property=\"og:locale\" content=\"fr_FR\" \/>\n<meta property=\"og:type\" content=\"article\" \/>\n<meta property=\"og:title\" content=\"Tomillo Hoja BIO - La Barraca\" \/>\n<meta property=\"og:description\" content=\"Tomillo HojaHojas sanas, limpias y desecadas de color verde gris\u00e1ceo de olor y sabor caracter\u00edstico.Se usa para elaborar pur\u00e9s, guisos con legumbres, verduras, salsas, sopas y para condimentar carnes preparadas a la barbacoa. Tarro Cristal Bio Tomillo Hoja Peso Neto: 15g EAN: 8412666025785 Bandeja: 10 Tarros de Cristal Embalaje: 120 Tarros de Cristal &nbsp; Tambi\u00e9n [&hellip;]\" \/>\n<meta property=\"og:url\" content=\"https:\/\/labarraca1912.es\/fr\/tomillo-hoja-bio\/\" \/>\n<meta property=\"og:site_name\" content=\"La Barraca\" \/>\n<meta property=\"article:modified_time\" content=\"2020-01-20T12:39:38+00:00\" \/>\n<meta property=\"og:image\" content=\"https:\/\/labarraca1912.es\/wp-content\/uploads\/2020\/01\/tomillobio.jpg\" \/>\n\t<meta property=\"og:image:width\" content=\"800\" \/>\n\t<meta property=\"og:image:height\" content=\"800\" \/>\n\t<meta property=\"og:image:type\" content=\"image\/jpeg\" \/>\n<meta name=\"twitter:card\" content=\"summary_large_image\" \/>\n<meta name=\"twitter:label1\" content=\"Dur\u00e9e de lecture estim\u00e9e\" \/>\n\t<meta name=\"twitter:data1\" content=\"7 minutes\" \/>\n<script type=\"application\/ld+json\" class=\"yoast-schema-graph\">{\"@context\":\"https:\\\/\\\/schema.org\",\"@graph\":[{\"@type\":\"WebPage\",\"@id\":\"https:\\\/\\\/labarraca1912.es\\\/tomillo-hoja-bio\\\/\",\"url\":\"https:\\\/\\\/labarraca1912.es\\\/tomillo-hoja-bio\\\/\",\"name\":\"Tomillo Hoja BIO - La Barraca\",\"isPartOf\":{\"@id\":\"https:\\\/\\\/labarraca1912.es\\\/#website\"},\"primaryImageOfPage\":{\"@id\":\"https:\\\/\\\/labarraca1912.es\\\/tomillo-hoja-bio\\\/#primaryimage\"},\"image\":{\"@id\":\"https:\\\/\\\/labarraca1912.es\\\/tomillo-hoja-bio\\\/#primaryimage\"},\"thumbnailUrl\":\"https:\\\/\\\/labarraca1912.es\\\/wp-content\\\/uploads\\\/2020\\\/01\\\/tomillobio-300x300.jpg\",\"datePublished\":\"2020-01-20T12:35:56+00:00\",\"dateModified\":\"2020-01-20T12:39:38+00:00\",\"breadcrumb\":{\"@id\":\"https:\\\/\\\/labarraca1912.es\\\/tomillo-hoja-bio\\\/#breadcrumb\"},\"inLanguage\":\"fr-FR\",\"potentialAction\":[{\"@type\":\"ReadAction\",\"target\":[\"https:\\\/\\\/labarraca1912.es\\\/tomillo-hoja-bio\\\/\"]}]},{\"@type\":\"ImageObject\",\"inLanguage\":\"fr-FR\",\"@id\":\"https:\\\/\\\/labarraca1912.es\\\/tomillo-hoja-bio\\\/#primaryimage\",\"url\":\"https:\\\/\\\/labarraca1912.es\\\/wp-content\\\/uploads\\\/2020\\\/01\\\/tomillobio-300x300.jpg\",\"contentUrl\":\"https:\\\/\\\/labarraca1912.es\\\/wp-content\\\/uploads\\\/2020\\\/01\\\/tomillobio-300x300.jpg\"},{\"@type\":\"BreadcrumbList\",\"@id\":\"https:\\\/\\\/labarraca1912.es\\\/tomillo-hoja-bio\\\/#breadcrumb\",\"itemListElement\":[{\"@type\":\"ListItem\",\"position\":1,\"name\":\"La Barraca\",\"item\":\"https:\\\/\\\/labarraca1912.es\\\/\"},{\"@type\":\"ListItem\",\"position\":2,\"name\":\"Tomillo Hoja BIO\"}]},{\"@type\":\"WebSite\",\"@id\":\"https:\\\/\\\/labarraca1912.es\\\/#website\",\"url\":\"https:\\\/\\\/labarraca1912.es\\\/\",\"name\":\"La Barraca\",\"description\":\"La Casa del Sabor\",\"publisher\":{\"@id\":\"https:\\\/\\\/labarraca1912.es\\\/#organization\"},\"potentialAction\":[{\"@type\":\"SearchAction\",\"target\":{\"@type\":\"EntryPoint\",\"urlTemplate\":\"https:\\\/\\\/labarraca1912.es\\\/?s={search_term_string}\"},\"query-input\":{\"@type\":\"PropertyValueSpecification\",\"valueRequired\":true,\"valueName\":\"search_term_string\"}}],\"inLanguage\":\"fr-FR\"},{\"@type\":\"Organization\",\"@id\":\"https:\\\/\\\/labarraca1912.es\\\/#organization\",\"name\":\"La Barraca 1912 Alimentacion\",\"url\":\"https:\\\/\\\/labarraca1912.es\\\/\",\"logo\":{\"@type\":\"ImageObject\",\"inLanguage\":\"fr-FR\",\"@id\":\"https:\\\/\\\/labarraca1912.es\\\/#\\\/schema\\\/logo\\\/image\\\/\",\"url\":\"https:\\\/\\\/labarraca1912.es\\\/wp-content\\\/uploads\\\/2019\\\/06\\\/logo-labarraca.png\",\"contentUrl\":\"https:\\\/\\\/labarraca1912.es\\\/wp-content\\\/uploads\\\/2019\\\/06\\\/logo-labarraca.png\",\"width\":2917,\"height\":1809,\"caption\":\"La Barraca 1912 Alimentacion\"},\"image\":{\"@id\":\"https:\\\/\\\/labarraca1912.es\\\/#\\\/schema\\\/logo\\\/image\\\/\"}}]}<\/script>\n<!-- \/ Yoast SEO plugin. -->","yoast_head_json":{"title":"Tomillo Hoja BIO - La Barraca","robots":{"index":"index","follow":"follow","max-snippet":"max-snippet:-1","max-image-preview":"max-image-preview:large","max-video-preview":"max-video-preview:-1"},"canonical":"https:\/\/labarraca1912.es\/fr\/tomillo-hoja-bio\/","og_locale":"fr_FR","og_type":"article","og_title":"Tomillo Hoja BIO - La Barraca","og_description":"Tomillo HojaHojas sanas, limpias y desecadas de color verde gris\u00e1ceo de olor y sabor caracter\u00edstico.Se usa para elaborar pur\u00e9s, guisos con legumbres, verduras, salsas, sopas y para condimentar carnes preparadas a la barbacoa. Tarro Cristal Bio Tomillo Hoja Peso Neto: 15g EAN: 8412666025785 Bandeja: 10 Tarros de Cristal Embalaje: 120 Tarros de Cristal &nbsp; Tambi\u00e9n [&hellip;]","og_url":"https:\/\/labarraca1912.es\/fr\/tomillo-hoja-bio\/","og_site_name":"La Barraca","article_modified_time":"2020-01-20T12:39:38+00:00","og_image":[{"width":800,"height":800,"url":"https:\/\/labarraca1912.es\/wp-content\/uploads\/2020\/01\/tomillobio.jpg","type":"image\/jpeg"}],"twitter_card":"summary_large_image","twitter_misc":{"Dur\u00e9e de lecture estim\u00e9e":"7 minutes"},"schema":{"@context":"https:\/\/schema.org","@graph":[{"@type":"WebPage","@id":"https:\/\/labarraca1912.es\/tomillo-hoja-bio\/","url":"https:\/\/labarraca1912.es\/tomillo-hoja-bio\/","name":"Tomillo Hoja BIO - La Barraca","isPartOf":{"@id":"https:\/\/labarraca1912.es\/#website"},"primaryImageOfPage":{"@id":"https:\/\/labarraca1912.es\/tomillo-hoja-bio\/#primaryimage"},"image":{"@id":"https:\/\/labarraca1912.es\/tomillo-hoja-bio\/#primaryimage"},"thumbnailUrl":"https:\/\/labarraca1912.es\/wp-content\/uploads\/2020\/01\/tomillobio-300x300.jpg","datePublished":"2020-01-20T12:35:56+00:00","dateModified":"2020-01-20T12:39:38+00:00","breadcrumb":{"@id":"https:\/\/labarraca1912.es\/tomillo-hoja-bio\/#breadcrumb"},"inLanguage":"fr-FR","potentialAction":[{"@type":"ReadAction","target":["https:\/\/labarraca1912.es\/tomillo-hoja-bio\/"]}]},{"@type":"ImageObject","inLanguage":"fr-FR","@id":"https:\/\/labarraca1912.es\/tomillo-hoja-bio\/#primaryimage","url":"https:\/\/labarraca1912.es\/wp-content\/uploads\/2020\/01\/tomillobio-300x300.jpg","contentUrl":"https:\/\/labarraca1912.es\/wp-content\/uploads\/2020\/01\/tomillobio-300x300.jpg"},{"@type":"BreadcrumbList","@id":"https:\/\/labarraca1912.es\/tomillo-hoja-bio\/#breadcrumb","itemListElement":[{"@type":"ListItem","position":1,"name":"La Barraca","item":"https:\/\/labarraca1912.es\/"},{"@type":"ListItem","position":2,"name":"Tomillo Hoja BIO"}]},{"@type":"WebSite","@id":"https:\/\/labarraca1912.es\/#website","url":"https:\/\/labarraca1912.es\/","name":"La Barraca","description":"La Casa del Sabor","publisher":{"@id":"https:\/\/labarraca1912.es\/#organization"},"potentialAction":[{"@type":"SearchAction","target":{"@type":"EntryPoint","urlTemplate":"https:\/\/labarraca1912.es\/?s={search_term_string}"},"query-input":{"@type":"PropertyValueSpecification","valueRequired":true,"valueName":"search_term_string"}}],"inLanguage":"fr-FR"},{"@type":"Organization","@id":"https:\/\/labarraca1912.es\/#organization","name":"La Barraca 1912 Alimentacion","url":"https:\/\/labarraca1912.es\/","logo":{"@type":"ImageObject","inLanguage":"fr-FR","@id":"https:\/\/labarraca1912.es\/#\/schema\/logo\/image\/","url":"https:\/\/labarraca1912.es\/wp-content\/uploads\/2019\/06\/logo-labarraca.png","contentUrl":"https:\/\/labarraca1912.es\/wp-content\/uploads\/2019\/06\/logo-labarraca.png","width":2917,"height":1809,"caption":"La Barraca 1912 Alimentacion"},"image":{"@id":"https:\/\/labarraca1912.es\/#\/schema\/logo\/image\/"}}]}},"_links":{"self":[{"href":"https:\/\/labarraca1912.es\/fr\/wp-json\/wp\/v2\/pages\/3697","targetHints":{"allow":["GET"]}}],"collection":[{"href":"https:\/\/labarraca1912.es\/fr\/wp-json\/wp\/v2\/pages"}],"about":[{"href":"https:\/\/labarraca1912.es\/fr\/wp-json\/wp\/v2\/types\/page"}],"author":[{"embeddable":true,"href":"https:\/\/labarraca1912.es\/fr\/wp-json\/wp\/v2\/users\/2"}],"replies":[{"embeddable":true,"href":"https:\/\/labarraca1912.es\/fr\/wp-json\/wp\/v2\/comments?post=3697"}],"version-history":[{"count":0,"href":"https:\/\/labarraca1912.es\/fr\/wp-json\/wp\/v2\/pages\/3697\/revisions"}],"wp:attachment":[{"href":"https:\/\/labarraca1912.es\/fr\/wp-json\/wp\/v2\/media?parent=3697"}],"curies":[{"name":"wp","href":"https:\/\/api.w.org\/{rel}","templated":true}]}}