{"id":5005,"date":"2020-05-15T08:37:31","date_gmt":"2020-05-15T06:37:31","guid":{"rendered":"https:\/\/labarraca1912.es\/?page_id=5005"},"modified":"2020-11-24T08:56:46","modified_gmt":"2020-11-24T07:56:46","slug":"especieros","status":"publish","type":"page","link":"https:\/\/labarraca1912.es\/fr\/especieros\/","title":{"rendered":"\u00c9tag\u00e8re"},"content":{"rendered":"<p>[et_pb_section fb_built=\u00bb1&#8243; _builder_version=\u00bb4.4.5&#8243; use_background_color_gradient=\u00bbon\u00bb background_color_gradient_start=\u00bbrgba(255,255,255,0.51)\u00bb background_color_gradient_end=\u00bbrgba(255,255,255,0.51)\u00bb background_color_gradient_overlays_image=\u00bbon\u00bb background_image=\u00bbhttps:\/\/labarraca1912.es\/wp-content\/uploads\/2019\/07\/3.7-Piment\u00f3n-1.jpg\u00bb background_blend=\u00bbsoft-light\u00bb custom_padding=\u00bb14em||14em||true|false\u00bb background_last_edited=\u00bbon|phone\u00bb background_position_phone=\u00bbcenter_left\u00bb][et_pb_row _builder_version=\u00bb3.26.3&#8243;][et_pb_column type=\u00bb4_4&#8243; _builder_version=\u00bb3.26.3&#8243;][et_pb_text _builder_version=\u00bb3.27.4&#8243; header_font_size=\u00bb60px\u00bb]<\/p>\n<h1>Especieros<\/h1>\n<p>[\/et_pb_text][\/et_pb_column][\/et_pb_row][\/et_pb_section][et_pb_section fb_built=\u00bb1&#8243; _builder_version=\u00bb3.26.3&#8243; background_color=\u00bb#f9f9f9&#8243;][et_pb_row column_structure=\u00bb2_5,3_5&#8243; _builder_version=\u00bb3.26.3&#8243; width=\u00bb60%\u00bb max_width=\u00bb100%\u00bb custom_padding=\u00bb||0px|||\u00bb][et_pb_column type=\u00bb2_5&#8243; _builder_version=\u00bb3.26.3&#8243;][et_pb_image src=\u00bbhttps:\/\/labarraca1912.es\/wp-content\/uploads\/2019\/10\/curry.jpg\u00bb title_text=\u00bbcurry\u00bb _builder_version=\u00bb4.4.5&#8243; box_shadow_style=\u00bbpreset2&#8243;][\/et_pb_image][\/et_pb_column][et_pb_column type=\u00bb3_5&#8243; _builder_version=\u00bb3.26.3&#8243; custom_padding=\u00bb5em|10em|||false|false\u00bb][et_pb_text _builder_version=\u00bb4.4.5&#8243; text_font_size=\u00bb16px\u00bb text_line_height=\u00bb2em\u00bb custom_margin=\u00bb|-164px||||\u00bb custom_padding=\u00bb0px|0px||||\u00bb]<\/p>\n<p>Combinaci\u00f3n de diferentes tipos de especias, hierbas y condimentos para ser usadas en la cocina.<\/p>\n<p>Envasadas en unos c\u00f3modos especieros expositores.<\/p>\n<p>&nbsp;<\/p>\n<p>[\/et_pb_text][\/et_pb_column][\/et_pb_row][et_pb_row _builder_version=\u00bb3.26.3&#8243; width=\u00bb60%\u00bb max_width=\u00bb100%\u00bb custom_padding=\u00bb||0px|||\u00bb min_height=\u00bb53px\u00bb][et_pb_column type=\u00bb4_4&#8243; _builder_version=\u00bb3.26.3&#8243;][et_pb_button button_url=\u00bbhttps:\/\/labarraca1912.es\/producto\/especiero-de-madera-10-tarros-de-cristal\/\u00bb url_new_window=\u00bbon\u00bb button_text=\u00bbCOMPRAR\u00bb button_alignment=\u00bbcenter\u00bb _builder_version=\u00bb4.7.3&#8243; custom_button=\u00bbon\u00bb button_text_size=\u00bb22px\u00bb button_text_color=\u00bb#ffffff\u00bb button_bg_color=\u00bb#b28d10&#8243; button_border_width=\u00bb4px\u00bb button_border_color=\u00bb#ffffff\u00bb button_border_radius=\u00bb3px\u00bb button_letter_spacing=\u00bb3px\u00bb button_font=\u00bbNunito|700|||||||\u00bb button_use_icon=\u00bboff\u00bb animation_style=\u00bbzoom\u00bb hover_enabled=\u00bb0&#8243; box_shadow_style=\u00bbpreset1&#8243; button_text_color__hover_enabled=\u00bbon\u00bb button_text_color__hover=\u00bb#ffffff\u00bb sticky_enabled=\u00bb0&#8243;][\/et_pb_button][\/et_pb_column][\/et_pb_row][\/et_pb_section][et_pb_section fb_built=\u00bb1&#8243; _builder_version=\u00bb3.26.3&#8243;][et_pb_row _builder_version=\u00bb3.26.3&#8243; width=\u00bb60%\u00bb max_width=\u00bb100%\u00bb][et_pb_column type=\u00bb4_4&#8243; _builder_version=\u00bb3.26.3&#8243;][et_pb_tabs _builder_version=\u00bb4.4.5&#8243;][et_pb_tab title=\u00bbEspeciero Madera\u00bb content_last_edited=\u00bboff|phone\u00bb _builder_version=\u00bb4.4.5&#8243; tab_line_height=\u00bb2.5em\u00bb custom_padding=\u00bb2em||2em||true|false\u00bb]<\/p>\n<table height=\"31\" style=\"width: 100%; height: 31px;\">\n<tbody>\n<tr>\n<td style=\"width: 41.2451%;\"><img decoding=\"async\" src=\"https:\/\/labarraca1912.es\/wp-content\/uploads\/2019\/06\/Especiero-300x300.jpg\" width=\"300\" height=\"300\" alt=\"\" class=\"wp-image-137 alignnone size-medium\" srcset=\"https:\/\/labarraca1912.es\/wp-content\/uploads\/2019\/06\/Especiero-300x300.jpg 300w, https:\/\/labarraca1912.es\/wp-content\/uploads\/2019\/06\/Especiero-150x150.jpg 150w, https:\/\/labarraca1912.es\/wp-content\/uploads\/2019\/06\/Especiero-768x768.jpg 768w, https:\/\/labarraca1912.es\/wp-content\/uploads\/2019\/06\/Especiero.jpg 800w, https:\/\/labarraca1912.es\/wp-content\/uploads\/2019\/06\/Especiero-100x100.jpg 100w\" sizes=\"(max-width: 300px) 100vw, 300px\" \/><\/td>\n<td style=\"width: 56.0311%; text-align: left;\">\n<h3><strong>Especiero 10 Tarros de Cristal<\/strong><\/h3>\n<p>Peso Neto: 800g<\/p>\n<p>Embalaje: 6 Especieros<\/p>\n<\/td>\n<\/tr>\n<\/tbody>\n<\/table>\n<p>&nbsp;<\/p>\n<p>[\/et_pb_tab][et_pb_tab title=\u00bbEspeciero Molinillos\u00bb _builder_version=\u00bb4.4.5&#8243; tab_line_height=\u00bb2.5em\u00bb custom_padding=\u00bb2em||2em||true|false\u00bb]<\/p>\n<table height=\"31\" style=\"width: 100%; height: 31px;\">\n<tbody>\n<tr>\n<td style=\"width: 41.2451%;\"><img decoding=\"async\" src=\"https:\/\/labarraca1912.es\/wp-content\/uploads\/2019\/07\/expositormolinillos-300x300.jpg\" width=\"300\" height=\"300\" alt=\"\" class=\"wp-image-4351 alignnone size-medium\" \/><\/td>\n<td style=\"width: 56.0311%; text-align: left;\">\n<h3><strong>Especiero Molinillos<\/strong><\/h3>\n<p>Peso Neto: 269g<\/p>\n<p>EAN: 8412666086687<\/p>\n<p>Embalaje: 6 Especieros de Molinillos<\/p>\n<\/td>\n<\/tr>\n<\/tbody>\n<\/table>\n<p>&nbsp;<\/p>\n<p>[\/et_pb_tab][\/et_pb_tabs][\/et_pb_column][\/et_pb_row][\/et_pb_section][et_pb_section fb_built=\u00bb1&#8243; _builder_version=\u00bb3.29.3&#8243; background_color=\u00bb#f7f7f7&#8243; background_image=\u00bbhttps:\/\/labarraca1912.es\/wp-content\/uploads\/2019\/07\/tea_shop_42.jpg\u00bb custom_margin=\u00bb||||true|false\u00bb custom_padding=\u00bb8em||8em||true|false\u00bb global_module=\u00bb884&#8243; saved_tabs=\u00bball\u00bb][et_pb_row _builder_version=\u00bb3.26.3&#8243; width=\u00bb60%\u00bb width_tablet=\u00bb\u00bb width_phone=\u00bb80%\u00bb width_last_edited=\u00bbon|phone\u00bb max_width=\u00bb100%\u00bb][et_pb_column type=\u00bb4_4&#8243; _builder_version=\u00bb3.26.3&#8243;][et_pb_text _builder_version=\u00bb3.27.4&#8243;]<\/p>\n<h3><strong>Tambi\u00e9n te puede interesar:<\/strong><\/h3>\n<p>[\/et_pb_text][\/et_pb_column][\/et_pb_row][et_pb_row column_structure=\u00bb1_6,1_6,1_6,1_6,1_6,1_6&#8243; use_custom_gutter=\u00bbon\u00bb _builder_version=\u00bb3.26.3&#8243; width=\u00bb60%\u00bb width_tablet=\u00bb\u00bb width_phone=\u00bb80%\u00bb width_last_edited=\u00bbon|desktop\u00bb max_width=\u00bb100%\u00bb custom_margin=\u00bb||||false|false\u00bb custom_padding=\u00bb||3px|||\u00bb][et_pb_column type=\u00bb1_6&#8243; _builder_version=\u00bb3.26.3&#8243;][et_pb_blurb title=\u00bbBIO\u00bb url=\u00bbhttps:\/\/labarraca1912.es\/bio\/\u00bb image=\u00bbhttps:\/\/labarraca1912.es\/wp-content\/uploads\/2019\/08\/icon-bio.png\u00bb icon_placement=\u00bbleft\u00bb image_max_width=\u00bb60px\u00bb _builder_version=\u00bb3.26.3&#8243; custom_margin=\u00bb|-102px||||\u00bb link_option_url=\u00bbhttps:\/\/labarraca1912.es\/bio\/\u00bb]<\/p>\n<p>Certificaci\u00f3n Bio para envasar productos ecol\u00f3gicos.<\/p>\n<p>[\/et_pb_blurb][\/et_pb_column][et_pb_column type=\u00bb1_6&#8243; _builder_version=\u00bb3.26.3&#8243;][\/et_pb_column][et_pb_column type=\u00bb1_6&#8243; _builder_version=\u00bb3.26.3&#8243;][et_pb_blurb title=\u00bbAl\u00e9rgenos\u00bb url=\u00bbhttps:\/\/labarraca1912.es\/alergenos\/\u00bb image=\u00bbhttps:\/\/labarraca1912.es\/wp-content\/uploads\/2019\/08\/icon-alergenos.png\u00bb icon_placement=\u00bbleft\u00bb image_max_width=\u00bb60px\u00bb _builder_version=\u00bb3.26.3&#8243; custom_margin=\u00bb|-102px||||\u00bb link_option_url=\u00bbhttps:\/\/labarraca1912.es\/alergenos\/\u00bb]<\/p>\n<p>Lista de al\u00e9rgenos y trazas en nuestros productos.\u00a0<\/p>\n<p>[\/et_pb_blurb][\/et_pb_column][et_pb_column type=\u00bb1_6&#8243; _builder_version=\u00bb3.26.3&#8243;][\/et_pb_column][et_pb_column type=\u00bb1_6&#8243; _builder_version=\u00bb3.26.3&#8243;][et_pb_blurb title=\u00bbFichas t\u00e9cnicas\u00bb url=\u00bbhttps:\/\/labarraca1912.es\/ficha-tecnica\/\u00bb image=\u00bbhttps:\/\/labarraca1912.es\/wp-content\/uploads\/2019\/08\/icon-folder.png\u00bb icon_placement=\u00bbleft\u00bb image_max_width=\u00bb60px\u00bb content_max_width=\u00bb100%\u00bb _builder_version=\u00bb4.4.5&#8243; custom_margin=\u00bb|-229px||||\u00bb custom_padding=\u00bb|0px||||\u00bb link_option_url=\u00bbhttps:\/\/labarraca1912.es\/ficha-tecnica\/\u00bb]<\/p>\n<p>Descarga las fichas t\u00e9cnicas de nuestros productos, y conoce su composici\u00f3n al detalle.\u00a0<\/p>\n<p>[\/et_pb_blurb][\/et_pb_column][et_pb_column type=\u00bb1_6&#8243; _builder_version=\u00bb3.26.3&#8243;][\/et_pb_column][\/et_pb_row][\/et_pb_section][et_pb_section fb_built=\u00bb1&#8243; custom_padding_last_edited=\u00bbon|desktop\u00bb admin_label=\u00bbFooter Section\u00bb _builder_version=\u00bb3.26.3&#8243; use_background_color_gradient=\u00bbon\u00bb background_color_gradient_start=\u00bb#ffffff\u00bb background_color_gradient_end=\u00bbrgba(255,255,255,0.66)\u00bb background_color_gradient_overlays_image=\u00bbon\u00bb background_image=\u00bbhttps:\/\/labarraca1912.es\/wp-content\/uploads\/2019\/07\/tea_shop_48.jpg\u00bb custom_padding=\u00bb120px|||\u00bb custom_padding_tablet=\u00bb\u00bb custom_padding_phone=\u00bb3em||\u00bb global_module=\u00bb796&#8243; saved_tabs=\u00bball\u00bb][et_pb_row column_structure=\u00bb1_3,1_3,1_3&#8243; _builder_version=\u00bb3.25&#8243; custom_margin=\u00bb70px|||\u00bb][et_pb_column type=\u00bb1_3&#8243; _builder_version=\u00bb3.25&#8243; custom_padding=\u00bb|||\u00bb custom_padding__hover=\u00bb|||\u00bb][et_pb_blurb title=\u00bbVis\u00edtanos\u00bb use_icon=\u00bbon\u00bb font_icon=\u00bb%%236%%\u00bb use_circle=\u00bbon\u00bb circle_color=\u00bbrgba(0,0,0,0)\u00bb use_circle_border=\u00bbon\u00bb use_icon_font_size=\u00bbon\u00bb icon_font_size=\u00bb30px\u00bb _builder_version=\u00bb3.26.3&#8243; header_font=\u00bb||||||||\u00bb header_text_align=\u00bbcenter\u00bb header_text_color=\u00bb#b28d10&#8243; header_font_size=\u00bb30px\u00bb body_font=\u00bb||||||||\u00bb body_text_color=\u00bb#252525&#8243; body_font_size=\u00bb18px\u00bb body_line_height=\u00bb2em\u00bb text_orientation=\u00bbcenter\u00bb]<span style=\"color: #252525;\"><a href=\"https:\/\/goo.gl\/maps\/MgPdmDg4oGswx87N6\" style=\"color: #252525;\" target=\"_blank\" rel=\"noopener\">Pol\u00edgono Industrial \u00abEl Fondonet\u00bb \u00b7 c\/La Serreta, 49, Novelda (Alicante)<\/a><\/span>[\/et_pb_blurb][\/et_pb_column][et_pb_column type=\u00bb1_3&#8243; _builder_version=\u00bb3.25&#8243; custom_padding=\u00bb|||\u00bb custom_padding__hover=\u00bb|||\u00bb][et_pb_blurb title=\u00bbContacto\u00bb use_icon=\u00bbon\u00bb font_icon=\u00bb%%264%%\u00bb use_circle=\u00bbon\u00bb circle_color=\u00bbrgba(0,0,0,0)\u00bb use_circle_border=\u00bbon\u00bb use_icon_font_size=\u00bbon\u00bb icon_font_size=\u00bb30px\u00bb _builder_version=\u00bb3.26.3&#8243; header_font=\u00bb||||||||\u00bb header_text_align=\u00bbcenter\u00bb header_text_color=\u00bb#b28d10&#8243; header_font_size=\u00bb30px\u00bb body_font=\u00bb||||||||\u00bb body_font_size=\u00bb18px\u00bb body_line_height=\u00bb2em\u00bb text_orientation=\u00bbcenter\u00bb]<\/p>\n<p><span style=\"color: #252525;\"><a href=\"tel:+34965600092\" style=\"color: #252525;\">(+34) 96 560 00 92<br \/> <\/a><a href=\"tel:+34965600019\" style=\"color: #252525;\">(+34) 96 560 00 19<\/a><\/span><\/p>\n<p>[\/et_pb_blurb][\/et_pb_column][et_pb_column type=\u00bb1_3&#8243; _builder_version=\u00bb3.25&#8243; custom_padding=\u00bb|||\u00bb custom_padding__hover=\u00bb|||\u00bb][et_pb_blurb title=\u00bbEscr\u00edbenos\u00bb use_icon=\u00bbon\u00bb font_icon=\u00bb%%238%%\u00bb use_circle=\u00bbon\u00bb circle_color=\u00bbrgba(0,0,0,0)\u00bb use_circle_border=\u00bbon\u00bb use_icon_font_size=\u00bbon\u00bb icon_font_size=\u00bb30px\u00bb _builder_version=\u00bb3.26.3&#8243; header_font=\u00bb||||||||\u00bb header_text_align=\u00bbcenter\u00bb header_text_color=\u00bb#b28d10&#8243; header_font_size=\u00bb30px\u00bb body_font=\u00bb||||||||\u00bb body_font_size=\u00bb18px\u00bb body_line_height=\u00bb2em\u00bb text_orientation=\u00bbcenter\u00bb]<\/p>\n<p><span style=\"color: #252525;\"><a href=\"mailto:info@labarraca1912.com\" style=\"color: #252525;\">info@labarraca1912.com<\/a><\/span><br \/> <span style=\"color: #252525;\"> <a href=\"mailto:marketing@labarraca1912.com\" style=\"color: #252525;\">marketing@labarraca1912.com<\/a><\/span><\/p>\n<p>[\/et_pb_blurb][\/et_pb_column][\/et_pb_row][et_pb_row _builder_version=\u00bb3.25.4&#8243;][et_pb_column type=\u00bb4_4&#8243; _builder_version=\u00bb3.25.4&#8243;][et_pb_button button_url=\u00bbhttps:\/\/labarraca1912.es\/contacto\/\u00bb button_text=\u00bbir a contacto\u00bb button_alignment=\u00bbcenter\u00bb _builder_version=\u00bb3.25.4&#8243; custom_button=\u00bbon\u00bb button_text_size=\u00bb16px\u00bb button_text_color=\u00bb#ffffff\u00bb button_bg_color=\u00bb#252525&#8243; button_border_width=\u00bb5px\u00bb button_border_color=\u00bb#252525&#8243; button_font=\u00bb||||||||\u00bb][\/et_pb_button][\/et_pb_column][\/et_pb_row][et_pb_row _builder_version=\u00bb3.25.4&#8243; custom_margin=\u00bb6em|auto||auto||\u00bb][et_pb_column type=\u00bb4_4&#8243; _builder_version=\u00bb3.25&#8243; custom_padding=\u00bb|||\u00bb custom_padding__hover=\u00bb|||\u00bb][et_pb_social_media_follow _builder_version=\u00bb3.29.3&#8243; text_orientation=\u00bbcenter\u00bb locked=\u00bboff\u00bb][et_pb_social_media_follow_network social_network=\u00bbfacebook\u00bb url=\u00bbhttps:\/\/www.facebook.com\/labarraca1912&#8243; _builder_version=\u00bb3.25.4&#8243; background_color=\u00bbrgba(0,0,0,0.26)\u00bb custom_margin=\u00bb8px|8px|8px|8px\u00bb custom_padding=\u00bb6px|6px|6px|6px\u00bb border_radii=\u00bbon||||\u00bb follow_button=\u00bboff\u00bb url_new_window=\u00bbon\u00bb]facebook[\/et_pb_social_media_follow_network][et_pb_social_media_follow_network social_network=\u00bbinstagram\u00bb url=\u00bbhttps:\/\/www.instagram.com\/labarraca1912\/\u00bb _builder_version=\u00bb3.29.3&#8243; background_color=\u00bbrgba(0,0,0,0.26)\u00bb custom_margin=\u00bb8px|8px|8px|8px\u00bb custom_padding=\u00bb6px|6px|6px|6px\u00bb border_radii=\u00bbon||||\u00bb follow_button=\u00bboff\u00bb url_new_window=\u00bbon\u00bb]instagram[\/et_pb_social_media_follow_network][et_pb_social_media_follow_network social_network=\u00bblinkedin\u00bb url=\u00bbhttps:\/\/www.linkedin.com\/company\/la-barraca-alimentacion\/\u00bb _builder_version=\u00bb3.29.3&#8243; background_color=\u00bb#8f8f8f\u00bb background_enable_color=\u00bbon\u00bb custom_margin=\u00bb8px|8px|8px|8px\u00bb custom_padding=\u00bb6px|6px|6px|6px\u00bb border_radii=\u00bbon||||\u00bb follow_button=\u00bboff\u00bb url_new_window=\u00bbon\u00bb]linkedin[\/et_pb_social_media_follow_network][\/et_pb_social_media_follow][\/et_pb_column][\/et_pb_row][\/et_pb_section]<\/p>\n","protected":false},"excerpt":{"rendered":"<p>EspecierosCombinaci\u00f3n de diferentes tipos de especias, hierbas y condimentos para ser usadas en la cocina. Envasadas en unos c\u00f3modos especieros expositores. &nbsp; Especiero 10 Tarros de Cristal Peso Neto: 800g Embalaje: 6 Especieros &nbsp; Especiero Molinillos Peso Neto: 269g EAN: 8412666086687 Embalaje: 6 Especieros de Molinillos &nbsp;Tambi\u00e9n te puede interesar:Certificaci\u00f3n Bio para envasar productos ecol\u00f3gicos.Lista [&hellip;]<\/p>\n","protected":false},"author":2,"featured_media":0,"parent":0,"menu_order":0,"comment_status":"closed","ping_status":"closed","template":"","meta":{"_et_pb_use_builder":"on","_et_pb_old_content":"","_et_gb_content_width":"","footnotes":""},"class_list":["post-5005","page","type-page","status-publish","hentry"],"yoast_head":"<!-- This site is optimized with the Yoast SEO plugin v27.4 - https:\/\/yoast.com\/product\/yoast-seo-wordpress\/ -->\n<title>Especieros - La Barraca<\/title>\n<meta name=\"robots\" content=\"index, follow, max-snippet:-1, max-image-preview:large, max-video-preview:-1\" \/>\n<link rel=\"canonical\" href=\"https:\/\/labarraca1912.es\/fr\/especieros\/\" \/>\n<meta property=\"og:locale\" content=\"fr_FR\" \/>\n<meta property=\"og:type\" content=\"article\" \/>\n<meta property=\"og:title\" content=\"Especieros - La Barraca\" \/>\n<meta property=\"og:description\" content=\"EspecierosCombinaci\u00f3n de diferentes tipos de especias, hierbas y condimentos para ser usadas en la cocina. Envasadas en unos c\u00f3modos especieros expositores. &nbsp; Especiero 10 Tarros de Cristal Peso Neto: 800g Embalaje: 6 Especieros &nbsp; Especiero Molinillos Peso Neto: 269g EAN: 8412666086687 Embalaje: 6 Especieros de Molinillos &nbsp;Tambi\u00e9n te puede interesar:Certificaci\u00f3n Bio para envasar productos ecol\u00f3gicos.Lista [&hellip;]\" \/>\n<meta property=\"og:url\" content=\"https:\/\/labarraca1912.es\/fr\/especieros\/\" \/>\n<meta property=\"og:site_name\" content=\"La Barraca\" \/>\n<meta property=\"article:modified_time\" content=\"2020-11-24T07:56:46+00:00\" \/>\n<meta property=\"og:image\" content=\"https:\/\/labarraca1912.es\/wp-content\/uploads\/2019\/06\/Especiero-300x300.jpg\" \/>\n<meta name=\"twitter:card\" content=\"summary_large_image\" \/>\n<meta name=\"twitter:label1\" content=\"Dur\u00e9e de lecture estim\u00e9e\" \/>\n\t<meta name=\"twitter:data1\" content=\"7 minutes\" \/>\n<script type=\"application\/ld+json\" class=\"yoast-schema-graph\">{\"@context\":\"https:\\\/\\\/schema.org\",\"@graph\":[{\"@type\":\"WebPage\",\"@id\":\"https:\\\/\\\/labarraca1912.es\\\/especieros\\\/\",\"url\":\"https:\\\/\\\/labarraca1912.es\\\/especieros\\\/\",\"name\":\"Especieros - La Barraca\",\"isPartOf\":{\"@id\":\"https:\\\/\\\/labarraca1912.es\\\/#website\"},\"primaryImageOfPage\":{\"@id\":\"https:\\\/\\\/labarraca1912.es\\\/especieros\\\/#primaryimage\"},\"image\":{\"@id\":\"https:\\\/\\\/labarraca1912.es\\\/especieros\\\/#primaryimage\"},\"thumbnailUrl\":\"https:\\\/\\\/labarraca1912.es\\\/wp-content\\\/uploads\\\/2019\\\/06\\\/Especiero-300x300.jpg\",\"datePublished\":\"2020-05-15T06:37:31+00:00\",\"dateModified\":\"2020-11-24T07:56:46+00:00\",\"breadcrumb\":{\"@id\":\"https:\\\/\\\/labarraca1912.es\\\/especieros\\\/#breadcrumb\"},\"inLanguage\":\"fr-FR\",\"potentialAction\":[{\"@type\":\"ReadAction\",\"target\":[\"https:\\\/\\\/labarraca1912.es\\\/especieros\\\/\"]}]},{\"@type\":\"ImageObject\",\"inLanguage\":\"fr-FR\",\"@id\":\"https:\\\/\\\/labarraca1912.es\\\/especieros\\\/#primaryimage\",\"url\":\"https:\\\/\\\/labarraca1912.es\\\/wp-content\\\/uploads\\\/2019\\\/06\\\/Especiero-300x300.jpg\",\"contentUrl\":\"https:\\\/\\\/labarraca1912.es\\\/wp-content\\\/uploads\\\/2019\\\/06\\\/Especiero-300x300.jpg\"},{\"@type\":\"BreadcrumbList\",\"@id\":\"https:\\\/\\\/labarraca1912.es\\\/especieros\\\/#breadcrumb\",\"itemListElement\":[{\"@type\":\"ListItem\",\"position\":1,\"name\":\"La Barraca\",\"item\":\"https:\\\/\\\/labarraca1912.es\\\/\"},{\"@type\":\"ListItem\",\"position\":2,\"name\":\"Especieros\"}]},{\"@type\":\"WebSite\",\"@id\":\"https:\\\/\\\/labarraca1912.es\\\/#website\",\"url\":\"https:\\\/\\\/labarraca1912.es\\\/\",\"name\":\"La Barraca\",\"description\":\"La Casa del Sabor\",\"publisher\":{\"@id\":\"https:\\\/\\\/labarraca1912.es\\\/#organization\"},\"potentialAction\":[{\"@type\":\"SearchAction\",\"target\":{\"@type\":\"EntryPoint\",\"urlTemplate\":\"https:\\\/\\\/labarraca1912.es\\\/?s={search_term_string}\"},\"query-input\":{\"@type\":\"PropertyValueSpecification\",\"valueRequired\":true,\"valueName\":\"search_term_string\"}}],\"inLanguage\":\"fr-FR\"},{\"@type\":\"Organization\",\"@id\":\"https:\\\/\\\/labarraca1912.es\\\/#organization\",\"name\":\"La Barraca 1912 Alimentacion\",\"url\":\"https:\\\/\\\/labarraca1912.es\\\/\",\"logo\":{\"@type\":\"ImageObject\",\"inLanguage\":\"fr-FR\",\"@id\":\"https:\\\/\\\/labarraca1912.es\\\/#\\\/schema\\\/logo\\\/image\\\/\",\"url\":\"https:\\\/\\\/labarraca1912.es\\\/wp-content\\\/uploads\\\/2019\\\/06\\\/logo-labarraca.png\",\"contentUrl\":\"https:\\\/\\\/labarraca1912.es\\\/wp-content\\\/uploads\\\/2019\\\/06\\\/logo-labarraca.png\",\"width\":2917,\"height\":1809,\"caption\":\"La Barraca 1912 Alimentacion\"},\"image\":{\"@id\":\"https:\\\/\\\/labarraca1912.es\\\/#\\\/schema\\\/logo\\\/image\\\/\"}}]}<\/script>\n<!-- \/ Yoast SEO plugin. -->","yoast_head_json":{"title":"Especieros - La Barraca","robots":{"index":"index","follow":"follow","max-snippet":"max-snippet:-1","max-image-preview":"max-image-preview:large","max-video-preview":"max-video-preview:-1"},"canonical":"https:\/\/labarraca1912.es\/fr\/especieros\/","og_locale":"fr_FR","og_type":"article","og_title":"Especieros - La Barraca","og_description":"EspecierosCombinaci\u00f3n de diferentes tipos de especias, hierbas y condimentos para ser usadas en la cocina. Envasadas en unos c\u00f3modos especieros expositores. &nbsp; Especiero 10 Tarros de Cristal Peso Neto: 800g Embalaje: 6 Especieros &nbsp; Especiero Molinillos Peso Neto: 269g EAN: 8412666086687 Embalaje: 6 Especieros de Molinillos &nbsp;Tambi\u00e9n te puede interesar:Certificaci\u00f3n Bio para envasar productos ecol\u00f3gicos.Lista [&hellip;]","og_url":"https:\/\/labarraca1912.es\/fr\/especieros\/","og_site_name":"La Barraca","article_modified_time":"2020-11-24T07:56:46+00:00","og_image":[{"url":"https:\/\/labarraca1912.es\/wp-content\/uploads\/2019\/06\/Especiero-300x300.jpg","type":"","width":"","height":""}],"twitter_card":"summary_large_image","twitter_misc":{"Dur\u00e9e de lecture estim\u00e9e":"7 minutes"},"schema":{"@context":"https:\/\/schema.org","@graph":[{"@type":"WebPage","@id":"https:\/\/labarraca1912.es\/especieros\/","url":"https:\/\/labarraca1912.es\/especieros\/","name":"Especieros - La Barraca","isPartOf":{"@id":"https:\/\/labarraca1912.es\/#website"},"primaryImageOfPage":{"@id":"https:\/\/labarraca1912.es\/especieros\/#primaryimage"},"image":{"@id":"https:\/\/labarraca1912.es\/especieros\/#primaryimage"},"thumbnailUrl":"https:\/\/labarraca1912.es\/wp-content\/uploads\/2019\/06\/Especiero-300x300.jpg","datePublished":"2020-05-15T06:37:31+00:00","dateModified":"2020-11-24T07:56:46+00:00","breadcrumb":{"@id":"https:\/\/labarraca1912.es\/especieros\/#breadcrumb"},"inLanguage":"fr-FR","potentialAction":[{"@type":"ReadAction","target":["https:\/\/labarraca1912.es\/especieros\/"]}]},{"@type":"ImageObject","inLanguage":"fr-FR","@id":"https:\/\/labarraca1912.es\/especieros\/#primaryimage","url":"https:\/\/labarraca1912.es\/wp-content\/uploads\/2019\/06\/Especiero-300x300.jpg","contentUrl":"https:\/\/labarraca1912.es\/wp-content\/uploads\/2019\/06\/Especiero-300x300.jpg"},{"@type":"BreadcrumbList","@id":"https:\/\/labarraca1912.es\/especieros\/#breadcrumb","itemListElement":[{"@type":"ListItem","position":1,"name":"La Barraca","item":"https:\/\/labarraca1912.es\/"},{"@type":"ListItem","position":2,"name":"Especieros"}]},{"@type":"WebSite","@id":"https:\/\/labarraca1912.es\/#website","url":"https:\/\/labarraca1912.es\/","name":"La Barraca","description":"La Casa del Sabor","publisher":{"@id":"https:\/\/labarraca1912.es\/#organization"},"potentialAction":[{"@type":"SearchAction","target":{"@type":"EntryPoint","urlTemplate":"https:\/\/labarraca1912.es\/?s={search_term_string}"},"query-input":{"@type":"PropertyValueSpecification","valueRequired":true,"valueName":"search_term_string"}}],"inLanguage":"fr-FR"},{"@type":"Organization","@id":"https:\/\/labarraca1912.es\/#organization","name":"La Barraca 1912 Alimentacion","url":"https:\/\/labarraca1912.es\/","logo":{"@type":"ImageObject","inLanguage":"fr-FR","@id":"https:\/\/labarraca1912.es\/#\/schema\/logo\/image\/","url":"https:\/\/labarraca1912.es\/wp-content\/uploads\/2019\/06\/logo-labarraca.png","contentUrl":"https:\/\/labarraca1912.es\/wp-content\/uploads\/2019\/06\/logo-labarraca.png","width":2917,"height":1809,"caption":"La Barraca 1912 Alimentacion"},"image":{"@id":"https:\/\/labarraca1912.es\/#\/schema\/logo\/image\/"}}]}},"_links":{"self":[{"href":"https:\/\/labarraca1912.es\/fr\/wp-json\/wp\/v2\/pages\/5005","targetHints":{"allow":["GET"]}}],"collection":[{"href":"https:\/\/labarraca1912.es\/fr\/wp-json\/wp\/v2\/pages"}],"about":[{"href":"https:\/\/labarraca1912.es\/fr\/wp-json\/wp\/v2\/types\/page"}],"author":[{"embeddable":true,"href":"https:\/\/labarraca1912.es\/fr\/wp-json\/wp\/v2\/users\/2"}],"replies":[{"embeddable":true,"href":"https:\/\/labarraca1912.es\/fr\/wp-json\/wp\/v2\/comments?post=5005"}],"version-history":[{"count":0,"href":"https:\/\/labarraca1912.es\/fr\/wp-json\/wp\/v2\/pages\/5005\/revisions"}],"wp:attachment":[{"href":"https:\/\/labarraca1912.es\/fr\/wp-json\/wp\/v2\/media?parent=5005"}],"curies":[{"name":"wp","href":"https:\/\/api.w.org\/{rel}","templated":true}]}}