{"id":8242,"date":"2022-11-11T08:45:39","date_gmt":"2022-11-11T07:45:39","guid":{"rendered":"https:\/\/labarraca1912.es\/?page_id=8242"},"modified":"2025-07-10T11:21:44","modified_gmt":"2025-07-10T09:21:44","slug":"fichas-tecnicas-calidad","status":"publish","type":"page","link":"https:\/\/labarraca1912.es\/fr\/fichas-tecnicas-calidad\/","title":{"rendered":"Fiches Techniques Qualit\u00e9"},"content":{"rendered":"<p>Vous pouvez demander n'importe quelle fiche technique de nos produits, dans l'e-mail&nbsp;<a href=\"mailto:calidad@labarraca1912.com\">calidad@labarraca1912.com<\/a><\/p>\n\n\n\n<p>Nous vous r\u00e9pondrons dans les plus brefs d\u00e9lais.<\/p>","protected":false},"excerpt":{"rendered":"<p>Puedes solicitar cualquier ficha t\u00e9cnica de nuestros productos, en el correo&nbsp;calidad@labarraca1912.com Te responderemos a la mayor brevedad posible.<\/p>","protected":false},"author":2,"featured_media":0,"parent":0,"menu_order":0,"comment_status":"closed","ping_status":"closed","template":"","meta":{"_et_pb_use_builder":"off","_et_pb_old_content":"","_et_gb_content_width":"","footnotes":""},"class_list":["post-8242","page","type-page","status-publish","hentry"],"yoast_head":"<!-- This site is optimized with the Yoast SEO plugin v27.5 - https:\/\/yoast.com\/product\/yoast-seo-wordpress\/ -->\n<title>Fichas T\u00e9cnicas Calidad - La Barraca<\/title>\n<meta name=\"description\" content=\"Consulta las fichas t\u00e9cnicas de calidad de nuestras especias y condimentos para conocer su composici\u00f3n, origen y certificaciones oficiales.\" \/>\n<meta name=\"robots\" content=\"index, follow, max-snippet:-1, max-image-preview:large, max-video-preview:-1\" \/>\n<link rel=\"canonical\" href=\"https:\/\/labarraca1912.es\/fr\/fichas-tecnicas-calidad\/\" \/>\n<meta property=\"og:locale\" content=\"fr_FR\" \/>\n<meta property=\"og:type\" content=\"article\" \/>\n<meta property=\"og:title\" content=\"Fichas T\u00e9cnicas Calidad - La Barraca\" \/>\n<meta property=\"og:description\" content=\"Consulta las fichas t\u00e9cnicas de calidad de nuestras especias y condimentos para conocer su composici\u00f3n, origen y certificaciones oficiales.\" \/>\n<meta property=\"og:url\" content=\"https:\/\/labarraca1912.es\/fr\/fichas-tecnicas-calidad\/\" \/>\n<meta property=\"og:site_name\" content=\"La Barraca\" \/>\n<meta property=\"article:modified_time\" content=\"2025-07-10T09:21:44+00:00\" \/>\n<meta name=\"twitter:card\" content=\"summary_large_image\" \/>\n<meta name=\"twitter:label1\" content=\"Dur\u00e9e de lecture estim\u00e9e\" \/>\n\t<meta name=\"twitter:data1\" content=\"1 minute\" \/>\n<script type=\"application\/ld+json\" class=\"yoast-schema-graph\">{\"@context\":\"https:\\\/\\\/schema.org\",\"@graph\":[{\"@type\":\"WebPage\",\"@id\":\"https:\\\/\\\/labarraca1912.es\\\/fichas-tecnicas-calidad\\\/\",\"url\":\"https:\\\/\\\/labarraca1912.es\\\/fichas-tecnicas-calidad\\\/\",\"name\":\"Fichas T\u00e9cnicas Calidad - La Barraca\",\"isPartOf\":{\"@id\":\"https:\\\/\\\/labarraca1912.es\\\/#website\"},\"datePublished\":\"2022-11-11T07:45:39+00:00\",\"dateModified\":\"2025-07-10T09:21:44+00:00\",\"description\":\"Consulta las fichas t\u00e9cnicas de calidad de nuestras especias y condimentos para conocer su composici\u00f3n, origen y certificaciones oficiales.\",\"breadcrumb\":{\"@id\":\"https:\\\/\\\/labarraca1912.es\\\/fichas-tecnicas-calidad\\\/#breadcrumb\"},\"inLanguage\":\"fr-FR\",\"potentialAction\":[{\"@type\":\"ReadAction\",\"target\":[\"https:\\\/\\\/labarraca1912.es\\\/fichas-tecnicas-calidad\\\/\"]}]},{\"@type\":\"BreadcrumbList\",\"@id\":\"https:\\\/\\\/labarraca1912.es\\\/fichas-tecnicas-calidad\\\/#breadcrumb\",\"itemListElement\":[{\"@type\":\"ListItem\",\"position\":1,\"name\":\"La Barraca\",\"item\":\"https:\\\/\\\/labarraca1912.es\\\/\"},{\"@type\":\"ListItem\",\"position\":2,\"name\":\"Fichas T\u00e9cnicas Calidad\"}]},{\"@type\":\"WebSite\",\"@id\":\"https:\\\/\\\/labarraca1912.es\\\/#website\",\"url\":\"https:\\\/\\\/labarraca1912.es\\\/\",\"name\":\"La Barraca\",\"description\":\"La Casa del Sabor\",\"publisher\":{\"@id\":\"https:\\\/\\\/labarraca1912.es\\\/#organization\"},\"potentialAction\":[{\"@type\":\"SearchAction\",\"target\":{\"@type\":\"EntryPoint\",\"urlTemplate\":\"https:\\\/\\\/labarraca1912.es\\\/?s={search_term_string}\"},\"query-input\":{\"@type\":\"PropertyValueSpecification\",\"valueRequired\":true,\"valueName\":\"search_term_string\"}}],\"inLanguage\":\"fr-FR\"},{\"@type\":\"Organization\",\"@id\":\"https:\\\/\\\/labarraca1912.es\\\/#organization\",\"name\":\"La Barraca 1912 Alimentacion\",\"url\":\"https:\\\/\\\/labarraca1912.es\\\/\",\"logo\":{\"@type\":\"ImageObject\",\"inLanguage\":\"fr-FR\",\"@id\":\"https:\\\/\\\/labarraca1912.es\\\/#\\\/schema\\\/logo\\\/image\\\/\",\"url\":\"https:\\\/\\\/labarraca1912.es\\\/wp-content\\\/uploads\\\/2019\\\/06\\\/logo-labarraca.png\",\"contentUrl\":\"https:\\\/\\\/labarraca1912.es\\\/wp-content\\\/uploads\\\/2019\\\/06\\\/logo-labarraca.png\",\"width\":2917,\"height\":1809,\"caption\":\"La Barraca 1912 Alimentacion\"},\"image\":{\"@id\":\"https:\\\/\\\/labarraca1912.es\\\/#\\\/schema\\\/logo\\\/image\\\/\"}}]}<\/script>\n<!-- \/ Yoast SEO plugin. -->","yoast_head_json":{"title":"Fichas T\u00e9cnicas Calidad - La Barraca","description":"Consulta las fichas t\u00e9cnicas de calidad de nuestras especias y condimentos para conocer su composici\u00f3n, origen y certificaciones oficiales.","robots":{"index":"index","follow":"follow","max-snippet":"max-snippet:-1","max-image-preview":"max-image-preview:large","max-video-preview":"max-video-preview:-1"},"canonical":"https:\/\/labarraca1912.es\/fr\/fichas-tecnicas-calidad\/","og_locale":"fr_FR","og_type":"article","og_title":"Fichas T\u00e9cnicas Calidad - La Barraca","og_description":"Consulta las fichas t\u00e9cnicas de calidad de nuestras especias y condimentos para conocer su composici\u00f3n, origen y certificaciones oficiales.","og_url":"https:\/\/labarraca1912.es\/fr\/fichas-tecnicas-calidad\/","og_site_name":"La Barraca","article_modified_time":"2025-07-10T09:21:44+00:00","twitter_card":"summary_large_image","twitter_misc":{"Dur\u00e9e de lecture estim\u00e9e":"1 minute"},"schema":{"@context":"https:\/\/schema.org","@graph":[{"@type":"WebPage","@id":"https:\/\/labarraca1912.es\/fichas-tecnicas-calidad\/","url":"https:\/\/labarraca1912.es\/fichas-tecnicas-calidad\/","name":"Fichas T\u00e9cnicas Calidad - La Barraca","isPartOf":{"@id":"https:\/\/labarraca1912.es\/#website"},"datePublished":"2022-11-11T07:45:39+00:00","dateModified":"2025-07-10T09:21:44+00:00","description":"Consulta las fichas t\u00e9cnicas de calidad de nuestras especias y condimentos para conocer su composici\u00f3n, origen y certificaciones oficiales.","breadcrumb":{"@id":"https:\/\/labarraca1912.es\/fichas-tecnicas-calidad\/#breadcrumb"},"inLanguage":"fr-FR","potentialAction":[{"@type":"ReadAction","target":["https:\/\/labarraca1912.es\/fichas-tecnicas-calidad\/"]}]},{"@type":"BreadcrumbList","@id":"https:\/\/labarraca1912.es\/fichas-tecnicas-calidad\/#breadcrumb","itemListElement":[{"@type":"ListItem","position":1,"name":"La Barraca","item":"https:\/\/labarraca1912.es\/"},{"@type":"ListItem","position":2,"name":"Fichas T\u00e9cnicas Calidad"}]},{"@type":"WebSite","@id":"https:\/\/labarraca1912.es\/#website","url":"https:\/\/labarraca1912.es\/","name":"La Barraca","description":"La Casa del Sabor","publisher":{"@id":"https:\/\/labarraca1912.es\/#organization"},"potentialAction":[{"@type":"SearchAction","target":{"@type":"EntryPoint","urlTemplate":"https:\/\/labarraca1912.es\/?s={search_term_string}"},"query-input":{"@type":"PropertyValueSpecification","valueRequired":true,"valueName":"search_term_string"}}],"inLanguage":"fr-FR"},{"@type":"Organization","@id":"https:\/\/labarraca1912.es\/#organization","name":"La Barraca 1912 Alimentacion","url":"https:\/\/labarraca1912.es\/","logo":{"@type":"ImageObject","inLanguage":"fr-FR","@id":"https:\/\/labarraca1912.es\/#\/schema\/logo\/image\/","url":"https:\/\/labarraca1912.es\/wp-content\/uploads\/2019\/06\/logo-labarraca.png","contentUrl":"https:\/\/labarraca1912.es\/wp-content\/uploads\/2019\/06\/logo-labarraca.png","width":2917,"height":1809,"caption":"La Barraca 1912 Alimentacion"},"image":{"@id":"https:\/\/labarraca1912.es\/#\/schema\/logo\/image\/"}}]}},"_links":{"self":[{"href":"https:\/\/labarraca1912.es\/fr\/wp-json\/wp\/v2\/pages\/8242","targetHints":{"allow":["GET"]}}],"collection":[{"href":"https:\/\/labarraca1912.es\/fr\/wp-json\/wp\/v2\/pages"}],"about":[{"href":"https:\/\/labarraca1912.es\/fr\/wp-json\/wp\/v2\/types\/page"}],"author":[{"embeddable":true,"href":"https:\/\/labarraca1912.es\/fr\/wp-json\/wp\/v2\/users\/2"}],"replies":[{"embeddable":true,"href":"https:\/\/labarraca1912.es\/fr\/wp-json\/wp\/v2\/comments?post=8242"}],"version-history":[{"count":0,"href":"https:\/\/labarraca1912.es\/fr\/wp-json\/wp\/v2\/pages\/8242\/revisions"}],"wp:attachment":[{"href":"https:\/\/labarraca1912.es\/fr\/wp-json\/wp\/v2\/media?parent=8242"}],"curies":[{"name":"wp","href":"https:\/\/api.w.org\/{rel}","templated":true}]}}