{"id":10010,"date":"2023-11-06T16:58:03","date_gmt":"2023-11-06T15:58:03","guid":{"rendered":"https:\/\/labarraca1912.es\/?post_type=product&#038;p=10010"},"modified":"2025-10-06T17:11:48","modified_gmt":"2025-10-06T15:11:48","slug":"sazonador-pescado","status":"publish","type":"product","link":"https:\/\/labarraca1912.es\/fr\/tienda\/sazonadores\/sazonador-pescado\/","title":{"rendered":"Sazonador Pescado 535g"},"content":{"rendered":"<p>ASSAISONNEMENT POISSON: Assaisonnement compos\u00e9 d'un m\u00e9lange de sel, d'\u00e9pices moulues et d'assaisonnements sp\u00e9cialement formul\u00e9s pour tous types de poissons, en rago\u00fbts, barbecues et r\u00f4tis. Dans les rago\u00fbts, on l'utilise en l'ajoutant avant la cuisson, r\u00e9duisant ainsi la teneur en sel. S'il est utilis\u00e9 dans les barbecues et les r\u00f4tis, il sera incorpor\u00e9 \u00e0 la derni\u00e8re minute.<\/p>\n<p><strong>Assaisonnement Poisson: <\/strong>Utilis\u00e9 pour donner une saveur et un ar\u00f4me particuliers, id\u00e9aux pour tous les types de poissons.<\/p>\n<p><em><strong>MODE D'EMPLOI:<\/strong> M\u00e9langez l'assaisonnement avec l'huile d'olive et remuez jusqu'\u00e0 ce que tout soit combin\u00e9. Une fois fusionn\u00e9, appliquer sur le poisson jusqu'\u00e0 ce qu'il soit enti\u00e8rement recouvert par le m\u00e9lange. Laissez mariner 30 minutes pour que le poisson absorbe toute la saveur. Apr\u00e8s 30 minutes, mettez le poisson sur le gril ou dans une po\u00eale et faites cuire jusqu'\u00e0 ce qu'il soit pr\u00eat.<\/em><\/p>","protected":false},"excerpt":{"rendered":"<blockquote>\n<h2><strong>Assaisonnement Poisson <\/strong>535g<\/h2>\n<\/blockquote>\n<p>Assaisonnement compos\u00e9 d'un m\u00e9lange de sel, d'\u00e9pices moulues et d'assaisonnements sp\u00e9cialement formul\u00e9s pour tous types de poissons, en rago\u00fbts, barbecues et r\u00f4tis. Dans les rago\u00fbts, on l'utilise en l'ajoutant avant la cuisson, r\u00e9duisant ainsi la teneur en sel. S'il est utilis\u00e9 dans les barbecues et les r\u00f4tis, il sera incorpor\u00e9 \u00e0 la derni\u00e8re minute.<\/p>\n<p><em><strong>Ingr\u00e9dients: <\/strong><\/em>Sal, especias (cilantro, piment\u00f3n, pimienta, ajo, c\u00farcuma, mejorana, perejil, eneldo, hinojo) y dextrosa.<\/p>\n<p>Peut contenir des traces de <strong>GLUTEN, MOUTARDE, SULFITES, ARACHIDES et C\u00c9LERI.<\/strong>.<\/p>\n<p><strong><em>D\u00e9claration nutritionnelle. Valeurs moyennes per 100g de produit:<\/em><\/strong><\/p>\n<p>\u00c9nergie: 644 kJ\/154 kcal. Graisses: 3,5g. Dont acides gras satur\u00e9s: &lt;0,2g. Glucides: 26g. Dont sucres: 17,5g. Prot\u00e9ines: 4,5g. Sel: 50g.<\/p>","protected":false},"featured_media":10465,"comment_status":"open","ping_status":"closed","template":"","meta":{"_et_pb_use_builder":"","_et_pb_old_content":"","_et_gb_content_width":""},"product_brand":[],"product_cat":[22],"product_tag":[278,154,68,119],"class_list":{"0":"post-10010","1":"product","2":"type-product","3":"status-publish","4":"has-post-thumbnail","6":"product_cat-sazonadores","7":"product_tag-condimentos","8":"product_tag-hierbas","9":"product_tag-pescado","10":"product_tag-sazonador","12":"first","13":"outofstock","14":"taxable","15":"shipping-taxable","16":"purchasable","17":"product-type-simple"},"yoast_head":"<!-- This site is optimized with the Yoast SEO plugin v27.5 - https:\/\/yoast.com\/product\/yoast-seo-wordpress\/ -->\n<title>Comprar Sazonador Pescado 535g para guisos | La Barraca<\/title>\n<meta name=\"description\" content=\"Sazonador Pescado La Barraca para todo tipo de recetas con pescado. Ideal en guisos, barbacoas y asados. Con c\u00farcuma, comino y piment\u00f3n.\" \/>\n<meta name=\"robots\" content=\"index, follow, max-snippet:-1, max-image-preview:large, max-video-preview:-1\" \/>\n<link rel=\"canonical\" href=\"https:\/\/labarraca1912.es\/fr\/tienda\/sazonadores\/sazonador-pescado\/\" \/>\n<meta property=\"og:locale\" content=\"fr_FR\" \/>\n<meta property=\"og:type\" content=\"article\" \/>\n<meta property=\"og:title\" content=\"Comprar Sazonador Pescado 535g para guisos | La Barraca\" \/>\n<meta property=\"og:description\" content=\"Sazonador Pescado La Barraca para todo tipo de recetas con pescado. Ideal en guisos, barbacoas y asados. Con c\u00farcuma, comino y piment\u00f3n.\" \/>\n<meta property=\"og:url\" content=\"https:\/\/labarraca1912.es\/fr\/tienda\/sazonadores\/sazonador-pescado\/\" \/>\n<meta property=\"og:site_name\" content=\"La Barraca\" \/>\n<meta property=\"article:modified_time\" content=\"2025-10-06T15:11:48+00:00\" \/>\n<meta property=\"og:image\" content=\"https:\/\/labarraca1912.es\/wp-content\/uploads\/sazpescadohotelero2024.jpg\" \/>\n\t<meta property=\"og:image:width\" content=\"800\" \/>\n\t<meta property=\"og:image:height\" content=\"800\" \/>\n\t<meta property=\"og:image:type\" content=\"image\/jpeg\" \/>\n<meta name=\"twitter:card\" content=\"summary_large_image\" \/>\n<meta name=\"twitter:label1\" content=\"Dur\u00e9e de lecture estim\u00e9e\" \/>\n\t<meta name=\"twitter:data1\" content=\"1 minute\" \/>\n<script type=\"application\/ld+json\" class=\"yoast-schema-graph\">{\"@context\":\"https:\\\/\\\/schema.org\",\"@graph\":[{\"@type\":\"WebPage\",\"@id\":\"https:\\\/\\\/labarraca1912.es\\\/tienda\\\/sazonadores\\\/sazonador-pescado\\\/\",\"url\":\"https:\\\/\\\/labarraca1912.es\\\/tienda\\\/sazonadores\\\/sazonador-pescado\\\/\",\"name\":\"Comprar Sazonador Pescado 535g para guisos | La Barraca\",\"isPartOf\":{\"@id\":\"https:\\\/\\\/labarraca1912.es\\\/#website\"},\"primaryImageOfPage\":{\"@id\":\"https:\\\/\\\/labarraca1912.es\\\/tienda\\\/sazonadores\\\/sazonador-pescado\\\/#primaryimage\"},\"image\":{\"@id\":\"https:\\\/\\\/labarraca1912.es\\\/tienda\\\/sazonadores\\\/sazonador-pescado\\\/#primaryimage\"},\"thumbnailUrl\":\"https:\\\/\\\/labarraca1912.es\\\/wp-content\\\/uploads\\\/sazpescadohotelero2024.jpg\",\"datePublished\":\"2023-11-06T15:58:03+00:00\",\"dateModified\":\"2025-10-06T15:11:48+00:00\",\"description\":\"Sazonador Pescado La Barraca para todo tipo de recetas con pescado. Ideal en guisos, barbacoas y asados. Con c\u00farcuma, comino y piment\u00f3n.\",\"breadcrumb\":{\"@id\":\"https:\\\/\\\/labarraca1912.es\\\/tienda\\\/sazonadores\\\/sazonador-pescado\\\/#breadcrumb\"},\"inLanguage\":\"fr-FR\",\"potentialAction\":[{\"@type\":\"ReadAction\",\"target\":[\"https:\\\/\\\/labarraca1912.es\\\/tienda\\\/sazonadores\\\/sazonador-pescado\\\/\"]}]},{\"@type\":\"ImageObject\",\"inLanguage\":\"fr-FR\",\"@id\":\"https:\\\/\\\/labarraca1912.es\\\/tienda\\\/sazonadores\\\/sazonador-pescado\\\/#primaryimage\",\"url\":\"https:\\\/\\\/labarraca1912.es\\\/wp-content\\\/uploads\\\/sazpescadohotelero2024.jpg\",\"contentUrl\":\"https:\\\/\\\/labarraca1912.es\\\/wp-content\\\/uploads\\\/sazpescadohotelero2024.jpg\",\"width\":800,\"height\":800},{\"@type\":\"BreadcrumbList\",\"@id\":\"https:\\\/\\\/labarraca1912.es\\\/tienda\\\/sazonadores\\\/sazonador-pescado\\\/#breadcrumb\",\"itemListElement\":[{\"@type\":\"ListItem\",\"position\":1,\"name\":\"La Barraca\",\"item\":\"https:\\\/\\\/labarraca1912.es\\\/\"},{\"@type\":\"ListItem\",\"position\":2,\"name\":\"Tienda\",\"item\":\"https:\\\/\\\/labarraca1912.es\\\/tienda\\\/\"},{\"@type\":\"ListItem\",\"position\":3,\"name\":\"Sazonador Pescado 535g\"}]},{\"@type\":\"WebSite\",\"@id\":\"https:\\\/\\\/labarraca1912.es\\\/#website\",\"url\":\"https:\\\/\\\/labarraca1912.es\\\/\",\"name\":\"La Barraca\",\"description\":\"La Casa del Sabor\",\"publisher\":{\"@id\":\"https:\\\/\\\/labarraca1912.es\\\/#organization\"},\"potentialAction\":[{\"@type\":\"SearchAction\",\"target\":{\"@type\":\"EntryPoint\",\"urlTemplate\":\"https:\\\/\\\/labarraca1912.es\\\/?s={search_term_string}\"},\"query-input\":{\"@type\":\"PropertyValueSpecification\",\"valueRequired\":true,\"valueName\":\"search_term_string\"}}],\"inLanguage\":\"fr-FR\"},{\"@type\":\"Organization\",\"@id\":\"https:\\\/\\\/labarraca1912.es\\\/#organization\",\"name\":\"La Barraca 1912 Alimentacion\",\"url\":\"https:\\\/\\\/labarraca1912.es\\\/\",\"logo\":{\"@type\":\"ImageObject\",\"inLanguage\":\"fr-FR\",\"@id\":\"https:\\\/\\\/labarraca1912.es\\\/#\\\/schema\\\/logo\\\/image\\\/\",\"url\":\"https:\\\/\\\/labarraca1912.es\\\/wp-content\\\/uploads\\\/2019\\\/06\\\/logo-labarraca.png\",\"contentUrl\":\"https:\\\/\\\/labarraca1912.es\\\/wp-content\\\/uploads\\\/2019\\\/06\\\/logo-labarraca.png\",\"width\":2917,\"height\":1809,\"caption\":\"La Barraca 1912 Alimentacion\"},\"image\":{\"@id\":\"https:\\\/\\\/labarraca1912.es\\\/#\\\/schema\\\/logo\\\/image\\\/\"}}]}<\/script>\n<!-- \/ Yoast SEO plugin. -->","yoast_head_json":{"title":"Comprar Sazonador Pescado 535g para guisos | La Barraca","description":"Sazonador Pescado La Barraca para todo tipo de recetas con pescado. Ideal en guisos, barbacoas y asados. Con c\u00farcuma, comino y piment\u00f3n.","robots":{"index":"index","follow":"follow","max-snippet":"max-snippet:-1","max-image-preview":"max-image-preview:large","max-video-preview":"max-video-preview:-1"},"canonical":"https:\/\/labarraca1912.es\/fr\/tienda\/sazonadores\/sazonador-pescado\/","og_locale":"fr_FR","og_type":"article","og_title":"Comprar Sazonador Pescado 535g para guisos | La Barraca","og_description":"Sazonador Pescado La Barraca para todo tipo de recetas con pescado. Ideal en guisos, barbacoas y asados. Con c\u00farcuma, comino y piment\u00f3n.","og_url":"https:\/\/labarraca1912.es\/fr\/tienda\/sazonadores\/sazonador-pescado\/","og_site_name":"La Barraca","article_modified_time":"2025-10-06T15:11:48+00:00","og_image":[{"width":800,"height":800,"url":"https:\/\/labarraca1912.es\/wp-content\/uploads\/sazpescadohotelero2024.jpg","type":"image\/jpeg"}],"twitter_card":"summary_large_image","twitter_misc":{"Dur\u00e9e de lecture estim\u00e9e":"1 minute"},"schema":{"@context":"https:\/\/schema.org","@graph":[{"@type":"WebPage","@id":"https:\/\/labarraca1912.es\/tienda\/sazonadores\/sazonador-pescado\/","url":"https:\/\/labarraca1912.es\/tienda\/sazonadores\/sazonador-pescado\/","name":"Comprar Sazonador Pescado 535g para guisos | La Barraca","isPartOf":{"@id":"https:\/\/labarraca1912.es\/#website"},"primaryImageOfPage":{"@id":"https:\/\/labarraca1912.es\/tienda\/sazonadores\/sazonador-pescado\/#primaryimage"},"image":{"@id":"https:\/\/labarraca1912.es\/tienda\/sazonadores\/sazonador-pescado\/#primaryimage"},"thumbnailUrl":"https:\/\/labarraca1912.es\/wp-content\/uploads\/sazpescadohotelero2024.jpg","datePublished":"2023-11-06T15:58:03+00:00","dateModified":"2025-10-06T15:11:48+00:00","description":"Sazonador Pescado La Barraca para todo tipo de recetas con pescado. Ideal en guisos, barbacoas y asados. Con c\u00farcuma, comino y piment\u00f3n.","breadcrumb":{"@id":"https:\/\/labarraca1912.es\/tienda\/sazonadores\/sazonador-pescado\/#breadcrumb"},"inLanguage":"fr-FR","potentialAction":[{"@type":"ReadAction","target":["https:\/\/labarraca1912.es\/tienda\/sazonadores\/sazonador-pescado\/"]}]},{"@type":"ImageObject","inLanguage":"fr-FR","@id":"https:\/\/labarraca1912.es\/tienda\/sazonadores\/sazonador-pescado\/#primaryimage","url":"https:\/\/labarraca1912.es\/wp-content\/uploads\/sazpescadohotelero2024.jpg","contentUrl":"https:\/\/labarraca1912.es\/wp-content\/uploads\/sazpescadohotelero2024.jpg","width":800,"height":800},{"@type":"BreadcrumbList","@id":"https:\/\/labarraca1912.es\/tienda\/sazonadores\/sazonador-pescado\/#breadcrumb","itemListElement":[{"@type":"ListItem","position":1,"name":"La Barraca","item":"https:\/\/labarraca1912.es\/"},{"@type":"ListItem","position":2,"name":"Tienda","item":"https:\/\/labarraca1912.es\/tienda\/"},{"@type":"ListItem","position":3,"name":"Sazonador Pescado 535g"}]},{"@type":"WebSite","@id":"https:\/\/labarraca1912.es\/#website","url":"https:\/\/labarraca1912.es\/","name":"La Barraca","description":"La Casa del Sabor","publisher":{"@id":"https:\/\/labarraca1912.es\/#organization"},"potentialAction":[{"@type":"SearchAction","target":{"@type":"EntryPoint","urlTemplate":"https:\/\/labarraca1912.es\/?s={search_term_string}"},"query-input":{"@type":"PropertyValueSpecification","valueRequired":true,"valueName":"search_term_string"}}],"inLanguage":"fr-FR"},{"@type":"Organization","@id":"https:\/\/labarraca1912.es\/#organization","name":"La Barraca 1912 Alimentacion","url":"https:\/\/labarraca1912.es\/","logo":{"@type":"ImageObject","inLanguage":"fr-FR","@id":"https:\/\/labarraca1912.es\/#\/schema\/logo\/image\/","url":"https:\/\/labarraca1912.es\/wp-content\/uploads\/2019\/06\/logo-labarraca.png","contentUrl":"https:\/\/labarraca1912.es\/wp-content\/uploads\/2019\/06\/logo-labarraca.png","width":2917,"height":1809,"caption":"La Barraca 1912 Alimentacion"},"image":{"@id":"https:\/\/labarraca1912.es\/#\/schema\/logo\/image\/"}}]}},"_links":{"self":[{"href":"https:\/\/labarraca1912.es\/fr\/wp-json\/wp\/v2\/product\/10010","targetHints":{"allow":["GET"]}}],"collection":[{"href":"https:\/\/labarraca1912.es\/fr\/wp-json\/wp\/v2\/product"}],"about":[{"href":"https:\/\/labarraca1912.es\/fr\/wp-json\/wp\/v2\/types\/product"}],"replies":[{"embeddable":true,"href":"https:\/\/labarraca1912.es\/fr\/wp-json\/wp\/v2\/comments?post=10010"}],"wp:featuredmedia":[{"embeddable":true,"href":"https:\/\/labarraca1912.es\/fr\/wp-json\/wp\/v2\/media\/10465"}],"wp:attachment":[{"href":"https:\/\/labarraca1912.es\/fr\/wp-json\/wp\/v2\/media?parent=10010"}],"wp:term":[{"taxonomy":"product_brand","embeddable":true,"href":"https:\/\/labarraca1912.es\/fr\/wp-json\/wp\/v2\/product_brand?post=10010"},{"taxonomy":"product_cat","embeddable":true,"href":"https:\/\/labarraca1912.es\/fr\/wp-json\/wp\/v2\/product_cat?post=10010"},{"taxonomy":"product_tag","embeddable":true,"href":"https:\/\/labarraca1912.es\/fr\/wp-json\/wp\/v2\/product_tag?post=10010"}],"curies":[{"name":"wp","href":"https:\/\/api.w.org\/{rel}","templated":true}]}}