{"id":10198,"date":"2023-12-11T08:42:31","date_gmt":"2023-12-11T07:42:31","guid":{"rendered":"https:\/\/labarraca1912.es\/?post_type=product&#038;p=10198"},"modified":"2026-03-09T09:00:30","modified_gmt":"2026-03-09T08:00:30","slug":"set-molinillosa","status":"publish","type":"product","link":"https:\/\/labarraca1912.es\/fr\/tienda\/molinillos\/set-molinillosa\/","title":{"rendered":"\u00c9tui 2 Moulins XL Poivre Noir et Sel Marin"},"content":{"rendered":"<p>\u00c9TUI 2 MOULINS XL: \u00c9tui compos\u00e9 de 2 Moulins XL, il s'agit d'un pack cadeau qui comprend 2 types de Moulins XL de saveurs diff\u00e9rentes, de cette fa\u00e7on les \u00e9pices ont un ar\u00f4me et une saveur plus frais car elles sont fra\u00eechement moulues avant de les incorporer dans vos plats.<\/p>\n<p><strong>Poivre Noir en Grain:<\/strong> Le poivre noir est produit lorsque le poivre est \u00e0 moiti\u00e9 m\u00fbr et est l\u2019un des plus utilis\u00e9s dans l\u2019Antiquit\u00e9. La saveur \u00e9pic\u00e9e du poivre est obtenue \u00e0 partir du compos\u00e9 pip\u00e9rine, pr\u00e9sent dans la peau et les graines du poivre. On l'utilise principalement dans les rago\u00fbts, ainsi que dans les viandes r\u00f4ties ou grill\u00e9es, les soupes, les marinades, les p\u00e2tes, les plats de riz. C'est l'une des \u00e9pices qui peuvent \u00eatre utilis\u00e9es pour presque tous les aliments.<\/p>\n<p><strong>Sel Marin:<\/strong> Le sel gemme qui, une fois moulu, sale les plats dans lesquels il est incorpor\u00e9. Il est utilis\u00e9 dans tous les plats auxquels on souhaite donner une touche sal\u00e9e.Il est utilis\u00e9 dans tous les plats auxquels on souhaite donner une touche sal\u00e9e.<\/p>","protected":false},"excerpt":{"rendered":"<blockquote>\n<h2><strong>\u00c9tui 2 Moulins XL<\/strong> Poivre Noir et Sel Marin<\/h2>\n<\/blockquote>\n<p>\u00c9tui compos\u00e9 de 2 Moulins XL, il s'agit d'un pack cadeau qui comprend 2 types de Moulins XL de saveurs diff\u00e9rentes, de cette fa\u00e7on les \u00e9pices ont un ar\u00f4me et une saveur plus frais car elles sont fra\u00eechement moulues avant de les incorporer dans vos plats.<\/p>\n<p><strong><em>\u00c9TUI COMPOS\u00c9 PER:<\/em><\/strong><\/p>\n<ul>\n<li><strong>Poivre Noir 180g<\/strong>\n<ul>\n<li><em><strong>Ingr\u00e9dients:<\/strong><\/em> Poivre noir en grain.<\/li>\n<\/ul>\n<\/li>\n<li><strong>Sel Marin 350g<\/strong>\n<ul>\n<li><em><strong>Ingr\u00e9dients:<\/strong><\/em> Sel marin.<\/li>\n<\/ul>\n<\/li>\n<\/ul>","protected":false},"featured_media":10201,"comment_status":"open","ping_status":"closed","template":"","meta":{"_et_pb_use_builder":"","_et_pb_old_content":"","_et_gb_content_width":""},"product_brand":[],"product_cat":[215,164],"product_tag":[66,50,79],"class_list":{"0":"post-10198","1":"product","2":"type-product","3":"status-publish","4":"has-post-thumbnail","6":"product_cat-packs-regalo","7":"product_cat-molinillos","8":"product_tag-molinillos","9":"product_tag-pimienta","10":"product_tag-sal","12":"first","13":"instock","14":"taxable","15":"shipping-taxable","16":"purchasable","17":"product-type-simple"},"yoast_head":"<!-- This site is optimized with the Yoast SEO plugin v27.4 - https:\/\/yoast.com\/product\/yoast-seo-wordpress\/ -->\n<title>Comprar Molinillos XL Pimienta Negra &amp; Sal Marina<\/title>\n<meta name=\"description\" content=\"Disfruta de un aroma y sabor frescos con el set de 2 Molinillos XL de pimienta negra en grano y sal marina, perfectos para sazonar y realzar tus platos.\" \/>\n<meta name=\"robots\" content=\"index, follow, max-snippet:-1, max-image-preview:large, max-video-preview:-1\" \/>\n<link rel=\"canonical\" href=\"https:\/\/labarraca1912.es\/fr\/tienda\/molinillos\/set-molinillosa\/\" \/>\n<meta property=\"og:locale\" content=\"fr_FR\" \/>\n<meta property=\"og:type\" content=\"article\" \/>\n<meta property=\"og:title\" content=\"Comprar Molinillos XL Pimienta Negra &amp; Sal Marina\" \/>\n<meta property=\"og:description\" content=\"Disfruta de un aroma y sabor frescos con el set de 2 Molinillos XL de pimienta negra en grano y sal marina, perfectos para sazonar y realzar tus platos.\" \/>\n<meta property=\"og:url\" content=\"https:\/\/labarraca1912.es\/fr\/tienda\/molinillos\/set-molinillosa\/\" \/>\n<meta property=\"og:site_name\" content=\"La Barraca\" \/>\n<meta property=\"article:modified_time\" content=\"2026-03-09T08:00:30+00:00\" \/>\n<meta property=\"og:image\" content=\"https:\/\/labarraca1912.es\/wp-content\/uploads\/set2molinillosrsalypimienta.jpg\" \/>\n\t<meta property=\"og:image:width\" content=\"800\" \/>\n\t<meta property=\"og:image:height\" content=\"800\" \/>\n\t<meta property=\"og:image:type\" content=\"image\/jpeg\" \/>\n<meta name=\"twitter:card\" content=\"summary_large_image\" \/>\n<meta name=\"twitter:label1\" content=\"Dur\u00e9e de lecture estim\u00e9e\" \/>\n\t<meta name=\"twitter:data1\" content=\"1 minute\" \/>\n<script type=\"application\/ld+json\" class=\"yoast-schema-graph\">{\"@context\":\"https:\\\/\\\/schema.org\",\"@graph\":[{\"@type\":\"WebPage\",\"@id\":\"https:\\\/\\\/labarraca1912.es\\\/tienda\\\/molinillos\\\/set-molinillosa\\\/\",\"url\":\"https:\\\/\\\/labarraca1912.es\\\/tienda\\\/molinillos\\\/set-molinillosa\\\/\",\"name\":\"Comprar Molinillos XL Pimienta Negra & Sal Marina\",\"isPartOf\":{\"@id\":\"https:\\\/\\\/labarraca1912.es\\\/#website\"},\"primaryImageOfPage\":{\"@id\":\"https:\\\/\\\/labarraca1912.es\\\/tienda\\\/molinillos\\\/set-molinillosa\\\/#primaryimage\"},\"image\":{\"@id\":\"https:\\\/\\\/labarraca1912.es\\\/tienda\\\/molinillos\\\/set-molinillosa\\\/#primaryimage\"},\"thumbnailUrl\":\"https:\\\/\\\/labarraca1912.es\\\/wp-content\\\/uploads\\\/set2molinillosrsalypimienta.jpg\",\"datePublished\":\"2023-12-11T07:42:31+00:00\",\"dateModified\":\"2026-03-09T08:00:30+00:00\",\"description\":\"Disfruta de un aroma y sabor frescos con el set de 2 Molinillos XL de pimienta negra en grano y sal marina, perfectos para sazonar y realzar tus platos.\",\"breadcrumb\":{\"@id\":\"https:\\\/\\\/labarraca1912.es\\\/tienda\\\/molinillos\\\/set-molinillosa\\\/#breadcrumb\"},\"inLanguage\":\"fr-FR\",\"potentialAction\":[{\"@type\":\"ReadAction\",\"target\":[\"https:\\\/\\\/labarraca1912.es\\\/tienda\\\/molinillos\\\/set-molinillosa\\\/\"]}]},{\"@type\":\"ImageObject\",\"inLanguage\":\"fr-FR\",\"@id\":\"https:\\\/\\\/labarraca1912.es\\\/tienda\\\/molinillos\\\/set-molinillosa\\\/#primaryimage\",\"url\":\"https:\\\/\\\/labarraca1912.es\\\/wp-content\\\/uploads\\\/set2molinillosrsalypimienta.jpg\",\"contentUrl\":\"https:\\\/\\\/labarraca1912.es\\\/wp-content\\\/uploads\\\/set2molinillosrsalypimienta.jpg\",\"width\":800,\"height\":800},{\"@type\":\"BreadcrumbList\",\"@id\":\"https:\\\/\\\/labarraca1912.es\\\/tienda\\\/molinillos\\\/set-molinillosa\\\/#breadcrumb\",\"itemListElement\":[{\"@type\":\"ListItem\",\"position\":1,\"name\":\"La Barraca\",\"item\":\"https:\\\/\\\/labarraca1912.es\\\/\"},{\"@type\":\"ListItem\",\"position\":2,\"name\":\"Tienda\",\"item\":\"https:\\\/\\\/labarraca1912.es\\\/tienda\\\/\"},{\"@type\":\"ListItem\",\"position\":3,\"name\":\"Set 2 Molinillos XL Pimienta Negra &#038; Sal Marina\"}]},{\"@type\":\"WebSite\",\"@id\":\"https:\\\/\\\/labarraca1912.es\\\/#website\",\"url\":\"https:\\\/\\\/labarraca1912.es\\\/\",\"name\":\"La Barraca\",\"description\":\"La Casa del Sabor\",\"publisher\":{\"@id\":\"https:\\\/\\\/labarraca1912.es\\\/#organization\"},\"potentialAction\":[{\"@type\":\"SearchAction\",\"target\":{\"@type\":\"EntryPoint\",\"urlTemplate\":\"https:\\\/\\\/labarraca1912.es\\\/?s={search_term_string}\"},\"query-input\":{\"@type\":\"PropertyValueSpecification\",\"valueRequired\":true,\"valueName\":\"search_term_string\"}}],\"inLanguage\":\"fr-FR\"},{\"@type\":\"Organization\",\"@id\":\"https:\\\/\\\/labarraca1912.es\\\/#organization\",\"name\":\"La Barraca 1912 Alimentacion\",\"url\":\"https:\\\/\\\/labarraca1912.es\\\/\",\"logo\":{\"@type\":\"ImageObject\",\"inLanguage\":\"fr-FR\",\"@id\":\"https:\\\/\\\/labarraca1912.es\\\/#\\\/schema\\\/logo\\\/image\\\/\",\"url\":\"https:\\\/\\\/labarraca1912.es\\\/wp-content\\\/uploads\\\/2019\\\/06\\\/logo-labarraca.png\",\"contentUrl\":\"https:\\\/\\\/labarraca1912.es\\\/wp-content\\\/uploads\\\/2019\\\/06\\\/logo-labarraca.png\",\"width\":2917,\"height\":1809,\"caption\":\"La Barraca 1912 Alimentacion\"},\"image\":{\"@id\":\"https:\\\/\\\/labarraca1912.es\\\/#\\\/schema\\\/logo\\\/image\\\/\"}}]}<\/script>\n<!-- \/ Yoast SEO plugin. -->","yoast_head_json":{"title":"Comprar Molinillos XL Pimienta Negra & Sal Marina","description":"Disfruta de un aroma y sabor frescos con el set de 2 Molinillos XL de pimienta negra en grano y sal marina, perfectos para sazonar y realzar tus platos.","robots":{"index":"index","follow":"follow","max-snippet":"max-snippet:-1","max-image-preview":"max-image-preview:large","max-video-preview":"max-video-preview:-1"},"canonical":"https:\/\/labarraca1912.es\/fr\/tienda\/molinillos\/set-molinillosa\/","og_locale":"fr_FR","og_type":"article","og_title":"Comprar Molinillos XL Pimienta Negra & Sal Marina","og_description":"Disfruta de un aroma y sabor frescos con el set de 2 Molinillos XL de pimienta negra en grano y sal marina, perfectos para sazonar y realzar tus platos.","og_url":"https:\/\/labarraca1912.es\/fr\/tienda\/molinillos\/set-molinillosa\/","og_site_name":"La Barraca","article_modified_time":"2026-03-09T08:00:30+00:00","og_image":[{"width":800,"height":800,"url":"https:\/\/labarraca1912.es\/wp-content\/uploads\/set2molinillosrsalypimienta.jpg","type":"image\/jpeg"}],"twitter_card":"summary_large_image","twitter_misc":{"Dur\u00e9e de lecture estim\u00e9e":"1 minute"},"schema":{"@context":"https:\/\/schema.org","@graph":[{"@type":"WebPage","@id":"https:\/\/labarraca1912.es\/tienda\/molinillos\/set-molinillosa\/","url":"https:\/\/labarraca1912.es\/tienda\/molinillos\/set-molinillosa\/","name":"Comprar Molinillos XL Pimienta Negra & Sal Marina","isPartOf":{"@id":"https:\/\/labarraca1912.es\/#website"},"primaryImageOfPage":{"@id":"https:\/\/labarraca1912.es\/tienda\/molinillos\/set-molinillosa\/#primaryimage"},"image":{"@id":"https:\/\/labarraca1912.es\/tienda\/molinillos\/set-molinillosa\/#primaryimage"},"thumbnailUrl":"https:\/\/labarraca1912.es\/wp-content\/uploads\/set2molinillosrsalypimienta.jpg","datePublished":"2023-12-11T07:42:31+00:00","dateModified":"2026-03-09T08:00:30+00:00","description":"Disfruta de un aroma y sabor frescos con el set de 2 Molinillos XL de pimienta negra en grano y sal marina, perfectos para sazonar y realzar tus platos.","breadcrumb":{"@id":"https:\/\/labarraca1912.es\/tienda\/molinillos\/set-molinillosa\/#breadcrumb"},"inLanguage":"fr-FR","potentialAction":[{"@type":"ReadAction","target":["https:\/\/labarraca1912.es\/tienda\/molinillos\/set-molinillosa\/"]}]},{"@type":"ImageObject","inLanguage":"fr-FR","@id":"https:\/\/labarraca1912.es\/tienda\/molinillos\/set-molinillosa\/#primaryimage","url":"https:\/\/labarraca1912.es\/wp-content\/uploads\/set2molinillosrsalypimienta.jpg","contentUrl":"https:\/\/labarraca1912.es\/wp-content\/uploads\/set2molinillosrsalypimienta.jpg","width":800,"height":800},{"@type":"BreadcrumbList","@id":"https:\/\/labarraca1912.es\/tienda\/molinillos\/set-molinillosa\/#breadcrumb","itemListElement":[{"@type":"ListItem","position":1,"name":"La Barraca","item":"https:\/\/labarraca1912.es\/"},{"@type":"ListItem","position":2,"name":"Tienda","item":"https:\/\/labarraca1912.es\/tienda\/"},{"@type":"ListItem","position":3,"name":"Set 2 Molinillos XL Pimienta Negra &#038; Sal Marina"}]},{"@type":"WebSite","@id":"https:\/\/labarraca1912.es\/#website","url":"https:\/\/labarraca1912.es\/","name":"La Barraca","description":"La Casa del Sabor","publisher":{"@id":"https:\/\/labarraca1912.es\/#organization"},"potentialAction":[{"@type":"SearchAction","target":{"@type":"EntryPoint","urlTemplate":"https:\/\/labarraca1912.es\/?s={search_term_string}"},"query-input":{"@type":"PropertyValueSpecification","valueRequired":true,"valueName":"search_term_string"}}],"inLanguage":"fr-FR"},{"@type":"Organization","@id":"https:\/\/labarraca1912.es\/#organization","name":"La Barraca 1912 Alimentacion","url":"https:\/\/labarraca1912.es\/","logo":{"@type":"ImageObject","inLanguage":"fr-FR","@id":"https:\/\/labarraca1912.es\/#\/schema\/logo\/image\/","url":"https:\/\/labarraca1912.es\/wp-content\/uploads\/2019\/06\/logo-labarraca.png","contentUrl":"https:\/\/labarraca1912.es\/wp-content\/uploads\/2019\/06\/logo-labarraca.png","width":2917,"height":1809,"caption":"La Barraca 1912 Alimentacion"},"image":{"@id":"https:\/\/labarraca1912.es\/#\/schema\/logo\/image\/"}}]}},"_links":{"self":[{"href":"https:\/\/labarraca1912.es\/fr\/wp-json\/wp\/v2\/product\/10198","targetHints":{"allow":["GET"]}}],"collection":[{"href":"https:\/\/labarraca1912.es\/fr\/wp-json\/wp\/v2\/product"}],"about":[{"href":"https:\/\/labarraca1912.es\/fr\/wp-json\/wp\/v2\/types\/product"}],"replies":[{"embeddable":true,"href":"https:\/\/labarraca1912.es\/fr\/wp-json\/wp\/v2\/comments?post=10198"}],"wp:featuredmedia":[{"embeddable":true,"href":"https:\/\/labarraca1912.es\/fr\/wp-json\/wp\/v2\/media\/10201"}],"wp:attachment":[{"href":"https:\/\/labarraca1912.es\/fr\/wp-json\/wp\/v2\/media?parent=10198"}],"wp:term":[{"taxonomy":"product_brand","embeddable":true,"href":"https:\/\/labarraca1912.es\/fr\/wp-json\/wp\/v2\/product_brand?post=10198"},{"taxonomy":"product_cat","embeddable":true,"href":"https:\/\/labarraca1912.es\/fr\/wp-json\/wp\/v2\/product_cat?post=10198"},{"taxonomy":"product_tag","embeddable":true,"href":"https:\/\/labarraca1912.es\/fr\/wp-json\/wp\/v2\/product_tag?post=10198"}],"curies":[{"name":"wp","href":"https:\/\/api.w.org\/{rel}","templated":true}]}}