{"id":10202,"date":"2023-12-11T09:00:00","date_gmt":"2023-12-11T08:00:00","guid":{"rendered":"https:\/\/labarraca1912.es\/?post_type=product&#038;p=10202"},"modified":"2026-03-09T09:00:13","modified_gmt":"2026-03-09T08:00:13","slug":"set-2-molinillos-b","status":"publish","type":"product","link":"https:\/\/labarraca1912.es\/fr\/tienda\/molinillos\/set-2-molinillos-b\/","title":{"rendered":"\u00c9tui 2 Moulins XL Fusion de Poivres et Sel Rose de L\u00b4Himalaya"},"content":{"rendered":"<p>\u00c9TUI 2 MOULINS XL: \u00c9tui compos\u00e9 de 2 Moulins XL, il s'agit d'un pack cadeau qui comprend 2 types de Moulins XL de saveurs diff\u00e9rentes, de cette fa\u00e7on les \u00e9pices ont un ar\u00f4me et une saveur plus frais car elles sont fra\u00eechement moulues avant de les incorporer dans vos plats.<\/p>\n<p><strong>Fusion de Poivres:<\/strong> Il s'agit d'un m\u00e9lange qui combine la saveur particuli\u00e8re de cinq types de grains de poivre qui, moulus juste avant la consommation, offrent une saveur particuli\u00e8rement adapt\u00e9e aux viandes, poissons et rago\u00fbts. La saveur \u00e9pic\u00e9e du poivre est obtenue \u00e0 partir du compos\u00e9 pip\u00e9rine, pr\u00e9sent dans la peau et les graines du poivre. Utilis\u00e9 pour assaisonner les sauces de toutes sortes, les viandes, les poissons et les rago\u00fbts. C'est une \u00e9pice largement utilis\u00e9e dans le poulet r\u00f4ti.<\/p>\n<p><strong>Sel Rose de L\u00b4Himalaya:<\/strong>\u00a0Sel min\u00e9ral rose, form\u00e9 de cristaux et g\u00e9n\u00e9ralement extrait des montagnes du Pakistan. C'est un sel riche en multiples min\u00e9raux.<\/p>","protected":false},"excerpt":{"rendered":"<blockquote>\n<h2><strong>\u00c9tui 2 Moulins XL<\/strong> Fusi\u00f3n de Pimientas &amp; Sal Rosa del Himalaya<\/h2>\n<\/blockquote>\n<p>\u00c9tui compos\u00e9 de 2 Moulins XL, il s'agit d'un pack cadeau qui comprend 2 types de Moulins XL de saveurs diff\u00e9rentes, de cette fa\u00e7on les \u00e9pices ont un ar\u00f4me et une saveur plus frais car elles sont fra\u00eechement moulues avant de les incorporer dans vos plats.<\/p>\n<p><strong><em>\u00c9TUI COMPOS\u00c9 PER:<\/em><\/strong><\/p>\n<ul>\n<li><strong>Fusion de Poivres 170g<\/strong>\n<ul>\n<li><em><strong>Ingr\u00e9dients:<\/strong><\/em> Poivre noir, poivre blanc, poivre de la Jama\u00efque, poivre rose et poivre vert.<\/li>\n<\/ul>\n<\/li>\n<li><strong>Sel Rose de l\u00b4Himalaya 390g<\/strong>\n<ul>\n<li><em><strong>Ingr\u00e9dients:<\/strong><\/em> Sel rose de l\u00b4himalaya (sal gemme).<\/li>\n<\/ul>\n<\/li>\n<\/ul>","protected":false},"featured_media":10199,"comment_status":"open","ping_status":"closed","template":"","meta":{"_et_pb_use_builder":"","_et_pb_old_content":"","_et_gb_content_width":""},"product_brand":[],"product_cat":[215,164],"product_tag":[158,66,50,69,79],"class_list":{"0":"post-10202","1":"product","2":"type-product","3":"status-publish","4":"has-post-thumbnail","6":"product_cat-packs-regalo","7":"product_cat-molinillos","8":"product_tag-himalaya","9":"product_tag-molinillos","10":"product_tag-pimienta","11":"product_tag-pimientas","12":"product_tag-sal","14":"first","15":"instock","16":"featured","17":"taxable","18":"shipping-taxable","19":"purchasable","20":"product-type-simple"},"yoast_head":"<!-- This site is optimized with the Yoast SEO plugin v27.4 - https:\/\/yoast.com\/product\/yoast-seo-wordpress\/ -->\n<title>Comprar Set 2 Molinillos XL Fusi\u00f3n de Pimientas &amp; Sal rosa<\/title>\n<meta name=\"description\" content=\"Utilizada para salar alimentos, este tipo de sal se suele aplicar normalmente a la carne o el pescado una vez estos ya est\u00e1n listos.\" \/>\n<meta name=\"robots\" content=\"index, follow, max-snippet:-1, max-image-preview:large, max-video-preview:-1\" \/>\n<link rel=\"canonical\" href=\"https:\/\/labarraca1912.es\/fr\/tienda\/molinillos\/set-2-molinillos-b\/\" \/>\n<meta property=\"og:locale\" content=\"fr_FR\" \/>\n<meta property=\"og:type\" content=\"article\" \/>\n<meta property=\"og:title\" content=\"Comprar Set 2 Molinillos XL Fusi\u00f3n de Pimientas &amp; Sal rosa\" \/>\n<meta property=\"og:description\" content=\"Utilizada para salar alimentos, este tipo de sal se suele aplicar normalmente a la carne o el pescado una vez estos ya est\u00e1n listos.\" \/>\n<meta property=\"og:url\" content=\"https:\/\/labarraca1912.es\/fr\/tienda\/molinillos\/set-2-molinillos-b\/\" \/>\n<meta property=\"og:site_name\" content=\"La Barraca\" \/>\n<meta property=\"article:modified_time\" content=\"2026-03-09T08:00:13+00:00\" \/>\n<meta property=\"og:image\" content=\"https:\/\/labarraca1912.es\/wp-content\/uploads\/set2molinillosrosa5pim.jpg\" \/>\n\t<meta property=\"og:image:width\" content=\"800\" \/>\n\t<meta property=\"og:image:height\" content=\"800\" \/>\n\t<meta property=\"og:image:type\" content=\"image\/jpeg\" \/>\n<meta name=\"twitter:card\" content=\"summary_large_image\" \/>\n<meta name=\"twitter:label1\" content=\"Dur\u00e9e de lecture estim\u00e9e\" \/>\n\t<meta name=\"twitter:data1\" content=\"1 minute\" \/>\n<script type=\"application\/ld+json\" class=\"yoast-schema-graph\">{\"@context\":\"https:\\\/\\\/schema.org\",\"@graph\":[{\"@type\":\"WebPage\",\"@id\":\"https:\\\/\\\/labarraca1912.es\\\/tienda\\\/molinillos\\\/set-2-molinillos-b\\\/\",\"url\":\"https:\\\/\\\/labarraca1912.es\\\/tienda\\\/molinillos\\\/set-2-molinillos-b\\\/\",\"name\":\"Comprar Set 2 Molinillos XL Fusi\u00f3n de Pimientas & Sal rosa\",\"isPartOf\":{\"@id\":\"https:\\\/\\\/labarraca1912.es\\\/#website\"},\"primaryImageOfPage\":{\"@id\":\"https:\\\/\\\/labarraca1912.es\\\/tienda\\\/molinillos\\\/set-2-molinillos-b\\\/#primaryimage\"},\"image\":{\"@id\":\"https:\\\/\\\/labarraca1912.es\\\/tienda\\\/molinillos\\\/set-2-molinillos-b\\\/#primaryimage\"},\"thumbnailUrl\":\"https:\\\/\\\/labarraca1912.es\\\/wp-content\\\/uploads\\\/set2molinillosrosa5pim.jpg\",\"datePublished\":\"2023-12-11T08:00:00+00:00\",\"dateModified\":\"2026-03-09T08:00:13+00:00\",\"description\":\"Utilizada para salar alimentos, este tipo de sal se suele aplicar normalmente a la carne o el pescado una vez estos ya est\u00e1n listos.\",\"breadcrumb\":{\"@id\":\"https:\\\/\\\/labarraca1912.es\\\/tienda\\\/molinillos\\\/set-2-molinillos-b\\\/#breadcrumb\"},\"inLanguage\":\"fr-FR\",\"potentialAction\":[{\"@type\":\"ReadAction\",\"target\":[\"https:\\\/\\\/labarraca1912.es\\\/tienda\\\/molinillos\\\/set-2-molinillos-b\\\/\"]}]},{\"@type\":\"ImageObject\",\"inLanguage\":\"fr-FR\",\"@id\":\"https:\\\/\\\/labarraca1912.es\\\/tienda\\\/molinillos\\\/set-2-molinillos-b\\\/#primaryimage\",\"url\":\"https:\\\/\\\/labarraca1912.es\\\/wp-content\\\/uploads\\\/set2molinillosrosa5pim.jpg\",\"contentUrl\":\"https:\\\/\\\/labarraca1912.es\\\/wp-content\\\/uploads\\\/set2molinillosrosa5pim.jpg\",\"width\":800,\"height\":800},{\"@type\":\"BreadcrumbList\",\"@id\":\"https:\\\/\\\/labarraca1912.es\\\/tienda\\\/molinillos\\\/set-2-molinillos-b\\\/#breadcrumb\",\"itemListElement\":[{\"@type\":\"ListItem\",\"position\":1,\"name\":\"La Barraca\",\"item\":\"https:\\\/\\\/labarraca1912.es\\\/\"},{\"@type\":\"ListItem\",\"position\":2,\"name\":\"Tienda\",\"item\":\"https:\\\/\\\/labarraca1912.es\\\/tienda\\\/\"},{\"@type\":\"ListItem\",\"position\":3,\"name\":\"Set 2 Molinillos XL Fusi\u00f3n de Pimientas &#038; Sal Rosa del Himalaya\"}]},{\"@type\":\"WebSite\",\"@id\":\"https:\\\/\\\/labarraca1912.es\\\/#website\",\"url\":\"https:\\\/\\\/labarraca1912.es\\\/\",\"name\":\"La Barraca\",\"description\":\"La Casa del Sabor\",\"publisher\":{\"@id\":\"https:\\\/\\\/labarraca1912.es\\\/#organization\"},\"potentialAction\":[{\"@type\":\"SearchAction\",\"target\":{\"@type\":\"EntryPoint\",\"urlTemplate\":\"https:\\\/\\\/labarraca1912.es\\\/?s={search_term_string}\"},\"query-input\":{\"@type\":\"PropertyValueSpecification\",\"valueRequired\":true,\"valueName\":\"search_term_string\"}}],\"inLanguage\":\"fr-FR\"},{\"@type\":\"Organization\",\"@id\":\"https:\\\/\\\/labarraca1912.es\\\/#organization\",\"name\":\"La Barraca 1912 Alimentacion\",\"url\":\"https:\\\/\\\/labarraca1912.es\\\/\",\"logo\":{\"@type\":\"ImageObject\",\"inLanguage\":\"fr-FR\",\"@id\":\"https:\\\/\\\/labarraca1912.es\\\/#\\\/schema\\\/logo\\\/image\\\/\",\"url\":\"https:\\\/\\\/labarraca1912.es\\\/wp-content\\\/uploads\\\/2019\\\/06\\\/logo-labarraca.png\",\"contentUrl\":\"https:\\\/\\\/labarraca1912.es\\\/wp-content\\\/uploads\\\/2019\\\/06\\\/logo-labarraca.png\",\"width\":2917,\"height\":1809,\"caption\":\"La Barraca 1912 Alimentacion\"},\"image\":{\"@id\":\"https:\\\/\\\/labarraca1912.es\\\/#\\\/schema\\\/logo\\\/image\\\/\"}}]}<\/script>\n<!-- \/ Yoast SEO plugin. -->","yoast_head_json":{"title":"Comprar Set 2 Molinillos XL Fusi\u00f3n de Pimientas & Sal rosa","description":"Utilizada para salar alimentos, este tipo de sal se suele aplicar normalmente a la carne o el pescado una vez estos ya est\u00e1n listos.","robots":{"index":"index","follow":"follow","max-snippet":"max-snippet:-1","max-image-preview":"max-image-preview:large","max-video-preview":"max-video-preview:-1"},"canonical":"https:\/\/labarraca1912.es\/fr\/tienda\/molinillos\/set-2-molinillos-b\/","og_locale":"fr_FR","og_type":"article","og_title":"Comprar Set 2 Molinillos XL Fusi\u00f3n de Pimientas & Sal rosa","og_description":"Utilizada para salar alimentos, este tipo de sal se suele aplicar normalmente a la carne o el pescado una vez estos ya est\u00e1n listos.","og_url":"https:\/\/labarraca1912.es\/fr\/tienda\/molinillos\/set-2-molinillos-b\/","og_site_name":"La Barraca","article_modified_time":"2026-03-09T08:00:13+00:00","og_image":[{"width":800,"height":800,"url":"https:\/\/labarraca1912.es\/wp-content\/uploads\/set2molinillosrosa5pim.jpg","type":"image\/jpeg"}],"twitter_card":"summary_large_image","twitter_misc":{"Dur\u00e9e de lecture estim\u00e9e":"1 minute"},"schema":{"@context":"https:\/\/schema.org","@graph":[{"@type":"WebPage","@id":"https:\/\/labarraca1912.es\/tienda\/molinillos\/set-2-molinillos-b\/","url":"https:\/\/labarraca1912.es\/tienda\/molinillos\/set-2-molinillos-b\/","name":"Comprar Set 2 Molinillos XL Fusi\u00f3n de Pimientas & Sal rosa","isPartOf":{"@id":"https:\/\/labarraca1912.es\/#website"},"primaryImageOfPage":{"@id":"https:\/\/labarraca1912.es\/tienda\/molinillos\/set-2-molinillos-b\/#primaryimage"},"image":{"@id":"https:\/\/labarraca1912.es\/tienda\/molinillos\/set-2-molinillos-b\/#primaryimage"},"thumbnailUrl":"https:\/\/labarraca1912.es\/wp-content\/uploads\/set2molinillosrosa5pim.jpg","datePublished":"2023-12-11T08:00:00+00:00","dateModified":"2026-03-09T08:00:13+00:00","description":"Utilizada para salar alimentos, este tipo de sal se suele aplicar normalmente a la carne o el pescado una vez estos ya est\u00e1n listos.","breadcrumb":{"@id":"https:\/\/labarraca1912.es\/tienda\/molinillos\/set-2-molinillos-b\/#breadcrumb"},"inLanguage":"fr-FR","potentialAction":[{"@type":"ReadAction","target":["https:\/\/labarraca1912.es\/tienda\/molinillos\/set-2-molinillos-b\/"]}]},{"@type":"ImageObject","inLanguage":"fr-FR","@id":"https:\/\/labarraca1912.es\/tienda\/molinillos\/set-2-molinillos-b\/#primaryimage","url":"https:\/\/labarraca1912.es\/wp-content\/uploads\/set2molinillosrosa5pim.jpg","contentUrl":"https:\/\/labarraca1912.es\/wp-content\/uploads\/set2molinillosrosa5pim.jpg","width":800,"height":800},{"@type":"BreadcrumbList","@id":"https:\/\/labarraca1912.es\/tienda\/molinillos\/set-2-molinillos-b\/#breadcrumb","itemListElement":[{"@type":"ListItem","position":1,"name":"La Barraca","item":"https:\/\/labarraca1912.es\/"},{"@type":"ListItem","position":2,"name":"Tienda","item":"https:\/\/labarraca1912.es\/tienda\/"},{"@type":"ListItem","position":3,"name":"Set 2 Molinillos XL Fusi\u00f3n de Pimientas &#038; Sal Rosa del Himalaya"}]},{"@type":"WebSite","@id":"https:\/\/labarraca1912.es\/#website","url":"https:\/\/labarraca1912.es\/","name":"La Barraca","description":"La Casa del Sabor","publisher":{"@id":"https:\/\/labarraca1912.es\/#organization"},"potentialAction":[{"@type":"SearchAction","target":{"@type":"EntryPoint","urlTemplate":"https:\/\/labarraca1912.es\/?s={search_term_string}"},"query-input":{"@type":"PropertyValueSpecification","valueRequired":true,"valueName":"search_term_string"}}],"inLanguage":"fr-FR"},{"@type":"Organization","@id":"https:\/\/labarraca1912.es\/#organization","name":"La Barraca 1912 Alimentacion","url":"https:\/\/labarraca1912.es\/","logo":{"@type":"ImageObject","inLanguage":"fr-FR","@id":"https:\/\/labarraca1912.es\/#\/schema\/logo\/image\/","url":"https:\/\/labarraca1912.es\/wp-content\/uploads\/2019\/06\/logo-labarraca.png","contentUrl":"https:\/\/labarraca1912.es\/wp-content\/uploads\/2019\/06\/logo-labarraca.png","width":2917,"height":1809,"caption":"La Barraca 1912 Alimentacion"},"image":{"@id":"https:\/\/labarraca1912.es\/#\/schema\/logo\/image\/"}}]}},"_links":{"self":[{"href":"https:\/\/labarraca1912.es\/fr\/wp-json\/wp\/v2\/product\/10202","targetHints":{"allow":["GET"]}}],"collection":[{"href":"https:\/\/labarraca1912.es\/fr\/wp-json\/wp\/v2\/product"}],"about":[{"href":"https:\/\/labarraca1912.es\/fr\/wp-json\/wp\/v2\/types\/product"}],"replies":[{"embeddable":true,"href":"https:\/\/labarraca1912.es\/fr\/wp-json\/wp\/v2\/comments?post=10202"}],"wp:featuredmedia":[{"embeddable":true,"href":"https:\/\/labarraca1912.es\/fr\/wp-json\/wp\/v2\/media\/10199"}],"wp:attachment":[{"href":"https:\/\/labarraca1912.es\/fr\/wp-json\/wp\/v2\/media?parent=10202"}],"wp:term":[{"taxonomy":"product_brand","embeddable":true,"href":"https:\/\/labarraca1912.es\/fr\/wp-json\/wp\/v2\/product_brand?post=10202"},{"taxonomy":"product_cat","embeddable":true,"href":"https:\/\/labarraca1912.es\/fr\/wp-json\/wp\/v2\/product_cat?post=10202"},{"taxonomy":"product_tag","embeddable":true,"href":"https:\/\/labarraca1912.es\/fr\/wp-json\/wp\/v2\/product_tag?post=10202"}],"curies":[{"name":"wp","href":"https:\/\/api.w.org\/{rel}","templated":true}]}}