{"id":10517,"date":"2024-02-27T08:39:11","date_gmt":"2024-02-27T07:39:11","guid":{"rendered":"https:\/\/labarraca1912.es\/?post_type=product&#038;p=10517"},"modified":"2026-03-09T08:58:07","modified_gmt":"2026-03-09T07:58:07","slug":"romero-hoja","status":"publish","type":"product","link":"https:\/\/labarraca1912.es\/fr\/tienda\/especias-y-condimentos\/romero-hoja\/","title":{"rendered":"Romarin Feuilles"},"content":{"rendered":"<p>ROMARIN FEUILLES: Arbuste aromatique originaire des r\u00e9gions m\u00e9diterran\u00e9ennes, o\u00f9 il pousse dans les zones c\u00f4ti\u00e8res et de basse montagne. Elle est cultiv\u00e9e depuis l\u2019Antiquit\u00e9 comme plante ornementale dans les jardins pour son ar\u00f4me et elle est \u00e9galement facile \u00e0 cultiver en pot.<\/p>\n<p><strong>Romarin Feuilles:<\/strong> Il est utilis\u00e9 pour aromatiser les huiles et vinaigres en bouteille pour assaisonner les salades et autres plats.<br \/>\nIl accompagne g\u00e9n\u00e9ralement les viandes r\u00f4ties, par exemple l'agneau, le gibier et le poisson. Assaisonnez les soupes et les sauces avec de la tomate, pr\u00e9parez des pr\u00e9parations \u00e0 base de viande comme de la longe marin\u00e9e, ou des fromages.<\/p>","protected":false},"excerpt":{"rendered":"<blockquote>\n<h2><strong>Romarin Feuilles<\/strong><\/h2>\n<\/blockquote>\n<p><img decoding=\"async\" class=\"alignnone wp-image-10937\" src=\"https:\/\/labarraca1912.es\/wp-content\/uploads\/glutenfree.jpg\" alt=\"\" width=\"203\" height=\"35\" \/><\/p>\n<p>Arbuste aromatique originaire des r\u00e9gions m\u00e9diterran\u00e9ennes, o\u00f9 il pousse dans les zones c\u00f4ti\u00e8res et de basse montagne. Elle est cultiv\u00e9e depuis l\u2019Antiquit\u00e9 comme plante ornementale dans les jardins pour son ar\u00f4me et elle est \u00e9galement facile \u00e0 cultiver en pot. Il est utilis\u00e9 pour aromatiser les huiles et vinaigres en bouteille pour assaisonner les salades et autres plats.<br \/>\nIl accompagne g\u00e9n\u00e9ralement les viandes r\u00f4ties, par exemple l'agneau, le gibier et le poisson. Assaisonnez les soupes et les sauces avec de la tomate, pr\u00e9parez des pr\u00e9parations \u00e0 base de viande comme de la longe marin\u00e9e, ou des fromages.<\/p>\n<p><em><strong>Ingr\u00e9dients:<\/strong><\/em> Romarin feuilles.<\/p>","protected":false},"featured_media":10522,"comment_status":"open","ping_status":"closed","template":"","meta":{"_et_pb_use_builder":"","_et_pb_old_content":"","_et_gb_content_width":""},"product_brand":[],"product_cat":[19],"product_tag":[67,280,68,279,112],"class_list":{"0":"post-10517","1":"product","2":"type-product","3":"status-publish","4":"has-post-thumbnail","6":"product_cat-especias-y-condimentos","7":"product_tag-carne","8":"product_tag-ensaladas","9":"product_tag-pescado","10":"product_tag-quesos","11":"product_tag-romero","13":"first","14":"instock","15":"taxable","16":"shipping-taxable","17":"purchasable","18":"product-type-variable"},"yoast_head":"<!-- This site is optimized with the Yoast SEO plugin v27.4 - https:\/\/yoast.com\/product\/yoast-seo-wordpress\/ -->\n<title>Comprar Romero en Hoja | La Barraca<\/title>\n<meta name=\"description\" content=\"Comprar romero hoja, arbusto arom\u00e1tico mediterr\u00e1neo ideal para condimentar asados, sopas, salsas, aceites y vinagres. Perfecto para realzar carnes, caza y pescados\" \/>\n<meta name=\"robots\" content=\"index, follow, max-snippet:-1, max-image-preview:large, max-video-preview:-1\" \/>\n<link rel=\"canonical\" href=\"https:\/\/labarraca1912.es\/fr\/tienda\/especias-y-condimentos\/romero-hoja\/\" \/>\n<meta property=\"og:locale\" content=\"fr_FR\" \/>\n<meta property=\"og:type\" content=\"article\" \/>\n<meta property=\"og:title\" content=\"Comprar Romero en Hoja | La Barraca\" \/>\n<meta property=\"og:description\" content=\"Comprar romero hoja, arbusto arom\u00e1tico mediterr\u00e1neo ideal para condimentar asados, sopas, salsas, aceites y vinagres. Perfecto para realzar carnes, caza y pescados\" \/>\n<meta property=\"og:url\" content=\"https:\/\/labarraca1912.es\/fr\/tienda\/especias-y-condimentos\/romero-hoja\/\" \/>\n<meta property=\"og:site_name\" content=\"La Barraca\" \/>\n<meta property=\"article:modified_time\" content=\"2026-03-09T07:58:07+00:00\" \/>\n<meta property=\"og:image\" content=\"https:\/\/labarraca1912.es\/wp-content\/uploads\/romerohojamini2024.jpg\" \/>\n\t<meta property=\"og:image:width\" content=\"800\" \/>\n\t<meta property=\"og:image:height\" content=\"800\" \/>\n\t<meta property=\"og:image:type\" content=\"image\/jpeg\" \/>\n<meta name=\"twitter:card\" content=\"summary_large_image\" \/>\n<meta name=\"twitter:label1\" content=\"Dur\u00e9e de lecture estim\u00e9e\" \/>\n\t<meta name=\"twitter:data1\" content=\"1 minute\" \/>\n<script type=\"application\/ld+json\" class=\"yoast-schema-graph\">{\"@context\":\"https:\\\/\\\/schema.org\",\"@graph\":[{\"@type\":\"WebPage\",\"@id\":\"https:\\\/\\\/labarraca1912.es\\\/tienda\\\/especias-y-condimentos\\\/romero-hoja\\\/\",\"url\":\"https:\\\/\\\/labarraca1912.es\\\/tienda\\\/especias-y-condimentos\\\/romero-hoja\\\/\",\"name\":\"Comprar Romero en Hoja | La Barraca\",\"isPartOf\":{\"@id\":\"https:\\\/\\\/labarraca1912.es\\\/#website\"},\"primaryImageOfPage\":{\"@id\":\"https:\\\/\\\/labarraca1912.es\\\/tienda\\\/especias-y-condimentos\\\/romero-hoja\\\/#primaryimage\"},\"image\":{\"@id\":\"https:\\\/\\\/labarraca1912.es\\\/tienda\\\/especias-y-condimentos\\\/romero-hoja\\\/#primaryimage\"},\"thumbnailUrl\":\"https:\\\/\\\/labarraca1912.es\\\/wp-content\\\/uploads\\\/romerohojamini2024.jpg\",\"datePublished\":\"2024-02-27T07:39:11+00:00\",\"dateModified\":\"2026-03-09T07:58:07+00:00\",\"description\":\"Comprar romero hoja, arbusto arom\u00e1tico mediterr\u00e1neo ideal para condimentar asados, sopas, salsas, aceites y vinagres. Perfecto para realzar carnes, caza y pescados\",\"breadcrumb\":{\"@id\":\"https:\\\/\\\/labarraca1912.es\\\/tienda\\\/especias-y-condimentos\\\/romero-hoja\\\/#breadcrumb\"},\"inLanguage\":\"fr-FR\",\"potentialAction\":[{\"@type\":\"ReadAction\",\"target\":[\"https:\\\/\\\/labarraca1912.es\\\/tienda\\\/especias-y-condimentos\\\/romero-hoja\\\/\"]}]},{\"@type\":\"ImageObject\",\"inLanguage\":\"fr-FR\",\"@id\":\"https:\\\/\\\/labarraca1912.es\\\/tienda\\\/especias-y-condimentos\\\/romero-hoja\\\/#primaryimage\",\"url\":\"https:\\\/\\\/labarraca1912.es\\\/wp-content\\\/uploads\\\/romerohojamini2024.jpg\",\"contentUrl\":\"https:\\\/\\\/labarraca1912.es\\\/wp-content\\\/uploads\\\/romerohojamini2024.jpg\",\"width\":800,\"height\":800},{\"@type\":\"BreadcrumbList\",\"@id\":\"https:\\\/\\\/labarraca1912.es\\\/tienda\\\/especias-y-condimentos\\\/romero-hoja\\\/#breadcrumb\",\"itemListElement\":[{\"@type\":\"ListItem\",\"position\":1,\"name\":\"La Barraca\",\"item\":\"https:\\\/\\\/labarraca1912.es\\\/\"},{\"@type\":\"ListItem\",\"position\":2,\"name\":\"Tienda\",\"item\":\"https:\\\/\\\/labarraca1912.es\\\/tienda\\\/\"},{\"@type\":\"ListItem\",\"position\":3,\"name\":\"Romero Hoja\"}]},{\"@type\":\"WebSite\",\"@id\":\"https:\\\/\\\/labarraca1912.es\\\/#website\",\"url\":\"https:\\\/\\\/labarraca1912.es\\\/\",\"name\":\"La Barraca\",\"description\":\"La Casa del Sabor\",\"publisher\":{\"@id\":\"https:\\\/\\\/labarraca1912.es\\\/#organization\"},\"potentialAction\":[{\"@type\":\"SearchAction\",\"target\":{\"@type\":\"EntryPoint\",\"urlTemplate\":\"https:\\\/\\\/labarraca1912.es\\\/?s={search_term_string}\"},\"query-input\":{\"@type\":\"PropertyValueSpecification\",\"valueRequired\":true,\"valueName\":\"search_term_string\"}}],\"inLanguage\":\"fr-FR\"},{\"@type\":\"Organization\",\"@id\":\"https:\\\/\\\/labarraca1912.es\\\/#organization\",\"name\":\"La Barraca 1912 Alimentacion\",\"url\":\"https:\\\/\\\/labarraca1912.es\\\/\",\"logo\":{\"@type\":\"ImageObject\",\"inLanguage\":\"fr-FR\",\"@id\":\"https:\\\/\\\/labarraca1912.es\\\/#\\\/schema\\\/logo\\\/image\\\/\",\"url\":\"https:\\\/\\\/labarraca1912.es\\\/wp-content\\\/uploads\\\/2019\\\/06\\\/logo-labarraca.png\",\"contentUrl\":\"https:\\\/\\\/labarraca1912.es\\\/wp-content\\\/uploads\\\/2019\\\/06\\\/logo-labarraca.png\",\"width\":2917,\"height\":1809,\"caption\":\"La Barraca 1912 Alimentacion\"},\"image\":{\"@id\":\"https:\\\/\\\/labarraca1912.es\\\/#\\\/schema\\\/logo\\\/image\\\/\"}}]}<\/script>\n<!-- \/ Yoast SEO plugin. -->","yoast_head_json":{"title":"Comprar Romero en Hoja | La Barraca","description":"Comprar romero hoja, arbusto arom\u00e1tico mediterr\u00e1neo ideal para condimentar asados, sopas, salsas, aceites y vinagres. Perfecto para realzar carnes, caza y pescados","robots":{"index":"index","follow":"follow","max-snippet":"max-snippet:-1","max-image-preview":"max-image-preview:large","max-video-preview":"max-video-preview:-1"},"canonical":"https:\/\/labarraca1912.es\/fr\/tienda\/especias-y-condimentos\/romero-hoja\/","og_locale":"fr_FR","og_type":"article","og_title":"Comprar Romero en Hoja | La Barraca","og_description":"Comprar romero hoja, arbusto arom\u00e1tico mediterr\u00e1neo ideal para condimentar asados, sopas, salsas, aceites y vinagres. Perfecto para realzar carnes, caza y pescados","og_url":"https:\/\/labarraca1912.es\/fr\/tienda\/especias-y-condimentos\/romero-hoja\/","og_site_name":"La Barraca","article_modified_time":"2026-03-09T07:58:07+00:00","og_image":[{"width":800,"height":800,"url":"https:\/\/labarraca1912.es\/wp-content\/uploads\/romerohojamini2024.jpg","type":"image\/jpeg"}],"twitter_card":"summary_large_image","twitter_misc":{"Dur\u00e9e de lecture estim\u00e9e":"1 minute"},"schema":{"@context":"https:\/\/schema.org","@graph":[{"@type":"WebPage","@id":"https:\/\/labarraca1912.es\/tienda\/especias-y-condimentos\/romero-hoja\/","url":"https:\/\/labarraca1912.es\/tienda\/especias-y-condimentos\/romero-hoja\/","name":"Comprar Romero en Hoja | La Barraca","isPartOf":{"@id":"https:\/\/labarraca1912.es\/#website"},"primaryImageOfPage":{"@id":"https:\/\/labarraca1912.es\/tienda\/especias-y-condimentos\/romero-hoja\/#primaryimage"},"image":{"@id":"https:\/\/labarraca1912.es\/tienda\/especias-y-condimentos\/romero-hoja\/#primaryimage"},"thumbnailUrl":"https:\/\/labarraca1912.es\/wp-content\/uploads\/romerohojamini2024.jpg","datePublished":"2024-02-27T07:39:11+00:00","dateModified":"2026-03-09T07:58:07+00:00","description":"Comprar romero hoja, arbusto arom\u00e1tico mediterr\u00e1neo ideal para condimentar asados, sopas, salsas, aceites y vinagres. Perfecto para realzar carnes, caza y pescados","breadcrumb":{"@id":"https:\/\/labarraca1912.es\/tienda\/especias-y-condimentos\/romero-hoja\/#breadcrumb"},"inLanguage":"fr-FR","potentialAction":[{"@type":"ReadAction","target":["https:\/\/labarraca1912.es\/tienda\/especias-y-condimentos\/romero-hoja\/"]}]},{"@type":"ImageObject","inLanguage":"fr-FR","@id":"https:\/\/labarraca1912.es\/tienda\/especias-y-condimentos\/romero-hoja\/#primaryimage","url":"https:\/\/labarraca1912.es\/wp-content\/uploads\/romerohojamini2024.jpg","contentUrl":"https:\/\/labarraca1912.es\/wp-content\/uploads\/romerohojamini2024.jpg","width":800,"height":800},{"@type":"BreadcrumbList","@id":"https:\/\/labarraca1912.es\/tienda\/especias-y-condimentos\/romero-hoja\/#breadcrumb","itemListElement":[{"@type":"ListItem","position":1,"name":"La Barraca","item":"https:\/\/labarraca1912.es\/"},{"@type":"ListItem","position":2,"name":"Tienda","item":"https:\/\/labarraca1912.es\/tienda\/"},{"@type":"ListItem","position":3,"name":"Romero Hoja"}]},{"@type":"WebSite","@id":"https:\/\/labarraca1912.es\/#website","url":"https:\/\/labarraca1912.es\/","name":"La Barraca","description":"La Casa del Sabor","publisher":{"@id":"https:\/\/labarraca1912.es\/#organization"},"potentialAction":[{"@type":"SearchAction","target":{"@type":"EntryPoint","urlTemplate":"https:\/\/labarraca1912.es\/?s={search_term_string}"},"query-input":{"@type":"PropertyValueSpecification","valueRequired":true,"valueName":"search_term_string"}}],"inLanguage":"fr-FR"},{"@type":"Organization","@id":"https:\/\/labarraca1912.es\/#organization","name":"La Barraca 1912 Alimentacion","url":"https:\/\/labarraca1912.es\/","logo":{"@type":"ImageObject","inLanguage":"fr-FR","@id":"https:\/\/labarraca1912.es\/#\/schema\/logo\/image\/","url":"https:\/\/labarraca1912.es\/wp-content\/uploads\/2019\/06\/logo-labarraca.png","contentUrl":"https:\/\/labarraca1912.es\/wp-content\/uploads\/2019\/06\/logo-labarraca.png","width":2917,"height":1809,"caption":"La Barraca 1912 Alimentacion"},"image":{"@id":"https:\/\/labarraca1912.es\/#\/schema\/logo\/image\/"}}]}},"_links":{"self":[{"href":"https:\/\/labarraca1912.es\/fr\/wp-json\/wp\/v2\/product\/10517","targetHints":{"allow":["GET"]}}],"collection":[{"href":"https:\/\/labarraca1912.es\/fr\/wp-json\/wp\/v2\/product"}],"about":[{"href":"https:\/\/labarraca1912.es\/fr\/wp-json\/wp\/v2\/types\/product"}],"replies":[{"embeddable":true,"href":"https:\/\/labarraca1912.es\/fr\/wp-json\/wp\/v2\/comments?post=10517"}],"wp:featuredmedia":[{"embeddable":true,"href":"https:\/\/labarraca1912.es\/fr\/wp-json\/wp\/v2\/media\/10522"}],"wp:attachment":[{"href":"https:\/\/labarraca1912.es\/fr\/wp-json\/wp\/v2\/media?parent=10517"}],"wp:term":[{"taxonomy":"product_brand","embeddable":true,"href":"https:\/\/labarraca1912.es\/fr\/wp-json\/wp\/v2\/product_brand?post=10517"},{"taxonomy":"product_cat","embeddable":true,"href":"https:\/\/labarraca1912.es\/fr\/wp-json\/wp\/v2\/product_cat?post=10517"},{"taxonomy":"product_tag","embeddable":true,"href":"https:\/\/labarraca1912.es\/fr\/wp-json\/wp\/v2\/product_tag?post=10517"}],"curies":[{"name":"wp","href":"https:\/\/api.w.org\/{rel}","templated":true}]}}