{"id":10797,"date":"2024-05-15T11:19:58","date_gmt":"2024-05-15T09:19:58","guid":{"rendered":"https:\/\/labarraca1912.es\/?post_type=product&#038;p=10797"},"modified":"2026-03-12T17:10:27","modified_gmt":"2026-03-12T16:10:27","slug":"sazonador-texas","status":"publish","type":"product","link":"https:\/\/labarraca1912.es\/fr\/tienda\/bbq-spices-of-the-world\/sazonador-texas\/","title":{"rendered":"Assaisonnement Texas 200g"},"content":{"rendered":"<p><strong>Assaisonnement Texas pour Barbecue:<\/strong> M\u00e9lange d'herbes, d'\u00e9pices et d'assaisonnements \u00e0 la texane \u00e0 utiliser sur le poulet, le b\u0153uf ou le porc.<\/p>\n<p><em><strong>MODE D'EMPLOI:<\/strong> M\u00e9langez l'assaisonnement avec l'huile d'olive et remuez jusqu'\u00e0 ce que tout soit combin\u00e9. Une fois fondu, appliquer sur la viande jusqu'\u00e0 ce qu'elle soit enti\u00e8rement recouverte par le m\u00e9lange. Laissez mariner 30 minutes pour que la viande absorbe toute la saveur. Apr\u00e8s 30 minutes, mettez la viande sur le gril ou dans une po\u00eale et faites cuire jusqu'\u00e0 ce qu'elle soit pr\u00eate.<\/em><\/p>","protected":false},"excerpt":{"rendered":"<p><img decoding=\"async\" class=\"alignnone size-full wp-image-10799\" src=\"https:\/\/labarraca1912.es\/wp-content\/uploads\/BBQSPICESOFTHEWORLD.jpg\" alt=\"\" width=\"1742\" height=\"182\" srcset=\"https:\/\/labarraca1912.es\/wp-content\/uploads\/BBQSPICESOFTHEWORLD.jpg 1742w, https:\/\/labarraca1912.es\/wp-content\/uploads\/BBQSPICESOFTHEWORLD-1280x134.jpg 1280w, https:\/\/labarraca1912.es\/wp-content\/uploads\/BBQSPICESOFTHEWORLD-980x102.jpg 980w, https:\/\/labarraca1912.es\/wp-content\/uploads\/BBQSPICESOFTHEWORLD-480x50.jpg 480w\" sizes=\"(min-width: 0px) and (max-width: 480px) 480px, (min-width: 481px) and (max-width: 980px) 980px, (min-width: 981px) and (max-width: 1280px) 1280px, (min-width: 1281px) 1742px, 100vw\" \/><\/p>\n<h3><span style=\"color: #b89c00;\"><em><strong>Des assaisonnements sp\u00e9ciaux du monde entier, qui vous feront voyager sans sortir de chez vous.<\/strong><\/em><\/span><\/h3>\n<p>La Barraca Alimentaci\u00f3n vous pr\u00e9sente sa nouvelle famille <span style=\"color: #b89c00;\"><strong>BBQ SPICES OF THE WORLD<\/strong><\/span>, une gamme d'assaisonnements sp\u00e9ciaux du monde entier avec les meilleures combinaisons d'herbes, d'\u00e9pices et d'assaisonnements qui vous feront vivre une exp\u00e9rience unique.<\/p>\n<p><strong>ASSAISONNEMENT TEXAS pour BARBECUE:<\/strong> M\u00e9lange d'herbes, d'\u00e9pices et d'assaisonnements \u00e0 la texane \u00e0 utiliser sur le poulet, le b\u0153uf ou le porc.<\/p>\n<p><img decoding=\"async\" class=\"alignnone wp-image-10800\" src=\"https:\/\/labarraca1912.es\/wp-content\/uploads\/estilotejano.jpg\" alt=\"\" width=\"659\" height=\"96\" srcset=\"https:\/\/labarraca1912.es\/wp-content\/uploads\/estilotejano.jpg 659w, https:\/\/labarraca1912.es\/wp-content\/uploads\/estilotejano-480x70.jpg 480w\" sizes=\"(min-width: 0px) and (max-width: 480px) 480px, (min-width: 481px) 659px, 100vw\" \/><\/p>\n<p><em><strong>MODE D'EMPLOI:<\/strong> M\u00e9langez l'assaisonnement avec l'huile d'olive et remuez jusqu'\u00e0 ce que tout soit combin\u00e9. Une fois fondu, appliquer sur la viande jusqu'\u00e0 ce qu'elle soit enti\u00e8rement recouverte par le m\u00e9lange. Laissez mariner 30 minutes pour que la viande absorbe toute la saveur. Apr\u00e8s 30 minutes, mettez la viande sur le gril ou dans une po\u00eale et faites cuire jusqu'\u00e0 ce qu'elle soit pr\u00eate. <strong>Ajoutez 30 \u00e0 40 g\/kg \u00e0 la viande, selon le degr\u00e9 de salinit\u00e9 que vous souhaitez obtenir.<\/strong><\/em><\/p>\n<p><em><strong>Ingr\u00e9dients:<\/strong><\/em> <em>Sel, \u00e9pices (ail, oignon, paprika, romarin, poivre, curcuma, persil, thym, origan, cardamome), maltodextrine, ar\u00f4mes, tomate, humectant (E-420) et antioxydant (E-330).<\/em><\/p>\n<p>Peut contenir des traces de <strong>SULFITES, ARACHIDES, GLUTEN, MOUTARDE <\/strong>et<strong> C\u00c9LERI.<\/strong><\/p>\n<p><strong><em>D\u00e9claration nutritionnelle. Valeurs moyennes per 100g de produit:<\/em><\/strong><\/p>\n<p>\u00c9nergie: 795 kJ\/190 kcal. Graisses: 2g. Dont acides gras satur\u00e9s: &lt;0,2g. Glucides: 35,5g. Dont sucres: 30,5g. Prot\u00e9ines: 7,5g. Sel: 38,5g.<\/p>\n<p>&nbsp;<\/p>","protected":false},"featured_media":10801,"comment_status":"open","ping_status":"closed","template":"","meta":{"_et_pb_use_builder":"","_et_pb_old_content":"","_et_gb_content_width":""},"product_brand":[],"product_cat":[281],"product_tag":[266,47,119,282],"class_list":{"0":"post-10797","1":"product","2":"type-product","3":"status-publish","4":"has-post-thumbnail","6":"product_cat-bbq-spices-of-the-world","7":"product_tag-barbacoa","8":"product_tag-especias","9":"product_tag-sazonador","10":"product_tag-texas","12":"first","13":"instock","14":"taxable","15":"shipping-taxable","16":"purchasable","17":"product-type-simple"},"yoast_head":"<!-- This site is optimized with the Yoast SEO plugin v27.5 - https:\/\/yoast.com\/product\/yoast-seo-wordpress\/ -->\n<title>Sazonador Texas 200g - La Barraca<\/title>\n<meta name=\"robots\" content=\"index, follow, max-snippet:-1, max-image-preview:large, max-video-preview:-1\" \/>\n<link rel=\"canonical\" href=\"https:\/\/labarraca1912.es\/fr\/tienda\/bbq-spices-of-the-world\/sazonador-texas\/\" \/>\n<meta property=\"og:locale\" content=\"fr_FR\" \/>\n<meta property=\"og:type\" content=\"article\" \/>\n<meta property=\"og:title\" content=\"Sazonador Texas 200g - La Barraca\" \/>\n<meta property=\"og:description\" content=\"Sazonadores especiales del mundo, que te har\u00e1n viajar sin moverte de casa. La Barraca Alimentaci\u00f3n te presenta su nueva familia BBQ SPICES OF THE WORLD, una gama de sazonadores especiales del mundo con las mejores combinaciones de hierbas, especias y condimentos que te har\u00e1n disfrutar de una experiencia \u00fanica.  SAZONADOR TEXAS para BARBACOA: Mezcla de hierbas, especias y condimentos de estilo tejano para ser utilizadas en carnes de pollo, ternera o cerdo.    MODO DE EMPLEO: Mezclar el sazonador con aceite de oliva, y remover hasta fusionar todo. Una vez fusionado aplicar sobre la carne hasta que qued\u00e9 toda cubierta por la mezcla. Dejar macerar durante 30 minutos para que la carne absorba todo el sabor. Pasados los 30 minutos, poner la carne sobre la parrilla o sart\u00e9n y cocinar hasta que est\u00e9 lista. A\u00f1adir a la carne 30-40g\/kg, dependiendo del grado de salado que se desee obtener.  Ingredientes: Sal, especias (ajo, cebolla, piment\u00f3n, romero, pimienta, c\u00farcuma, perejil, tomillo, or\u00e9gano, cardamomo), maltodextrina, aromas, tomate, humectante (E-420) y antioxidante (E-330).  Puede contener trazas de SULFITOS, CACAHUETES, GLUTEN, MOSTAZA y APIO.  Informaci\u00f3n Nutricional. An\u00e1lisis medio por 100g de producto:  Valor Energ\u00e9tico: 795 kJ\/190 kcal. Grasas: 2g. De las cuales saturadas: &lt;0,2g. Hidratos de Carbono: 35,5g. De los cuales az\u00facares: 30,5g. Prote\u00ednas: 7,5g. Sal: 38,5g.  &nbsp;\" \/>\n<meta property=\"og:url\" content=\"https:\/\/labarraca1912.es\/fr\/tienda\/bbq-spices-of-the-world\/sazonador-texas\/\" \/>\n<meta property=\"og:site_name\" content=\"La Barraca\" \/>\n<meta property=\"article:modified_time\" content=\"2026-03-12T16:10:27+00:00\" \/>\n<meta property=\"og:image\" content=\"https:\/\/labarraca1912.es\/wp-content\/uploads\/sazonadortexas.jpg\" \/>\n\t<meta property=\"og:image:width\" content=\"800\" \/>\n\t<meta property=\"og:image:height\" content=\"800\" \/>\n\t<meta property=\"og:image:type\" content=\"image\/jpeg\" \/>\n<meta name=\"twitter:card\" content=\"summary_large_image\" \/>\n<meta name=\"twitter:label1\" content=\"Dur\u00e9e de lecture estim\u00e9e\" \/>\n\t<meta name=\"twitter:data1\" content=\"1 minute\" \/>\n<script type=\"application\/ld+json\" class=\"yoast-schema-graph\">{\"@context\":\"https:\\\/\\\/schema.org\",\"@graph\":[{\"@type\":\"WebPage\",\"@id\":\"https:\\\/\\\/labarraca1912.es\\\/tienda\\\/bbq-spices-of-the-world\\\/sazonador-texas\\\/\",\"url\":\"https:\\\/\\\/labarraca1912.es\\\/tienda\\\/bbq-spices-of-the-world\\\/sazonador-texas\\\/\",\"name\":\"Sazonador Texas 200g - La Barraca\",\"isPartOf\":{\"@id\":\"https:\\\/\\\/labarraca1912.es\\\/#website\"},\"primaryImageOfPage\":{\"@id\":\"https:\\\/\\\/labarraca1912.es\\\/tienda\\\/bbq-spices-of-the-world\\\/sazonador-texas\\\/#primaryimage\"},\"image\":{\"@id\":\"https:\\\/\\\/labarraca1912.es\\\/tienda\\\/bbq-spices-of-the-world\\\/sazonador-texas\\\/#primaryimage\"},\"thumbnailUrl\":\"https:\\\/\\\/labarraca1912.es\\\/wp-content\\\/uploads\\\/sazonadortexas.jpg\",\"datePublished\":\"2024-05-15T09:19:58+00:00\",\"dateModified\":\"2026-03-12T16:10:27+00:00\",\"breadcrumb\":{\"@id\":\"https:\\\/\\\/labarraca1912.es\\\/tienda\\\/bbq-spices-of-the-world\\\/sazonador-texas\\\/#breadcrumb\"},\"inLanguage\":\"fr-FR\",\"potentialAction\":[{\"@type\":\"ReadAction\",\"target\":[\"https:\\\/\\\/labarraca1912.es\\\/tienda\\\/bbq-spices-of-the-world\\\/sazonador-texas\\\/\"]}]},{\"@type\":\"ImageObject\",\"inLanguage\":\"fr-FR\",\"@id\":\"https:\\\/\\\/labarraca1912.es\\\/tienda\\\/bbq-spices-of-the-world\\\/sazonador-texas\\\/#primaryimage\",\"url\":\"https:\\\/\\\/labarraca1912.es\\\/wp-content\\\/uploads\\\/sazonadortexas.jpg\",\"contentUrl\":\"https:\\\/\\\/labarraca1912.es\\\/wp-content\\\/uploads\\\/sazonadortexas.jpg\",\"width\":800,\"height\":800,\"caption\":\"Saz. Texas\"},{\"@type\":\"BreadcrumbList\",\"@id\":\"https:\\\/\\\/labarraca1912.es\\\/tienda\\\/bbq-spices-of-the-world\\\/sazonador-texas\\\/#breadcrumb\",\"itemListElement\":[{\"@type\":\"ListItem\",\"position\":1,\"name\":\"La Barraca\",\"item\":\"https:\\\/\\\/labarraca1912.es\\\/\"},{\"@type\":\"ListItem\",\"position\":2,\"name\":\"Tienda\",\"item\":\"https:\\\/\\\/labarraca1912.es\\\/tienda\\\/\"},{\"@type\":\"ListItem\",\"position\":3,\"name\":\"Sazonador Texas 200g\"}]},{\"@type\":\"WebSite\",\"@id\":\"https:\\\/\\\/labarraca1912.es\\\/#website\",\"url\":\"https:\\\/\\\/labarraca1912.es\\\/\",\"name\":\"La Barraca\",\"description\":\"La Casa del Sabor\",\"publisher\":{\"@id\":\"https:\\\/\\\/labarraca1912.es\\\/#organization\"},\"potentialAction\":[{\"@type\":\"SearchAction\",\"target\":{\"@type\":\"EntryPoint\",\"urlTemplate\":\"https:\\\/\\\/labarraca1912.es\\\/?s={search_term_string}\"},\"query-input\":{\"@type\":\"PropertyValueSpecification\",\"valueRequired\":true,\"valueName\":\"search_term_string\"}}],\"inLanguage\":\"fr-FR\"},{\"@type\":\"Organization\",\"@id\":\"https:\\\/\\\/labarraca1912.es\\\/#organization\",\"name\":\"La Barraca 1912 Alimentacion\",\"url\":\"https:\\\/\\\/labarraca1912.es\\\/\",\"logo\":{\"@type\":\"ImageObject\",\"inLanguage\":\"fr-FR\",\"@id\":\"https:\\\/\\\/labarraca1912.es\\\/#\\\/schema\\\/logo\\\/image\\\/\",\"url\":\"https:\\\/\\\/labarraca1912.es\\\/wp-content\\\/uploads\\\/2019\\\/06\\\/logo-labarraca.png\",\"contentUrl\":\"https:\\\/\\\/labarraca1912.es\\\/wp-content\\\/uploads\\\/2019\\\/06\\\/logo-labarraca.png\",\"width\":2917,\"height\":1809,\"caption\":\"La Barraca 1912 Alimentacion\"},\"image\":{\"@id\":\"https:\\\/\\\/labarraca1912.es\\\/#\\\/schema\\\/logo\\\/image\\\/\"}}]}<\/script>\n<!-- \/ Yoast SEO plugin. -->","yoast_head_json":{"title":"Sazonador Texas 200g - La Barraca","robots":{"index":"index","follow":"follow","max-snippet":"max-snippet:-1","max-image-preview":"max-image-preview:large","max-video-preview":"max-video-preview:-1"},"canonical":"https:\/\/labarraca1912.es\/fr\/tienda\/bbq-spices-of-the-world\/sazonador-texas\/","og_locale":"fr_FR","og_type":"article","og_title":"Sazonador Texas 200g - La Barraca","og_description":"Sazonadores especiales del mundo, que te har\u00e1n viajar sin moverte de casa. La Barraca Alimentaci\u00f3n te presenta su nueva familia BBQ SPICES OF THE WORLD, una gama de sazonadores especiales del mundo con las mejores combinaciones de hierbas, especias y condimentos que te har\u00e1n disfrutar de una experiencia \u00fanica.  SAZONADOR TEXAS para BARBACOA: Mezcla de hierbas, especias y condimentos de estilo tejano para ser utilizadas en carnes de pollo, ternera o cerdo.    MODO DE EMPLEO: Mezclar el sazonador con aceite de oliva, y remover hasta fusionar todo. Una vez fusionado aplicar sobre la carne hasta que qued\u00e9 toda cubierta por la mezcla. Dejar macerar durante 30 minutos para que la carne absorba todo el sabor. Pasados los 30 minutos, poner la carne sobre la parrilla o sart\u00e9n y cocinar hasta que est\u00e9 lista. A\u00f1adir a la carne 30-40g\/kg, dependiendo del grado de salado que se desee obtener.  Ingredientes: Sal, especias (ajo, cebolla, piment\u00f3n, romero, pimienta, c\u00farcuma, perejil, tomillo, or\u00e9gano, cardamomo), maltodextrina, aromas, tomate, humectante (E-420) y antioxidante (E-330).  Puede contener trazas de SULFITOS, CACAHUETES, GLUTEN, MOSTAZA y APIO.  Informaci\u00f3n Nutricional. An\u00e1lisis medio por 100g de producto:  Valor Energ\u00e9tico: 795 kJ\/190 kcal. Grasas: 2g. De las cuales saturadas: &lt;0,2g. Hidratos de Carbono: 35,5g. De los cuales az\u00facares: 30,5g. Prote\u00ednas: 7,5g. Sal: 38,5g.  &nbsp;","og_url":"https:\/\/labarraca1912.es\/fr\/tienda\/bbq-spices-of-the-world\/sazonador-texas\/","og_site_name":"La Barraca","article_modified_time":"2026-03-12T16:10:27+00:00","og_image":[{"width":800,"height":800,"url":"https:\/\/labarraca1912.es\/wp-content\/uploads\/sazonadortexas.jpg","type":"image\/jpeg"}],"twitter_card":"summary_large_image","twitter_misc":{"Dur\u00e9e de lecture estim\u00e9e":"1 minute"},"schema":{"@context":"https:\/\/schema.org","@graph":[{"@type":"WebPage","@id":"https:\/\/labarraca1912.es\/tienda\/bbq-spices-of-the-world\/sazonador-texas\/","url":"https:\/\/labarraca1912.es\/tienda\/bbq-spices-of-the-world\/sazonador-texas\/","name":"Sazonador Texas 200g - La Barraca","isPartOf":{"@id":"https:\/\/labarraca1912.es\/#website"},"primaryImageOfPage":{"@id":"https:\/\/labarraca1912.es\/tienda\/bbq-spices-of-the-world\/sazonador-texas\/#primaryimage"},"image":{"@id":"https:\/\/labarraca1912.es\/tienda\/bbq-spices-of-the-world\/sazonador-texas\/#primaryimage"},"thumbnailUrl":"https:\/\/labarraca1912.es\/wp-content\/uploads\/sazonadortexas.jpg","datePublished":"2024-05-15T09:19:58+00:00","dateModified":"2026-03-12T16:10:27+00:00","breadcrumb":{"@id":"https:\/\/labarraca1912.es\/tienda\/bbq-spices-of-the-world\/sazonador-texas\/#breadcrumb"},"inLanguage":"fr-FR","potentialAction":[{"@type":"ReadAction","target":["https:\/\/labarraca1912.es\/tienda\/bbq-spices-of-the-world\/sazonador-texas\/"]}]},{"@type":"ImageObject","inLanguage":"fr-FR","@id":"https:\/\/labarraca1912.es\/tienda\/bbq-spices-of-the-world\/sazonador-texas\/#primaryimage","url":"https:\/\/labarraca1912.es\/wp-content\/uploads\/sazonadortexas.jpg","contentUrl":"https:\/\/labarraca1912.es\/wp-content\/uploads\/sazonadortexas.jpg","width":800,"height":800,"caption":"Saz. Texas"},{"@type":"BreadcrumbList","@id":"https:\/\/labarraca1912.es\/tienda\/bbq-spices-of-the-world\/sazonador-texas\/#breadcrumb","itemListElement":[{"@type":"ListItem","position":1,"name":"La Barraca","item":"https:\/\/labarraca1912.es\/"},{"@type":"ListItem","position":2,"name":"Tienda","item":"https:\/\/labarraca1912.es\/tienda\/"},{"@type":"ListItem","position":3,"name":"Sazonador Texas 200g"}]},{"@type":"WebSite","@id":"https:\/\/labarraca1912.es\/#website","url":"https:\/\/labarraca1912.es\/","name":"La Barraca","description":"La Casa del Sabor","publisher":{"@id":"https:\/\/labarraca1912.es\/#organization"},"potentialAction":[{"@type":"SearchAction","target":{"@type":"EntryPoint","urlTemplate":"https:\/\/labarraca1912.es\/?s={search_term_string}"},"query-input":{"@type":"PropertyValueSpecification","valueRequired":true,"valueName":"search_term_string"}}],"inLanguage":"fr-FR"},{"@type":"Organization","@id":"https:\/\/labarraca1912.es\/#organization","name":"La Barraca 1912 Alimentacion","url":"https:\/\/labarraca1912.es\/","logo":{"@type":"ImageObject","inLanguage":"fr-FR","@id":"https:\/\/labarraca1912.es\/#\/schema\/logo\/image\/","url":"https:\/\/labarraca1912.es\/wp-content\/uploads\/2019\/06\/logo-labarraca.png","contentUrl":"https:\/\/labarraca1912.es\/wp-content\/uploads\/2019\/06\/logo-labarraca.png","width":2917,"height":1809,"caption":"La Barraca 1912 Alimentacion"},"image":{"@id":"https:\/\/labarraca1912.es\/#\/schema\/logo\/image\/"}}]}},"_links":{"self":[{"href":"https:\/\/labarraca1912.es\/fr\/wp-json\/wp\/v2\/product\/10797","targetHints":{"allow":["GET"]}}],"collection":[{"href":"https:\/\/labarraca1912.es\/fr\/wp-json\/wp\/v2\/product"}],"about":[{"href":"https:\/\/labarraca1912.es\/fr\/wp-json\/wp\/v2\/types\/product"}],"replies":[{"embeddable":true,"href":"https:\/\/labarraca1912.es\/fr\/wp-json\/wp\/v2\/comments?post=10797"}],"wp:featuredmedia":[{"embeddable":true,"href":"https:\/\/labarraca1912.es\/fr\/wp-json\/wp\/v2\/media\/10801"}],"wp:attachment":[{"href":"https:\/\/labarraca1912.es\/fr\/wp-json\/wp\/v2\/media?parent=10797"}],"wp:term":[{"taxonomy":"product_brand","embeddable":true,"href":"https:\/\/labarraca1912.es\/fr\/wp-json\/wp\/v2\/product_brand?post=10797"},{"taxonomy":"product_cat","embeddable":true,"href":"https:\/\/labarraca1912.es\/fr\/wp-json\/wp\/v2\/product_cat?post=10797"},{"taxonomy":"product_tag","embeddable":true,"href":"https:\/\/labarraca1912.es\/fr\/wp-json\/wp\/v2\/product_tag?post=10797"}],"curies":[{"name":"wp","href":"https:\/\/api.w.org\/{rel}","templated":true}]}}