{"id":10816,"date":"2024-05-15T12:17:17","date_gmt":"2024-05-15T10:17:17","guid":{"rendered":"https:\/\/labarraca1912.es\/?post_type=product&#038;p=10816"},"modified":"2026-03-30T18:34:02","modified_gmt":"2026-03-30T16:34:02","slug":"sazonador-kebab","status":"publish","type":"product","link":"https:\/\/labarraca1912.es\/fr\/tienda\/bbq-spices-of-the-world\/sazonador-kebab\/","title":{"rendered":"Assaisonnement Kebab 185g"},"content":{"rendered":"<p><strong>Assaisonnement Kebab:<\/strong> M\u00e9lange d'herbes, d'\u00e9pices et d'assaisonnements de style moyen-oriental \u00e0 utiliser sur le poulet et le b\u0153uf.<\/p>\n<p><em><strong>MODE D'EMPLOI:<\/strong> Saupoudrer l'assaisonnement sur la viande lors de la cuisson et remuer jusqu'\u00e0 ce que l'assaisonnement soit r\u00e9parti dans toute la viande et cuire jusqu'\u00e0 ce qu'elle soit cuite.<\/em><\/p>","protected":false},"excerpt":{"rendered":"<p><img decoding=\"async\" class=\"alignnone size-full wp-image-10799\" src=\"https:\/\/labarraca1912.es\/wp-content\/uploads\/BBQSPICESOFTHEWORLD.jpg\" alt=\"\" width=\"1742\" height=\"182\" srcset=\"https:\/\/labarraca1912.es\/wp-content\/uploads\/BBQSPICESOFTHEWORLD.jpg 1742w, https:\/\/labarraca1912.es\/wp-content\/uploads\/BBQSPICESOFTHEWORLD-1280x134.jpg 1280w, https:\/\/labarraca1912.es\/wp-content\/uploads\/BBQSPICESOFTHEWORLD-980x102.jpg 980w, https:\/\/labarraca1912.es\/wp-content\/uploads\/BBQSPICESOFTHEWORLD-480x50.jpg 480w\" sizes=\"(min-width: 0px) and (max-width: 480px) 480px, (min-width: 481px) and (max-width: 980px) 980px, (min-width: 981px) and (max-width: 1280px) 1280px, (min-width: 1281px) 1742px, 100vw\" \/><\/p>\n<h3><span style=\"color: #b89c00;\"><em><strong>Des assaisonnements sp\u00e9ciaux du monde entier, qui vous feront voyager sans sortir de chez vous.<\/strong><\/em><\/span><\/h3>\n<p>La Barraca Alimentaci\u00f3n vous pr\u00e9sente sa nouvelle famille <span style=\"color: #b89c00;\"><strong>BBQ SPICES OF THE WORLD<\/strong><\/span>, une gamme d'assaisonnements sp\u00e9ciaux du monde entier avec les meilleures combinaisons d'herbes, d'\u00e9pices et d'assaisonnements qui vous feront vivre une exp\u00e9rience unique.<\/p>\n<p><strong>ASSAISONNEMENT KEBAB:<\/strong> M\u00e9lange d'herbes, d'\u00e9pices et d'assaisonnements de style moyen-oriental \u00e0 utiliser sur le poulet et le b\u0153uf.<\/p>\n<p><img decoding=\"async\" class=\"alignnone wp-image-10812\" src=\"https:\/\/labarraca1912.es\/wp-content\/uploads\/estiloorientemedio.jpg\" alt=\"\" width=\"789\" height=\"115\" srcset=\"https:\/\/labarraca1912.es\/wp-content\/uploads\/estiloorientemedio.jpg 789w, https:\/\/labarraca1912.es\/wp-content\/uploads\/estiloorientemedio-480x70.jpg 480w\" sizes=\"(min-width: 0px) and (max-width: 480px) 480px, (min-width: 481px) 789px, 100vw\" \/><\/p>\n<p><em><strong>MODE D'EMPLOI:<\/strong> Saupoudrer l'assaisonnement sur la viande lors de la cuisson et remuer jusqu'\u00e0 ce que l'assaisonnement soit r\u00e9parti dans toute la viande et cuire jusqu'\u00e0 ce qu'elle soit cuite. <strong>Ajoutez 20g\/kg \u00e0 la viande, selon le degr\u00e9 de salinit\u00e9 que vous souhaitez obtenir.<\/strong><\/em><\/p>\n<p><em><strong>Ingr\u00e9dients: <\/strong><\/em>\u00c9pices (oignon, coriandre, poivre, cumin, <strong>MOUTARDE<\/strong>, piment de Cayenne, paprika, persil), sel, amidon de ma\u00efs et sucre.<\/p>\n<p>Peut contenir des traces de <strong>GLUTEN, S\u00c9SAME, C\u00c9LERI et SULFITES.<\/strong><\/p>\n<p><strong><em>D\u00e9claration nutritionnelle. Valeurs moyennes per 100g de produit:<\/em><\/strong><\/p>\n<p>\u00c9nergie: 627 kJ\/150 kcal. Graisses: 3g. Dont acides gras satur\u00e9s: &lt;0,2g. Glucides: 25,5g. Dont sucres: 16,5g. Prot\u00e9ines: 5,2g. Sel: 25g.<\/p>","protected":false},"featured_media":10804,"comment_status":"open","ping_status":"closed","template":"","meta":{"_et_pb_use_builder":"","_et_pb_old_content":"","_et_gb_content_width":""},"product_brand":[],"product_cat":[281],"product_tag":[47,286,288,93,119,287],"class_list":{"0":"post-10816","1":"product","2":"type-product","3":"status-publish","4":"has-post-thumbnail","6":"product_cat-bbq-spices-of-the-world","7":"product_tag-especias","8":"product_tag-kebab","9":"product_tag-mediooriente","10":"product_tag-pollo","11":"product_tag-sazonador","12":"product_tag-ternera","14":"first","15":"instock","16":"taxable","17":"shipping-taxable","18":"purchasable","19":"product-type-simple"},"yoast_head":"<!-- This site is optimized with the Yoast SEO plugin v27.4 - https:\/\/yoast.com\/product\/yoast-seo-wordpress\/ -->\n<title>Sazonador Kebab 185g - La Barraca<\/title>\n<meta name=\"robots\" content=\"index, follow, max-snippet:-1, max-image-preview:large, max-video-preview:-1\" \/>\n<link rel=\"canonical\" href=\"https:\/\/labarraca1912.es\/fr\/tienda\/bbq-spices-of-the-world\/sazonador-kebab\/\" \/>\n<meta property=\"og:locale\" content=\"fr_FR\" \/>\n<meta property=\"og:type\" content=\"article\" \/>\n<meta property=\"og:title\" content=\"Sazonador Kebab 185g - La Barraca\" \/>\n<meta property=\"og:description\" content=\"Sazonadores especiales del mundo, que te har\u00e1n viajar sin moverte de casa. La Barraca Alimentaci\u00f3n te presenta su nueva familia BBQ SPICES OF THE WORLD, una gama de sazonadores especiales del mundo con las mejores combinaciones de hierbas, especias y condimentos que te har\u00e1n disfrutar de una experiencia \u00fanica.  SAZONADOR KEBAB: Mezcla de hierbas, especias y condimentos de estilo medio oriente para ser utilizadas en carnes de pollo y ternera.    MODO DE EMPLEO: Espolvorear el sazonador encima de la carne en el momento de cocinar y remover hasta que el sazonador qued\u00e9 repartido por toda la carne y cocinar hasta que est\u00e9 lista. A\u00f1adir a la carne 20g\/kg, dependiendo del grado de salado que se desee obtener.  Ingredientes: Especias (cebolla, cilantro, pimienta, cominos, MOSTAZA, cayena, piment\u00f3n, perejil), sal, almid\u00f3n de ma\u00edz y az\u00facar.  Puede contener trazas de GLUTEN, S\u00c9SAMO, APIO y SULFITOS.  Informaci\u00f3n Nutricional. An\u00e1lisis medio por 100g de producto:  Valor Energ\u00e9tico: 627 kJ\/150 kcal. Grasas: 3g. De las cuales saturadas: &lt;0,2g. Hidratos de Carbono: 25,5g. De los cuales az\u00facares: 16,5g. Prote\u00ednas: 5,2g. Sal: 25g.\" \/>\n<meta property=\"og:url\" content=\"https:\/\/labarraca1912.es\/fr\/tienda\/bbq-spices-of-the-world\/sazonador-kebab\/\" \/>\n<meta property=\"og:site_name\" content=\"La Barraca\" \/>\n<meta property=\"article:modified_time\" content=\"2026-03-30T16:34:02+00:00\" \/>\n<meta property=\"og:image\" content=\"https:\/\/labarraca1912.es\/wp-content\/uploads\/sazonadorkebab.jpg\" \/>\n\t<meta property=\"og:image:width\" content=\"800\" \/>\n\t<meta property=\"og:image:height\" content=\"800\" \/>\n\t<meta property=\"og:image:type\" content=\"image\/jpeg\" \/>\n<meta name=\"twitter:card\" content=\"summary_large_image\" \/>\n<meta name=\"twitter:label1\" content=\"Dur\u00e9e de lecture estim\u00e9e\" \/>\n\t<meta name=\"twitter:data1\" content=\"1 minute\" \/>\n<script type=\"application\/ld+json\" class=\"yoast-schema-graph\">{\"@context\":\"https:\\\/\\\/schema.org\",\"@graph\":[{\"@type\":\"WebPage\",\"@id\":\"https:\\\/\\\/labarraca1912.es\\\/tienda\\\/bbq-spices-of-the-world\\\/sazonador-kebab\\\/\",\"url\":\"https:\\\/\\\/labarraca1912.es\\\/tienda\\\/bbq-spices-of-the-world\\\/sazonador-kebab\\\/\",\"name\":\"Sazonador Kebab 185g - La Barraca\",\"isPartOf\":{\"@id\":\"https:\\\/\\\/labarraca1912.es\\\/#website\"},\"primaryImageOfPage\":{\"@id\":\"https:\\\/\\\/labarraca1912.es\\\/tienda\\\/bbq-spices-of-the-world\\\/sazonador-kebab\\\/#primaryimage\"},\"image\":{\"@id\":\"https:\\\/\\\/labarraca1912.es\\\/tienda\\\/bbq-spices-of-the-world\\\/sazonador-kebab\\\/#primaryimage\"},\"thumbnailUrl\":\"https:\\\/\\\/labarraca1912.es\\\/wp-content\\\/uploads\\\/sazonadorkebab.jpg\",\"datePublished\":\"2024-05-15T10:17:17+00:00\",\"dateModified\":\"2026-03-30T16:34:02+00:00\",\"breadcrumb\":{\"@id\":\"https:\\\/\\\/labarraca1912.es\\\/tienda\\\/bbq-spices-of-the-world\\\/sazonador-kebab\\\/#breadcrumb\"},\"inLanguage\":\"fr-FR\",\"potentialAction\":[{\"@type\":\"ReadAction\",\"target\":[\"https:\\\/\\\/labarraca1912.es\\\/tienda\\\/bbq-spices-of-the-world\\\/sazonador-kebab\\\/\"]}]},{\"@type\":\"ImageObject\",\"inLanguage\":\"fr-FR\",\"@id\":\"https:\\\/\\\/labarraca1912.es\\\/tienda\\\/bbq-spices-of-the-world\\\/sazonador-kebab\\\/#primaryimage\",\"url\":\"https:\\\/\\\/labarraca1912.es\\\/wp-content\\\/uploads\\\/sazonadorkebab.jpg\",\"contentUrl\":\"https:\\\/\\\/labarraca1912.es\\\/wp-content\\\/uploads\\\/sazonadorkebab.jpg\",\"width\":800,\"height\":800,\"caption\":\"Saz. Kebab\"},{\"@type\":\"BreadcrumbList\",\"@id\":\"https:\\\/\\\/labarraca1912.es\\\/tienda\\\/bbq-spices-of-the-world\\\/sazonador-kebab\\\/#breadcrumb\",\"itemListElement\":[{\"@type\":\"ListItem\",\"position\":1,\"name\":\"La Barraca\",\"item\":\"https:\\\/\\\/labarraca1912.es\\\/\"},{\"@type\":\"ListItem\",\"position\":2,\"name\":\"Tienda\",\"item\":\"https:\\\/\\\/labarraca1912.es\\\/tienda\\\/\"},{\"@type\":\"ListItem\",\"position\":3,\"name\":\"Sazonador Kebab 185g\"}]},{\"@type\":\"WebSite\",\"@id\":\"https:\\\/\\\/labarraca1912.es\\\/#website\",\"url\":\"https:\\\/\\\/labarraca1912.es\\\/\",\"name\":\"La Barraca\",\"description\":\"La Casa del Sabor\",\"publisher\":{\"@id\":\"https:\\\/\\\/labarraca1912.es\\\/#organization\"},\"potentialAction\":[{\"@type\":\"SearchAction\",\"target\":{\"@type\":\"EntryPoint\",\"urlTemplate\":\"https:\\\/\\\/labarraca1912.es\\\/?s={search_term_string}\"},\"query-input\":{\"@type\":\"PropertyValueSpecification\",\"valueRequired\":true,\"valueName\":\"search_term_string\"}}],\"inLanguage\":\"fr-FR\"},{\"@type\":\"Organization\",\"@id\":\"https:\\\/\\\/labarraca1912.es\\\/#organization\",\"name\":\"La Barraca 1912 Alimentacion\",\"url\":\"https:\\\/\\\/labarraca1912.es\\\/\",\"logo\":{\"@type\":\"ImageObject\",\"inLanguage\":\"fr-FR\",\"@id\":\"https:\\\/\\\/labarraca1912.es\\\/#\\\/schema\\\/logo\\\/image\\\/\",\"url\":\"https:\\\/\\\/labarraca1912.es\\\/wp-content\\\/uploads\\\/2019\\\/06\\\/logo-labarraca.png\",\"contentUrl\":\"https:\\\/\\\/labarraca1912.es\\\/wp-content\\\/uploads\\\/2019\\\/06\\\/logo-labarraca.png\",\"width\":2917,\"height\":1809,\"caption\":\"La Barraca 1912 Alimentacion\"},\"image\":{\"@id\":\"https:\\\/\\\/labarraca1912.es\\\/#\\\/schema\\\/logo\\\/image\\\/\"}}]}<\/script>\n<!-- \/ Yoast SEO plugin. -->","yoast_head_json":{"title":"Sazonador Kebab 185g - La Barraca","robots":{"index":"index","follow":"follow","max-snippet":"max-snippet:-1","max-image-preview":"max-image-preview:large","max-video-preview":"max-video-preview:-1"},"canonical":"https:\/\/labarraca1912.es\/fr\/tienda\/bbq-spices-of-the-world\/sazonador-kebab\/","og_locale":"fr_FR","og_type":"article","og_title":"Sazonador Kebab 185g - La Barraca","og_description":"Sazonadores especiales del mundo, que te har\u00e1n viajar sin moverte de casa. La Barraca Alimentaci\u00f3n te presenta su nueva familia BBQ SPICES OF THE WORLD, una gama de sazonadores especiales del mundo con las mejores combinaciones de hierbas, especias y condimentos que te har\u00e1n disfrutar de una experiencia \u00fanica.  SAZONADOR KEBAB: Mezcla de hierbas, especias y condimentos de estilo medio oriente para ser utilizadas en carnes de pollo y ternera.    MODO DE EMPLEO: Espolvorear el sazonador encima de la carne en el momento de cocinar y remover hasta que el sazonador qued\u00e9 repartido por toda la carne y cocinar hasta que est\u00e9 lista. A\u00f1adir a la carne 20g\/kg, dependiendo del grado de salado que se desee obtener.  Ingredientes: Especias (cebolla, cilantro, pimienta, cominos, MOSTAZA, cayena, piment\u00f3n, perejil), sal, almid\u00f3n de ma\u00edz y az\u00facar.  Puede contener trazas de GLUTEN, S\u00c9SAMO, APIO y SULFITOS.  Informaci\u00f3n Nutricional. An\u00e1lisis medio por 100g de producto:  Valor Energ\u00e9tico: 627 kJ\/150 kcal. Grasas: 3g. De las cuales saturadas: &lt;0,2g. Hidratos de Carbono: 25,5g. De los cuales az\u00facares: 16,5g. Prote\u00ednas: 5,2g. Sal: 25g.","og_url":"https:\/\/labarraca1912.es\/fr\/tienda\/bbq-spices-of-the-world\/sazonador-kebab\/","og_site_name":"La Barraca","article_modified_time":"2026-03-30T16:34:02+00:00","og_image":[{"width":800,"height":800,"url":"https:\/\/labarraca1912.es\/wp-content\/uploads\/sazonadorkebab.jpg","type":"image\/jpeg"}],"twitter_card":"summary_large_image","twitter_misc":{"Dur\u00e9e de lecture estim\u00e9e":"1 minute"},"schema":{"@context":"https:\/\/schema.org","@graph":[{"@type":"WebPage","@id":"https:\/\/labarraca1912.es\/tienda\/bbq-spices-of-the-world\/sazonador-kebab\/","url":"https:\/\/labarraca1912.es\/tienda\/bbq-spices-of-the-world\/sazonador-kebab\/","name":"Sazonador Kebab 185g - La Barraca","isPartOf":{"@id":"https:\/\/labarraca1912.es\/#website"},"primaryImageOfPage":{"@id":"https:\/\/labarraca1912.es\/tienda\/bbq-spices-of-the-world\/sazonador-kebab\/#primaryimage"},"image":{"@id":"https:\/\/labarraca1912.es\/tienda\/bbq-spices-of-the-world\/sazonador-kebab\/#primaryimage"},"thumbnailUrl":"https:\/\/labarraca1912.es\/wp-content\/uploads\/sazonadorkebab.jpg","datePublished":"2024-05-15T10:17:17+00:00","dateModified":"2026-03-30T16:34:02+00:00","breadcrumb":{"@id":"https:\/\/labarraca1912.es\/tienda\/bbq-spices-of-the-world\/sazonador-kebab\/#breadcrumb"},"inLanguage":"fr-FR","potentialAction":[{"@type":"ReadAction","target":["https:\/\/labarraca1912.es\/tienda\/bbq-spices-of-the-world\/sazonador-kebab\/"]}]},{"@type":"ImageObject","inLanguage":"fr-FR","@id":"https:\/\/labarraca1912.es\/tienda\/bbq-spices-of-the-world\/sazonador-kebab\/#primaryimage","url":"https:\/\/labarraca1912.es\/wp-content\/uploads\/sazonadorkebab.jpg","contentUrl":"https:\/\/labarraca1912.es\/wp-content\/uploads\/sazonadorkebab.jpg","width":800,"height":800,"caption":"Saz. Kebab"},{"@type":"BreadcrumbList","@id":"https:\/\/labarraca1912.es\/tienda\/bbq-spices-of-the-world\/sazonador-kebab\/#breadcrumb","itemListElement":[{"@type":"ListItem","position":1,"name":"La Barraca","item":"https:\/\/labarraca1912.es\/"},{"@type":"ListItem","position":2,"name":"Tienda","item":"https:\/\/labarraca1912.es\/tienda\/"},{"@type":"ListItem","position":3,"name":"Sazonador Kebab 185g"}]},{"@type":"WebSite","@id":"https:\/\/labarraca1912.es\/#website","url":"https:\/\/labarraca1912.es\/","name":"La Barraca","description":"La Casa del Sabor","publisher":{"@id":"https:\/\/labarraca1912.es\/#organization"},"potentialAction":[{"@type":"SearchAction","target":{"@type":"EntryPoint","urlTemplate":"https:\/\/labarraca1912.es\/?s={search_term_string}"},"query-input":{"@type":"PropertyValueSpecification","valueRequired":true,"valueName":"search_term_string"}}],"inLanguage":"fr-FR"},{"@type":"Organization","@id":"https:\/\/labarraca1912.es\/#organization","name":"La Barraca 1912 Alimentacion","url":"https:\/\/labarraca1912.es\/","logo":{"@type":"ImageObject","inLanguage":"fr-FR","@id":"https:\/\/labarraca1912.es\/#\/schema\/logo\/image\/","url":"https:\/\/labarraca1912.es\/wp-content\/uploads\/2019\/06\/logo-labarraca.png","contentUrl":"https:\/\/labarraca1912.es\/wp-content\/uploads\/2019\/06\/logo-labarraca.png","width":2917,"height":1809,"caption":"La Barraca 1912 Alimentacion"},"image":{"@id":"https:\/\/labarraca1912.es\/#\/schema\/logo\/image\/"}}]}},"_links":{"self":[{"href":"https:\/\/labarraca1912.es\/fr\/wp-json\/wp\/v2\/product\/10816","targetHints":{"allow":["GET"]}}],"collection":[{"href":"https:\/\/labarraca1912.es\/fr\/wp-json\/wp\/v2\/product"}],"about":[{"href":"https:\/\/labarraca1912.es\/fr\/wp-json\/wp\/v2\/types\/product"}],"replies":[{"embeddable":true,"href":"https:\/\/labarraca1912.es\/fr\/wp-json\/wp\/v2\/comments?post=10816"}],"wp:featuredmedia":[{"embeddable":true,"href":"https:\/\/labarraca1912.es\/fr\/wp-json\/wp\/v2\/media\/10804"}],"wp:attachment":[{"href":"https:\/\/labarraca1912.es\/fr\/wp-json\/wp\/v2\/media?parent=10816"}],"wp:term":[{"taxonomy":"product_brand","embeddable":true,"href":"https:\/\/labarraca1912.es\/fr\/wp-json\/wp\/v2\/product_brand?post=10816"},{"taxonomy":"product_cat","embeddable":true,"href":"https:\/\/labarraca1912.es\/fr\/wp-json\/wp\/v2\/product_cat?post=10816"},{"taxonomy":"product_tag","embeddable":true,"href":"https:\/\/labarraca1912.es\/fr\/wp-json\/wp\/v2\/product_tag?post=10816"}],"curies":[{"name":"wp","href":"https:\/\/api.w.org\/{rel}","templated":true}]}}