{"id":10818,"date":"2024-05-15T12:32:22","date_gmt":"2024-05-15T10:32:22","guid":{"rendered":"https:\/\/labarraca1912.es\/?post_type=product&#038;p=10818"},"modified":"2026-03-09T08:54:59","modified_gmt":"2026-03-09T07:54:59","slug":"sazonador-mediterraneo","status":"publish","type":"product","link":"https:\/\/labarraca1912.es\/fr\/tienda\/bbq-spices-of-the-world\/sazonador-mediterraneo\/","title":{"rendered":"Assaisonnement M\u00e9diterran\u00e9en 240g"},"content":{"rendered":"<p><strong>Assaisonnement M\u00e9diterran\u00e9en pour Poisson:<\/strong> M\u00e9lange d'herbes, d'\u00e9pices et d'assaisonnements de style m\u00e9diterran\u00e9en \u00e0 utiliser sur tous types de poissons grill\u00e9s ou po\u00eal\u00e9s.<\/p>\n<p><em><strong>MODE D'EMPLOI:<\/strong> M\u00e9langez l'assaisonnement avec l'huile d'olive et remuez jusqu'\u00e0 ce que tout soit combin\u00e9. Une fois fusionn\u00e9, appliquer sur le poisson jusqu'\u00e0 ce qu'il soit enti\u00e8rement recouvert par le m\u00e9lange. Laissez mariner 30 minutes pour que le poisson absorbe toute la saveur. Apr\u00e8s 30 minutes, mettez le poisson sur le gril ou dans une po\u00eale et faites cuire jusqu'\u00e0 ce qu'il soit pr\u00eat.<\/em><\/p>","protected":false},"excerpt":{"rendered":"<p><img decoding=\"async\" class=\"alignnone size-full wp-image-10799\" src=\"https:\/\/labarraca1912.es\/wp-content\/uploads\/BBQSPICESOFTHEWORLD.jpg\" alt=\"\" width=\"1742\" height=\"182\" srcset=\"https:\/\/labarraca1912.es\/wp-content\/uploads\/BBQSPICESOFTHEWORLD.jpg 1742w, https:\/\/labarraca1912.es\/wp-content\/uploads\/BBQSPICESOFTHEWORLD-1280x134.jpg 1280w, https:\/\/labarraca1912.es\/wp-content\/uploads\/BBQSPICESOFTHEWORLD-980x102.jpg 980w, https:\/\/labarraca1912.es\/wp-content\/uploads\/BBQSPICESOFTHEWORLD-480x50.jpg 480w\" sizes=\"(min-width: 0px) and (max-width: 480px) 480px, (min-width: 481px) and (max-width: 980px) 980px, (min-width: 981px) and (max-width: 1280px) 1280px, (min-width: 1281px) 1742px, 100vw\" \/><\/p>\n<h3><span style=\"color: #b89c00;\"><em><strong>Des assaisonnements sp\u00e9ciaux du monde entier, qui vous feront voyager sans sortir de chez vous.<\/strong><\/em><\/span><\/h3>\n<p>La Barraca Alimentaci\u00f3n vous pr\u00e9sente sa nouvelle famille <span style=\"color: #b89c00;\"><strong>BBQ SPICES OF THE WORLD<\/strong><\/span>, une gamme d'assaisonnements sp\u00e9ciaux du monde entier avec les meilleures combinaisons d'herbes, d'\u00e9pices et d'assaisonnements qui vous feront vivre une exp\u00e9rience unique.<\/p>\n<p><strong>ASSAISONNEMENT M\u00c9DITERRAN\u00c9EN pour POISSON:<\/strong> M\u00e9lange d'herbes, d'\u00e9pices et d'assaisonnements de style m\u00e9diterran\u00e9en \u00e0 utiliser sur tous types de poissons grill\u00e9s ou po\u00eal\u00e9s.<\/p>\n<p><img decoding=\"async\" class=\"alignnone wp-image-10811\" src=\"https:\/\/labarraca1912.es\/wp-content\/uploads\/estilomediterraneo.jpg\" alt=\"\" width=\"830\" height=\"121\" srcset=\"https:\/\/labarraca1912.es\/wp-content\/uploads\/estilomediterraneo.jpg 830w, https:\/\/labarraca1912.es\/wp-content\/uploads\/estilomediterraneo-480x70.jpg 480w\" sizes=\"(min-width: 0px) and (max-width: 480px) 480px, (min-width: 481px) 830px, 100vw\" \/><\/p>\n<p><em><strong>MODE D'EMPLOI:<\/strong> M\u00e9langez l'assaisonnement avec l'huile d'olive et remuez jusqu'\u00e0 ce que tout soit combin\u00e9. Une fois fusionn\u00e9, appliquer sur le poisson jusqu'\u00e0 ce qu'il soit enti\u00e8rement recouvert par le m\u00e9lange. Laissez mariner 30 minutes pour que le poisson absorbe toute la saveur. Apr\u00e8s 30 minutes, mettez le poisson sur le gril ou dans une po\u00eale et faites cuire jusqu'\u00e0 ce qu'il soit pr\u00eat.<\/em><\/p>\n<p><em><strong>Ingr\u00e9dients: <\/strong><\/em>Sal, especias (cilantro, piment\u00f3n, pimienta, ajo, c\u00farcuma, mejorana, perejil, eneldo, hinojo) y dextrosa.<\/p>\n<p>Peut contenir des traces de <strong>GLUTEN, MOUTARDE, SULFITES, ARACHIDES et C\u00c9LERI.<\/strong>.<\/p>\n<p><strong><em>D\u00e9claration nutritionnelle. Valeurs moyennes per 100g de produit:<\/em><\/strong><\/p>\n<p>\u00c9nergie: 644 kJ\/154 kcal. Graisses: 3,5g. Dont acides gras satur\u00e9s: &lt;0,2g. Glucides: 26g. Dont sucres: 17,5g. Prot\u00e9ines: 4,5g. Sel: 50g.<\/p>","protected":false},"featured_media":10805,"comment_status":"open","ping_status":"closed","template":"","meta":{"_et_pb_use_builder":"","_et_pb_old_content":"","_et_gb_content_width":""},"product_brand":[],"product_cat":[281],"product_tag":[47,291,68,119],"class_list":{"0":"post-10818","1":"product","2":"type-product","3":"status-publish","4":"has-post-thumbnail","6":"product_cat-bbq-spices-of-the-world","7":"product_tag-especias","8":"product_tag-mediterraneo","9":"product_tag-pescado","10":"product_tag-sazonador","12":"first","13":"instock","14":"taxable","15":"shipping-taxable","16":"purchasable","17":"product-type-simple"},"yoast_head":"<!-- This site is optimized with the Yoast SEO plugin v27.4 - https:\/\/yoast.com\/product\/yoast-seo-wordpress\/ -->\n<title>Sazonador Mediterr\u00e1neo 240g - La Barraca<\/title>\n<meta name=\"robots\" content=\"index, follow, max-snippet:-1, max-image-preview:large, max-video-preview:-1\" \/>\n<link rel=\"canonical\" href=\"https:\/\/labarraca1912.es\/fr\/tienda\/bbq-spices-of-the-world\/sazonador-mediterraneo\/\" \/>\n<meta property=\"og:locale\" content=\"fr_FR\" \/>\n<meta property=\"og:type\" content=\"article\" \/>\n<meta property=\"og:title\" content=\"Sazonador Mediterr\u00e1neo 240g - La Barraca\" \/>\n<meta property=\"og:description\" content=\"Sazonadores especiales del mundo, que te har\u00e1n viajar sin moverte de casa. La Barraca Alimentaci\u00f3n te presenta su nueva familia BBQ SPICES OF THE WORLD, una gama de sazonadores especiales del mundo con las mejores combinaciones de hierbas, especias y condimentos que te har\u00e1n disfrutar de una experiencia \u00fanica.  SAZONADOR MEDITERR\u00c1NEO para PESCADO: Mezcla de hierbas, especias y condimentos de estilo mediterr\u00e1neo para ser utilizadas en todo tipo de pescados a la parrilla o a la sart\u00e9n.    MODO DE EMPLEO: Mezclar el sazonador con aceite de oliva, y remover hasta fusionar todo. Una vez fusionado aplicar sobre el pescado hasta que qued\u00e9 todo cubierto por la mezcla. Dejar macerar durante 30 minutos para que el pescado absorba todo el sabor. Pasados los 30 minutos, poner el pescado sobre la parrilla o sart\u00e9n y cocinar hasta que est\u00e9 listo.  Ingredientes: Sal, especias (cilantro, piment\u00f3n, pimienta, ajo, c\u00farcuma, mejorana, perejil, eneldo, hinojo) y dextrosa.  Puede contener trazas de GLUTEN, MOSTAZA, SULFITOS, CACAHUETES y APIO.  Informaci\u00f3n Nutricional. An\u00e1lisis medio por 100g de producto:  Valor Energ\u00e9tico: 644 kJ\/154 kcal. Grasas: 3,5g. De las cuales saturadas: &lt;0,2g. Hidratos de Carbono: 26g. De los cuales az\u00facares: 17,5g. Prote\u00ednas: 4,5g. Sal: 50g.\" \/>\n<meta property=\"og:url\" content=\"https:\/\/labarraca1912.es\/fr\/tienda\/bbq-spices-of-the-world\/sazonador-mediterraneo\/\" \/>\n<meta property=\"og:site_name\" content=\"La Barraca\" \/>\n<meta property=\"article:modified_time\" content=\"2026-03-09T07:54:59+00:00\" \/>\n<meta property=\"og:image\" content=\"https:\/\/labarraca1912.es\/wp-content\/uploads\/sazonadormediterraneo.jpg\" \/>\n\t<meta property=\"og:image:width\" content=\"800\" \/>\n\t<meta property=\"og:image:height\" content=\"800\" \/>\n\t<meta property=\"og:image:type\" content=\"image\/jpeg\" \/>\n<meta name=\"twitter:card\" content=\"summary_large_image\" \/>\n<meta name=\"twitter:label1\" content=\"Dur\u00e9e de lecture estim\u00e9e\" \/>\n\t<meta name=\"twitter:data1\" content=\"1 minute\" \/>\n<script type=\"application\/ld+json\" class=\"yoast-schema-graph\">{\"@context\":\"https:\\\/\\\/schema.org\",\"@graph\":[{\"@type\":\"WebPage\",\"@id\":\"https:\\\/\\\/labarraca1912.es\\\/tienda\\\/bbq-spices-of-the-world\\\/sazonador-mediterraneo\\\/\",\"url\":\"https:\\\/\\\/labarraca1912.es\\\/tienda\\\/bbq-spices-of-the-world\\\/sazonador-mediterraneo\\\/\",\"name\":\"Sazonador Mediterr\u00e1neo 240g - La Barraca\",\"isPartOf\":{\"@id\":\"https:\\\/\\\/labarraca1912.es\\\/#website\"},\"primaryImageOfPage\":{\"@id\":\"https:\\\/\\\/labarraca1912.es\\\/tienda\\\/bbq-spices-of-the-world\\\/sazonador-mediterraneo\\\/#primaryimage\"},\"image\":{\"@id\":\"https:\\\/\\\/labarraca1912.es\\\/tienda\\\/bbq-spices-of-the-world\\\/sazonador-mediterraneo\\\/#primaryimage\"},\"thumbnailUrl\":\"https:\\\/\\\/labarraca1912.es\\\/wp-content\\\/uploads\\\/sazonadormediterraneo.jpg\",\"datePublished\":\"2024-05-15T10:32:22+00:00\",\"dateModified\":\"2026-03-09T07:54:59+00:00\",\"breadcrumb\":{\"@id\":\"https:\\\/\\\/labarraca1912.es\\\/tienda\\\/bbq-spices-of-the-world\\\/sazonador-mediterraneo\\\/#breadcrumb\"},\"inLanguage\":\"fr-FR\",\"potentialAction\":[{\"@type\":\"ReadAction\",\"target\":[\"https:\\\/\\\/labarraca1912.es\\\/tienda\\\/bbq-spices-of-the-world\\\/sazonador-mediterraneo\\\/\"]}]},{\"@type\":\"ImageObject\",\"inLanguage\":\"fr-FR\",\"@id\":\"https:\\\/\\\/labarraca1912.es\\\/tienda\\\/bbq-spices-of-the-world\\\/sazonador-mediterraneo\\\/#primaryimage\",\"url\":\"https:\\\/\\\/labarraca1912.es\\\/wp-content\\\/uploads\\\/sazonadormediterraneo.jpg\",\"contentUrl\":\"https:\\\/\\\/labarraca1912.es\\\/wp-content\\\/uploads\\\/sazonadormediterraneo.jpg\",\"width\":800,\"height\":800,\"caption\":\"Saz. Mediterr\u00e1neo\"},{\"@type\":\"BreadcrumbList\",\"@id\":\"https:\\\/\\\/labarraca1912.es\\\/tienda\\\/bbq-spices-of-the-world\\\/sazonador-mediterraneo\\\/#breadcrumb\",\"itemListElement\":[{\"@type\":\"ListItem\",\"position\":1,\"name\":\"La Barraca\",\"item\":\"https:\\\/\\\/labarraca1912.es\\\/\"},{\"@type\":\"ListItem\",\"position\":2,\"name\":\"Tienda\",\"item\":\"https:\\\/\\\/labarraca1912.es\\\/tienda\\\/\"},{\"@type\":\"ListItem\",\"position\":3,\"name\":\"Sazonador Mediterr\u00e1neo 240g\"}]},{\"@type\":\"WebSite\",\"@id\":\"https:\\\/\\\/labarraca1912.es\\\/#website\",\"url\":\"https:\\\/\\\/labarraca1912.es\\\/\",\"name\":\"La Barraca\",\"description\":\"La Casa del Sabor\",\"publisher\":{\"@id\":\"https:\\\/\\\/labarraca1912.es\\\/#organization\"},\"potentialAction\":[{\"@type\":\"SearchAction\",\"target\":{\"@type\":\"EntryPoint\",\"urlTemplate\":\"https:\\\/\\\/labarraca1912.es\\\/?s={search_term_string}\"},\"query-input\":{\"@type\":\"PropertyValueSpecification\",\"valueRequired\":true,\"valueName\":\"search_term_string\"}}],\"inLanguage\":\"fr-FR\"},{\"@type\":\"Organization\",\"@id\":\"https:\\\/\\\/labarraca1912.es\\\/#organization\",\"name\":\"La Barraca 1912 Alimentacion\",\"url\":\"https:\\\/\\\/labarraca1912.es\\\/\",\"logo\":{\"@type\":\"ImageObject\",\"inLanguage\":\"fr-FR\",\"@id\":\"https:\\\/\\\/labarraca1912.es\\\/#\\\/schema\\\/logo\\\/image\\\/\",\"url\":\"https:\\\/\\\/labarraca1912.es\\\/wp-content\\\/uploads\\\/2019\\\/06\\\/logo-labarraca.png\",\"contentUrl\":\"https:\\\/\\\/labarraca1912.es\\\/wp-content\\\/uploads\\\/2019\\\/06\\\/logo-labarraca.png\",\"width\":2917,\"height\":1809,\"caption\":\"La Barraca 1912 Alimentacion\"},\"image\":{\"@id\":\"https:\\\/\\\/labarraca1912.es\\\/#\\\/schema\\\/logo\\\/image\\\/\"}}]}<\/script>\n<!-- \/ Yoast SEO plugin. -->","yoast_head_json":{"title":"Sazonador Mediterr\u00e1neo 240g - La Barraca","robots":{"index":"index","follow":"follow","max-snippet":"max-snippet:-1","max-image-preview":"max-image-preview:large","max-video-preview":"max-video-preview:-1"},"canonical":"https:\/\/labarraca1912.es\/fr\/tienda\/bbq-spices-of-the-world\/sazonador-mediterraneo\/","og_locale":"fr_FR","og_type":"article","og_title":"Sazonador Mediterr\u00e1neo 240g - La Barraca","og_description":"Sazonadores especiales del mundo, que te har\u00e1n viajar sin moverte de casa. La Barraca Alimentaci\u00f3n te presenta su nueva familia BBQ SPICES OF THE WORLD, una gama de sazonadores especiales del mundo con las mejores combinaciones de hierbas, especias y condimentos que te har\u00e1n disfrutar de una experiencia \u00fanica.  SAZONADOR MEDITERR\u00c1NEO para PESCADO: Mezcla de hierbas, especias y condimentos de estilo mediterr\u00e1neo para ser utilizadas en todo tipo de pescados a la parrilla o a la sart\u00e9n.    MODO DE EMPLEO: Mezclar el sazonador con aceite de oliva, y remover hasta fusionar todo. Una vez fusionado aplicar sobre el pescado hasta que qued\u00e9 todo cubierto por la mezcla. Dejar macerar durante 30 minutos para que el pescado absorba todo el sabor. Pasados los 30 minutos, poner el pescado sobre la parrilla o sart\u00e9n y cocinar hasta que est\u00e9 listo.  Ingredientes: Sal, especias (cilantro, piment\u00f3n, pimienta, ajo, c\u00farcuma, mejorana, perejil, eneldo, hinojo) y dextrosa.  Puede contener trazas de GLUTEN, MOSTAZA, SULFITOS, CACAHUETES y APIO.  Informaci\u00f3n Nutricional. An\u00e1lisis medio por 100g de producto:  Valor Energ\u00e9tico: 644 kJ\/154 kcal. Grasas: 3,5g. De las cuales saturadas: &lt;0,2g. Hidratos de Carbono: 26g. De los cuales az\u00facares: 17,5g. Prote\u00ednas: 4,5g. Sal: 50g.","og_url":"https:\/\/labarraca1912.es\/fr\/tienda\/bbq-spices-of-the-world\/sazonador-mediterraneo\/","og_site_name":"La Barraca","article_modified_time":"2026-03-09T07:54:59+00:00","og_image":[{"width":800,"height":800,"url":"https:\/\/labarraca1912.es\/wp-content\/uploads\/sazonadormediterraneo.jpg","type":"image\/jpeg"}],"twitter_card":"summary_large_image","twitter_misc":{"Dur\u00e9e de lecture estim\u00e9e":"1 minute"},"schema":{"@context":"https:\/\/schema.org","@graph":[{"@type":"WebPage","@id":"https:\/\/labarraca1912.es\/tienda\/bbq-spices-of-the-world\/sazonador-mediterraneo\/","url":"https:\/\/labarraca1912.es\/tienda\/bbq-spices-of-the-world\/sazonador-mediterraneo\/","name":"Sazonador Mediterr\u00e1neo 240g - La Barraca","isPartOf":{"@id":"https:\/\/labarraca1912.es\/#website"},"primaryImageOfPage":{"@id":"https:\/\/labarraca1912.es\/tienda\/bbq-spices-of-the-world\/sazonador-mediterraneo\/#primaryimage"},"image":{"@id":"https:\/\/labarraca1912.es\/tienda\/bbq-spices-of-the-world\/sazonador-mediterraneo\/#primaryimage"},"thumbnailUrl":"https:\/\/labarraca1912.es\/wp-content\/uploads\/sazonadormediterraneo.jpg","datePublished":"2024-05-15T10:32:22+00:00","dateModified":"2026-03-09T07:54:59+00:00","breadcrumb":{"@id":"https:\/\/labarraca1912.es\/tienda\/bbq-spices-of-the-world\/sazonador-mediterraneo\/#breadcrumb"},"inLanguage":"fr-FR","potentialAction":[{"@type":"ReadAction","target":["https:\/\/labarraca1912.es\/tienda\/bbq-spices-of-the-world\/sazonador-mediterraneo\/"]}]},{"@type":"ImageObject","inLanguage":"fr-FR","@id":"https:\/\/labarraca1912.es\/tienda\/bbq-spices-of-the-world\/sazonador-mediterraneo\/#primaryimage","url":"https:\/\/labarraca1912.es\/wp-content\/uploads\/sazonadormediterraneo.jpg","contentUrl":"https:\/\/labarraca1912.es\/wp-content\/uploads\/sazonadormediterraneo.jpg","width":800,"height":800,"caption":"Saz. Mediterr\u00e1neo"},{"@type":"BreadcrumbList","@id":"https:\/\/labarraca1912.es\/tienda\/bbq-spices-of-the-world\/sazonador-mediterraneo\/#breadcrumb","itemListElement":[{"@type":"ListItem","position":1,"name":"La Barraca","item":"https:\/\/labarraca1912.es\/"},{"@type":"ListItem","position":2,"name":"Tienda","item":"https:\/\/labarraca1912.es\/tienda\/"},{"@type":"ListItem","position":3,"name":"Sazonador Mediterr\u00e1neo 240g"}]},{"@type":"WebSite","@id":"https:\/\/labarraca1912.es\/#website","url":"https:\/\/labarraca1912.es\/","name":"La Barraca","description":"La Casa del Sabor","publisher":{"@id":"https:\/\/labarraca1912.es\/#organization"},"potentialAction":[{"@type":"SearchAction","target":{"@type":"EntryPoint","urlTemplate":"https:\/\/labarraca1912.es\/?s={search_term_string}"},"query-input":{"@type":"PropertyValueSpecification","valueRequired":true,"valueName":"search_term_string"}}],"inLanguage":"fr-FR"},{"@type":"Organization","@id":"https:\/\/labarraca1912.es\/#organization","name":"La Barraca 1912 Alimentacion","url":"https:\/\/labarraca1912.es\/","logo":{"@type":"ImageObject","inLanguage":"fr-FR","@id":"https:\/\/labarraca1912.es\/#\/schema\/logo\/image\/","url":"https:\/\/labarraca1912.es\/wp-content\/uploads\/2019\/06\/logo-labarraca.png","contentUrl":"https:\/\/labarraca1912.es\/wp-content\/uploads\/2019\/06\/logo-labarraca.png","width":2917,"height":1809,"caption":"La Barraca 1912 Alimentacion"},"image":{"@id":"https:\/\/labarraca1912.es\/#\/schema\/logo\/image\/"}}]}},"_links":{"self":[{"href":"https:\/\/labarraca1912.es\/fr\/wp-json\/wp\/v2\/product\/10818","targetHints":{"allow":["GET"]}}],"collection":[{"href":"https:\/\/labarraca1912.es\/fr\/wp-json\/wp\/v2\/product"}],"about":[{"href":"https:\/\/labarraca1912.es\/fr\/wp-json\/wp\/v2\/types\/product"}],"replies":[{"embeddable":true,"href":"https:\/\/labarraca1912.es\/fr\/wp-json\/wp\/v2\/comments?post=10818"}],"wp:featuredmedia":[{"embeddable":true,"href":"https:\/\/labarraca1912.es\/fr\/wp-json\/wp\/v2\/media\/10805"}],"wp:attachment":[{"href":"https:\/\/labarraca1912.es\/fr\/wp-json\/wp\/v2\/media?parent=10818"}],"wp:term":[{"taxonomy":"product_brand","embeddable":true,"href":"https:\/\/labarraca1912.es\/fr\/wp-json\/wp\/v2\/product_brand?post=10818"},{"taxonomy":"product_cat","embeddable":true,"href":"https:\/\/labarraca1912.es\/fr\/wp-json\/wp\/v2\/product_cat?post=10818"},{"taxonomy":"product_tag","embeddable":true,"href":"https:\/\/labarraca1912.es\/fr\/wp-json\/wp\/v2\/product_tag?post=10818"}],"curies":[{"name":"wp","href":"https:\/\/api.w.org\/{rel}","templated":true}]}}