{"id":10820,"date":"2024-05-15T12:47:24","date_gmt":"2024-05-15T10:47:24","guid":{"rendered":"https:\/\/labarraca1912.es\/?post_type=product&#038;p=10820"},"modified":"2026-03-09T08:54:03","modified_gmt":"2026-03-09T07:54:03","slug":"sazonadores-del-mundo","status":"publish","type":"product","link":"https:\/\/labarraca1912.es\/fr\/tienda\/packs-regalo\/sazonadores-del-mundo\/","title":{"rendered":"\u00c9tui 6 Assaisonnements du Monde"},"content":{"rendered":"<p><strong>\u00c9tui 6 Assaisonnements du Monde:<\/strong><\/p>\n<ul>\n<li>Assaisonnement Texas<\/li>\n<li>Assaisonnement Tandoori<\/li>\n<li>Assaisonnement Italie<\/li>\n<li>Assaisonnement Churrasco<\/li>\n<li>Assaisonnement Kebab<\/li>\n<li>Assaisonnement M\u00e9diterran\u00e9en<\/li>\n<\/ul>","protected":false},"excerpt":{"rendered":"<p><img decoding=\"async\" class=\"alignnone size-full wp-image-10799\" src=\"https:\/\/labarraca1912.es\/wp-content\/uploads\/BBQSPICESOFTHEWORLD.jpg\" alt=\"\" width=\"1742\" height=\"182\" srcset=\"https:\/\/labarraca1912.es\/wp-content\/uploads\/BBQSPICESOFTHEWORLD.jpg 1742w, https:\/\/labarraca1912.es\/wp-content\/uploads\/BBQSPICESOFTHEWORLD-1280x134.jpg 1280w, https:\/\/labarraca1912.es\/wp-content\/uploads\/BBQSPICESOFTHEWORLD-980x102.jpg 980w, https:\/\/labarraca1912.es\/wp-content\/uploads\/BBQSPICESOFTHEWORLD-480x50.jpg 480w\" sizes=\"(min-width: 0px) and (max-width: 480px) 480px, (min-width: 481px) and (max-width: 980px) 980px, (min-width: 981px) and (max-width: 1280px) 1280px, (min-width: 1281px) 1742px, 100vw\" \/><\/p>\n<h3><span style=\"color: #b89c00;\"><em><strong>Des assaisonnements sp\u00e9ciaux du monde entier, qui vous feront voyager sans sortir de chez vous.<\/strong><\/em><\/span><\/h3>\n<p>La Barraca Alimentaci\u00f3n vous pr\u00e9sente sa nouvelle famille <span style=\"color: #b89c00;\"><strong>BBQ SPICES OF THE WORLD<\/strong><\/span>, une gamme d'assaisonnements sp\u00e9ciaux du monde entier avec les meilleures combinaisons d'herbes, d'\u00e9pices et d'assaisonnements qui vous feront vivre une exp\u00e9rience unique.<\/p>\n<p>Ce \u00e9tui est compos\u00e9 de 6 ASSAISONNEMENTS DU MONDE:<\/p>\n<ul>\n<li><strong>Assaisonnement Texas<\/strong><\/li>\n<li><strong>Assaisonnement Tandoori<\/strong><\/li>\n<li><strong>Assaisonnement Italie<\/strong><\/li>\n<li><strong>Assaisonnement Churrasco<\/strong><\/li>\n<li><strong>Assaisonnement Kebab<\/strong><\/li>\n<li><strong>Assaisonnement M\u00e9diterran\u00e9en<\/strong><\/li>\n<\/ul>\n<p><img decoding=\"async\" class=\"alignnone wp-image-10821\" src=\"https:\/\/labarraca1912.es\/wp-content\/uploads\/barbecue.jpg\" alt=\"\" width=\"953\" height=\"536\" \/><\/p>","protected":false},"featured_media":10807,"comment_status":"open","ping_status":"closed","template":"","meta":{"_et_pb_use_builder":"","_et_pb_old_content":"","_et_gb_content_width":""},"product_brand":[],"product_cat":[281,215],"product_tag":[289,292,286,291,119,283,282],"class_list":{"0":"post-10820","1":"product","2":"type-product","3":"status-publish","4":"has-post-thumbnail","6":"product_cat-bbq-spices-of-the-world","7":"product_cat-packs-regalo","8":"product_tag-churrasco","9":"product_tag-italia","10":"product_tag-kebab","11":"product_tag-mediterraneo","12":"product_tag-sazonador","13":"product_tag-tandoori","14":"product_tag-texas","16":"first","17":"instock","18":"taxable","19":"shipping-taxable","20":"purchasable","21":"product-type-simple"},"yoast_head":"<!-- This site is optimized with the Yoast SEO plugin v27.5 - https:\/\/yoast.com\/product\/yoast-seo-wordpress\/ -->\n<title>Pack 6 Sazonadores del Mundo - La Barraca<\/title>\n<meta name=\"robots\" content=\"index, follow, max-snippet:-1, max-image-preview:large, max-video-preview:-1\" \/>\n<link rel=\"canonical\" href=\"https:\/\/labarraca1912.es\/fr\/tienda\/packs-regalo\/sazonadores-del-mundo\/\" \/>\n<meta property=\"og:locale\" content=\"fr_FR\" \/>\n<meta property=\"og:type\" content=\"article\" \/>\n<meta property=\"og:title\" content=\"Pack 6 Sazonadores del Mundo - La Barraca\" \/>\n<meta property=\"og:description\" content=\"Sazonadores especiales del mundo, que te har\u00e1n viajar sin moverte de casa. La Barraca Alimentaci\u00f3n te presenta su nueva familia BBQ SPICES OF THE WORLD, una gama de sazonadores especiales del mundo con las mejores combinaciones de hierbas, especias y condimentos que te har\u00e1n disfrutar de una experiencia \u00fanica.  Este pack est\u00e1 formado por 6 SAZONADORES DEL MUNDO:   Sazonador Texas  Sazonador Tandoori  Sazonador Italia  Sazonador Churrasco  Sazonador Kebab  Sazonador Mediterr\u00e1neo\" \/>\n<meta property=\"og:url\" content=\"https:\/\/labarraca1912.es\/fr\/tienda\/packs-regalo\/sazonadores-del-mundo\/\" \/>\n<meta property=\"og:site_name\" content=\"La Barraca\" \/>\n<meta property=\"article:modified_time\" content=\"2026-03-09T07:54:03+00:00\" \/>\n<meta property=\"og:image\" content=\"https:\/\/labarraca1912.es\/wp-content\/uploads\/bbqspicesbandejaabierta.jpg\" \/>\n\t<meta property=\"og:image:width\" content=\"800\" \/>\n\t<meta property=\"og:image:height\" content=\"800\" \/>\n\t<meta property=\"og:image:type\" content=\"image\/jpeg\" \/>\n<meta name=\"twitter:card\" content=\"summary_large_image\" \/>\n<meta name=\"twitter:label1\" content=\"Dur\u00e9e de lecture estim\u00e9e\" \/>\n\t<meta name=\"twitter:data1\" content=\"1 minute\" \/>\n<script type=\"application\/ld+json\" class=\"yoast-schema-graph\">{\"@context\":\"https:\\\/\\\/schema.org\",\"@graph\":[{\"@type\":\"WebPage\",\"@id\":\"https:\\\/\\\/labarraca1912.es\\\/tienda\\\/packs-regalo\\\/sazonadores-del-mundo\\\/\",\"url\":\"https:\\\/\\\/labarraca1912.es\\\/tienda\\\/packs-regalo\\\/sazonadores-del-mundo\\\/\",\"name\":\"Pack 6 Sazonadores del Mundo - La Barraca\",\"isPartOf\":{\"@id\":\"https:\\\/\\\/labarraca1912.es\\\/#website\"},\"primaryImageOfPage\":{\"@id\":\"https:\\\/\\\/labarraca1912.es\\\/tienda\\\/packs-regalo\\\/sazonadores-del-mundo\\\/#primaryimage\"},\"image\":{\"@id\":\"https:\\\/\\\/labarraca1912.es\\\/tienda\\\/packs-regalo\\\/sazonadores-del-mundo\\\/#primaryimage\"},\"thumbnailUrl\":\"https:\\\/\\\/labarraca1912.es\\\/wp-content\\\/uploads\\\/bbqspicesbandejaabierta.jpg\",\"datePublished\":\"2024-05-15T10:47:24+00:00\",\"dateModified\":\"2026-03-09T07:54:03+00:00\",\"breadcrumb\":{\"@id\":\"https:\\\/\\\/labarraca1912.es\\\/tienda\\\/packs-regalo\\\/sazonadores-del-mundo\\\/#breadcrumb\"},\"inLanguage\":\"fr-FR\",\"potentialAction\":[{\"@type\":\"ReadAction\",\"target\":[\"https:\\\/\\\/labarraca1912.es\\\/tienda\\\/packs-regalo\\\/sazonadores-del-mundo\\\/\"]}]},{\"@type\":\"ImageObject\",\"inLanguage\":\"fr-FR\",\"@id\":\"https:\\\/\\\/labarraca1912.es\\\/tienda\\\/packs-regalo\\\/sazonadores-del-mundo\\\/#primaryimage\",\"url\":\"https:\\\/\\\/labarraca1912.es\\\/wp-content\\\/uploads\\\/bbqspicesbandejaabierta.jpg\",\"contentUrl\":\"https:\\\/\\\/labarraca1912.es\\\/wp-content\\\/uploads\\\/bbqspicesbandejaabierta.jpg\",\"width\":800,\"height\":800,\"caption\":\"Pack 6 Sazonadores\"},{\"@type\":\"BreadcrumbList\",\"@id\":\"https:\\\/\\\/labarraca1912.es\\\/tienda\\\/packs-regalo\\\/sazonadores-del-mundo\\\/#breadcrumb\",\"itemListElement\":[{\"@type\":\"ListItem\",\"position\":1,\"name\":\"La Barraca\",\"item\":\"https:\\\/\\\/labarraca1912.es\\\/\"},{\"@type\":\"ListItem\",\"position\":2,\"name\":\"Tienda\",\"item\":\"https:\\\/\\\/labarraca1912.es\\\/tienda\\\/\"},{\"@type\":\"ListItem\",\"position\":3,\"name\":\"Pack 6 Sazonadores del Mundo\"}]},{\"@type\":\"WebSite\",\"@id\":\"https:\\\/\\\/labarraca1912.es\\\/#website\",\"url\":\"https:\\\/\\\/labarraca1912.es\\\/\",\"name\":\"La Barraca\",\"description\":\"La Casa del Sabor\",\"publisher\":{\"@id\":\"https:\\\/\\\/labarraca1912.es\\\/#organization\"},\"potentialAction\":[{\"@type\":\"SearchAction\",\"target\":{\"@type\":\"EntryPoint\",\"urlTemplate\":\"https:\\\/\\\/labarraca1912.es\\\/?s={search_term_string}\"},\"query-input\":{\"@type\":\"PropertyValueSpecification\",\"valueRequired\":true,\"valueName\":\"search_term_string\"}}],\"inLanguage\":\"fr-FR\"},{\"@type\":\"Organization\",\"@id\":\"https:\\\/\\\/labarraca1912.es\\\/#organization\",\"name\":\"La Barraca 1912 Alimentacion\",\"url\":\"https:\\\/\\\/labarraca1912.es\\\/\",\"logo\":{\"@type\":\"ImageObject\",\"inLanguage\":\"fr-FR\",\"@id\":\"https:\\\/\\\/labarraca1912.es\\\/#\\\/schema\\\/logo\\\/image\\\/\",\"url\":\"https:\\\/\\\/labarraca1912.es\\\/wp-content\\\/uploads\\\/2019\\\/06\\\/logo-labarraca.png\",\"contentUrl\":\"https:\\\/\\\/labarraca1912.es\\\/wp-content\\\/uploads\\\/2019\\\/06\\\/logo-labarraca.png\",\"width\":2917,\"height\":1809,\"caption\":\"La Barraca 1912 Alimentacion\"},\"image\":{\"@id\":\"https:\\\/\\\/labarraca1912.es\\\/#\\\/schema\\\/logo\\\/image\\\/\"}}]}<\/script>\n<!-- \/ Yoast SEO plugin. -->","yoast_head_json":{"title":"Pack 6 Sazonadores del Mundo - La Barraca","robots":{"index":"index","follow":"follow","max-snippet":"max-snippet:-1","max-image-preview":"max-image-preview:large","max-video-preview":"max-video-preview:-1"},"canonical":"https:\/\/labarraca1912.es\/fr\/tienda\/packs-regalo\/sazonadores-del-mundo\/","og_locale":"fr_FR","og_type":"article","og_title":"Pack 6 Sazonadores del Mundo - La Barraca","og_description":"Sazonadores especiales del mundo, que te har\u00e1n viajar sin moverte de casa. La Barraca Alimentaci\u00f3n te presenta su nueva familia BBQ SPICES OF THE WORLD, una gama de sazonadores especiales del mundo con las mejores combinaciones de hierbas, especias y condimentos que te har\u00e1n disfrutar de una experiencia \u00fanica.  Este pack est\u00e1 formado por 6 SAZONADORES DEL MUNDO:   Sazonador Texas  Sazonador Tandoori  Sazonador Italia  Sazonador Churrasco  Sazonador Kebab  Sazonador Mediterr\u00e1neo","og_url":"https:\/\/labarraca1912.es\/fr\/tienda\/packs-regalo\/sazonadores-del-mundo\/","og_site_name":"La Barraca","article_modified_time":"2026-03-09T07:54:03+00:00","og_image":[{"width":800,"height":800,"url":"https:\/\/labarraca1912.es\/wp-content\/uploads\/bbqspicesbandejaabierta.jpg","type":"image\/jpeg"}],"twitter_card":"summary_large_image","twitter_misc":{"Dur\u00e9e de lecture estim\u00e9e":"1 minute"},"schema":{"@context":"https:\/\/schema.org","@graph":[{"@type":"WebPage","@id":"https:\/\/labarraca1912.es\/tienda\/packs-regalo\/sazonadores-del-mundo\/","url":"https:\/\/labarraca1912.es\/tienda\/packs-regalo\/sazonadores-del-mundo\/","name":"Pack 6 Sazonadores del Mundo - La Barraca","isPartOf":{"@id":"https:\/\/labarraca1912.es\/#website"},"primaryImageOfPage":{"@id":"https:\/\/labarraca1912.es\/tienda\/packs-regalo\/sazonadores-del-mundo\/#primaryimage"},"image":{"@id":"https:\/\/labarraca1912.es\/tienda\/packs-regalo\/sazonadores-del-mundo\/#primaryimage"},"thumbnailUrl":"https:\/\/labarraca1912.es\/wp-content\/uploads\/bbqspicesbandejaabierta.jpg","datePublished":"2024-05-15T10:47:24+00:00","dateModified":"2026-03-09T07:54:03+00:00","breadcrumb":{"@id":"https:\/\/labarraca1912.es\/tienda\/packs-regalo\/sazonadores-del-mundo\/#breadcrumb"},"inLanguage":"fr-FR","potentialAction":[{"@type":"ReadAction","target":["https:\/\/labarraca1912.es\/tienda\/packs-regalo\/sazonadores-del-mundo\/"]}]},{"@type":"ImageObject","inLanguage":"fr-FR","@id":"https:\/\/labarraca1912.es\/tienda\/packs-regalo\/sazonadores-del-mundo\/#primaryimage","url":"https:\/\/labarraca1912.es\/wp-content\/uploads\/bbqspicesbandejaabierta.jpg","contentUrl":"https:\/\/labarraca1912.es\/wp-content\/uploads\/bbqspicesbandejaabierta.jpg","width":800,"height":800,"caption":"Pack 6 Sazonadores"},{"@type":"BreadcrumbList","@id":"https:\/\/labarraca1912.es\/tienda\/packs-regalo\/sazonadores-del-mundo\/#breadcrumb","itemListElement":[{"@type":"ListItem","position":1,"name":"La Barraca","item":"https:\/\/labarraca1912.es\/"},{"@type":"ListItem","position":2,"name":"Tienda","item":"https:\/\/labarraca1912.es\/tienda\/"},{"@type":"ListItem","position":3,"name":"Pack 6 Sazonadores del Mundo"}]},{"@type":"WebSite","@id":"https:\/\/labarraca1912.es\/#website","url":"https:\/\/labarraca1912.es\/","name":"La Barraca","description":"La Casa del Sabor","publisher":{"@id":"https:\/\/labarraca1912.es\/#organization"},"potentialAction":[{"@type":"SearchAction","target":{"@type":"EntryPoint","urlTemplate":"https:\/\/labarraca1912.es\/?s={search_term_string}"},"query-input":{"@type":"PropertyValueSpecification","valueRequired":true,"valueName":"search_term_string"}}],"inLanguage":"fr-FR"},{"@type":"Organization","@id":"https:\/\/labarraca1912.es\/#organization","name":"La Barraca 1912 Alimentacion","url":"https:\/\/labarraca1912.es\/","logo":{"@type":"ImageObject","inLanguage":"fr-FR","@id":"https:\/\/labarraca1912.es\/#\/schema\/logo\/image\/","url":"https:\/\/labarraca1912.es\/wp-content\/uploads\/2019\/06\/logo-labarraca.png","contentUrl":"https:\/\/labarraca1912.es\/wp-content\/uploads\/2019\/06\/logo-labarraca.png","width":2917,"height":1809,"caption":"La Barraca 1912 Alimentacion"},"image":{"@id":"https:\/\/labarraca1912.es\/#\/schema\/logo\/image\/"}}]}},"_links":{"self":[{"href":"https:\/\/labarraca1912.es\/fr\/wp-json\/wp\/v2\/product\/10820","targetHints":{"allow":["GET"]}}],"collection":[{"href":"https:\/\/labarraca1912.es\/fr\/wp-json\/wp\/v2\/product"}],"about":[{"href":"https:\/\/labarraca1912.es\/fr\/wp-json\/wp\/v2\/types\/product"}],"replies":[{"embeddable":true,"href":"https:\/\/labarraca1912.es\/fr\/wp-json\/wp\/v2\/comments?post=10820"}],"wp:featuredmedia":[{"embeddable":true,"href":"https:\/\/labarraca1912.es\/fr\/wp-json\/wp\/v2\/media\/10807"}],"wp:attachment":[{"href":"https:\/\/labarraca1912.es\/fr\/wp-json\/wp\/v2\/media?parent=10820"}],"wp:term":[{"taxonomy":"product_brand","embeddable":true,"href":"https:\/\/labarraca1912.es\/fr\/wp-json\/wp\/v2\/product_brand?post=10820"},{"taxonomy":"product_cat","embeddable":true,"href":"https:\/\/labarraca1912.es\/fr\/wp-json\/wp\/v2\/product_cat?post=10820"},{"taxonomy":"product_tag","embeddable":true,"href":"https:\/\/labarraca1912.es\/fr\/wp-json\/wp\/v2\/product_tag?post=10820"}],"curies":[{"name":"wp","href":"https:\/\/api.w.org\/{rel}","templated":true}]}}