{"id":10877,"date":"2024-05-22T08:21:21","date_gmt":"2024-05-22T06:21:21","guid":{"rendered":"https:\/\/labarraca1912.es\/?post_type=product&#038;p=10877"},"modified":"2026-04-26T19:09:51","modified_gmt":"2026-04-26T17:09:51","slug":"piramite-20-rooibos","status":"publish","type":"product","link":"https:\/\/labarraca1912.es\/fr\/tienda\/infusiones\/piramite-20-rooibos\/","title":{"rendered":"PiramiT\u00e9 20 Rooibos avec Cannelle et Orange"},"content":{"rendered":"<p>PIRAMIT\u00c9 20 &#8211; ROOIBOS CON CANELA Y NARANJA: Sabor y aroma natural en una exclusiva colecci\u00f3n de infusiones, envasadas en bolsitas piramidales para que disfrutes sorbo a sorbo del aut\u00e9ntico sabor de las infusiones de La Barraca. Una gama de infusiones como nunca la hab\u00edas visto.<\/p>\n<p><strong>Rooibos avec Cannelle et Orange:<\/strong> Le Rooibos \u00e0 la Cannelle et \u00e0 l'Orange est une infusion au go\u00fbt sucr\u00e9 qui, associ\u00e9 aux agrumes, compl\u00e8te la saveur de cette infusion. Il peut \u00eatre utilis\u00e9 sous forme de th\u00e9, avec de l'eau chaude ou du lait, ou pris comme boisson gazeuse.<\/p>\n<p>&nbsp;<\/p>","protected":false},"excerpt":{"rendered":"<blockquote>\n<h2><strong>PiramiT\u00e9 20<\/strong> Rooibos avec Cannelle et Orange<\/h2>\n<\/blockquote>\n<p>Saveur et ar\u00f4me naturels dans une collection exclusive d'infusions, conditionn\u00e9es dans des sachets pyramidaux pour que vous puissiez profiter gorg\u00e9e par gorg\u00e9e de la saveur authentique des infusions La Barraca. Une gamme d'infusions comme vous n'en avez jamais vue auparavant. Le Rooibos \u00e0 la Cannelle et \u00e0 l'Orange est une infusion au go\u00fbt sucr\u00e9 qui, associ\u00e9 aux agrumes, compl\u00e8te la saveur de cette infusion. Il peut \u00eatre utilis\u00e9 sous forme de th\u00e9, avec de l'eau chaude ou du lait, ou pris comme boisson gazeuse.<\/p>\n<p><em><strong>Ingr\u00e9dients:<\/strong><\/em> Rooibos (60%), cannelle (20%), zeste d'orange (16%) et ar\u00f4mes.<\/p>","protected":false},"featured_media":7317,"comment_status":"open","ping_status":"closed","template":"","meta":{"_et_pb_use_builder":"","_et_pb_old_content":"","_et_gb_content_width":""},"product_brand":[],"product_cat":[20],"product_tag":[58,42,52,209,54],"class_list":{"0":"post-10877","1":"product","2":"type-product","3":"status-publish","4":"has-post-thumbnail","6":"product_cat-infusiones","7":"product_tag-canela","8":"product_tag-edulcorante","9":"product_tag-infusiones","10":"product_tag-naranja","11":"product_tag-rooibos","13":"first","14":"instock","15":"taxable","16":"shipping-taxable","17":"purchasable","18":"product-type-simple"},"yoast_head":"<!-- This site is optimized with the Yoast SEO plugin v27.5 - https:\/\/yoast.com\/product\/yoast-seo-wordpress\/ -->\n<title>Comprar PiramiT\u00e9 Rooibos Canela y Naranja | La Barraca<\/title>\n<meta name=\"description\" content=\"Infusi\u00f3n PiramiT\u00e9 Rooibos con Canela y Naranja en bolsitas piramidales. Sabor dulce y c\u00edtrico para disfrutar caliente o fr\u00edo, con aroma natural y calidad premium.\" \/>\n<meta name=\"robots\" content=\"index, follow, max-snippet:-1, max-image-preview:large, max-video-preview:-1\" \/>\n<link rel=\"canonical\" href=\"https:\/\/labarraca1912.es\/fr\/tienda\/infusiones\/piramite-20-rooibos\/\" \/>\n<meta property=\"og:locale\" content=\"fr_FR\" \/>\n<meta property=\"og:type\" content=\"article\" \/>\n<meta property=\"og:title\" content=\"Comprar PiramiT\u00e9 Rooibos Canela y Naranja | La Barraca\" \/>\n<meta property=\"og:description\" content=\"Infusi\u00f3n PiramiT\u00e9 Rooibos con Canela y Naranja en bolsitas piramidales. Sabor dulce y c\u00edtrico para disfrutar caliente o fr\u00edo, con aroma natural y calidad premium.\" \/>\n<meta property=\"og:url\" content=\"https:\/\/labarraca1912.es\/fr\/tienda\/infusiones\/piramite-20-rooibos\/\" \/>\n<meta property=\"og:site_name\" content=\"La Barraca\" \/>\n<meta property=\"article:modified_time\" content=\"2026-04-26T17:09:51+00:00\" \/>\n<meta property=\"og:image\" content=\"https:\/\/labarraca1912.es\/wp-content\/uploads\/2021\/11\/PiramiTe-20-Rooibos-con-Canela-y-Naranja-scaled.jpg\" \/>\n\t<meta property=\"og:image:width\" content=\"1920\" \/>\n\t<meta property=\"og:image:height\" content=\"2560\" \/>\n\t<meta property=\"og:image:type\" content=\"image\/jpeg\" \/>\n<meta name=\"twitter:card\" content=\"summary_large_image\" \/>\n<meta name=\"twitter:label1\" content=\"Dur\u00e9e de lecture estim\u00e9e\" \/>\n\t<meta name=\"twitter:data1\" content=\"1 minute\" \/>\n<script type=\"application\/ld+json\" class=\"yoast-schema-graph\">{\"@context\":\"https:\\\/\\\/schema.org\",\"@graph\":[{\"@type\":\"WebPage\",\"@id\":\"https:\\\/\\\/labarraca1912.es\\\/tienda\\\/infusiones\\\/piramite-20-rooibos\\\/\",\"url\":\"https:\\\/\\\/labarraca1912.es\\\/tienda\\\/infusiones\\\/piramite-20-rooibos\\\/\",\"name\":\"Comprar PiramiT\u00e9 Rooibos Canela y Naranja | La Barraca\",\"isPartOf\":{\"@id\":\"https:\\\/\\\/labarraca1912.es\\\/#website\"},\"primaryImageOfPage\":{\"@id\":\"https:\\\/\\\/labarraca1912.es\\\/tienda\\\/infusiones\\\/piramite-20-rooibos\\\/#primaryimage\"},\"image\":{\"@id\":\"https:\\\/\\\/labarraca1912.es\\\/tienda\\\/infusiones\\\/piramite-20-rooibos\\\/#primaryimage\"},\"thumbnailUrl\":\"https:\\\/\\\/labarraca1912.es\\\/wp-content\\\/uploads\\\/2021\\\/11\\\/PiramiTe-20-Rooibos-con-Canela-y-Naranja-scaled.jpg\",\"datePublished\":\"2024-05-22T06:21:21+00:00\",\"dateModified\":\"2026-04-26T17:09:51+00:00\",\"description\":\"Infusi\u00f3n PiramiT\u00e9 Rooibos con Canela y Naranja en bolsitas piramidales. Sabor dulce y c\u00edtrico para disfrutar caliente o fr\u00edo, con aroma natural y calidad premium.\",\"breadcrumb\":{\"@id\":\"https:\\\/\\\/labarraca1912.es\\\/tienda\\\/infusiones\\\/piramite-20-rooibos\\\/#breadcrumb\"},\"inLanguage\":\"fr-FR\",\"potentialAction\":[{\"@type\":\"ReadAction\",\"target\":[\"https:\\\/\\\/labarraca1912.es\\\/tienda\\\/infusiones\\\/piramite-20-rooibos\\\/\"]}]},{\"@type\":\"ImageObject\",\"inLanguage\":\"fr-FR\",\"@id\":\"https:\\\/\\\/labarraca1912.es\\\/tienda\\\/infusiones\\\/piramite-20-rooibos\\\/#primaryimage\",\"url\":\"https:\\\/\\\/labarraca1912.es\\\/wp-content\\\/uploads\\\/2021\\\/11\\\/PiramiTe-20-Rooibos-con-Canela-y-Naranja-scaled.jpg\",\"contentUrl\":\"https:\\\/\\\/labarraca1912.es\\\/wp-content\\\/uploads\\\/2021\\\/11\\\/PiramiTe-20-Rooibos-con-Canela-y-Naranja-scaled.jpg\",\"width\":1920,\"height\":2560},{\"@type\":\"BreadcrumbList\",\"@id\":\"https:\\\/\\\/labarraca1912.es\\\/tienda\\\/infusiones\\\/piramite-20-rooibos\\\/#breadcrumb\",\"itemListElement\":[{\"@type\":\"ListItem\",\"position\":1,\"name\":\"La Barraca\",\"item\":\"https:\\\/\\\/labarraca1912.es\\\/\"},{\"@type\":\"ListItem\",\"position\":2,\"name\":\"Tienda\",\"item\":\"https:\\\/\\\/labarraca1912.es\\\/tienda\\\/\"},{\"@type\":\"ListItem\",\"position\":3,\"name\":\"PiramiT\u00e9 20 Rooibos con Canela y Naranja\"}]},{\"@type\":\"WebSite\",\"@id\":\"https:\\\/\\\/labarraca1912.es\\\/#website\",\"url\":\"https:\\\/\\\/labarraca1912.es\\\/\",\"name\":\"La Barraca\",\"description\":\"La Casa del Sabor\",\"publisher\":{\"@id\":\"https:\\\/\\\/labarraca1912.es\\\/#organization\"},\"potentialAction\":[{\"@type\":\"SearchAction\",\"target\":{\"@type\":\"EntryPoint\",\"urlTemplate\":\"https:\\\/\\\/labarraca1912.es\\\/?s={search_term_string}\"},\"query-input\":{\"@type\":\"PropertyValueSpecification\",\"valueRequired\":true,\"valueName\":\"search_term_string\"}}],\"inLanguage\":\"fr-FR\"},{\"@type\":\"Organization\",\"@id\":\"https:\\\/\\\/labarraca1912.es\\\/#organization\",\"name\":\"La Barraca 1912 Alimentacion\",\"url\":\"https:\\\/\\\/labarraca1912.es\\\/\",\"logo\":{\"@type\":\"ImageObject\",\"inLanguage\":\"fr-FR\",\"@id\":\"https:\\\/\\\/labarraca1912.es\\\/#\\\/schema\\\/logo\\\/image\\\/\",\"url\":\"https:\\\/\\\/labarraca1912.es\\\/wp-content\\\/uploads\\\/2019\\\/06\\\/logo-labarraca.png\",\"contentUrl\":\"https:\\\/\\\/labarraca1912.es\\\/wp-content\\\/uploads\\\/2019\\\/06\\\/logo-labarraca.png\",\"width\":2917,\"height\":1809,\"caption\":\"La Barraca 1912 Alimentacion\"},\"image\":{\"@id\":\"https:\\\/\\\/labarraca1912.es\\\/#\\\/schema\\\/logo\\\/image\\\/\"}}]}<\/script>\n<!-- \/ Yoast SEO plugin. -->","yoast_head_json":{"title":"Comprar PiramiT\u00e9 Rooibos Canela y Naranja | La Barraca","description":"Infusi\u00f3n PiramiT\u00e9 Rooibos con Canela y Naranja en bolsitas piramidales. Sabor dulce y c\u00edtrico para disfrutar caliente o fr\u00edo, con aroma natural y calidad premium.","robots":{"index":"index","follow":"follow","max-snippet":"max-snippet:-1","max-image-preview":"max-image-preview:large","max-video-preview":"max-video-preview:-1"},"canonical":"https:\/\/labarraca1912.es\/fr\/tienda\/infusiones\/piramite-20-rooibos\/","og_locale":"fr_FR","og_type":"article","og_title":"Comprar PiramiT\u00e9 Rooibos Canela y Naranja | La Barraca","og_description":"Infusi\u00f3n PiramiT\u00e9 Rooibos con Canela y Naranja en bolsitas piramidales. Sabor dulce y c\u00edtrico para disfrutar caliente o fr\u00edo, con aroma natural y calidad premium.","og_url":"https:\/\/labarraca1912.es\/fr\/tienda\/infusiones\/piramite-20-rooibos\/","og_site_name":"La Barraca","article_modified_time":"2026-04-26T17:09:51+00:00","og_image":[{"width":1920,"height":2560,"url":"https:\/\/labarraca1912.es\/wp-content\/uploads\/2021\/11\/PiramiTe-20-Rooibos-con-Canela-y-Naranja-scaled.jpg","type":"image\/jpeg"}],"twitter_card":"summary_large_image","twitter_misc":{"Dur\u00e9e de lecture estim\u00e9e":"1 minute"},"schema":{"@context":"https:\/\/schema.org","@graph":[{"@type":"WebPage","@id":"https:\/\/labarraca1912.es\/tienda\/infusiones\/piramite-20-rooibos\/","url":"https:\/\/labarraca1912.es\/tienda\/infusiones\/piramite-20-rooibos\/","name":"Comprar PiramiT\u00e9 Rooibos Canela y Naranja | La Barraca","isPartOf":{"@id":"https:\/\/labarraca1912.es\/#website"},"primaryImageOfPage":{"@id":"https:\/\/labarraca1912.es\/tienda\/infusiones\/piramite-20-rooibos\/#primaryimage"},"image":{"@id":"https:\/\/labarraca1912.es\/tienda\/infusiones\/piramite-20-rooibos\/#primaryimage"},"thumbnailUrl":"https:\/\/labarraca1912.es\/wp-content\/uploads\/2021\/11\/PiramiTe-20-Rooibos-con-Canela-y-Naranja-scaled.jpg","datePublished":"2024-05-22T06:21:21+00:00","dateModified":"2026-04-26T17:09:51+00:00","description":"Infusi\u00f3n PiramiT\u00e9 Rooibos con Canela y Naranja en bolsitas piramidales. Sabor dulce y c\u00edtrico para disfrutar caliente o fr\u00edo, con aroma natural y calidad premium.","breadcrumb":{"@id":"https:\/\/labarraca1912.es\/tienda\/infusiones\/piramite-20-rooibos\/#breadcrumb"},"inLanguage":"fr-FR","potentialAction":[{"@type":"ReadAction","target":["https:\/\/labarraca1912.es\/tienda\/infusiones\/piramite-20-rooibos\/"]}]},{"@type":"ImageObject","inLanguage":"fr-FR","@id":"https:\/\/labarraca1912.es\/tienda\/infusiones\/piramite-20-rooibos\/#primaryimage","url":"https:\/\/labarraca1912.es\/wp-content\/uploads\/2021\/11\/PiramiTe-20-Rooibos-con-Canela-y-Naranja-scaled.jpg","contentUrl":"https:\/\/labarraca1912.es\/wp-content\/uploads\/2021\/11\/PiramiTe-20-Rooibos-con-Canela-y-Naranja-scaled.jpg","width":1920,"height":2560},{"@type":"BreadcrumbList","@id":"https:\/\/labarraca1912.es\/tienda\/infusiones\/piramite-20-rooibos\/#breadcrumb","itemListElement":[{"@type":"ListItem","position":1,"name":"La Barraca","item":"https:\/\/labarraca1912.es\/"},{"@type":"ListItem","position":2,"name":"Tienda","item":"https:\/\/labarraca1912.es\/tienda\/"},{"@type":"ListItem","position":3,"name":"PiramiT\u00e9 20 Rooibos con Canela y Naranja"}]},{"@type":"WebSite","@id":"https:\/\/labarraca1912.es\/#website","url":"https:\/\/labarraca1912.es\/","name":"La Barraca","description":"La Casa del Sabor","publisher":{"@id":"https:\/\/labarraca1912.es\/#organization"},"potentialAction":[{"@type":"SearchAction","target":{"@type":"EntryPoint","urlTemplate":"https:\/\/labarraca1912.es\/?s={search_term_string}"},"query-input":{"@type":"PropertyValueSpecification","valueRequired":true,"valueName":"search_term_string"}}],"inLanguage":"fr-FR"},{"@type":"Organization","@id":"https:\/\/labarraca1912.es\/#organization","name":"La Barraca 1912 Alimentacion","url":"https:\/\/labarraca1912.es\/","logo":{"@type":"ImageObject","inLanguage":"fr-FR","@id":"https:\/\/labarraca1912.es\/#\/schema\/logo\/image\/","url":"https:\/\/labarraca1912.es\/wp-content\/uploads\/2019\/06\/logo-labarraca.png","contentUrl":"https:\/\/labarraca1912.es\/wp-content\/uploads\/2019\/06\/logo-labarraca.png","width":2917,"height":1809,"caption":"La Barraca 1912 Alimentacion"},"image":{"@id":"https:\/\/labarraca1912.es\/#\/schema\/logo\/image\/"}}]}},"_links":{"self":[{"href":"https:\/\/labarraca1912.es\/fr\/wp-json\/wp\/v2\/product\/10877","targetHints":{"allow":["GET"]}}],"collection":[{"href":"https:\/\/labarraca1912.es\/fr\/wp-json\/wp\/v2\/product"}],"about":[{"href":"https:\/\/labarraca1912.es\/fr\/wp-json\/wp\/v2\/types\/product"}],"replies":[{"embeddable":true,"href":"https:\/\/labarraca1912.es\/fr\/wp-json\/wp\/v2\/comments?post=10877"}],"wp:featuredmedia":[{"embeddable":true,"href":"https:\/\/labarraca1912.es\/fr\/wp-json\/wp\/v2\/media\/7317"}],"wp:attachment":[{"href":"https:\/\/labarraca1912.es\/fr\/wp-json\/wp\/v2\/media?parent=10877"}],"wp:term":[{"taxonomy":"product_brand","embeddable":true,"href":"https:\/\/labarraca1912.es\/fr\/wp-json\/wp\/v2\/product_brand?post=10877"},{"taxonomy":"product_cat","embeddable":true,"href":"https:\/\/labarraca1912.es\/fr\/wp-json\/wp\/v2\/product_cat?post=10877"},{"taxonomy":"product_tag","embeddable":true,"href":"https:\/\/labarraca1912.es\/fr\/wp-json\/wp\/v2\/product_tag?post=10877"}],"curies":[{"name":"wp","href":"https:\/\/api.w.org\/{rel}","templated":true}]}}