{"id":11782,"date":"2025-01-17T10:38:04","date_gmt":"2025-01-17T09:38:04","guid":{"rendered":"https:\/\/labarraca1912.es\/?post_type=product&#038;p=11782"},"modified":"2026-04-14T21:03:49","modified_gmt":"2026-04-14T19:03:49","slug":"coco-rallado","status":"publish","type":"product","link":"https:\/\/labarraca1912.es\/fr\/tienda\/pasteleria\/coco-rallado\/","title":{"rendered":"Coco Rallado 115g"},"content":{"rendered":"<p>COCO R\u00c2P\u00c9E: Fruits tropicaux r\u00e2p\u00e9s et d\u00e9shydrat\u00e9s.<\/p>\n<p><strong>Coco R\u00e2p\u00e9e:<\/strong> Il est principalement utilis\u00e9 dans les p\u00e2tisseries et les p\u00e2tisseries pour faire des glaces, des g\u00e2teaux et des tartes, bien qu'il soit \u00e9galement utilis\u00e9 dans les rago\u00fbts, les sauces de poisson, les viandes blanches, les crustac\u00e9s, les crevettes, le riz et les poivrons.<\/p>","protected":false},"excerpt":{"rendered":"<blockquote>\n<h2><strong>Coco R\u00e2p\u00e9e <\/strong>115g<\/h2>\n<\/blockquote>\n<p><img decoding=\"async\" class=\"alignnone wp-image-10937\" src=\"https:\/\/labarraca1912.es\/wp-content\/uploads\/glutenfree.jpg\" alt=\"\" width=\"203\" height=\"35\" \/><\/p>\n<p>Fruits tropicaux r\u00e2p\u00e9s et d\u00e9shydrat\u00e9s. Il est principalement utilis\u00e9 dans les p\u00e2tisseries et les p\u00e2tisseries pour faire des glaces, des g\u00e2teaux et des tartes, bien qu'il soit \u00e9galement utilis\u00e9 dans les rago\u00fbts, les sauces de poisson, les viandes blanches, les crustac\u00e9s, les crevettes, le riz et les poivrons.<\/p>\n<p><em><strong>Ingr\u00e9dients:<\/strong><\/em> Coco r\u00e2p\u00e9e.<\/p>","protected":false},"featured_media":11783,"comment_status":"open","ping_status":"closed","template":"","meta":{"_et_pb_use_builder":"","_et_pb_old_content":"","_et_gb_content_width":""},"product_brand":[],"product_cat":[21],"product_tag":[175,303,46,174,171],"class_list":{"0":"post-11782","1":"product","2":"type-product","3":"status-publish","4":"has-post-thumbnail","6":"product_cat-pasteleria","7":"product_tag-bizcocho","8":"product_tag-coco","9":"product_tag-pasteleria","10":"product_tag-polvo","11":"product_tag-reposteria","13":"first","14":"instock","15":"taxable","16":"shipping-taxable","17":"purchasable","18":"product-type-simple"},"yoast_head":"<!-- This site is optimized with the Yoast SEO plugin v27.4 - https:\/\/yoast.com\/product\/yoast-seo-wordpress\/ -->\n<title>Coco Rallado 115g - La Barraca<\/title>\n<meta name=\"description\" content=\"El Coco Rallado es usado en reposter\u00eda y pasteler\u00eda para la elaboraci\u00f3n de helados, pasteles y tartas, aunque tambi\u00e9n es utilizado en guisos.\" \/>\n<meta name=\"robots\" content=\"index, follow, max-snippet:-1, max-image-preview:large, max-video-preview:-1\" \/>\n<link rel=\"canonical\" href=\"https:\/\/labarraca1912.es\/fr\/tienda\/pasteleria\/coco-rallado\/\" \/>\n<meta property=\"og:locale\" content=\"fr_FR\" \/>\n<meta property=\"og:type\" content=\"article\" \/>\n<meta property=\"og:title\" content=\"Coco Rallado 115g - La Barraca\" \/>\n<meta property=\"og:description\" content=\"El Coco Rallado es usado en reposter\u00eda y pasteler\u00eda para la elaboraci\u00f3n de helados, pasteles y tartas, aunque tambi\u00e9n es utilizado en guisos.\" \/>\n<meta property=\"og:url\" content=\"https:\/\/labarraca1912.es\/fr\/tienda\/pasteleria\/coco-rallado\/\" \/>\n<meta property=\"og:site_name\" content=\"La Barraca\" \/>\n<meta property=\"article:modified_time\" content=\"2026-04-14T19:03:49+00:00\" \/>\n<meta property=\"og:image\" content=\"https:\/\/labarraca1912.es\/wp-content\/uploads\/cocoralladobm2025.jpg\" \/>\n\t<meta property=\"og:image:width\" content=\"800\" \/>\n\t<meta property=\"og:image:height\" content=\"800\" \/>\n\t<meta property=\"og:image:type\" content=\"image\/jpeg\" \/>\n<meta name=\"twitter:card\" content=\"summary_large_image\" \/>\n<meta name=\"twitter:label1\" content=\"Dur\u00e9e de lecture estim\u00e9e\" \/>\n\t<meta name=\"twitter:data1\" content=\"1 minute\" \/>\n<script type=\"application\/ld+json\" class=\"yoast-schema-graph\">{\"@context\":\"https:\\\/\\\/schema.org\",\"@graph\":[{\"@type\":\"WebPage\",\"@id\":\"https:\\\/\\\/labarraca1912.es\\\/tienda\\\/pasteleria\\\/coco-rallado\\\/\",\"url\":\"https:\\\/\\\/labarraca1912.es\\\/tienda\\\/pasteleria\\\/coco-rallado\\\/\",\"name\":\"Coco Rallado 115g - La Barraca\",\"isPartOf\":{\"@id\":\"https:\\\/\\\/labarraca1912.es\\\/#website\"},\"primaryImageOfPage\":{\"@id\":\"https:\\\/\\\/labarraca1912.es\\\/tienda\\\/pasteleria\\\/coco-rallado\\\/#primaryimage\"},\"image\":{\"@id\":\"https:\\\/\\\/labarraca1912.es\\\/tienda\\\/pasteleria\\\/coco-rallado\\\/#primaryimage\"},\"thumbnailUrl\":\"https:\\\/\\\/labarraca1912.es\\\/wp-content\\\/uploads\\\/cocoralladobm2025.jpg\",\"datePublished\":\"2025-01-17T09:38:04+00:00\",\"dateModified\":\"2026-04-14T19:03:49+00:00\",\"description\":\"El Coco Rallado es usado en reposter\u00eda y pasteler\u00eda para la elaboraci\u00f3n de helados, pasteles y tartas, aunque tambi\u00e9n es utilizado en guisos.\",\"breadcrumb\":{\"@id\":\"https:\\\/\\\/labarraca1912.es\\\/tienda\\\/pasteleria\\\/coco-rallado\\\/#breadcrumb\"},\"inLanguage\":\"fr-FR\",\"potentialAction\":[{\"@type\":\"ReadAction\",\"target\":[\"https:\\\/\\\/labarraca1912.es\\\/tienda\\\/pasteleria\\\/coco-rallado\\\/\"]}]},{\"@type\":\"ImageObject\",\"inLanguage\":\"fr-FR\",\"@id\":\"https:\\\/\\\/labarraca1912.es\\\/tienda\\\/pasteleria\\\/coco-rallado\\\/#primaryimage\",\"url\":\"https:\\\/\\\/labarraca1912.es\\\/wp-content\\\/uploads\\\/cocoralladobm2025.jpg\",\"contentUrl\":\"https:\\\/\\\/labarraca1912.es\\\/wp-content\\\/uploads\\\/cocoralladobm2025.jpg\",\"width\":800,\"height\":800},{\"@type\":\"BreadcrumbList\",\"@id\":\"https:\\\/\\\/labarraca1912.es\\\/tienda\\\/pasteleria\\\/coco-rallado\\\/#breadcrumb\",\"itemListElement\":[{\"@type\":\"ListItem\",\"position\":1,\"name\":\"La Barraca\",\"item\":\"https:\\\/\\\/labarraca1912.es\\\/\"},{\"@type\":\"ListItem\",\"position\":2,\"name\":\"Tienda\",\"item\":\"https:\\\/\\\/labarraca1912.es\\\/tienda\\\/\"},{\"@type\":\"ListItem\",\"position\":3,\"name\":\"Coco Rallado 115g\"}]},{\"@type\":\"WebSite\",\"@id\":\"https:\\\/\\\/labarraca1912.es\\\/#website\",\"url\":\"https:\\\/\\\/labarraca1912.es\\\/\",\"name\":\"La Barraca\",\"description\":\"La Casa del Sabor\",\"publisher\":{\"@id\":\"https:\\\/\\\/labarraca1912.es\\\/#organization\"},\"potentialAction\":[{\"@type\":\"SearchAction\",\"target\":{\"@type\":\"EntryPoint\",\"urlTemplate\":\"https:\\\/\\\/labarraca1912.es\\\/?s={search_term_string}\"},\"query-input\":{\"@type\":\"PropertyValueSpecification\",\"valueRequired\":true,\"valueName\":\"search_term_string\"}}],\"inLanguage\":\"fr-FR\"},{\"@type\":\"Organization\",\"@id\":\"https:\\\/\\\/labarraca1912.es\\\/#organization\",\"name\":\"La Barraca 1912 Alimentacion\",\"url\":\"https:\\\/\\\/labarraca1912.es\\\/\",\"logo\":{\"@type\":\"ImageObject\",\"inLanguage\":\"fr-FR\",\"@id\":\"https:\\\/\\\/labarraca1912.es\\\/#\\\/schema\\\/logo\\\/image\\\/\",\"url\":\"https:\\\/\\\/labarraca1912.es\\\/wp-content\\\/uploads\\\/2019\\\/06\\\/logo-labarraca.png\",\"contentUrl\":\"https:\\\/\\\/labarraca1912.es\\\/wp-content\\\/uploads\\\/2019\\\/06\\\/logo-labarraca.png\",\"width\":2917,\"height\":1809,\"caption\":\"La Barraca 1912 Alimentacion\"},\"image\":{\"@id\":\"https:\\\/\\\/labarraca1912.es\\\/#\\\/schema\\\/logo\\\/image\\\/\"}}]}<\/script>\n<!-- \/ Yoast SEO plugin. -->","yoast_head_json":{"title":"Coco Rallado 115g - La Barraca","description":"El Coco Rallado es usado en reposter\u00eda y pasteler\u00eda para la elaboraci\u00f3n de helados, pasteles y tartas, aunque tambi\u00e9n es utilizado en guisos.","robots":{"index":"index","follow":"follow","max-snippet":"max-snippet:-1","max-image-preview":"max-image-preview:large","max-video-preview":"max-video-preview:-1"},"canonical":"https:\/\/labarraca1912.es\/fr\/tienda\/pasteleria\/coco-rallado\/","og_locale":"fr_FR","og_type":"article","og_title":"Coco Rallado 115g - La Barraca","og_description":"El Coco Rallado es usado en reposter\u00eda y pasteler\u00eda para la elaboraci\u00f3n de helados, pasteles y tartas, aunque tambi\u00e9n es utilizado en guisos.","og_url":"https:\/\/labarraca1912.es\/fr\/tienda\/pasteleria\/coco-rallado\/","og_site_name":"La Barraca","article_modified_time":"2026-04-14T19:03:49+00:00","og_image":[{"width":800,"height":800,"url":"https:\/\/labarraca1912.es\/wp-content\/uploads\/cocoralladobm2025.jpg","type":"image\/jpeg"}],"twitter_card":"summary_large_image","twitter_misc":{"Dur\u00e9e de lecture estim\u00e9e":"1 minute"},"schema":{"@context":"https:\/\/schema.org","@graph":[{"@type":"WebPage","@id":"https:\/\/labarraca1912.es\/tienda\/pasteleria\/coco-rallado\/","url":"https:\/\/labarraca1912.es\/tienda\/pasteleria\/coco-rallado\/","name":"Coco Rallado 115g - La Barraca","isPartOf":{"@id":"https:\/\/labarraca1912.es\/#website"},"primaryImageOfPage":{"@id":"https:\/\/labarraca1912.es\/tienda\/pasteleria\/coco-rallado\/#primaryimage"},"image":{"@id":"https:\/\/labarraca1912.es\/tienda\/pasteleria\/coco-rallado\/#primaryimage"},"thumbnailUrl":"https:\/\/labarraca1912.es\/wp-content\/uploads\/cocoralladobm2025.jpg","datePublished":"2025-01-17T09:38:04+00:00","dateModified":"2026-04-14T19:03:49+00:00","description":"El Coco Rallado es usado en reposter\u00eda y pasteler\u00eda para la elaboraci\u00f3n de helados, pasteles y tartas, aunque tambi\u00e9n es utilizado en guisos.","breadcrumb":{"@id":"https:\/\/labarraca1912.es\/tienda\/pasteleria\/coco-rallado\/#breadcrumb"},"inLanguage":"fr-FR","potentialAction":[{"@type":"ReadAction","target":["https:\/\/labarraca1912.es\/tienda\/pasteleria\/coco-rallado\/"]}]},{"@type":"ImageObject","inLanguage":"fr-FR","@id":"https:\/\/labarraca1912.es\/tienda\/pasteleria\/coco-rallado\/#primaryimage","url":"https:\/\/labarraca1912.es\/wp-content\/uploads\/cocoralladobm2025.jpg","contentUrl":"https:\/\/labarraca1912.es\/wp-content\/uploads\/cocoralladobm2025.jpg","width":800,"height":800},{"@type":"BreadcrumbList","@id":"https:\/\/labarraca1912.es\/tienda\/pasteleria\/coco-rallado\/#breadcrumb","itemListElement":[{"@type":"ListItem","position":1,"name":"La Barraca","item":"https:\/\/labarraca1912.es\/"},{"@type":"ListItem","position":2,"name":"Tienda","item":"https:\/\/labarraca1912.es\/tienda\/"},{"@type":"ListItem","position":3,"name":"Coco Rallado 115g"}]},{"@type":"WebSite","@id":"https:\/\/labarraca1912.es\/#website","url":"https:\/\/labarraca1912.es\/","name":"La Barraca","description":"La Casa del Sabor","publisher":{"@id":"https:\/\/labarraca1912.es\/#organization"},"potentialAction":[{"@type":"SearchAction","target":{"@type":"EntryPoint","urlTemplate":"https:\/\/labarraca1912.es\/?s={search_term_string}"},"query-input":{"@type":"PropertyValueSpecification","valueRequired":true,"valueName":"search_term_string"}}],"inLanguage":"fr-FR"},{"@type":"Organization","@id":"https:\/\/labarraca1912.es\/#organization","name":"La Barraca 1912 Alimentacion","url":"https:\/\/labarraca1912.es\/","logo":{"@type":"ImageObject","inLanguage":"fr-FR","@id":"https:\/\/labarraca1912.es\/#\/schema\/logo\/image\/","url":"https:\/\/labarraca1912.es\/wp-content\/uploads\/2019\/06\/logo-labarraca.png","contentUrl":"https:\/\/labarraca1912.es\/wp-content\/uploads\/2019\/06\/logo-labarraca.png","width":2917,"height":1809,"caption":"La Barraca 1912 Alimentacion"},"image":{"@id":"https:\/\/labarraca1912.es\/#\/schema\/logo\/image\/"}}]}},"_links":{"self":[{"href":"https:\/\/labarraca1912.es\/fr\/wp-json\/wp\/v2\/product\/11782","targetHints":{"allow":["GET"]}}],"collection":[{"href":"https:\/\/labarraca1912.es\/fr\/wp-json\/wp\/v2\/product"}],"about":[{"href":"https:\/\/labarraca1912.es\/fr\/wp-json\/wp\/v2\/types\/product"}],"replies":[{"embeddable":true,"href":"https:\/\/labarraca1912.es\/fr\/wp-json\/wp\/v2\/comments?post=11782"}],"wp:featuredmedia":[{"embeddable":true,"href":"https:\/\/labarraca1912.es\/fr\/wp-json\/wp\/v2\/media\/11783"}],"wp:attachment":[{"href":"https:\/\/labarraca1912.es\/fr\/wp-json\/wp\/v2\/media?parent=11782"}],"wp:term":[{"taxonomy":"product_brand","embeddable":true,"href":"https:\/\/labarraca1912.es\/fr\/wp-json\/wp\/v2\/product_brand?post=11782"},{"taxonomy":"product_cat","embeddable":true,"href":"https:\/\/labarraca1912.es\/fr\/wp-json\/wp\/v2\/product_cat?post=11782"},{"taxonomy":"product_tag","embeddable":true,"href":"https:\/\/labarraca1912.es\/fr\/wp-json\/wp\/v2\/product_tag?post=11782"}],"curies":[{"name":"wp","href":"https:\/\/api.w.org\/{rel}","templated":true}]}}