{"id":11827,"date":"2025-01-28T09:04:08","date_gmt":"2025-01-28T08:04:08","guid":{"rendered":"https:\/\/labarraca1912.es\/?post_type=product&#038;p=11827"},"modified":"2026-03-15T17:33:28","modified_gmt":"2026-03-15T16:33:28","slug":"especiero-6-tc","status":"publish","type":"product","link":"https:\/\/labarraca1912.es\/fr\/tienda\/productos-complementarios\/especiero-6-tc\/","title":{"rendered":"\u00c9tag\u00e8re 6 Flacons en Verre"},"content":{"rendered":"<p>\u00c9TAG\u00c8RE 6 FLACONS EN VERRE: \u00c9tag\u00e8re \u00e0 \u00e9pices compos\u00e9e de 6 flacons en verre contenant les herbes, \u00e9pices et condiments les plus utilis\u00e9s dans la cuisine espagnole. C'est un produit parfait \u00e0 offrir ou \u00e0 avoir dans n'importe quelle cuisine, puisque sa grande vari\u00e9t\u00e9 de produits est applicable pour plusieurs repas, ainsi que son \u00e9tag\u00e8re \u00e0 \u00e9pices pour garder les bocaux parfaitement organis\u00e9s.<\/p>\n<p><strong>Ail en Grain:<\/strong>\u00a0Una forma f\u00e1cil y limpia de utilizar el ajo en tus comidas. En polvo, granulado, astillado&#8230; como mejor se adapte a tu receta.<\/p>\n<p><strong>Colorant Alimentaire:<\/strong>\u00a0Il ajoute de la couleur et de la saveur aux aliments, utilis\u00e9 dans le riz, les soupes et les rago\u00fbts.<\/p>\n<p><strong>Origan:<\/strong>\u00a0Vinaigrette appropri\u00e9e pour pizzas, p\u00e2tes, viandes grill\u00e9es, marinade d'olives. Une utilisation mod\u00e9r\u00e9e est recommand\u00e9e en raison de son ar\u00f4me intense.<\/p>\n<p><strong>Piment Doux:<\/strong>\u00a0Broyer le poivron rouge. Il donne une teinte rouge\u00e2tre, une saveur et un ar\u00f4me caract\u00e9ristique aux aliments.<\/p>\n<p><strong>Persil:<\/strong>\u00a0C'est l'herbe la plus utilis\u00e9e au monde, en raison de sa saveur et de son ar\u00f4me discrets. Il est utilis\u00e9 dans le riz, les soupes, les fruits de mer, les r\u00f4tis, les sauces et les jus.<\/p>\n<p><strong>Poivre Noir Moulu:<\/strong>\u00a0Es el grano maduro de la pimienta. Usada en multitud de guisos, as\u00ed como en carnes asadas o a la parrilla, sopas, adobados&#8230;<\/p>","protected":false},"excerpt":{"rendered":"<blockquote>\n<h2><strong>\u00c9tag\u00e8re<\/strong> 6 Flacons en Verre<\/h2>\n<\/blockquote>\n<p>\u00c9tag\u00e8re \u00e0 \u00e9pices compos\u00e9e de 6 flacons en verre contenant les herbes, \u00e9pices et condiments les plus utilis\u00e9s dans la cuisine espagnole. C'est un produit parfait \u00e0 offrir ou \u00e0 avoir dans n'importe quelle cuisine, puisque sa grande vari\u00e9t\u00e9 de produits est applicable pour plusieurs repas, ainsi que son \u00e9tag\u00e8re \u00e0 \u00e9pices pour garder les bocaux parfaitement organis\u00e9s.<\/p>\n<p><em><strong>PACK COMPOS\u00c9 DE:<\/strong><\/em><\/p>\n<ul>\n<li><strong>Ail en Grain 50g<\/strong>\n<ul>\n<li><em><strong>Ingr\u00e9dients:<\/strong><\/em>\u00a0Ail en grain. Peut contenir des traces de\u00a0<strong>SULFITES et ARACHIDE.<\/strong>\u00a0Fermez herm\u00e9tiquement le r\u00e9cipient pour \u00e9viter qu'il ne s'agglutine.<\/li>\n<\/ul>\n<\/li>\n<li><strong>Colorant Alimentaire 50g<\/strong>\n<ul>\n<li><em><strong>Ingr\u00e9dients:<\/strong>\u00a0<\/em>Farine de ma\u00efs, sel et colorant : Tartrazine E-102. Peut contenir des traces de\u00a0<strong>SOJA<\/strong>. \u201cColorante E-102: puede tener efectos negativos sobre la actividad y la atenci\u00f3n de los ni\u00f1os\u201d.<\/li>\n<\/ul>\n<\/li>\n<li><strong>Origan 8g<\/strong>\n<ul>\n<li><em><strong>Ingr\u00e9dients:<\/strong><\/em>\u00a0Origan feuilles.<\/li>\n<\/ul>\n<\/li>\n<\/ul>\n<ul>\n<li><strong>Piment Doux 40g<\/strong>\n<ul>\n<li><em><strong>Ingr\u00e9dients:<\/strong><\/em>\u00a0Piment doux.<\/li>\n<\/ul>\n<\/li>\n<li><strong>Persil 10g<\/strong>\n<ul>\n<li><em><strong>Ingr\u00e9dients:<\/strong><\/em>\u00a0Persil feuilles. Peut contenir des traces de\u00a0<strong>C\u00c9LERI, GLUTEN et MOUTARDE.<\/strong><\/li>\n<\/ul>\n<\/li>\n<li><strong>Poivre Noir Moulu 40g<\/strong>\n<ul>\n<li><em><strong>Ingr\u00e9dients:<\/strong><\/em>\u00a0Poivre noir moulu.<\/li>\n<\/ul>\n<\/li>\n<\/ul>","protected":false},"featured_media":11837,"comment_status":"open","ping_status":"closed","template":"","meta":{"_et_pb_use_builder":"","_et_pb_old_content":"","_et_gb_content_width":""},"product_brand":[],"product_cat":[215,15],"product_tag":[67,66,68,50,69],"class_list":{"0":"post-11827","1":"product","2":"type-product","3":"status-publish","4":"has-post-thumbnail","6":"product_cat-packs-regalo","7":"product_cat-productos-complementarios","8":"product_tag-carne","9":"product_tag-molinillos","10":"product_tag-pescado","11":"product_tag-pimienta","12":"product_tag-pimientas","14":"first","15":"instock","16":"sale","17":"taxable","18":"shipping-taxable","19":"purchasable","20":"product-type-simple"},"yoast_head":"<!-- This site is optimized with the Yoast SEO plugin v27.4 - https:\/\/yoast.com\/product\/yoast-seo-wordpress\/ -->\n<title>Especiero 6 Tarros de Cristal - La Barraca<\/title>\n<meta name=\"robots\" content=\"index, follow, max-snippet:-1, max-image-preview:large, max-video-preview:-1\" \/>\n<link rel=\"canonical\" href=\"https:\/\/labarraca1912.es\/fr\/tienda\/productos-complementarios\/especiero-6-tc\/\" \/>\n<meta property=\"og:locale\" content=\"fr_FR\" \/>\n<meta property=\"og:type\" content=\"article\" \/>\n<meta property=\"og:title\" content=\"Especiero 6 Tarros de Cristal - La Barraca\" \/>\n<meta property=\"og:description\" content=\"Especiero 6 Tarros de Cristal  Especiero de cart\u00f3n compuesto por 6 tarros de cristal con las hierbas, especias y condimentos m\u00e1s usados en la cocina espa\u00f1ola. Se trata de un producto perfecto para regalar o para tener en cualquier cocina, puesto que a su gran variedad de productos es aplicable para m\u00faltiples comidas, as\u00ed como su especiero para tener los tarros perfectamente ordenados.  PACK COMPUESTO DE:   Ajo Granulado 50g   Ingredientes:\u00a0Ajo granulado. Puede contener trazas de\u00a0SULFITOS y CACAHUETES.\u00a0Cerrar bien el envase para evitar que se apelmace.    Colorante Alimentario 50g   Ingredientes:\u00a0Harina de ma\u00edz, sal y colorante: Tartrazina E-102. Puede contener trazas de\u00a0SOJA. \u201cColorante E-102: puede tener efectos negativos sobre la actividad y la atenci\u00f3n de los ni\u00f1os\u201d.    Or\u00e9gano 8g   Ingredientes:\u00a0Or\u00e9gano hoja.      Piment\u00f3n Dulce 40g   Ingredientes:\u00a0Piment\u00f3n dulce.    Perejil 10g   Ingredientes:\u00a0Perejil hoja. Puede contener trazas de\u00a0APIO, GLUTEN y MOSTAZA.    Pimienta Negra Molida 40g   Ingredientes:\u00a0Pimienta negra molida.\" \/>\n<meta property=\"og:url\" content=\"https:\/\/labarraca1912.es\/fr\/tienda\/productos-complementarios\/especiero-6-tc\/\" \/>\n<meta property=\"og:site_name\" content=\"La Barraca\" \/>\n<meta property=\"article:modified_time\" content=\"2026-03-15T16:33:28+00:00\" \/>\n<meta property=\"og:image\" content=\"https:\/\/labarraca1912.es\/wp-content\/uploads\/especiero6tc.jpg\" \/>\n\t<meta property=\"og:image:width\" content=\"800\" \/>\n\t<meta property=\"og:image:height\" content=\"800\" \/>\n\t<meta property=\"og:image:type\" content=\"image\/jpeg\" \/>\n<meta name=\"twitter:card\" content=\"summary_large_image\" \/>\n<meta name=\"twitter:label1\" content=\"Dur\u00e9e de lecture estim\u00e9e\" \/>\n\t<meta name=\"twitter:data1\" content=\"2 minutes\" \/>\n<script type=\"application\/ld+json\" class=\"yoast-schema-graph\">{\"@context\":\"https:\\\/\\\/schema.org\",\"@graph\":[{\"@type\":\"WebPage\",\"@id\":\"https:\\\/\\\/labarraca1912.es\\\/tienda\\\/productos-complementarios\\\/especiero-6-tc\\\/\",\"url\":\"https:\\\/\\\/labarraca1912.es\\\/tienda\\\/productos-complementarios\\\/especiero-6-tc\\\/\",\"name\":\"Especiero 6 Tarros de Cristal - La Barraca\",\"isPartOf\":{\"@id\":\"https:\\\/\\\/labarraca1912.es\\\/#website\"},\"primaryImageOfPage\":{\"@id\":\"https:\\\/\\\/labarraca1912.es\\\/tienda\\\/productos-complementarios\\\/especiero-6-tc\\\/#primaryimage\"},\"image\":{\"@id\":\"https:\\\/\\\/labarraca1912.es\\\/tienda\\\/productos-complementarios\\\/especiero-6-tc\\\/#primaryimage\"},\"thumbnailUrl\":\"https:\\\/\\\/labarraca1912.es\\\/wp-content\\\/uploads\\\/especiero6tc.jpg\",\"datePublished\":\"2025-01-28T08:04:08+00:00\",\"dateModified\":\"2026-03-15T16:33:28+00:00\",\"breadcrumb\":{\"@id\":\"https:\\\/\\\/labarraca1912.es\\\/tienda\\\/productos-complementarios\\\/especiero-6-tc\\\/#breadcrumb\"},\"inLanguage\":\"fr-FR\",\"potentialAction\":[{\"@type\":\"ReadAction\",\"target\":[\"https:\\\/\\\/labarraca1912.es\\\/tienda\\\/productos-complementarios\\\/especiero-6-tc\\\/\"]}]},{\"@type\":\"ImageObject\",\"inLanguage\":\"fr-FR\",\"@id\":\"https:\\\/\\\/labarraca1912.es\\\/tienda\\\/productos-complementarios\\\/especiero-6-tc\\\/#primaryimage\",\"url\":\"https:\\\/\\\/labarraca1912.es\\\/wp-content\\\/uploads\\\/especiero6tc.jpg\",\"contentUrl\":\"https:\\\/\\\/labarraca1912.es\\\/wp-content\\\/uploads\\\/especiero6tc.jpg\",\"width\":800,\"height\":800},{\"@type\":\"BreadcrumbList\",\"@id\":\"https:\\\/\\\/labarraca1912.es\\\/tienda\\\/productos-complementarios\\\/especiero-6-tc\\\/#breadcrumb\",\"itemListElement\":[{\"@type\":\"ListItem\",\"position\":1,\"name\":\"La Barraca\",\"item\":\"https:\\\/\\\/labarraca1912.es\\\/\"},{\"@type\":\"ListItem\",\"position\":2,\"name\":\"Tienda\",\"item\":\"https:\\\/\\\/labarraca1912.es\\\/tienda\\\/\"},{\"@type\":\"ListItem\",\"position\":3,\"name\":\"Especiero 6 Tarros de Cristal\"}]},{\"@type\":\"WebSite\",\"@id\":\"https:\\\/\\\/labarraca1912.es\\\/#website\",\"url\":\"https:\\\/\\\/labarraca1912.es\\\/\",\"name\":\"La Barraca\",\"description\":\"La Casa del Sabor\",\"publisher\":{\"@id\":\"https:\\\/\\\/labarraca1912.es\\\/#organization\"},\"potentialAction\":[{\"@type\":\"SearchAction\",\"target\":{\"@type\":\"EntryPoint\",\"urlTemplate\":\"https:\\\/\\\/labarraca1912.es\\\/?s={search_term_string}\"},\"query-input\":{\"@type\":\"PropertyValueSpecification\",\"valueRequired\":true,\"valueName\":\"search_term_string\"}}],\"inLanguage\":\"fr-FR\"},{\"@type\":\"Organization\",\"@id\":\"https:\\\/\\\/labarraca1912.es\\\/#organization\",\"name\":\"La Barraca 1912 Alimentacion\",\"url\":\"https:\\\/\\\/labarraca1912.es\\\/\",\"logo\":{\"@type\":\"ImageObject\",\"inLanguage\":\"fr-FR\",\"@id\":\"https:\\\/\\\/labarraca1912.es\\\/#\\\/schema\\\/logo\\\/image\\\/\",\"url\":\"https:\\\/\\\/labarraca1912.es\\\/wp-content\\\/uploads\\\/2019\\\/06\\\/logo-labarraca.png\",\"contentUrl\":\"https:\\\/\\\/labarraca1912.es\\\/wp-content\\\/uploads\\\/2019\\\/06\\\/logo-labarraca.png\",\"width\":2917,\"height\":1809,\"caption\":\"La Barraca 1912 Alimentacion\"},\"image\":{\"@id\":\"https:\\\/\\\/labarraca1912.es\\\/#\\\/schema\\\/logo\\\/image\\\/\"}}]}<\/script>\n<!-- \/ Yoast SEO plugin. -->","yoast_head_json":{"title":"Especiero 6 Tarros de Cristal - La Barraca","robots":{"index":"index","follow":"follow","max-snippet":"max-snippet:-1","max-image-preview":"max-image-preview:large","max-video-preview":"max-video-preview:-1"},"canonical":"https:\/\/labarraca1912.es\/fr\/tienda\/productos-complementarios\/especiero-6-tc\/","og_locale":"fr_FR","og_type":"article","og_title":"Especiero 6 Tarros de Cristal - La Barraca","og_description":"Especiero 6 Tarros de Cristal  Especiero de cart\u00f3n compuesto por 6 tarros de cristal con las hierbas, especias y condimentos m\u00e1s usados en la cocina espa\u00f1ola. Se trata de un producto perfecto para regalar o para tener en cualquier cocina, puesto que a su gran variedad de productos es aplicable para m\u00faltiples comidas, as\u00ed como su especiero para tener los tarros perfectamente ordenados.  PACK COMPUESTO DE:   Ajo Granulado 50g   Ingredientes:\u00a0Ajo granulado. Puede contener trazas de\u00a0SULFITOS y CACAHUETES.\u00a0Cerrar bien el envase para evitar que se apelmace.    Colorante Alimentario 50g   Ingredientes:\u00a0Harina de ma\u00edz, sal y colorante: Tartrazina E-102. Puede contener trazas de\u00a0SOJA. \u201cColorante E-102: puede tener efectos negativos sobre la actividad y la atenci\u00f3n de los ni\u00f1os\u201d.    Or\u00e9gano 8g   Ingredientes:\u00a0Or\u00e9gano hoja.      Piment\u00f3n Dulce 40g   Ingredientes:\u00a0Piment\u00f3n dulce.    Perejil 10g   Ingredientes:\u00a0Perejil hoja. Puede contener trazas de\u00a0APIO, GLUTEN y MOSTAZA.    Pimienta Negra Molida 40g   Ingredientes:\u00a0Pimienta negra molida.","og_url":"https:\/\/labarraca1912.es\/fr\/tienda\/productos-complementarios\/especiero-6-tc\/","og_site_name":"La Barraca","article_modified_time":"2026-03-15T16:33:28+00:00","og_image":[{"width":800,"height":800,"url":"https:\/\/labarraca1912.es\/wp-content\/uploads\/especiero6tc.jpg","type":"image\/jpeg"}],"twitter_card":"summary_large_image","twitter_misc":{"Dur\u00e9e de lecture estim\u00e9e":"2 minutes"},"schema":{"@context":"https:\/\/schema.org","@graph":[{"@type":"WebPage","@id":"https:\/\/labarraca1912.es\/tienda\/productos-complementarios\/especiero-6-tc\/","url":"https:\/\/labarraca1912.es\/tienda\/productos-complementarios\/especiero-6-tc\/","name":"Especiero 6 Tarros de Cristal - La Barraca","isPartOf":{"@id":"https:\/\/labarraca1912.es\/#website"},"primaryImageOfPage":{"@id":"https:\/\/labarraca1912.es\/tienda\/productos-complementarios\/especiero-6-tc\/#primaryimage"},"image":{"@id":"https:\/\/labarraca1912.es\/tienda\/productos-complementarios\/especiero-6-tc\/#primaryimage"},"thumbnailUrl":"https:\/\/labarraca1912.es\/wp-content\/uploads\/especiero6tc.jpg","datePublished":"2025-01-28T08:04:08+00:00","dateModified":"2026-03-15T16:33:28+00:00","breadcrumb":{"@id":"https:\/\/labarraca1912.es\/tienda\/productos-complementarios\/especiero-6-tc\/#breadcrumb"},"inLanguage":"fr-FR","potentialAction":[{"@type":"ReadAction","target":["https:\/\/labarraca1912.es\/tienda\/productos-complementarios\/especiero-6-tc\/"]}]},{"@type":"ImageObject","inLanguage":"fr-FR","@id":"https:\/\/labarraca1912.es\/tienda\/productos-complementarios\/especiero-6-tc\/#primaryimage","url":"https:\/\/labarraca1912.es\/wp-content\/uploads\/especiero6tc.jpg","contentUrl":"https:\/\/labarraca1912.es\/wp-content\/uploads\/especiero6tc.jpg","width":800,"height":800},{"@type":"BreadcrumbList","@id":"https:\/\/labarraca1912.es\/tienda\/productos-complementarios\/especiero-6-tc\/#breadcrumb","itemListElement":[{"@type":"ListItem","position":1,"name":"La Barraca","item":"https:\/\/labarraca1912.es\/"},{"@type":"ListItem","position":2,"name":"Tienda","item":"https:\/\/labarraca1912.es\/tienda\/"},{"@type":"ListItem","position":3,"name":"Especiero 6 Tarros de Cristal"}]},{"@type":"WebSite","@id":"https:\/\/labarraca1912.es\/#website","url":"https:\/\/labarraca1912.es\/","name":"La Barraca","description":"La Casa del Sabor","publisher":{"@id":"https:\/\/labarraca1912.es\/#organization"},"potentialAction":[{"@type":"SearchAction","target":{"@type":"EntryPoint","urlTemplate":"https:\/\/labarraca1912.es\/?s={search_term_string}"},"query-input":{"@type":"PropertyValueSpecification","valueRequired":true,"valueName":"search_term_string"}}],"inLanguage":"fr-FR"},{"@type":"Organization","@id":"https:\/\/labarraca1912.es\/#organization","name":"La Barraca 1912 Alimentacion","url":"https:\/\/labarraca1912.es\/","logo":{"@type":"ImageObject","inLanguage":"fr-FR","@id":"https:\/\/labarraca1912.es\/#\/schema\/logo\/image\/","url":"https:\/\/labarraca1912.es\/wp-content\/uploads\/2019\/06\/logo-labarraca.png","contentUrl":"https:\/\/labarraca1912.es\/wp-content\/uploads\/2019\/06\/logo-labarraca.png","width":2917,"height":1809,"caption":"La Barraca 1912 Alimentacion"},"image":{"@id":"https:\/\/labarraca1912.es\/#\/schema\/logo\/image\/"}}]}},"_links":{"self":[{"href":"https:\/\/labarraca1912.es\/fr\/wp-json\/wp\/v2\/product\/11827","targetHints":{"allow":["GET"]}}],"collection":[{"href":"https:\/\/labarraca1912.es\/fr\/wp-json\/wp\/v2\/product"}],"about":[{"href":"https:\/\/labarraca1912.es\/fr\/wp-json\/wp\/v2\/types\/product"}],"replies":[{"embeddable":true,"href":"https:\/\/labarraca1912.es\/fr\/wp-json\/wp\/v2\/comments?post=11827"}],"wp:featuredmedia":[{"embeddable":true,"href":"https:\/\/labarraca1912.es\/fr\/wp-json\/wp\/v2\/media\/11837"}],"wp:attachment":[{"href":"https:\/\/labarraca1912.es\/fr\/wp-json\/wp\/v2\/media?parent=11827"}],"wp:term":[{"taxonomy":"product_brand","embeddable":true,"href":"https:\/\/labarraca1912.es\/fr\/wp-json\/wp\/v2\/product_brand?post=11827"},{"taxonomy":"product_cat","embeddable":true,"href":"https:\/\/labarraca1912.es\/fr\/wp-json\/wp\/v2\/product_cat?post=11827"},{"taxonomy":"product_tag","embeddable":true,"href":"https:\/\/labarraca1912.es\/fr\/wp-json\/wp\/v2\/product_tag?post=11827"}],"curies":[{"name":"wp","href":"https:\/\/api.w.org\/{rel}","templated":true}]}}