{"id":11883,"date":"2025-02-04T09:15:03","date_gmt":"2025-02-04T08:15:03","guid":{"rendered":"https:\/\/labarraca1912.es\/?post_type=product&#038;p=11883"},"modified":"2026-04-16T12:33:29","modified_gmt":"2026-04-16T10:33:29","slug":"rosa-petalos","status":"publish","type":"product","link":"https:\/\/labarraca1912.es\/fr\/tienda\/botanicos-cocteles\/rosa-petalos\/","title":{"rendered":"P\u00e9tales de Rose 30g"},"content":{"rendered":"<p>ROSA EN P\u00c9TALOS &#8211; 30G: Pertenece a la familia\u00a0rosaceae, y es a su flor a la que se le denomina rosa, y rosal a la planta la cual puede dar flores en racimo o de forma solitaria.<\/p>\n<p><strong>P\u00e9tales de Rose: <\/strong>Il peut \u00eatre utilis\u00e9 pour infuser et obtenir des ar\u00f4mes de rose, comme inclusion dans des p\u00e2tes comme les produits de boulangerie ou comme d\u00e9coration pour apporter couleur et texture. Il peut \u00e9galement \u00eatre utilis\u00e9 dans des salades ou des cocktails.<\/p>","protected":false},"excerpt":{"rendered":"<blockquote>\n<h2><strong>P\u00e9tales de Rose <\/strong>30g<\/h2>\n<\/blockquote>\n<p>Il appartient \u00e0 la famille des Rosac\u00e9es, et c'est sa fleur qu'on appelle rose, et le rosier est la plante qui peut produire des fleurs en grappe ou solitaires. Il peut \u00eatre utilis\u00e9 pour infuser et obtenir des ar\u00f4mes de rose, comme inclusion dans des p\u00e2tes comme les produits de boulangerie ou comme d\u00e9coration pour apporter couleur et texture. Il peut \u00e9galement \u00eatre utilis\u00e9 dans des salades ou des cocktails.<\/p>\n<p><em><strong>Ingr\u00e9dients:<\/strong><\/em> P\u00e9tales de rose.<\/p>","protected":false},"featured_media":11877,"comment_status":"open","ping_status":"closed","template":"","meta":{"_et_pb_use_builder":"","_et_pb_old_content":"","_et_gb_content_width":""},"product_brand":[],"product_cat":[24],"product_tag":[27,137,45,139,136],"class_list":{"0":"post-11883","1":"product","2":"type-product","3":"status-publish","4":"has-post-thumbnail","6":"product_cat-botanicos-cocteles","7":"product_tag-botanicos","8":"product_tag-coctel","9":"product_tag-infusion","10":"product_tag-petalos","11":"product_tag-rosa","13":"first","14":"instock","15":"taxable","16":"shipping-taxable","17":"purchasable","18":"product-type-simple"},"yoast_head":"<!-- This site is optimized with the Yoast SEO plugin v27.4 - https:\/\/yoast.com\/product\/yoast-seo-wordpress\/ -->\n<title>Rosa en P\u00e9talos 30g - La Barraca<\/title>\n<meta name=\"description\" content=\"La Rosa en P\u00e9talos es usada en infusi\u00f3n y obtener aromas propios de la\u00a0rosa, en masas c\u00f3mo productos de panader\u00eda o c\u00f3mo decoraci\u00f3n.\" \/>\n<meta name=\"robots\" content=\"index, follow, max-snippet:-1, max-image-preview:large, max-video-preview:-1\" \/>\n<link rel=\"canonical\" href=\"https:\/\/labarraca1912.es\/fr\/tienda\/botanicos-cocteles\/rosa-petalos\/\" \/>\n<meta property=\"og:locale\" content=\"fr_FR\" \/>\n<meta property=\"og:type\" content=\"article\" \/>\n<meta property=\"og:title\" content=\"Rosa en P\u00e9talos 30g - La Barraca\" \/>\n<meta property=\"og:description\" content=\"La Rosa en P\u00e9talos es usada en infusi\u00f3n y obtener aromas propios de la\u00a0rosa, en masas c\u00f3mo productos de panader\u00eda o c\u00f3mo decoraci\u00f3n.\" \/>\n<meta property=\"og:url\" content=\"https:\/\/labarraca1912.es\/fr\/tienda\/botanicos-cocteles\/rosa-petalos\/\" \/>\n<meta property=\"og:site_name\" content=\"La Barraca\" \/>\n<meta property=\"article:modified_time\" content=\"2026-04-16T10:33:29+00:00\" \/>\n<meta property=\"og:image\" content=\"https:\/\/labarraca1912.es\/wp-content\/uploads\/rosaenpetalosbm2025.jpg\" \/>\n\t<meta property=\"og:image:width\" content=\"800\" \/>\n\t<meta property=\"og:image:height\" content=\"800\" \/>\n\t<meta property=\"og:image:type\" content=\"image\/jpeg\" \/>\n<meta name=\"twitter:card\" content=\"summary_large_image\" \/>\n<meta name=\"twitter:label1\" content=\"Dur\u00e9e de lecture estim\u00e9e\" \/>\n\t<meta name=\"twitter:data1\" content=\"1 minute\" \/>\n<script type=\"application\/ld+json\" class=\"yoast-schema-graph\">{\"@context\":\"https:\\\/\\\/schema.org\",\"@graph\":[{\"@type\":\"WebPage\",\"@id\":\"https:\\\/\\\/labarraca1912.es\\\/tienda\\\/botanicos-cocteles\\\/rosa-petalos\\\/\",\"url\":\"https:\\\/\\\/labarraca1912.es\\\/tienda\\\/botanicos-cocteles\\\/rosa-petalos\\\/\",\"name\":\"Rosa en P\u00e9talos 30g - La Barraca\",\"isPartOf\":{\"@id\":\"https:\\\/\\\/labarraca1912.es\\\/#website\"},\"primaryImageOfPage\":{\"@id\":\"https:\\\/\\\/labarraca1912.es\\\/tienda\\\/botanicos-cocteles\\\/rosa-petalos\\\/#primaryimage\"},\"image\":{\"@id\":\"https:\\\/\\\/labarraca1912.es\\\/tienda\\\/botanicos-cocteles\\\/rosa-petalos\\\/#primaryimage\"},\"thumbnailUrl\":\"https:\\\/\\\/labarraca1912.es\\\/wp-content\\\/uploads\\\/rosaenpetalosbm2025.jpg\",\"datePublished\":\"2025-02-04T08:15:03+00:00\",\"dateModified\":\"2026-04-16T10:33:29+00:00\",\"description\":\"La Rosa en P\u00e9talos es usada en infusi\u00f3n y obtener aromas propios de la\u00a0rosa, en masas c\u00f3mo productos de panader\u00eda o c\u00f3mo decoraci\u00f3n.\",\"breadcrumb\":{\"@id\":\"https:\\\/\\\/labarraca1912.es\\\/tienda\\\/botanicos-cocteles\\\/rosa-petalos\\\/#breadcrumb\"},\"inLanguage\":\"fr-FR\",\"potentialAction\":[{\"@type\":\"ReadAction\",\"target\":[\"https:\\\/\\\/labarraca1912.es\\\/tienda\\\/botanicos-cocteles\\\/rosa-petalos\\\/\"]}]},{\"@type\":\"ImageObject\",\"inLanguage\":\"fr-FR\",\"@id\":\"https:\\\/\\\/labarraca1912.es\\\/tienda\\\/botanicos-cocteles\\\/rosa-petalos\\\/#primaryimage\",\"url\":\"https:\\\/\\\/labarraca1912.es\\\/wp-content\\\/uploads\\\/rosaenpetalosbm2025.jpg\",\"contentUrl\":\"https:\\\/\\\/labarraca1912.es\\\/wp-content\\\/uploads\\\/rosaenpetalosbm2025.jpg\",\"width\":800,\"height\":800},{\"@type\":\"BreadcrumbList\",\"@id\":\"https:\\\/\\\/labarraca1912.es\\\/tienda\\\/botanicos-cocteles\\\/rosa-petalos\\\/#breadcrumb\",\"itemListElement\":[{\"@type\":\"ListItem\",\"position\":1,\"name\":\"La Barraca\",\"item\":\"https:\\\/\\\/labarraca1912.es\\\/\"},{\"@type\":\"ListItem\",\"position\":2,\"name\":\"Tienda\",\"item\":\"https:\\\/\\\/labarraca1912.es\\\/tienda\\\/\"},{\"@type\":\"ListItem\",\"position\":3,\"name\":\"Rosa en P\u00e9talos 30g\"}]},{\"@type\":\"WebSite\",\"@id\":\"https:\\\/\\\/labarraca1912.es\\\/#website\",\"url\":\"https:\\\/\\\/labarraca1912.es\\\/\",\"name\":\"La Barraca\",\"description\":\"La Casa del Sabor\",\"publisher\":{\"@id\":\"https:\\\/\\\/labarraca1912.es\\\/#organization\"},\"potentialAction\":[{\"@type\":\"SearchAction\",\"target\":{\"@type\":\"EntryPoint\",\"urlTemplate\":\"https:\\\/\\\/labarraca1912.es\\\/?s={search_term_string}\"},\"query-input\":{\"@type\":\"PropertyValueSpecification\",\"valueRequired\":true,\"valueName\":\"search_term_string\"}}],\"inLanguage\":\"fr-FR\"},{\"@type\":\"Organization\",\"@id\":\"https:\\\/\\\/labarraca1912.es\\\/#organization\",\"name\":\"La Barraca 1912 Alimentacion\",\"url\":\"https:\\\/\\\/labarraca1912.es\\\/\",\"logo\":{\"@type\":\"ImageObject\",\"inLanguage\":\"fr-FR\",\"@id\":\"https:\\\/\\\/labarraca1912.es\\\/#\\\/schema\\\/logo\\\/image\\\/\",\"url\":\"https:\\\/\\\/labarraca1912.es\\\/wp-content\\\/uploads\\\/2019\\\/06\\\/logo-labarraca.png\",\"contentUrl\":\"https:\\\/\\\/labarraca1912.es\\\/wp-content\\\/uploads\\\/2019\\\/06\\\/logo-labarraca.png\",\"width\":2917,\"height\":1809,\"caption\":\"La Barraca 1912 Alimentacion\"},\"image\":{\"@id\":\"https:\\\/\\\/labarraca1912.es\\\/#\\\/schema\\\/logo\\\/image\\\/\"}}]}<\/script>\n<!-- \/ Yoast SEO plugin. -->","yoast_head_json":{"title":"Rosa en P\u00e9talos 30g - La Barraca","description":"La Rosa en P\u00e9talos es usada en infusi\u00f3n y obtener aromas propios de la\u00a0rosa, en masas c\u00f3mo productos de panader\u00eda o c\u00f3mo decoraci\u00f3n.","robots":{"index":"index","follow":"follow","max-snippet":"max-snippet:-1","max-image-preview":"max-image-preview:large","max-video-preview":"max-video-preview:-1"},"canonical":"https:\/\/labarraca1912.es\/fr\/tienda\/botanicos-cocteles\/rosa-petalos\/","og_locale":"fr_FR","og_type":"article","og_title":"Rosa en P\u00e9talos 30g - La Barraca","og_description":"La Rosa en P\u00e9talos es usada en infusi\u00f3n y obtener aromas propios de la\u00a0rosa, en masas c\u00f3mo productos de panader\u00eda o c\u00f3mo decoraci\u00f3n.","og_url":"https:\/\/labarraca1912.es\/fr\/tienda\/botanicos-cocteles\/rosa-petalos\/","og_site_name":"La Barraca","article_modified_time":"2026-04-16T10:33:29+00:00","og_image":[{"width":800,"height":800,"url":"https:\/\/labarraca1912.es\/wp-content\/uploads\/rosaenpetalosbm2025.jpg","type":"image\/jpeg"}],"twitter_card":"summary_large_image","twitter_misc":{"Dur\u00e9e de lecture estim\u00e9e":"1 minute"},"schema":{"@context":"https:\/\/schema.org","@graph":[{"@type":"WebPage","@id":"https:\/\/labarraca1912.es\/tienda\/botanicos-cocteles\/rosa-petalos\/","url":"https:\/\/labarraca1912.es\/tienda\/botanicos-cocteles\/rosa-petalos\/","name":"Rosa en P\u00e9talos 30g - La Barraca","isPartOf":{"@id":"https:\/\/labarraca1912.es\/#website"},"primaryImageOfPage":{"@id":"https:\/\/labarraca1912.es\/tienda\/botanicos-cocteles\/rosa-petalos\/#primaryimage"},"image":{"@id":"https:\/\/labarraca1912.es\/tienda\/botanicos-cocteles\/rosa-petalos\/#primaryimage"},"thumbnailUrl":"https:\/\/labarraca1912.es\/wp-content\/uploads\/rosaenpetalosbm2025.jpg","datePublished":"2025-02-04T08:15:03+00:00","dateModified":"2026-04-16T10:33:29+00:00","description":"La Rosa en P\u00e9talos es usada en infusi\u00f3n y obtener aromas propios de la\u00a0rosa, en masas c\u00f3mo productos de panader\u00eda o c\u00f3mo decoraci\u00f3n.","breadcrumb":{"@id":"https:\/\/labarraca1912.es\/tienda\/botanicos-cocteles\/rosa-petalos\/#breadcrumb"},"inLanguage":"fr-FR","potentialAction":[{"@type":"ReadAction","target":["https:\/\/labarraca1912.es\/tienda\/botanicos-cocteles\/rosa-petalos\/"]}]},{"@type":"ImageObject","inLanguage":"fr-FR","@id":"https:\/\/labarraca1912.es\/tienda\/botanicos-cocteles\/rosa-petalos\/#primaryimage","url":"https:\/\/labarraca1912.es\/wp-content\/uploads\/rosaenpetalosbm2025.jpg","contentUrl":"https:\/\/labarraca1912.es\/wp-content\/uploads\/rosaenpetalosbm2025.jpg","width":800,"height":800},{"@type":"BreadcrumbList","@id":"https:\/\/labarraca1912.es\/tienda\/botanicos-cocteles\/rosa-petalos\/#breadcrumb","itemListElement":[{"@type":"ListItem","position":1,"name":"La Barraca","item":"https:\/\/labarraca1912.es\/"},{"@type":"ListItem","position":2,"name":"Tienda","item":"https:\/\/labarraca1912.es\/tienda\/"},{"@type":"ListItem","position":3,"name":"Rosa en P\u00e9talos 30g"}]},{"@type":"WebSite","@id":"https:\/\/labarraca1912.es\/#website","url":"https:\/\/labarraca1912.es\/","name":"La Barraca","description":"La Casa del Sabor","publisher":{"@id":"https:\/\/labarraca1912.es\/#organization"},"potentialAction":[{"@type":"SearchAction","target":{"@type":"EntryPoint","urlTemplate":"https:\/\/labarraca1912.es\/?s={search_term_string}"},"query-input":{"@type":"PropertyValueSpecification","valueRequired":true,"valueName":"search_term_string"}}],"inLanguage":"fr-FR"},{"@type":"Organization","@id":"https:\/\/labarraca1912.es\/#organization","name":"La Barraca 1912 Alimentacion","url":"https:\/\/labarraca1912.es\/","logo":{"@type":"ImageObject","inLanguage":"fr-FR","@id":"https:\/\/labarraca1912.es\/#\/schema\/logo\/image\/","url":"https:\/\/labarraca1912.es\/wp-content\/uploads\/2019\/06\/logo-labarraca.png","contentUrl":"https:\/\/labarraca1912.es\/wp-content\/uploads\/2019\/06\/logo-labarraca.png","width":2917,"height":1809,"caption":"La Barraca 1912 Alimentacion"},"image":{"@id":"https:\/\/labarraca1912.es\/#\/schema\/logo\/image\/"}}]}},"_links":{"self":[{"href":"https:\/\/labarraca1912.es\/fr\/wp-json\/wp\/v2\/product\/11883","targetHints":{"allow":["GET"]}}],"collection":[{"href":"https:\/\/labarraca1912.es\/fr\/wp-json\/wp\/v2\/product"}],"about":[{"href":"https:\/\/labarraca1912.es\/fr\/wp-json\/wp\/v2\/types\/product"}],"replies":[{"embeddable":true,"href":"https:\/\/labarraca1912.es\/fr\/wp-json\/wp\/v2\/comments?post=11883"}],"wp:featuredmedia":[{"embeddable":true,"href":"https:\/\/labarraca1912.es\/fr\/wp-json\/wp\/v2\/media\/11877"}],"wp:attachment":[{"href":"https:\/\/labarraca1912.es\/fr\/wp-json\/wp\/v2\/media?parent=11883"}],"wp:term":[{"taxonomy":"product_brand","embeddable":true,"href":"https:\/\/labarraca1912.es\/fr\/wp-json\/wp\/v2\/product_brand?post=11883"},{"taxonomy":"product_cat","embeddable":true,"href":"https:\/\/labarraca1912.es\/fr\/wp-json\/wp\/v2\/product_cat?post=11883"},{"taxonomy":"product_tag","embeddable":true,"href":"https:\/\/labarraca1912.es\/fr\/wp-json\/wp\/v2\/product_tag?post=11883"}],"curies":[{"name":"wp","href":"https:\/\/api.w.org\/{rel}","templated":true}]}}