{"id":119,"date":"2019-06-28T08:36:09","date_gmt":"2019-06-28T06:36:09","guid":{"rendered":"https:\/\/labarraca1912.es\/?post_type=product&#038;p=119"},"modified":"2026-04-26T11:07:15","modified_gmt":"2026-04-26T09:07:15","slug":"kit-paella","status":"publish","type":"product","link":"https:\/\/labarraca1912.es\/fr\/tienda\/productos-paella\/kit-paella\/","title":{"rendered":"Kit Paella"},"content":{"rendered":"<p>KIT PAELLA: Pack compos\u00e9 d'une po\u00eale \u00e0 paella \u00e9maill\u00e9e, 100ml d'huile d'olive extra vierge, une bo\u00eete de 3 sachets d'Assaisonnement Paella au safran et 500g de riz. Avec ce magnifique pack vous pourrez r\u00e9aliser une paella de mani\u00e8re simple et confortable, puisque nous mettons \u00e0 votre disposition la base pour r\u00e9aliser une paella.<\/p>\n<p><strong>Assaisonnement Paella avec Safran:<\/strong>\u00a0Assaisonnement compos\u00e9 d'un m\u00e9lange d'\u00e9pices moulues et de safran, express\u00e9ment formul\u00e9 pour la pr\u00e9paration de paellas et de riz.<\/p>\n<p><strong>Huile:<\/strong> Huile d\u00b4Olive Extra Vierge.<\/p>\n<p><strong>Riz:<\/strong> Riz rond, sp\u00e9cialement con\u00e7u pour faire des paellas.<\/p>\n<h5><strong>MODE D'EMPLOI:<\/strong><\/h5>\n<p><strong>Ingr\u00e9dients:<\/strong> 500g de poisson\/fruits de mer ou viande (porc maigre, poulet), 1 piment d'ajoncs, 3 gousses d'ail, feuilles de persil, 1 tomate, 400 g de riz, 1,2 litre d'eau, 100g de l\u00e9gumineuses et l\u00e9gumes, 100ml d'huile d'olive extra vierge et 1 sachet d'Assaisonnement Paella avec Safran LA BARRACA.<\/p>\n<p><strong>Pr\u00e9paration:<\/strong> Faites chauffer l'huile d'olive extra vierge dans la po\u00eale \u00e0 paella, ajoutez les lani\u00e8res de poivron et faites-les revenir jusqu'\u00e0 ce qu'elles commencent \u00e0 ramollir. Mettez-les de c\u00f4t\u00e9 et r\u00e9servez pour d\u00e9corer. Faites revenir les morceaux de poisson ou de viande \u00e0 feu moyen jusqu'\u00e0 ce qu'ils soient dor\u00e9s, ajoutez la tomate concass\u00e9e, l'ail et le persil. Ajoutez \u00e9galement les l\u00e9gumineuses et les l\u00e9gumes et m\u00e9langez bien le tout. Ajoutez l'eau et quand elle bout, ajoutez le riz en le r\u00e9partissant uniform\u00e9ment sur la po\u00eale \u00e0 paella, en ajoutant \u00e9galement une enveloppe d'Assaisonnement pour Paella au Safran LA BARRACA, assaisonnez avec du sel \u00e0 votre go\u00fbt et d\u00e9corez avec les lani\u00e8res de poivre que nous avons r\u00e9serv\u00e9es. Cuire environ 20 minutes, \u00e9teindre le feu, couvrir la po\u00eale \u00e0 paella et laisser reposer 5 minutes avant de servir.<\/p>\n<p><em>Calcular una parte de arroz por tres partes de agua &#8211; 25ml de aceite de oliva virgen extra cada 100g de arroz. &#8211; El fuego debe estar repartido de modo uniforme por toda la base de la paellera. <strong>Temps de pr\u00e9paration:<\/strong> 15 minutes. <strong>Temps de cuisson:<\/strong> 30 minutes.<\/em><\/p>\n<p>&nbsp;<\/p>","protected":false},"excerpt":{"rendered":"<blockquote>\n<h2><strong>Kit Paella<\/strong><\/h2>\n<\/blockquote>\n<p><img decoding=\"async\" class=\"alignnone wp-image-10937\" src=\"https:\/\/labarraca1912.es\/wp-content\/uploads\/glutenfree.jpg\" alt=\"\" width=\"203\" height=\"35\" \/><\/p>\n<p>Pack compos\u00e9 d'une po\u00eale \u00e0 paella \u00e9maill\u00e9e, 100ml d'huile d'olive extra vierge, une bo\u00eete de 3 sachets d'Assaisonnement Paella au safran et 500g de riz. Avec ce magnifique pack vous pourrez r\u00e9aliser une paella de mani\u00e8re simple et confortable, puisque nous mettons \u00e0 votre disposition la base pour r\u00e9aliser une paella.<\/p>\n<p><strong><em>*Paella non valable pour une utilisation sur plaques vitroc\u00e9ramiques ou \u00e0 induction, \u00e0 utiliser uniquement avec une flamme, qu'elle soit \u00e0 bois ou \u00e0 gaz.<\/em><\/strong><\/p>\n<p><em><strong>PACK COMPOS\u00c9 DE:<\/strong><\/em><\/p>\n<ul>\n<li><strong>Po\u00eale \u00e0 Paella \u00c9maill\u00e9e 32cm<\/strong><\/li>\n<li><strong>Livre de recettes<\/strong><\/li>\n<li><strong>Estuche 3 sobres Saz. Paella con Azafr\u00e1n 9g (3x3g)<\/strong>\n<ul>\n<li><strong><em>Ingr\u00e9dients: <\/em><\/strong>Colorant alimentaire (farine de Ma\u00efs, sel et colorant: Tartrazine E-102), thym, romarin, poivre noir, piment doux sup\u00e9rieur, clous de girofle, noix de muscade et safran moulu (2%). Peut contenir des traces de <strong>SOJA<\/strong>. \u201c<strong>E-102<\/strong>: Peut avoir des effets n\u00e9gatifs sur l'activit\u00e9 et l'attention des enfants\".<\/li>\n<li><strong><em>D\u00e9claration nutritionnelle. Valeurs moyennes per 100g de produit: <\/em><\/strong>\u00c9nergie: 1112 kJ\/263 kcal. Graisses: 2g. Dont acides gras satur\u00e9s: 1g. Glucides: 45g. Dont sucres: 1g. Prot\u00e9ines: 12g. Sel: 15,5g.<\/li>\n<\/ul>\n<\/li>\n<li><strong>Riz 500g <\/strong>\n<ul>\n<li><em><strong>Ingr\u00e9dients:<\/strong><\/em> Riz.<\/li>\n<li><strong><em>D\u00e9claration nutritionnelle. Valeurs moyennes per 100g de produit: <\/em><\/strong>\u00c9nergie: 1472 kJ\/347 kcal. Graisses: 0,53g. Dont acides gras satur\u00e9s: &lt;0,10g. Glucides: 77,90g. Dont sucres: 0,28g. Prot\u00e9ines: 6,9g. Sel: &lt;0,01g.<\/li>\n<\/ul>\n<\/li>\n<li><strong>Huile d\u00b4Olive Extra Vierge 100ml<\/strong>\n<ul>\n<li><em><strong>Ingr\u00e9dients:<\/strong><\/em> Huile d\u00b4Olive Extra Vierge.<\/li>\n<li><strong><em>D\u00e9claration nutritionnelle. Valeurs moyennes per 100g de produit sec (non cuit): <\/em><\/strong>\u00c9nergie: 3700 kJ\/900 kcal. Graisses: 100g. Dont acides gras satur\u00e9s: 15g. Glucides: 0g. Dont sucres: 0g. Prot\u00e9ines: 0g. Sel: 0,01g.<\/li>\n<\/ul>\n<\/li>\n<\/ul>","protected":false},"featured_media":12645,"comment_status":"open","ping_status":"closed","template":"","meta":{"_et_pb_use_builder":"","_et_pb_old_content":"","_et_gb_content_width":""},"product_brand":[],"product_cat":[122],"product_tag":[39,35,38,36,40,37],"class_list":{"0":"post-119","1":"product","2":"type-product","3":"status-publish","4":"has-post-thumbnail","6":"product_cat-productos-paella","7":"product_tag-arroz","8":"product_tag-azafran","9":"product_tag-colorante","10":"product_tag-paella","11":"product_tag-pimenton","12":"product_tag-saffron","14":"first","15":"instock","16":"featured","17":"taxable","18":"shipping-taxable","19":"purchasable","20":"product-type-simple"},"yoast_head":"<!-- This site is optimized with the Yoast SEO plugin v27.4 - https:\/\/yoast.com\/product\/yoast-seo-wordpress\/ -->\n<title>Comprar Kit Paella con paellera y arroz | La Barraca<\/title>\n<meta name=\"description\" content=\"Kit Paella con paellera esmaltada, arroz 500g y sazonador con azafr\u00e1n para preparar paellas aut\u00e9nticas f\u00e1cilmente en casa.\" \/>\n<meta name=\"robots\" content=\"index, follow, max-snippet:-1, max-image-preview:large, max-video-preview:-1\" \/>\n<link rel=\"canonical\" href=\"https:\/\/labarraca1912.es\/fr\/tienda\/productos-paella\/kit-paella\/\" \/>\n<meta property=\"og:locale\" content=\"fr_FR\" \/>\n<meta property=\"og:type\" content=\"article\" \/>\n<meta property=\"og:title\" content=\"Comprar Kit Paella con paellera y arroz | La Barraca\" \/>\n<meta property=\"og:description\" content=\"Kit Paella con paellera esmaltada, arroz 500g y sazonador con azafr\u00e1n para preparar paellas aut\u00e9nticas f\u00e1cilmente en casa.\" \/>\n<meta property=\"og:url\" content=\"https:\/\/labarraca1912.es\/fr\/tienda\/productos-paella\/kit-paella\/\" \/>\n<meta property=\"og:site_name\" content=\"La Barraca\" \/>\n<meta property=\"article:modified_time\" content=\"2026-04-26T09:07:15+00:00\" \/>\n<meta property=\"og:image\" content=\"https:\/\/labarraca1912.es\/wp-content\/uploads\/kitpaella2025.jpg\" \/>\n\t<meta property=\"og:image:width\" content=\"800\" \/>\n\t<meta property=\"og:image:height\" content=\"800\" \/>\n\t<meta property=\"og:image:type\" content=\"image\/jpeg\" \/>\n<meta name=\"twitter:card\" content=\"summary_large_image\" \/>\n<meta name=\"twitter:label1\" content=\"Dur\u00e9e de lecture estim\u00e9e\" \/>\n\t<meta name=\"twitter:data1\" content=\"2 minutes\" \/>\n<script type=\"application\/ld+json\" class=\"yoast-schema-graph\">{\"@context\":\"https:\\\/\\\/schema.org\",\"@graph\":[{\"@type\":\"WebPage\",\"@id\":\"https:\\\/\\\/labarraca1912.es\\\/tienda\\\/productos-paella\\\/kit-paella\\\/\",\"url\":\"https:\\\/\\\/labarraca1912.es\\\/tienda\\\/productos-paella\\\/kit-paella\\\/\",\"name\":\"Comprar Kit Paella con paellera y arroz | La Barraca\",\"isPartOf\":{\"@id\":\"https:\\\/\\\/labarraca1912.es\\\/#website\"},\"primaryImageOfPage\":{\"@id\":\"https:\\\/\\\/labarraca1912.es\\\/tienda\\\/productos-paella\\\/kit-paella\\\/#primaryimage\"},\"image\":{\"@id\":\"https:\\\/\\\/labarraca1912.es\\\/tienda\\\/productos-paella\\\/kit-paella\\\/#primaryimage\"},\"thumbnailUrl\":\"https:\\\/\\\/labarraca1912.es\\\/wp-content\\\/uploads\\\/kitpaella2025.jpg\",\"datePublished\":\"2019-06-28T06:36:09+00:00\",\"dateModified\":\"2026-04-26T09:07:15+00:00\",\"description\":\"Kit Paella con paellera esmaltada, arroz 500g y sazonador con azafr\u00e1n para preparar paellas aut\u00e9nticas f\u00e1cilmente en casa.\",\"breadcrumb\":{\"@id\":\"https:\\\/\\\/labarraca1912.es\\\/tienda\\\/productos-paella\\\/kit-paella\\\/#breadcrumb\"},\"inLanguage\":\"fr-FR\",\"potentialAction\":[{\"@type\":\"ReadAction\",\"target\":[\"https:\\\/\\\/labarraca1912.es\\\/tienda\\\/productos-paella\\\/kit-paella\\\/\"]}]},{\"@type\":\"ImageObject\",\"inLanguage\":\"fr-FR\",\"@id\":\"https:\\\/\\\/labarraca1912.es\\\/tienda\\\/productos-paella\\\/kit-paella\\\/#primaryimage\",\"url\":\"https:\\\/\\\/labarraca1912.es\\\/wp-content\\\/uploads\\\/kitpaella2025.jpg\",\"contentUrl\":\"https:\\\/\\\/labarraca1912.es\\\/wp-content\\\/uploads\\\/kitpaella2025.jpg\",\"width\":800,\"height\":800},{\"@type\":\"BreadcrumbList\",\"@id\":\"https:\\\/\\\/labarraca1912.es\\\/tienda\\\/productos-paella\\\/kit-paella\\\/#breadcrumb\",\"itemListElement\":[{\"@type\":\"ListItem\",\"position\":1,\"name\":\"La Barraca\",\"item\":\"https:\\\/\\\/labarraca1912.es\\\/\"},{\"@type\":\"ListItem\",\"position\":2,\"name\":\"Tienda\",\"item\":\"https:\\\/\\\/labarraca1912.es\\\/tienda\\\/\"},{\"@type\":\"ListItem\",\"position\":3,\"name\":\"Kit Paella\"}]},{\"@type\":\"WebSite\",\"@id\":\"https:\\\/\\\/labarraca1912.es\\\/#website\",\"url\":\"https:\\\/\\\/labarraca1912.es\\\/\",\"name\":\"La Barraca\",\"description\":\"La Casa del Sabor\",\"publisher\":{\"@id\":\"https:\\\/\\\/labarraca1912.es\\\/#organization\"},\"potentialAction\":[{\"@type\":\"SearchAction\",\"target\":{\"@type\":\"EntryPoint\",\"urlTemplate\":\"https:\\\/\\\/labarraca1912.es\\\/?s={search_term_string}\"},\"query-input\":{\"@type\":\"PropertyValueSpecification\",\"valueRequired\":true,\"valueName\":\"search_term_string\"}}],\"inLanguage\":\"fr-FR\"},{\"@type\":\"Organization\",\"@id\":\"https:\\\/\\\/labarraca1912.es\\\/#organization\",\"name\":\"La Barraca 1912 Alimentacion\",\"url\":\"https:\\\/\\\/labarraca1912.es\\\/\",\"logo\":{\"@type\":\"ImageObject\",\"inLanguage\":\"fr-FR\",\"@id\":\"https:\\\/\\\/labarraca1912.es\\\/#\\\/schema\\\/logo\\\/image\\\/\",\"url\":\"https:\\\/\\\/labarraca1912.es\\\/wp-content\\\/uploads\\\/2019\\\/06\\\/logo-labarraca.png\",\"contentUrl\":\"https:\\\/\\\/labarraca1912.es\\\/wp-content\\\/uploads\\\/2019\\\/06\\\/logo-labarraca.png\",\"width\":2917,\"height\":1809,\"caption\":\"La Barraca 1912 Alimentacion\"},\"image\":{\"@id\":\"https:\\\/\\\/labarraca1912.es\\\/#\\\/schema\\\/logo\\\/image\\\/\"}}]}<\/script>\n<!-- \/ Yoast SEO plugin. -->","yoast_head_json":{"title":"Comprar Kit Paella con paellera y arroz | La Barraca","description":"Kit Paella con paellera esmaltada, arroz 500g y sazonador con azafr\u00e1n para preparar paellas aut\u00e9nticas f\u00e1cilmente en casa.","robots":{"index":"index","follow":"follow","max-snippet":"max-snippet:-1","max-image-preview":"max-image-preview:large","max-video-preview":"max-video-preview:-1"},"canonical":"https:\/\/labarraca1912.es\/fr\/tienda\/productos-paella\/kit-paella\/","og_locale":"fr_FR","og_type":"article","og_title":"Comprar Kit Paella con paellera y arroz | La Barraca","og_description":"Kit Paella con paellera esmaltada, arroz 500g y sazonador con azafr\u00e1n para preparar paellas aut\u00e9nticas f\u00e1cilmente en casa.","og_url":"https:\/\/labarraca1912.es\/fr\/tienda\/productos-paella\/kit-paella\/","og_site_name":"La Barraca","article_modified_time":"2026-04-26T09:07:15+00:00","og_image":[{"width":800,"height":800,"url":"https:\/\/labarraca1912.es\/wp-content\/uploads\/kitpaella2025.jpg","type":"image\/jpeg"}],"twitter_card":"summary_large_image","twitter_misc":{"Dur\u00e9e de lecture estim\u00e9e":"2 minutes"},"schema":{"@context":"https:\/\/schema.org","@graph":[{"@type":"WebPage","@id":"https:\/\/labarraca1912.es\/tienda\/productos-paella\/kit-paella\/","url":"https:\/\/labarraca1912.es\/tienda\/productos-paella\/kit-paella\/","name":"Comprar Kit Paella con paellera y arroz | La Barraca","isPartOf":{"@id":"https:\/\/labarraca1912.es\/#website"},"primaryImageOfPage":{"@id":"https:\/\/labarraca1912.es\/tienda\/productos-paella\/kit-paella\/#primaryimage"},"image":{"@id":"https:\/\/labarraca1912.es\/tienda\/productos-paella\/kit-paella\/#primaryimage"},"thumbnailUrl":"https:\/\/labarraca1912.es\/wp-content\/uploads\/kitpaella2025.jpg","datePublished":"2019-06-28T06:36:09+00:00","dateModified":"2026-04-26T09:07:15+00:00","description":"Kit Paella con paellera esmaltada, arroz 500g y sazonador con azafr\u00e1n para preparar paellas aut\u00e9nticas f\u00e1cilmente en casa.","breadcrumb":{"@id":"https:\/\/labarraca1912.es\/tienda\/productos-paella\/kit-paella\/#breadcrumb"},"inLanguage":"fr-FR","potentialAction":[{"@type":"ReadAction","target":["https:\/\/labarraca1912.es\/tienda\/productos-paella\/kit-paella\/"]}]},{"@type":"ImageObject","inLanguage":"fr-FR","@id":"https:\/\/labarraca1912.es\/tienda\/productos-paella\/kit-paella\/#primaryimage","url":"https:\/\/labarraca1912.es\/wp-content\/uploads\/kitpaella2025.jpg","contentUrl":"https:\/\/labarraca1912.es\/wp-content\/uploads\/kitpaella2025.jpg","width":800,"height":800},{"@type":"BreadcrumbList","@id":"https:\/\/labarraca1912.es\/tienda\/productos-paella\/kit-paella\/#breadcrumb","itemListElement":[{"@type":"ListItem","position":1,"name":"La Barraca","item":"https:\/\/labarraca1912.es\/"},{"@type":"ListItem","position":2,"name":"Tienda","item":"https:\/\/labarraca1912.es\/tienda\/"},{"@type":"ListItem","position":3,"name":"Kit Paella"}]},{"@type":"WebSite","@id":"https:\/\/labarraca1912.es\/#website","url":"https:\/\/labarraca1912.es\/","name":"La Barraca","description":"La Casa del Sabor","publisher":{"@id":"https:\/\/labarraca1912.es\/#organization"},"potentialAction":[{"@type":"SearchAction","target":{"@type":"EntryPoint","urlTemplate":"https:\/\/labarraca1912.es\/?s={search_term_string}"},"query-input":{"@type":"PropertyValueSpecification","valueRequired":true,"valueName":"search_term_string"}}],"inLanguage":"fr-FR"},{"@type":"Organization","@id":"https:\/\/labarraca1912.es\/#organization","name":"La Barraca 1912 Alimentacion","url":"https:\/\/labarraca1912.es\/","logo":{"@type":"ImageObject","inLanguage":"fr-FR","@id":"https:\/\/labarraca1912.es\/#\/schema\/logo\/image\/","url":"https:\/\/labarraca1912.es\/wp-content\/uploads\/2019\/06\/logo-labarraca.png","contentUrl":"https:\/\/labarraca1912.es\/wp-content\/uploads\/2019\/06\/logo-labarraca.png","width":2917,"height":1809,"caption":"La Barraca 1912 Alimentacion"},"image":{"@id":"https:\/\/labarraca1912.es\/#\/schema\/logo\/image\/"}}]}},"_links":{"self":[{"href":"https:\/\/labarraca1912.es\/fr\/wp-json\/wp\/v2\/product\/119","targetHints":{"allow":["GET"]}}],"collection":[{"href":"https:\/\/labarraca1912.es\/fr\/wp-json\/wp\/v2\/product"}],"about":[{"href":"https:\/\/labarraca1912.es\/fr\/wp-json\/wp\/v2\/types\/product"}],"replies":[{"embeddable":true,"href":"https:\/\/labarraca1912.es\/fr\/wp-json\/wp\/v2\/comments?post=119"}],"wp:featuredmedia":[{"embeddable":true,"href":"https:\/\/labarraca1912.es\/fr\/wp-json\/wp\/v2\/media\/12645"}],"wp:attachment":[{"href":"https:\/\/labarraca1912.es\/fr\/wp-json\/wp\/v2\/media?parent=119"}],"wp:term":[{"taxonomy":"product_brand","embeddable":true,"href":"https:\/\/labarraca1912.es\/fr\/wp-json\/wp\/v2\/product_brand?post=119"},{"taxonomy":"product_cat","embeddable":true,"href":"https:\/\/labarraca1912.es\/fr\/wp-json\/wp\/v2\/product_cat?post=119"},{"taxonomy":"product_tag","embeddable":true,"href":"https:\/\/labarraca1912.es\/fr\/wp-json\/wp\/v2\/product_tag?post=119"}],"curies":[{"name":"wp","href":"https:\/\/api.w.org\/{rel}","templated":true}]}}