{"id":12058,"date":"2025-03-26T14:46:27","date_gmt":"2025-03-26T13:46:27","guid":{"rendered":"https:\/\/labarraca1912.es\/?post_type=product&#038;p=12058"},"modified":"2026-04-15T15:14:55","modified_gmt":"2026-04-15T13:14:55","slug":"set-molinillos","status":"publish","type":"product","link":"https:\/\/labarraca1912.es\/fr\/tienda\/molinillos\/set-molinillos\/","title":{"rendered":"Set Molinillos"},"content":{"rendered":"<p>SET MOLINILLOS: Disfruta de las especias reci\u00e9n molidas con la gama de molinillos de La Barraca. En este especiero podr\u00e1s encontrar 6 sabores distintos, para que los apliques a tus recetas como desees. Desde la pimienta, hasta las carnes, pasando por sales con hierbas y especias para sazonar pescados. Un pr\u00e1ctico formato, elegante y sencillo apto para regalar o para tener en cualquier cocina.<\/p>\n<p><strong>Fusion de Poivres:<\/strong> M\u00e9lange qui combine la saveur particuli\u00e8re de cinq types de grains de poivre qui, moulus juste avant consommation, offrent une saveur particuli\u00e8rement adapt\u00e9e aux viandes, poissons et rago\u00fbts. M\u00e9lange de poivre noir, blanc, rose, vert et jama\u00efcain.<\/p>\n<p><strong>M\u00e9lange pour Grillades:\u00a0<\/strong>La viande grill\u00e9e a besoin de ce m\u00e9lange naturel de sel marin avec des \u00e9pices et des herbes pour obtenir la saveur caract\u00e9ristique d'un repas traditionnel.<\/p>\n<p><strong>Sel aux Herbs:\u00a0<\/strong>Le sel marin, qui, moulu avec une s\u00e9lection d'herbes naturelles, rehausse la saveur des salades et de tous types de plats.<\/p>\n<p><strong>Poivre Noir:\u00a0<\/strong>C'est le poivre m\u00fbr. C'est une \u00e9pice qui, moulue quelques instants avant consommation, conf\u00e8re une saveur douce aux rago\u00fbts, marinades, cornichons, cornichons, riz et viandes.<\/p>\n<p><strong>Saveur Marin:\u00a0<\/strong>M\u00e9lange d'\u00e9pices et d'herbes qui, moulues avec du sel marin et ajout\u00e9es \u00e0 votre recette, offriront une am\u00e9lioration de la saveur, comme dans le poisson, mais aussi dans les rago\u00fbts et les r\u00f4tis.<\/p>\n<p><strong>\u00c9pices en Grain M\u00e9lang\u00e9es:\u00a0<\/strong>M\u00e9lange d'\u00e9pices traditionnelles qui, moulues quelques instants avant la pr\u00e9paration du repas, rehaussent la saveur des rago\u00fbts de viande, de tripes et d'escargots.<\/p>","protected":false},"excerpt":{"rendered":"<blockquote>\n<h2><strong>Set Molinillos<\/strong><\/h2>\n<\/blockquote>\n<p>D\u00e9gustez des \u00e9pices fra\u00eechement moulues avec la gamme de moulins La Barraca. Dans cette \u00e9tag\u00e8re \u00e0 \u00e9pices, vous trouverez 6 saveurs diff\u00e9rentes, vous pourrez donc les appliquer \u00e0 vos recettes comme vous le souhaitez. Du poivre aux viandes, en passant par les sels aux herbes et \u00e9pices pour assaisonner le poisson. Un format pratique, \u00e9l\u00e9gant et simple, id\u00e9al pour offrir ou pour avoir dans n'importe quelle cuisine.<\/p>\n<p><em><strong>PACK COMPOS\u00c9 DE:<\/strong><\/em><\/p>\n<ul>\n<li><strong>Fusion de Poivres 43g <\/strong>\n<ul>\n<li><em><strong>Ingr\u00e9dients:<\/strong><\/em> Poivre noir, poivre blanc, poivre de la Jama\u00efque, poivre rose et poivre vert.<\/li>\n<\/ul>\n<\/li>\n<li><strong>M\u00e9lange pour Grillades 50g<\/strong>\n<ul>\n<li><em><strong>Ingr\u00e9dients:<\/strong> <\/em>Sel marin (84%), poivre noir, piment concass\u00e9, clou de girofle, romarin et origan.<\/li>\n<\/ul>\n<\/li>\n<li><strong>Sel aux Herbs 54g<\/strong>\n<ul>\n<li><em><strong>Ingr\u00e9dients:<\/strong> <\/em>Sel marin (85%), basilic, marjolaine, romarin, persil et thym. Peut contenir des traces de<strong> C\u00c9LERI, GLUTEN et MOUTARDE.<\/strong><\/li>\n<\/ul>\n<\/li>\n<li><strong>Poivre Noir 40g <\/strong>\n<ul>\n<li><em><strong>Ingr\u00e9dients:<\/strong> <\/em>Poivre noir.<\/li>\n<\/ul>\n<\/li>\n<li><strong>Saveur Marin 52g<\/strong>\n<ul>\n<li><em><strong>Ingr\u00e9dients:<\/strong><\/em> Sel marin (95%), oignon, marjolaine, piment concass\u00e9, ail et aneth. Peut contenir des traces de <strong>SULFITES et ARACHIDE.<\/strong><\/li>\n<\/ul>\n<\/li>\n<li><strong>\u00c9pices en Grain M\u00e9lang\u00e9es 30g <\/strong>\n<ul>\n<li><strong><em>Ingr\u00e9dients:<\/em><\/strong> Coriandre, poivre noir, cumin et piment picant concass\u00e9. Peut contenir des traces de <strong>C\u00c9LERI, S\u00c9SAME, GLUTEN et MOUTARDE.<\/strong><\/li>\n<\/ul>\n<\/li>\n<\/ul>","protected":false},"featured_media":4351,"comment_status":"open","ping_status":"closed","template":"","meta":{"_et_pb_use_builder":"","_et_pb_old_content":"","_et_gb_content_width":""},"product_brand":[],"product_cat":[164,215],"product_tag":[270,154,183,271],"class_list":{"0":"post-12058","1":"product","2":"type-product","3":"status-publish","4":"has-post-thumbnail","6":"product_cat-molinillos","7":"product_cat-packs-regalo","8":"product_tag-apio","9":"product_tag-hierbas","10":"product_tag-hojas","11":"product_tag-sopas","13":"first","14":"instock","15":"sale","16":"taxable","17":"shipping-taxable","18":"purchasable","19":"product-type-simple"},"yoast_head":"<!-- This site is optimized with the Yoast SEO plugin v27.5 - https:\/\/yoast.com\/product\/yoast-seo-wordpress\/ -->\n<title>Comprar Set Molinillos con 6 sabores variados | La Barraca<\/title>\n<meta name=\"description\" content=\"Descubre nuevos sabores al comprar el Set Molinillos con 6 mezclas de especias y sales para carnes, pescados y platos diarios. Ideal para regalar.\" \/>\n<meta name=\"robots\" content=\"index, follow, max-snippet:-1, max-image-preview:large, max-video-preview:-1\" \/>\n<link rel=\"canonical\" href=\"https:\/\/labarraca1912.es\/fr\/tienda\/molinillos\/set-molinillos\/\" \/>\n<meta property=\"og:locale\" content=\"fr_FR\" \/>\n<meta property=\"og:type\" content=\"article\" \/>\n<meta property=\"og:title\" content=\"Comprar Set Molinillos con 6 sabores variados | La Barraca\" \/>\n<meta property=\"og:description\" content=\"Descubre nuevos sabores al comprar el Set Molinillos con 6 mezclas de especias y sales para carnes, pescados y platos diarios. Ideal para regalar.\" \/>\n<meta property=\"og:url\" content=\"https:\/\/labarraca1912.es\/fr\/tienda\/molinillos\/set-molinillos\/\" \/>\n<meta property=\"og:site_name\" content=\"La Barraca\" \/>\n<meta property=\"article:modified_time\" content=\"2026-04-15T13:14:55+00:00\" \/>\n<meta property=\"og:image\" content=\"https:\/\/labarraca1912.es\/wp-content\/uploads\/2019\/07\/expositormolinillos.jpg\" \/>\n\t<meta property=\"og:image:width\" content=\"800\" \/>\n\t<meta property=\"og:image:height\" content=\"800\" \/>\n\t<meta property=\"og:image:type\" content=\"image\/jpeg\" \/>\n<meta name=\"twitter:card\" content=\"summary_large_image\" \/>\n<meta name=\"twitter:label1\" content=\"Dur\u00e9e de lecture estim\u00e9e\" \/>\n\t<meta name=\"twitter:data1\" content=\"2 minutes\" \/>\n<script type=\"application\/ld+json\" class=\"yoast-schema-graph\">{\"@context\":\"https:\\\/\\\/schema.org\",\"@graph\":[{\"@type\":\"WebPage\",\"@id\":\"https:\\\/\\\/labarraca1912.es\\\/tienda\\\/molinillos\\\/set-molinillos\\\/\",\"url\":\"https:\\\/\\\/labarraca1912.es\\\/tienda\\\/molinillos\\\/set-molinillos\\\/\",\"name\":\"Comprar Set Molinillos con 6 sabores variados | La Barraca\",\"isPartOf\":{\"@id\":\"https:\\\/\\\/labarraca1912.es\\\/#website\"},\"primaryImageOfPage\":{\"@id\":\"https:\\\/\\\/labarraca1912.es\\\/tienda\\\/molinillos\\\/set-molinillos\\\/#primaryimage\"},\"image\":{\"@id\":\"https:\\\/\\\/labarraca1912.es\\\/tienda\\\/molinillos\\\/set-molinillos\\\/#primaryimage\"},\"thumbnailUrl\":\"https:\\\/\\\/labarraca1912.es\\\/wp-content\\\/uploads\\\/2019\\\/07\\\/expositormolinillos.jpg\",\"datePublished\":\"2025-03-26T13:46:27+00:00\",\"dateModified\":\"2026-04-15T13:14:55+00:00\",\"description\":\"Descubre nuevos sabores al comprar el Set Molinillos con 6 mezclas de especias y sales para carnes, pescados y platos diarios. Ideal para regalar.\",\"breadcrumb\":{\"@id\":\"https:\\\/\\\/labarraca1912.es\\\/tienda\\\/molinillos\\\/set-molinillos\\\/#breadcrumb\"},\"inLanguage\":\"fr-FR\",\"potentialAction\":[{\"@type\":\"ReadAction\",\"target\":[\"https:\\\/\\\/labarraca1912.es\\\/tienda\\\/molinillos\\\/set-molinillos\\\/\"]}]},{\"@type\":\"ImageObject\",\"inLanguage\":\"fr-FR\",\"@id\":\"https:\\\/\\\/labarraca1912.es\\\/tienda\\\/molinillos\\\/set-molinillos\\\/#primaryimage\",\"url\":\"https:\\\/\\\/labarraca1912.es\\\/wp-content\\\/uploads\\\/2019\\\/07\\\/expositormolinillos.jpg\",\"contentUrl\":\"https:\\\/\\\/labarraca1912.es\\\/wp-content\\\/uploads\\\/2019\\\/07\\\/expositormolinillos.jpg\",\"width\":800,\"height\":800},{\"@type\":\"BreadcrumbList\",\"@id\":\"https:\\\/\\\/labarraca1912.es\\\/tienda\\\/molinillos\\\/set-molinillos\\\/#breadcrumb\",\"itemListElement\":[{\"@type\":\"ListItem\",\"position\":1,\"name\":\"La Barraca\",\"item\":\"https:\\\/\\\/labarraca1912.es\\\/\"},{\"@type\":\"ListItem\",\"position\":2,\"name\":\"Tienda\",\"item\":\"https:\\\/\\\/labarraca1912.es\\\/tienda\\\/\"},{\"@type\":\"ListItem\",\"position\":3,\"name\":\"Set Molinillos\"}]},{\"@type\":\"WebSite\",\"@id\":\"https:\\\/\\\/labarraca1912.es\\\/#website\",\"url\":\"https:\\\/\\\/labarraca1912.es\\\/\",\"name\":\"La Barraca\",\"description\":\"La Casa del Sabor\",\"publisher\":{\"@id\":\"https:\\\/\\\/labarraca1912.es\\\/#organization\"},\"potentialAction\":[{\"@type\":\"SearchAction\",\"target\":{\"@type\":\"EntryPoint\",\"urlTemplate\":\"https:\\\/\\\/labarraca1912.es\\\/?s={search_term_string}\"},\"query-input\":{\"@type\":\"PropertyValueSpecification\",\"valueRequired\":true,\"valueName\":\"search_term_string\"}}],\"inLanguage\":\"fr-FR\"},{\"@type\":\"Organization\",\"@id\":\"https:\\\/\\\/labarraca1912.es\\\/#organization\",\"name\":\"La Barraca 1912 Alimentacion\",\"url\":\"https:\\\/\\\/labarraca1912.es\\\/\",\"logo\":{\"@type\":\"ImageObject\",\"inLanguage\":\"fr-FR\",\"@id\":\"https:\\\/\\\/labarraca1912.es\\\/#\\\/schema\\\/logo\\\/image\\\/\",\"url\":\"https:\\\/\\\/labarraca1912.es\\\/wp-content\\\/uploads\\\/2019\\\/06\\\/logo-labarraca.png\",\"contentUrl\":\"https:\\\/\\\/labarraca1912.es\\\/wp-content\\\/uploads\\\/2019\\\/06\\\/logo-labarraca.png\",\"width\":2917,\"height\":1809,\"caption\":\"La Barraca 1912 Alimentacion\"},\"image\":{\"@id\":\"https:\\\/\\\/labarraca1912.es\\\/#\\\/schema\\\/logo\\\/image\\\/\"}}]}<\/script>\n<!-- \/ Yoast SEO plugin. -->","yoast_head_json":{"title":"Comprar Set Molinillos con 6 sabores variados | La Barraca","description":"Descubre nuevos sabores al comprar el Set Molinillos con 6 mezclas de especias y sales para carnes, pescados y platos diarios. Ideal para regalar.","robots":{"index":"index","follow":"follow","max-snippet":"max-snippet:-1","max-image-preview":"max-image-preview:large","max-video-preview":"max-video-preview:-1"},"canonical":"https:\/\/labarraca1912.es\/fr\/tienda\/molinillos\/set-molinillos\/","og_locale":"fr_FR","og_type":"article","og_title":"Comprar Set Molinillos con 6 sabores variados | La Barraca","og_description":"Descubre nuevos sabores al comprar el Set Molinillos con 6 mezclas de especias y sales para carnes, pescados y platos diarios. Ideal para regalar.","og_url":"https:\/\/labarraca1912.es\/fr\/tienda\/molinillos\/set-molinillos\/","og_site_name":"La Barraca","article_modified_time":"2026-04-15T13:14:55+00:00","og_image":[{"width":800,"height":800,"url":"https:\/\/labarraca1912.es\/wp-content\/uploads\/2019\/07\/expositormolinillos.jpg","type":"image\/jpeg"}],"twitter_card":"summary_large_image","twitter_misc":{"Dur\u00e9e de lecture estim\u00e9e":"2 minutes"},"schema":{"@context":"https:\/\/schema.org","@graph":[{"@type":"WebPage","@id":"https:\/\/labarraca1912.es\/tienda\/molinillos\/set-molinillos\/","url":"https:\/\/labarraca1912.es\/tienda\/molinillos\/set-molinillos\/","name":"Comprar Set Molinillos con 6 sabores variados | La Barraca","isPartOf":{"@id":"https:\/\/labarraca1912.es\/#website"},"primaryImageOfPage":{"@id":"https:\/\/labarraca1912.es\/tienda\/molinillos\/set-molinillos\/#primaryimage"},"image":{"@id":"https:\/\/labarraca1912.es\/tienda\/molinillos\/set-molinillos\/#primaryimage"},"thumbnailUrl":"https:\/\/labarraca1912.es\/wp-content\/uploads\/2019\/07\/expositormolinillos.jpg","datePublished":"2025-03-26T13:46:27+00:00","dateModified":"2026-04-15T13:14:55+00:00","description":"Descubre nuevos sabores al comprar el Set Molinillos con 6 mezclas de especias y sales para carnes, pescados y platos diarios. Ideal para regalar.","breadcrumb":{"@id":"https:\/\/labarraca1912.es\/tienda\/molinillos\/set-molinillos\/#breadcrumb"},"inLanguage":"fr-FR","potentialAction":[{"@type":"ReadAction","target":["https:\/\/labarraca1912.es\/tienda\/molinillos\/set-molinillos\/"]}]},{"@type":"ImageObject","inLanguage":"fr-FR","@id":"https:\/\/labarraca1912.es\/tienda\/molinillos\/set-molinillos\/#primaryimage","url":"https:\/\/labarraca1912.es\/wp-content\/uploads\/2019\/07\/expositormolinillos.jpg","contentUrl":"https:\/\/labarraca1912.es\/wp-content\/uploads\/2019\/07\/expositormolinillos.jpg","width":800,"height":800},{"@type":"BreadcrumbList","@id":"https:\/\/labarraca1912.es\/tienda\/molinillos\/set-molinillos\/#breadcrumb","itemListElement":[{"@type":"ListItem","position":1,"name":"La Barraca","item":"https:\/\/labarraca1912.es\/"},{"@type":"ListItem","position":2,"name":"Tienda","item":"https:\/\/labarraca1912.es\/tienda\/"},{"@type":"ListItem","position":3,"name":"Set Molinillos"}]},{"@type":"WebSite","@id":"https:\/\/labarraca1912.es\/#website","url":"https:\/\/labarraca1912.es\/","name":"La Barraca","description":"La Casa del Sabor","publisher":{"@id":"https:\/\/labarraca1912.es\/#organization"},"potentialAction":[{"@type":"SearchAction","target":{"@type":"EntryPoint","urlTemplate":"https:\/\/labarraca1912.es\/?s={search_term_string}"},"query-input":{"@type":"PropertyValueSpecification","valueRequired":true,"valueName":"search_term_string"}}],"inLanguage":"fr-FR"},{"@type":"Organization","@id":"https:\/\/labarraca1912.es\/#organization","name":"La Barraca 1912 Alimentacion","url":"https:\/\/labarraca1912.es\/","logo":{"@type":"ImageObject","inLanguage":"fr-FR","@id":"https:\/\/labarraca1912.es\/#\/schema\/logo\/image\/","url":"https:\/\/labarraca1912.es\/wp-content\/uploads\/2019\/06\/logo-labarraca.png","contentUrl":"https:\/\/labarraca1912.es\/wp-content\/uploads\/2019\/06\/logo-labarraca.png","width":2917,"height":1809,"caption":"La Barraca 1912 Alimentacion"},"image":{"@id":"https:\/\/labarraca1912.es\/#\/schema\/logo\/image\/"}}]}},"_links":{"self":[{"href":"https:\/\/labarraca1912.es\/fr\/wp-json\/wp\/v2\/product\/12058","targetHints":{"allow":["GET"]}}],"collection":[{"href":"https:\/\/labarraca1912.es\/fr\/wp-json\/wp\/v2\/product"}],"about":[{"href":"https:\/\/labarraca1912.es\/fr\/wp-json\/wp\/v2\/types\/product"}],"replies":[{"embeddable":true,"href":"https:\/\/labarraca1912.es\/fr\/wp-json\/wp\/v2\/comments?post=12058"}],"wp:featuredmedia":[{"embeddable":true,"href":"https:\/\/labarraca1912.es\/fr\/wp-json\/wp\/v2\/media\/4351"}],"wp:attachment":[{"href":"https:\/\/labarraca1912.es\/fr\/wp-json\/wp\/v2\/media?parent=12058"}],"wp:term":[{"taxonomy":"product_brand","embeddable":true,"href":"https:\/\/labarraca1912.es\/fr\/wp-json\/wp\/v2\/product_brand?post=12058"},{"taxonomy":"product_cat","embeddable":true,"href":"https:\/\/labarraca1912.es\/fr\/wp-json\/wp\/v2\/product_cat?post=12058"},{"taxonomy":"product_tag","embeddable":true,"href":"https:\/\/labarraca1912.es\/fr\/wp-json\/wp\/v2\/product_tag?post=12058"}],"curies":[{"name":"wp","href":"https:\/\/api.w.org\/{rel}","templated":true}]}}