{"id":12263,"date":"2025-05-13T11:00:21","date_gmt":"2025-05-13T09:00:21","guid":{"rendered":"https:\/\/labarraca1912.es\/?post_type=product&#038;p=12263"},"modified":"2026-03-09T08:36:37","modified_gmt":"2026-03-09T07:36:37","slug":"picada-catalana","status":"publish","type":"product","link":"https:\/\/labarraca1912.es\/fr\/tienda\/productos-complementarios\/picada-catalana\/","title":{"rendered":"Picada Catalana"},"content":{"rendered":"<p>PICADA CATALANA: M\u00e9lang\u00e9e pr\u00e9par\u00e9e avec des gressins de bl\u00e9 et des noix.<\/p>\n<p><strong>Picada Catalana: <\/strong>Il est utilis\u00e9 pour \u00e9paissir les sauces ou rehausser la saveur des rago\u00fbts de viande, de poisson, de l\u00e9gumes, de l\u00e9gumineuses, de riz ou de soupe.<\/p>","protected":false},"excerpt":{"rendered":"<blockquote>\n<h2><strong>Picada Catalana\u00a0<\/strong>16g<\/h2>\n<\/blockquote>\n<p>M\u00e9lang\u00e9e pr\u00e9par\u00e9e avec des gressins de bl\u00e9 et des noix. Il est utilis\u00e9 pour \u00e9paissir les sauces ou rehausser la saveur des rago\u00fbts de viande, de poisson, de l\u00e9gumes, de l\u00e9gumineuses, de riz ou de soupe.<\/p>\n<p><em><strong>Ingr\u00e9dients:<\/strong><\/em>\u00a0Colines (Farine de<strong>\u00a0BL\u00c9<\/strong>, eau, levure, huile de tournesol \u00e0 haute teneur en acide ol\u00e9ique, sel, huile d'olive, \u00e9mulsifiants : E-472e et l\u00e9cithine\u00a0<strong>SOJA<\/strong>\u00a0et antioxydant: E-300),<strong>\u00a0AMANDES<\/strong>,\u00a0<strong>NOISETTES<\/strong>\u00a0et des pignons de pin.<\/p>\n<p><em><strong>Al\u00e9rgenos: \u00abPuede contener trazas de MOSTAZA, S\u00c9SAMO, CACAHUETES, SULFITOS y LECHE\u00bb.<\/strong><\/em><\/p>\n<p><strong>D\u00e9claration nutritionnelle. Valeurs moyennes per 100g de produit: <\/strong>\u00c9nergie: 2.320 kJ\/559 kcal. Graisses: 39,4g. Dont acides gras satur\u00e9s: 3,83g. Glucides: 37,2g. Dont sucres: 3,29g. Prot\u00e9ines: 17,3g. Sel: 0,55g.<\/p>","protected":false},"featured_media":12267,"comment_status":"open","ping_status":"closed","template":"","meta":{"_et_pb_use_builder":"","_et_pb_old_content":"","_et_gb_content_width":""},"product_brand":[],"product_cat":[15],"product_tag":[310],"class_list":{"0":"post-12263","1":"product","2":"type-product","3":"status-publish","4":"has-post-thumbnail","6":"product_cat-productos-complementarios","7":"product_tag-picada-catalana","9":"first","10":"instock","11":"taxable","12":"shipping-taxable","13":"purchasable","14":"product-type-simple"},"yoast_head":"<!-- This site is optimized with the Yoast SEO plugin v27.4 - https:\/\/yoast.com\/product\/yoast-seo-wordpress\/ -->\n<title>Picada Catalana - La Barraca<\/title>\n<meta name=\"description\" content=\"Se utiliza para espesar salsas o reforzar al sabor de los guisos de carne, pescado, verduras, legumbres, arroces o sopas.\" \/>\n<meta name=\"robots\" content=\"index, follow, max-snippet:-1, max-image-preview:large, max-video-preview:-1\" \/>\n<link rel=\"canonical\" href=\"https:\/\/labarraca1912.es\/fr\/tienda\/productos-complementarios\/picada-catalana\/\" \/>\n<meta property=\"og:locale\" content=\"fr_FR\" \/>\n<meta property=\"og:type\" content=\"article\" \/>\n<meta property=\"og:title\" content=\"Picada Catalana - La Barraca\" \/>\n<meta property=\"og:description\" content=\"Se utiliza para espesar salsas o reforzar al sabor de los guisos de carne, pescado, verduras, legumbres, arroces o sopas.\" \/>\n<meta property=\"og:url\" content=\"https:\/\/labarraca1912.es\/fr\/tienda\/productos-complementarios\/picada-catalana\/\" \/>\n<meta property=\"og:site_name\" content=\"La Barraca\" \/>\n<meta property=\"article:modified_time\" content=\"2026-03-09T07:36:37+00:00\" \/>\n<meta property=\"og:image\" content=\"https:\/\/labarraca1912.es\/wp-content\/uploads\/Picada-catalana.jpg\" \/>\n\t<meta property=\"og:image:width\" content=\"800\" \/>\n\t<meta property=\"og:image:height\" content=\"800\" \/>\n\t<meta property=\"og:image:type\" content=\"image\/jpeg\" \/>\n<meta name=\"twitter:card\" content=\"summary_large_image\" \/>\n<meta name=\"twitter:label1\" content=\"Dur\u00e9e de lecture estim\u00e9e\" \/>\n\t<meta name=\"twitter:data1\" content=\"1 minute\" \/>\n<script type=\"application\/ld+json\" class=\"yoast-schema-graph\">{\"@context\":\"https:\\\/\\\/schema.org\",\"@graph\":[{\"@type\":\"WebPage\",\"@id\":\"https:\\\/\\\/labarraca1912.es\\\/tienda\\\/productos-complementarios\\\/picada-catalana\\\/\",\"url\":\"https:\\\/\\\/labarraca1912.es\\\/tienda\\\/productos-complementarios\\\/picada-catalana\\\/\",\"name\":\"Picada Catalana - La Barraca\",\"isPartOf\":{\"@id\":\"https:\\\/\\\/labarraca1912.es\\\/#website\"},\"primaryImageOfPage\":{\"@id\":\"https:\\\/\\\/labarraca1912.es\\\/tienda\\\/productos-complementarios\\\/picada-catalana\\\/#primaryimage\"},\"image\":{\"@id\":\"https:\\\/\\\/labarraca1912.es\\\/tienda\\\/productos-complementarios\\\/picada-catalana\\\/#primaryimage\"},\"thumbnailUrl\":\"https:\\\/\\\/labarraca1912.es\\\/wp-content\\\/uploads\\\/Picada-catalana.jpg\",\"datePublished\":\"2025-05-13T09:00:21+00:00\",\"dateModified\":\"2026-03-09T07:36:37+00:00\",\"description\":\"Se utiliza para espesar salsas o reforzar al sabor de los guisos de carne, pescado, verduras, legumbres, arroces o sopas.\",\"breadcrumb\":{\"@id\":\"https:\\\/\\\/labarraca1912.es\\\/tienda\\\/productos-complementarios\\\/picada-catalana\\\/#breadcrumb\"},\"inLanguage\":\"fr-FR\",\"potentialAction\":[{\"@type\":\"ReadAction\",\"target\":[\"https:\\\/\\\/labarraca1912.es\\\/tienda\\\/productos-complementarios\\\/picada-catalana\\\/\"]}]},{\"@type\":\"ImageObject\",\"inLanguage\":\"fr-FR\",\"@id\":\"https:\\\/\\\/labarraca1912.es\\\/tienda\\\/productos-complementarios\\\/picada-catalana\\\/#primaryimage\",\"url\":\"https:\\\/\\\/labarraca1912.es\\\/wp-content\\\/uploads\\\/Picada-catalana.jpg\",\"contentUrl\":\"https:\\\/\\\/labarraca1912.es\\\/wp-content\\\/uploads\\\/Picada-catalana.jpg\",\"width\":800,\"height\":800},{\"@type\":\"BreadcrumbList\",\"@id\":\"https:\\\/\\\/labarraca1912.es\\\/tienda\\\/productos-complementarios\\\/picada-catalana\\\/#breadcrumb\",\"itemListElement\":[{\"@type\":\"ListItem\",\"position\":1,\"name\":\"La Barraca\",\"item\":\"https:\\\/\\\/labarraca1912.es\\\/\"},{\"@type\":\"ListItem\",\"position\":2,\"name\":\"Tienda\",\"item\":\"https:\\\/\\\/labarraca1912.es\\\/tienda\\\/\"},{\"@type\":\"ListItem\",\"position\":3,\"name\":\"Picada Catalana\"}]},{\"@type\":\"WebSite\",\"@id\":\"https:\\\/\\\/labarraca1912.es\\\/#website\",\"url\":\"https:\\\/\\\/labarraca1912.es\\\/\",\"name\":\"La Barraca\",\"description\":\"La Casa del Sabor\",\"publisher\":{\"@id\":\"https:\\\/\\\/labarraca1912.es\\\/#organization\"},\"potentialAction\":[{\"@type\":\"SearchAction\",\"target\":{\"@type\":\"EntryPoint\",\"urlTemplate\":\"https:\\\/\\\/labarraca1912.es\\\/?s={search_term_string}\"},\"query-input\":{\"@type\":\"PropertyValueSpecification\",\"valueRequired\":true,\"valueName\":\"search_term_string\"}}],\"inLanguage\":\"fr-FR\"},{\"@type\":\"Organization\",\"@id\":\"https:\\\/\\\/labarraca1912.es\\\/#organization\",\"name\":\"La Barraca 1912 Alimentacion\",\"url\":\"https:\\\/\\\/labarraca1912.es\\\/\",\"logo\":{\"@type\":\"ImageObject\",\"inLanguage\":\"fr-FR\",\"@id\":\"https:\\\/\\\/labarraca1912.es\\\/#\\\/schema\\\/logo\\\/image\\\/\",\"url\":\"https:\\\/\\\/labarraca1912.es\\\/wp-content\\\/uploads\\\/2019\\\/06\\\/logo-labarraca.png\",\"contentUrl\":\"https:\\\/\\\/labarraca1912.es\\\/wp-content\\\/uploads\\\/2019\\\/06\\\/logo-labarraca.png\",\"width\":2917,\"height\":1809,\"caption\":\"La Barraca 1912 Alimentacion\"},\"image\":{\"@id\":\"https:\\\/\\\/labarraca1912.es\\\/#\\\/schema\\\/logo\\\/image\\\/\"}}]}<\/script>\n<!-- \/ Yoast SEO plugin. -->","yoast_head_json":{"title":"Picada Catalana - La Barraca","description":"Il est utilis\u00e9 pour \u00e9paissir les sauces ou rehausser la saveur des rago\u00fbts de viande, de poisson, de l\u00e9gumes, de l\u00e9gumineuses, de riz ou de soupe.","robots":{"index":"index","follow":"follow","max-snippet":"max-snippet:-1","max-image-preview":"max-image-preview:large","max-video-preview":"max-video-preview:-1"},"canonical":"https:\/\/labarraca1912.es\/fr\/tienda\/productos-complementarios\/picada-catalana\/","og_locale":"fr_FR","og_type":"article","og_title":"Picada Catalana - La Barraca","og_description":"Se utiliza para espesar salsas o reforzar al sabor de los guisos de carne, pescado, verduras, legumbres, arroces o sopas.","og_url":"https:\/\/labarraca1912.es\/fr\/tienda\/productos-complementarios\/picada-catalana\/","og_site_name":"La Barraca","article_modified_time":"2026-03-09T07:36:37+00:00","og_image":[{"width":800,"height":800,"url":"https:\/\/labarraca1912.es\/wp-content\/uploads\/Picada-catalana.jpg","type":"image\/jpeg"}],"twitter_card":"summary_large_image","twitter_misc":{"Dur\u00e9e de lecture estim\u00e9e":"1 minute"},"schema":{"@context":"https:\/\/schema.org","@graph":[{"@type":"WebPage","@id":"https:\/\/labarraca1912.es\/tienda\/productos-complementarios\/picada-catalana\/","url":"https:\/\/labarraca1912.es\/tienda\/productos-complementarios\/picada-catalana\/","name":"Picada Catalana - La Barraca","isPartOf":{"@id":"https:\/\/labarraca1912.es\/#website"},"primaryImageOfPage":{"@id":"https:\/\/labarraca1912.es\/tienda\/productos-complementarios\/picada-catalana\/#primaryimage"},"image":{"@id":"https:\/\/labarraca1912.es\/tienda\/productos-complementarios\/picada-catalana\/#primaryimage"},"thumbnailUrl":"https:\/\/labarraca1912.es\/wp-content\/uploads\/Picada-catalana.jpg","datePublished":"2025-05-13T09:00:21+00:00","dateModified":"2026-03-09T07:36:37+00:00","description":"Il est utilis\u00e9 pour \u00e9paissir les sauces ou rehausser la saveur des rago\u00fbts de viande, de poisson, de l\u00e9gumes, de l\u00e9gumineuses, de riz ou de soupe.","breadcrumb":{"@id":"https:\/\/labarraca1912.es\/tienda\/productos-complementarios\/picada-catalana\/#breadcrumb"},"inLanguage":"fr-FR","potentialAction":[{"@type":"ReadAction","target":["https:\/\/labarraca1912.es\/tienda\/productos-complementarios\/picada-catalana\/"]}]},{"@type":"ImageObject","inLanguage":"fr-FR","@id":"https:\/\/labarraca1912.es\/tienda\/productos-complementarios\/picada-catalana\/#primaryimage","url":"https:\/\/labarraca1912.es\/wp-content\/uploads\/Picada-catalana.jpg","contentUrl":"https:\/\/labarraca1912.es\/wp-content\/uploads\/Picada-catalana.jpg","width":800,"height":800},{"@type":"BreadcrumbList","@id":"https:\/\/labarraca1912.es\/tienda\/productos-complementarios\/picada-catalana\/#breadcrumb","itemListElement":[{"@type":"ListItem","position":1,"name":"La Barraca","item":"https:\/\/labarraca1912.es\/"},{"@type":"ListItem","position":2,"name":"Tienda","item":"https:\/\/labarraca1912.es\/tienda\/"},{"@type":"ListItem","position":3,"name":"Picada Catalana"}]},{"@type":"WebSite","@id":"https:\/\/labarraca1912.es\/#website","url":"https:\/\/labarraca1912.es\/","name":"La Barraca","description":"La Casa del Sabor","publisher":{"@id":"https:\/\/labarraca1912.es\/#organization"},"potentialAction":[{"@type":"SearchAction","target":{"@type":"EntryPoint","urlTemplate":"https:\/\/labarraca1912.es\/?s={search_term_string}"},"query-input":{"@type":"PropertyValueSpecification","valueRequired":true,"valueName":"search_term_string"}}],"inLanguage":"fr-FR"},{"@type":"Organization","@id":"https:\/\/labarraca1912.es\/#organization","name":"La Barraca 1912 Alimentacion","url":"https:\/\/labarraca1912.es\/","logo":{"@type":"ImageObject","inLanguage":"fr-FR","@id":"https:\/\/labarraca1912.es\/#\/schema\/logo\/image\/","url":"https:\/\/labarraca1912.es\/wp-content\/uploads\/2019\/06\/logo-labarraca.png","contentUrl":"https:\/\/labarraca1912.es\/wp-content\/uploads\/2019\/06\/logo-labarraca.png","width":2917,"height":1809,"caption":"La Barraca 1912 Alimentacion"},"image":{"@id":"https:\/\/labarraca1912.es\/#\/schema\/logo\/image\/"}}]}},"_links":{"self":[{"href":"https:\/\/labarraca1912.es\/fr\/wp-json\/wp\/v2\/product\/12263","targetHints":{"allow":["GET"]}}],"collection":[{"href":"https:\/\/labarraca1912.es\/fr\/wp-json\/wp\/v2\/product"}],"about":[{"href":"https:\/\/labarraca1912.es\/fr\/wp-json\/wp\/v2\/types\/product"}],"replies":[{"embeddable":true,"href":"https:\/\/labarraca1912.es\/fr\/wp-json\/wp\/v2\/comments?post=12263"}],"wp:featuredmedia":[{"embeddable":true,"href":"https:\/\/labarraca1912.es\/fr\/wp-json\/wp\/v2\/media\/12267"}],"wp:attachment":[{"href":"https:\/\/labarraca1912.es\/fr\/wp-json\/wp\/v2\/media?parent=12263"}],"wp:term":[{"taxonomy":"product_brand","embeddable":true,"href":"https:\/\/labarraca1912.es\/fr\/wp-json\/wp\/v2\/product_brand?post=12263"},{"taxonomy":"product_cat","embeddable":true,"href":"https:\/\/labarraca1912.es\/fr\/wp-json\/wp\/v2\/product_cat?post=12263"},{"taxonomy":"product_tag","embeddable":true,"href":"https:\/\/labarraca1912.es\/fr\/wp-json\/wp\/v2\/product_tag?post=12263"}],"curies":[{"name":"wp","href":"https:\/\/api.w.org\/{rel}","templated":true}]}}