{"id":125,"date":"2019-06-28T10:20:04","date_gmt":"2019-06-28T08:20:04","guid":{"rendered":"https:\/\/labarraca1912.es\/?post_type=product&#038;p=125"},"modified":"2026-04-14T21:29:21","modified_gmt":"2026-04-14T19:29:21","slug":"edulcorante-de-mesa","status":"publish","type":"product","link":"https:\/\/labarraca1912.es\/fr\/tienda\/edulcorantes-y-cafes\/edulcorante-de-mesa\/","title":{"rendered":"\u00c9dulcorant"},"content":{"rendered":"<p>\u00c9DULCORANT: L'\u00e9dulcorant de table ou saccharine peut \u00eatre utilis\u00e9 dans la pr\u00e9paration de g\u00e2teaux, desserts et p\u00e2tisseries, pour les sucrer \u00e0 faible valeur \u00e9nerg\u00e9tique. Il est \u00e9galement utilis\u00e9 pour sucrer les boissons et les infusions comme les caf\u00e9s, les th\u00e9s et les infusions. Bo\u00eete de 250\/500 sachets, excellent format pour \u00eatre expos\u00e9e et utilis\u00e9e au quotidien.<\/p>\n<p><strong>\u00c9dulcorant:<\/strong>\u00a0Utilis\u00e9 pour sucrer tous types d\u2019aliments et de boissons chauds et froids.<\/p>","protected":false},"excerpt":{"rendered":"<blockquote>\n<h2><strong>\u00c9dulcorant<\/strong> Bo\u00eete 60\/250\/500 Sachets<\/h2>\n<\/blockquote>\n<p>L'\u00e9dulcorant de table ou saccharine peut \u00eatre utilis\u00e9 dans la pr\u00e9paration de g\u00e2teaux, desserts et p\u00e2tisseries, pour les sucrer \u00e0 faible valeur \u00e9nerg\u00e9tique. Il est \u00e9galement utilis\u00e9 pour sucrer les boissons et les infusions comme les caf\u00e9s, les th\u00e9s et les infusions. Bo\u00eete de 60\/250\/500 sachets, excellent format pour \u00eatre expos\u00e9e et utilis\u00e9e au quotidien.<\/p>\n<p><em><strong>Ingr\u00e9dients:<\/strong><\/em> Dextrose, \u00e9dulcorants: cyclamate de sodium E-952 et saccharine de sodium E-954. \u00c9dulcorant de table \u00e0 base de cyclamate de sodium et de saccharine de sodium.<\/p>","protected":false},"featured_media":12866,"comment_status":"open","ping_status":"closed","template":"","meta":{"_et_pb_use_builder":"","_et_pb_old_content":"","_et_gb_content_width":""},"product_brand":[],"product_cat":[18],"product_tag":[44,42,45,46,43],"class_list":{"0":"post-125","1":"product","2":"type-product","3":"status-publish","4":"has-post-thumbnail","6":"product_cat-edulcorantes-y-cafes","7":"product_tag-cafe","8":"product_tag-edulcorante","9":"product_tag-infusion","10":"product_tag-pasteleria","11":"product_tag-sacarina","13":"first","14":"instock","15":"taxable","16":"shipping-taxable","17":"purchasable","18":"product-type-variable"},"yoast_head":"<!-- This site is optimized with the Yoast SEO plugin v27.4 - https:\/\/yoast.com\/product\/yoast-seo-wordpress\/ -->\n<title>Comprar Edulcorante de Mesa en sobres | La Barraca<\/title>\n<meta name=\"description\" content=\"Endulza tus bebidas o postres sin calor\u00edas al comprar edulcorante de mesa en sobres, ideal para el d\u00eda a d\u00eda en formato de 60, 250 o 500 unidades.\" \/>\n<meta name=\"robots\" content=\"index, follow, max-snippet:-1, max-image-preview:large, max-video-preview:-1\" \/>\n<link rel=\"canonical\" href=\"https:\/\/labarraca1912.es\/fr\/tienda\/edulcorantes-y-cafes\/edulcorante-de-mesa\/\" \/>\n<meta property=\"og:locale\" content=\"fr_FR\" \/>\n<meta property=\"og:type\" content=\"article\" \/>\n<meta property=\"og:title\" content=\"Comprar Edulcorante de Mesa en sobres | La Barraca\" \/>\n<meta property=\"og:description\" content=\"Endulza tus bebidas o postres sin calor\u00edas al comprar edulcorante de mesa en sobres, ideal para el d\u00eda a d\u00eda en formato de 60, 250 o 500 unidades.\" \/>\n<meta property=\"og:url\" content=\"https:\/\/labarraca1912.es\/fr\/tienda\/edulcorantes-y-cafes\/edulcorante-de-mesa\/\" \/>\n<meta property=\"og:site_name\" content=\"La Barraca\" \/>\n<meta property=\"article:modified_time\" content=\"2026-04-14T19:29:21+00:00\" \/>\n<meta property=\"og:image\" content=\"https:\/\/labarraca1912.es\/wp-content\/uploads\/edulcorante60-2025.jpg\" \/>\n\t<meta property=\"og:image:width\" content=\"800\" \/>\n\t<meta property=\"og:image:height\" content=\"800\" \/>\n\t<meta property=\"og:image:type\" content=\"image\/jpeg\" \/>\n<meta name=\"twitter:card\" content=\"summary_large_image\" \/>\n<meta name=\"twitter:label1\" content=\"Dur\u00e9e de lecture estim\u00e9e\" \/>\n\t<meta name=\"twitter:data1\" content=\"1 minute\" \/>\n<script type=\"application\/ld+json\" class=\"yoast-schema-graph\">{\"@context\":\"https:\\\/\\\/schema.org\",\"@graph\":[{\"@type\":\"WebPage\",\"@id\":\"https:\\\/\\\/labarraca1912.es\\\/tienda\\\/edulcorantes-y-cafes\\\/edulcorante-de-mesa\\\/\",\"url\":\"https:\\\/\\\/labarraca1912.es\\\/tienda\\\/edulcorantes-y-cafes\\\/edulcorante-de-mesa\\\/\",\"name\":\"Comprar Edulcorante de Mesa en sobres | La Barraca\",\"isPartOf\":{\"@id\":\"https:\\\/\\\/labarraca1912.es\\\/#website\"},\"primaryImageOfPage\":{\"@id\":\"https:\\\/\\\/labarraca1912.es\\\/tienda\\\/edulcorantes-y-cafes\\\/edulcorante-de-mesa\\\/#primaryimage\"},\"image\":{\"@id\":\"https:\\\/\\\/labarraca1912.es\\\/tienda\\\/edulcorantes-y-cafes\\\/edulcorante-de-mesa\\\/#primaryimage\"},\"thumbnailUrl\":\"https:\\\/\\\/labarraca1912.es\\\/wp-content\\\/uploads\\\/edulcorante60-2025.jpg\",\"datePublished\":\"2019-06-28T08:20:04+00:00\",\"dateModified\":\"2026-04-14T19:29:21+00:00\",\"description\":\"Endulza tus bebidas o postres sin calor\u00edas al comprar edulcorante de mesa en sobres, ideal para el d\u00eda a d\u00eda en formato de 60, 250 o 500 unidades.\",\"breadcrumb\":{\"@id\":\"https:\\\/\\\/labarraca1912.es\\\/tienda\\\/edulcorantes-y-cafes\\\/edulcorante-de-mesa\\\/#breadcrumb\"},\"inLanguage\":\"fr-FR\",\"potentialAction\":[{\"@type\":\"ReadAction\",\"target\":[\"https:\\\/\\\/labarraca1912.es\\\/tienda\\\/edulcorantes-y-cafes\\\/edulcorante-de-mesa\\\/\"]}]},{\"@type\":\"ImageObject\",\"inLanguage\":\"fr-FR\",\"@id\":\"https:\\\/\\\/labarraca1912.es\\\/tienda\\\/edulcorantes-y-cafes\\\/edulcorante-de-mesa\\\/#primaryimage\",\"url\":\"https:\\\/\\\/labarraca1912.es\\\/wp-content\\\/uploads\\\/edulcorante60-2025.jpg\",\"contentUrl\":\"https:\\\/\\\/labarraca1912.es\\\/wp-content\\\/uploads\\\/edulcorante60-2025.jpg\",\"width\":800,\"height\":800},{\"@type\":\"BreadcrumbList\",\"@id\":\"https:\\\/\\\/labarraca1912.es\\\/tienda\\\/edulcorantes-y-cafes\\\/edulcorante-de-mesa\\\/#breadcrumb\",\"itemListElement\":[{\"@type\":\"ListItem\",\"position\":1,\"name\":\"La Barraca\",\"item\":\"https:\\\/\\\/labarraca1912.es\\\/\"},{\"@type\":\"ListItem\",\"position\":2,\"name\":\"Tienda\",\"item\":\"https:\\\/\\\/labarraca1912.es\\\/tienda\\\/\"},{\"@type\":\"ListItem\",\"position\":3,\"name\":\"Edulcorante de Mesa\"}]},{\"@type\":\"WebSite\",\"@id\":\"https:\\\/\\\/labarraca1912.es\\\/#website\",\"url\":\"https:\\\/\\\/labarraca1912.es\\\/\",\"name\":\"La Barraca\",\"description\":\"La Casa del Sabor\",\"publisher\":{\"@id\":\"https:\\\/\\\/labarraca1912.es\\\/#organization\"},\"potentialAction\":[{\"@type\":\"SearchAction\",\"target\":{\"@type\":\"EntryPoint\",\"urlTemplate\":\"https:\\\/\\\/labarraca1912.es\\\/?s={search_term_string}\"},\"query-input\":{\"@type\":\"PropertyValueSpecification\",\"valueRequired\":true,\"valueName\":\"search_term_string\"}}],\"inLanguage\":\"fr-FR\"},{\"@type\":\"Organization\",\"@id\":\"https:\\\/\\\/labarraca1912.es\\\/#organization\",\"name\":\"La Barraca 1912 Alimentacion\",\"url\":\"https:\\\/\\\/labarraca1912.es\\\/\",\"logo\":{\"@type\":\"ImageObject\",\"inLanguage\":\"fr-FR\",\"@id\":\"https:\\\/\\\/labarraca1912.es\\\/#\\\/schema\\\/logo\\\/image\\\/\",\"url\":\"https:\\\/\\\/labarraca1912.es\\\/wp-content\\\/uploads\\\/2019\\\/06\\\/logo-labarraca.png\",\"contentUrl\":\"https:\\\/\\\/labarraca1912.es\\\/wp-content\\\/uploads\\\/2019\\\/06\\\/logo-labarraca.png\",\"width\":2917,\"height\":1809,\"caption\":\"La Barraca 1912 Alimentacion\"},\"image\":{\"@id\":\"https:\\\/\\\/labarraca1912.es\\\/#\\\/schema\\\/logo\\\/image\\\/\"}}]}<\/script>\n<!-- \/ Yoast SEO plugin. -->","yoast_head_json":{"title":"Comprar Edulcorante de Mesa en sobres | La Barraca","description":"Endulza tus bebidas o postres sin calor\u00edas al comprar edulcorante de mesa en sobres, ideal para el d\u00eda a d\u00eda en formato de 60, 250 o 500 unidades.","robots":{"index":"index","follow":"follow","max-snippet":"max-snippet:-1","max-image-preview":"max-image-preview:large","max-video-preview":"max-video-preview:-1"},"canonical":"https:\/\/labarraca1912.es\/fr\/tienda\/edulcorantes-y-cafes\/edulcorante-de-mesa\/","og_locale":"fr_FR","og_type":"article","og_title":"Comprar Edulcorante de Mesa en sobres | La Barraca","og_description":"Endulza tus bebidas o postres sin calor\u00edas al comprar edulcorante de mesa en sobres, ideal para el d\u00eda a d\u00eda en formato de 60, 250 o 500 unidades.","og_url":"https:\/\/labarraca1912.es\/fr\/tienda\/edulcorantes-y-cafes\/edulcorante-de-mesa\/","og_site_name":"La Barraca","article_modified_time":"2026-04-14T19:29:21+00:00","og_image":[{"width":800,"height":800,"url":"https:\/\/labarraca1912.es\/wp-content\/uploads\/edulcorante60-2025.jpg","type":"image\/jpeg"}],"twitter_card":"summary_large_image","twitter_misc":{"Dur\u00e9e de lecture estim\u00e9e":"1 minute"},"schema":{"@context":"https:\/\/schema.org","@graph":[{"@type":"WebPage","@id":"https:\/\/labarraca1912.es\/tienda\/edulcorantes-y-cafes\/edulcorante-de-mesa\/","url":"https:\/\/labarraca1912.es\/tienda\/edulcorantes-y-cafes\/edulcorante-de-mesa\/","name":"Comprar Edulcorante de Mesa en sobres | La Barraca","isPartOf":{"@id":"https:\/\/labarraca1912.es\/#website"},"primaryImageOfPage":{"@id":"https:\/\/labarraca1912.es\/tienda\/edulcorantes-y-cafes\/edulcorante-de-mesa\/#primaryimage"},"image":{"@id":"https:\/\/labarraca1912.es\/tienda\/edulcorantes-y-cafes\/edulcorante-de-mesa\/#primaryimage"},"thumbnailUrl":"https:\/\/labarraca1912.es\/wp-content\/uploads\/edulcorante60-2025.jpg","datePublished":"2019-06-28T08:20:04+00:00","dateModified":"2026-04-14T19:29:21+00:00","description":"Endulza tus bebidas o postres sin calor\u00edas al comprar edulcorante de mesa en sobres, ideal para el d\u00eda a d\u00eda en formato de 60, 250 o 500 unidades.","breadcrumb":{"@id":"https:\/\/labarraca1912.es\/tienda\/edulcorantes-y-cafes\/edulcorante-de-mesa\/#breadcrumb"},"inLanguage":"fr-FR","potentialAction":[{"@type":"ReadAction","target":["https:\/\/labarraca1912.es\/tienda\/edulcorantes-y-cafes\/edulcorante-de-mesa\/"]}]},{"@type":"ImageObject","inLanguage":"fr-FR","@id":"https:\/\/labarraca1912.es\/tienda\/edulcorantes-y-cafes\/edulcorante-de-mesa\/#primaryimage","url":"https:\/\/labarraca1912.es\/wp-content\/uploads\/edulcorante60-2025.jpg","contentUrl":"https:\/\/labarraca1912.es\/wp-content\/uploads\/edulcorante60-2025.jpg","width":800,"height":800},{"@type":"BreadcrumbList","@id":"https:\/\/labarraca1912.es\/tienda\/edulcorantes-y-cafes\/edulcorante-de-mesa\/#breadcrumb","itemListElement":[{"@type":"ListItem","position":1,"name":"La Barraca","item":"https:\/\/labarraca1912.es\/"},{"@type":"ListItem","position":2,"name":"Tienda","item":"https:\/\/labarraca1912.es\/tienda\/"},{"@type":"ListItem","position":3,"name":"Edulcorante de Mesa"}]},{"@type":"WebSite","@id":"https:\/\/labarraca1912.es\/#website","url":"https:\/\/labarraca1912.es\/","name":"La Barraca","description":"La Casa del Sabor","publisher":{"@id":"https:\/\/labarraca1912.es\/#organization"},"potentialAction":[{"@type":"SearchAction","target":{"@type":"EntryPoint","urlTemplate":"https:\/\/labarraca1912.es\/?s={search_term_string}"},"query-input":{"@type":"PropertyValueSpecification","valueRequired":true,"valueName":"search_term_string"}}],"inLanguage":"fr-FR"},{"@type":"Organization","@id":"https:\/\/labarraca1912.es\/#organization","name":"La Barraca 1912 Alimentacion","url":"https:\/\/labarraca1912.es\/","logo":{"@type":"ImageObject","inLanguage":"fr-FR","@id":"https:\/\/labarraca1912.es\/#\/schema\/logo\/image\/","url":"https:\/\/labarraca1912.es\/wp-content\/uploads\/2019\/06\/logo-labarraca.png","contentUrl":"https:\/\/labarraca1912.es\/wp-content\/uploads\/2019\/06\/logo-labarraca.png","width":2917,"height":1809,"caption":"La Barraca 1912 Alimentacion"},"image":{"@id":"https:\/\/labarraca1912.es\/#\/schema\/logo\/image\/"}}]}},"_links":{"self":[{"href":"https:\/\/labarraca1912.es\/fr\/wp-json\/wp\/v2\/product\/125","targetHints":{"allow":["GET"]}}],"collection":[{"href":"https:\/\/labarraca1912.es\/fr\/wp-json\/wp\/v2\/product"}],"about":[{"href":"https:\/\/labarraca1912.es\/fr\/wp-json\/wp\/v2\/types\/product"}],"replies":[{"embeddable":true,"href":"https:\/\/labarraca1912.es\/fr\/wp-json\/wp\/v2\/comments?post=125"}],"wp:featuredmedia":[{"embeddable":true,"href":"https:\/\/labarraca1912.es\/fr\/wp-json\/wp\/v2\/media\/12866"}],"wp:attachment":[{"href":"https:\/\/labarraca1912.es\/fr\/wp-json\/wp\/v2\/media?parent=125"}],"wp:term":[{"taxonomy":"product_brand","embeddable":true,"href":"https:\/\/labarraca1912.es\/fr\/wp-json\/wp\/v2\/product_brand?post=125"},{"taxonomy":"product_cat","embeddable":true,"href":"https:\/\/labarraca1912.es\/fr\/wp-json\/wp\/v2\/product_cat?post=125"},{"taxonomy":"product_tag","embeddable":true,"href":"https:\/\/labarraca1912.es\/fr\/wp-json\/wp\/v2\/product_tag?post=125"}],"curies":[{"name":"wp","href":"https:\/\/api.w.org\/{rel}","templated":true}]}}