{"id":14261,"date":"2026-04-09T12:55:22","date_gmt":"2026-04-09T10:55:22","guid":{"rendered":"https:\/\/labarraca1912.es\/?post_type=product&#038;p=14261"},"modified":"2026-04-21T13:20:29","modified_gmt":"2026-04-21T11:20:29","slug":"molinillo-fusion-de-pimientas","status":"publish","type":"product","link":"https:\/\/labarraca1912.es\/fr\/tienda\/molinillos\/molinillo-fusion-de-pimientas\/","title":{"rendered":"Moulin Fusion de Poivres 48g"},"content":{"rendered":"<p>MOULIN FUSION DE POIVRES: M\u00e9lange qui combine la saveur particuli\u00e8re de cinq types de grains de poivre qui, moulus juste avant consommation, offrent une saveur particuli\u00e8rement adapt\u00e9e aux viandes, poissons et rago\u00fbts.<\/p>\n<p><strong>Fusion de Poivres:<\/strong> Utilis\u00e9 pour assaisonner les sauces de toutes sortes, les viandes, les poissons et les rago\u00fbts. C'est une \u00e9pice largement utilis\u00e9e dans le poulet r\u00f4ti.<\/p>","protected":false},"excerpt":{"rendered":"<blockquote>\n<h2><strong>Moulin Fusion de Poivres<\/strong><\/h2>\n<\/blockquote>\n<p>Il s'agit d'un m\u00e9lange qui combine la saveur particuli\u00e8re de cinq types de grains de poivre qui, moulus juste avant la consommation, offrent une saveur particuli\u00e8rement adapt\u00e9e aux viandes, poissons et rago\u00fbts. La saveur \u00e9pic\u00e9e du poivre est obtenue \u00e0 partir du compos\u00e9 pip\u00e9rine, pr\u00e9sent dans la peau et les graines du poivre. Utilis\u00e9 pour assaisonner les sauces de toutes sortes, les viandes, les poissons et les rago\u00fbts. C'est une \u00e9pice largement utilis\u00e9e dans le poulet r\u00f4ti.<\/p>\n<p><em><strong>Ingr\u00e9dients:<\/strong><\/em> Poivre noir, poivre blanc, poivre de la Jama\u00efque, poivre rose et poivre vert.<\/p>","protected":false},"featured_media":14248,"comment_status":"open","ping_status":"closed","template":"","meta":{"_et_pb_use_builder":"","_et_pb_old_content":"","_et_gb_content_width":""},"product_brand":[],"product_cat":[164],"product_tag":[153,148,151,150,147,50,136,152],"class_list":{"0":"post-14261","1":"product","2":"type-product","3":"status-publish","4":"has-post-thumbnail","6":"product_cat-molinillos","7":"product_tag-blanca","8":"product_tag-grano","9":"product_tag-molido","10":"product_tag-molinillo","11":"product_tag-negra","12":"product_tag-pimienta","13":"product_tag-rosa","14":"product_tag-verde","16":"first","17":"instock","18":"taxable","19":"shipping-taxable","20":"purchasable","21":"product-type-simple"},"yoast_head":"<!-- This site is optimized with the Yoast SEO plugin v27.4 - https:\/\/yoast.com\/product\/yoast-seo-wordpress\/ -->\n<title>Comprar Molinillo Fusi\u00f3n de Pimientas 48g | La Barraca<\/title>\n<meta name=\"description\" content=\"A\u00f1ade sabor y aroma a tus platos al comprar un molinillo XL con fusi\u00f3n de cinco pimientas en grano, ideal para carnes, pescados y guisos.\" \/>\n<meta name=\"robots\" content=\"index, follow, max-snippet:-1, max-image-preview:large, max-video-preview:-1\" \/>\n<link rel=\"canonical\" href=\"https:\/\/labarraca1912.es\/fr\/tienda\/molinillos\/molinillo-fusion-de-pimientas\/\" \/>\n<meta property=\"og:locale\" content=\"fr_FR\" \/>\n<meta property=\"og:type\" content=\"article\" \/>\n<meta property=\"og:title\" content=\"Comprar Molinillo Fusi\u00f3n de Pimientas 48g | La Barraca\" \/>\n<meta property=\"og:description\" content=\"A\u00f1ade sabor y aroma a tus platos al comprar un molinillo XL con fusi\u00f3n de cinco pimientas en grano, ideal para carnes, pescados y guisos.\" \/>\n<meta property=\"og:url\" content=\"https:\/\/labarraca1912.es\/fr\/tienda\/molinillos\/molinillo-fusion-de-pimientas\/\" \/>\n<meta property=\"og:site_name\" content=\"La Barraca\" \/>\n<meta property=\"article:modified_time\" content=\"2026-04-21T11:20:29+00:00\" \/>\n<meta property=\"og:image\" content=\"https:\/\/labarraca1912.es\/wp-content\/uploads\/molinillofusionpimientas2026.jpg\" \/>\n\t<meta property=\"og:image:width\" content=\"800\" \/>\n\t<meta property=\"og:image:height\" content=\"800\" \/>\n\t<meta property=\"og:image:type\" content=\"image\/jpeg\" \/>\n<meta name=\"twitter:card\" content=\"summary_large_image\" \/>\n<meta name=\"twitter:label1\" content=\"Dur\u00e9e de lecture estim\u00e9e\" \/>\n\t<meta name=\"twitter:data1\" content=\"1 minute\" \/>\n<script type=\"application\/ld+json\" class=\"yoast-schema-graph\">{\"@context\":\"https:\\\/\\\/schema.org\",\"@graph\":[{\"@type\":\"WebPage\",\"@id\":\"https:\\\/\\\/labarraca1912.es\\\/tienda\\\/molinillos\\\/molinillo-fusion-de-pimientas\\\/\",\"url\":\"https:\\\/\\\/labarraca1912.es\\\/tienda\\\/molinillos\\\/molinillo-fusion-de-pimientas\\\/\",\"name\":\"Comprar Molinillo Fusi\u00f3n de Pimientas 48g | La Barraca\",\"isPartOf\":{\"@id\":\"https:\\\/\\\/labarraca1912.es\\\/#website\"},\"primaryImageOfPage\":{\"@id\":\"https:\\\/\\\/labarraca1912.es\\\/tienda\\\/molinillos\\\/molinillo-fusion-de-pimientas\\\/#primaryimage\"},\"image\":{\"@id\":\"https:\\\/\\\/labarraca1912.es\\\/tienda\\\/molinillos\\\/molinillo-fusion-de-pimientas\\\/#primaryimage\"},\"thumbnailUrl\":\"https:\\\/\\\/labarraca1912.es\\\/wp-content\\\/uploads\\\/molinillofusionpimientas2026.jpg\",\"datePublished\":\"2026-04-09T10:55:22+00:00\",\"dateModified\":\"2026-04-21T11:20:29+00:00\",\"description\":\"A\u00f1ade sabor y aroma a tus platos al comprar un molinillo XL con fusi\u00f3n de cinco pimientas en grano, ideal para carnes, pescados y guisos.\",\"breadcrumb\":{\"@id\":\"https:\\\/\\\/labarraca1912.es\\\/tienda\\\/molinillos\\\/molinillo-fusion-de-pimientas\\\/#breadcrumb\"},\"inLanguage\":\"fr-FR\",\"potentialAction\":[{\"@type\":\"ReadAction\",\"target\":[\"https:\\\/\\\/labarraca1912.es\\\/tienda\\\/molinillos\\\/molinillo-fusion-de-pimientas\\\/\"]}]},{\"@type\":\"ImageObject\",\"inLanguage\":\"fr-FR\",\"@id\":\"https:\\\/\\\/labarraca1912.es\\\/tienda\\\/molinillos\\\/molinillo-fusion-de-pimientas\\\/#primaryimage\",\"url\":\"https:\\\/\\\/labarraca1912.es\\\/wp-content\\\/uploads\\\/molinillofusionpimientas2026.jpg\",\"contentUrl\":\"https:\\\/\\\/labarraca1912.es\\\/wp-content\\\/uploads\\\/molinillofusionpimientas2026.jpg\",\"width\":800,\"height\":800},{\"@type\":\"BreadcrumbList\",\"@id\":\"https:\\\/\\\/labarraca1912.es\\\/tienda\\\/molinillos\\\/molinillo-fusion-de-pimientas\\\/#breadcrumb\",\"itemListElement\":[{\"@type\":\"ListItem\",\"position\":1,\"name\":\"La Barraca\",\"item\":\"https:\\\/\\\/labarraca1912.es\\\/\"},{\"@type\":\"ListItem\",\"position\":2,\"name\":\"Tienda\",\"item\":\"https:\\\/\\\/labarraca1912.es\\\/tienda\\\/\"},{\"@type\":\"ListItem\",\"position\":3,\"name\":\"Molinillo Fusi\u00f3n de Pimientas 48g\"}]},{\"@type\":\"WebSite\",\"@id\":\"https:\\\/\\\/labarraca1912.es\\\/#website\",\"url\":\"https:\\\/\\\/labarraca1912.es\\\/\",\"name\":\"La Barraca\",\"description\":\"La Casa del Sabor\",\"publisher\":{\"@id\":\"https:\\\/\\\/labarraca1912.es\\\/#organization\"},\"potentialAction\":[{\"@type\":\"SearchAction\",\"target\":{\"@type\":\"EntryPoint\",\"urlTemplate\":\"https:\\\/\\\/labarraca1912.es\\\/?s={search_term_string}\"},\"query-input\":{\"@type\":\"PropertyValueSpecification\",\"valueRequired\":true,\"valueName\":\"search_term_string\"}}],\"inLanguage\":\"fr-FR\"},{\"@type\":\"Organization\",\"@id\":\"https:\\\/\\\/labarraca1912.es\\\/#organization\",\"name\":\"La Barraca 1912 Alimentacion\",\"url\":\"https:\\\/\\\/labarraca1912.es\\\/\",\"logo\":{\"@type\":\"ImageObject\",\"inLanguage\":\"fr-FR\",\"@id\":\"https:\\\/\\\/labarraca1912.es\\\/#\\\/schema\\\/logo\\\/image\\\/\",\"url\":\"https:\\\/\\\/labarraca1912.es\\\/wp-content\\\/uploads\\\/2019\\\/06\\\/logo-labarraca.png\",\"contentUrl\":\"https:\\\/\\\/labarraca1912.es\\\/wp-content\\\/uploads\\\/2019\\\/06\\\/logo-labarraca.png\",\"width\":2917,\"height\":1809,\"caption\":\"La Barraca 1912 Alimentacion\"},\"image\":{\"@id\":\"https:\\\/\\\/labarraca1912.es\\\/#\\\/schema\\\/logo\\\/image\\\/\"}}]}<\/script>\n<!-- \/ Yoast SEO plugin. -->","yoast_head_json":{"title":"Comprar Molinillo Fusi\u00f3n de Pimientas 48g | La Barraca","description":"A\u00f1ade sabor y aroma a tus platos al comprar un molinillo XL con fusi\u00f3n de cinco pimientas en grano, ideal para carnes, pescados y guisos.","robots":{"index":"index","follow":"follow","max-snippet":"max-snippet:-1","max-image-preview":"max-image-preview:large","max-video-preview":"max-video-preview:-1"},"canonical":"https:\/\/labarraca1912.es\/fr\/tienda\/molinillos\/molinillo-fusion-de-pimientas\/","og_locale":"fr_FR","og_type":"article","og_title":"Comprar Molinillo Fusi\u00f3n de Pimientas 48g | La Barraca","og_description":"A\u00f1ade sabor y aroma a tus platos al comprar un molinillo XL con fusi\u00f3n de cinco pimientas en grano, ideal para carnes, pescados y guisos.","og_url":"https:\/\/labarraca1912.es\/fr\/tienda\/molinillos\/molinillo-fusion-de-pimientas\/","og_site_name":"La Barraca","article_modified_time":"2026-04-21T11:20:29+00:00","og_image":[{"width":800,"height":800,"url":"https:\/\/labarraca1912.es\/wp-content\/uploads\/molinillofusionpimientas2026.jpg","type":"image\/jpeg"}],"twitter_card":"summary_large_image","twitter_misc":{"Dur\u00e9e de lecture estim\u00e9e":"1 minute"},"schema":{"@context":"https:\/\/schema.org","@graph":[{"@type":"WebPage","@id":"https:\/\/labarraca1912.es\/tienda\/molinillos\/molinillo-fusion-de-pimientas\/","url":"https:\/\/labarraca1912.es\/tienda\/molinillos\/molinillo-fusion-de-pimientas\/","name":"Comprar Molinillo Fusi\u00f3n de Pimientas 48g | La Barraca","isPartOf":{"@id":"https:\/\/labarraca1912.es\/#website"},"primaryImageOfPage":{"@id":"https:\/\/labarraca1912.es\/tienda\/molinillos\/molinillo-fusion-de-pimientas\/#primaryimage"},"image":{"@id":"https:\/\/labarraca1912.es\/tienda\/molinillos\/molinillo-fusion-de-pimientas\/#primaryimage"},"thumbnailUrl":"https:\/\/labarraca1912.es\/wp-content\/uploads\/molinillofusionpimientas2026.jpg","datePublished":"2026-04-09T10:55:22+00:00","dateModified":"2026-04-21T11:20:29+00:00","description":"A\u00f1ade sabor y aroma a tus platos al comprar un molinillo XL con fusi\u00f3n de cinco pimientas en grano, ideal para carnes, pescados y guisos.","breadcrumb":{"@id":"https:\/\/labarraca1912.es\/tienda\/molinillos\/molinillo-fusion-de-pimientas\/#breadcrumb"},"inLanguage":"fr-FR","potentialAction":[{"@type":"ReadAction","target":["https:\/\/labarraca1912.es\/tienda\/molinillos\/molinillo-fusion-de-pimientas\/"]}]},{"@type":"ImageObject","inLanguage":"fr-FR","@id":"https:\/\/labarraca1912.es\/tienda\/molinillos\/molinillo-fusion-de-pimientas\/#primaryimage","url":"https:\/\/labarraca1912.es\/wp-content\/uploads\/molinillofusionpimientas2026.jpg","contentUrl":"https:\/\/labarraca1912.es\/wp-content\/uploads\/molinillofusionpimientas2026.jpg","width":800,"height":800},{"@type":"BreadcrumbList","@id":"https:\/\/labarraca1912.es\/tienda\/molinillos\/molinillo-fusion-de-pimientas\/#breadcrumb","itemListElement":[{"@type":"ListItem","position":1,"name":"La Barraca","item":"https:\/\/labarraca1912.es\/"},{"@type":"ListItem","position":2,"name":"Tienda","item":"https:\/\/labarraca1912.es\/tienda\/"},{"@type":"ListItem","position":3,"name":"Molinillo Fusi\u00f3n de Pimientas 48g"}]},{"@type":"WebSite","@id":"https:\/\/labarraca1912.es\/#website","url":"https:\/\/labarraca1912.es\/","name":"La Barraca","description":"La Casa del Sabor","publisher":{"@id":"https:\/\/labarraca1912.es\/#organization"},"potentialAction":[{"@type":"SearchAction","target":{"@type":"EntryPoint","urlTemplate":"https:\/\/labarraca1912.es\/?s={search_term_string}"},"query-input":{"@type":"PropertyValueSpecification","valueRequired":true,"valueName":"search_term_string"}}],"inLanguage":"fr-FR"},{"@type":"Organization","@id":"https:\/\/labarraca1912.es\/#organization","name":"La Barraca 1912 Alimentacion","url":"https:\/\/labarraca1912.es\/","logo":{"@type":"ImageObject","inLanguage":"fr-FR","@id":"https:\/\/labarraca1912.es\/#\/schema\/logo\/image\/","url":"https:\/\/labarraca1912.es\/wp-content\/uploads\/2019\/06\/logo-labarraca.png","contentUrl":"https:\/\/labarraca1912.es\/wp-content\/uploads\/2019\/06\/logo-labarraca.png","width":2917,"height":1809,"caption":"La Barraca 1912 Alimentacion"},"image":{"@id":"https:\/\/labarraca1912.es\/#\/schema\/logo\/image\/"}}]}},"_links":{"self":[{"href":"https:\/\/labarraca1912.es\/fr\/wp-json\/wp\/v2\/product\/14261","targetHints":{"allow":["GET"]}}],"collection":[{"href":"https:\/\/labarraca1912.es\/fr\/wp-json\/wp\/v2\/product"}],"about":[{"href":"https:\/\/labarraca1912.es\/fr\/wp-json\/wp\/v2\/types\/product"}],"replies":[{"embeddable":true,"href":"https:\/\/labarraca1912.es\/fr\/wp-json\/wp\/v2\/comments?post=14261"}],"wp:featuredmedia":[{"embeddable":true,"href":"https:\/\/labarraca1912.es\/fr\/wp-json\/wp\/v2\/media\/14248"}],"wp:attachment":[{"href":"https:\/\/labarraca1912.es\/fr\/wp-json\/wp\/v2\/media?parent=14261"}],"wp:term":[{"taxonomy":"product_brand","embeddable":true,"href":"https:\/\/labarraca1912.es\/fr\/wp-json\/wp\/v2\/product_brand?post=14261"},{"taxonomy":"product_cat","embeddable":true,"href":"https:\/\/labarraca1912.es\/fr\/wp-json\/wp\/v2\/product_cat?post=14261"},{"taxonomy":"product_tag","embeddable":true,"href":"https:\/\/labarraca1912.es\/fr\/wp-json\/wp\/v2\/product_tag?post=14261"}],"curies":[{"name":"wp","href":"https:\/\/api.w.org\/{rel}","templated":true}]}}