{"id":14264,"date":"2026-04-09T13:11:22","date_gmt":"2026-04-09T11:11:22","guid":{"rendered":"https:\/\/labarraca1912.es\/?post_type=product&#038;p=14264"},"modified":"2026-04-09T13:13:53","modified_gmt":"2026-04-09T11:13:53","slug":"molinillo-sal-marina-mediterranea","status":"publish","type":"product","link":"https:\/\/labarraca1912.es\/fr\/tienda\/molinillos\/molinillo-sal-marina-mediterranea\/","title":{"rendered":"Moulin Sel Marine M\u00e9diterran\u00e9e 100g"},"content":{"rendered":"<p>MOULIN SEL MARIN M\u00c9DITERRAN\u00c9E: Extraite de gisements min\u00e9raux anciens form\u00e9s au fil de millions d'ann\u00e9es, notre sel gemme est synonyme de puret\u00e9 et d'authenticit\u00e9. Ses gros cristaux naturels sont sp\u00e9cialement s\u00e9lectionn\u00e9s pour une utilisation dans les moulins \u00e0 sel, garantissant une mouture fra\u00eeche \u00e0 chaque utilisation.<\/p>\n<p><strong>Sel Marine M\u00e9diterran\u00e9e:<\/strong> Id\u00e9al pour les viandes, les salades, les poissons et les cr\u00e9ations gastronomiques o\u00f9 chaque d\u00e9tail compte.<\/p>","protected":false},"excerpt":{"rendered":"<blockquote>\n<h2><strong>Moulin Sel Marine M\u00e9diterran\u00e9e<\/strong><\/h2>\n<\/blockquote>\n<p>Extraite de gisements min\u00e9raux anciens form\u00e9s au fil de millions d'ann\u00e9es, notre sel gemme est synonyme de puret\u00e9 et d'authenticit\u00e9. Ses gros cristaux naturels sont sp\u00e9cialement s\u00e9lectionn\u00e9s pour une utilisation dans les moulins \u00e0 sel, garantissant une mouture fra\u00eeche \u00e0 chaque utilisation. Id\u00e9al pour les viandes, les salades, les poissons et les cr\u00e9ations gastronomiques o\u00f9 chaque d\u00e9tail compte.<\/p>\n<p><em><strong>Ingr\u00e9dients:<\/strong><\/em> Sel marin.<\/p>","protected":false},"featured_media":14254,"comment_status":"open","ping_status":"closed","template":"","meta":{"_et_pb_use_builder":"","_et_pb_old_content":"","_et_gb_content_width":""},"product_brand":[],"product_cat":[164],"product_tag":[156,150,157,79],"class_list":{"0":"post-14264","1":"product","2":"type-product","3":"status-publish","4":"has-post-thumbnail","6":"product_cat-molinillos","7":"product_tag-marina","8":"product_tag-molinillo","9":"product_tag-roca","10":"product_tag-sal","12":"first","13":"instock","14":"taxable","15":"shipping-taxable","16":"purchasable","17":"product-type-simple"},"yoast_head":"<!-- This site is optimized with the Yoast SEO plugin v27.5 - https:\/\/yoast.com\/product\/yoast-seo-wordpress\/ -->\n<title>Comprar Molinillo Sal Marina Mediterr\u00e1nea 100g | La Barraca<\/title>\n<meta name=\"description\" content=\"Dale un toque salado natural a tus platos al comprar un molinillo de sal marina mediterr\u00e1nea roca, ideal para realzar cualquier receta con sabor aut\u00e9ntico.\" \/>\n<meta name=\"robots\" content=\"index, follow, max-snippet:-1, max-image-preview:large, max-video-preview:-1\" \/>\n<link rel=\"canonical\" href=\"https:\/\/labarraca1912.es\/fr\/tienda\/molinillos\/molinillo-sal-marina-mediterranea\/\" \/>\n<meta property=\"og:locale\" content=\"fr_FR\" \/>\n<meta property=\"og:type\" content=\"article\" \/>\n<meta property=\"og:title\" content=\"Comprar Molinillo Sal Marina Mediterr\u00e1nea 100g | La Barraca\" \/>\n<meta property=\"og:description\" content=\"Dale un toque salado natural a tus platos al comprar un molinillo de sal marina mediterr\u00e1nea roca, ideal para realzar cualquier receta con sabor aut\u00e9ntico.\" \/>\n<meta property=\"og:url\" content=\"https:\/\/labarraca1912.es\/fr\/tienda\/molinillos\/molinillo-sal-marina-mediterranea\/\" \/>\n<meta property=\"og:site_name\" content=\"La Barraca\" \/>\n<meta property=\"article:modified_time\" content=\"2026-04-09T11:13:53+00:00\" \/>\n<meta property=\"og:image\" content=\"https:\/\/labarraca1912.es\/wp-content\/uploads\/molinillosalmarina2026.jpg\" \/>\n\t<meta property=\"og:image:width\" content=\"800\" \/>\n\t<meta property=\"og:image:height\" content=\"800\" \/>\n\t<meta property=\"og:image:type\" content=\"image\/jpeg\" \/>\n<meta name=\"twitter:card\" content=\"summary_large_image\" \/>\n<meta name=\"twitter:label1\" content=\"Dur\u00e9e de lecture estim\u00e9e\" \/>\n\t<meta name=\"twitter:data1\" content=\"1 minute\" \/>\n<script type=\"application\/ld+json\" class=\"yoast-schema-graph\">{\"@context\":\"https:\\\/\\\/schema.org\",\"@graph\":[{\"@type\":\"WebPage\",\"@id\":\"https:\\\/\\\/labarraca1912.es\\\/tienda\\\/molinillos\\\/molinillo-sal-marina-mediterranea\\\/\",\"url\":\"https:\\\/\\\/labarraca1912.es\\\/tienda\\\/molinillos\\\/molinillo-sal-marina-mediterranea\\\/\",\"name\":\"Comprar Molinillo Sal Marina Mediterr\u00e1nea 100g | La Barraca\",\"isPartOf\":{\"@id\":\"https:\\\/\\\/labarraca1912.es\\\/#website\"},\"primaryImageOfPage\":{\"@id\":\"https:\\\/\\\/labarraca1912.es\\\/tienda\\\/molinillos\\\/molinillo-sal-marina-mediterranea\\\/#primaryimage\"},\"image\":{\"@id\":\"https:\\\/\\\/labarraca1912.es\\\/tienda\\\/molinillos\\\/molinillo-sal-marina-mediterranea\\\/#primaryimage\"},\"thumbnailUrl\":\"https:\\\/\\\/labarraca1912.es\\\/wp-content\\\/uploads\\\/molinillosalmarina2026.jpg\",\"datePublished\":\"2026-04-09T11:11:22+00:00\",\"dateModified\":\"2026-04-09T11:13:53+00:00\",\"description\":\"Dale un toque salado natural a tus platos al comprar un molinillo de sal marina mediterr\u00e1nea roca, ideal para realzar cualquier receta con sabor aut\u00e9ntico.\",\"breadcrumb\":{\"@id\":\"https:\\\/\\\/labarraca1912.es\\\/tienda\\\/molinillos\\\/molinillo-sal-marina-mediterranea\\\/#breadcrumb\"},\"inLanguage\":\"fr-FR\",\"potentialAction\":[{\"@type\":\"ReadAction\",\"target\":[\"https:\\\/\\\/labarraca1912.es\\\/tienda\\\/molinillos\\\/molinillo-sal-marina-mediterranea\\\/\"]}]},{\"@type\":\"ImageObject\",\"inLanguage\":\"fr-FR\",\"@id\":\"https:\\\/\\\/labarraca1912.es\\\/tienda\\\/molinillos\\\/molinillo-sal-marina-mediterranea\\\/#primaryimage\",\"url\":\"https:\\\/\\\/labarraca1912.es\\\/wp-content\\\/uploads\\\/molinillosalmarina2026.jpg\",\"contentUrl\":\"https:\\\/\\\/labarraca1912.es\\\/wp-content\\\/uploads\\\/molinillosalmarina2026.jpg\",\"width\":800,\"height\":800},{\"@type\":\"BreadcrumbList\",\"@id\":\"https:\\\/\\\/labarraca1912.es\\\/tienda\\\/molinillos\\\/molinillo-sal-marina-mediterranea\\\/#breadcrumb\",\"itemListElement\":[{\"@type\":\"ListItem\",\"position\":1,\"name\":\"La Barraca\",\"item\":\"https:\\\/\\\/labarraca1912.es\\\/\"},{\"@type\":\"ListItem\",\"position\":2,\"name\":\"Tienda\",\"item\":\"https:\\\/\\\/labarraca1912.es\\\/tienda\\\/\"},{\"@type\":\"ListItem\",\"position\":3,\"name\":\"Molinillo Sal Marina Mediterr\u00e1nea 100g\"}]},{\"@type\":\"WebSite\",\"@id\":\"https:\\\/\\\/labarraca1912.es\\\/#website\",\"url\":\"https:\\\/\\\/labarraca1912.es\\\/\",\"name\":\"La Barraca\",\"description\":\"La Casa del Sabor\",\"publisher\":{\"@id\":\"https:\\\/\\\/labarraca1912.es\\\/#organization\"},\"potentialAction\":[{\"@type\":\"SearchAction\",\"target\":{\"@type\":\"EntryPoint\",\"urlTemplate\":\"https:\\\/\\\/labarraca1912.es\\\/?s={search_term_string}\"},\"query-input\":{\"@type\":\"PropertyValueSpecification\",\"valueRequired\":true,\"valueName\":\"search_term_string\"}}],\"inLanguage\":\"fr-FR\"},{\"@type\":\"Organization\",\"@id\":\"https:\\\/\\\/labarraca1912.es\\\/#organization\",\"name\":\"La Barraca 1912 Alimentacion\",\"url\":\"https:\\\/\\\/labarraca1912.es\\\/\",\"logo\":{\"@type\":\"ImageObject\",\"inLanguage\":\"fr-FR\",\"@id\":\"https:\\\/\\\/labarraca1912.es\\\/#\\\/schema\\\/logo\\\/image\\\/\",\"url\":\"https:\\\/\\\/labarraca1912.es\\\/wp-content\\\/uploads\\\/2019\\\/06\\\/logo-labarraca.png\",\"contentUrl\":\"https:\\\/\\\/labarraca1912.es\\\/wp-content\\\/uploads\\\/2019\\\/06\\\/logo-labarraca.png\",\"width\":2917,\"height\":1809,\"caption\":\"La Barraca 1912 Alimentacion\"},\"image\":{\"@id\":\"https:\\\/\\\/labarraca1912.es\\\/#\\\/schema\\\/logo\\\/image\\\/\"}}]}<\/script>\n<!-- \/ Yoast SEO plugin. -->","yoast_head_json":{"title":"Comprar Molinillo Sal Marina Mediterr\u00e1nea 100g | La Barraca","description":"Dale un toque salado natural a tus platos al comprar un molinillo de sal marina mediterr\u00e1nea roca, ideal para realzar cualquier receta con sabor aut\u00e9ntico.","robots":{"index":"index","follow":"follow","max-snippet":"max-snippet:-1","max-image-preview":"max-image-preview:large","max-video-preview":"max-video-preview:-1"},"canonical":"https:\/\/labarraca1912.es\/fr\/tienda\/molinillos\/molinillo-sal-marina-mediterranea\/","og_locale":"fr_FR","og_type":"article","og_title":"Comprar Molinillo Sal Marina Mediterr\u00e1nea 100g | La Barraca","og_description":"Dale un toque salado natural a tus platos al comprar un molinillo de sal marina mediterr\u00e1nea roca, ideal para realzar cualquier receta con sabor aut\u00e9ntico.","og_url":"https:\/\/labarraca1912.es\/fr\/tienda\/molinillos\/molinillo-sal-marina-mediterranea\/","og_site_name":"La Barraca","article_modified_time":"2026-04-09T11:13:53+00:00","og_image":[{"width":800,"height":800,"url":"https:\/\/labarraca1912.es\/wp-content\/uploads\/molinillosalmarina2026.jpg","type":"image\/jpeg"}],"twitter_card":"summary_large_image","twitter_misc":{"Dur\u00e9e de lecture estim\u00e9e":"1 minute"},"schema":{"@context":"https:\/\/schema.org","@graph":[{"@type":"WebPage","@id":"https:\/\/labarraca1912.es\/tienda\/molinillos\/molinillo-sal-marina-mediterranea\/","url":"https:\/\/labarraca1912.es\/tienda\/molinillos\/molinillo-sal-marina-mediterranea\/","name":"Comprar Molinillo Sal Marina Mediterr\u00e1nea 100g | La Barraca","isPartOf":{"@id":"https:\/\/labarraca1912.es\/#website"},"primaryImageOfPage":{"@id":"https:\/\/labarraca1912.es\/tienda\/molinillos\/molinillo-sal-marina-mediterranea\/#primaryimage"},"image":{"@id":"https:\/\/labarraca1912.es\/tienda\/molinillos\/molinillo-sal-marina-mediterranea\/#primaryimage"},"thumbnailUrl":"https:\/\/labarraca1912.es\/wp-content\/uploads\/molinillosalmarina2026.jpg","datePublished":"2026-04-09T11:11:22+00:00","dateModified":"2026-04-09T11:13:53+00:00","description":"Dale un toque salado natural a tus platos al comprar un molinillo de sal marina mediterr\u00e1nea roca, ideal para realzar cualquier receta con sabor aut\u00e9ntico.","breadcrumb":{"@id":"https:\/\/labarraca1912.es\/tienda\/molinillos\/molinillo-sal-marina-mediterranea\/#breadcrumb"},"inLanguage":"fr-FR","potentialAction":[{"@type":"ReadAction","target":["https:\/\/labarraca1912.es\/tienda\/molinillos\/molinillo-sal-marina-mediterranea\/"]}]},{"@type":"ImageObject","inLanguage":"fr-FR","@id":"https:\/\/labarraca1912.es\/tienda\/molinillos\/molinillo-sal-marina-mediterranea\/#primaryimage","url":"https:\/\/labarraca1912.es\/wp-content\/uploads\/molinillosalmarina2026.jpg","contentUrl":"https:\/\/labarraca1912.es\/wp-content\/uploads\/molinillosalmarina2026.jpg","width":800,"height":800},{"@type":"BreadcrumbList","@id":"https:\/\/labarraca1912.es\/tienda\/molinillos\/molinillo-sal-marina-mediterranea\/#breadcrumb","itemListElement":[{"@type":"ListItem","position":1,"name":"La Barraca","item":"https:\/\/labarraca1912.es\/"},{"@type":"ListItem","position":2,"name":"Tienda","item":"https:\/\/labarraca1912.es\/tienda\/"},{"@type":"ListItem","position":3,"name":"Molinillo Sal Marina Mediterr\u00e1nea 100g"}]},{"@type":"WebSite","@id":"https:\/\/labarraca1912.es\/#website","url":"https:\/\/labarraca1912.es\/","name":"La Barraca","description":"La Casa del Sabor","publisher":{"@id":"https:\/\/labarraca1912.es\/#organization"},"potentialAction":[{"@type":"SearchAction","target":{"@type":"EntryPoint","urlTemplate":"https:\/\/labarraca1912.es\/?s={search_term_string}"},"query-input":{"@type":"PropertyValueSpecification","valueRequired":true,"valueName":"search_term_string"}}],"inLanguage":"fr-FR"},{"@type":"Organization","@id":"https:\/\/labarraca1912.es\/#organization","name":"La Barraca 1912 Alimentacion","url":"https:\/\/labarraca1912.es\/","logo":{"@type":"ImageObject","inLanguage":"fr-FR","@id":"https:\/\/labarraca1912.es\/#\/schema\/logo\/image\/","url":"https:\/\/labarraca1912.es\/wp-content\/uploads\/2019\/06\/logo-labarraca.png","contentUrl":"https:\/\/labarraca1912.es\/wp-content\/uploads\/2019\/06\/logo-labarraca.png","width":2917,"height":1809,"caption":"La Barraca 1912 Alimentacion"},"image":{"@id":"https:\/\/labarraca1912.es\/#\/schema\/logo\/image\/"}}]}},"_links":{"self":[{"href":"https:\/\/labarraca1912.es\/fr\/wp-json\/wp\/v2\/product\/14264","targetHints":{"allow":["GET"]}}],"collection":[{"href":"https:\/\/labarraca1912.es\/fr\/wp-json\/wp\/v2\/product"}],"about":[{"href":"https:\/\/labarraca1912.es\/fr\/wp-json\/wp\/v2\/types\/product"}],"replies":[{"embeddable":true,"href":"https:\/\/labarraca1912.es\/fr\/wp-json\/wp\/v2\/comments?post=14264"}],"wp:featuredmedia":[{"embeddable":true,"href":"https:\/\/labarraca1912.es\/fr\/wp-json\/wp\/v2\/media\/14254"}],"wp:attachment":[{"href":"https:\/\/labarraca1912.es\/fr\/wp-json\/wp\/v2\/media?parent=14264"}],"wp:term":[{"taxonomy":"product_brand","embeddable":true,"href":"https:\/\/labarraca1912.es\/fr\/wp-json\/wp\/v2\/product_brand?post=14264"},{"taxonomy":"product_cat","embeddable":true,"href":"https:\/\/labarraca1912.es\/fr\/wp-json\/wp\/v2\/product_cat?post=14264"},{"taxonomy":"product_tag","embeddable":true,"href":"https:\/\/labarraca1912.es\/fr\/wp-json\/wp\/v2\/product_tag?post=14264"}],"curies":[{"name":"wp","href":"https:\/\/api.w.org\/{rel}","templated":true}]}}