{"id":14348,"date":"2026-04-27T08:32:24","date_gmt":"2026-04-27T06:32:24","guid":{"rendered":"https:\/\/labarraca1912.es\/?post_type=product&#038;p=14348"},"modified":"2026-04-27T08:40:52","modified_gmt":"2026-04-27T06:40:52","slug":"hierbabuena","status":"publish","type":"product","link":"https:\/\/labarraca1912.es\/fr\/tienda\/especias-y-condimentos\/hierbabuena\/","title":{"rendered":"Menthe Poivr\u00e9e 225g"},"content":{"rendered":"<p>MENTHE POIVR\u00c9E: La Menthe Poivr\u00e9e est l'une des herbes aromatiques les plus pris\u00e9es de la cuisine m\u00e9diterran\u00e9enne pour sa fra\u00eecheur, sa saveur douce et sa polyvalence. Ses feuilles d'un vert \u00e9clatant d\u00e9gagent un ar\u00f4me rafra\u00eechissant qui sublime les plats sucr\u00e9s comme sal\u00e9s, en faisant un ingr\u00e9dient incontournable dans toute cuisine.<\/p>\n<p><strong>Menthe Poivr\u00e9e:<\/strong> Id\u00e9ale pour pr\u00e9parer des infusions digestives, des cocktails comme les mojitos, ou pour ajouter une touche sp\u00e9ciale aux salades, viandes, poissons et sauces, la menthe verte offre un \u00e9quilibre parfait entre fra\u00eecheur et saveur naturelle.<\/p>","protected":false},"excerpt":{"rendered":"<blockquote>\n<h2><strong>Menthe Poivr\u00e9e <\/strong>225g<\/h2>\n<\/blockquote>\n<p><img decoding=\"async\" class=\"alignnone wp-image-10937\" src=\"https:\/\/labarraca1912.es\/wp-content\/uploads\/glutenfree.jpg\" alt=\"\" width=\"203\" height=\"35\" \/><\/p>\n<p>La Menthe Poivr\u00e9e est l'une des herbes aromatiques les plus pris\u00e9es de la cuisine m\u00e9diterran\u00e9enne pour sa fra\u00eecheur, sa saveur douce et sa polyvalence. Ses feuilles d'un vert \u00e9clatant d\u00e9gagent un ar\u00f4me rafra\u00eechissant qui sublime les plats sucr\u00e9s comme sal\u00e9s, en faisant un ingr\u00e9dient incontournable dans toute cuisine.<\/p>\n<p>Id\u00e9ale pour pr\u00e9parer des infusions digestives, des cocktails comme les mojitos, ou pour ajouter une touche sp\u00e9ciale aux salades, viandes, poissons et sauces, la menthe verte offre un \u00e9quilibre parfait entre fra\u00eecheur et saveur naturelle.<\/p>\n<p><strong><em>Ingr\u00e9dients:<\/em><\/strong> Menthe poivr\u00e9e.<\/p>\n<p><em><strong>Peut contenir des traces de C\u00c9LERI.<\/strong><\/em><\/p>","protected":false},"featured_media":14349,"comment_status":"open","ping_status":"closed","template":"","meta":{"_et_pb_use_builder":"","_et_pb_old_content":"","_et_gb_content_width":""},"product_brand":[],"product_cat":[19,20],"product_tag":[295,277,52,65,324,53],"class_list":{"0":"post-14348","1":"product","2":"type-product","3":"status-publish","4":"has-post-thumbnail","6":"product_cat-especias-y-condimentos","7":"product_cat-infusiones","8":"product_tag-bebida","9":"product_tag-hierbabuena","10":"product_tag-infusiones","11":"product_tag-menta","12":"product_tag-mojito","13":"product_tag-te","15":"first","16":"instock","17":"taxable","18":"shipping-taxable","19":"purchasable","20":"product-type-simple"},"yoast_head":"<!-- This site is optimized with the Yoast SEO plugin v27.4 - https:\/\/yoast.com\/product\/yoast-seo-wordpress\/ -->\n<title>Comprar Hierbabuena | La Barraca<\/title>\n<meta name=\"description\" content=\"Hierbabuena de hoja perenne con sabor dulce e intenso aroma, ideal para infusiones, salsas y bebidas como mojito. Producto natural en formato limpio y seco.\" \/>\n<meta name=\"robots\" content=\"index, follow, max-snippet:-1, max-image-preview:large, max-video-preview:-1\" \/>\n<link rel=\"canonical\" href=\"https:\/\/labarraca1912.es\/fr\/tienda\/especias-y-condimentos\/hierbabuena\/\" \/>\n<meta property=\"og:locale\" content=\"fr_FR\" \/>\n<meta property=\"og:type\" content=\"article\" \/>\n<meta property=\"og:title\" content=\"Comprar Hierbabuena | La Barraca\" \/>\n<meta property=\"og:description\" content=\"Hierbabuena de hoja perenne con sabor dulce e intenso aroma, ideal para infusiones, salsas y bebidas como mojito. Producto natural en formato limpio y seco.\" \/>\n<meta property=\"og:url\" content=\"https:\/\/labarraca1912.es\/fr\/tienda\/especias-y-condimentos\/hierbabuena\/\" \/>\n<meta property=\"og:site_name\" content=\"La Barraca\" \/>\n<meta property=\"article:modified_time\" content=\"2026-04-27T06:40:52+00:00\" \/>\n<meta property=\"og:image\" content=\"https:\/\/labarraca1912.es\/wp-content\/uploads\/bghierbabuena.jpg\" \/>\n\t<meta property=\"og:image:width\" content=\"800\" \/>\n\t<meta property=\"og:image:height\" content=\"800\" \/>\n\t<meta property=\"og:image:type\" content=\"image\/jpeg\" \/>\n<meta name=\"twitter:card\" content=\"summary_large_image\" \/>\n<meta name=\"twitter:label1\" content=\"Dur\u00e9e de lecture estim\u00e9e\" \/>\n\t<meta name=\"twitter:data1\" content=\"1 minute\" \/>\n<script type=\"application\/ld+json\" class=\"yoast-schema-graph\">{\"@context\":\"https:\\\/\\\/schema.org\",\"@graph\":[{\"@type\":\"WebPage\",\"@id\":\"https:\\\/\\\/labarraca1912.es\\\/tienda\\\/especias-y-condimentos\\\/hierbabuena\\\/\",\"url\":\"https:\\\/\\\/labarraca1912.es\\\/tienda\\\/especias-y-condimentos\\\/hierbabuena\\\/\",\"name\":\"Comprar Hierbabuena | La Barraca\",\"isPartOf\":{\"@id\":\"https:\\\/\\\/labarraca1912.es\\\/#website\"},\"primaryImageOfPage\":{\"@id\":\"https:\\\/\\\/labarraca1912.es\\\/tienda\\\/especias-y-condimentos\\\/hierbabuena\\\/#primaryimage\"},\"image\":{\"@id\":\"https:\\\/\\\/labarraca1912.es\\\/tienda\\\/especias-y-condimentos\\\/hierbabuena\\\/#primaryimage\"},\"thumbnailUrl\":\"https:\\\/\\\/labarraca1912.es\\\/wp-content\\\/uploads\\\/bghierbabuena.jpg\",\"datePublished\":\"2026-04-27T06:32:24+00:00\",\"dateModified\":\"2026-04-27T06:40:52+00:00\",\"description\":\"Hierbabuena de hoja perenne con sabor dulce e intenso aroma, ideal para infusiones, salsas y bebidas como mojito. Producto natural en formato limpio y seco.\",\"breadcrumb\":{\"@id\":\"https:\\\/\\\/labarraca1912.es\\\/tienda\\\/especias-y-condimentos\\\/hierbabuena\\\/#breadcrumb\"},\"inLanguage\":\"fr-FR\",\"potentialAction\":[{\"@type\":\"ReadAction\",\"target\":[\"https:\\\/\\\/labarraca1912.es\\\/tienda\\\/especias-y-condimentos\\\/hierbabuena\\\/\"]}]},{\"@type\":\"ImageObject\",\"inLanguage\":\"fr-FR\",\"@id\":\"https:\\\/\\\/labarraca1912.es\\\/tienda\\\/especias-y-condimentos\\\/hierbabuena\\\/#primaryimage\",\"url\":\"https:\\\/\\\/labarraca1912.es\\\/wp-content\\\/uploads\\\/bghierbabuena.jpg\",\"contentUrl\":\"https:\\\/\\\/labarraca1912.es\\\/wp-content\\\/uploads\\\/bghierbabuena.jpg\",\"width\":800,\"height\":800},{\"@type\":\"BreadcrumbList\",\"@id\":\"https:\\\/\\\/labarraca1912.es\\\/tienda\\\/especias-y-condimentos\\\/hierbabuena\\\/#breadcrumb\",\"itemListElement\":[{\"@type\":\"ListItem\",\"position\":1,\"name\":\"La Barraca\",\"item\":\"https:\\\/\\\/labarraca1912.es\\\/\"},{\"@type\":\"ListItem\",\"position\":2,\"name\":\"Tienda\",\"item\":\"https:\\\/\\\/labarraca1912.es\\\/tienda\\\/\"},{\"@type\":\"ListItem\",\"position\":3,\"name\":\"Hierbabuena 225g\"}]},{\"@type\":\"WebSite\",\"@id\":\"https:\\\/\\\/labarraca1912.es\\\/#website\",\"url\":\"https:\\\/\\\/labarraca1912.es\\\/\",\"name\":\"La Barraca\",\"description\":\"La Casa del Sabor\",\"publisher\":{\"@id\":\"https:\\\/\\\/labarraca1912.es\\\/#organization\"},\"potentialAction\":[{\"@type\":\"SearchAction\",\"target\":{\"@type\":\"EntryPoint\",\"urlTemplate\":\"https:\\\/\\\/labarraca1912.es\\\/?s={search_term_string}\"},\"query-input\":{\"@type\":\"PropertyValueSpecification\",\"valueRequired\":true,\"valueName\":\"search_term_string\"}}],\"inLanguage\":\"fr-FR\"},{\"@type\":\"Organization\",\"@id\":\"https:\\\/\\\/labarraca1912.es\\\/#organization\",\"name\":\"La Barraca 1912 Alimentacion\",\"url\":\"https:\\\/\\\/labarraca1912.es\\\/\",\"logo\":{\"@type\":\"ImageObject\",\"inLanguage\":\"fr-FR\",\"@id\":\"https:\\\/\\\/labarraca1912.es\\\/#\\\/schema\\\/logo\\\/image\\\/\",\"url\":\"https:\\\/\\\/labarraca1912.es\\\/wp-content\\\/uploads\\\/2019\\\/06\\\/logo-labarraca.png\",\"contentUrl\":\"https:\\\/\\\/labarraca1912.es\\\/wp-content\\\/uploads\\\/2019\\\/06\\\/logo-labarraca.png\",\"width\":2917,\"height\":1809,\"caption\":\"La Barraca 1912 Alimentacion\"},\"image\":{\"@id\":\"https:\\\/\\\/labarraca1912.es\\\/#\\\/schema\\\/logo\\\/image\\\/\"}}]}<\/script>\n<!-- \/ Yoast SEO plugin. -->","yoast_head_json":{"title":"Comprar Hierbabuena | La Barraca","description":"Hierbabuena de hoja perenne con sabor dulce e intenso aroma, ideal para infusiones, salsas y bebidas como mojito. Producto natural en formato limpio y seco.","robots":{"index":"index","follow":"follow","max-snippet":"max-snippet:-1","max-image-preview":"max-image-preview:large","max-video-preview":"max-video-preview:-1"},"canonical":"https:\/\/labarraca1912.es\/fr\/tienda\/especias-y-condimentos\/hierbabuena\/","og_locale":"fr_FR","og_type":"article","og_title":"Comprar Hierbabuena | La Barraca","og_description":"Hierbabuena de hoja perenne con sabor dulce e intenso aroma, ideal para infusiones, salsas y bebidas como mojito. Producto natural en formato limpio y seco.","og_url":"https:\/\/labarraca1912.es\/fr\/tienda\/especias-y-condimentos\/hierbabuena\/","og_site_name":"La Barraca","article_modified_time":"2026-04-27T06:40:52+00:00","og_image":[{"width":800,"height":800,"url":"https:\/\/labarraca1912.es\/wp-content\/uploads\/bghierbabuena.jpg","type":"image\/jpeg"}],"twitter_card":"summary_large_image","twitter_misc":{"Dur\u00e9e de lecture estim\u00e9e":"1 minute"},"schema":{"@context":"https:\/\/schema.org","@graph":[{"@type":"WebPage","@id":"https:\/\/labarraca1912.es\/tienda\/especias-y-condimentos\/hierbabuena\/","url":"https:\/\/labarraca1912.es\/tienda\/especias-y-condimentos\/hierbabuena\/","name":"Comprar Hierbabuena | La Barraca","isPartOf":{"@id":"https:\/\/labarraca1912.es\/#website"},"primaryImageOfPage":{"@id":"https:\/\/labarraca1912.es\/tienda\/especias-y-condimentos\/hierbabuena\/#primaryimage"},"image":{"@id":"https:\/\/labarraca1912.es\/tienda\/especias-y-condimentos\/hierbabuena\/#primaryimage"},"thumbnailUrl":"https:\/\/labarraca1912.es\/wp-content\/uploads\/bghierbabuena.jpg","datePublished":"2026-04-27T06:32:24+00:00","dateModified":"2026-04-27T06:40:52+00:00","description":"Hierbabuena de hoja perenne con sabor dulce e intenso aroma, ideal para infusiones, salsas y bebidas como mojito. Producto natural en formato limpio y seco.","breadcrumb":{"@id":"https:\/\/labarraca1912.es\/tienda\/especias-y-condimentos\/hierbabuena\/#breadcrumb"},"inLanguage":"fr-FR","potentialAction":[{"@type":"ReadAction","target":["https:\/\/labarraca1912.es\/tienda\/especias-y-condimentos\/hierbabuena\/"]}]},{"@type":"ImageObject","inLanguage":"fr-FR","@id":"https:\/\/labarraca1912.es\/tienda\/especias-y-condimentos\/hierbabuena\/#primaryimage","url":"https:\/\/labarraca1912.es\/wp-content\/uploads\/bghierbabuena.jpg","contentUrl":"https:\/\/labarraca1912.es\/wp-content\/uploads\/bghierbabuena.jpg","width":800,"height":800},{"@type":"BreadcrumbList","@id":"https:\/\/labarraca1912.es\/tienda\/especias-y-condimentos\/hierbabuena\/#breadcrumb","itemListElement":[{"@type":"ListItem","position":1,"name":"La Barraca","item":"https:\/\/labarraca1912.es\/"},{"@type":"ListItem","position":2,"name":"Tienda","item":"https:\/\/labarraca1912.es\/tienda\/"},{"@type":"ListItem","position":3,"name":"Hierbabuena 225g"}]},{"@type":"WebSite","@id":"https:\/\/labarraca1912.es\/#website","url":"https:\/\/labarraca1912.es\/","name":"La Barraca","description":"La Casa del Sabor","publisher":{"@id":"https:\/\/labarraca1912.es\/#organization"},"potentialAction":[{"@type":"SearchAction","target":{"@type":"EntryPoint","urlTemplate":"https:\/\/labarraca1912.es\/?s={search_term_string}"},"query-input":{"@type":"PropertyValueSpecification","valueRequired":true,"valueName":"search_term_string"}}],"inLanguage":"fr-FR"},{"@type":"Organization","@id":"https:\/\/labarraca1912.es\/#organization","name":"La Barraca 1912 Alimentacion","url":"https:\/\/labarraca1912.es\/","logo":{"@type":"ImageObject","inLanguage":"fr-FR","@id":"https:\/\/labarraca1912.es\/#\/schema\/logo\/image\/","url":"https:\/\/labarraca1912.es\/wp-content\/uploads\/2019\/06\/logo-labarraca.png","contentUrl":"https:\/\/labarraca1912.es\/wp-content\/uploads\/2019\/06\/logo-labarraca.png","width":2917,"height":1809,"caption":"La Barraca 1912 Alimentacion"},"image":{"@id":"https:\/\/labarraca1912.es\/#\/schema\/logo\/image\/"}}]}},"_links":{"self":[{"href":"https:\/\/labarraca1912.es\/fr\/wp-json\/wp\/v2\/product\/14348","targetHints":{"allow":["GET"]}}],"collection":[{"href":"https:\/\/labarraca1912.es\/fr\/wp-json\/wp\/v2\/product"}],"about":[{"href":"https:\/\/labarraca1912.es\/fr\/wp-json\/wp\/v2\/types\/product"}],"replies":[{"embeddable":true,"href":"https:\/\/labarraca1912.es\/fr\/wp-json\/wp\/v2\/comments?post=14348"}],"wp:featuredmedia":[{"embeddable":true,"href":"https:\/\/labarraca1912.es\/fr\/wp-json\/wp\/v2\/media\/14349"}],"wp:attachment":[{"href":"https:\/\/labarraca1912.es\/fr\/wp-json\/wp\/v2\/media?parent=14348"}],"wp:term":[{"taxonomy":"product_brand","embeddable":true,"href":"https:\/\/labarraca1912.es\/fr\/wp-json\/wp\/v2\/product_brand?post=14348"},{"taxonomy":"product_cat","embeddable":true,"href":"https:\/\/labarraca1912.es\/fr\/wp-json\/wp\/v2\/product_cat?post=14348"},{"taxonomy":"product_tag","embeddable":true,"href":"https:\/\/labarraca1912.es\/fr\/wp-json\/wp\/v2\/product_tag?post=14348"}],"curies":[{"name":"wp","href":"https:\/\/api.w.org\/{rel}","templated":true}]}}