{"id":151,"date":"2019-06-28T14:37:27","date_gmt":"2019-06-28T12:37:27","guid":{"rendered":"https:\/\/labarraca1912.es\/?post_type=product&#038;p=151"},"modified":"2026-04-27T22:24:18","modified_gmt":"2026-04-27T20:24:18","slug":"te-negro-con-canela-piramite","status":"publish","type":"product","link":"https:\/\/labarraca1912.es\/fr\/tienda\/infusiones\/te-negro-con-canela-piramite\/","title":{"rendered":"PiramiT\u00e9 Th\u00e9 Noir et Cannelle"},"content":{"rendered":"<p>PIRAMIT\u00c9 &#8211; T\u00c9 NEGRO CON CANELA: Sabor y aroma natural en una exclusiva colecci\u00f3n de infusiones, envasadas en bolsitas piramidales para que disfrutes sorbo a sorbo del aut\u00e9ntico sabor de las infusiones de La Barraca. Una gama de infusiones como nunca la hab\u00edas visto.<\/p>\n<p><strong>Th\u00e9 Noir et Cannelle:<\/strong> Le Th\u00e9 Noir \u00e0 la Cannelle est une puissante combinaison de saveurs. Une infusion \u00e0 la saveur puissante et sucr\u00e9e.<\/p>","protected":false},"excerpt":{"rendered":"<blockquote>\n<h2><strong>PiramiT\u00e9<\/strong>\u00a0Th\u00e9 Noir et Cannelle<\/h2>\n<\/blockquote>\n<p>Saveur et ar\u00f4me naturels dans une collection exclusive d'infusions, conditionn\u00e9es dans des sachets pyramidaux pour que vous puissiez profiter gorg\u00e9e par gorg\u00e9e de la saveur authentique des infusions La Barraca. Une gamme d'infusions comme vous n'en avez jamais vue auparavant.<\/p>\n<p>Le Th\u00e9 Noir \u00e0 la Cannelle est une puissante combinaison de saveurs. Une infusion \u00e0 la saveur puissante et sucr\u00e9e.<\/p>\n<p><em><strong>Ingr\u00e9dients:<\/strong><\/em> Th\u00e9 noir (90%), cannelle (8,5%) et ar\u00f4me.<\/p>","protected":false},"featured_media":152,"comment_status":"open","ping_status":"closed","template":"","meta":{"_et_pb_use_builder":"","_et_pb_old_content":"","_et_gb_content_width":""},"product_brand":[],"product_cat":[20],"product_tag":[58,42,56,52,57,54,53,55],"class_list":{"0":"post-151","1":"product","2":"type-product","3":"status-publish","4":"has-post-thumbnail","6":"product_cat-infusiones","7":"product_tag-canela","8":"product_tag-edulcorante","9":"product_tag-frutosrojos","10":"product_tag-infusiones","11":"product_tag-manzanilla","12":"product_tag-rooibos","13":"product_tag-te","14":"product_tag-teverde","16":"first","17":"instock","18":"taxable","19":"shipping-taxable","20":"purchasable","21":"product-type-simple"},"yoast_head":"<!-- This site is optimized with the Yoast SEO plugin v27.5 - https:\/\/yoast.com\/product\/yoast-seo-wordpress\/ -->\n<title>Comprar PiramiT\u00e9 T\u00e9 Negro con Canela | La Barraca<\/title>\n<meta name=\"description\" content=\"\u00bfBuscas una infusi\u00f3n con sabor potente y dulce? Compra PiramiT\u00e9 T\u00e9 Negro con Canela una combinaci\u00f3n natural de t\u00e9 negro y canela para disfrutar sorbo a sorbo.\" \/>\n<meta name=\"robots\" content=\"index, follow, max-snippet:-1, max-image-preview:large, max-video-preview:-1\" \/>\n<link rel=\"canonical\" href=\"https:\/\/labarraca1912.es\/fr\/tienda\/infusiones\/te-negro-con-canela-piramite\/\" \/>\n<meta property=\"og:locale\" content=\"fr_FR\" \/>\n<meta property=\"og:type\" content=\"article\" \/>\n<meta property=\"og:title\" content=\"Comprar PiramiT\u00e9 T\u00e9 Negro con Canela | La Barraca\" \/>\n<meta property=\"og:description\" content=\"\u00bfBuscas una infusi\u00f3n con sabor potente y dulce? Compra PiramiT\u00e9 T\u00e9 Negro con Canela una combinaci\u00f3n natural de t\u00e9 negro y canela para disfrutar sorbo a sorbo.\" \/>\n<meta property=\"og:url\" content=\"https:\/\/labarraca1912.es\/fr\/tienda\/infusiones\/te-negro-con-canela-piramite\/\" \/>\n<meta property=\"og:site_name\" content=\"La Barraca\" \/>\n<meta property=\"article:modified_time\" content=\"2026-04-27T20:24:18+00:00\" \/>\n<meta property=\"og:image\" content=\"https:\/\/labarraca1912.es\/wp-content\/uploads\/2019\/06\/tenegroycanela.jpg\" \/>\n\t<meta property=\"og:image:width\" content=\"800\" \/>\n\t<meta property=\"og:image:height\" content=\"800\" \/>\n\t<meta property=\"og:image:type\" content=\"image\/jpeg\" \/>\n<meta name=\"twitter:card\" content=\"summary_large_image\" \/>\n<meta name=\"twitter:label1\" content=\"Dur\u00e9e de lecture estim\u00e9e\" \/>\n\t<meta name=\"twitter:data1\" content=\"1 minute\" \/>\n<script type=\"application\/ld+json\" class=\"yoast-schema-graph\">{\"@context\":\"https:\\\/\\\/schema.org\",\"@graph\":[{\"@type\":\"WebPage\",\"@id\":\"https:\\\/\\\/labarraca1912.es\\\/tienda\\\/infusiones\\\/te-negro-con-canela-piramite\\\/\",\"url\":\"https:\\\/\\\/labarraca1912.es\\\/tienda\\\/infusiones\\\/te-negro-con-canela-piramite\\\/\",\"name\":\"Comprar PiramiT\u00e9 T\u00e9 Negro con Canela | La Barraca\",\"isPartOf\":{\"@id\":\"https:\\\/\\\/labarraca1912.es\\\/#website\"},\"primaryImageOfPage\":{\"@id\":\"https:\\\/\\\/labarraca1912.es\\\/tienda\\\/infusiones\\\/te-negro-con-canela-piramite\\\/#primaryimage\"},\"image\":{\"@id\":\"https:\\\/\\\/labarraca1912.es\\\/tienda\\\/infusiones\\\/te-negro-con-canela-piramite\\\/#primaryimage\"},\"thumbnailUrl\":\"https:\\\/\\\/labarraca1912.es\\\/wp-content\\\/uploads\\\/2019\\\/06\\\/tenegroycanela.jpg\",\"datePublished\":\"2019-06-28T12:37:27+00:00\",\"dateModified\":\"2026-04-27T20:24:18+00:00\",\"description\":\"\u00bfBuscas una infusi\u00f3n con sabor potente y dulce? Compra PiramiT\u00e9 T\u00e9 Negro con Canela una combinaci\u00f3n natural de t\u00e9 negro y canela para disfrutar sorbo a sorbo.\",\"breadcrumb\":{\"@id\":\"https:\\\/\\\/labarraca1912.es\\\/tienda\\\/infusiones\\\/te-negro-con-canela-piramite\\\/#breadcrumb\"},\"inLanguage\":\"fr-FR\",\"potentialAction\":[{\"@type\":\"ReadAction\",\"target\":[\"https:\\\/\\\/labarraca1912.es\\\/tienda\\\/infusiones\\\/te-negro-con-canela-piramite\\\/\"]}]},{\"@type\":\"ImageObject\",\"inLanguage\":\"fr-FR\",\"@id\":\"https:\\\/\\\/labarraca1912.es\\\/tienda\\\/infusiones\\\/te-negro-con-canela-piramite\\\/#primaryimage\",\"url\":\"https:\\\/\\\/labarraca1912.es\\\/wp-content\\\/uploads\\\/2019\\\/06\\\/tenegroycanela.jpg\",\"contentUrl\":\"https:\\\/\\\/labarraca1912.es\\\/wp-content\\\/uploads\\\/2019\\\/06\\\/tenegroycanela.jpg\",\"width\":800,\"height\":800},{\"@type\":\"BreadcrumbList\",\"@id\":\"https:\\\/\\\/labarraca1912.es\\\/tienda\\\/infusiones\\\/te-negro-con-canela-piramite\\\/#breadcrumb\",\"itemListElement\":[{\"@type\":\"ListItem\",\"position\":1,\"name\":\"La Barraca\",\"item\":\"https:\\\/\\\/labarraca1912.es\\\/\"},{\"@type\":\"ListItem\",\"position\":2,\"name\":\"Tienda\",\"item\":\"https:\\\/\\\/labarraca1912.es\\\/tienda\\\/\"},{\"@type\":\"ListItem\",\"position\":3,\"name\":\"PiramiT\u00e9 T\u00e9 Negro con Canela\"}]},{\"@type\":\"WebSite\",\"@id\":\"https:\\\/\\\/labarraca1912.es\\\/#website\",\"url\":\"https:\\\/\\\/labarraca1912.es\\\/\",\"name\":\"La Barraca\",\"description\":\"La Casa del Sabor\",\"publisher\":{\"@id\":\"https:\\\/\\\/labarraca1912.es\\\/#organization\"},\"potentialAction\":[{\"@type\":\"SearchAction\",\"target\":{\"@type\":\"EntryPoint\",\"urlTemplate\":\"https:\\\/\\\/labarraca1912.es\\\/?s={search_term_string}\"},\"query-input\":{\"@type\":\"PropertyValueSpecification\",\"valueRequired\":true,\"valueName\":\"search_term_string\"}}],\"inLanguage\":\"fr-FR\"},{\"@type\":\"Organization\",\"@id\":\"https:\\\/\\\/labarraca1912.es\\\/#organization\",\"name\":\"La Barraca 1912 Alimentacion\",\"url\":\"https:\\\/\\\/labarraca1912.es\\\/\",\"logo\":{\"@type\":\"ImageObject\",\"inLanguage\":\"fr-FR\",\"@id\":\"https:\\\/\\\/labarraca1912.es\\\/#\\\/schema\\\/logo\\\/image\\\/\",\"url\":\"https:\\\/\\\/labarraca1912.es\\\/wp-content\\\/uploads\\\/2019\\\/06\\\/logo-labarraca.png\",\"contentUrl\":\"https:\\\/\\\/labarraca1912.es\\\/wp-content\\\/uploads\\\/2019\\\/06\\\/logo-labarraca.png\",\"width\":2917,\"height\":1809,\"caption\":\"La Barraca 1912 Alimentacion\"},\"image\":{\"@id\":\"https:\\\/\\\/labarraca1912.es\\\/#\\\/schema\\\/logo\\\/image\\\/\"}}]}<\/script>\n<!-- \/ Yoast SEO plugin. -->","yoast_head_json":{"title":"Comprar PiramiT\u00e9 T\u00e9 Negro con Canela | La Barraca","description":"\u00bfBuscas una infusi\u00f3n con sabor potente y dulce? Compra PiramiT\u00e9 T\u00e9 Negro con Canela una combinaci\u00f3n natural de t\u00e9 negro y canela para disfrutar sorbo a sorbo.","robots":{"index":"index","follow":"follow","max-snippet":"max-snippet:-1","max-image-preview":"max-image-preview:large","max-video-preview":"max-video-preview:-1"},"canonical":"https:\/\/labarraca1912.es\/fr\/tienda\/infusiones\/te-negro-con-canela-piramite\/","og_locale":"fr_FR","og_type":"article","og_title":"Comprar PiramiT\u00e9 T\u00e9 Negro con Canela | La Barraca","og_description":"\u00bfBuscas una infusi\u00f3n con sabor potente y dulce? Compra PiramiT\u00e9 T\u00e9 Negro con Canela una combinaci\u00f3n natural de t\u00e9 negro y canela para disfrutar sorbo a sorbo.","og_url":"https:\/\/labarraca1912.es\/fr\/tienda\/infusiones\/te-negro-con-canela-piramite\/","og_site_name":"La Barraca","article_modified_time":"2026-04-27T20:24:18+00:00","og_image":[{"width":800,"height":800,"url":"https:\/\/labarraca1912.es\/wp-content\/uploads\/2019\/06\/tenegroycanela.jpg","type":"image\/jpeg"}],"twitter_card":"summary_large_image","twitter_misc":{"Dur\u00e9e de lecture estim\u00e9e":"1 minute"},"schema":{"@context":"https:\/\/schema.org","@graph":[{"@type":"WebPage","@id":"https:\/\/labarraca1912.es\/tienda\/infusiones\/te-negro-con-canela-piramite\/","url":"https:\/\/labarraca1912.es\/tienda\/infusiones\/te-negro-con-canela-piramite\/","name":"Comprar PiramiT\u00e9 T\u00e9 Negro con Canela | La Barraca","isPartOf":{"@id":"https:\/\/labarraca1912.es\/#website"},"primaryImageOfPage":{"@id":"https:\/\/labarraca1912.es\/tienda\/infusiones\/te-negro-con-canela-piramite\/#primaryimage"},"image":{"@id":"https:\/\/labarraca1912.es\/tienda\/infusiones\/te-negro-con-canela-piramite\/#primaryimage"},"thumbnailUrl":"https:\/\/labarraca1912.es\/wp-content\/uploads\/2019\/06\/tenegroycanela.jpg","datePublished":"2019-06-28T12:37:27+00:00","dateModified":"2026-04-27T20:24:18+00:00","description":"\u00bfBuscas una infusi\u00f3n con sabor potente y dulce? Compra PiramiT\u00e9 T\u00e9 Negro con Canela una combinaci\u00f3n natural de t\u00e9 negro y canela para disfrutar sorbo a sorbo.","breadcrumb":{"@id":"https:\/\/labarraca1912.es\/tienda\/infusiones\/te-negro-con-canela-piramite\/#breadcrumb"},"inLanguage":"fr-FR","potentialAction":[{"@type":"ReadAction","target":["https:\/\/labarraca1912.es\/tienda\/infusiones\/te-negro-con-canela-piramite\/"]}]},{"@type":"ImageObject","inLanguage":"fr-FR","@id":"https:\/\/labarraca1912.es\/tienda\/infusiones\/te-negro-con-canela-piramite\/#primaryimage","url":"https:\/\/labarraca1912.es\/wp-content\/uploads\/2019\/06\/tenegroycanela.jpg","contentUrl":"https:\/\/labarraca1912.es\/wp-content\/uploads\/2019\/06\/tenegroycanela.jpg","width":800,"height":800},{"@type":"BreadcrumbList","@id":"https:\/\/labarraca1912.es\/tienda\/infusiones\/te-negro-con-canela-piramite\/#breadcrumb","itemListElement":[{"@type":"ListItem","position":1,"name":"La Barraca","item":"https:\/\/labarraca1912.es\/"},{"@type":"ListItem","position":2,"name":"Tienda","item":"https:\/\/labarraca1912.es\/tienda\/"},{"@type":"ListItem","position":3,"name":"PiramiT\u00e9 T\u00e9 Negro con Canela"}]},{"@type":"WebSite","@id":"https:\/\/labarraca1912.es\/#website","url":"https:\/\/labarraca1912.es\/","name":"La Barraca","description":"La Casa del Sabor","publisher":{"@id":"https:\/\/labarraca1912.es\/#organization"},"potentialAction":[{"@type":"SearchAction","target":{"@type":"EntryPoint","urlTemplate":"https:\/\/labarraca1912.es\/?s={search_term_string}"},"query-input":{"@type":"PropertyValueSpecification","valueRequired":true,"valueName":"search_term_string"}}],"inLanguage":"fr-FR"},{"@type":"Organization","@id":"https:\/\/labarraca1912.es\/#organization","name":"La Barraca 1912 Alimentacion","url":"https:\/\/labarraca1912.es\/","logo":{"@type":"ImageObject","inLanguage":"fr-FR","@id":"https:\/\/labarraca1912.es\/#\/schema\/logo\/image\/","url":"https:\/\/labarraca1912.es\/wp-content\/uploads\/2019\/06\/logo-labarraca.png","contentUrl":"https:\/\/labarraca1912.es\/wp-content\/uploads\/2019\/06\/logo-labarraca.png","width":2917,"height":1809,"caption":"La Barraca 1912 Alimentacion"},"image":{"@id":"https:\/\/labarraca1912.es\/#\/schema\/logo\/image\/"}}]}},"_links":{"self":[{"href":"https:\/\/labarraca1912.es\/fr\/wp-json\/wp\/v2\/product\/151","targetHints":{"allow":["GET"]}}],"collection":[{"href":"https:\/\/labarraca1912.es\/fr\/wp-json\/wp\/v2\/product"}],"about":[{"href":"https:\/\/labarraca1912.es\/fr\/wp-json\/wp\/v2\/types\/product"}],"replies":[{"embeddable":true,"href":"https:\/\/labarraca1912.es\/fr\/wp-json\/wp\/v2\/comments?post=151"}],"wp:featuredmedia":[{"embeddable":true,"href":"https:\/\/labarraca1912.es\/fr\/wp-json\/wp\/v2\/media\/152"}],"wp:attachment":[{"href":"https:\/\/labarraca1912.es\/fr\/wp-json\/wp\/v2\/media?parent=151"}],"wp:term":[{"taxonomy":"product_brand","embeddable":true,"href":"https:\/\/labarraca1912.es\/fr\/wp-json\/wp\/v2\/product_brand?post=151"},{"taxonomy":"product_cat","embeddable":true,"href":"https:\/\/labarraca1912.es\/fr\/wp-json\/wp\/v2\/product_cat?post=151"},{"taxonomy":"product_tag","embeddable":true,"href":"https:\/\/labarraca1912.es\/fr\/wp-json\/wp\/v2\/product_tag?post=151"}],"curies":[{"name":"wp","href":"https:\/\/api.w.org\/{rel}","templated":true}]}}