{"id":153,"date":"2019-06-28T14:43:22","date_gmt":"2019-06-28T12:43:22","guid":{"rendered":"https:\/\/labarraca1912.es\/?post_type=product&#038;p=153"},"modified":"2026-03-09T11:06:08","modified_gmt":"2026-03-09T10:06:08","slug":"te-rojo-con-frutas-piramite","status":"publish","type":"product","link":"https:\/\/labarraca1912.es\/fr\/tienda\/infusiones\/te-rojo-con-frutas-piramite\/","title":{"rendered":"PiramiT\u00e9 Th\u00e9 Rouge aux Fruits"},"content":{"rendered":"<p>PIRAMIT\u00c9 &#8211; T\u00c9 ROJO CON FRUTAS: Sabor y aroma natural en una exclusiva colecci\u00f3n de infusiones, envasadas en bolsitas piramidales para que disfrutes sorbo a sorbo del aut\u00e9ntico sabor de las infusiones de La Barraca. Una gama de infusiones como nunca la hab\u00edas visto.<\/p>\n<p><strong>Th\u00e9 Rouge aux Fruits:<\/strong> Fabriqu\u00e9 avec un m\u00e9lange de diff\u00e9rents th\u00e9s avec des fruits comme la fraise, le kiwi ou l'ananas, qui, combin\u00e9s, conf\u00e8rent \u00e0 cette infusion une saveur et un ar\u00f4me particuliers.<\/p>","protected":false},"excerpt":{"rendered":"<blockquote>\n<h2><strong>PiramiT\u00e9<\/strong>\u00a0Th\u00e9 Rouge aux Fruits<\/h2>\n<\/blockquote>\n<p>Saveur et ar\u00f4me naturels dans une collection exclusive d'infusions, conditionn\u00e9es dans des sachets pyramidaux pour que vous puissiez profiter gorg\u00e9e par gorg\u00e9e de la saveur authentique des infusions La Barraca. Une gamme d'infusions comme vous n'en avez jamais vue auparavant.<\/p>\n<p>Le Th\u00e9 Rouge aux Fruits est compos\u00e9 d'un m\u00e9lange de diff\u00e9rents th\u00e9s avec des fruits comme la fraise, le kiwi ou l'ananas, qui, combin\u00e9s, conf\u00e8rent \u00e0 cette infusion une saveur et un ar\u00f4me particuliers.<\/p>\n<p><em><strong>Ingr\u00e9dients:<\/strong> <\/em>Th\u00e9 rouge (80%), th\u00e9 vert, kiwi, fraise, hibiscus, ananas, cynorhodon et ar\u00f4me.<\/p>","protected":false},"featured_media":154,"comment_status":"open","ping_status":"closed","template":"","meta":{"_et_pb_use_builder":"","_et_pb_old_content":"","_et_gb_content_width":""},"product_brand":[],"product_cat":[20],"product_tag":[58,42,56,52,57,54,53,55],"class_list":{"0":"post-153","1":"product","2":"type-product","3":"status-publish","4":"has-post-thumbnail","6":"product_cat-infusiones","7":"product_tag-canela","8":"product_tag-edulcorante","9":"product_tag-frutosrojos","10":"product_tag-infusiones","11":"product_tag-manzanilla","12":"product_tag-rooibos","13":"product_tag-te","14":"product_tag-teverde","16":"first","17":"instock","18":"taxable","19":"shipping-taxable","20":"purchasable","21":"product-type-simple"},"yoast_head":"<!-- This site is optimized with the Yoast SEO plugin v27.5 - https:\/\/yoast.com\/product\/yoast-seo-wordpress\/ -->\n<title>Comprar T\u00e9 Rojo con Frutas de PiramiT\u00e9 | La Barraca<\/title>\n<meta name=\"description\" content=\"Comprar T\u00e9 Rojo con Frutas de PiramiT\u00e9 en bolsitas piramidales de alta calidad. Mezcla de t\u00e9s con fresa, kiwi y pi\u00f1a para una infusi\u00f3n con sabor y aroma especial.\" \/>\n<meta name=\"robots\" content=\"index, follow, max-snippet:-1, max-image-preview:large, max-video-preview:-1\" \/>\n<link rel=\"canonical\" href=\"https:\/\/labarraca1912.es\/fr\/tienda\/infusiones\/te-rojo-con-frutas-piramite\/\" \/>\n<meta property=\"og:locale\" content=\"fr_FR\" \/>\n<meta property=\"og:type\" content=\"article\" \/>\n<meta property=\"og:title\" content=\"Comprar T\u00e9 Rojo con Frutas de PiramiT\u00e9 | La Barraca\" \/>\n<meta property=\"og:description\" content=\"Comprar T\u00e9 Rojo con Frutas de PiramiT\u00e9 en bolsitas piramidales de alta calidad. Mezcla de t\u00e9s con fresa, kiwi y pi\u00f1a para una infusi\u00f3n con sabor y aroma especial.\" \/>\n<meta property=\"og:url\" content=\"https:\/\/labarraca1912.es\/fr\/tienda\/infusiones\/te-rojo-con-frutas-piramite\/\" \/>\n<meta property=\"og:site_name\" content=\"La Barraca\" \/>\n<meta property=\"article:modified_time\" content=\"2026-03-09T10:06:08+00:00\" \/>\n<meta property=\"og:image\" content=\"https:\/\/labarraca1912.es\/wp-content\/uploads\/2019\/06\/terojofrutas.jpg\" \/>\n\t<meta property=\"og:image:width\" content=\"800\" \/>\n\t<meta property=\"og:image:height\" content=\"800\" \/>\n\t<meta property=\"og:image:type\" content=\"image\/jpeg\" \/>\n<meta name=\"twitter:card\" content=\"summary_large_image\" \/>\n<meta name=\"twitter:label1\" content=\"Dur\u00e9e de lecture estim\u00e9e\" \/>\n\t<meta name=\"twitter:data1\" content=\"1 minute\" \/>\n<script type=\"application\/ld+json\" class=\"yoast-schema-graph\">{\"@context\":\"https:\\\/\\\/schema.org\",\"@graph\":[{\"@type\":\"WebPage\",\"@id\":\"https:\\\/\\\/labarraca1912.es\\\/tienda\\\/infusiones\\\/te-rojo-con-frutas-piramite\\\/\",\"url\":\"https:\\\/\\\/labarraca1912.es\\\/tienda\\\/infusiones\\\/te-rojo-con-frutas-piramite\\\/\",\"name\":\"Comprar T\u00e9 Rojo con Frutas de PiramiT\u00e9 | La Barraca\",\"isPartOf\":{\"@id\":\"https:\\\/\\\/labarraca1912.es\\\/#website\"},\"primaryImageOfPage\":{\"@id\":\"https:\\\/\\\/labarraca1912.es\\\/tienda\\\/infusiones\\\/te-rojo-con-frutas-piramite\\\/#primaryimage\"},\"image\":{\"@id\":\"https:\\\/\\\/labarraca1912.es\\\/tienda\\\/infusiones\\\/te-rojo-con-frutas-piramite\\\/#primaryimage\"},\"thumbnailUrl\":\"https:\\\/\\\/labarraca1912.es\\\/wp-content\\\/uploads\\\/2019\\\/06\\\/terojofrutas.jpg\",\"datePublished\":\"2019-06-28T12:43:22+00:00\",\"dateModified\":\"2026-03-09T10:06:08+00:00\",\"description\":\"Comprar T\u00e9 Rojo con Frutas de PiramiT\u00e9 en bolsitas piramidales de alta calidad. Mezcla de t\u00e9s con fresa, kiwi y pi\u00f1a para una infusi\u00f3n con sabor y aroma especial.\",\"breadcrumb\":{\"@id\":\"https:\\\/\\\/labarraca1912.es\\\/tienda\\\/infusiones\\\/te-rojo-con-frutas-piramite\\\/#breadcrumb\"},\"inLanguage\":\"fr-FR\",\"potentialAction\":[{\"@type\":\"ReadAction\",\"target\":[\"https:\\\/\\\/labarraca1912.es\\\/tienda\\\/infusiones\\\/te-rojo-con-frutas-piramite\\\/\"]}]},{\"@type\":\"ImageObject\",\"inLanguage\":\"fr-FR\",\"@id\":\"https:\\\/\\\/labarraca1912.es\\\/tienda\\\/infusiones\\\/te-rojo-con-frutas-piramite\\\/#primaryimage\",\"url\":\"https:\\\/\\\/labarraca1912.es\\\/wp-content\\\/uploads\\\/2019\\\/06\\\/terojofrutas.jpg\",\"contentUrl\":\"https:\\\/\\\/labarraca1912.es\\\/wp-content\\\/uploads\\\/2019\\\/06\\\/terojofrutas.jpg\",\"width\":800,\"height\":800},{\"@type\":\"BreadcrumbList\",\"@id\":\"https:\\\/\\\/labarraca1912.es\\\/tienda\\\/infusiones\\\/te-rojo-con-frutas-piramite\\\/#breadcrumb\",\"itemListElement\":[{\"@type\":\"ListItem\",\"position\":1,\"name\":\"La Barraca\",\"item\":\"https:\\\/\\\/labarraca1912.es\\\/\"},{\"@type\":\"ListItem\",\"position\":2,\"name\":\"Tienda\",\"item\":\"https:\\\/\\\/labarraca1912.es\\\/tienda\\\/\"},{\"@type\":\"ListItem\",\"position\":3,\"name\":\"PiramiT\u00e9 T\u00e9 Rojo con Frutas\"}]},{\"@type\":\"WebSite\",\"@id\":\"https:\\\/\\\/labarraca1912.es\\\/#website\",\"url\":\"https:\\\/\\\/labarraca1912.es\\\/\",\"name\":\"La Barraca\",\"description\":\"La Casa del Sabor\",\"publisher\":{\"@id\":\"https:\\\/\\\/labarraca1912.es\\\/#organization\"},\"potentialAction\":[{\"@type\":\"SearchAction\",\"target\":{\"@type\":\"EntryPoint\",\"urlTemplate\":\"https:\\\/\\\/labarraca1912.es\\\/?s={search_term_string}\"},\"query-input\":{\"@type\":\"PropertyValueSpecification\",\"valueRequired\":true,\"valueName\":\"search_term_string\"}}],\"inLanguage\":\"fr-FR\"},{\"@type\":\"Organization\",\"@id\":\"https:\\\/\\\/labarraca1912.es\\\/#organization\",\"name\":\"La Barraca 1912 Alimentacion\",\"url\":\"https:\\\/\\\/labarraca1912.es\\\/\",\"logo\":{\"@type\":\"ImageObject\",\"inLanguage\":\"fr-FR\",\"@id\":\"https:\\\/\\\/labarraca1912.es\\\/#\\\/schema\\\/logo\\\/image\\\/\",\"url\":\"https:\\\/\\\/labarraca1912.es\\\/wp-content\\\/uploads\\\/2019\\\/06\\\/logo-labarraca.png\",\"contentUrl\":\"https:\\\/\\\/labarraca1912.es\\\/wp-content\\\/uploads\\\/2019\\\/06\\\/logo-labarraca.png\",\"width\":2917,\"height\":1809,\"caption\":\"La Barraca 1912 Alimentacion\"},\"image\":{\"@id\":\"https:\\\/\\\/labarraca1912.es\\\/#\\\/schema\\\/logo\\\/image\\\/\"}}]}<\/script>\n<!-- \/ Yoast SEO plugin. -->","yoast_head_json":{"title":"Comprar T\u00e9 Rojo con Frutas de PiramiT\u00e9 | La Barraca","description":"Comprar T\u00e9 Rojo con Frutas de PiramiT\u00e9 en bolsitas piramidales de alta calidad. Mezcla de t\u00e9s con fresa, kiwi y pi\u00f1a para una infusi\u00f3n con sabor y aroma especial.","robots":{"index":"index","follow":"follow","max-snippet":"max-snippet:-1","max-image-preview":"max-image-preview:large","max-video-preview":"max-video-preview:-1"},"canonical":"https:\/\/labarraca1912.es\/fr\/tienda\/infusiones\/te-rojo-con-frutas-piramite\/","og_locale":"fr_FR","og_type":"article","og_title":"Comprar T\u00e9 Rojo con Frutas de PiramiT\u00e9 | La Barraca","og_description":"Comprar T\u00e9 Rojo con Frutas de PiramiT\u00e9 en bolsitas piramidales de alta calidad. Mezcla de t\u00e9s con fresa, kiwi y pi\u00f1a para una infusi\u00f3n con sabor y aroma especial.","og_url":"https:\/\/labarraca1912.es\/fr\/tienda\/infusiones\/te-rojo-con-frutas-piramite\/","og_site_name":"La Barraca","article_modified_time":"2026-03-09T10:06:08+00:00","og_image":[{"width":800,"height":800,"url":"https:\/\/labarraca1912.es\/wp-content\/uploads\/2019\/06\/terojofrutas.jpg","type":"image\/jpeg"}],"twitter_card":"summary_large_image","twitter_misc":{"Dur\u00e9e de lecture estim\u00e9e":"1 minute"},"schema":{"@context":"https:\/\/schema.org","@graph":[{"@type":"WebPage","@id":"https:\/\/labarraca1912.es\/tienda\/infusiones\/te-rojo-con-frutas-piramite\/","url":"https:\/\/labarraca1912.es\/tienda\/infusiones\/te-rojo-con-frutas-piramite\/","name":"Comprar T\u00e9 Rojo con Frutas de PiramiT\u00e9 | La Barraca","isPartOf":{"@id":"https:\/\/labarraca1912.es\/#website"},"primaryImageOfPage":{"@id":"https:\/\/labarraca1912.es\/tienda\/infusiones\/te-rojo-con-frutas-piramite\/#primaryimage"},"image":{"@id":"https:\/\/labarraca1912.es\/tienda\/infusiones\/te-rojo-con-frutas-piramite\/#primaryimage"},"thumbnailUrl":"https:\/\/labarraca1912.es\/wp-content\/uploads\/2019\/06\/terojofrutas.jpg","datePublished":"2019-06-28T12:43:22+00:00","dateModified":"2026-03-09T10:06:08+00:00","description":"Comprar T\u00e9 Rojo con Frutas de PiramiT\u00e9 en bolsitas piramidales de alta calidad. Mezcla de t\u00e9s con fresa, kiwi y pi\u00f1a para una infusi\u00f3n con sabor y aroma especial.","breadcrumb":{"@id":"https:\/\/labarraca1912.es\/tienda\/infusiones\/te-rojo-con-frutas-piramite\/#breadcrumb"},"inLanguage":"fr-FR","potentialAction":[{"@type":"ReadAction","target":["https:\/\/labarraca1912.es\/tienda\/infusiones\/te-rojo-con-frutas-piramite\/"]}]},{"@type":"ImageObject","inLanguage":"fr-FR","@id":"https:\/\/labarraca1912.es\/tienda\/infusiones\/te-rojo-con-frutas-piramite\/#primaryimage","url":"https:\/\/labarraca1912.es\/wp-content\/uploads\/2019\/06\/terojofrutas.jpg","contentUrl":"https:\/\/labarraca1912.es\/wp-content\/uploads\/2019\/06\/terojofrutas.jpg","width":800,"height":800},{"@type":"BreadcrumbList","@id":"https:\/\/labarraca1912.es\/tienda\/infusiones\/te-rojo-con-frutas-piramite\/#breadcrumb","itemListElement":[{"@type":"ListItem","position":1,"name":"La Barraca","item":"https:\/\/labarraca1912.es\/"},{"@type":"ListItem","position":2,"name":"Tienda","item":"https:\/\/labarraca1912.es\/tienda\/"},{"@type":"ListItem","position":3,"name":"PiramiT\u00e9 T\u00e9 Rojo con Frutas"}]},{"@type":"WebSite","@id":"https:\/\/labarraca1912.es\/#website","url":"https:\/\/labarraca1912.es\/","name":"La Barraca","description":"La Casa del Sabor","publisher":{"@id":"https:\/\/labarraca1912.es\/#organization"},"potentialAction":[{"@type":"SearchAction","target":{"@type":"EntryPoint","urlTemplate":"https:\/\/labarraca1912.es\/?s={search_term_string}"},"query-input":{"@type":"PropertyValueSpecification","valueRequired":true,"valueName":"search_term_string"}}],"inLanguage":"fr-FR"},{"@type":"Organization","@id":"https:\/\/labarraca1912.es\/#organization","name":"La Barraca 1912 Alimentacion","url":"https:\/\/labarraca1912.es\/","logo":{"@type":"ImageObject","inLanguage":"fr-FR","@id":"https:\/\/labarraca1912.es\/#\/schema\/logo\/image\/","url":"https:\/\/labarraca1912.es\/wp-content\/uploads\/2019\/06\/logo-labarraca.png","contentUrl":"https:\/\/labarraca1912.es\/wp-content\/uploads\/2019\/06\/logo-labarraca.png","width":2917,"height":1809,"caption":"La Barraca 1912 Alimentacion"},"image":{"@id":"https:\/\/labarraca1912.es\/#\/schema\/logo\/image\/"}}]}},"_links":{"self":[{"href":"https:\/\/labarraca1912.es\/fr\/wp-json\/wp\/v2\/product\/153","targetHints":{"allow":["GET"]}}],"collection":[{"href":"https:\/\/labarraca1912.es\/fr\/wp-json\/wp\/v2\/product"}],"about":[{"href":"https:\/\/labarraca1912.es\/fr\/wp-json\/wp\/v2\/types\/product"}],"replies":[{"embeddable":true,"href":"https:\/\/labarraca1912.es\/fr\/wp-json\/wp\/v2\/comments?post=153"}],"wp:featuredmedia":[{"embeddable":true,"href":"https:\/\/labarraca1912.es\/fr\/wp-json\/wp\/v2\/media\/154"}],"wp:attachment":[{"href":"https:\/\/labarraca1912.es\/fr\/wp-json\/wp\/v2\/media?parent=153"}],"wp:term":[{"taxonomy":"product_brand","embeddable":true,"href":"https:\/\/labarraca1912.es\/fr\/wp-json\/wp\/v2\/product_brand?post=153"},{"taxonomy":"product_cat","embeddable":true,"href":"https:\/\/labarraca1912.es\/fr\/wp-json\/wp\/v2\/product_cat?post=153"},{"taxonomy":"product_tag","embeddable":true,"href":"https:\/\/labarraca1912.es\/fr\/wp-json\/wp\/v2\/product_tag?post=153"}],"curies":[{"name":"wp","href":"https:\/\/api.w.org\/{rel}","templated":true}]}}