{"id":160,"date":"2019-07-02T08:20:57","date_gmt":"2019-07-02T06:20:57","guid":{"rendered":"https:\/\/labarraca1912.es\/?post_type=product&#038;p=160"},"modified":"2026-04-22T11:48:26","modified_gmt":"2026-04-22T09:48:26","slug":"hierbas-naturales-cassia-angustifolia","status":"publish","type":"product","link":"https:\/\/labarraca1912.es\/fr\/tienda\/infusiones\/hierbas-naturales-cassia-angustifolia\/","title":{"rendered":"Hierbas Naturales \u00abCassia Angustifolia\u00bb"},"content":{"rendered":"<p>INFUSIONES NATURALES &#8211; HIERBAS NATURALES: Sabor y aroma natural en una exclusiva colecci\u00f3n de infusiones, envasadas en un pr\u00e1ctico formato de 10 bolsitas de infusi\u00f3n por cajita para que disfrutes sorbo a sorbo del aut\u00e9ntico sabor de las infusiones de La Barraca. Una gama de infusiones como nunca la hab\u00edas visto.<\/p>\n<p><strong>Herbes Naturelles:<\/strong> Infusion naturelle \u00e0 base de 50% de feuilles de s\u00e9n\u00e9 et 50% de fruits de s\u00e9n\u00e9 (Cassia angustifolia), aux propri\u00e9t\u00e9s laxatives. L'utilisation d'un laxatif de ce type n'est indiqu\u00e9e qu'en cas de constipation occasionnelle, toujours sous la surveillance d'un professionnel et son utilisation pendant plus d'une semaine est d\u00e9conseill\u00e9e. Il est d\u00e9conseill\u00e9 pendant la grossesse et les r\u00e8gles.<\/p>","protected":false},"excerpt":{"rendered":"<blockquote>\n<h2><strong>Tisanes<\/strong>\u00a0Herbes Naturelles<\/h2>\n<\/blockquote>\n<p>Saveur et ar\u00f4me naturels dans une collection exclusive d'infusions, conditionn\u00e9es dans un format pratique de 10 sachets d'infusion par bo\u00eete pour que vous puissiez profiter gorg\u00e9e par gorg\u00e9e de la saveur authentique des infusions La Barraca. Une gamme d'infusions comme vous n'en avez jamais vue auparavant.<\/p>\n<p>Bo\u00eete de 10 Tisanes de Herbes Naturelles.<\/p>\n<p><em><strong>Ingr\u00e9dients:<\/strong><\/em> Feuilles de Sen (50 %) et follicules de Sen (50 %).<\/p>\n<p><em><strong>Recommandations d'utilisation: <\/strong><\/em>Ne prenez pas plus d'un sac filtrant par jour. Consultez votre m\u00e9decin si vous \u00eates enceinte ou si vous allaitez. Ne pas administrer aux enfants de moins de 12 ans. Ne pas utiliser de mani\u00e8re prolong\u00e9e sans l'avis d'un sp\u00e9cialiste.<\/p>","protected":false},"featured_media":161,"comment_status":"open","ping_status":"closed","template":"","meta":{"_et_pb_use_builder":"","_et_pb_old_content":"","_et_gb_content_width":""},"product_brand":[],"product_cat":[20],"product_tag":[196,110,61,52,195,57,60,53],"class_list":{"0":"post-160","1":"product","2":"type-product","3":"status-publish","4":"has-post-thumbnail","6":"product_cat-infusiones","7":"product_tag-angustifolia","8":"product_tag-cassia","9":"product_tag-hierbasnaturales","10":"product_tag-infusiones","11":"product_tag-laxante","12":"product_tag-manzanilla","13":"product_tag-sen","14":"product_tag-te","16":"first","17":"instock","18":"taxable","19":"shipping-taxable","20":"purchasable","21":"product-type-simple"},"yoast_head":"<!-- This site is optimized with the Yoast SEO plugin v27.4 - https:\/\/yoast.com\/product\/yoast-seo-wordpress\/ -->\n<title>Comprar Hierbas Naturales Cassia Angustifolia | La Barraca<\/title>\n<meta name=\"description\" content=\"Comprar Hierbas Naturales Cassia Angustifolia de La Barraca en caja de 10 bolsitas. Infusi\u00f3n a base de hojas y fol\u00edculos de sen, ideal para un uso puntual y controlado.\" \/>\n<meta name=\"robots\" content=\"index, follow, max-snippet:-1, max-image-preview:large, max-video-preview:-1\" \/>\n<link rel=\"canonical\" href=\"https:\/\/labarraca1912.es\/fr\/tienda\/infusiones\/hierbas-naturales-cassia-angustifolia\/\" \/>\n<meta property=\"og:locale\" content=\"fr_FR\" \/>\n<meta property=\"og:type\" content=\"article\" \/>\n<meta property=\"og:title\" content=\"Comprar Hierbas Naturales Cassia Angustifolia | La Barraca\" \/>\n<meta property=\"og:description\" content=\"Comprar Hierbas Naturales Cassia Angustifolia de La Barraca en caja de 10 bolsitas. Infusi\u00f3n a base de hojas y fol\u00edculos de sen, ideal para un uso puntual y controlado.\" \/>\n<meta property=\"og:url\" content=\"https:\/\/labarraca1912.es\/fr\/tienda\/infusiones\/hierbas-naturales-cassia-angustifolia\/\" \/>\n<meta property=\"og:site_name\" content=\"La Barraca\" \/>\n<meta property=\"article:modified_time\" content=\"2026-04-22T09:48:26+00:00\" \/>\n<meta property=\"og:image\" content=\"https:\/\/labarraca1912.es\/wp-content\/uploads\/2019\/07\/HierbasNaturales.jpg\" \/>\n\t<meta property=\"og:image:width\" content=\"800\" \/>\n\t<meta property=\"og:image:height\" content=\"800\" \/>\n\t<meta property=\"og:image:type\" content=\"image\/jpeg\" \/>\n<meta name=\"twitter:card\" content=\"summary_large_image\" \/>\n<meta name=\"twitter:label1\" content=\"Dur\u00e9e de lecture estim\u00e9e\" \/>\n\t<meta name=\"twitter:data1\" content=\"1 minute\" \/>\n<script type=\"application\/ld+json\" class=\"yoast-schema-graph\">{\"@context\":\"https:\\\/\\\/schema.org\",\"@graph\":[{\"@type\":\"WebPage\",\"@id\":\"https:\\\/\\\/labarraca1912.es\\\/tienda\\\/infusiones\\\/hierbas-naturales-cassia-angustifolia\\\/\",\"url\":\"https:\\\/\\\/labarraca1912.es\\\/tienda\\\/infusiones\\\/hierbas-naturales-cassia-angustifolia\\\/\",\"name\":\"Comprar Hierbas Naturales Cassia Angustifolia | La Barraca\",\"isPartOf\":{\"@id\":\"https:\\\/\\\/labarraca1912.es\\\/#website\"},\"primaryImageOfPage\":{\"@id\":\"https:\\\/\\\/labarraca1912.es\\\/tienda\\\/infusiones\\\/hierbas-naturales-cassia-angustifolia\\\/#primaryimage\"},\"image\":{\"@id\":\"https:\\\/\\\/labarraca1912.es\\\/tienda\\\/infusiones\\\/hierbas-naturales-cassia-angustifolia\\\/#primaryimage\"},\"thumbnailUrl\":\"https:\\\/\\\/labarraca1912.es\\\/wp-content\\\/uploads\\\/2019\\\/07\\\/HierbasNaturales.jpg\",\"datePublished\":\"2019-07-02T06:20:57+00:00\",\"dateModified\":\"2026-04-22T09:48:26+00:00\",\"description\":\"Comprar Hierbas Naturales Cassia Angustifolia de La Barraca en caja de 10 bolsitas. Infusi\u00f3n a base de hojas y fol\u00edculos de sen, ideal para un uso puntual y controlado.\",\"breadcrumb\":{\"@id\":\"https:\\\/\\\/labarraca1912.es\\\/tienda\\\/infusiones\\\/hierbas-naturales-cassia-angustifolia\\\/#breadcrumb\"},\"inLanguage\":\"fr-FR\",\"potentialAction\":[{\"@type\":\"ReadAction\",\"target\":[\"https:\\\/\\\/labarraca1912.es\\\/tienda\\\/infusiones\\\/hierbas-naturales-cassia-angustifolia\\\/\"]}]},{\"@type\":\"ImageObject\",\"inLanguage\":\"fr-FR\",\"@id\":\"https:\\\/\\\/labarraca1912.es\\\/tienda\\\/infusiones\\\/hierbas-naturales-cassia-angustifolia\\\/#primaryimage\",\"url\":\"https:\\\/\\\/labarraca1912.es\\\/wp-content\\\/uploads\\\/2019\\\/07\\\/HierbasNaturales.jpg\",\"contentUrl\":\"https:\\\/\\\/labarraca1912.es\\\/wp-content\\\/uploads\\\/2019\\\/07\\\/HierbasNaturales.jpg\",\"width\":800,\"height\":800},{\"@type\":\"BreadcrumbList\",\"@id\":\"https:\\\/\\\/labarraca1912.es\\\/tienda\\\/infusiones\\\/hierbas-naturales-cassia-angustifolia\\\/#breadcrumb\",\"itemListElement\":[{\"@type\":\"ListItem\",\"position\":1,\"name\":\"La Barraca\",\"item\":\"https:\\\/\\\/labarraca1912.es\\\/\"},{\"@type\":\"ListItem\",\"position\":2,\"name\":\"Tienda\",\"item\":\"https:\\\/\\\/labarraca1912.es\\\/tienda\\\/\"},{\"@type\":\"ListItem\",\"position\":3,\"name\":\"Hierbas Naturales \u00abCassia Angustifolia\u00bb\"}]},{\"@type\":\"WebSite\",\"@id\":\"https:\\\/\\\/labarraca1912.es\\\/#website\",\"url\":\"https:\\\/\\\/labarraca1912.es\\\/\",\"name\":\"La Barraca\",\"description\":\"La Casa del Sabor\",\"publisher\":{\"@id\":\"https:\\\/\\\/labarraca1912.es\\\/#organization\"},\"potentialAction\":[{\"@type\":\"SearchAction\",\"target\":{\"@type\":\"EntryPoint\",\"urlTemplate\":\"https:\\\/\\\/labarraca1912.es\\\/?s={search_term_string}\"},\"query-input\":{\"@type\":\"PropertyValueSpecification\",\"valueRequired\":true,\"valueName\":\"search_term_string\"}}],\"inLanguage\":\"fr-FR\"},{\"@type\":\"Organization\",\"@id\":\"https:\\\/\\\/labarraca1912.es\\\/#organization\",\"name\":\"La Barraca 1912 Alimentacion\",\"url\":\"https:\\\/\\\/labarraca1912.es\\\/\",\"logo\":{\"@type\":\"ImageObject\",\"inLanguage\":\"fr-FR\",\"@id\":\"https:\\\/\\\/labarraca1912.es\\\/#\\\/schema\\\/logo\\\/image\\\/\",\"url\":\"https:\\\/\\\/labarraca1912.es\\\/wp-content\\\/uploads\\\/2019\\\/06\\\/logo-labarraca.png\",\"contentUrl\":\"https:\\\/\\\/labarraca1912.es\\\/wp-content\\\/uploads\\\/2019\\\/06\\\/logo-labarraca.png\",\"width\":2917,\"height\":1809,\"caption\":\"La Barraca 1912 Alimentacion\"},\"image\":{\"@id\":\"https:\\\/\\\/labarraca1912.es\\\/#\\\/schema\\\/logo\\\/image\\\/\"}}]}<\/script>\n<!-- \/ Yoast SEO plugin. -->","yoast_head_json":{"title":"Comprar Hierbas Naturales Cassia Angustifolia | La Barraca","description":"Comprar Hierbas Naturales Cassia Angustifolia de La Barraca en caja de 10 bolsitas. Infusi\u00f3n a base de hojas y fol\u00edculos de sen, ideal para un uso puntual y controlado.","robots":{"index":"index","follow":"follow","max-snippet":"max-snippet:-1","max-image-preview":"max-image-preview:large","max-video-preview":"max-video-preview:-1"},"canonical":"https:\/\/labarraca1912.es\/fr\/tienda\/infusiones\/hierbas-naturales-cassia-angustifolia\/","og_locale":"fr_FR","og_type":"article","og_title":"Comprar Hierbas Naturales Cassia Angustifolia | La Barraca","og_description":"Comprar Hierbas Naturales Cassia Angustifolia de La Barraca en caja de 10 bolsitas. Infusi\u00f3n a base de hojas y fol\u00edculos de sen, ideal para un uso puntual y controlado.","og_url":"https:\/\/labarraca1912.es\/fr\/tienda\/infusiones\/hierbas-naturales-cassia-angustifolia\/","og_site_name":"La Barraca","article_modified_time":"2026-04-22T09:48:26+00:00","og_image":[{"width":800,"height":800,"url":"https:\/\/labarraca1912.es\/wp-content\/uploads\/2019\/07\/HierbasNaturales.jpg","type":"image\/jpeg"}],"twitter_card":"summary_large_image","twitter_misc":{"Dur\u00e9e de lecture estim\u00e9e":"1 minute"},"schema":{"@context":"https:\/\/schema.org","@graph":[{"@type":"WebPage","@id":"https:\/\/labarraca1912.es\/tienda\/infusiones\/hierbas-naturales-cassia-angustifolia\/","url":"https:\/\/labarraca1912.es\/tienda\/infusiones\/hierbas-naturales-cassia-angustifolia\/","name":"Comprar Hierbas Naturales Cassia Angustifolia | La Barraca","isPartOf":{"@id":"https:\/\/labarraca1912.es\/#website"},"primaryImageOfPage":{"@id":"https:\/\/labarraca1912.es\/tienda\/infusiones\/hierbas-naturales-cassia-angustifolia\/#primaryimage"},"image":{"@id":"https:\/\/labarraca1912.es\/tienda\/infusiones\/hierbas-naturales-cassia-angustifolia\/#primaryimage"},"thumbnailUrl":"https:\/\/labarraca1912.es\/wp-content\/uploads\/2019\/07\/HierbasNaturales.jpg","datePublished":"2019-07-02T06:20:57+00:00","dateModified":"2026-04-22T09:48:26+00:00","description":"Comprar Hierbas Naturales Cassia Angustifolia de La Barraca en caja de 10 bolsitas. Infusi\u00f3n a base de hojas y fol\u00edculos de sen, ideal para un uso puntual y controlado.","breadcrumb":{"@id":"https:\/\/labarraca1912.es\/tienda\/infusiones\/hierbas-naturales-cassia-angustifolia\/#breadcrumb"},"inLanguage":"fr-FR","potentialAction":[{"@type":"ReadAction","target":["https:\/\/labarraca1912.es\/tienda\/infusiones\/hierbas-naturales-cassia-angustifolia\/"]}]},{"@type":"ImageObject","inLanguage":"fr-FR","@id":"https:\/\/labarraca1912.es\/tienda\/infusiones\/hierbas-naturales-cassia-angustifolia\/#primaryimage","url":"https:\/\/labarraca1912.es\/wp-content\/uploads\/2019\/07\/HierbasNaturales.jpg","contentUrl":"https:\/\/labarraca1912.es\/wp-content\/uploads\/2019\/07\/HierbasNaturales.jpg","width":800,"height":800},{"@type":"BreadcrumbList","@id":"https:\/\/labarraca1912.es\/tienda\/infusiones\/hierbas-naturales-cassia-angustifolia\/#breadcrumb","itemListElement":[{"@type":"ListItem","position":1,"name":"La Barraca","item":"https:\/\/labarraca1912.es\/"},{"@type":"ListItem","position":2,"name":"Tienda","item":"https:\/\/labarraca1912.es\/tienda\/"},{"@type":"ListItem","position":3,"name":"Hierbas Naturales \u00abCassia Angustifolia\u00bb"}]},{"@type":"WebSite","@id":"https:\/\/labarraca1912.es\/#website","url":"https:\/\/labarraca1912.es\/","name":"La Barraca","description":"La Casa del Sabor","publisher":{"@id":"https:\/\/labarraca1912.es\/#organization"},"potentialAction":[{"@type":"SearchAction","target":{"@type":"EntryPoint","urlTemplate":"https:\/\/labarraca1912.es\/?s={search_term_string}"},"query-input":{"@type":"PropertyValueSpecification","valueRequired":true,"valueName":"search_term_string"}}],"inLanguage":"fr-FR"},{"@type":"Organization","@id":"https:\/\/labarraca1912.es\/#organization","name":"La Barraca 1912 Alimentacion","url":"https:\/\/labarraca1912.es\/","logo":{"@type":"ImageObject","inLanguage":"fr-FR","@id":"https:\/\/labarraca1912.es\/#\/schema\/logo\/image\/","url":"https:\/\/labarraca1912.es\/wp-content\/uploads\/2019\/06\/logo-labarraca.png","contentUrl":"https:\/\/labarraca1912.es\/wp-content\/uploads\/2019\/06\/logo-labarraca.png","width":2917,"height":1809,"caption":"La Barraca 1912 Alimentacion"},"image":{"@id":"https:\/\/labarraca1912.es\/#\/schema\/logo\/image\/"}}]}},"_links":{"self":[{"href":"https:\/\/labarraca1912.es\/fr\/wp-json\/wp\/v2\/product\/160","targetHints":{"allow":["GET"]}}],"collection":[{"href":"https:\/\/labarraca1912.es\/fr\/wp-json\/wp\/v2\/product"}],"about":[{"href":"https:\/\/labarraca1912.es\/fr\/wp-json\/wp\/v2\/types\/product"}],"replies":[{"embeddable":true,"href":"https:\/\/labarraca1912.es\/fr\/wp-json\/wp\/v2\/comments?post=160"}],"wp:featuredmedia":[{"embeddable":true,"href":"https:\/\/labarraca1912.es\/fr\/wp-json\/wp\/v2\/media\/161"}],"wp:attachment":[{"href":"https:\/\/labarraca1912.es\/fr\/wp-json\/wp\/v2\/media?parent=160"}],"wp:term":[{"taxonomy":"product_brand","embeddable":true,"href":"https:\/\/labarraca1912.es\/fr\/wp-json\/wp\/v2\/product_brand?post=160"},{"taxonomy":"product_cat","embeddable":true,"href":"https:\/\/labarraca1912.es\/fr\/wp-json\/wp\/v2\/product_cat?post=160"},{"taxonomy":"product_tag","embeddable":true,"href":"https:\/\/labarraca1912.es\/fr\/wp-json\/wp\/v2\/product_tag?post=160"}],"curies":[{"name":"wp","href":"https:\/\/api.w.org\/{rel}","templated":true}]}}